{"id":9452,"date":"2022-04-11T12:20:46","date_gmt":"2022-04-11T12:20:46","guid":{"rendered":"http:\/\/www.smartown.ae\/?page_id=9452"},"modified":"2025-08-27T01:11:31","modified_gmt":"2025-08-26T21:11:31","slug":"barcos-de-pesca","status":"publish","type":"page","link":"https:\/\/www.smartown.ae\/pt\/fishing-boats\/","title":{"rendered":"Barcos de Pesca"},"content":{"rendered":"<h1>\n\t\t\tBarcos de pesca e catamar\u00e3s\t<\/h1>\n\t\t\t\t<img decoding=\"async\" src=\"https:\/\/www.smartown.ae\/wp-content\/uploads\/2022\/04\/smartown_wave_icon_white.png\" alt=\"smartown_wave_icon_white\" title=\"smartown_wave_icon_white\" itemprop=\"image\"\/>\n\t\t<h2> Mime sua fam\u00edlia e amigos com luxo e entretenimento<\/h2>\t\t\t\n\t\t\t<h3>Smart Own<\/h3><h3>Maior exportador de barcos de pesca e catamar\u00e3s para o mundo<\/h3>\t\t\n\t\t\t\t<img decoding=\"async\" src=\"https:\/\/www.smartown.ae\/wp-content\/uploads\/2022\/04\/smartown_wave_icon_blue.png\" alt=\"smartown_wave_icon_blue\" title=\"smartown_wave_icon_blue\" itemprop=\"image\"\/>\n\t\t\t\t<p>A Smart Own pode satisfazer as necessidades de todos os entusiastas da pesca e do mar, desde o pescador recreativo at\u00e9 ao amador \u00e1vido, oferecendo uma vasta gama de cruzeiros de pesca e catamar\u00e3s. Somos um parceiro confi\u00e1vel na ind\u00fastria n\u00e1utica e somos conhecidos por nosso profissionalismo, integridade e um n\u00edvel impec\u00e1vel de atendimento ao cliente.\u200b<\/p>\n<p>Estilo, conforto e praticidade s\u00e3o os par\u00e2metros de design que definiram o sucesso dos nossos cruzeiros familiares e barcos de pesca. Os barcos s\u00e3o constru\u00eddos para cruzeiros de lazer, pesca esportiva e atividades sobre a \u00e1gua, como esqui aqu\u00e1tico, combinando designs avan\u00e7ados de casco, desempenho superior e estilos em evolu\u00e7\u00e3o.\u200b<\/p>\n<p>O sucesso da Smart Own deriva da pr\u00f3spera experi\u00eancia de mais de tr\u00eas d\u00e9cadas de nossos estaleiros na constru\u00e7\u00e3o de embarca\u00e7\u00f5es mar\u00edtimas utilizando tecnologia avan\u00e7ada, engenharia poderosa, design atemporal e habilidade de classe mundial.\u200b<\/p>\n<p>De Dubai, nos Emirados \u00c1rabes Unidos, fornecemos a linha Silver Craft e SilverCat de barcos de pesca e catamar\u00e3s para o mundo.<\/p>\n\t\t\t<h3>Prata Artesanal 36HT<\/h3>\t\t\n\t\t\t\t<img decoding=\"async\" src=\"https:\/\/www.smartown.ae\/wp-content\/uploads\/2022\/04\/smartown_wave_icon_white.png\" alt=\"smartown_wave_icon_white\" title=\"smartown_wave_icon_white\" itemprop=\"image\"\/>\n\t<ul>\n\t\t<li>\t\t\t\t\n\t\t10 Pessoas<\/li><li>\t\t\t\t\n\t\tVelocidade m\u00e1xima de 40 n\u00f3s<\/li>\t<\/ul>\n<p>T\u00e3o poderoso quanto gracioso, o <a href=\"https:\/\/www.smartown.ae\/pt\/silver-craft-36-ht\/\">Prata Artesanal 36HT<\/a> \u00e9 um exemplo perfeito de inova\u00e7\u00e3o. O formato moderno, o estilo inconfund\u00edvel e o amplo espa\u00e7o no piso fazem dele o barco definitivo para se ter. Este barco de capota r\u00edgida \u00e9 constru\u00eddo para pesca, costeira ou em mar aberto. Seu layout geral \u00e9 projetado para manter seu propriet\u00e1rio longe do sol e protegido da chuva, ao mesmo tempo em que oferece vistas panor\u00e2micas do mar.<\/p>\n\t\t\t<a href=\"\/pt\/silver-craft-36-ht\/\" target=\"_self\">\n\t\t\t\t\t\t\tVeja detalhes\n\t\t\t<\/a>\n\t\t\t<h3>Prata Artesanal 36CC<\/h3>\t\t\n\t\t\t\t<img decoding=\"async\" src=\"https:\/\/www.smartown.ae\/wp-content\/uploads\/2022\/04\/smartown_wave_icon_white.png\" alt=\"smartown_wave_icon_white\" title=\"smartown_wave_icon_white\" itemprop=\"image\"\/>\n\t<ul>\n\t\t<li>\t\t\t\t\n\t\t14 Pessoas<\/li><li>\t\t\t\t\n\t\tVelocidade m\u00e1xima de 40 n\u00f3s<\/li>\t<\/ul>\n\tEste barco altamente vers\u00e1til pode ser apreciado por toda a fam\u00edlia. \u00c9 um barco resistente <a href=\"https:\/\/www.smartown.ae\/pt\/silvercat-36-cc\/\">barco de console central completo<\/a> que pode acomodar at\u00e9 14 pessoas em uma grande \u00e1rea de estar.<br \/>\nSeu layout geral \u00e9 pensado para atender tanto atividades de lazer quanto esportivas e oferece uma \u00f3tima experi\u00eancia de navega\u00e7\u00e3o familiar. Com suas quatro hastes no conv\u00e9s e cinco suportes no tee de alum\u00ednio, o barco 36CC \u00e9 perfeito para fan\u00e1ticos por esporte.\n\t\t\t<a href=\"\/pt\/silvercat-36-cc\/\" target=\"_self\">\n\t\t\t\t\t\t\tVeja detalhes\n\t\t\t<\/a>\n\t\t\t<h3>Artesanato de Prata 32WA\u200b<\/h3>\t\t\n\t\t\t\t<img decoding=\"async\" src=\"https:\/\/www.smartown.ae\/wp-content\/uploads\/2022\/04\/smartown_wave_icon_white.png\" alt=\"smartown_wave_icon_white\" title=\"smartown_wave_icon_white\" itemprop=\"image\"\/>\n\t<ul>\n\t\t<li>\t\t\t\t\n\t\t8 pessoas<\/li><li>\t\t\t\t\n\t\tVelocidade m\u00e1xima de 42 n\u00f3s<\/li>\t<\/ul>\n\t<p>Melhor barco de pesca que atende \u00e0s demandas din\u00e2micas do <a href=\"https:\/\/www.smartown.ae\/pt\/silver-craft-32-wa\/\">mercado mar\u00edtimo de lazer de luxo<\/a>. Inspirado pela paix\u00e3o da regi\u00e3o por dias em fam\u00edlia no mar e pesca, o Silver Craft 32WA tem ergonomia incompar\u00e1vel e um design evolu\u00eddo para melhorar a experi\u00eancia geral de cruzeiro. O barco perfeito para um dia ao sol ou para um fim de semana com uma cabine que inclui uma \u00e1rea aberta na proa que se converte em um beliche queen-size, uma cozinha bem equipada e um banheiro de tamanho generoso.<\/p>\n\t\t\t<a href=\"\/pt\/silver-craft-32-wa\/\" target=\"_self\">\n\t\t\t\t\t\t\tVeja detalhes\n\t\t\t<\/a>\n\t\t\t<h3>SilverCat 34CC<\/h3>\t\t\n\t\t\t\t<img decoding=\"async\" src=\"https:\/\/www.smartown.ae\/wp-content\/uploads\/2022\/04\/smartown_wave_icon_white.png\" alt=\"smartown_wave_icon_white\" title=\"smartown_wave_icon_white\" itemprop=\"image\"\/>\n\t<ul>\n\t\t<li>\t\t\t\t\n\t\t10 pessoas (14 opcionais)<\/li><li>\t\t\t\t\n\t\tVelocidade m\u00e1xima de 50 n\u00f3s<\/li>\t<\/ul>\n\t<p>10 pessoas \u2013 Catamar\u00e3 casco duplo. Velocidade e estabilidade sem compromissos. Os barcos de pesca mais desej\u00e1veis, movidos por motores de popa duplos de 300 CV cada.<\/p>\n\t\t\t<a href=\"\/pt\/silvercat-34cc\/\" target=\"_self\">\n\t\t\t\t\t\t\tVeja detalhes\n\t\t\t<\/a>\n\t\t\t<h3>SilverCat 34HT<\/h3>\t\t\n\t\t\t\t<img decoding=\"async\" src=\"https:\/\/www.smartown.ae\/wp-content\/uploads\/2022\/04\/smartown_wave_icon_white.png\" alt=\"smartown_wave_icon_white\" title=\"smartown_wave_icon_white\" itemprop=\"image\"\/>\n\t<ul>\n\t\t<li>\t\t\t\t\n\t\t10 pessoas (14 opcionais)\u200b<\/li><li>\t\t\t\t\n\t\tVelocidade m\u00e1xima de 50 n\u00f3s<\/li>\t<\/ul>\n\t<p>O impressionante SilverCat 34HT apresenta acabamentos excelentes e um casco oce\u00e2nico que foi refinado para o alto mar. Capaz de lidar com algumas das maiores ondas nas \u00e1guas com efici\u00eancia, o imbat\u00edvel SilverCat 34HT \u00e9 equipado com uma capota r\u00edgida de fibra de vidro, que oferece uma grande \u00e1rea de sombra perfeita para entretenimento e diversas aplica\u00e7\u00f5es utilit\u00e1rias.<\/p>\n\t\t\t<a href=\"\/pt\/silvercat-34ht\/\" target=\"_self\">\n\t\t\t\t\t\t\tVeja detalhes\n\t\t\t<\/a>\n\t\t\t<h3>SilverCat 34LUX<\/h3>\t\t\n\t\t\t\t<img decoding=\"async\" src=\"https:\/\/www.smartown.ae\/wp-content\/uploads\/2022\/04\/smartown_wave_icon_white.png\" alt=\"smartown_wave_icon_white\" title=\"smartown_wave_icon_white\" itemprop=\"image\"\/>\n\t<ul>\n\t\t<li>\t\t\t\t\n\t\t12 Pessoas<\/li><li>\t\t\t\t\n\t\tVelocidade m\u00e1xima de 40 n\u00f3s<\/li>\t<\/ul>\n\t<p>Este SilverCat 34LUX multifuncional foi constru\u00eddo como um layout de deck fechado, proporcionando transporte confort\u00e1vel. As \u00e1reas de estar internas e externas s\u00e3o generosas e podem acomodar at\u00e9 12 pessoas. O design avan\u00e7ado do casco, que vem do pedigree do estaleiro na constru\u00e7\u00e3o de catamar\u00e3s de alto desempenho, tamb\u00e9m oferece muito mais op\u00e7\u00f5es de pot\u00eancia do que os catamar\u00e3s convencionais.\u200b<\/p>\n\t\t\t<a href=\"\/pt\/silvercat-34-lux\/\" target=\"_self\">\n\t\t\t\t\t\t\tVeja detalhes\n\t\t\t<\/a>\n\t\t\t<h3>SilverCat 40CC\u200b<\/h3>\t\t\n\t\t\t\t<img decoding=\"async\" src=\"https:\/\/www.smartown.ae\/wp-content\/uploads\/2022\/04\/smartown_wave_icon_white.png\" alt=\"smartown_wave_icon_white\" title=\"smartown_wave_icon_white\" itemprop=\"image\"\/>\n\t<ul>\n\t\t<li>\t\t\t\t\n\t\t12 pessoas (16 opcionais)\u200b<\/li><li>\t\t\t\t\n\t\tVelocidade m\u00e1xima de 50 n\u00f3s<\/li>\t<\/ul>\n\t<p>SilverCat 40CC \u00e9 um dos catamar\u00e3s mais recentes e inovadores, uma nova gera\u00e7\u00e3o de barcos vers\u00e1teis de lazer e pesca. Seguindo os passos do bem-sucedido SilverCat 34CC, o multicasco mede 12 metros da ponta \u00e0 cauda, \u200b\u200bmas tem um deslocamento de apenas 7,9 toneladas. Ela pode acomodar at\u00e9 12 mar\u00edtimos.\u200b<\/p>\n\t\t\t<a href=\"\/pt\/silvercat-40cc\/\" target=\"_self\">\n\t\t\t\t\t\t\tVeja detalhes\n\t\t\t<\/a>\n\t\t\t<h3>SilverCat 40LUX\u200b<\/h3>\t\t\n\t\t\t\t<img decoding=\"async\" src=\"https:\/\/www.smartown.ae\/wp-content\/uploads\/2022\/04\/smartown_wave_icon_white.png\" alt=\"smartown_wave_icon_white\" title=\"smartown_wave_icon_white\" itemprop=\"image\"\/>\n\t<ul>\n\t\t<li>\t\t\t\t\n\t\t15 pessoas<\/li><li>\t\t\t\t\n\t\tVelocidade m\u00e1xima de 40 n\u00f3s<\/li>\t<\/ul>\n\t<p>Com uma quantidade sem precedentes de espa\u00e7o no conv\u00e9s para divers\u00e3o dos passageiros, o SilverCat 40LUX \u00e9 ideal para fam\u00edlias que desejam entreter confortavelmente um grande grupo de convidados. Com muita luz, espa\u00e7o generoso, cozinha totalmente equipada e \u00e1reas de estar na popa, na cabine e na proa fazem dele a escolha perfeita para cruzeiros de f\u00e9rias e de lazer.\u200b<\/p>\n\t\t\t<a href=\"\/pt\/silvercat-40lux\/\" target=\"_self\">\n\t\t\t\t\t\t\tVeja detalhes\n\t\t\t<\/a>\n\t\t\t<h3>SilverCat 46LUX\u200b<\/h3>\t\t\n\t\t\t\t<img decoding=\"async\" src=\"https:\/\/www.smartown.ae\/wp-content\/uploads\/2022\/04\/smartown_wave_icon_white.png\" alt=\"smartown_wave_icon_white\" title=\"smartown_wave_icon_white\" itemprop=\"image\"\/>\n\t<ul>\n\t\t<li>\t\t\t\t\n\t\t15 pessoas<\/li><li>\t\t\t\t\n\t\t38 n\u00f3s de velocidade m\u00e1xima<\/li>\t<\/ul>\n\t<p>O verdadeiro significado de liberdade e aventura incompar\u00e1veis. Nosso primeiro catamar\u00e3 com duas cabines.\u200b<\/p>\n<p>O SilverCat 46LUX reivindica seu pr\u00f3prio lugar na cole\u00e7\u00e3o de catamar\u00e3s, ostentando seu layout moderno, por\u00e9m espa\u00e7oso, exteriores impressionantes e interiores personalizados para atender tanto aos aventureiros quanto aos marinheiros experientes.\u200b<\/p>\n\t\t\t<a href=\"\/pt\/silvercat-46-lux\/\" target=\"_self\">\n\t\t\t\t\t\t\tVeja detalhes\n\t\t\t<\/a>\n<h2>\n\t\t\tCota\u00e7\u00e3o\t<\/h2>\n\t<p>Se voc\u00ea estiver procurando por um barco de passageiros ou uma embarca\u00e7\u00e3o especial.<\/p>\n\t\t\t<a href=\"\/pt\/contato-smartown\/\" target=\"_self\">\n\t\t\t\t\t\t\tFale Conosco\n\t\t\t\t\t<\/a>\n\t\t\t\t<img decoding=\"async\" src=\"https:\/\/www.smartown.ae\/wp-content\/uploads\/2023\/07\/TALK-TO-US.png\" alt=\"FALE CONOSCO\" itemprop=\"image\" height=\"162\" width=\"161\" title=\"FALE CONOSCO\" onerror=\"this.style.display='none'\" loading=\"lazy\" \/>\n<h3>\n\t\t\tNossos servi\u00e7os\t<\/h3>\n\t\t\t\t<img decoding=\"async\" src=\"http:\/\/www.smartown.ae\/\/wp-content\/uploads\/2022\/04\/icon-customization.png\" alt=\"personaliza\u00e7\u00e3o de \u00edcones\" title=\"personaliza\u00e7\u00e3o de \u00edcones\" itemprop=\"image\"\/>\n\t\t<h3>Costumiza\u00e7\u00e3o<\/h3>\t\t\t\n\t\t\t\t<p>Somos o fornecedor l\u00edder de barcos de passageiros e temos barcos de passageiros personalizados para venda. Trabalhamos com um dos principais fabricantes de barcos de passageiros do mundo para fornecer embarca\u00e7\u00f5es com base em suas necessidades.<\/p>\n\t\t\t\t<img decoding=\"async\" src=\"https:\/\/www.smartown.ae\/wp-content\/uploads\/2022\/04\/icon-fast-delivery.png\" alt=\"\u00edcone-entrega r\u00e1pida\" title=\"\u00edcone-entrega r\u00e1pida\" itemprop=\"image\"\/>\n\t\t<h3>Entrega r\u00e1pida<\/h3>\t\t\t\n\t\t\t\t<p>Todos os barcos em exposi\u00e7\u00e3o s\u00e3o feitos sob encomenda e requerem entre 2 e 6 meses para serem entregues, dependendo do modelo do barco de passageiros e da escolha dos motores. Nossos principais navios de passageiros s\u00e3o:<a title=\"Touring 36\" href=\"\/pt\/touring-36\/\">Touring 36<\/a>, <a href=\"\/pt\/touring-48-ferry\/\">Touring 48 Ferry<\/a>, <a href=\"\/pt\/touring-48-lounge\/\">Touring 48 Lounge<\/a>.<\/p>\n\t\t\t\t<img decoding=\"async\" src=\"http:\/\/www.smartown.ae\/\/wp-content\/uploads\/2022\/04\/icon-international-shipping.png\" alt=\"icon-international-shipping\" title=\"icon-international-shipping\" itemprop=\"image\"\/>\n\t\t<h3>Envio internacional<\/h3>\t\t\t\n\t\t\t\t<p>Organizamos o envio para qualquer destino em todo o mundo. Vendemos nossos barcos para todos os 5 continentes. N\u00e3o h\u00e1 pa\u00eds ou ilha que n\u00e3o possamos alcan\u00e7ar. Enviamos para \u00c1frica, Am\u00e9rica Latina, \u00c1sia, Oceania ou qualquer lugar.<\/p>\n\t\t\t\t<img decoding=\"async\" src=\"http:\/\/www.smartown.ae\/wp-content\/uploads\/2022\/04\/dubai-2.jpg\" alt=\"dubai-2\" itemprop=\"image\" title=\"dubai-2\" onerror=\"this.style.display='none'\" loading=\"lazy\" \/>\n\t\t\t<h3>Visite Dubai, a Cidade dos Sonhos, gratuitamente<\/h3>\t\t\t\n\t<p>Quando voc\u00ea compra um barco conosco, n\u00f3s o convidamos para Dubai para supervisionar os testes de mar de sua embarca\u00e7\u00e3o. Sua passagem a\u00e9rea, taxas de visto, estadia em hotel 5 estrelas e motorista dedicado s\u00e3o cortesias gratuitas do Smart Own. Vamos acompanh\u00e1-lo na visita VIP ao estaleiro, onde voc\u00ea conhecer\u00e1 a equipe da Gulf Craft que construiu seu barco. Seu l\u00edder de projeto explicar\u00e1 a voc\u00ea o processo de constru\u00e7\u00e3o de sua embarca\u00e7\u00e3o e treinar\u00e1 voc\u00ea ou um membro de sua empresa em seu barco rec\u00e9m-constru\u00eddo.<\/p>\n\t\t\t<a href=\"\/pt\/contato-smartown\/\" target=\"_self\">\n\t\t\t\t\t\t\tFale Conosco\n\t\t\t<\/a>","protected":false},"excerpt":{"rendered":"<p>Fishing Boats &#038; Catamarans Indulge Your Family And Friends With Luxury And Entertainment\u200b Smart Own Leading Exporter of Fishing Boats and Catamarans to the World \u200b Smart Own can satisfy the needs of every fishing and sea enthusiast from the recreational fisherman to the avid amateur offering a wide range of fishing cruisers and catamarans. [&hellip;]<\/p>\n","protected":false},"author":2,"featured_media":0,"parent":0,"menu_order":0,"comment_status":"closed","ping_status":"closed","template":"","meta":{"site-sidebar-layout":"no-sidebar","site-content-layout":"page-builder","ast-site-content-layout":"full-width-container","site-content-style":"unboxed","site-sidebar-style":"unboxed","ast-global-header-display":"","ast-banner-title-visibility":"","ast-main-header-display":"","ast-hfb-above-header-display":"","ast-hfb-below-header-display":"","ast-hfb-mobile-header-display":"","site-post-title":"disabled","ast-breadcrumbs-content":"disabled","ast-featured-img":"disabled","footer-sml-layout":"","ast-disable-related-posts":"","theme-transparent-header-meta":"default","adv-header-id-meta":"","stick-header-meta":"","header-above-stick-meta":"","header-main-stick-meta":"","header-below-stick-meta":"","astra-migrate-meta-layouts":"set","ast-page-background-enabled":"default","ast-page-background-meta":{"desktop":{"background-color":"var(--ast-global-color-4)","background-image":"","background-repeat":"repeat","background-position":"center center","background-size":"auto","background-attachment":"scroll","background-type":"","background-media":"","overlay-type":"","overlay-color":"","overlay-opacity":"","overlay-gradient":""},"tablet":{"background-color":"","background-image":"","background-repeat":"repeat","background-position":"center center","background-size":"auto","background-attachment":"scroll","background-type":"","background-media":"","overlay-type":"","overlay-color":"","overlay-opacity":"","overlay-gradient":""},"mobile":{"background-color":"","background-image":"","background-repeat":"repeat","background-position":"center center","background-size":"auto","background-attachment":"scroll","background-type":"","background-media":"","overlay-type":"","overlay-color":"","overlay-opacity":"","overlay-gradient":""}},"ast-content-background-meta":{"desktop":{"background-color":"var(--ast-global-color-5)","background-image":"","background-repeat":"repeat","background-position":"center center","background-size":"auto","background-attachment":"scroll","background-type":"","background-media":"","overlay-type":"","overlay-color":"","overlay-opacity":"","overlay-gradient":""},"tablet":{"background-color":"var(--ast-global-color-5)","background-image":"","background-repeat":"repeat","background-position":"center center","background-size":"auto","background-attachment":"scroll","background-type":"","background-media":"","overlay-type":"","overlay-color":"","overlay-opacity":"","overlay-gradient":""},"mobile":{"background-color":"var(--ast-global-color-5)","background-image":"","background-repeat":"repeat","background-position":"center center","background-size":"auto","background-attachment":"scroll","background-type":"","background-media":"","overlay-type":"","overlay-color":"","overlay-opacity":"","overlay-gradient":""}},"footnotes":""},"class_list":["post-9452","page","type-page","status-publish","hentry"],"_links":{"self":[{"href":"https:\/\/www.smartown.ae\/pt\/wp-json\/wp\/v2\/pages\/9452","targetHints":{"allow":["GET"]}}],"collection":[{"href":"https:\/\/www.smartown.ae\/pt\/wp-json\/wp\/v2\/pages"}],"about":[{"href":"https:\/\/www.smartown.ae\/pt\/wp-json\/wp\/v2\/types\/page"}],"author":[{"embeddable":true,"href":"https:\/\/www.smartown.ae\/pt\/wp-json\/wp\/v2\/users\/2"}],"replies":[{"embeddable":true,"href":"https:\/\/www.smartown.ae\/pt\/wp-json\/wp\/v2\/comments?post=9452"}],"version-history":[{"count":0,"href":"https:\/\/www.smartown.ae\/pt\/wp-json\/wp\/v2\/pages\/9452\/revisions"}],"wp:attachment":[{"href":"https:\/\/www.smartown.ae\/pt\/wp-json\/wp\/v2\/media?parent=9452"}],"curies":[{"name":"wp","href":"https:\/\/api.w.org\/{rel}","templated":true}]}}