{"id":9428,"date":"2022-04-09T13:36:24","date_gmt":"2022-04-09T13:36:24","guid":{"rendered":"http:\/\/www.smartown.ae\/?page_id=9428"},"modified":"2025-03-02T02:23:11","modified_gmt":"2025-03-01T22:23:11","slug":"politica-de-privacidade","status":"publish","type":"page","link":"https:\/\/www.smartown.ae\/pt\/privacy-policy\/","title":{"rendered":"Pol\u00edtica de Privacidade"},"content":{"rendered":"<h1>Pol\u00edtica de privacidade da SMART OWN<\/h1>\r\n<p><img decoding=\"async\" title=\"smartown_wave_icon_white\" src=\"http:\/\/www.smartown.ae\/wp-content\/uploads\/2022\/04\/smartown_wave_icon_white.png\" alt=\"smartown_wave_icon_white\" \/><\/p>\r\n<h2>Respeitamos seus dados<\/h2>\r\n<p>N\u00e3o \u00e9 por acaso que vendemos nossos barcos de passageiros nos 5 continentes. Poucos estaleiros constroem embarca\u00e7\u00f5es com tamanha manobrabilidade e versatilidade. A linha Gulf Craft Touring pode ser fabricada como barco de passageiros, busca e salvamento, patrulha, ambul\u00e2ncia mar\u00edtima, barco aqu\u00e1tico, barco-restaurante ou barco de mergulho. Entendemos que os compradores de barcos comerciais exigem personaliza\u00e7\u00e3o completa. Por isso, oferecemos: \u2013 Uma ampla variedade de motores internos e externos. \u2013 Diversas configura\u00e7\u00f5es de assentos. \u2013 Vers\u00f5es com cabine aberta ou fechada. \u2013 Diferentes sociedades classificadoras para nossa s\u00e9rie de barcos de trabalho.<\/p>\r\n<p><img loading=\"lazy\" decoding=\"async\" src=\"http:\/\/www.smartown.ae\/wp-content\/uploads\/2014\/10\/bouton-contact-boat2.jpg\" alt=\"Obtenha mais informa\u00e7\u00f5es sobre balsas e barcos\" width=\"303\" height=\"152\" \/><\/p>\r\n<h4>\u00a0 \u00a0 \u00a0 \u00a0 \u00a0 \u00a0 \u00a0 \u00a0 \u00a0 \u00a0 \u00a0 \u00a0 \u00a0 \u00a0 \u00a0 \u00a0 \u00a0Se procura um barco de passageiros ou uma embarca\u00e7\u00e3o especializada.<\/h4>\r\n<p><strong>Quais s\u00e3o as informa\u00e7\u00f5es que coletamos?\u00a0<\/strong>Recolhemos os seus dados de contacto e quaisquer informa\u00e7\u00f5es relevantes para compreender as necessidades do seu iate ou navega\u00e7\u00e3o. Ao preencher formul\u00e1rios ou enviar uma consulta em nosso site, conforme o caso, poder\u00e1 ser solicitado que voc\u00ea insira seu: nome, endere\u00e7o de e-mail ou n\u00famero de telefone.\u00a0<strong>O que usamos as suas informa\u00e7\u00f5es para?<\/strong>\u00a0Qualquer informa\u00e7\u00e3o que coletamos de voc\u00ea pode ser usada para personalizar sua experi\u00eancia (suas informa\u00e7\u00f5es nos ajudam a responder melhor \u00e0s suas necessidades individuais)\u00a0<strong>Como protegemos os seus dados?<\/strong>\u00a0N\u00f3s oferecemos o uso de um servidor seguro. Todas as informa\u00e7\u00f5es confidenciais fornecidas s\u00e3o transmitidas atrav\u00e9s da tecnologia Secure Socket Layer (SSL) e depois criptografadas em nosso Banco de Dados para serem acessadas apenas por aqueles autorizados com direitos de acesso especiais aos nossos sistemas, e s\u00e3o obrigados a manter as informa\u00e7\u00f5es confidenciais.\u00a0<strong>Usamos cookies?<\/strong>\u00a0N\u00f3s n\u00e3o usamos cookies.\u00a0<strong>N\u00f3s revelamos qualquer informa\u00e7\u00e3o a terceiros?\u00a0<\/strong>N\u00e3o vendemos, comercializamos ou de outra forma transferimos a terceiros suas informa\u00e7\u00f5es de identifica\u00e7\u00e3o pessoal. Isto n\u00e3o inclui terceiros de confian\u00e7a que nos auxiliam na opera\u00e7\u00e3o do nosso site, na condu\u00e7\u00e3o dos nossos neg\u00f3cios ou no atendimento a voc\u00ea, desde que essas partes concordem em manter essas informa\u00e7\u00f5es confidenciais. No entanto, informa\u00e7\u00f5es n\u00e3o pessoalmente identific\u00e1veis do visitante podem ser fornecidas a terceiros para fins de marketing, publicidade ou outros usos.\u00a0<strong>Links de terceiros\u00a0<\/strong>Ocasionalmente, a nosso crit\u00e9rio, poderemos incluir ou oferecer produtos ou servi\u00e7os de terceiros em nosso site. Esses sites de terceiros possuem pol\u00edticas de privacidade separadas e independentes. Portanto, n\u00e3o temos qualquer responsabilidade pelo conte\u00fado e atividades desses sites vinculados. No entanto, procuramos proteger a integridade do nosso site e agradecemos qualquer feedback sobre esses sites.\u00a0<strong>Sua permiss\u00e3o<\/strong>\u00a0Ao utilizar nosso site, voc\u00ea concorda com a pol\u00edtica de privacidade do nosso site.\u00a0<strong>Altera\u00e7\u00f5es na nossa Pol\u00edtica de Privacidade\u00a0<\/strong>Observe que esta Pol\u00edtica de Privacidade pode mudar de tempos em tempos. N\u00e3o reduziremos os seus direitos sob esta Pol\u00edtica de Privacidade sem o seu consentimento expl\u00edcito e esperamos que a maioria dessas altera\u00e7\u00f5es seja menor. Independentemente disso, publicaremos quaisquer altera\u00e7\u00f5es na Pol\u00edtica de Privacidade nesta p\u00e1gina. Contate-nos Se houver alguma d\u00favida sobre esta pol\u00edtica de privacidade, voc\u00ea pode entrar em contato conosco usando as informa\u00e7\u00f5es abaixo. Smart Own FZE POBox 38035 Dubai Emirados \u00c1rabes Unidos www.smartown.ae<\/p>\r\n<p><img decoding=\"async\" title=\"burj-al-arab-rolls-royce-phantom-e1424848802425\" src=\"http:\/\/www.smartown.ae\/wp-content\/uploads\/2022\/04\/burj-al-arab-rolls-royce-phantom-e1424848802425.jpg\" sizes=\"(max-width: 400px) 100vw, 400px\" srcset=\"http:\/\/www.smartown.ae\/wp-content\/uploads\/2022\/04\/burj-al-arab-rolls-royce-phantom-e1424848802425.jpg 400w, http:\/\/www.smartown.ae\/wp-content\/uploads\/2022\/04\/burj-al-arab-rolls-royce-phantom-e1424848802425-300x207.jpg 300w\" alt=\"burj-al-arab-rolls-royce-phantom-e1424848802425\" \/><\/p>\r\n<p>Quando voc\u00ea compra um barco conosco, n\u00f3s o convidamos para Dubai para supervisionar os testes de mar de sua embarca\u00e7\u00e3o. Sua passagem a\u00e9rea, taxas de visto, estadia em hotel 5 estrelas e motorista dedicado s\u00e3o cortesias gratuitas do Smart Own. Vamos acompanh\u00e1-lo na visita VIP ao estaleiro, onde voc\u00ea conhecer\u00e1 a equipe da Gulf Craft que construiu seu barco. Seu l\u00edder de projeto explicar\u00e1 a voc\u00ea o processo de constru\u00e7\u00e3o de sua embarca\u00e7\u00e3o e treinar\u00e1 voc\u00ea ou um membro de sua empresa em seu barco rec\u00e9m-constru\u00eddo.<\/p>\r\n<p><a role=\"button\" target=\"_self\" rel=\"noopener\"> Entre em contato conosco <\/a><\/p>\r\n<h3>Nossos servi\u00e7os<\/h3>\r\n<p><img decoding=\"async\" title=\"personaliza\u00e7\u00e3o de \u00edcones\" src=\"http:\/\/www.smartown.ae\/wp-content\/uploads\/2022\/04\/icon-customization.png\" alt=\"personaliza\u00e7\u00e3o de \u00edcones\" \/><\/p>\r\n<h3>Costumiza\u00e7\u00e3o<\/h3>\r\n<p>Somos o fornecedor l\u00edder de barcos de passageiros e podemos personalizar a nossa frota de acordo com as suas necessidades.<\/p>\r\n<p><img decoding=\"async\" title=\"\u00edcone-entrega r\u00e1pida\" src=\"http:\/\/www.smartown.ae\/wp-content\/uploads\/2022\/04\/icon-fast-delivery.png\" alt=\"\u00edcone-entrega r\u00e1pida\" \/><\/p>\r\n<h3>Entrega r\u00e1pida<\/h3>\r\n<p>Todos os nossos barcos personalizados s\u00e3o obviamente feitos sob encomenda e requerem entre 2 e 6 meses para serem entregues, dependendo do modelo e da escolha dos motores.<\/p>\r\n<p><img decoding=\"async\" title=\"icon-international-shipping\" src=\"http:\/\/www.smartown.ae\/wp-content\/uploads\/2022\/04\/icon-international-shipping.png\" alt=\"icon-international-shipping\" \/><\/p>\r\n<h3>Envio internacional<\/h3>\r\n<p>Organizamos o envio de nossos barcos personalizados para venda para qualquer destino ao redor do mundo. Vendemos os nossos barcos para todos os 5 continentes. N\u00e3o h\u00e1 pa\u00eds ou ilha que n\u00e3o possamos alcan\u00e7ar.<\/p>\r\n<h3>Certifica\u00e7\u00f5es<\/h3>\r\n<p><a href=\"https:\/\/www.dnv.com\/\" target=\"_blank\" rel=\"nofollow noopener\"> <img decoding=\"async\" src=\"http:\/\/www.smartown.ae\/wp-content\/uploads\/2022\/04\/GLC-logo.png\" alt=\"http:\/\/www.smartown.ae\/wp-content\/uploads\/2022\/04\/GLC-logo.png\" data-no-lazy=\"1\" \/> <\/a> <a href=\"https:\/\/www.uscg.mil\/\" target=\"_blank\" rel=\"nofollow noopener\"> <img decoding=\"async\" src=\"http:\/\/www.smartown.ae\/wp-content\/uploads\/2022\/04\/USCG-logo.png\" alt=\"http:\/\/www.smartown.ae\/wp-content\/uploads\/2022\/04\/USCG-logo.png\" data-no-lazy=\"1\" \/> <\/a> <a href=\"https:\/\/www.rina.org\/en\" target=\"_blank\" rel=\"nofollow noopener\"> <img decoding=\"async\" src=\"http:\/\/www.smartown.ae\/wp-content\/uploads\/2022\/04\/rina-certification.png\" alt=\"http:\/\/www.smartown.ae\/wp-content\/uploads\/2022\/04\/rina-certification.png\" data-no-lazy=\"1\" \/> <\/a> <a href=\"https:\/\/group.bureauveritas.com\/\" target=\"_blank\" rel=\"nofollow noopener\"> <img decoding=\"async\" src=\"http:\/\/www.smartown.ae\/wp-content\/uploads\/2022\/04\/BV-logo1.png\" alt=\"http:\/\/www.smartown.ae\/wp-content\/uploads\/2022\/04\/BV-logo1.png\" data-no-lazy=\"1\" \/> <\/a><\/p>","protected":false},"excerpt":{"rendered":"<p>SMART OWN Privacy Policy We Respect Your Data It is not a coincidence that we have sold our passenger boats in all 5 continents. Very few shipyards build vessels of such maneuverability and versatility. The Gulf Craft Touring line can be made as a passenger, search &amp; rescue, patrol, marine ambulance, water bus, restaurant ship [&hellip;]<\/p>\n","protected":false},"author":2,"featured_media":0,"parent":0,"menu_order":0,"comment_status":"closed","ping_status":"closed","template":"","meta":{"site-sidebar-layout":"no-sidebar","site-content-layout":"page-builder","ast-site-content-layout":"full-width-container","site-content-style":"unboxed","site-sidebar-style":"unboxed","ast-global-header-display":"","ast-banner-title-visibility":"","ast-main-header-display":"","ast-hfb-above-header-display":"","ast-hfb-below-header-display":"","ast-hfb-mobile-header-display":"","site-post-title":"disabled","ast-breadcrumbs-content":"disabled","ast-featured-img":"disabled","footer-sml-layout":"","ast-disable-related-posts":"","theme-transparent-header-meta":"default","adv-header-id-meta":"","stick-header-meta":"","header-above-stick-meta":"","header-main-stick-meta":"","header-below-stick-meta":"","astra-migrate-meta-layouts":"set","ast-page-background-enabled":"default","ast-page-background-meta":{"desktop":{"background-color":"var(--ast-global-color-4)","background-image":"","background-repeat":"repeat","background-position":"center center","background-size":"auto","background-attachment":"scroll","background-type":"","background-media":"","overlay-type":"","overlay-color":"","overlay-opacity":"","overlay-gradient":""},"tablet":{"background-color":"","background-image":"","background-repeat":"repeat","background-position":"center center","background-size":"auto","background-attachment":"scroll","background-type":"","background-media":"","overlay-type":"","overlay-color":"","overlay-opacity":"","overlay-gradient":""},"mobile":{"background-color":"","background-image":"","background-repeat":"repeat","background-position":"center center","background-size":"auto","background-attachment":"scroll","background-type":"","background-media":"","overlay-type":"","overlay-color":"","overlay-opacity":"","overlay-gradient":""}},"ast-content-background-meta":{"desktop":{"background-color":"var(--ast-global-color-5)","background-image":"","background-repeat":"repeat","background-position":"center center","background-size":"auto","background-attachment":"scroll","background-type":"","background-media":"","overlay-type":"","overlay-color":"","overlay-opacity":"","overlay-gradient":""},"tablet":{"background-color":"var(--ast-global-color-5)","background-image":"","background-repeat":"repeat","background-position":"center center","background-size":"auto","background-attachment":"scroll","background-type":"","background-media":"","overlay-type":"","overlay-color":"","overlay-opacity":"","overlay-gradient":""},"mobile":{"background-color":"var(--ast-global-color-5)","background-image":"","background-repeat":"repeat","background-position":"center center","background-size":"auto","background-attachment":"scroll","background-type":"","background-media":"","overlay-type":"","overlay-color":"","overlay-opacity":"","overlay-gradient":""}},"footnotes":""},"class_list":["post-9428","page","type-page","status-publish","hentry"],"_links":{"self":[{"href":"https:\/\/www.smartown.ae\/pt\/wp-json\/wp\/v2\/pages\/9428","targetHints":{"allow":["GET"]}}],"collection":[{"href":"https:\/\/www.smartown.ae\/pt\/wp-json\/wp\/v2\/pages"}],"about":[{"href":"https:\/\/www.smartown.ae\/pt\/wp-json\/wp\/v2\/types\/page"}],"author":[{"embeddable":true,"href":"https:\/\/www.smartown.ae\/pt\/wp-json\/wp\/v2\/users\/2"}],"replies":[{"embeddable":true,"href":"https:\/\/www.smartown.ae\/pt\/wp-json\/wp\/v2\/comments?post=9428"}],"version-history":[{"count":0,"href":"https:\/\/www.smartown.ae\/pt\/wp-json\/wp\/v2\/pages\/9428\/revisions"}],"wp:attachment":[{"href":"https:\/\/www.smartown.ae\/pt\/wp-json\/wp\/v2\/media?parent=9428"}],"curies":[{"name":"wp","href":"https:\/\/api.w.org\/{rel}","templated":true}]}}