{"id":8928,"date":"2022-04-08T07:04:01","date_gmt":"2022-04-08T07:04:01","guid":{"rendered":"http:\/\/www.smartown.ae\/?page_id=8928"},"modified":"2025-06-16T20:11:56","modified_gmt":"2025-06-16T16:11:56","slug":"em-turne-40-vip","status":"publish","type":"page","link":"https:\/\/www.smartown.ae\/pt\/touring-40-vip\/","title":{"rendered":"touring-40-vip"},"content":{"rendered":"<h1>\r\n\t\t\tPasseio 40 VIP\t<\/h1>\r\n\t\t\t\t<img decoding=\"async\" src=\"https:\/\/www.smartown.ae\/wp-content\/uploads\/2022\/04\/smartown_wave_icon_white.png\" alt=\"smartown_wave_icon_white\" title=\"smartown_wave_icon_white\" itemprop=\"image\"\/>\r\n\t\t<h2>Barco de passageiros de luxo para experi\u00eancia de h\u00f3spedes VIP<\/h2>\t\t\t\r\n\t<p>O Touring 40 VIP estabelece um novo padr\u00e3o em barcos de passageiros de luxo, acomodando at\u00e9 28 convidados em uma cabine espa\u00e7osa, com ar-condicionado, poltronas confort\u00e1veis e sistemas avan\u00e7ados de entretenimento.<\/p>\r\n<p>Projetado para resorts cinco estrelas e operadores de t\u00e1xi aqu\u00e1tico de elite, esta embarca\u00e7\u00e3o premium garante uma verdadeira experi\u00eancia VIP para seus clientes mais ilustres.<\/p>\r\n<p>De traslados tranquilos a excurs\u00f5es exclusivas, o Touring 40 VIP combina conforto, estilo e comodidades de ponta, tornando-o a escolha preferida para transporte mar\u00edtimo de alto padr\u00e3o.<\/p>\r\n<p>Pronto para elevar sua frota? Entre em contato com a Smart Own para saber como o Touring 40 VIP pode oferecer luxo e confiabilidade aos seus h\u00f3spedes.<\/p>\r\n<h2>\r\n\t\t\tEspecifica\u00e7\u00f5es\t<\/h2>\r\n<ul>\t<li>\r\n\t\t\t Comprimento: 40\u2032\t\t\r\n\t<\/li>\r\n\t\t<li>\r\n\t\t\t Viga: 12\u2032 06\u2033\t\t\r\n\t<\/li>\r\n\t\t<li>\r\n\t\t\t Calado: 01\u2032 10\u2033\t\t\r\n\t<\/li>\r\n\t\t<li>\r\n\t\t\t Capacidade de combust\u00edvel: 300 US Gal.\t\t\r\n\t<\/li>\r\n\t\t<li>\r\n\t\t\t Capacidade de \u00e1gua: 50 US Gal. alum\u00ednio\t\t\r\n\t<\/li>\r\n\t\t<li>\r\n\t\t\t Motores padr\u00e3o: Yamaha Outboard 2\u00d7300 HP\t\t\r\n\t<\/li>\r\n\t\t<li>\r\n\t\t\t Velocidade m\u00e1xima: 38 n\u00f3s\t\t\r\n\t<\/li>\r\n\t\t<li>\r\n\t\t\t Normas de seguran\u00e7a: Padr\u00f5es da Guarda Costeira dos EUA \u201cMIC-XVA\u201d\t\t\r\n\t<\/li>\r\n\t\t<li>\r\n\t\t\t M\u00e1x. capacidade de assentos: 30 pessoas (incluindo assento de piloto e co-piloto)\t\t\r\n\t<\/li>\r\n\t<\/ul><h2>\r\n\t\t\tConstru\u00e7\u00e3o\t<\/h2>\r\n<ul>\t<li>\r\n\t\t\t O casco e o conv\u00e9s s\u00e3o feitos de um molde GRP de pe\u00e7a \u00fanica, constru\u00eddo a partir da combina\u00e7\u00e3o de esteira de fios picados, tecido de malha bidirecional e n\u00facleo de balsa laminado \u00e0 m\u00e3o sob temperaturas controladas com resina de poli\u00e9ster isoft\u00e1lica\t\t\r\n\t<\/li>\r\n\t\t<li>\r\n\t\t\t O exterior do casco e do conv\u00e9s tem acabamento em gel-coat com esmalte espelhado.\t\t\r\n\t<\/li>\r\n\t\t<li>\r\n\t\t\t O casco \u00e9 refor\u00e7ado com estruturas moldadas em GRP preenchidas com poliuretano e coladas ao fundo do casco\t\t\r\n\t<\/li>\r\n\t\t<li>\r\n\t\t\t No conv\u00e9s a balsa \u00e9 substitu\u00edda por compensado para suportar os encaixes do conv\u00e9s\t\t\r\n\t<\/li>\r\n\t\t<li>\r\n\t\t\t Todos os materiais utilizados na constru\u00e7\u00e3o s\u00e3o de qualidade mar\u00edtima aprovada\t\t\r\n\t<\/li>\r\n\t\t<li>\r\n\t\t\t Cor b\u00e1sica do casco: branco\t\t\r\n\t<\/li>\r\n\t<\/ul><h2>\r\n\t\t\tCaracter\u00edsticas padr\u00e3o\t<\/h2>\r\n<ul>\t<li>\r\n\t\t\t Cabine fechada completa em PRFV com janelas e portas\t\t\r\n\t<\/li>\r\n\t\t<li>\r\n\t\t\t Poltronas (28 N\u00bas)\t\t\r\n\t<\/li>\r\n\t\t<li>\r\n\t\t\t Gerador Marinho 11 Kw (Kohler)\t\t\r\n\t<\/li>\r\n\t\t<li>\r\n\t\t\t Sistema de Ar Condicionado Mar\u00edtimo (36.000 BTU)\t\t\r\n\t<\/li>\r\n\t\t<li>\r\n\t\t\t Esta\u00e7\u00e3o \u00fanica de r\u00e1dio VHF GARMIN\t\t\r\n\t<\/li>\r\n\t\t<li>\r\n\t\t\t Garmin GPS 526S com sonda de profundidade\t\t\r\n\t<\/li>\r\n\t\t<li>\r\n\t\t\t TV LED 22\u2033 + Leitor DVD\/FM\/AM\t\t\r\n\t<\/li>\r\n\t\t<li>\r\n\t\t\t Est\u00e9reo Marinho (Fusion) com Dock I-POD-USB + Alto-falantes Mar\u00edtimos 4 Nos\t\t\r\n\t<\/li>\r\n\t\t<li>\r\n\t\t\t B\u00fassola 135\t\t\r\n\t<\/li>\r\n\t\t<li>\r\n\t\t\t Limpador de para-brisa\t\t\r\n\t<\/li>\r\n\t\t<li>\r\n\t\t\t Marine Horn \u2013 Twin\t\t\r\n\t<\/li>\r\n\t\t<li>\r\n\t\t\t Luz de busca RC \u2013 \u00danica\t\t\r\n\t<\/li>\r\n\t\t<li>\r\n\t\t\t \u00c2ncora 10 Kg Com Corrente 6m E 50m\t\t\r\n\t<\/li>\r\n\t\t<li>\r\n\t\t\t Coletes salva-vidas (30 n\u00fameros)\t\t\r\n\t<\/li>\r\n\t\t<li>\r\n\t\t\t Guincho SS Windlass com controle remoto\t\t\r\n\t<\/li>\r\n\t\t<li>\r\n\t\t\t Folha de arco SS\t\t\r\n\t<\/li>\r\n\t\t<li>\r\n\t\t\t Rolo de proa SS\t\t\r\n\t<\/li>\r\n\t\t<li>\r\n\t\t\t Sistema de dire\u00e7\u00e3o hidr\u00e1ulica.\t\t\r\n\t<\/li>\r\n\t\t<li>\r\n\t\t\t Sanit\u00e1rio mar\u00edtimo \u2013 el\u00e9trico.\t\t\r\n\t<\/li>\r\n\t\t<li>\r\n\t\t\t Bomba de esgoto el\u00e9trica.\t\t\r\n\t<\/li>\r\n\t\t<li>\r\n\t\t\t Piso autonivelante antiderrapante\t\t\r\n\t<\/li>\r\n\t\t<li>\r\n\t\t\t Sanita mar\u00edtima \u2013 el\u00e9trica\t\t\r\n\t<\/li>\r\n\t\t<li>\r\n\t\t\t Luzes de circula\u00e7\u00e3o\t\t\r\n\t<\/li>\r\n\t\t<li>\r\n\t\t\t Uma bomba de por\u00e3o com interruptor de b\u00f3ia autom\u00e1tico\t\t\r\n\t<\/li>\r\n\t\t<li>\r\n\t\t\t Uma bomba de por\u00e3o manual com al\u00e7a\t\t\r\n\t<\/li>\r\n\t\t<li>\r\n\t\t\t Pia de FRP com torneira de \u00e1gua\t\t\r\n\t<\/li>\r\n\t<\/ul><h2>\r\n\t\t\tConv\u00e9s e casco\t<\/h2>\r\n<ul>\t<li>\r\n\t\t\t Atrav\u00e9s dos encaixes do casco\t\t\r\n\t<\/li>\r\n\t\t<li>\r\n\t\t\t Armazenamento de \u00e2ncora de autodrenagem\t\t\r\n\t<\/li>\r\n\t\t<li>\r\n\t\t\t grampos de deck de a\u00e7o inoxid\u00e1vel\t\t\r\n\t<\/li>\r\n\t\t<li>\r\n\t\t\t Olhos de proa e popa\t\t\r\n\t<\/li>\r\n\t<\/ul><h2>\r\n\t\t\tSistema de combust\u00edvel\t<\/h2>\r\n<ul>\t<li>\r\n\t\t\t 300 gal\u00f5es americanos. al\u00famen. tanque de combust\u00edvel\t\t\r\n\t<\/li>\r\n\t\t<li>\r\n\t\t\t Emissor el\u00e9trico com medidor\t\t\r\n\t<\/li>\r\n\t\t<li>\r\n\t\t\t Abastecimento de combust\u00edvel e aberturas\t\t\r\n\t<\/li>\r\n\t<\/ul><h2>\r\n\t\t\tSistema el\u00e9trico\t<\/h2>\r\n<ul>\t<li>\r\n\t\t\t Sistema de fia\u00e7\u00e3o mar\u00edtima com c\u00f3digo de cores\t\t\r\n\t<\/li>\r\n\t\t<li>\r\n\t\t\t Sistema de salto principal de 12V\t\t\r\n\t<\/li>\r\n\t\t<li>\r\n\t\t\t painel de interruptores de 6 vias\t\t\r\n\t<\/li>\r\n\t<\/ul><h2>\r\n\t\t\tSistema de \u00e1gua doce\t<\/h2>\r\n<ul>\t<li>\r\n\t\t\t 50 gal\u00f5es americanos. al\u00famen. tanque de \u00e1gua\t\t\r\n\t<\/li>\r\n\t\t<li>\r\n\t\t\t Emissor el\u00e9trico com medidor\t\t\r\n\t<\/li>\r\n\t\t<li>\r\n\t\t\t Enchimento de \u00e1gua e aberturas\t\t\r\n\t<\/li>\r\n\t\t<li>\r\n\t\t\t Sistema de \u00e1gua sob press\u00e3o\t\t\r\n\t<\/li>\r\n\t<\/ul><h2>\r\n\t\t\tArranjos Gerais (personaliza\u00e7\u00e3o poss\u00edvel)\t<\/h2>\r\n\t\t\t\t<img decoding=\"async\" src=\"http:\/\/www.smartown.ae\/wp-content\/uploads\/2014\/11\/image00210.jpg\" alt=\"imagem002\" itemprop=\"image\" title=\"imagem002\" onerror=\"this.style.display='none'\" loading='lazy' \/>\r\n\t\t\t\t<img decoding=\"async\" src=\"http:\/\/www.smartown.ae\/wp-content\/uploads\/2014\/11\/image0032.jpg\" alt=\"imagem003\" itemprop=\"image\" title=\"imagem003\" onerror=\"this.style.display='none'\" loading='lazy' \/>\r\n\t\t\t\t<img decoding=\"async\" src=\"http:\/\/www.smartown.ae\/wp-content\/uploads\/2014\/11\/image0043.jpg\" alt=\"imagem004\" itemprop=\"image\" title=\"imagem004\" onerror=\"this.style.display='none'\" loading='lazy' \/>\r\n<h2>\r\n\t\t\tFotos\t<\/h2>\r\n\t\t\t\t<img decoding=\"async\" src=\"http:\/\/www.smartown.ae\/wp-content\/uploads\/2014\/11\/bouton-contact.jpg\" alt=\"bot\u00e3o-contato\" itemprop=\"image\" title=\"bot\u00e3o-contato\" onerror=\"this.style.display='none'\" loading='lazy' \/>\r\n<h4>\r\n\t\t\tSe voc\u00ea estiver procurando por um barco de passageiros ou uma embarca\u00e7\u00e3o especial.\t<\/h4>\r\n\t\t\t\t<img decoding=\"async\" src=\"http:\/\/www.smartown.ae\/wp-content\/uploads\/2014\/12\/Catalog-e1418559186652.png\" alt=\"Cat\u00e1logo\" itemprop=\"image\" title=\"Cat\u00e1logo\" onerror=\"this.style.display='none'\" loading='lazy' \/>\r\n<h4>\r\n\t\t\tPara mais informa\u00e7\u00f5es, fa\u00e7a o download do cat\u00e1logo.\t<\/h4>\r\n<h3>\r\n\t\t\tBarcos de passageiros semelhantes\t<\/h3>\r\n\t<a href=\"\/pt\/touring-40\/\" target=\"_self\"  aria-label=\"V\u00e1 para \/touring-40\/\"><\/a>\r\n\t\t\t\t<img decoding=\"async\" src=\"https:\/\/www.smartown.ae\/wp-content\/uploads\/2014\/12\/main1-e1418042189525.jpg\" alt=\"Touring 40 Aberto\" title=\"Touring 40 Aberto\" itemprop=\"image\"\/>\r\n\t\t<h4>Touring 40<\/h4>\t\t\t\r\n\t<a href=\"\/pt\/touring-36\/\" target=\"_self\"  aria-label=\"Ir para \/touring-36\"><\/a>\r\n\t\t\t\t<img decoding=\"async\" src=\"https:\/\/www.smartown.ae\/wp-content\/uploads\/2014\/12\/Utility-Series-Touring-36-1-e1418041992147.jpg\" alt=\"Touring 36 o barco de refer\u00eancia no ramo do transporte aquavi\u00e1rio\" title=\"Touring 36 o barco de refer\u00eancia no ramo do transporte aquavi\u00e1rio\" itemprop=\"image\"\/>\r\n\t\t<h4>Touring 36<\/h4>\t\t\t\r\n\t<a href=\"\/pt\/salao-do-mar-40\/\" target=\"_self\"  aria-label=\"Ir para \/sea-lounge-40\/\"><\/a>\r\n\t\t\t\t<img decoding=\"async\" src=\"https:\/\/www.smartown.ae\/wp-content\/uploads\/2014\/12\/saloon-1-e1418909466937.jpg\" alt=\"sal\u00e3o-1\" title=\"sal\u00e3o-1\" itemprop=\"image\"\/>\r\n\t\t<h4>Sea Lounge 40<\/h4>","protected":false},"excerpt":{"rendered":"<p>Touring 40 VIP Luxury Passenger Boat for VIP Guest Experience The Touring 40 VIP sets a new standard in luxury passenger boats, accommodating up to 28 guests in a spacious, air-conditioned cabin featuring plush armchairs and advanced entertainment systems. Designed for five-star resorts and elite water taxi operators, this premium vessel ensures a true VIP [&hellip;]<\/p>\n","protected":false},"author":2,"featured_media":0,"parent":0,"menu_order":0,"comment_status":"closed","ping_status":"closed","template":"","meta":{"site-sidebar-layout":"no-sidebar","site-content-layout":"page-builder","ast-site-content-layout":"full-width-container","site-content-style":"unboxed","site-sidebar-style":"unboxed","ast-global-header-display":"","ast-banner-title-visibility":"","ast-main-header-display":"","ast-hfb-above-header-display":"","ast-hfb-below-header-display":"","ast-hfb-mobile-header-display":"","site-post-title":"disabled","ast-breadcrumbs-content":"disabled","ast-featured-img":"disabled","footer-sml-layout":"","ast-disable-related-posts":"","theme-transparent-header-meta":"default","adv-header-id-meta":"","stick-header-meta":"","header-above-stick-meta":"","header-main-stick-meta":"","header-below-stick-meta":"","astra-migrate-meta-layouts":"set","ast-page-background-enabled":"default","ast-page-background-meta":{"desktop":{"background-color":"var(--ast-global-color-4)","background-image":"","background-repeat":"repeat","background-position":"center center","background-size":"auto","background-attachment":"scroll","background-type":"","background-media":"","overlay-type":"","overlay-color":"","overlay-opacity":"","overlay-gradient":""},"tablet":{"background-color":"","background-image":"","background-repeat":"repeat","background-position":"center center","background-size":"auto","background-attachment":"scroll","background-type":"","background-media":"","overlay-type":"","overlay-color":"","overlay-opacity":"","overlay-gradient":""},"mobile":{"background-color":"","background-image":"","background-repeat":"repeat","background-position":"center center","background-size":"auto","background-attachment":"scroll","background-type":"","background-media":"","overlay-type":"","overlay-color":"","overlay-opacity":"","overlay-gradient":""}},"ast-content-background-meta":{"desktop":{"background-color":"var(--ast-global-color-5)","background-image":"","background-repeat":"repeat","background-position":"center center","background-size":"auto","background-attachment":"scroll","background-type":"","background-media":"","overlay-type":"","overlay-color":"","overlay-opacity":"","overlay-gradient":""},"tablet":{"background-color":"var(--ast-global-color-5)","background-image":"","background-repeat":"repeat","background-position":"center center","background-size":"auto","background-attachment":"scroll","background-type":"","background-media":"","overlay-type":"","overlay-color":"","overlay-opacity":"","overlay-gradient":""},"mobile":{"background-color":"var(--ast-global-color-5)","background-image":"","background-repeat":"repeat","background-position":"center center","background-size":"auto","background-attachment":"scroll","background-type":"","background-media":"","overlay-type":"","overlay-color":"","overlay-opacity":"","overlay-gradient":""}},"footnotes":""},"class_list":["post-8928","page","type-page","status-publish","hentry"],"_links":{"self":[{"href":"https:\/\/www.smartown.ae\/pt\/wp-json\/wp\/v2\/pages\/8928","targetHints":{"allow":["GET"]}}],"collection":[{"href":"https:\/\/www.smartown.ae\/pt\/wp-json\/wp\/v2\/pages"}],"about":[{"href":"https:\/\/www.smartown.ae\/pt\/wp-json\/wp\/v2\/types\/page"}],"author":[{"embeddable":true,"href":"https:\/\/www.smartown.ae\/pt\/wp-json\/wp\/v2\/users\/2"}],"replies":[{"embeddable":true,"href":"https:\/\/www.smartown.ae\/pt\/wp-json\/wp\/v2\/comments?post=8928"}],"version-history":[{"count":0,"href":"https:\/\/www.smartown.ae\/pt\/wp-json\/wp\/v2\/pages\/8928\/revisions"}],"wp:attachment":[{"href":"https:\/\/www.smartown.ae\/pt\/wp-json\/wp\/v2\/media?parent=8928"}],"curies":[{"name":"wp","href":"https:\/\/api.w.org\/{rel}","templated":true}]}}