{"id":8284,"date":"2022-04-08T06:32:41","date_gmt":"2022-04-08T06:32:41","guid":{"rendered":"http:\/\/www.smartown.ae\/?page_id=8284"},"modified":"2025-03-07T16:51:00","modified_gmt":"2025-03-07T12:51:00","slug":"mergulho-32-2-2","status":"publish","type":"page","link":"https:\/\/www.smartown.ae\/pt\/scuba-32-2-2\/","title":{"rendered":"mergulho-32"},"content":{"rendered":"<h1>Barco de mergulho \u2013 Scuba 32<\/h1>\r\n<p><img decoding=\"async\" title=\"smartown_wave_icon_white\" src=\"http:\/\/www.smartown.ae\/wp-content\/uploads\/2022\/04\/smartown_wave_icon_white.png\" alt=\"smartown_wave_icon_white\" \/><\/p>\r\n<h2>Chegue ao seu local de mergulho com conforto absoluto com esta embarca\u00e7\u00e3o de mergulho<\/h2>\r\n<p>Um barco constru\u00eddo especificamente para mergulho com 16 compartimentos de tanques e uma porta e escada de mergulho. O barco de mergulho perfeito para resorts de praia e centros de mergulho.<\/p>\r\n<h2>Especifica\u00e7\u00f5es<\/h2>\r\n<ul>\r\n<li>Comprimento: 32\u2032<\/li>\r\n<li>Viga: 8\u2032 05\u2033<\/li>\r\n<li>Profundidade: 1\u2032 5\u201d<\/li>\r\n<li>Peso: 1.900kg<\/li>\r\n<li>Capacidade de combust\u00edvel: 150 gal\u00f5es americanos. tanque de combust\u00edvel<\/li>\r\n<li>Motores padr\u00e3o: Yamaha Outboard 2\u00d7150 HP<\/li>\r\n<li>Velocidade m\u00e1xima: 32 n\u00f3s<\/li>\r\n<li>Capacidade: 10 pessoas (incluindo piloto)<\/li>\r\n<li>Capacidade dos tanques de mergulho: 16 compartimentos dedicados aos tanques<\/li>\r\n<\/ul>\r\n<h2>Constru\u00e7\u00e3o<\/h2>\r\n<ul>\r\n<li>O casco e o conv\u00e9s s\u00e3o feitos de um molde GRP de pe\u00e7a \u00fanica, constru\u00eddo a partir da combina\u00e7\u00e3o de esteira de fios picados, tecido de malha bidirecional e n\u00facleo de balsa laminado \u00e0 m\u00e3o sob temperaturas controladas com resina de poli\u00e9ster isoft\u00e1lica<\/li>\r\n<li>O exterior do casco e do conv\u00e9s tem acabamento em gel-coat espelhado<\/li>\r\n<li>O casco \u00e9 refor\u00e7ado com estruturas moldadas em PRFV preenchidas com poliuretano e coladas ao fundo do casco<\/li>\r\n<li>No conv\u00e9s a balsa \u00e9 substitu\u00edda por compensado para suportar os encaixes do conv\u00e9s<\/li>\r\n<li>Todos os materiais utilizados na constru\u00e7\u00e3o s\u00e3o de qualidade mar\u00edtima aprovada<\/li>\r\n<li>Cor padr\u00e3o do casco: branco<\/li>\r\n<\/ul>\r\n<h2>Principais caracter\u00edsticas do barco de passageiros para mergulho aut\u00f4nomo<\/h2>\r\n<ul>\r\n<li>Compartimentos de tanques seguros x 16<\/li>\r\n<li>3 luzes de busca para visibilidade total do barco durante mergulhos noturnos<\/li>\r\n<li>Porta de mergulho<\/li>\r\n<li>Escada de mergulho<\/li>\r\n<li>Dossel com gaiola de tubos de alum\u00ednio<\/li>\r\n<li>Consola central com p\u00e1ra-brisas<\/li>\r\n<li>Banco do motorista e acompanhante<\/li>\r\n<li>Compartimento do piso do conv\u00e9s x 2<\/li>\r\n<li>Compartimento de \u00e2ncora<\/li>\r\n<li>Armazenamento de popa sob o assento<\/li>\r\n<li>grampos de a\u00e7o inoxid\u00e1vel<\/li>\r\n<li>Luzes de ancoragem e conv\u00e9s<\/li>\r\n<li>Bomba de esgoto dupla com interruptor autom\u00e1tico<\/li>\r\n<li>b\u00fassola marinha<\/li>\r\n<li>Base da bateria e interruptor da bateria<\/li>\r\n<li>Olho de proa e localizador lateral de PVC de popa<\/li>\r\n<li>Assentos em FRP estofados com armazenamento sob os assentos para coletes salva-vidas<\/li>\r\n<li>Tanque de combust\u00edvel GRP com medidor el\u00e9trico e filtro<\/li>\r\n<li>Dreno de conv\u00e9s<\/li>\r\n<li>Coletes salva-vidas x 10<\/li>\r\n<\/ul>\r\n<p><img decoding=\"async\" title=\"bot\u00e3o-contato\" src=\"http:\/\/www.smartown.ae\/wp-content\/uploads\/2014\/11\/bouton-contact.jpg\" alt=\"bot\u00e3o-contato\" \/><\/p>\r\n<h4>Se procura um barco de mergulho ou uma embarca\u00e7\u00e3o especializada.<\/h4>\r\n<p><img decoding=\"async\" title=\"Cat\u00e1logo\" src=\"http:\/\/www.smartown.ae\/wp-content\/uploads\/2014\/12\/Catalog-e1418559186652.png\" alt=\"Cat\u00e1logo\" \/><\/p>\r\n<h4>Para mais informa\u00e7\u00f5es sobre o nosso barco de mergulho, fa\u00e7a o download do cat\u00e1logo.<\/h4>\r\n<h3>Barcos de passageiros relacionados<\/h3>\r\n<p><img decoding=\"async\" title=\"Transportador-32-Pequeno\" src=\"http:\/\/www.smartown.ae\/wp-content\/uploads\/2022\/04\/Transporter-32-Small.jpg\" alt=\"Transportador-32-Pequeno\" \/><\/p>\r\n<h4>Transporter 32<\/h4>\r\n<p><img decoding=\"async\" title=\"1p\u00e1gina-img1\" src=\"http:\/\/www.smartown.ae\/wp-content\/uploads\/2014\/10\/1page-img1.jpg\" alt=\"1p\u00e1gina-img1\" \/><\/p>\r\n<h4>Touring 36<\/h4>\r\n<p><img decoding=\"async\" title=\"Touring 40 Aberto\" src=\"http:\/\/www.smartown.ae\/wp-content\/uploads\/2014\/12\/main1-e1418042189525.jpg\" alt=\"Touring 40 Aberto\" \/><\/p>\r\n<h4>Touring 40<\/h4>","protected":false},"excerpt":{"rendered":"<p>Scuba diving boat &#8211; Scuba 32 Get to your dive site in absolute comfort with this scuba diving vessel A scuba diving purpose built boat with 16 tanks compartments and a diving door and ladder. The perfect scuba diving boat for beach resorts and diving centers. Specifications Length: 32&#8242; Beam: 8&#8242; 05&#8243; Depth: 1\u2032 5&#8221; [&hellip;]<\/p>\n","protected":false},"author":2,"featured_media":0,"parent":0,"menu_order":0,"comment_status":"closed","ping_status":"closed","template":"","meta":{"site-sidebar-layout":"no-sidebar","site-content-layout":"page-builder","ast-site-content-layout":"full-width-container","site-content-style":"unboxed","site-sidebar-style":"unboxed","ast-global-header-display":"","ast-banner-title-visibility":"","ast-main-header-display":"","ast-hfb-above-header-display":"","ast-hfb-below-header-display":"","ast-hfb-mobile-header-display":"","site-post-title":"disabled","ast-breadcrumbs-content":"disabled","ast-featured-img":"disabled","footer-sml-layout":"","ast-disable-related-posts":"","theme-transparent-header-meta":"default","adv-header-id-meta":"","stick-header-meta":"","header-above-stick-meta":"","header-main-stick-meta":"","header-below-stick-meta":"","astra-migrate-meta-layouts":"set","ast-page-background-enabled":"default","ast-page-background-meta":{"desktop":{"background-color":"var(--ast-global-color-4)","background-image":"","background-repeat":"repeat","background-position":"center center","background-size":"auto","background-attachment":"scroll","background-type":"","background-media":"","overlay-type":"","overlay-color":"","overlay-opacity":"","overlay-gradient":""},"tablet":{"background-color":"","background-image":"","background-repeat":"repeat","background-position":"center center","background-size":"auto","background-attachment":"scroll","background-type":"","background-media":"","overlay-type":"","overlay-color":"","overlay-opacity":"","overlay-gradient":""},"mobile":{"background-color":"","background-image":"","background-repeat":"repeat","background-position":"center center","background-size":"auto","background-attachment":"scroll","background-type":"","background-media":"","overlay-type":"","overlay-color":"","overlay-opacity":"","overlay-gradient":""}},"ast-content-background-meta":{"desktop":{"background-color":"var(--ast-global-color-5)","background-image":"","background-repeat":"repeat","background-position":"center center","background-size":"auto","background-attachment":"scroll","background-type":"","background-media":"","overlay-type":"","overlay-color":"","overlay-opacity":"","overlay-gradient":""},"tablet":{"background-color":"var(--ast-global-color-5)","background-image":"","background-repeat":"repeat","background-position":"center center","background-size":"auto","background-attachment":"scroll","background-type":"","background-media":"","overlay-type":"","overlay-color":"","overlay-opacity":"","overlay-gradient":""},"mobile":{"background-color":"var(--ast-global-color-5)","background-image":"","background-repeat":"repeat","background-position":"center center","background-size":"auto","background-attachment":"scroll","background-type":"","background-media":"","overlay-type":"","overlay-color":"","overlay-opacity":"","overlay-gradient":""}},"footnotes":""},"class_list":["post-8284","page","type-page","status-publish","hentry"],"_links":{"self":[{"href":"https:\/\/www.smartown.ae\/pt\/wp-json\/wp\/v2\/pages\/8284","targetHints":{"allow":["GET"]}}],"collection":[{"href":"https:\/\/www.smartown.ae\/pt\/wp-json\/wp\/v2\/pages"}],"about":[{"href":"https:\/\/www.smartown.ae\/pt\/wp-json\/wp\/v2\/types\/page"}],"author":[{"embeddable":true,"href":"https:\/\/www.smartown.ae\/pt\/wp-json\/wp\/v2\/users\/2"}],"replies":[{"embeddable":true,"href":"https:\/\/www.smartown.ae\/pt\/wp-json\/wp\/v2\/comments?post=8284"}],"version-history":[{"count":0,"href":"https:\/\/www.smartown.ae\/pt\/wp-json\/wp\/v2\/pages\/8284\/revisions"}],"wp:attachment":[{"href":"https:\/\/www.smartown.ae\/pt\/wp-json\/wp\/v2\/media?parent=8284"}],"curies":[{"name":"wp","href":"https:\/\/api.w.org\/{rel}","templated":true}]}}