{"id":8221,"date":"2022-04-08T05:30:07","date_gmt":"2022-04-08T05:30:07","guid":{"rendered":"http:\/\/www.smartown.ae\/?page_id=8221"},"modified":"2025-03-31T11:25:01","modified_gmt":"2025-03-31T07:25:01","slug":"servicos-de-personalizacao","status":"publish","type":"page","link":"https:\/\/www.smartown.ae\/pt\/customization-services\/","title":{"rendered":"Servi\u00e7os de personaliza\u00e7\u00e3o"},"content":{"rendered":"<h1>Barcos de passageiros comerciais personalizados<\/h1>\r\n<p><img decoding=\"async\" title=\"smartown_wave_icon_white\" src=\"http:\/\/www.smartown.ae\/wp-content\/uploads\/2022\/04\/smartown_wave_icon_white.png\" alt=\"smartown_wave_icon_white\" \/><\/p>\r\n<h2>Podemos personalizar nossos barcos de acordo com as necessidades do seu neg\u00f3cio<\/h2>\r\n<p>N\u00e3o \u00e9 por acaso que vendemos os nossos barcos de passageiros nos 5 continentes. Muito poucos estaleiros constroem embarca\u00e7\u00f5es com tanta manobrabilidade e versatilidade. A linha Gulf Craft Touring pode ser feita como passageiro, busca e salvamento, patrulha, ambul\u00e2ncia mar\u00edtima, \u00f4nibus aqu\u00e1tico, navio-restaurante ou barco de mergulho.<\/p>\r\n<p>Entendemos que os compradores de barcos comerciais exigem personaliza\u00e7\u00e3o total. Por isso oferecemos:<\/p>\r\n<p>\u2013 Uma ampla escolha de motores internos e externos.<\/p>\r\n<p>\u2013 V\u00e1rios layouts de assentos.<\/p>\r\n<p>\u2013 Vers\u00f5es ao ar livre ou cabine fechada<\/p>\r\n<p>\u2013 Diferentes sociedades classificadoras para nossa s\u00e9rie de barcos de trabalho<\/p>\r\n<p><img decoding=\"async\" src=\"http:\/\/www.smartown.ae\/wp-content\/uploads\/2014\/10\/bouton-contact-boat2.jpg\" alt=\"Obtenha mais informa\u00e7\u00f5es sobre balsas e barcos\" \/><\/p>\r\n<h4>Entre em contato caso necessite de alguma customiza\u00e7\u00e3o para os barcos que oferecemos.<\/h4>\r\n<p>Podemos equipar nossos barcos com praticamente qualquer configura\u00e7\u00e3o de motor. Como padr\u00e3o, dirigimos nossas embarca\u00e7\u00f5es menores com dois motores de popa Yamaha de quatro tempos e nossa frota maior com unidade de popa Volvo Penta. Equipamos nossos barcos com as seguintes configura\u00e7\u00f5es de motor:<\/p>\r\n<p>\u2013 Dois motores de popa a gasolina (Yamaha, Susuki, Mercruiser)<br \/>\u2013 Diesel com tra\u00e7\u00e3o de popa dupla (Volvo, Yanmar)<br \/>\u2013 Motor diesel duplo interno (Volvo, Yanmar)<br \/>\u2013 Gasolina interna dupla (Mercruiser)<br \/>\u2013 Unidade de popa dupla a gasolina (Mercruiser)<br \/>\u2013 Twin Z Drive diesel (Volvo, Yanmar)<\/p>\r\n<p>Nossos barcos s\u00e3o robustos e \u00e1geis para lidar com as quatro condi\u00e7\u00f5es do mar. O cliente pode escolher a pot\u00eancia dos motores de acordo com o uso pretendido da embarca\u00e7\u00e3o.<\/p>\r\n<h2>BANCO DE COSTAS COM COSTAS:<\/h2>\r\n<h3>Permite capacidade m\u00e1xima de assentos e \u00e9 o layout padr\u00e3o no Touring 36 e Touring 40.<\/h3>\r\n<p><img decoding=\"async\" title=\"imagem002\" src=\"http:\/\/www.smartown.ae\/wp-content\/uploads\/2014\/11\/image0022.jpg\" alt=\"imagem002\" \/><\/p>\r\n<h2>ESTILO DE \u00d4NIBUS:<\/h2>\r\n<h3>Poltronas individuais em formato de \u00f4nibus. Este layout \u00e9 padr\u00e3o no Sea Bus 40, Waveshuttle 56 e Gulf 85 e opcional no Touring 36 e 40.<\/h3>\r\n<p><img decoding=\"async\" title=\"Layout de assentos estilo \u00f4nibus\" src=\"http:\/\/www.smartown.ae\/wp-content\/uploads\/2014\/11\/2page-img2.jpg\" alt=\"Layout de assentos estilo \u00f4nibus\" \/><\/p>\r\n<h2>LAYOUT DE UTILIDADE PARA ESPORTES AQU\u00c1TICOS:<\/h2>\r\n<h3>Os bancos redondos s\u00e3o ideais para maximizar o espa\u00e7o livre no conv\u00e9s para atividades de desportos aqu\u00e1ticos como mergulho, snorkeling ou pesca em alto mar.<\/h3>\r\n<p><img decoding=\"async\" title=\"Layout do utilit\u00e1rio para esportes aqu\u00e1ticos\" src=\"http:\/\/www.smartown.ae\/wp-content\/uploads\/2014\/11\/2page-img3.jpg\" alt=\"Layout do utilit\u00e1rio para esportes aqu\u00e1ticos\" \/><\/p>\r\n<p>Podemos equipar nossos barcos com praticamente qualquer configura\u00e7\u00e3o de motor. Como padr\u00e3o, dirigimos nossas embarca\u00e7\u00f5es menores com dois motores de popa Yamaha de quatro tempos e nossa frota maior com unidade de popa Volvo Penta. Equipamos nossos barcos com as seguintes configura\u00e7\u00f5es de motor:<\/p>\r\n<p>\u2013 Dois motores de popa a gasolina (Yamaha, Susuki, Mercruiser)<br \/>\u2013 Diesel com tra\u00e7\u00e3o de popa dupla (Volvo, Yanmar)<br \/>\u2013 Motor diesel duplo interno (Volvo, Yanmar)<br \/>\u2013 Gasolina interna dupla (Mercruiser)<br \/>\u2013 Unidade de popa dupla a gasolina (Mercruiser)<br \/>\u2013 Twin Z Drive diesel (Volvo, Yanmar)<\/p>\r\n<p>Nossos barcos s\u00e3o robustos e \u00e1geis para lidar com as quatro condi\u00e7\u00f5es do mar. O cliente pode escolher a pot\u00eancia dos motores de acordo com o uso pretendido da embarca\u00e7\u00e3o.<\/p>\r\n<h2>VERS\u00c3O DE CONV\u00c9S ABERTO:<\/h2>\r\n<h3>O deck \u00e9 equipado com teto de fibra de vidro e paredes laterais parciais de fibra de vidro no n\u00edvel da cabine. A parte principal do conv\u00e9s est\u00e1 aberta. Esta \u00e9 a vers\u00e3o de cabine mais popular. N\u00e3o \u00e9 necess\u00e1rio ar condicionado e os passageiros desfrutam de visibilidade m\u00e1xima.<\/h3>\r\n<p><img decoding=\"async\" title=\"2p\u00e1gina-img4\" src=\"http:\/\/www.smartown.ae\/wp-content\/uploads\/2014\/11\/2page-img4.jpg\" alt=\"2p\u00e1gina-img4\" \/><\/p>\r\n<h2>VERS\u00c3O CABINE FECHADA:<\/h2>\r\n<h3>O conv\u00e9s \u00e9 totalmente fechado com cabine de fibra de vidro. A cabine pode ser equipada com ar-condicionado. Esta vers\u00e3o \u00e9 opcional nas vers\u00f5es Touring 36 e 40 e padr\u00e3o nas demais.<\/h3>\r\n<p><img decoding=\"async\" title=\"2p\u00e1gina-img5\" src=\"http:\/\/www.smartown.ae\/wp-content\/uploads\/2014\/11\/2page-img5.jpg\" alt=\"2p\u00e1gina-img5\" \/> <img decoding=\"async\" title=\"burj-al-arab-rolls-royce-phantom-e1424848802425\" src=\"http:\/\/www.smartown.ae\/wp-content\/uploads\/2022\/04\/burj-al-arab-rolls-royce-phantom-e1424848802425.jpg\" sizes=\"(max-width: 400px) 100vw, 400px\" srcset=\"https:\/\/www.smartown.ae\/wp-content\/uploads\/2022\/04\/burj-al-arab-rolls-royce-phantom-e1424848802425.jpg 400w, https:\/\/www.smartown.ae\/wp-content\/uploads\/2022\/04\/burj-al-arab-rolls-royce-phantom-e1424848802425-300x207.jpg 300w\" alt=\"burj-al-arab-rolls-royce-phantom-e1424848802425\" \/><\/p>\r\n<h3>Visite Dubai, a Cidade dos Sonhos, gratuitamente<\/h3>\r\n<p>Quando voc\u00ea compra um barco conosco, n\u00f3s o convidaremos a ir a Dubai para supervisionar os testes de mar de sua embarca\u00e7\u00e3o. Sua passagem a\u00e9rea, taxas de visto, estadia em hotel 5 estrelas e motorista dedicado s\u00e3o cortesia da Smart Own.<\/p>\r\n<p>&nbsp;<\/p>\r\n<p>Iremos acompanh\u00e1-lo em uma visita VIP ao estaleiro, onde voc\u00ea conhecer\u00e1 a equipe da Gulf Craft que construiu seu barco. O l\u00edder do projeto explicar\u00e1 o processo de constru\u00e7\u00e3o da sua embarca\u00e7\u00e3o e treinar\u00e1 voc\u00ea ou um membro da sua empresa no barco rec\u00e9m-constru\u00eddo.<\/p>\r\n<p><a href=\"http:\/\/www.smartown.ae\/pt\/contato-smartown\/\" target=\"_self\" rel=\"noopener\"> Entre em contato conosco agora <\/a><\/p>\r\n<h3>Nossos servi\u00e7os<\/h3>\r\n<p><img decoding=\"async\" title=\"personaliza\u00e7\u00e3o de \u00edcones\" src=\"http:\/\/www.smartown.ae\/\/wp-content\/uploads\/2022\/04\/icon-customization.png\" alt=\"personaliza\u00e7\u00e3o de \u00edcones\" \/><\/p>\r\n<h3>Costumiza\u00e7\u00e3o<\/h3>\r\n<p>Somos o fornecedor l\u00edder de barcos de passageiros e temos barcos de passageiros personalizados para venda. Trabalhamos com um dos principais fabricantes de barcos de passageiros do mundo para fornecer embarca\u00e7\u00f5es com base em suas necessidades.<\/p>\r\n<p><img decoding=\"async\" title=\"\u00edcone-entrega r\u00e1pida\" src=\"https:\/\/www.smartown.ae\/wp-content\/uploads\/2022\/04\/icon-fast-delivery.png\" alt=\"\u00edcone-entrega r\u00e1pida\" \/><\/p>\r\n<h3>Entrega r\u00e1pida<\/h3>\r\n<p class=\"translation-block\">Todos os barcos em exposi\u00e7\u00e3o s\u00e3o feitos sob encomenda e levam de 2 a 6 meses para serem entregues, dependendo do modelo do barco de passageiros e da escolha dos motores. Nossos principais barcos de passageiros s\u00e3o: <a title=\"Turn\u00ea 36\" href=\"http:\/\/www.smartown.ae\/pt\/touring-36\/\" target=\"_self\">Touring 36<\/a> , <a href=\"http:\/\/www.smartown.ae\/pt\/touring-48-ferry\/\" target=\"_self\"><span class=\"TextRun BCX0 SCXP212075416\" lang=\"EN-US\" xml:lang=\"EN-US\" data-usefontface=\"false\" data-contrast=\"none\"><span class=\"NormalTextRun BCX0 SCXP212075416\">Touring 48 Ferry<\/span><\/span><\/a> e <span class=\"TextRun BCX0 SCXP212075416\" lang=\"EN-US\" xml:lang=\"EN-US\" data-usefontface=\"false\" data-contrast=\"none\"><span class=\"NormalTextRun BCX0 SCXP212075416\"><a href=\"http:\/\/www.smartown.ae\/pt\/touring-48-lounge\/\" target=\"_self\">Touring 48 Lounge<\/a> .<\/span><\/span><\/p>\r\n<p><img decoding=\"async\" title=\"icon-international-shipping\" src=\"http:\/\/www.smartown.ae\/\/wp-content\/uploads\/2022\/04\/icon-international-shipping.png\" alt=\"icon-international-shipping\" \/><\/p>\r\n<h3>Envio internacional<\/h3>\r\n<p>Organizamos o envio para qualquer destino em todo o mundo. Vendemos nossos barcos para todos os 5 continentes. N\u00e3o h\u00e1 pa\u00eds ou ilha que n\u00e3o possamos alcan\u00e7ar. Enviamos para \u00c1frica, Am\u00e9rica Latina, \u00c1sia, Oceania ou qualquer lugar.<\/p>\r\n<h3>Certifica\u00e7\u00f5es<\/h3>\r\n<p><a href=\"https:\/\/www.dnv.com\/\" target=\"_blank\" rel=\"nofollow noopener\"> <img decoding=\"async\" src=\"http:\/\/www.smartown.ae\/wp-content\/uploads\/2022\/04\/GLC-logo.png\" alt=\"http:\/\/www.smartown.ae\/wp-content\/uploads\/2022\/04\/GLC-logo.png\" data-no-lazy=\"1\" \/> <\/a> <a href=\"https:\/\/www.uscg.mil\/\" target=\"_blank\" rel=\"nofollow noopener\"> <img decoding=\"async\" src=\"http:\/\/www.smartown.ae\/wp-content\/uploads\/2022\/04\/USCG-logo.png\" alt=\"http:\/\/www.smartown.ae\/wp-content\/uploads\/2022\/04\/USCG-logo.png\" data-no-lazy=\"1\" \/> <\/a> <a href=\"https:\/\/www.rina.org\/en\" target=\"_blank\" rel=\"nofollow noopener\"> <img decoding=\"async\" src=\"http:\/\/www.smartown.ae\/wp-content\/uploads\/2022\/04\/rina-certification.png\" alt=\"http:\/\/www.smartown.ae\/wp-content\/uploads\/2022\/04\/rina-certification.png\" data-no-lazy=\"1\" \/> <\/a> <a href=\"https:\/\/group.bureauveritas.com\/\" target=\"_blank\" rel=\"nofollow noopener\"> <img decoding=\"async\" src=\"http:\/\/www.smartown.ae\/wp-content\/uploads\/2022\/04\/BV-logo1.png\" alt=\"http:\/\/www.smartown.ae\/wp-content\/uploads\/2022\/04\/BV-logo1.png\" data-no-lazy=\"1\" \/> <\/a><\/p>","protected":false},"excerpt":{"rendered":"<p>Customized Commercial Passenger Boats We Can Customize Our Boats To Your Business Requirements It is not a coincidence that we have sold our passenger boats in all 5 continents. Very few shipyards build vessels of such maneuverability and versatility. The Gulf Craft Touring line can be made as a passenger, search &amp; rescue, patrol, marine [&hellip;]<\/p>\n","protected":false},"author":2,"featured_media":0,"parent":0,"menu_order":0,"comment_status":"closed","ping_status":"closed","template":"","meta":{"site-sidebar-layout":"no-sidebar","site-content-layout":"page-builder","ast-site-content-layout":"full-width-container","site-content-style":"unboxed","site-sidebar-style":"unboxed","ast-global-header-display":"","ast-banner-title-visibility":"","ast-main-header-display":"","ast-hfb-above-header-display":"","ast-hfb-below-header-display":"","ast-hfb-mobile-header-display":"","site-post-title":"disabled","ast-breadcrumbs-content":"disabled","ast-featured-img":"disabled","footer-sml-layout":"","ast-disable-related-posts":"","theme-transparent-header-meta":"default","adv-header-id-meta":"","stick-header-meta":"","header-above-stick-meta":"","header-main-stick-meta":"","header-below-stick-meta":"","astra-migrate-meta-layouts":"set","ast-page-background-enabled":"default","ast-page-background-meta":{"desktop":{"background-color":"var(--ast-global-color-4)","background-image":"","background-repeat":"repeat","background-position":"center center","background-size":"auto","background-attachment":"scroll","background-type":"","background-media":"","overlay-type":"","overlay-color":"","overlay-opacity":"","overlay-gradient":""},"tablet":{"background-color":"","background-image":"","background-repeat":"repeat","background-position":"center center","background-size":"auto","background-attachment":"scroll","background-type":"","background-media":"","overlay-type":"","overlay-color":"","overlay-opacity":"","overlay-gradient":""},"mobile":{"background-color":"","background-image":"","background-repeat":"repeat","background-position":"center center","background-size":"auto","background-attachment":"scroll","background-type":"","background-media":"","overlay-type":"","overlay-color":"","overlay-opacity":"","overlay-gradient":""}},"ast-content-background-meta":{"desktop":{"background-color":"var(--ast-global-color-5)","background-image":"","background-repeat":"repeat","background-position":"center center","background-size":"auto","background-attachment":"scroll","background-type":"","background-media":"","overlay-type":"","overlay-color":"","overlay-opacity":"","overlay-gradient":""},"tablet":{"background-color":"var(--ast-global-color-5)","background-image":"","background-repeat":"repeat","background-position":"center center","background-size":"auto","background-attachment":"scroll","background-type":"","background-media":"","overlay-type":"","overlay-color":"","overlay-opacity":"","overlay-gradient":""},"mobile":{"background-color":"var(--ast-global-color-5)","background-image":"","background-repeat":"repeat","background-position":"center center","background-size":"auto","background-attachment":"scroll","background-type":"","background-media":"","overlay-type":"","overlay-color":"","overlay-opacity":"","overlay-gradient":""}},"footnotes":""},"class_list":["post-8221","page","type-page","status-publish","hentry"],"_links":{"self":[{"href":"https:\/\/www.smartown.ae\/pt\/wp-json\/wp\/v2\/pages\/8221","targetHints":{"allow":["GET"]}}],"collection":[{"href":"https:\/\/www.smartown.ae\/pt\/wp-json\/wp\/v2\/pages"}],"about":[{"href":"https:\/\/www.smartown.ae\/pt\/wp-json\/wp\/v2\/types\/page"}],"author":[{"embeddable":true,"href":"https:\/\/www.smartown.ae\/pt\/wp-json\/wp\/v2\/users\/2"}],"replies":[{"embeddable":true,"href":"https:\/\/www.smartown.ae\/pt\/wp-json\/wp\/v2\/comments?post=8221"}],"version-history":[{"count":0,"href":"https:\/\/www.smartown.ae\/pt\/wp-json\/wp\/v2\/pages\/8221\/revisions"}],"wp:attachment":[{"href":"https:\/\/www.smartown.ae\/pt\/wp-json\/wp\/v2\/media?parent=8221"}],"curies":[{"name":"wp","href":"https:\/\/api.w.org\/{rel}","templated":true}]}}