{"id":8026,"date":"2022-04-07T07:13:04","date_gmt":"2022-04-07T07:13:04","guid":{"rendered":"http:\/\/www.smartown.ae\/?page_id=8026"},"modified":"2025-11-06T19:11:08","modified_gmt":"2025-11-06T15:11:08","slug":"gt46-catamaran","status":"publish","type":"page","link":"https:\/\/www.smartown.ae\/pt\/gt46-catamaran\/","title":{"rendered":"Catamar\u00e3 GT46"},"content":{"rendered":"<h1>\n\t\t\tCatamar\u00e3 GT46\t<\/h1>\n\t\t\t\t<img decoding=\"async\" src=\"https:\/\/www.smartown.ae\/wp-content\/uploads\/2022\/04\/smartown_wave_icon_white.png\" alt=\"smartown_wave_icon_white\" title=\"smartown_wave_icon_white\" itemprop=\"image\"\/>\n\t\t<h2>Catamar\u00e3 de luxo de alta velocidade com efici\u00eancia de combust\u00edvel superior<\/h2>\t\t\t\n\t<p>O <strong>Catamar\u00e3 GT46<\/strong> redefine o que \u00e9 um <strong>catamar\u00e3 de luxo<\/strong> deve ser-entregando excelente <strong>conforto<\/strong>, <strong>velocidade<\/strong>, e <strong>efici\u00eancia<\/strong> para operadores modernos e passageiros exigentes.<\/p>\n<p>Projetado para <strong>alto desempenho<\/strong>, esse <strong>catamar\u00e3 de luxo<\/strong> alcan\u00e7a maior <strong>velocidades de cruzeiro<\/strong> e superior <strong>efici\u00eancia de combust\u00edvel<\/strong> comparado a monocascos similares, reduzindo seus custos operacionais em cada viagem.<\/p>\n<p>Com seu <strong>feixe extra largo<\/strong>, o <strong>GT46<\/strong> oferece o m\u00e1ximo <strong>interior espa\u00e7oso<\/strong> em sua classe, facilmente configur\u00e1vel para <strong>Experi\u00eancias VIP<\/strong> com 16 assentos premium, <strong>assentos da classe executiva<\/strong> para 24 ou at\u00e9 36 passageiros em um refinado <strong>cen\u00e1rio econ\u00f4mico<\/strong>.<\/p>\n<p>Seja para <strong>fretamentos exclusivos<\/strong> ou <strong>uso comercial<\/strong>, o <strong>GT46<\/strong> destaca-se como a melhor escolha em <strong>transporte de catamar\u00e3 de luxo<\/strong>.<\/p>\n<p>Procurando um modelo maior? Descubra nosso <a href=\"https:\/\/www.smartown.ae\/pt\/touring-48-lounge\/\" target=\"_new\" rel=\"noopener\"><strong>Catamar\u00e3 de luxo Touring 48 Lounge<\/strong><\/a>.<\/p>\n\t\t\t<a href=\"http:\/\/www.smartown.ae\/wp-content\/uploads\/2025\/02\/GT46_EN.pdf\" target=\"_blank\" rel=\"noopener\">\n\t\t\t\t\t\t\tBaixar Cat\u00e1logo\n\t\t\t<\/a>\n\t\t<nav>\n\t\t\t<ul>\n\t\t\t\t\t\t\t\t<li data-index=\"0\" tabindex=\"0\">\n\t\t\t\t\t<h5>\n\t\t\t\t\t\t<a href=\"javascript:void(0);\" tabindex=\"-1\">Especifica\u00e7\u00f5es\n\t\t\t\t\t\t\t\t\t\t\t\t<\/a>\n\t\t\t\t\t<\/h5>\n\t\t\t\t<\/li>\n\t\t\t\t\t\t\t<\/ul>\n\t\t<\/nav>\n\t\t\t\t\t<h5>\n\t\t\t\t\t\t\t\t\t\t\t\tEspecifica\u00e7\u00f5es\n\t\t\t\t\t\t\t\t\t\t\t<\/h5>\n\t\t\t\t\t<div class=\"fl-builder-content fl-builder-content-8030 fl-builder-template fl-builder-layout-template fl-builder-global-templates-locked\" data-post-id=\"8030\"><div class=\"fl-row fl-row-full-width fl-row-bg-none fl-node-nqpmo29y4sab fl-row-default-height fl-row-align-center\" data-node=\"nqpmo29y4sab\">\n\t<div class=\"fl-row-content-wrap\">\n\t\t<div class=\"uabb-row-separator uabb-top-row-separator\" >\n<\/div>\n\t\t\t\t\t\t<div class=\"fl-row-content fl-row-full-width fl-node-content\">\n\t\t\n<div class=\"fl-col-group fl-node-deqyvap4f162\" data-node=\"deqyvap4f162\">\n\t\t\t<div class=\"fl-col fl-node-rlex2c9k64vh fl-col-bg-color fl-col-small\" data-node=\"rlex2c9k64vh\">\n\t<div class=\"fl-col-content fl-node-content\"><div class=\"fl-module fl-module-list fl-node-pfj9t0ncwyek so-list\" data-node=\"pfj9t0ncwyek\">\n\t<div class=\"fl-module-content fl-node-content\">\n\t\t<ul class=\"fl-list fl-list-unordered\">\t<li class=\"fl-list-item fl-list-item-0\">\n\t\t<div class=\"fl-list-item-wrapper\">\n\t\t\t<span class=\"fl-list-item-heading\"><span class=\"fl-list-item-heading-icon fl-list-item-heading-left\"><span class=\"fl-list-item-icon\"><\/span><\/span> <span class=\"fl-list-item-heading-text\">Comprimento total: &quot;sem motores&quot; 46 p\u00e9s (14,3 m) <\/span><\/span>\t\t<\/div>\n\t<\/li>\n\t\t<li class=\"fl-list-item fl-list-item-1\">\n\t\t<div class=\"fl-list-item-wrapper\">\n\t\t\t<span class=\"fl-list-item-heading\"><span class=\"fl-list-item-heading-icon fl-list-item-heading-left\"><span class=\"fl-list-item-icon\"><\/span><\/span> <span class=\"fl-list-item-heading-text\">Feixe: 13 p\u00e9s e 7 pol (4,2 m) <\/span><\/span>\t\t<\/div>\n\t<\/li>\n\t\t<li class=\"fl-list-item fl-list-item-2\">\n\t\t<div class=\"fl-list-item-wrapper\">\n\t\t\t<span class=\"fl-list-item-heading\"><span class=\"fl-list-item-heading-icon fl-list-item-heading-left\"><span class=\"fl-list-item-icon\"><\/span><\/span> <span class=\"fl-list-item-heading-text\">Calado: 1 p\u00e9 04 pol (0,4 m) <\/span><\/span>\t\t<\/div>\n\t<\/li>\n\t\t<li class=\"fl-list-item fl-list-item-3\">\n\t\t<div class=\"fl-list-item-wrapper\">\n\t\t\t<span class=\"fl-list-item-heading\"><span class=\"fl-list-item-heading-icon fl-list-item-heading-left\"><span class=\"fl-list-item-icon\"><\/span><\/span> <span class=\"fl-list-item-heading-text\">Tipo de casco: Catamar\u00e3 de casco duplo<\/span><\/span>\t\t<\/div>\n\t<\/li>\n\t\t<li class=\"fl-list-item fl-list-item-4\">\n\t\t<div class=\"fl-list-item-wrapper\">\n\t\t\t<span class=\"fl-list-item-heading\"><span class=\"fl-list-item-heading-icon fl-list-item-heading-left\"><span class=\"fl-list-item-icon\"><\/span><\/span> <span class=\"fl-list-item-heading-text\">Pot\u00eancia m\u00e1xima recomendada: 1.600 HP (externo ou interno)<\/span><\/span>\t\t<\/div>\n\t<\/li>\n\t<\/ul>\t<\/div>\n<\/div>\n<\/div>\n<\/div>\n\t\t\t<div class=\"fl-col fl-node-ub0y6gz7n12k fl-col-bg-color fl-col-small\" data-node=\"ub0y6gz7n12k\">\n\t<div class=\"fl-col-content fl-node-content\"><div class=\"fl-module fl-module-list fl-node-r47oi9as5qv3 so-list\" data-node=\"r47oi9as5qv3\">\n\t<div class=\"fl-module-content fl-node-content\">\n\t\t<ul class=\"fl-list fl-list-unordered\">\t<li class=\"fl-list-item fl-list-item-0\">\n\t\t<div class=\"fl-list-item-wrapper\">\n\t\t\t<span class=\"fl-list-item-heading\"><span class=\"fl-list-item-heading-icon fl-list-item-heading-left\"><span class=\"fl-list-item-icon\"><\/span><\/span> <span class=\"fl-list-item-heading-text\">Deslocamento: 7,5 toneladas<\/span><\/span>\t\t<\/div>\n\t<\/li>\n\t\t<li class=\"fl-list-item fl-list-item-1\">\n\t\t<div class=\"fl-list-item-wrapper\">\n\t\t\t<span class=\"fl-list-item-heading\"><span class=\"fl-list-item-heading-icon fl-list-item-heading-left\"><span class=\"fl-list-item-icon\"><\/span><\/span> <span class=\"fl-list-item-heading-text\">Capacidade do tanque de combust\u00edvel: 600 gal\u00f5es americanos (2.271 l) <\/span><\/span>\t\t<\/div>\n\t<\/li>\n\t\t<li class=\"fl-list-item fl-list-item-2\">\n\t\t<div class=\"fl-list-item-wrapper\">\n\t\t\t<span class=\"fl-list-item-heading\"><span class=\"fl-list-item-heading-icon fl-list-item-heading-left\"><span class=\"fl-list-item-icon\"><\/span><\/span> <span class=\"fl-list-item-heading-text\">Capacidade do tanque de \u00e1gua: 75 gal\u00f5es americanos (283 l) <\/span><\/span>\t\t<\/div>\n\t<\/li>\n\t\t<li class=\"fl-list-item fl-list-item-3\">\n\t\t<div class=\"fl-list-item-wrapper\">\n\t\t\t<span class=\"fl-list-item-heading\"><span class=\"fl-list-item-heading-icon fl-list-item-heading-left\"><span class=\"fl-list-item-icon\"><\/span><\/span> <span class=\"fl-list-item-heading-text\">Capacidade de passageiros: 23 a 36 + tripula\u00e7\u00e3o<\/span><\/span>\t\t<\/div>\n\t<\/li>\n\t<\/ul>\t<\/div>\n<\/div>\n<\/div>\n<\/div>\n\t<\/div>\n\t\t<\/div>\n\t<\/div>\n<\/div>\n<\/div><div class=\"uabb-js-breakpoint\" style=\"display: none;\"><\/div>\t\t\t\t\n\t\t\t\t\t<!-- \/content -->\n\t<!-- \/tabs -->\n\t<h3>Monte o catamar\u00e3 GT46 do seu jeito!<\/h3>\n\t<p>O catamar\u00e3 de luxo GT46 pode ser adaptado para atender operadores comerciais ou aprimorado com uma variedade de recursos de luxo para atender \u00e0s expectativas at\u00e9 dos propriet\u00e1rios mais exigentes.<\/p>\n<p>&nbsp;<\/p>\n<p>Escolha entre v\u00e1rios layouts de deck ou deixe que nossos especialistas ajudem a projetar a configura\u00e7\u00e3o perfeita para suas necessidades.<\/p>\n<p>&nbsp;<\/p>\n<p>N\u00e3o importa se voc\u00ea prefere motores a gasolina ou a diesel, todos os aspectos do GT46 podem ser personalizados para maior conforto, desempenho e experi\u00eancias \u00fanicas a bordo.<\/p>\n<p>&nbsp;<\/p>\n<p>Saiba mais sobre nossa gama completa de op\u00e7\u00f5es em nosso <a href=\"https:\/\/www.smartown.ae\/pt\/servicos-de-personalizacao\/\" target=\"_blank\" rel=\"noopener\">Servi\u00e7os de personaliza\u00e7\u00e3o<\/a> p\u00e1gina.<\/p>\n<p>&nbsp;<\/p>\n<p><strong>Ligue-nos agora para discutir suas necessidades<\/strong><\/p>\n<h2>\n\t\t\tDisposi\u00e7\u00f5es Gerais\t<\/h2>\n<h3>\n\t\t\tGT46VIP: 16 passageiros + tripula\u00e7\u00e3o\t<\/h3>\n\t\t\t\t<img decoding=\"async\" src=\"http:\/\/www.smartown.ae\/wp-content\/uploads\/2025\/02\/GT46VIP-Layout-1.png\" alt=\"Layout de barco de passageiros Catamaran GT46VIP para 16 passageiros VIP + tripula\u00e7\u00e3o\" itemprop=\"image\" title=\"Layout do GT46VIP\" onerror=\"this.style.display='none'\" loading=\"lazy\" \/>\n<h3>\n\t\t\tGT46BUSINESS: 24 PASSAGEIROS + TRIPULA\u00c7\u00c3O\t<\/h3>\n\t\t\t\t<img decoding=\"async\" src=\"http:\/\/www.smartown.ae\/wp-content\/uploads\/2025\/02\/GT46BUSINESS-Layout.png\" alt=\"Layout de barco de passageiros catamar\u00e3 GT46BUSINESS para 24 assentos de luxo + tripula\u00e7\u00e3o\" itemprop=\"image\" title=\"Layout do GT46BUSINESS\" onerror=\"this.style.display='none'\" loading=\"lazy\" \/>\n<h3>\n\t\t\tGT46ECONOMY: 36 PASSAGEIROS + TRIPULA\u00c7\u00c3O\t<\/h3>\n\t\t\t\t<img decoding=\"async\" src=\"http:\/\/www.smartown.ae\/wp-content\/uploads\/2025\/02\/GT46ECONOMY-Layout.png\" alt=\"Layout de barco de passageiros catamar\u00e3 GT46ECONOMY para 36 assentos confort\u00e1veis + tripula\u00e7\u00e3o\" itemprop=\"image\" title=\"Layout do GT46ECONOMY\" onerror=\"this.style.display='none'\" loading=\"lazy\" \/>\n<h2>\n\t\t\tV\u00eddeo\t<\/h2>\n\t\t\t\t\t<img decoding=\"async\" src=\"https:\/\/i.ytimg.com\/vi\/m7WJq9SEPyE\/maxresdefault.jpg\" alt=\"miniatura de v\u00eddeo do youtube\"\/>\n\t\t<h2>\n\t\t\tCat\u00e1logo\t<\/h2>\n\t<p>Para mais informa\u00e7\u00f5es, fa\u00e7a o download do cat\u00e1logo.<\/p>\n\t\t\t<a href=\"http:\/\/www.smartown.ae\/wp-content\/uploads\/2025\/02\/GT46_EN.pdf\" target=\"_blank\" rel=\"noopener\">\n\t\t\t\t\t\t\tBaixar Cat\u00e1logo\n\t\t\t<\/a>\n<h2>\n\t\t\tCota\u00e7\u00e3o\t<\/h2>\n\t<p>Se voc\u00ea estiver procurando por um barco de passageiros ou uma embarca\u00e7\u00e3o especial.<\/p>\n\t\t\t<a href=\"\/pt\/contato-smartown\/\" target=\"_blank\" rel=\"noopener\">\n\t\t\t\t\t\t\tFale Conosco\n\t\t\t<\/a>\n\t\t\t\t<img decoding=\"async\" src=\"https:\/\/www.smartown.ae\/wp-content\/uploads\/2023\/07\/TALK-TO-US.png\" alt=\"FALE CONOSCO\" itemprop=\"image\" height=\"162\" width=\"161\" title=\"FALE CONOSCO\" onerror=\"this.style.display='none'\" loading=\"lazy\" \/>\n<h3>\n\t\t\tBarcos de passageiros semelhantes\t<\/h3>\n\t<a href=\"\/pt\/touring-48-lounge\/\" target=\"_self\"  aria-label=\"V\u00e1 para \/touring-48-lounge\/\"><\/a>\n\t\t\t\t<img decoding=\"async\" src=\"https:\/\/www.smartown.ae\/wp-content\/uploads\/2023\/07\/Touring-48-Lounge.jpg\" alt=\"Touring 48 Lounge\" title=\"Touring 48 Lounge\" itemprop=\"image\"\/>\n\t\t<h4>Touring 48 Lounge<\/h4>\t\t\t\n\t<a href=\"\/pt\/touring-48-ferry\/\" target=\"_self\"  aria-label=\"V\u00e1 para \/touring-48-ferry\/\"><\/a>\n\t\t\t\t<img decoding=\"async\" src=\"https:\/\/www.smartown.ae\/wp-content\/uploads\/2018\/10\/Touring-48.jpg\" alt=\"Barco de passageiros externo totalmente fechado com 46 assentos de passageiros estilo \u00f4nibus e compartimento de bagagem. \" title=\"Vers\u00e3o Touring 48 Ferry\" itemprop=\"image\"\/>\n\t\t<h4>Touring 48 Ferry<\/h4>\t\t\t\n\t<a href=\"\/pt\/touring-36\/\" target=\"_self\"  aria-label=\"V\u00e1 para \/touring-36\/\"><\/a>\n\t\t\t\t<img decoding=\"async\" src=\"http:\/\/www.smartown.ae\/wp-content\/uploads\/2022\/04\/touring-36-main.jpg\" alt=\"touring-36-main\" title=\"touring-36-main\" itemprop=\"image\"\/>\n\t\t<h4>Touring 36<\/h4>","protected":false},"excerpt":{"rendered":"<p>GT46 Catamaran High-Speed Luxury Catamaran With Superior Fuel Efficiency The GT46 Catamaran redefines what a luxury catamaran should be-delivering outstanding comfort, speed, and efficiency for modern operators and discerning passengers. Engineered for high performance, this luxury catamaran achieves greater cruising speeds and superior fuel efficiency compared to similar monohulls, reducing your operational costs on every [&hellip;]<\/p>\n","protected":false},"author":2,"featured_media":0,"parent":0,"menu_order":0,"comment_status":"closed","ping_status":"closed","template":"","meta":{"site-sidebar-layout":"no-sidebar","site-content-layout":"page-builder","ast-site-content-layout":"full-width-container","site-content-style":"unboxed","site-sidebar-style":"unboxed","ast-global-header-display":"","ast-banner-title-visibility":"","ast-main-header-display":"","ast-hfb-above-header-display":"","ast-hfb-below-header-display":"","ast-hfb-mobile-header-display":"","site-post-title":"disabled","ast-breadcrumbs-content":"disabled","ast-featured-img":"disabled","footer-sml-layout":"","ast-disable-related-posts":"","theme-transparent-header-meta":"default","adv-header-id-meta":"","stick-header-meta":"","header-above-stick-meta":"","header-main-stick-meta":"","header-below-stick-meta":"","astra-migrate-meta-layouts":"set","ast-page-background-enabled":"default","ast-page-background-meta":{"desktop":{"background-color":"var(--ast-global-color-4)","background-image":"","background-repeat":"repeat","background-position":"center center","background-size":"auto","background-attachment":"scroll","background-type":"","background-media":"","overlay-type":"","overlay-color":"","overlay-opacity":"","overlay-gradient":""},"tablet":{"background-color":"","background-image":"","background-repeat":"repeat","background-position":"center center","background-size":"auto","background-attachment":"scroll","background-type":"","background-media":"","overlay-type":"","overlay-color":"","overlay-opacity":"","overlay-gradient":""},"mobile":{"background-color":"","background-image":"","background-repeat":"repeat","background-position":"center center","background-size":"auto","background-attachment":"scroll","background-type":"","background-media":"","overlay-type":"","overlay-color":"","overlay-opacity":"","overlay-gradient":""}},"ast-content-background-meta":{"desktop":{"background-color":"var(--ast-global-color-5)","background-image":"","background-repeat":"repeat","background-position":"center center","background-size":"auto","background-attachment":"scroll","background-type":"","background-media":"","overlay-type":"","overlay-color":"","overlay-opacity":"","overlay-gradient":""},"tablet":{"background-color":"var(--ast-global-color-5)","background-image":"","background-repeat":"repeat","background-position":"center center","background-size":"auto","background-attachment":"scroll","background-type":"","background-media":"","overlay-type":"","overlay-color":"","overlay-opacity":"","overlay-gradient":""},"mobile":{"background-color":"var(--ast-global-color-5)","background-image":"","background-repeat":"repeat","background-position":"center center","background-size":"auto","background-attachment":"scroll","background-type":"","background-media":"","overlay-type":"","overlay-color":"","overlay-opacity":"","overlay-gradient":""}},"footnotes":""},"class_list":["post-8026","page","type-page","status-publish","hentry"],"_links":{"self":[{"href":"https:\/\/www.smartown.ae\/pt\/wp-json\/wp\/v2\/pages\/8026","targetHints":{"allow":["GET"]}}],"collection":[{"href":"https:\/\/www.smartown.ae\/pt\/wp-json\/wp\/v2\/pages"}],"about":[{"href":"https:\/\/www.smartown.ae\/pt\/wp-json\/wp\/v2\/types\/page"}],"author":[{"embeddable":true,"href":"https:\/\/www.smartown.ae\/pt\/wp-json\/wp\/v2\/users\/2"}],"replies":[{"embeddable":true,"href":"https:\/\/www.smartown.ae\/pt\/wp-json\/wp\/v2\/comments?post=8026"}],"version-history":[{"count":0,"href":"https:\/\/www.smartown.ae\/pt\/wp-json\/wp\/v2\/pages\/8026\/revisions"}],"wp:attachment":[{"href":"https:\/\/www.smartown.ae\/pt\/wp-json\/wp\/v2\/media?parent=8026"}],"curies":[{"name":"wp","href":"https:\/\/api.w.org\/{rel}","templated":true}]}}