{"id":8004,"date":"2022-04-07T06:21:18","date_gmt":"2022-04-07T06:21:18","guid":{"rendered":"http:\/\/www.smartown.ae\/?page_id=8004"},"modified":"2026-02-03T17:51:00","modified_gmt":"2026-02-03T13:51:00","slug":"transporter-32","status":"publish","type":"page","link":"https:\/\/www.smartown.ae\/pt\/transporter-32\/","title":{"rendered":"Transporter 32"},"content":{"rendered":"<h1>\r\n\t\t\tTransporter 32\t<\/h1>\r\n\t\t\t\t<img decoding=\"async\" src=\"http:\/\/www.smartown.ae\/wp-content\/uploads\/2022\/04\/smartown_wave_icon_white.png\" alt=\"smartown_wave_icon_white\" title=\"smartown_wave_icon_white\" itemprop=\"image\"\/>\r\n\t\t<h2>Barco de passageiros b\u00e1sico de alta qualidade<\/h2>\t\t\t\r\n\t<p>O Transporter 32 se destaca como um <strong data-start=\"266\" data-end=\"293\">barco de passageiros confi\u00e1vel<\/strong> projetado para aplica\u00e7\u00f5es comerciais exigentes.<\/p>\r\n<p>&nbsp;<\/p>\r\n<p>Constru\u00edda para atender aos mais altos padr\u00f5es de servi\u00e7o pesado, esta embarca\u00e7\u00e3o robusta combina t\u00e9cnicas japonesas de moldagem de PRFV com constru\u00e7\u00e3o avan\u00e7ada para maior durabilidade e tranquilidade na \u00e1gua.<\/p>\r\n<p>&nbsp;<\/p>\r\n<p>Os operadores valorizam sua reputa\u00e7\u00e3o como uma solu\u00e7\u00e3o de transporte confi\u00e1vel, garantindo viagens seguras para at\u00e9 25 passageiros, incluindo a tripula\u00e7\u00e3o.<\/p>\r\n<p>&nbsp;<\/p>\r\n<p>Projetado para quem necessita de um <strong data-start=\"703\" data-end=\"734\">embarca\u00e7\u00e3o de passageiros confi\u00e1vel<\/strong> que funciona consistentemente em diversas condi\u00e7\u00f5es, o Transporter 32 oferece estabilidade excepcional, baixa manuten\u00e7\u00e3o e efici\u00eancia de custos.<\/p>\r\n<p>&nbsp;<\/p>\r\n<p>Para empresas e servi\u00e7os de t\u00e1xi aqu\u00e1tico que buscam um <strong data-start=\"921\" data-end=\"957\">barco de passageiros seguro e resistente<\/strong>, o Transporter 32 oferece valor excepcional, resili\u00eancia e confiabilidade operacional em cada viagem.<\/p>\r\n\t\t\t<a href=\"\/wp-content\/uploads\/2023\/09\/Transporter-32_PT.pdf\" target=\"_blank\" rel=\"noopener\">\r\n\t\t\t\t\t\t\tBaixar Cat\u00e1logo\r\n\t\t\t<\/a>\r\n\t\t<nav>\r\n\t\t\t<ul>\r\n\t\t\t\t\t\t\t\t<li data-index=\"0\" tabindex=\"0\">\r\n\t\t\t\t\t<h5>\r\n\t\t\t\t\t\t<a href=\"javascript:void(0);\" tabindex=\"-1\">Especifica\u00e7\u00f5es\r\n\t\t\t\t\t\t\t\t\t\t\t\t<\/a>\r\n\t\t\t\t\t<\/h5>\r\n\t\t\t\t<\/li>\r\n\t\t\t\t\t\t\t<\/ul>\r\n\t\t<\/nav>\r\n\t\t\t\t\t<div class=\"fl-builder-content fl-builder-content-8009 fl-builder-template fl-builder-layout-template fl-builder-global-templates-locked\" data-post-id=\"8009\"><div class=\"fl-row fl-row-full-width fl-row-bg-none fl-node-47beax8wkut0 fl-row-default-height fl-row-align-center\" data-node=\"47beax8wkut0\">\n\t<div class=\"fl-row-content-wrap\">\n\t\t<div class=\"uabb-row-separator uabb-top-row-separator\" >\n<\/div>\n\t\t\t\t\t\t<div class=\"fl-row-content fl-row-full-width fl-node-content\">\n\t\t\n<div class=\"fl-col-group fl-node-3puwtd4x57im\" data-node=\"3puwtd4x57im\">\n\t\t\t<div class=\"fl-col fl-node-osfzlvgby5em fl-col-bg-color fl-col-small\" data-node=\"osfzlvgby5em\">\n\t<div class=\"fl-col-content fl-node-content\"><div class=\"fl-module fl-module-list fl-node-ye1u4g02k9hf so-list\" data-node=\"ye1u4g02k9hf\">\n\t<div class=\"fl-module-content fl-node-content\">\n\t\t<ul class=\"fl-list fl-list-unordered\">\t<li class=\"fl-list-item fl-list-item-0\">\n\t\t<div class=\"fl-list-item-wrapper\">\n\t\t\t<span class=\"fl-list-item-heading\"><span class=\"fl-list-item-heading-icon fl-list-item-heading-left\"><span class=\"fl-list-item-icon\"><\/span><\/span> <span class=\"fl-list-item-heading-text\">Comprimento total: &quot;sem motores&quot; 32 p\u00e9s (9,75 m) <\/span><\/span>\t\t<\/div>\n\t<\/li>\n\t\t<li class=\"fl-list-item fl-list-item-1\">\n\t\t<div class=\"fl-list-item-wrapper\">\n\t\t\t<span class=\"fl-list-item-heading\"><span class=\"fl-list-item-heading-icon fl-list-item-heading-left\"><span class=\"fl-list-item-icon\"><\/span><\/span> <span class=\"fl-list-item-heading-text\">Feixe: 8 p\u00e9s e 05 pol. (2,45 m) <\/span><\/span>\t\t<\/div>\n\t<\/li>\n\t\t<li class=\"fl-list-item fl-list-item-2\">\n\t\t<div class=\"fl-list-item-wrapper\">\n\t\t\t<span class=\"fl-list-item-heading\"><span class=\"fl-list-item-heading-icon fl-list-item-heading-left\"><span class=\"fl-list-item-icon\"><\/span><\/span> <span class=\"fl-list-item-heading-text\">Calado: 1 p\u00e9 9 pol. (0,58 m) <\/span><\/span>\t\t<\/div>\n\t<\/li>\n\t\t<li class=\"fl-list-item fl-list-item-3\">\n\t\t<div class=\"fl-list-item-wrapper\">\n\t\t\t<span class=\"fl-list-item-heading\"><span class=\"fl-list-item-heading-icon fl-list-item-heading-left\"><span class=\"fl-list-item-icon\"><\/span><\/span> <span class=\"fl-list-item-heading-text\">Material do casco: PRFV <\/span><\/span>\t\t<\/div>\n\t<\/li>\n\t\t<li class=\"fl-list-item fl-list-item-4\">\n\t\t<div class=\"fl-list-item-wrapper\">\n\t\t\t<span class=\"fl-list-item-heading\"><span class=\"fl-list-item-heading-icon fl-list-item-heading-left\"><span class=\"fl-list-item-icon\"><\/span><\/span> <span class=\"fl-list-item-heading-text\">Peso: 1,9 toneladas <\/span><\/span>\t\t<\/div>\n\t<\/li>\n\t<\/ul>\t<\/div>\n<\/div>\n<\/div>\n<\/div>\n\t\t\t<div class=\"fl-col fl-node-sxywe48vjd23 fl-col-bg-color fl-col-small\" data-node=\"sxywe48vjd23\">\n\t<div class=\"fl-col-content fl-node-content\"><div class=\"fl-module fl-module-list fl-node-kaqwdpznu3t8 so-list\" data-node=\"kaqwdpznu3t8\">\n\t<div class=\"fl-module-content fl-node-content\">\n\t\t<ul class=\"fl-list fl-list-unordered\">\t<li class=\"fl-list-item fl-list-item-0\">\n\t\t<div class=\"fl-list-item-wrapper\">\n\t\t\t<span class=\"fl-list-item-heading\"><span class=\"fl-list-item-heading-icon fl-list-item-heading-left\"><span class=\"fl-list-item-icon\"><\/span><\/span> <span class=\"fl-list-item-heading-text\">Motores padr\u00e3o: motor de popa Yamaha 2x150 HP <\/span><\/span>\t\t<\/div>\n\t<\/li>\n\t\t<li class=\"fl-list-item fl-list-item-1\">\n\t\t<div class=\"fl-list-item-wrapper\">\n\t\t\t<span class=\"fl-list-item-heading\"><span class=\"fl-list-item-heading-icon fl-list-item-heading-left\"><span class=\"fl-list-item-icon\"><\/span><\/span> <span class=\"fl-list-item-heading-text\">Velocidade m\u00e1xima: 32 n\u00f3s <\/span><\/span>\t\t<\/div>\n\t<\/li>\n\t\t<li class=\"fl-list-item fl-list-item-2\">\n\t\t<div class=\"fl-list-item-wrapper\">\n\t\t\t<span class=\"fl-list-item-heading\"><span class=\"fl-list-item-heading-icon fl-list-item-heading-left\"><span class=\"fl-list-item-icon\"><\/span><\/span> <span class=\"fl-list-item-heading-text\">Capacidade do tanque de combust\u00edvel: 150 gal\u00f5es americanos (568 l)<\/span><\/span>\t\t<\/div>\n\t<\/li>\n\t\t<li class=\"fl-list-item fl-list-item-3\">\n\t\t<div class=\"fl-list-item-wrapper\">\n\t\t\t<span class=\"fl-list-item-heading\"><span class=\"fl-list-item-heading-icon fl-list-item-heading-left\"><span class=\"fl-list-item-icon\"><\/span><\/span> <span class=\"fl-list-item-heading-text\">Capacidade de passageiros: 25 pessoas (incluindo piloto e assistente)<\/span><\/span>\t\t<\/div>\n\t<\/li>\n\t<\/ul>\t<\/div>\n<\/div>\n<\/div>\n<\/div>\n\t<\/div>\n\t\t<\/div>\n\t<\/div>\n<\/div>\n<\/div><div class=\"uabb-js-breakpoint\" style=\"display: none;\"><\/div>\t\t\t\t\r\n\t\t\t\t\t<!-- \/content -->\r\n\t<!-- \/tabs -->\r\n<h2>\r\n\t\t\tCat\u00e1logo\t<\/h2>\r\n\t<p>Para mais informa\u00e7\u00f5es, fa\u00e7a o download do cat\u00e1logo.<\/p>\r\n\t\t\t<a href=\"\/wp-content\/uploads\/2023\/09\/Transporter-32_PT.pdf\" target=\"_blank\" rel=\"noopener\">\r\n\t\t\t\t\t\t\tBaixar Cat\u00e1logo\r\n\t\t\t<\/a>\r\n<h2>\r\n\t\t\tCota\u00e7\u00e3o\t<\/h2>\r\n\t<p>Se voc\u00ea estiver procurando por um barco de passageiros ou uma embarca\u00e7\u00e3o especial.<\/p>\r\n\t\t\t<a href=\"\/pt\/contato-smartown\/\" target=\"_blank\" rel=\"noopener\">\r\n\t\t\t\t\t\t\tFale Conosco\r\n\t\t\t<\/a>\r\n\t\t\t\t<img decoding=\"async\" src=\"https:\/\/www.smartown.ae\/wp-content\/uploads\/2023\/07\/TALK-TO-US.png\" alt=\"FALE CONOSCO\" itemprop=\"image\" height=\"162\" width=\"161\" title=\"FALE CONOSCO\" onerror=\"this.style.display='none'\" loading=\"lazy\" \/>\r\n<h3>\r\n\t\t\tBarcos de passageiros semelhantes\t<\/h3>\r\n\t<a href=\"\/pt\/touring-36\/\" target=\"_self\"  aria-label=\"V\u00e1 para \/touring-36\/\"><\/a>\r\n\t\t\t\t<img decoding=\"async\" src=\"http:\/\/www.smartown.ae\/wp-content\/uploads\/2022\/04\/touring-36-main.jpg\" alt=\"touring-36-main\" title=\"touring-36-main\" itemprop=\"image\"\/>\r\n\t\t<h4>Touring 36<\/h4>","protected":false},"excerpt":{"rendered":"<p>Transporter 32 High quality basic passenger boat The Transporter 32 stands out as a reliable passenger boat engineered for demanding commercial applications. &nbsp; Built to meet the highest heavy-duty standards, this robust vessel combines Japanese GRP molding techniques with advanced construction for long-lasting durability and peace of mind on the water. &nbsp; Operators value its [&hellip;]<\/p>\n","protected":false},"author":2,"featured_media":0,"parent":0,"menu_order":0,"comment_status":"closed","ping_status":"closed","template":"","meta":{"site-sidebar-layout":"no-sidebar","site-content-layout":"page-builder","ast-site-content-layout":"full-width-container","site-content-style":"unboxed","site-sidebar-style":"unboxed","ast-global-header-display":"","ast-banner-title-visibility":"","ast-main-header-display":"","ast-hfb-above-header-display":"","ast-hfb-below-header-display":"","ast-hfb-mobile-header-display":"","site-post-title":"disabled","ast-breadcrumbs-content":"disabled","ast-featured-img":"disabled","footer-sml-layout":"","ast-disable-related-posts":"","theme-transparent-header-meta":"default","adv-header-id-meta":"","stick-header-meta":"","header-above-stick-meta":"","header-main-stick-meta":"","header-below-stick-meta":"","astra-migrate-meta-layouts":"set","ast-page-background-enabled":"default","ast-page-background-meta":{"desktop":{"background-color":"var(--ast-global-color-4)","background-image":"","background-repeat":"repeat","background-position":"center center","background-size":"auto","background-attachment":"scroll","background-type":"","background-media":"","overlay-type":"","overlay-color":"","overlay-opacity":"","overlay-gradient":""},"tablet":{"background-color":"","background-image":"","background-repeat":"repeat","background-position":"center center","background-size":"auto","background-attachment":"scroll","background-type":"","background-media":"","overlay-type":"","overlay-color":"","overlay-opacity":"","overlay-gradient":""},"mobile":{"background-color":"","background-image":"","background-repeat":"repeat","background-position":"center center","background-size":"auto","background-attachment":"scroll","background-type":"","background-media":"","overlay-type":"","overlay-color":"","overlay-opacity":"","overlay-gradient":""}},"ast-content-background-meta":{"desktop":{"background-color":"var(--ast-global-color-5)","background-image":"","background-repeat":"repeat","background-position":"center center","background-size":"auto","background-attachment":"scroll","background-type":"","background-media":"","overlay-type":"","overlay-color":"","overlay-opacity":"","overlay-gradient":""},"tablet":{"background-color":"var(--ast-global-color-5)","background-image":"","background-repeat":"repeat","background-position":"center center","background-size":"auto","background-attachment":"scroll","background-type":"","background-media":"","overlay-type":"","overlay-color":"","overlay-opacity":"","overlay-gradient":""},"mobile":{"background-color":"var(--ast-global-color-5)","background-image":"","background-repeat":"repeat","background-position":"center center","background-size":"auto","background-attachment":"scroll","background-type":"","background-media":"","overlay-type":"","overlay-color":"","overlay-opacity":"","overlay-gradient":""}},"footnotes":""},"class_list":["post-8004","page","type-page","status-publish","hentry"],"_links":{"self":[{"href":"https:\/\/www.smartown.ae\/pt\/wp-json\/wp\/v2\/pages\/8004","targetHints":{"allow":["GET"]}}],"collection":[{"href":"https:\/\/www.smartown.ae\/pt\/wp-json\/wp\/v2\/pages"}],"about":[{"href":"https:\/\/www.smartown.ae\/pt\/wp-json\/wp\/v2\/types\/page"}],"author":[{"embeddable":true,"href":"https:\/\/www.smartown.ae\/pt\/wp-json\/wp\/v2\/users\/2"}],"replies":[{"embeddable":true,"href":"https:\/\/www.smartown.ae\/pt\/wp-json\/wp\/v2\/comments?post=8004"}],"version-history":[{"count":0,"href":"https:\/\/www.smartown.ae\/pt\/wp-json\/wp\/v2\/pages\/8004\/revisions"}],"wp:attachment":[{"href":"https:\/\/www.smartown.ae\/pt\/wp-json\/wp\/v2\/media?parent=8004"}],"curies":[{"name":"wp","href":"https:\/\/api.w.org\/{rel}","templated":true}]}}