{"id":7671,"date":"2022-04-06T06:18:53","date_gmt":"2022-04-06T06:18:53","guid":{"rendered":"http:\/\/www.smartown.ae\/?page_id=7671"},"modified":"2025-11-06T18:56:43","modified_gmt":"2025-11-06T14:56:43","slug":"touring-36","status":"publish","type":"page","link":"https:\/\/www.smartown.ae\/pt\/touring-36\/","title":{"rendered":"Touring 36"},"content":{"rendered":"<h1>\n\t\t\tTouring 36\t<\/h1>\n\t\t\t\t<img decoding=\"async\" src=\"http:\/\/www.smartown.ae\/wp-content\/uploads\/2022\/04\/smartown_wave_icon_white.png\" alt=\"smartown_wave_icon_white\" title=\"smartown_wave_icon_white\" itemprop=\"image\"\/>\n\t\t<h2>O barco de passageiros mais popular do mundo<\/h2>\t\t\t\n\tO Touring 36 \u00e9 o barco de passageiros mais vendido do mundo, confi\u00e1vel por operadores de transporte aqu\u00e1tico em mais de 70 pa\u00edses por sua confiabilidade incompar\u00e1vel e desempenho excepcional.<br \/>\nReconhecido como a embarca\u00e7\u00e3o preferida no setor, este barco de turismo oferece excelente dirigibilidade no mar, excelente estabilidade e um layout funcional e confort\u00e1vel, tornando-o perfeito para t\u00e1xis aqu\u00e1ticos, rotas programadas e cruzeiros tur\u00edsticos.\n<p>Com uma reputa\u00e7\u00e3o constru\u00edda em seguran\u00e7a, efici\u00eancia e conforto para o cliente, o Touring 36 \u00e9 o complemento ideal para qualquer frota de passageiros, ajudando voc\u00ea a fornecer transporte confi\u00e1vel e de alta qualidade em rios, litorais e hidrovias urbanas.<\/p>\n<p>Pronto para expandir seus neg\u00f3cios? Descubra por que o Touring 36 da Smart Own \u00e9 l\u00edder em solu\u00e7\u00f5es modernas de transporte aqu\u00e1tico.<\/p>\n\t\t\t<a href=\"\/wp-content\/uploads\/2023\/09\/Touring-36_PT.pdf\" target=\"_blank\" rel=\"noopener\">\n\t\t\t\t\t\t\tBaixar Cat\u00e1logo\n\t\t\t<\/a>\n\t\t<nav>\n\t\t\t<ul>\n\t\t\t\t\t\t\t\t<li data-index=\"0\" tabindex=\"0\">\n\t\t\t\t\t<h5>\n\t\t\t\t\t\t<a href=\"javascript:void(0);\" tabindex=\"-1\">Especifica\u00e7\u00f5es\n\t\t\t\t\t\t\t\t\t\t\t\t<\/a>\n\t\t\t\t\t<\/h5>\n\t\t\t\t<\/li>\n\t\t\t\t\t\t\t<\/ul>\n\t\t<\/nav>\n\t\t\t\t\t<div class=\"fl-builder-content fl-builder-content-7677 fl-builder-template fl-builder-layout-template fl-builder-global-templates-locked\" data-post-id=\"7677\"><div class=\"fl-row fl-row-full-width fl-row-bg-none fl-node-gvboe1hrw8xt fl-row-default-height fl-row-align-center\" data-node=\"gvboe1hrw8xt\">\n\t<div class=\"fl-row-content-wrap\">\n\t\t<div class=\"uabb-row-separator uabb-top-row-separator\" >\n<\/div>\n\t\t\t\t\t\t<div class=\"fl-row-content fl-row-full-width fl-node-content\">\n\t\t\n<div class=\"fl-col-group fl-node-5g2xes70hbnp\" data-node=\"5g2xes70hbnp\">\n\t\t\t<div class=\"fl-col fl-node-nvb5exgikhla fl-col-bg-color fl-col-small\" data-node=\"nvb5exgikhla\">\n\t<div class=\"fl-col-content fl-node-content\"><div class=\"fl-module fl-module-list fl-node-h5iz37kyq4tp so-list\" data-node=\"h5iz37kyq4tp\">\n\t<div class=\"fl-module-content fl-node-content\">\n\t\t<ul class=\"fl-list fl-list-unordered\">\t<li class=\"fl-list-item fl-list-item-0\">\n\t\t<div class=\"fl-list-item-wrapper\">\n\t\t\t<span class=\"fl-list-item-heading\"><span class=\"fl-list-item-heading-icon fl-list-item-heading-left\"><span class=\"fl-list-item-icon\"><\/span><\/span> <span class=\"fl-list-item-heading-text\">Comprimento total: &quot;sem motores&quot; 36 p\u00e9s (10,9 m) <\/span><\/span>\t\t<\/div>\n\t<\/li>\n\t\t<li class=\"fl-list-item fl-list-item-1\">\n\t\t<div class=\"fl-list-item-wrapper\">\n\t\t\t<span class=\"fl-list-item-heading\"><span class=\"fl-list-item-heading-icon fl-list-item-heading-left\"><span class=\"fl-list-item-icon\"><\/span><\/span> <span class=\"fl-list-item-heading-text\">Feixe: 9 p\u00e9s e 10 pol. (2,77 m) <\/span><\/span>\t\t<\/div>\n\t<\/li>\n\t\t<li class=\"fl-list-item fl-list-item-2\">\n\t\t<div class=\"fl-list-item-wrapper\">\n\t\t\t<span class=\"fl-list-item-heading\"><span class=\"fl-list-item-heading-icon fl-list-item-heading-left\"><span class=\"fl-list-item-icon\"><\/span><\/span> <span class=\"fl-list-item-heading-text\">Calado: 1 p\u00e9 e 7 pol. (0,52 m) <\/span><\/span>\t\t<\/div>\n\t<\/li>\n\t\t<li class=\"fl-list-item fl-list-item-3\">\n\t\t<div class=\"fl-list-item-wrapper\">\n\t\t\t<span class=\"fl-list-item-heading\"><span class=\"fl-list-item-heading-icon fl-list-item-heading-left\"><span class=\"fl-list-item-icon\"><\/span><\/span> <span class=\"fl-list-item-heading-text\">Material do casco: PRFV <\/span><\/span>\t\t<\/div>\n\t<\/li>\n\t\t<li class=\"fl-list-item fl-list-item-4\">\n\t\t<div class=\"fl-list-item-wrapper\">\n\t\t\t<span class=\"fl-list-item-heading\"><span class=\"fl-list-item-heading-icon fl-list-item-heading-left\"><span class=\"fl-list-item-icon\"><\/span><\/span> <span class=\"fl-list-item-heading-text\">Peso: &quot;sem motores&quot; 10900 lbs (4955 kg) <\/span><\/span>\t\t<\/div>\n\t<\/li>\n\t<\/ul>\t<\/div>\n<\/div>\n<\/div>\n<\/div>\n\t\t\t<div class=\"fl-col fl-node-qvt8gif06sob fl-col-bg-color fl-col-small\" data-node=\"qvt8gif06sob\">\n\t<div class=\"fl-col-content fl-node-content\"><div class=\"fl-module fl-module-list fl-node-dv82c6rjsyxn so-list\" data-node=\"dv82c6rjsyxn\">\n\t<div class=\"fl-module-content fl-node-content\">\n\t\t<ul class=\"fl-list fl-list-unordered\">\t<li class=\"fl-list-item fl-list-item-0\">\n\t\t<div class=\"fl-list-item-wrapper\">\n\t\t\t<span class=\"fl-list-item-heading\"><span class=\"fl-list-item-heading-icon fl-list-item-heading-left\"><span class=\"fl-list-item-icon\"><\/span><\/span> <span class=\"fl-list-item-heading-text\">Motores: Twin 2x250HP (padr\u00e3o) Twin 2x300HP (opcional) <\/span><\/span>\t\t<\/div>\n\t<\/li>\n\t\t<li class=\"fl-list-item fl-list-item-1\">\n\t\t<div class=\"fl-list-item-wrapper\">\n\t\t\t<span class=\"fl-list-item-heading\"><span class=\"fl-list-item-heading-icon fl-list-item-heading-left\"><span class=\"fl-list-item-icon\"><\/span><\/span> <span class=\"fl-list-item-heading-text\">Velocidade m\u00e1xima: 37 n\u00f3s (2x250HP) 40 n\u00f3s (2x300HP) <\/span><\/span>\t\t<\/div>\n\t<\/li>\n\t\t<li class=\"fl-list-item fl-list-item-2\">\n\t\t<div class=\"fl-list-item-wrapper\">\n\t\t\t<span class=\"fl-list-item-heading\"><span class=\"fl-list-item-heading-icon fl-list-item-heading-left\"><span class=\"fl-list-item-icon\"><\/span><\/span> <span class=\"fl-list-item-heading-text\">Capacidade do tanque de combust\u00edvel: 200 gal\u00f5es americanos (757 l)<\/span><\/span>\t\t<\/div>\n\t<\/li>\n\t\t<li class=\"fl-list-item fl-list-item-3\">\n\t\t<div class=\"fl-list-item-wrapper\">\n\t\t\t<span class=\"fl-list-item-heading\"><span class=\"fl-list-item-heading-icon fl-list-item-heading-left\"><span class=\"fl-list-item-icon\"><\/span><\/span> <span class=\"fl-list-item-heading-text\">Capacidade do tanque de \u00e1gua: 60 gal\u00f5es americanos (230 l)<\/span><\/span>\t\t<\/div>\n\t<\/li>\n\t\t<li class=\"fl-list-item fl-list-item-4\">\n\t\t<div class=\"fl-list-item-wrapper\">\n\t\t\t<span class=\"fl-list-item-heading\"><span class=\"fl-list-item-heading-icon fl-list-item-heading-left\"><span class=\"fl-list-item-icon\"><\/span><\/span> <span class=\"fl-list-item-heading-text\">Capacidade de passageiros: 29 pessoas (23 na cabine + 6 na proa)<\/span><\/span>\t\t<\/div>\n\t<\/li>\n\t<\/ul>\t<\/div>\n<\/div>\n<\/div>\n<\/div>\n\t<\/div>\n\t\t<\/div>\n\t<\/div>\n<\/div>\n<\/div><div class=\"uabb-js-breakpoint\" style=\"display: none;\"><\/div>\t\t\t\t\n\t\t\t\t\t<!-- \/content -->\n\t<!-- \/tabs -->\n<h2>\n\t\t\tLayout padr\u00e3o\t<\/h2>\n<h3>\n\t\t\tMuitas op\u00e7\u00f5es de layout dispon\u00edveis\t<\/h3>\n<h3>\n\t\t\t<strong>PLANO DE CONV\u00c9S<\/strong>\t<\/h3>\n\t\t\t\t<img decoding=\"async\" src=\"http:\/\/www.smartown.ae\/wp-content\/uploads\/2014\/11\/image0022.jpg\" alt=\"imagem002\" itemprop=\"image\" title=\"imagem002\" onerror=\"this.style.display='none'\" loading=\"lazy\" \/>\n<h3>\n\t\t\t<strong>VERS\u00c3O ABERTA<\/strong>\t<\/h3>\n\t\t\t\t<img decoding=\"async\" src=\"http:\/\/www.smartown.ae\/wp-content\/uploads\/2014\/11\/image0031.jpg\" alt=\"Vers\u00e3o aberta\" itemprop=\"image\" title=\"Vers\u00e3o aberta\" onerror=\"this.style.display='none'\" loading=\"lazy\" \/>\n<h3>\n\t\t\t<strong>VERS\u00c3O FECHADA<\/strong>\t<\/h3>\n\t\t\t\t<img decoding=\"async\" src=\"http:\/\/www.smartown.ae\/wp-content\/uploads\/2023\/10\/Touring-36-Profile-Picture-2.png\" alt=\"Foto do perfil Touring 36\" itemprop=\"image\" title=\"Foto do perfil Touring 36\" onerror=\"this.style.display='none'\" loading=\"lazy\" \/>\n<h2>\n\t\t\tV\u00eddeo\t<\/h2>\n\t\t\t\t\t<img decoding=\"async\" src=\"https:\/\/i.ytimg.com\/vi\/H24NgHnAhQg\/maxresdefault.jpg\" alt=\"miniatura de v\u00eddeo do youtube\"\/>\n\t\t<h3>\n\t\t\tPerguntas Frequentes\t<\/h3>\n\t\t\t\t\t<a href=\"#\"  id=\"fl-accordion--label-0\" tabindex=\"0\" aria-controls=\"fl-accordion--panel-0\">1. O que torna o Touring 36 \u00fanico em compara\u00e7\u00e3o com outros barcos de passageiros?<\/a>\n\t\t\t\t\t\t\t\t\t\t\t<a href=\"#\" id=\"fl-accordion--icon-0\"  tabindex=\"0\"><i title=\"Expandir\">Expandir<\/i><\/a>\n\t\t\t\t\t<p>O Touring 36 \u00e9 reconhecido como o barco de passageiros mais vendido do mundo, reconhecido por sua incompar\u00e1vel confiabilidade, efici\u00eancia e excelente capacidade de manobra. Combina alta velocidade com estabilidade, acomodando confortavelmente at\u00e9 29 passageiros (23 na cabine e 6 na proa), tornando-o ideal para opera\u00e7\u00f5es comerciais e tur\u00edsticas.<\/p>\n\t\t\t\t\t<a href=\"#\"  id=\"fl-accordion--label-1\" tabindex=\"0\" aria-controls=\"fl-accordion--panel-1\">2. Quais s\u00e3o as op\u00e7\u00f5es de motor dispon\u00edveis e qual \u00e9 a velocidade m\u00e1xima do Touring 36?<\/a>\n\t\t\t\t\t\t\t\t\t\t\t<a href=\"#\" id=\"fl-accordion--icon-1\"  tabindex=\"0\"><i title=\"Expandir\">Expandir<\/i><\/a>\n\t\t\t\t\tO Touring 36 vem com duas op\u00e7\u00f5es de motor: dois motores de popa de 250 HP como padr\u00e3o, atingindo uma velocidade m\u00e1xima de 37 n\u00f3s, e dois motores opcionais de 300 HP, oferecendo velocidades de at\u00e9 42 n\u00f3s, garantindo um transporte r\u00e1pido e eficiente.\n\t\t\t\t\t<a href=\"#\"  id=\"fl-accordion--label-2\" tabindex=\"0\" aria-controls=\"fl-accordion--panel-2\">3. Quais recursos padr\u00e3o est\u00e3o inclu\u00eddos no Touring 36?<\/a>\n\t\t\t\t\t\t\t\t\t\t\t<a href=\"#\" id=\"fl-accordion--icon-2\"  tabindex=\"0\"><i title=\"Expandir\">Expandir<\/i><\/a>\n\t\t\t\t\tO Touring 36 inclui janelas com estrutura de alum\u00ednio anodizado, assentos de PRFV integrados, capota r\u00edgida de PRFV com estruturas de a\u00e7o inoxid\u00e1vel, banheiro mar\u00edtimo el\u00e9trico, dire\u00e7\u00e3o hidr\u00e1ulica, luzes de funcionamento, bombas de por\u00e3o autom\u00e1ticas e manuais, grampos de conv\u00e9s de a\u00e7o inoxid\u00e1vel, uma escada e uma pia de PRFV com torneira de \u00e1gua.\n\t\t\t\t\t<a href=\"#\"  id=\"fl-accordion--label-3\" tabindex=\"0\" aria-controls=\"fl-accordion--panel-3\">4. O Touring 36 pode ser personalizado para necessidades operacionais espec\u00edficas?<\/a>\n\t\t\t\t\t\t\t\t\t\t\t<a href=\"#\" id=\"fl-accordion--icon-3\"  tabindex=\"0\"><i title=\"Expandir\">Expandir<\/i><\/a>\n\t\t\t\t\tSim, a Smartown oferece amplas op\u00e7\u00f5es de personaliza\u00e7\u00e3o para o Touring 36, incluindo gabinetes macios ou de FRP, ar condicionado mar\u00edtimo, sistemas de som mar\u00edtimos, refrigerador, portas de mergulho, sistemas avan\u00e7ados de navega\u00e7\u00e3o Garmin, geradores mar\u00edtimos e equipamentos de seguran\u00e7a para atender a diversas necessidades operacionais.\n\t\t\t\t\t<a href=\"#\"  id=\"fl-accordion--label-4\" tabindex=\"0\" aria-controls=\"fl-accordion--panel-4\">5. O Touring 36 \u00e9 adequado para envio internacional?<\/a>\n\t\t\t\t\t\t\t\t\t\t\t<a href=\"#\" id=\"fl-accordion--icon-4\"  tabindex=\"0\"><i title=\"Expandir\">Expandir<\/i><\/a>\n\t\t\t\t\tAbsolutamente, a Smartown \u00e9 especializada em transporte internacional, tendo entregue com sucesso barcos Touring 36 para mais de 80 pa\u00edses em todo o mundo. Oferecemos transporte global r\u00e1pido, seguro e sem complica\u00e7\u00f5es, garantindo que seu barco chegue com seguran\u00e7a ao seu porto de destino.\n<h2>\n\t\t\tCat\u00e1logo\t<\/h2>\n\t<p>Para mais informa\u00e7\u00f5es, fa\u00e7a o download do cat\u00e1logo.<\/p>\n\t\t\t<a href=\"\/wp-content\/uploads\/2023\/09\/Touring-36_PT.pdf\" target=\"_blank\" rel=\"noopener\">\n\t\t\t\t\t\t\tBaixar Cat\u00e1logo\n\t\t\t<\/a>\n<h2>\n\t\t\tCota\u00e7\u00e3o\t<\/h2>\n\t<p>Se voc\u00ea estiver procurando por um barco de passageiros ou uma embarca\u00e7\u00e3o especial.<\/p>\n\t\t\t<a href=\"\/pt\/contato-smartown\/\" target=\"_blank\" rel=\"noopener\">\n\t\t\t\t\t\t\tFale Conosco\n\t\t\t<\/a>\n\t\t\t\t<img decoding=\"async\" src=\"https:\/\/www.smartown.ae\/wp-content\/uploads\/2023\/07\/TALK-TO-US.png\" alt=\"FALE CONOSCO\" itemprop=\"image\" height=\"162\" width=\"161\" title=\"FALE CONOSCO\" onerror=\"this.style.display='none'\" loading=\"lazy\" \/>\n<h3>\n\t\t\tBarcos de passageiros semelhantes\t<\/h3>\n\t<a href=\"\/pt\/transporter-32\/\" target=\"_self\"  aria-label=\"V\u00e1 para \/transportador-32\/\"><\/a>\n\t\t\t\t<img decoding=\"async\" src=\"https:\/\/www.smartown.ae\/wp-content\/uploads\/2022\/04\/Transporter-32-Small.jpg\" alt=\"Transportador-32-Pequeno\" title=\"Transportador-32-Pequeno\" itemprop=\"image\"\/>\n\t\t<h4>Transporter 32<\/h4>\t\t\t\n\t<a href=\"\/pt\/touring-48-ferry\/\" target=\"_self\"  aria-label=\"V\u00e1 para \/touring-48-ferry\/\"><\/a>\n\t\t\t\t<img decoding=\"async\" src=\"https:\/\/www.smartown.ae\/wp-content\/uploads\/2023\/07\/Touring-48-Ferry-1-scaled.jpg\" alt=\"Passeio pela balsa 48 (1)\" title=\"Passeio pela balsa 48 (1)\" itemprop=\"image\"\/>\n\t\t<h4>Touring 48 Ferry<\/h4>\t\t\t\n\t<a href=\"\/pt\/transporte-de-ondas-56\/\" target=\"_self\"  aria-label=\"V\u00e1 para \/waveshuttle-56\/\"><\/a>\n\t\t\t\t<img decoding=\"async\" src=\"https:\/\/www.smartown.ae\/wp-content\/uploads\/2022\/04\/main4-e1418042337225-2.jpg\" alt=\"main4-e1418042337225-2\" title=\"main4-e1418042337225-2\" itemprop=\"image\"\/>\n\t\t<h4>Waveshuttle 56<\/h4>","protected":false},"excerpt":{"rendered":"<p>Touring 36 The World&#8217;s Most Popular Passenger Boat The Touring 36 is the world&#8217;s best-selling passenger boat, trusted by water transport operators in over 70 countries for its unmatched reliability and outstanding performance. Recognized as the vessel of choice in the industry, this touring boat offers superior sea-handling, excellent stability, and a functional yet comfortable [&hellip;]<\/p>\n","protected":false},"author":2,"featured_media":0,"parent":0,"menu_order":0,"comment_status":"closed","ping_status":"closed","template":"","meta":{"site-sidebar-layout":"no-sidebar","site-content-layout":"page-builder","ast-site-content-layout":"full-width-container","site-content-style":"unboxed","site-sidebar-style":"unboxed","ast-global-header-display":"","ast-banner-title-visibility":"","ast-main-header-display":"","ast-hfb-above-header-display":"","ast-hfb-below-header-display":"","ast-hfb-mobile-header-display":"","site-post-title":"disabled","ast-breadcrumbs-content":"disabled","ast-featured-img":"disabled","footer-sml-layout":"","ast-disable-related-posts":"","theme-transparent-header-meta":"default","adv-header-id-meta":"","stick-header-meta":"","header-above-stick-meta":"","header-main-stick-meta":"","header-below-stick-meta":"","astra-migrate-meta-layouts":"set","ast-page-background-enabled":"default","ast-page-background-meta":{"desktop":{"background-color":"var(--ast-global-color-4)","background-image":"","background-repeat":"repeat","background-position":"center center","background-size":"auto","background-attachment":"scroll","background-type":"","background-media":"","overlay-type":"","overlay-color":"","overlay-opacity":"","overlay-gradient":""},"tablet":{"background-color":"","background-image":"","background-repeat":"repeat","background-position":"center center","background-size":"auto","background-attachment":"scroll","background-type":"","background-media":"","overlay-type":"","overlay-color":"","overlay-opacity":"","overlay-gradient":""},"mobile":{"background-color":"","background-image":"","background-repeat":"repeat","background-position":"center center","background-size":"auto","background-attachment":"scroll","background-type":"","background-media":"","overlay-type":"","overlay-color":"","overlay-opacity":"","overlay-gradient":""}},"ast-content-background-meta":{"desktop":{"background-color":"var(--ast-global-color-5)","background-image":"","background-repeat":"repeat","background-position":"center center","background-size":"auto","background-attachment":"scroll","background-type":"","background-media":"","overlay-type":"","overlay-color":"","overlay-opacity":"","overlay-gradient":""},"tablet":{"background-color":"var(--ast-global-color-5)","background-image":"","background-repeat":"repeat","background-position":"center center","background-size":"auto","background-attachment":"scroll","background-type":"","background-media":"","overlay-type":"","overlay-color":"","overlay-opacity":"","overlay-gradient":""},"mobile":{"background-color":"var(--ast-global-color-5)","background-image":"","background-repeat":"repeat","background-position":"center center","background-size":"auto","background-attachment":"scroll","background-type":"","background-media":"","overlay-type":"","overlay-color":"","overlay-opacity":"","overlay-gradient":""}},"footnotes":""},"class_list":["post-7671","page","type-page","status-publish","hentry"],"_links":{"self":[{"href":"https:\/\/www.smartown.ae\/pt\/wp-json\/wp\/v2\/pages\/7671","targetHints":{"allow":["GET"]}}],"collection":[{"href":"https:\/\/www.smartown.ae\/pt\/wp-json\/wp\/v2\/pages"}],"about":[{"href":"https:\/\/www.smartown.ae\/pt\/wp-json\/wp\/v2\/types\/page"}],"author":[{"embeddable":true,"href":"https:\/\/www.smartown.ae\/pt\/wp-json\/wp\/v2\/users\/2"}],"replies":[{"embeddable":true,"href":"https:\/\/www.smartown.ae\/pt\/wp-json\/wp\/v2\/comments?post=7671"}],"version-history":[{"count":0,"href":"https:\/\/www.smartown.ae\/pt\/wp-json\/wp\/v2\/pages\/7671\/revisions"}],"wp:attachment":[{"href":"https:\/\/www.smartown.ae\/pt\/wp-json\/wp\/v2\/media?parent=7671"}],"curies":[{"name":"wp","href":"https:\/\/api.w.org\/{rel}","templated":true}]}}