{"id":7277,"date":"2022-04-04T05:50:44","date_gmt":"2022-04-04T01:50:44","guid":{"rendered":"http:\/\/www.smartown.ae\/?page_id=7277"},"modified":"2025-03-31T11:23:44","modified_gmt":"2025-03-31T07:23:44","slug":"cruzadores-esportivos","status":"publish","type":"page","link":"https:\/\/www.smartown.ae\/pt\/sports-cruisers\/","title":{"rendered":"Cruzadores esportivos"},"content":{"rendered":"<h1>Cruzadores Esportivos<\/h1>\r\n<p><img decoding=\"async\" title=\"smartown_wave_icon_white\" src=\"https:\/\/www.smartown.ae\/wp-content\/uploads\/2022\/04\/smartown_wave_icon_white.png\" alt=\"smartown_wave_icon_white\" \/><\/p>\r\n<h2>Cruzeiros inspiradores para todos os or\u00e7amentos<\/h2>\r\n<h3>Smart Own<\/h3>\r\n<h3>Principal exportador de cruzeiros esportivos para o mundo<\/h3>\r\n<p><img decoding=\"async\" title=\"smartown_wave_icon_blue\" src=\"https:\/\/www.smartown.ae\/wp-content\/uploads\/2022\/04\/smartown_wave_icon_blue.png\" alt=\"smartown_wave_icon_blue\" \/><\/p>\r\n<p>A Smart Own atende \u00e0s necessidades de todos os entusiastas de barcos com uma ampla variedade de cruzeiros esportivos. Somos um parceiro confi\u00e1vel na ind\u00fastria n\u00e1utica e somos conhecidos por nosso profissionalismo, integridade e um n\u00edvel impec\u00e1vel de atendimento ao cliente.\u200b<\/p>\r\n<p class=\"translation-block\"><span class=\"TextRun  BCX0 SCXP245601646\" lang=\"EN-GB\" xml:lang=\"EN-GB\" data-scheme-color=\"@404040,1,18:75000,19:25000\" data-usefontface=\"true\" data-contrast=\"none\"><span class=\"NormalTextRun  BCX0 SCXP245601646\">Nossos cruzadores esportivos Oryx combinam pot\u00eancia e desempenho com um estilo excepcional. R\u00edgidas e robustas, essas cria\u00e7\u00f5es elegantes s\u00e3o constru\u00eddas para o luxo e o conforto, com aten\u00e7\u00e3o aos<\/span><\/span> <span class=\"TextRun  BCX0 SCXP245601646\" lang=\"EN-GB\" xml:lang=\"EN-GB\" data-scheme-color=\"@404040,1,18:75000,19:25000\" data-usefontface=\"true\" data-contrast=\"none\"><span class=\"NormalTextRun  BCX0 SCXP245601646\">detalhes e dedica\u00e7\u00e3o \u00e0 excel\u00eancia artesanal. Robustas, multifuncionais e com um estilo esportivo distinto, elas conquistaram uma ampla base de clientes <span class=\"EOP  BCX0 SCXP245601646\">.<\/span><\/span><\/span><\/p>\r\n<p>O sucesso da Smart Own deriva da pr\u00f3spera experi\u00eancia de mais de tr\u00eas d\u00e9cadas de nossos estaleiros na constru\u00e7\u00e3o de embarca\u00e7\u00f5es mar\u00edtimas utilizando tecnologia avan\u00e7ada, engenharia poderosa, design atemporal e habilidade de classe mundial.\u200b<\/p>\r\n<p>De Dubai, nos Emirados \u00c1rabes Unidos, fornecemos a fam\u00edlia Oryx Sports Cruisers para o mundo.\u200b<\/p>\r\n<p><img loading=\"lazy\" decoding=\"async\" title=\"Escala ORYX-379-16\" src=\"https:\/\/www.smartown.ae\/wp-content\/uploads\/2023\/10\/ORYX-379-16-scaled-1.jpg\" alt=\"Escala ORYX-379-16\" width=\"2560\" height=\"1636\" \/><\/p>\r\n<h3>Oryx 379<\/h3>\r\n<p><img decoding=\"async\" title=\"smartown_wave_icon_white\" src=\"http:\/\/www.smartown.ae\/wp-content\/uploads\/2022\/04\/smartown_wave_icon_white.png\" alt=\"smartown_wave_icon_white\" \/><\/p>\r\n<ul>\r\n<li>2 Cabines (Acomoda 4 Pessoas)<\/li>\r\n<li>Velocidade m\u00e1xima de 45 n\u00f3s<\/li>\r\n<\/ul>\r\n<p>Com um design distintivo de prumo pr\u00f3ximo, o Oryx 379 proporciona uma viagem mais suave e mais espa\u00e7o interior de cabine. Com pesquisa inovadora, esta obra-prima combina pot\u00eancia e desempenho com um estilo excepcional.<\/p>\r\n<p><a href=\"\/pt\/orix-379\/\" target=\"_blank\" rel=\"noopener\"> Veja detalhes <\/a><\/p>\r\n<h3>\u00d3rix 36<\/h3>\r\n<p><img decoding=\"async\" title=\"smartown_wave_icon_white\" src=\"https:\/\/www.smartown.ae\/wp-content\/uploads\/2022\/04\/smartown_wave_icon_white.png\" alt=\"smartown_wave_icon_white\" \/><\/p>\r\n<ul>\r\n<li>2 Cabines (Acomoda 4 Pessoas)<\/li>\r\n<li>Velocidade m\u00e1xima de 35 n\u00f3s<\/li>\r\n<\/ul>\r\n<p>A s\u00e9rie Oryx \u00e9 dedicada aos propriet\u00e1rios jovens e modernos. Voc\u00ea escolhe as cores do casco e do conv\u00e9s para expressar sua personalidade. Afinal, o Oryx \u00e9 um barco de car\u00e1ter. Um elegante cruzador esportivo, o Oryx 36 \u00e9 poderoso e extremamente confort\u00e1vel. Seu design de conv\u00e9s principal permite uma \u00e1rea de assentos em forma de L ao lado do piloto e no cockpit, al\u00e9m de f\u00e1cil acesso ao conv\u00e9s de nata\u00e7\u00e3o.<\/p>\r\n<p><a href=\"\/pt\/oryx-36\/\" target=\"_blank\" rel=\"noopener\"> Veja detalhes <\/a><\/p>\r\n<h3>\u00d3rix 42<\/h3>\r\n<p><img decoding=\"async\" title=\"smartown_wave_icon_white\" src=\"https:\/\/www.smartown.ae\/wp-content\/uploads\/2022\/04\/smartown_wave_icon_white.png\" alt=\"smartown_wave_icon_white\" \/><\/p>\r\n<ul>\r\n<li>2 cabines (acomoda 4 pessoas)\u200b<\/li>\r\n<li>Velocidade m\u00e1xima de 34 n\u00f3s<\/li>\r\n<\/ul>\r\n<p>O Oryx 42 \u00e9 constru\u00eddo com uma combina\u00e7\u00e3o de desempenho ideal, assentos not\u00e1veis, \u00e1reas de descanso espa\u00e7osas e um design marcante para proporcionar uma experi\u00eancia de navega\u00e7\u00e3o inesquec\u00edvel.\u200b<\/p>\r\n<p><a href=\"\/pt\/orix-42\/\" target=\"_blank\" rel=\"noopener\"> Veja detalhes <\/a><\/p>\r\n<h2>Cota\u00e7\u00e3o<\/h2>\r\n<p>Se voc\u00ea estiver procurando por um barco de passageiros ou uma embarca\u00e7\u00e3o especial.<\/p>\r\n<p><a href=\"\/pt\/contato-smartown\/\" target=\"_self\" rel=\"noopener\"> Fale Conosco <\/a> <img loading=\"lazy\" decoding=\"async\" title=\"FALE CONOSCO\" src=\"https:\/\/www.smartown.ae\/wp-content\/uploads\/2023\/07\/TALK-TO-US.png\" alt=\"FALE CONOSCO\" width=\"161\" height=\"162\" \/><\/p>\r\n<h3>Nossos servi\u00e7os<\/h3>\r\n<p><img decoding=\"async\" title=\"personaliza\u00e7\u00e3o de \u00edcones\" src=\"http:\/\/www.smartown.ae\/\/wp-content\/uploads\/2022\/04\/icon-customization.png\" alt=\"personaliza\u00e7\u00e3o de \u00edcones\" \/><\/p>\r\n<h3>Costumiza\u00e7\u00e3o<\/h3>\r\n<p>Somos o fornecedor l\u00edder de barcos de passageiros e temos barcos de passageiros personalizados para venda. Trabalhamos com um dos principais fabricantes de barcos de passageiros do mundo para fornecer embarca\u00e7\u00f5es com base em suas necessidades.<\/p>\r\n<p><img decoding=\"async\" title=\"\u00edcone-entrega r\u00e1pida\" src=\"https:\/\/www.smartown.ae\/wp-content\/uploads\/2022\/04\/icon-fast-delivery.png\" alt=\"\u00edcone-entrega r\u00e1pida\" \/><\/p>\r\n<h3>Entrega r\u00e1pida<\/h3>\r\n<p class=\"translation-block\">Todos os barcos em exposi\u00e7\u00e3o s\u00e3o feitos sob encomenda e levam de 2 a 6 meses para serem entregues, dependendo do modelo do barco de passageiros e da escolha dos motores. Nossos principais barcos de passageiros s\u00e3o: <a title=\"Turn\u00ea 36\" href=\"http:\/\/www.smartown.ae\/pt\/touring-36\/\" target=\"_self\">Touring 36<\/a> , <a href=\"http:\/\/www.smartown.ae\/pt\/touring-48-ferry\/\" target=\"_self\"><span class=\"TextRun BCX0 SCXP212075416\" lang=\"EN-US\" xml:lang=\"EN-US\" data-usefontface=\"false\" data-contrast=\"none\"><span class=\"NormalTextRun BCX0 SCXP212075416\">Touring 48 Ferry<\/span><\/span><\/a> e <span class=\"TextRun BCX0 SCXP212075416\" lang=\"EN-US\" xml:lang=\"EN-US\" data-usefontface=\"false\" data-contrast=\"none\"><span class=\"NormalTextRun BCX0 SCXP212075416\"><a href=\"http:\/\/www.smartown.ae\/pt\/touring-48-lounge\/\" target=\"_self\">Touring 48 Lounge<\/a> .<\/span><\/span><\/p>\r\n<p><img decoding=\"async\" title=\"icon-international-shipping\" src=\"http:\/\/www.smartown.ae\/\/wp-content\/uploads\/2022\/04\/icon-international-shipping.png\" alt=\"icon-international-shipping\" \/><\/p>\r\n<h3>Envio internacional<\/h3>\r\n<p>Organizamos o envio para qualquer destino em todo o mundo. Vendemos nossos barcos para todos os 5 continentes. N\u00e3o h\u00e1 pa\u00eds ou ilha que n\u00e3o possamos alcan\u00e7ar. Enviamos para \u00c1frica, Am\u00e9rica Latina, \u00c1sia, Oceania ou qualquer lugar.<\/p>\r\n<p><img decoding=\"async\" title=\"dubai-2\" src=\"http:\/\/www.smartown.ae\/wp-content\/uploads\/2022\/04\/dubai-2.jpg\" alt=\"dubai-2\" \/><\/p>\r\n<h3>Visite Dubai, a Cidade dos Sonhos, gratuitamente<\/h3>\r\n<p>Quando voc\u00ea compra um barco conosco, n\u00f3s o convidamos para Dubai para supervisionar os testes de mar de sua embarca\u00e7\u00e3o. Sua passagem a\u00e9rea, taxas de visto, estadia em hotel 5 estrelas e motorista dedicado s\u00e3o cortesias gratuitas do Smart Own. Vamos acompanh\u00e1-lo na visita VIP ao estaleiro, onde voc\u00ea conhecer\u00e1 a equipe da Gulf Craft que construiu seu barco. Seu l\u00edder de projeto explicar\u00e1 a voc\u00ea o processo de constru\u00e7\u00e3o de sua embarca\u00e7\u00e3o e treinar\u00e1 voc\u00ea ou um membro de sua empresa em seu barco rec\u00e9m-constru\u00eddo.<\/p>\r\n<p><a href=\"\/pt\/contato-smartown\/\" target=\"_self\" rel=\"noopener\"> Fale Conosco <\/a><\/p>","protected":false},"excerpt":{"rendered":"<p>Sports Cruisers Inspiring Cruisers For All Budgets Smart Own Leading Exporter of Sports Cruisers to the World \u200b Smart Own caters to the needs of every boat enthusiast with a wide range of sports cruisers. We are a trusted partner in the boating industry and are renowned for our professionalism, integrity and an impeccable level [&hellip;]<\/p>\n","protected":false},"author":2,"featured_media":0,"parent":0,"menu_order":0,"comment_status":"closed","ping_status":"closed","template":"","meta":{"site-sidebar-layout":"no-sidebar","site-content-layout":"page-builder","ast-site-content-layout":"full-width-container","site-content-style":"unboxed","site-sidebar-style":"unboxed","ast-global-header-display":"","ast-banner-title-visibility":"","ast-main-header-display":"","ast-hfb-above-header-display":"","ast-hfb-below-header-display":"","ast-hfb-mobile-header-display":"","site-post-title":"disabled","ast-breadcrumbs-content":"disabled","ast-featured-img":"disabled","footer-sml-layout":"","ast-disable-related-posts":"","theme-transparent-header-meta":"default","adv-header-id-meta":"","stick-header-meta":"","header-above-stick-meta":"","header-main-stick-meta":"","header-below-stick-meta":"","astra-migrate-meta-layouts":"set","ast-page-background-enabled":"default","ast-page-background-meta":{"desktop":{"background-color":"var(--ast-global-color-4)","background-image":"","background-repeat":"repeat","background-position":"center center","background-size":"auto","background-attachment":"scroll","background-type":"","background-media":"","overlay-type":"","overlay-color":"","overlay-opacity":"","overlay-gradient":""},"tablet":{"background-color":"","background-image":"","background-repeat":"repeat","background-position":"center center","background-size":"auto","background-attachment":"scroll","background-type":"","background-media":"","overlay-type":"","overlay-color":"","overlay-opacity":"","overlay-gradient":""},"mobile":{"background-color":"","background-image":"","background-repeat":"repeat","background-position":"center center","background-size":"auto","background-attachment":"scroll","background-type":"","background-media":"","overlay-type":"","overlay-color":"","overlay-opacity":"","overlay-gradient":""}},"ast-content-background-meta":{"desktop":{"background-color":"var(--ast-global-color-5)","background-image":"","background-repeat":"repeat","background-position":"center center","background-size":"auto","background-attachment":"scroll","background-type":"","background-media":"","overlay-type":"","overlay-color":"","overlay-opacity":"","overlay-gradient":""},"tablet":{"background-color":"var(--ast-global-color-5)","background-image":"","background-repeat":"repeat","background-position":"center center","background-size":"auto","background-attachment":"scroll","background-type":"","background-media":"","overlay-type":"","overlay-color":"","overlay-opacity":"","overlay-gradient":""},"mobile":{"background-color":"var(--ast-global-color-5)","background-image":"","background-repeat":"repeat","background-position":"center center","background-size":"auto","background-attachment":"scroll","background-type":"","background-media":"","overlay-type":"","overlay-color":"","overlay-opacity":"","overlay-gradient":""}},"footnotes":""},"class_list":["post-7277","page","type-page","status-publish","hentry"],"_links":{"self":[{"href":"https:\/\/www.smartown.ae\/pt\/wp-json\/wp\/v2\/pages\/7277","targetHints":{"allow":["GET"]}}],"collection":[{"href":"https:\/\/www.smartown.ae\/pt\/wp-json\/wp\/v2\/pages"}],"about":[{"href":"https:\/\/www.smartown.ae\/pt\/wp-json\/wp\/v2\/types\/page"}],"author":[{"embeddable":true,"href":"https:\/\/www.smartown.ae\/pt\/wp-json\/wp\/v2\/users\/2"}],"replies":[{"embeddable":true,"href":"https:\/\/www.smartown.ae\/pt\/wp-json\/wp\/v2\/comments?post=7277"}],"version-history":[{"count":0,"href":"https:\/\/www.smartown.ae\/pt\/wp-json\/wp\/v2\/pages\/7277\/revisions"}],"wp:attachment":[{"href":"https:\/\/www.smartown.ae\/pt\/wp-json\/wp\/v2\/media?parent=7277"}],"curies":[{"name":"wp","href":"https:\/\/api.w.org\/{rel}","templated":true}]}}