{"id":7275,"date":"2022-04-04T05:49:59","date_gmt":"2022-04-04T05:49:59","guid":{"rendered":"http:\/\/www.smartown.ae\/?page_id=7275"},"modified":"2025-07-21T18:24:24","modified_gmt":"2025-07-21T14:24:24","slug":"barcos-de-trabalho","status":"publish","type":"page","link":"https:\/\/www.smartown.ae\/pt\/workboats\/","title":{"rendered":"Barcos de Trabalho"},"content":{"rendered":"<h1>Nossa sele\u00e7\u00e3o de barcos de trabalho e RIBs<\/h1>\r\n<p><img decoding=\"async\" title=\"smartown_wave_icon_white\" src=\"http:\/\/www.smartown.ae\/wp-content\/uploads\/2022\/04\/smartown_wave_icon_white.png\" alt=\"smartown_wave_icon_white\" \/><\/p>\r\n<h2>Barcos de trabalho e RIBs de qualidade constru\u00eddos nos Emirados \u00c1rabes Unidos de acordo com padr\u00f5es de classe mundial<\/h2>\r\n<h3>Smart Own<\/h3>\r\n<h3>Exportador l\u00edder de artesanato especializado e RIBs para o mundo<\/h3>\r\n<p><img decoding=\"async\" title=\"smartown_wave_icon_blue\" src=\"https:\/\/www.smartown.ae\/wp-content\/uploads\/2022\/04\/smartown_wave_icon_blue.png\" alt=\"smartown_wave_icon_blue\" \/><\/p>\r\n<p>A Smart Own oferece uma ampla variedade de barcos de trabalho e barcos infl\u00e1veis \u200b\u200br\u00edgidos (RIB) para atender \u00e0s necessidades da guarda costeira, marinha, minist\u00e9rios, petr\u00f3leo e g\u00e1s, empreiteiros e autoridades portu\u00e1rias. Somos um parceiro de confian\u00e7a na ind\u00fastria n\u00e1utica e somos conhecidos pelo nosso profissionalismo, integridade e um n\u00edvel impec\u00e1vel de atendimento ao cliente.\u200b<\/p>\r\n<p>Todos os nossos modelos s\u00e3o constru\u00eddos nos Emirados \u00c1rabes Unidos de acordo com padr\u00f5es internacionais, com a ajuda e experi\u00eancia de arquitetos navais alem\u00e3es e suecos. Nossos barcos s\u00e3o constru\u00eddos de acordo com os regulamentos de seguran\u00e7a da USCG ou podem ser classificados como BV, DNV.GL ou RINA. A personaliza\u00e7\u00e3o \u00e9 essencial para este tipo de barcos e oferecemos servi\u00e7os completos de adapta\u00e7\u00e3o aos nossos clientes.\u200b<\/p>\r\n<p>O sucesso da Smart Own deriva da pr\u00f3spera experi\u00eancia de mais de tr\u00eas d\u00e9cadas de nossos estaleiros na constru\u00e7\u00e3o de embarca\u00e7\u00f5es mar\u00edtimas utilizando tecnologia avan\u00e7ada, engenharia poderosa, design atemporal e habilidade de classe mundial.<\/p>\r\n<p>De Dubai, fornecemos barcos-ambul\u00e2ncia, barcos-patrulha e RIBs fabricados nos Emirados \u00c1rabes Unidos para o mundo.\u200b<\/p>\r\n<h3>Coast Guard 36<\/h3>\r\n<p><img decoding=\"async\" title=\"smartown_wave_icon_white\" src=\"http:\/\/www.smartown.ae\/wp-content\/uploads\/2022\/04\/smartown_wave_icon_white.png\" alt=\"smartown_wave_icon_white\" \/><\/p>\r\n<ul>\r\n<li>11 pessoas (incluindo assento do piloto)<\/li>\r\n<li>Velocidade m\u00e1xima de 40 n\u00f3s<\/li>\r\n<\/ul>\r\n<p>Um barco-patrulha constru\u00eddo de acordo com os padr\u00f5es da Guarda Costeira dos EUA \u201cMIC-XVA\u201d. Suporte de arma opcional e casco refor\u00e7ado. Um barco para uso diurno e noturno e capaz de operar em estado de mar 6.<\/p>\r\n<p><a href=\"\/pt\/guarda-costeira-36-2\/\" target=\"_blank\" rel=\"noopener\"> Veja detalhes <\/a><\/p>\r\n<h3>Ambulance 36<\/h3>\r\n<p><img decoding=\"async\" title=\"smartown_wave_icon_white\" src=\"https:\/\/www.smartown.ae\/wp-content\/uploads\/2022\/04\/smartown_wave_icon_white.png\" alt=\"smartown_wave_icon_white\" \/><\/p>\r\n<ul>\r\n<li>1 a 2 bancadas de tratamento<\/li>\r\n<li>Velocidade m\u00e1xima de 40 n\u00f3s<\/li>\r\n<\/ul>\r\n<p>Uma ambul\u00e2ncia mar\u00edtima com uma bancada de tratamento e compartimentos para tanques de oxig\u00eanio. Vem completo com equipamento m\u00e9dico integrado. Barco \u00e1gil e r\u00e1pido para resgate e tratamento. Um barco ambul\u00e2ncia em uma miss\u00e3o para salvar vidas.<\/p>\r\n<p><a href=\"\/pt\/ambulancia-36-2\/\" target=\"_blank\" rel=\"noopener\"> Veja detalhes <\/a><\/p>\r\n<h3>S\u00e9rie de barcos infl\u00e1veis r\u00edgidos (RIBs)<\/h3>\r\n<p><img decoding=\"async\" title=\"smartown_wave_icon_white\" src=\"https:\/\/www.smartown.ae\/wp-content\/uploads\/2022\/04\/smartown_wave_icon_white.png\" alt=\"smartown_wave_icon_white\" \/><\/p>\r\n<ul>\r\n<li>2 a 22 pessoas<\/li>\r\n<li>Velocidade m\u00e1xima de 50 n\u00f3s<\/li>\r\n<\/ul>\r\n<p>Barcos infl\u00e1veis \u200b\u200br\u00edgidos (RIBs) constru\u00eddos especificamente para organiza\u00e7\u00f5es militares, marinas, operadores tur\u00edsticos e ag\u00eancias de aplica\u00e7\u00e3o da lei por sua constru\u00e7\u00e3o confi\u00e1vel e de alta qualidade.\u200b<\/p>\r\n<p><a href=\"\/pt\/barcos-inflaveis-rigidos\/\" target=\"_blank\" rel=\"noopener\"> Veja detalhes <\/a><\/p>\r\n<h2>Cota\u00e7\u00e3o<\/h2>\r\n<p>Se voc\u00ea estiver procurando por um barco de passageiros ou uma embarca\u00e7\u00e3o especial.<\/p>\r\n<p><a href=\"\/pt\/contato-smartown\/\" target=\"_self\" rel=\"noopener\"> Fale Conosco <\/a> <img loading=\"lazy\" decoding=\"async\" title=\"FALE CONOSCO\" src=\"https:\/\/www.smartown.ae\/wp-content\/uploads\/2023\/07\/TALK-TO-US.png\" alt=\"FALE CONOSCO\" width=\"161\" height=\"162\" \/><\/p>\r\n<h3>Nossos servi\u00e7os<\/h3>\r\n<p><img decoding=\"async\" title=\"personaliza\u00e7\u00e3o de \u00edcones\" src=\"http:\/\/www.smartown.ae\/\/wp-content\/uploads\/2022\/04\/icon-customization.png\" alt=\"personaliza\u00e7\u00e3o de \u00edcones\" \/><\/p>\r\n<h3>Costumiza\u00e7\u00e3o<\/h3>\r\n<p>Somos o fornecedor l\u00edder de barcos de passageiros e temos barcos de passageiros personalizados para venda. Trabalhamos com um dos principais fabricantes de barcos de passageiros do mundo para fornecer embarca\u00e7\u00f5es com base em suas necessidades.<\/p>\r\n<p><img decoding=\"async\" title=\"\u00edcone-entrega r\u00e1pida\" src=\"https:\/\/www.smartown.ae\/wp-content\/uploads\/2022\/04\/icon-fast-delivery.png\" alt=\"\u00edcone-entrega r\u00e1pida\" \/><\/p>\r\n<h3>Entrega r\u00e1pida<\/h3>\r\n<p class=\"translation-block\">Todos os barcos em exposi\u00e7\u00e3o s\u00e3o feitos sob encomenda e levam de 2 a 6 meses para serem entregues, dependendo do modelo do barco de passageiros e da escolha dos motores. Nossos principais barcos de passageiros s\u00e3o: <a title=\"Turn\u00ea 36\" href=\"http:\/\/www.smartown.ae\/pt\/touring-36\/\" target=\"_self\">Touring 36<\/a> , <a href=\"http:\/\/www.smartown.ae\/pt\/touring-48-ferry\/\" target=\"_self\"><span class=\"TextRun BCX0 SCXP212075416\" lang=\"EN-US\" xml:lang=\"EN-US\" data-usefontface=\"false\" data-contrast=\"none\"><span class=\"NormalTextRun BCX0 SCXP212075416\">Touring 48 Ferry<\/span><\/span><\/a> e <span class=\"TextRun BCX0 SCXP212075416\" lang=\"EN-US\" xml:lang=\"EN-US\" data-usefontface=\"false\" data-contrast=\"none\"><span class=\"NormalTextRun BCX0 SCXP212075416\"><a href=\"http:\/\/www.smartown.ae\/pt\/touring-48-lounge\/\" target=\"_self\">Touring 48 Lounge<\/a> .<\/span><\/span><\/p>\r\n<p><img decoding=\"async\" title=\"icon-international-shipping\" src=\"http:\/\/www.smartown.ae\/\/wp-content\/uploads\/2022\/04\/icon-international-shipping.png\" alt=\"icon-international-shipping\" \/><\/p>\r\n<h3>Envio internacional<\/h3>\r\n<p>Organizamos o envio para qualquer destino em todo o mundo. Vendemos nossos barcos para todos os 5 continentes. N\u00e3o h\u00e1 pa\u00eds ou ilha que n\u00e3o possamos alcan\u00e7ar. Enviamos para \u00c1frica, Am\u00e9rica Latina, \u00c1sia, Oceania ou qualquer lugar.<\/p>\r\n<p><img decoding=\"async\" title=\"dubai-2\" src=\"http:\/\/www.smartown.ae\/wp-content\/uploads\/2022\/04\/dubai-2.jpg\" alt=\"dubai-2\" \/><\/p>\r\n<h3>Visite Dubai, a Cidade dos Sonhos, gratuitamente<\/h3>\r\n<p>Quando voc\u00ea compra um barco conosco, n\u00f3s o convidamos para Dubai para supervisionar os testes de mar de sua embarca\u00e7\u00e3o. Sua passagem a\u00e9rea, taxas de visto, estadia em hotel 5 estrelas e motorista dedicado s\u00e3o cortesias gratuitas do Smart Own. Vamos acompanh\u00e1-lo na visita VIP ao estaleiro, onde voc\u00ea conhecer\u00e1 a equipe da Gulf Craft que construiu seu barco. Seu l\u00edder de projeto explicar\u00e1 a voc\u00ea o processo de constru\u00e7\u00e3o de sua embarca\u00e7\u00e3o e treinar\u00e1 voc\u00ea ou um membro de sua empresa em seu barco rec\u00e9m-constru\u00eddo.<\/p>\r\n<p><a href=\"\/pt\/contato-smartown\/\" target=\"_self\" rel=\"noopener\"> Fale Conosco <\/a><\/p>","protected":false},"excerpt":{"rendered":"<p>Our Workboats &amp; RIBs Selection Quality Workboats &amp; RIBs Built in the UAE to World Class Standards Smart Own Leading Exporter of Specialty Craft and RIBs to the World \u200b Smart Own offers a large range of workboats and rigid inflatable boats (RIB) to cater for the needs of the coast guards, navy, ministries, oil [&hellip;]<\/p>\n","protected":false},"author":2,"featured_media":0,"parent":0,"menu_order":0,"comment_status":"closed","ping_status":"closed","template":"","meta":{"site-sidebar-layout":"no-sidebar","site-content-layout":"page-builder","ast-site-content-layout":"full-width-container","site-content-style":"unboxed","site-sidebar-style":"unboxed","ast-global-header-display":"","ast-banner-title-visibility":"","ast-main-header-display":"","ast-hfb-above-header-display":"","ast-hfb-below-header-display":"","ast-hfb-mobile-header-display":"","site-post-title":"disabled","ast-breadcrumbs-content":"disabled","ast-featured-img":"disabled","footer-sml-layout":"","ast-disable-related-posts":"","theme-transparent-header-meta":"default","adv-header-id-meta":"","stick-header-meta":"","header-above-stick-meta":"","header-main-stick-meta":"","header-below-stick-meta":"","astra-migrate-meta-layouts":"set","ast-page-background-enabled":"default","ast-page-background-meta":{"desktop":{"background-color":"var(--ast-global-color-4)","background-image":"","background-repeat":"repeat","background-position":"center center","background-size":"auto","background-attachment":"scroll","background-type":"","background-media":"","overlay-type":"","overlay-color":"","overlay-opacity":"","overlay-gradient":""},"tablet":{"background-color":"","background-image":"","background-repeat":"repeat","background-position":"center center","background-size":"auto","background-attachment":"scroll","background-type":"","background-media":"","overlay-type":"","overlay-color":"","overlay-opacity":"","overlay-gradient":""},"mobile":{"background-color":"","background-image":"","background-repeat":"repeat","background-position":"center center","background-size":"auto","background-attachment":"scroll","background-type":"","background-media":"","overlay-type":"","overlay-color":"","overlay-opacity":"","overlay-gradient":""}},"ast-content-background-meta":{"desktop":{"background-color":"var(--ast-global-color-5)","background-image":"","background-repeat":"repeat","background-position":"center center","background-size":"auto","background-attachment":"scroll","background-type":"","background-media":"","overlay-type":"","overlay-color":"","overlay-opacity":"","overlay-gradient":""},"tablet":{"background-color":"var(--ast-global-color-5)","background-image":"","background-repeat":"repeat","background-position":"center center","background-size":"auto","background-attachment":"scroll","background-type":"","background-media":"","overlay-type":"","overlay-color":"","overlay-opacity":"","overlay-gradient":""},"mobile":{"background-color":"var(--ast-global-color-5)","background-image":"","background-repeat":"repeat","background-position":"center center","background-size":"auto","background-attachment":"scroll","background-type":"","background-media":"","overlay-type":"","overlay-color":"","overlay-opacity":"","overlay-gradient":""}},"footnotes":""},"class_list":["post-7275","page","type-page","status-publish","hentry"],"_links":{"self":[{"href":"https:\/\/www.smartown.ae\/pt\/wp-json\/wp\/v2\/pages\/7275","targetHints":{"allow":["GET"]}}],"collection":[{"href":"https:\/\/www.smartown.ae\/pt\/wp-json\/wp\/v2\/pages"}],"about":[{"href":"https:\/\/www.smartown.ae\/pt\/wp-json\/wp\/v2\/types\/page"}],"author":[{"embeddable":true,"href":"https:\/\/www.smartown.ae\/pt\/wp-json\/wp\/v2\/users\/2"}],"replies":[{"embeddable":true,"href":"https:\/\/www.smartown.ae\/pt\/wp-json\/wp\/v2\/comments?post=7275"}],"version-history":[{"count":0,"href":"https:\/\/www.smartown.ae\/pt\/wp-json\/wp\/v2\/pages\/7275\/revisions"}],"wp:attachment":[{"href":"https:\/\/www.smartown.ae\/pt\/wp-json\/wp\/v2\/media?parent=7275"}],"curies":[{"name":"wp","href":"https:\/\/api.w.org\/{rel}","templated":true}]}}