{"id":14882,"date":"2023-07-14T16:23:45","date_gmt":"2023-07-14T12:23:45","guid":{"rendered":"https:\/\/www.smartown.ae\/?page_id=14882"},"modified":"2025-07-21T17:54:07","modified_gmt":"2025-07-21T13:54:07","slug":"guarda-costeira-36-2","status":"publish","type":"page","link":"https:\/\/www.smartown.ae\/pt\/coast-guard-36-2\/","title":{"rendered":"Coast Guard 36"},"content":{"rendered":"<h1>COAST GUARD 36<\/h1>\r\n<p><img decoding=\"async\" title=\"smartown_wave_icon_white\" src=\"https:\/\/www.smartown.ae\/wp-content\/uploads\/2022\/04\/smartown_wave_icon_white.png\" alt=\"smartown_wave_icon_white\" \/><\/p>\r\n<h2>Robusto, manobr\u00e1vel, r\u00e1pido e armado para manter a ordem no mar<\/h2>\r\n<p>Projetado para atender aos rigorosos padr\u00f5es MIC-XVA da Guarda Costeira dos EUA, o barco de patrulha Coast Guard 36 combina conforto luxuoso com desempenho inigual\u00e1vel.<\/p>\r\n<p>Perfeitamente posicionado no segmento de barcos de passageiros da classe executiva, ele oferece suportes de armas opcionais e um casco refor\u00e7ado para maior seguran\u00e7a, ideal para opera\u00e7\u00f5es de seguran\u00e7a de alto n\u00edvel ou excurs\u00f5es mar\u00edtimas privadas.<\/p>\r\n<p><strong data-start=\"1536\" data-end=\"1563\">Por que escolher a Guarda Costeira 36?<br \/><\/strong><br data-start=\"1563\" data-end=\"1566\" \/>Como um <strong data-start=\"1573\" data-end=\"1606\">barco de passageiros da classe executiva<\/strong>O Coast Guard 36 se destaca por combinar tecnologia mar\u00edtima de ponta com comodidades de alto padr\u00e3o. Clientes abastados e empresas de seguran\u00e7a privada apreciam seu design elegante, seguran\u00e7a refor\u00e7ada e recursos de defesa opcionais, sem comprometer o conforto ou o desempenho de navega\u00e7\u00e3o. Seja para proteger uma propriedade privada no litoral ou para receber um fretamento exclusivo, esta embarca\u00e7\u00e3o oferece o m\u00e1ximo em confiabilidade, estilo e flexibilidade operacional. <a href=\"\/wp-content\/uploads\/2023\/09\/Coast-Guard-36_PT.pdf\" target=\"_blank\" rel=\"noopener\"> Baixar Cat\u00e1logo <\/a><\/p>\r\n<nav>\r\n<ul>\r\n<li tabindex=\"0\" data-index=\"0\">\r\n<h5><a tabindex=\"-1\">Especifica\u00e7\u00f5es <\/a><\/h5>\r\n<\/li>\r\n<\/ul>\r\n<\/nav>\r\n<div class=\"fl-builder-content fl-builder-content-14892 fl-builder-template fl-builder-layout-template fl-builder-global-templates-locked\" data-post-id=\"14892\"><div class=\"fl-row fl-row-full-width fl-row-bg-none fl-node-vo79i1wm4acz fl-row-default-height fl-row-align-center\" data-node=\"vo79i1wm4acz\">\n\t<div class=\"fl-row-content-wrap\">\n\t\t<div class=\"uabb-row-separator uabb-top-row-separator\" >\n<\/div>\n\t\t\t\t\t\t<div class=\"fl-row-content fl-row-full-width fl-node-content\">\n\t\t\n<div class=\"fl-col-group fl-node-74be2uj5fryx\" data-node=\"74be2uj5fryx\">\n\t\t\t<div class=\"fl-col fl-node-gtoe9ijs5rnc fl-col-bg-color fl-col-small\" data-node=\"gtoe9ijs5rnc\">\n\t<div class=\"fl-col-content fl-node-content\"><div class=\"fl-module fl-module-list fl-node-s8xy3g4726lk so-list\" data-node=\"s8xy3g4726lk\">\n\t<div class=\"fl-module-content fl-node-content\">\n\t\t<ul class=\"fl-list fl-list-unordered\">\t<li class=\"fl-list-item fl-list-item-0\">\n\t\t<div class=\"fl-list-item-wrapper\">\n\t\t\t<span class=\"fl-list-item-heading\"><span class=\"fl-list-item-heading-icon fl-list-item-heading-left\"><span class=\"fl-list-item-icon\"><\/span><\/span> <span class=\"fl-list-item-heading-text\">Comprimento total: &quot;sem motores&quot; 35 p\u00e9s e 10 pol (10,90 m) <\/span><\/span>\t\t<\/div>\n\t<\/li>\n\t\t<li class=\"fl-list-item fl-list-item-1\">\n\t\t<div class=\"fl-list-item-wrapper\">\n\t\t\t<span class=\"fl-list-item-heading\"><span class=\"fl-list-item-heading-icon fl-list-item-heading-left\"><span class=\"fl-list-item-icon\"><\/span><\/span> <span class=\"fl-list-item-heading-text\">Feixe: 3,30 m (10 p\u00e9s e 9 pol.) <\/span><\/span>\t\t<\/div>\n\t<\/li>\n\t\t<li class=\"fl-list-item fl-list-item-2\">\n\t\t<div class=\"fl-list-item-wrapper\">\n\t\t\t<span class=\"fl-list-item-heading\"><span class=\"fl-list-item-heading-icon fl-list-item-heading-left\"><span class=\"fl-list-item-icon\"><\/span><\/span> <span class=\"fl-list-item-heading-text\">Calado: 1 p\u00e9 9 pol. (0,50 m) <\/span><\/span>\t\t<\/div>\n\t<\/li>\n\t\t<li class=\"fl-list-item fl-list-item-3\">\n\t\t<div class=\"fl-list-item-wrapper\">\n\t\t\t<span class=\"fl-list-item-heading\"><span class=\"fl-list-item-heading-icon fl-list-item-heading-left\"><span class=\"fl-list-item-icon\"><\/span><\/span> <span class=\"fl-list-item-heading-text\">Material do casco: PRFV <\/span><\/span>\t\t<\/div>\n\t<\/li>\n\t\t<li class=\"fl-list-item fl-list-item-4\">\n\t\t<div class=\"fl-list-item-wrapper\">\n\t\t\t<span class=\"fl-list-item-heading\"><span class=\"fl-list-item-heading-icon fl-list-item-heading-left\"><span class=\"fl-list-item-icon\"><\/span><\/span> <span class=\"fl-list-item-heading-text\">Motores padr\u00e3o: motor de popa Yamaha 2x250 HP <\/span><\/span>\t\t<\/div>\n\t<\/li>\n\t<\/ul>\t<\/div>\n<\/div>\n<\/div>\n<\/div>\n\t\t\t<div class=\"fl-col fl-node-uh52og3twjbe fl-col-bg-color fl-col-small\" data-node=\"uh52og3twjbe\">\n\t<div class=\"fl-col-content fl-node-content\"><div class=\"fl-module fl-module-list fl-node-7yur81nfa2w6 so-list\" data-node=\"7yur81nfa2w6\">\n\t<div class=\"fl-module-content fl-node-content\">\n\t\t<ul class=\"fl-list fl-list-unordered\">\t<li class=\"fl-list-item fl-list-item-0\">\n\t\t<div class=\"fl-list-item-wrapper\">\n\t\t\t<span class=\"fl-list-item-heading\"><span class=\"fl-list-item-heading-icon fl-list-item-heading-left\"><span class=\"fl-list-item-icon\"><\/span><\/span> <span class=\"fl-list-item-heading-text\">Velocidade m\u00e1xima: 38 n\u00f3s (com 2x250HP) 41 n\u00f3s (com 2x300HP) <\/span><\/span>\t\t<\/div>\n\t<\/li>\n\t\t<li class=\"fl-list-item fl-list-item-1\">\n\t\t<div class=\"fl-list-item-wrapper\">\n\t\t\t<span class=\"fl-list-item-heading\"><span class=\"fl-list-item-heading-icon fl-list-item-heading-left\"><span class=\"fl-list-item-icon\"><\/span><\/span> <span class=\"fl-list-item-heading-text\">Capacidade do tanque de combust\u00edvel: 250 gal\u00f5es americanos (946 l) <\/span><\/span>\t\t<\/div>\n\t<\/li>\n\t\t<li class=\"fl-list-item fl-list-item-2\">\n\t\t<div class=\"fl-list-item-wrapper\">\n\t\t\t<span class=\"fl-list-item-heading\"><span class=\"fl-list-item-heading-icon fl-list-item-heading-left\"><span class=\"fl-list-item-icon\"><\/span><\/span> <span class=\"fl-list-item-heading-text\">Capacidade do tanque de \u00e1gua: 50 gal\u00f5es americanos (184 l) <\/span><\/span>\t\t<\/div>\n\t<\/li>\n\t\t<li class=\"fl-list-item fl-list-item-3\">\n\t\t<div class=\"fl-list-item-wrapper\">\n\t\t\t<span class=\"fl-list-item-heading\"><span class=\"fl-list-item-heading-icon fl-list-item-heading-left\"><span class=\"fl-list-item-icon\"><\/span><\/span> <span class=\"fl-list-item-heading-text\">M\u00e1ximo n\u00e3o. N\u00famero de pessoas a bordo: 11 pessoas (incluindo assento do piloto)<\/span><\/span>\t\t<\/div>\n\t<\/li>\n\t<\/ul>\t<\/div>\n<\/div>\n<\/div>\n<\/div>\n\t<\/div>\n\t\t<\/div>\n\t<\/div>\n<\/div>\n<\/div><div class=\"uabb-js-breakpoint\" style=\"display: none;\"><\/div>\r\n<!-- \/content --><!-- \/tabs -->\r\n<p><img decoding=\"async\" title=\"Coast Guard 36\" src=\"http:\/\/www.smartown.ae\/wp-content\/uploads\/2023\/07\/Coast-Guard-36.png\" alt=\"Coast Guard 36\" \/><\/p>\r\n<h2>Cat\u00e1logo<\/h2>\r\n<p>Para mais informa\u00e7\u00f5es, fa\u00e7a o download do cat\u00e1logo.<\/p>\r\n<p><a href=\"\/wp-content\/uploads\/2023\/09\/Coast-Guard-36_PT.pdf\" target=\"_blank\" rel=\"noopener\"> Baixar Cat\u00e1logo <\/a><\/p>\r\n<h2>Cota\u00e7\u00e3o<\/h2>\r\n<p>Se voc\u00ea estiver procurando por um barco de passageiros ou uma embarca\u00e7\u00e3o especial.<\/p>\r\n<p><a href=\"\/pt\/contato-smartown\/\" target=\"_blank\" rel=\"noopener\"> Fale Conosco <\/a> <img loading=\"lazy\" decoding=\"async\" title=\"FALE CONOSCO\" src=\"https:\/\/www.smartown.ae\/wp-content\/uploads\/2023\/07\/TALK-TO-US.png\" alt=\"FALE CONOSCO\" width=\"161\" height=\"162\" \/><\/p>","protected":false},"excerpt":{"rendered":"<p>COAST GUARD 36 Robust, Manoeuvrable, Fast And Armed To Maintain Order At Sea\u200b Engineered to meet rigorous U.S. Coast Guard MIC-XVA standards, the\u00a0 Coast Guard 36 patrol boat combines luxury comfort with uncompromising performance. Perfectly positioned in the business class passenger boat segment, it offers optional weapon mounts and a reinforced hull for enhanced safety-ideal [&hellip;]<\/p>\n","protected":false},"author":2,"featured_media":0,"parent":0,"menu_order":0,"comment_status":"closed","ping_status":"closed","template":"","meta":{"site-sidebar-layout":"no-sidebar","site-content-layout":"page-builder","ast-site-content-layout":"full-width-container","site-content-style":"unboxed","site-sidebar-style":"unboxed","ast-global-header-display":"","ast-banner-title-visibility":"","ast-main-header-display":"","ast-hfb-above-header-display":"","ast-hfb-below-header-display":"","ast-hfb-mobile-header-display":"","site-post-title":"disabled","ast-breadcrumbs-content":"disabled","ast-featured-img":"disabled","footer-sml-layout":"","ast-disable-related-posts":"","theme-transparent-header-meta":"default","adv-header-id-meta":"","stick-header-meta":"","header-above-stick-meta":"","header-main-stick-meta":"","header-below-stick-meta":"","astra-migrate-meta-layouts":"set","ast-page-background-enabled":"default","ast-page-background-meta":{"desktop":{"background-color":"var(--ast-global-color-4)","background-image":"","background-repeat":"repeat","background-position":"center center","background-size":"auto","background-attachment":"scroll","background-type":"","background-media":"","overlay-type":"","overlay-color":"","overlay-opacity":"","overlay-gradient":""},"tablet":{"background-color":"","background-image":"","background-repeat":"repeat","background-position":"center center","background-size":"auto","background-attachment":"scroll","background-type":"","background-media":"","overlay-type":"","overlay-color":"","overlay-opacity":"","overlay-gradient":""},"mobile":{"background-color":"","background-image":"","background-repeat":"repeat","background-position":"center center","background-size":"auto","background-attachment":"scroll","background-type":"","background-media":"","overlay-type":"","overlay-color":"","overlay-opacity":"","overlay-gradient":""}},"ast-content-background-meta":{"desktop":{"background-color":"var(--ast-global-color-5)","background-image":"","background-repeat":"repeat","background-position":"center center","background-size":"auto","background-attachment":"scroll","background-type":"","background-media":"","overlay-type":"","overlay-color":"","overlay-opacity":"","overlay-gradient":""},"tablet":{"background-color":"var(--ast-global-color-5)","background-image":"","background-repeat":"repeat","background-position":"center center","background-size":"auto","background-attachment":"scroll","background-type":"","background-media":"","overlay-type":"","overlay-color":"","overlay-opacity":"","overlay-gradient":""},"mobile":{"background-color":"var(--ast-global-color-5)","background-image":"","background-repeat":"repeat","background-position":"center center","background-size":"auto","background-attachment":"scroll","background-type":"","background-media":"","overlay-type":"","overlay-color":"","overlay-opacity":"","overlay-gradient":""}},"footnotes":""},"class_list":["post-14882","page","type-page","status-publish","hentry"],"_links":{"self":[{"href":"https:\/\/www.smartown.ae\/pt\/wp-json\/wp\/v2\/pages\/14882","targetHints":{"allow":["GET"]}}],"collection":[{"href":"https:\/\/www.smartown.ae\/pt\/wp-json\/wp\/v2\/pages"}],"about":[{"href":"https:\/\/www.smartown.ae\/pt\/wp-json\/wp\/v2\/types\/page"}],"author":[{"embeddable":true,"href":"https:\/\/www.smartown.ae\/pt\/wp-json\/wp\/v2\/users\/2"}],"replies":[{"embeddable":true,"href":"https:\/\/www.smartown.ae\/pt\/wp-json\/wp\/v2\/comments?post=14882"}],"version-history":[{"count":0,"href":"https:\/\/www.smartown.ae\/pt\/wp-json\/wp\/v2\/pages\/14882\/revisions"}],"wp:attachment":[{"href":"https:\/\/www.smartown.ae\/pt\/wp-json\/wp\/v2\/media?parent=14882"}],"curies":[{"name":"wp","href":"https:\/\/api.w.org\/{rel}","templated":true}]}}