{"id":14819,"date":"2023-07-14T15:58:39","date_gmt":"2023-07-14T11:58:39","guid":{"rendered":"https:\/\/www.smartown.ae\/?page_id=14819"},"modified":"2025-11-06T19:10:06","modified_gmt":"2025-11-06T15:10:06","slug":"orix-379","status":"publish","type":"page","link":"https:\/\/www.smartown.ae\/pt\/oryx-379\/","title":{"rendered":"\u00d3RIX 379"},"content":{"rendered":"<h1>\n\t\t\t\u00d3RIX 379\t<\/h1>\n\t\t\t\t<img decoding=\"async\" src=\"https:\/\/www.smartown.ae\/wp-content\/uploads\/2022\/04\/smartown_wave_icon_white.png\" alt=\"smartown_wave_icon_white\" title=\"smartown_wave_icon_white\" itemprop=\"image\"\/>\n\t\t<h2>Arco de prumo e interiores minimalistas \u2013 apenas um pouco do que esperar do mais novo Oryx\u200b<\/h2>\t\t\t\n\t<p>Com um design distintivo de prumo pr\u00f3ximo, o Oryx 379 proporciona uma viagem mais suave e mais espa\u00e7o interior de cabine. Com pesquisa inovadora, esta obra-prima combina pot\u00eancia e desempenho com um estilo excepcional.<\/p>\n\t\t\t<a href=\"\/wp-content\/uploads\/2023\/09\/Oryx-379_PT.pdf\" target=\"_blank\" rel=\"noopener\">\n\t\t\t\t\t\t\tBaixar Cat\u00e1logo\n\t\t\t<\/a>\n\t\t<nav>\n\t\t\t<ul>\n\t\t\t\t\t\t\t\t<li data-index=\"0\" tabindex=\"0\">\n\t\t\t\t\t<h5>\n\t\t\t\t\t\t<a href=\"javascript:void(0);\" tabindex=\"-1\">Especifica\u00e7\u00f5es\n\t\t\t\t\t\t\t\t\t\t\t\t<\/a>\n\t\t\t\t\t<\/h5>\n\t\t\t\t<\/li>\n\t\t\t\t\t\t\t<\/ul>\n\t\t<\/nav>\n\t\t\t\t\t<div class=\"fl-builder-content fl-builder-content-14794 fl-builder-template fl-builder-layout-template fl-builder-global-templates-locked\" data-post-id=\"14794\"><div class=\"fl-row fl-row-full-width fl-row-bg-none fl-node-iohr5sql2pc0 fl-row-default-height fl-row-align-center\" data-node=\"iohr5sql2pc0\">\n\t<div class=\"fl-row-content-wrap\">\n\t\t<div class=\"uabb-row-separator uabb-top-row-separator\" >\n<\/div>\n\t\t\t\t\t\t<div class=\"fl-row-content fl-row-full-width fl-node-content\">\n\t\t\n<div class=\"fl-col-group fl-node-p41ubldf96vs\" data-node=\"p41ubldf96vs\">\n\t\t\t<div class=\"fl-col fl-node-uqftw2c8xzyb fl-col-bg-color fl-col-small\" data-node=\"uqftw2c8xzyb\">\n\t<div class=\"fl-col-content fl-node-content\"><div class=\"fl-module fl-module-list fl-node-280o3w7yafvx so-list\" data-node=\"280o3w7yafvx\">\n\t<div class=\"fl-module-content fl-node-content\">\n\t\t<ul class=\"fl-list fl-list-unordered\">\t<li class=\"fl-list-item fl-list-item-0\">\n\t\t<div class=\"fl-list-item-wrapper\">\n\t\t\t<span class=\"fl-list-item-heading\"><span class=\"fl-list-item-heading-icon fl-list-item-heading-left\"><span class=\"fl-list-item-icon\"><\/span><\/span> <span class=\"fl-list-item-heading-text\">Comprimento total: &quot;sem motores&quot; 36 p\u00e9s e 8 pol (11,22 m) <\/span><\/span>\t\t<\/div>\n\t<\/li>\n\t\t<li class=\"fl-list-item fl-list-item-1\">\n\t\t<div class=\"fl-list-item-wrapper\">\n\t\t\t<span class=\"fl-list-item-heading\"><span class=\"fl-list-item-heading-icon fl-list-item-heading-left\"><span class=\"fl-list-item-icon\"><\/span><\/span> <span class=\"fl-list-item-heading-text\">Feixe: 3,50 m (11 p\u00e9s e 6 pol.) <\/span><\/span>\t\t<\/div>\n\t<\/li>\n\t\t<li class=\"fl-list-item fl-list-item-2\">\n\t\t<div class=\"fl-list-item-wrapper\">\n\t\t\t<span class=\"fl-list-item-heading\"><span class=\"fl-list-item-heading-icon fl-list-item-heading-left\"><span class=\"fl-list-item-icon\"><\/span><\/span> <span class=\"fl-list-item-heading-text\">Calado: 2 p\u00e9s (0,60 m) <\/span><\/span>\t\t<\/div>\n\t<\/li>\n\t\t<li class=\"fl-list-item fl-list-item-3\">\n\t\t<div class=\"fl-list-item-wrapper\">\n\t\t\t<span class=\"fl-list-item-heading\"><span class=\"fl-list-item-heading-icon fl-list-item-heading-left\"><span class=\"fl-list-item-icon\"><\/span><\/span> <span class=\"fl-list-item-heading-text\">Material do casco: PRFV <\/span><\/span>\t\t<\/div>\n\t<\/li>\n\t\t<li class=\"fl-list-item fl-list-item-4\">\n\t\t<div class=\"fl-list-item-wrapper\">\n\t\t\t<span class=\"fl-list-item-heading\"><span class=\"fl-list-item-heading-icon fl-list-item-heading-left\"><span class=\"fl-list-item-icon\"><\/span><\/span> <span class=\"fl-list-item-heading-text\">Cabe\u00e7a: 1 <\/span><\/span>\t\t<\/div>\n\t<\/li>\n\t<\/ul>\t<\/div>\n<\/div>\n<\/div>\n<\/div>\n\t\t\t<div class=\"fl-col fl-node-7lu8rn5aw4m0 fl-col-bg-color fl-col-small\" data-node=\"7lu8rn5aw4m0\">\n\t<div class=\"fl-col-content fl-node-content\"><div class=\"fl-module fl-module-list fl-node-obwir1dfn5yc so-list\" data-node=\"obwir1dfn5yc\">\n\t<div class=\"fl-module-content fl-node-content\">\n\t\t<ul class=\"fl-list fl-list-unordered\">\t<li class=\"fl-list-item fl-list-item-0\">\n\t\t<div class=\"fl-list-item-wrapper\">\n\t\t\t<span class=\"fl-list-item-heading\"><span class=\"fl-list-item-heading-icon fl-list-item-heading-left\"><span class=\"fl-list-item-icon\"><\/span><\/span> <span class=\"fl-list-item-heading-text\">HP m\u00e1ximo: recomendado 700 hp (522 kW) <\/span><\/span>\t\t<\/div>\n\t<\/li>\n\t\t<li class=\"fl-list-item fl-list-item-1\">\n\t\t<div class=\"fl-list-item-wrapper\">\n\t\t\t<span class=\"fl-list-item-heading\"><span class=\"fl-list-item-heading-icon fl-list-item-heading-left\"><span class=\"fl-list-item-icon\"><\/span><\/span> <span class=\"fl-list-item-heading-text\">Capacidade do tanque de combust\u00edvel: 200 gal\u00f5es americanos (760 l) <\/span><\/span>\t\t<\/div>\n\t<\/li>\n\t\t<li class=\"fl-list-item fl-list-item-2\">\n\t\t<div class=\"fl-list-item-wrapper\">\n\t\t\t<span class=\"fl-list-item-heading\"><span class=\"fl-list-item-heading-icon fl-list-item-heading-left\"><span class=\"fl-list-item-icon\"><\/span><\/span> <span class=\"fl-list-item-heading-text\">Capacidade do tanque de \u00e1gua: 40 gal\u00f5es americanos (150 l) <\/span><\/span>\t\t<\/div>\n\t<\/li>\n\t\t<li class=\"fl-list-item fl-list-item-3\">\n\t\t<div class=\"fl-list-item-wrapper\">\n\t\t\t<span class=\"fl-list-item-heading\"><span class=\"fl-list-item-heading-icon fl-list-item-heading-left\"><span class=\"fl-list-item-icon\"><\/span><\/span> <span class=\"fl-list-item-heading-text\">Acomoda\u00e7\u00e3o: Cabine do propriet\u00e1rio (2 beliches) Cabine de h\u00f3spedes (2 beliches)<\/span><\/span>\t\t<\/div>\n\t<\/li>\n\t<\/ul>\t<\/div>\n<\/div>\n<\/div>\n<\/div>\n\t<\/div>\n\t\t<\/div>\n\t<\/div>\n<\/div>\n<\/div><div class=\"uabb-js-breakpoint\" style=\"display: none;\"><\/div>\t\t\t\t\n\t\t\t\t\t<!-- \/content -->\n\t<!-- \/tabs -->\n\t\t\t\t<img decoding=\"async\" src=\"http:\/\/www.smartown.ae\/wp-content\/uploads\/2023\/10\/Oryx-379-main-deck.png\" alt=\"Conv\u00e9s principal do Oryx 379\" itemprop=\"image\" title=\"Conv\u00e9s principal do Oryx 379\" onerror=\"this.style.display='none'\" loading=\"lazy\" \/>\n\t\t\t\t<img decoding=\"async\" src=\"http:\/\/www.smartown.ae\/wp-content\/uploads\/2023\/10\/Oryx-379-lower-deck.png\" alt=\"Conv\u00e9s inferior do Oryx 379\" itemprop=\"image\" title=\"Conv\u00e9s inferior do Oryx 379\" onerror=\"this.style.display='none'\" loading=\"lazy\" \/>\n<h2>\n\t\t\tV\u00eddeo\t<\/h2>\n\t\t\t\t\t<img decoding=\"async\" src=\"https:\/\/i.ytimg.com\/vi\/ALFuEv_qedA\/maxresdefault.jpg\" alt=\"miniatura de v\u00eddeo do youtube\"\/>\n\t\t<h2>\n\t\t\tCat\u00e1logo\t<\/h2>\n\t<p>Para mais informa\u00e7\u00f5es, fa\u00e7a o download do cat\u00e1logo.<\/p>\n\t\t\t<a href=\"\/wp-content\/uploads\/2023\/09\/Oryx-379_PT.pdf\" target=\"_blank\" rel=\"noopener\">\n\t\t\t\t\t\t\tBaixar Cat\u00e1logo\n\t\t\t<\/a>\n<h2>\n\t\t\tCota\u00e7\u00e3o\t<\/h2>\n\t<p>Se voc\u00ea estiver procurando por um barco de passageiros ou uma embarca\u00e7\u00e3o especial.<\/p>\n\t\t\t<a href=\"\/pt\/contato-smartown\/\" target=\"_blank\" rel=\"noopener\">\n\t\t\t\t\t\t\tFale Conosco\n\t\t\t<\/a>\n\t\t\t\t<img decoding=\"async\" src=\"https:\/\/www.smartown.ae\/wp-content\/uploads\/2023\/07\/TALK-TO-US.png\" alt=\"FALE CONOSCO\" itemprop=\"image\" height=\"162\" width=\"161\" title=\"FALE CONOSCO\" onerror=\"this.style.display='none'\" loading=\"lazy\" \/>\n<h3>\n\t\t\tCruzadores esportivos semelhantes \t<\/h3>\n\t<a href=\"\/pt\/oryx-36\/\" target=\"_self\"  aria-label=\"V\u00e1 para \/oryx-36\/\"><\/a>\n\t\t\t\t<img decoding=\"async\" src=\"https:\/\/www.smartown.ae\/wp-content\/uploads\/2023\/07\/ORYX-36-19-scaled.jpg\" alt=\"\u00d3rix 36\" title=\"\u00d3rix 36\" itemprop=\"image\"\/>\n\t\t<h4>\u00d3RIX 36<\/h4>\t\t\t\n\t<a href=\"\/pt\/orix-42\/\" target=\"_self\"  aria-label=\"V\u00e1 para \/oryx-42\/\"><\/a>\n\t\t\t\t<img decoding=\"async\" src=\"https:\/\/www.smartown.ae\/wp-content\/uploads\/2023\/07\/ORYX-42-20-scaled.jpg\" alt=\"\u00d3RIX 42\" title=\"\u00d3RIX 42\" itemprop=\"image\"\/>\n\t\t<h4>\u00d3RIX 42<\/h4>","protected":false},"excerpt":{"rendered":"<p>ORYX 379 Plumb Bow And Minimalist Interiors &#8211; Just A Few Of What To Expect On The Newest Oryx\u200b Featuring a distinctive near plumb bow design, Oryx 379 provides a smoother ride and more interior cabin space. With innovative research, this masterpiece combines power and performance with exceptional styling to match. Download Catalog Specifications Video [&hellip;]<\/p>\n","protected":false},"author":2,"featured_media":0,"parent":0,"menu_order":0,"comment_status":"closed","ping_status":"closed","template":"","meta":{"site-sidebar-layout":"no-sidebar","site-content-layout":"page-builder","ast-site-content-layout":"full-width-container","site-content-style":"unboxed","site-sidebar-style":"unboxed","ast-global-header-display":"","ast-banner-title-visibility":"","ast-main-header-display":"","ast-hfb-above-header-display":"","ast-hfb-below-header-display":"","ast-hfb-mobile-header-display":"","site-post-title":"disabled","ast-breadcrumbs-content":"disabled","ast-featured-img":"disabled","footer-sml-layout":"","ast-disable-related-posts":"","theme-transparent-header-meta":"default","adv-header-id-meta":"","stick-header-meta":"","header-above-stick-meta":"","header-main-stick-meta":"","header-below-stick-meta":"","astra-migrate-meta-layouts":"set","ast-page-background-enabled":"default","ast-page-background-meta":{"desktop":{"background-color":"var(--ast-global-color-4)","background-image":"","background-repeat":"repeat","background-position":"center center","background-size":"auto","background-attachment":"scroll","background-type":"","background-media":"","overlay-type":"","overlay-color":"","overlay-opacity":"","overlay-gradient":""},"tablet":{"background-color":"","background-image":"","background-repeat":"repeat","background-position":"center center","background-size":"auto","background-attachment":"scroll","background-type":"","background-media":"","overlay-type":"","overlay-color":"","overlay-opacity":"","overlay-gradient":""},"mobile":{"background-color":"","background-image":"","background-repeat":"repeat","background-position":"center center","background-size":"auto","background-attachment":"scroll","background-type":"","background-media":"","overlay-type":"","overlay-color":"","overlay-opacity":"","overlay-gradient":""}},"ast-content-background-meta":{"desktop":{"background-color":"var(--ast-global-color-5)","background-image":"","background-repeat":"repeat","background-position":"center center","background-size":"auto","background-attachment":"scroll","background-type":"","background-media":"","overlay-type":"","overlay-color":"","overlay-opacity":"","overlay-gradient":""},"tablet":{"background-color":"var(--ast-global-color-5)","background-image":"","background-repeat":"repeat","background-position":"center center","background-size":"auto","background-attachment":"scroll","background-type":"","background-media":"","overlay-type":"","overlay-color":"","overlay-opacity":"","overlay-gradient":""},"mobile":{"background-color":"var(--ast-global-color-5)","background-image":"","background-repeat":"repeat","background-position":"center center","background-size":"auto","background-attachment":"scroll","background-type":"","background-media":"","overlay-type":"","overlay-color":"","overlay-opacity":"","overlay-gradient":""}},"footnotes":""},"class_list":["post-14819","page","type-page","status-publish","hentry"],"_links":{"self":[{"href":"https:\/\/www.smartown.ae\/pt\/wp-json\/wp\/v2\/pages\/14819","targetHints":{"allow":["GET"]}}],"collection":[{"href":"https:\/\/www.smartown.ae\/pt\/wp-json\/wp\/v2\/pages"}],"about":[{"href":"https:\/\/www.smartown.ae\/pt\/wp-json\/wp\/v2\/types\/page"}],"author":[{"embeddable":true,"href":"https:\/\/www.smartown.ae\/pt\/wp-json\/wp\/v2\/users\/2"}],"replies":[{"embeddable":true,"href":"https:\/\/www.smartown.ae\/pt\/wp-json\/wp\/v2\/comments?post=14819"}],"version-history":[{"count":0,"href":"https:\/\/www.smartown.ae\/pt\/wp-json\/wp\/v2\/pages\/14819\/revisions"}],"wp:attachment":[{"href":"https:\/\/www.smartown.ae\/pt\/wp-json\/wp\/v2\/media?parent=14819"}],"curies":[{"name":"wp","href":"https:\/\/api.w.org\/{rel}","templated":true}]}}