{"id":14788,"date":"2023-07-14T15:49:23","date_gmt":"2023-07-14T11:49:23","guid":{"rendered":"https:\/\/www.smartown.ae\/?page_id=14788"},"modified":"2025-10-16T13:34:52","modified_gmt":"2025-10-16T09:34:52","slug":"oryx-36","status":"publish","type":"page","link":"https:\/\/www.smartown.ae\/pt\/oryx-36\/","title":{"rendered":"\u00d3RIX 36"},"content":{"rendered":"<h1>\r\n\t\t\t\u00d3RIX 36\t<\/h1>\r\n\t\t\t\t<img decoding=\"async\" src=\"https:\/\/www.smartown.ae\/wp-content\/uploads\/2022\/04\/smartown_wave_icon_white.png\" alt=\"smartown_wave_icon_white\" title=\"smartown_wave_icon_white\" itemprop=\"image\"\/>\r\n\t\t<h2>Luxo esportivo encontra conforto pr\u00e1tico: Oryx 36 Sports Cruiser<\/h2>\t\t\t\r\n\t<p>O <strong>\u00d3rix 36<\/strong> misturas din\u00e2micas <strong>desempenho<\/strong> com refinado <strong>conforto<\/strong>, tornando-o o ideal <strong>cruzador esportivo<\/strong> para fam\u00edlias e entusiastas de passeios de barco que valorizam <strong>versatilidade<\/strong> e <strong>estilo<\/strong>.<\/p>\r\n<p>Projetado com um espa\u00e7oso <strong>\u00c1rea de estar em forma de L<\/strong> ao lado do piloto, este cruzador garante f\u00e1cil acesso ao <strong>deck de nata\u00e7\u00e3o<\/strong> e muito espa\u00e7o para relaxar ou receber convidados.<\/p>\r\n<p><strong>Materiais premium<\/strong>, avan\u00e7ado <strong>engenharia de casco<\/strong>, e um conv\u00e9s principal personaliz\u00e1vel permite que voc\u00ea reflita seu gosto pessoal e torne cada viagem \u00fanica.<\/p>\r\n<p>Com dois quartos bem equipados <strong>cabines<\/strong> que pode acomodar quatro pessoas, comodidades modernas e um robusto <strong>Casco de PRFV<\/strong>, o <strong>\u00d3rix 36<\/strong> oferece um passeio seguro e tranquilo, seja para um dia de aventura ou um fim de semana relaxante na \u00e1gua.<\/p>\r\n<p>Se voc\u00ea est\u00e1 procurando ainda mais espa\u00e7o e desempenho, considere o <a href=\"https:\/\/www.smartown.ae\/pt\/orix-42\/\" target=\"_blank\" rel=\"noopener\"><strong>\u00d3rix 42<\/strong><\/a>, que re\u00fane velocidade ideal, assentos extraordin\u00e1rios e \u00e1reas de descanso extras para uma experi\u00eancia de cruzeiro verdadeiramente inesquec\u00edvel.<\/p>\r\n\t\t\t<a href=\"\/wp-content\/uploads\/2023\/09\/Oryx-36_PT.pdf\" target=\"_blank\" rel=\"noopener\">\r\n\t\t\t\t\t\t\tBaixar Cat\u00e1logo\r\n\t\t\t<\/a>\r\n\t\t<nav>\r\n\t\t\t<ul>\r\n\t\t\t\t\t\t\t\t<li data-index=\"0\" tabindex=\"0\">\r\n\t\t\t\t\t<h5>\r\n\t\t\t\t\t\t<a href=\"javascript:void(0);\" tabindex=\"-1\">Especifica\u00e7\u00f5es\r\n\t\t\t\t\t\t\t\t\t\t\t\t<\/a>\r\n\t\t\t\t\t<\/h5>\r\n\t\t\t\t<\/li>\r\n\t\t\t\t\t\t\t<\/ul>\r\n\t\t<\/nav>\r\n\t\t\t\t\t<div class=\"fl-builder-content fl-builder-content-14794 fl-builder-template fl-builder-layout-template fl-builder-global-templates-locked\" data-post-id=\"14794\"><div class=\"fl-row fl-row-full-width fl-row-bg-none fl-node-iohr5sql2pc0 fl-row-default-height fl-row-align-center\" data-node=\"iohr5sql2pc0\">\n\t<div class=\"fl-row-content-wrap\">\n\t\t<div class=\"uabb-row-separator uabb-top-row-separator\" >\n<\/div>\n\t\t\t\t\t\t<div class=\"fl-row-content fl-row-full-width fl-node-content\">\n\t\t\n<div class=\"fl-col-group fl-node-p41ubldf96vs\" data-node=\"p41ubldf96vs\">\n\t\t\t<div class=\"fl-col fl-node-uqftw2c8xzyb fl-col-bg-color fl-col-small\" data-node=\"uqftw2c8xzyb\">\n\t<div class=\"fl-col-content fl-node-content\"><div class=\"fl-module fl-module-list fl-node-280o3w7yafvx so-list\" data-node=\"280o3w7yafvx\">\n\t<div class=\"fl-module-content fl-node-content\">\n\t\t<ul class=\"fl-list fl-list-unordered\">\t<li class=\"fl-list-item fl-list-item-0\">\n\t\t<div class=\"fl-list-item-wrapper\">\n\t\t\t<span class=\"fl-list-item-heading\"><span class=\"fl-list-item-heading-icon fl-list-item-heading-left\"><span class=\"fl-list-item-icon\"><\/span><\/span> <span class=\"fl-list-item-heading-text\">Comprimento total: &quot;sem motores&quot; 36 p\u00e9s e 8 pol (11,22 m) <\/span><\/span>\t\t<\/div>\n\t<\/li>\n\t\t<li class=\"fl-list-item fl-list-item-1\">\n\t\t<div class=\"fl-list-item-wrapper\">\n\t\t\t<span class=\"fl-list-item-heading\"><span class=\"fl-list-item-heading-icon fl-list-item-heading-left\"><span class=\"fl-list-item-icon\"><\/span><\/span> <span class=\"fl-list-item-heading-text\">Feixe: 3,50 m (11 p\u00e9s e 6 pol.) <\/span><\/span>\t\t<\/div>\n\t<\/li>\n\t\t<li class=\"fl-list-item fl-list-item-2\">\n\t\t<div class=\"fl-list-item-wrapper\">\n\t\t\t<span class=\"fl-list-item-heading\"><span class=\"fl-list-item-heading-icon fl-list-item-heading-left\"><span class=\"fl-list-item-icon\"><\/span><\/span> <span class=\"fl-list-item-heading-text\">Calado: 2 p\u00e9s (0,60 m) <\/span><\/span>\t\t<\/div>\n\t<\/li>\n\t\t<li class=\"fl-list-item fl-list-item-3\">\n\t\t<div class=\"fl-list-item-wrapper\">\n\t\t\t<span class=\"fl-list-item-heading\"><span class=\"fl-list-item-heading-icon fl-list-item-heading-left\"><span class=\"fl-list-item-icon\"><\/span><\/span> <span class=\"fl-list-item-heading-text\">Material do casco: PRFV <\/span><\/span>\t\t<\/div>\n\t<\/li>\n\t\t<li class=\"fl-list-item fl-list-item-4\">\n\t\t<div class=\"fl-list-item-wrapper\">\n\t\t\t<span class=\"fl-list-item-heading\"><span class=\"fl-list-item-heading-icon fl-list-item-heading-left\"><span class=\"fl-list-item-icon\"><\/span><\/span> <span class=\"fl-list-item-heading-text\">Cabe\u00e7a: 1 <\/span><\/span>\t\t<\/div>\n\t<\/li>\n\t<\/ul>\t<\/div>\n<\/div>\n<\/div>\n<\/div>\n\t\t\t<div class=\"fl-col fl-node-7lu8rn5aw4m0 fl-col-bg-color fl-col-small\" data-node=\"7lu8rn5aw4m0\">\n\t<div class=\"fl-col-content fl-node-content\"><div class=\"fl-module fl-module-list fl-node-obwir1dfn5yc so-list\" data-node=\"obwir1dfn5yc\">\n\t<div class=\"fl-module-content fl-node-content\">\n\t\t<ul class=\"fl-list fl-list-unordered\">\t<li class=\"fl-list-item fl-list-item-0\">\n\t\t<div class=\"fl-list-item-wrapper\">\n\t\t\t<span class=\"fl-list-item-heading\"><span class=\"fl-list-item-heading-icon fl-list-item-heading-left\"><span class=\"fl-list-item-icon\"><\/span><\/span> <span class=\"fl-list-item-heading-text\">HP m\u00e1ximo: recomendado 700 hp (522 kW) <\/span><\/span>\t\t<\/div>\n\t<\/li>\n\t\t<li class=\"fl-list-item fl-list-item-1\">\n\t\t<div class=\"fl-list-item-wrapper\">\n\t\t\t<span class=\"fl-list-item-heading\"><span class=\"fl-list-item-heading-icon fl-list-item-heading-left\"><span class=\"fl-list-item-icon\"><\/span><\/span> <span class=\"fl-list-item-heading-text\">Capacidade do tanque de combust\u00edvel: 200 gal\u00f5es americanos (760 l) <\/span><\/span>\t\t<\/div>\n\t<\/li>\n\t\t<li class=\"fl-list-item fl-list-item-2\">\n\t\t<div class=\"fl-list-item-wrapper\">\n\t\t\t<span class=\"fl-list-item-heading\"><span class=\"fl-list-item-heading-icon fl-list-item-heading-left\"><span class=\"fl-list-item-icon\"><\/span><\/span> <span class=\"fl-list-item-heading-text\">Capacidade do tanque de \u00e1gua: 40 gal\u00f5es americanos (150 l) <\/span><\/span>\t\t<\/div>\n\t<\/li>\n\t\t<li class=\"fl-list-item fl-list-item-3\">\n\t\t<div class=\"fl-list-item-wrapper\">\n\t\t\t<span class=\"fl-list-item-heading\"><span class=\"fl-list-item-heading-icon fl-list-item-heading-left\"><span class=\"fl-list-item-icon\"><\/span><\/span> <span class=\"fl-list-item-heading-text\">Acomoda\u00e7\u00e3o: Cabine do propriet\u00e1rio (2 beliches) Cabine de h\u00f3spedes (2 beliches)<\/span><\/span>\t\t<\/div>\n\t<\/li>\n\t<\/ul>\t<\/div>\n<\/div>\n<\/div>\n<\/div>\n\t<\/div>\n\t\t<\/div>\n\t<\/div>\n<\/div>\n<\/div><div class=\"uabb-js-breakpoint\" style=\"display: none;\"><\/div>\t\t\t\t\r\n\t\t\t\t\t<!-- \/content -->\r\n\t<!-- \/tabs -->\r\n\t\t\t\t<img decoding=\"async\" src=\"http:\/\/www.smartown.ae\/wp-content\/uploads\/2023\/10\/new-image-1.png\" alt=\"nova-imagem-1\" itemprop=\"image\" title=\"nova-imagem-1\" onerror=\"this.style.display='none'\" loading='lazy' \/>\r\n\t\t\t\t<img decoding=\"async\" src=\"http:\/\/www.smartown.ae\/wp-content\/uploads\/2023\/10\/new-image-2.png\" alt=\"nova-imagem-2\" itemprop=\"image\" title=\"nova-imagem-2\" onerror=\"this.style.display='none'\" loading='lazy' \/>\r\n<h2>\r\n\t\t\tCat\u00e1logo\t<\/h2>\r\n\t<p>Para mais informa\u00e7\u00f5es, fa\u00e7a o download do cat\u00e1logo.<\/p>\r\n\t\t\t<a href=\"\/wp-content\/uploads\/2023\/09\/Oryx-36_PT.pdf\" target=\"_blank\" rel=\"noopener\">\r\n\t\t\t\t\t\t\tBaixar Cat\u00e1logo\r\n\t\t\t<\/a>\r\n<h2>\r\n\t\t\tCota\u00e7\u00e3o\t<\/h2>\r\n\t<p>Se voc\u00ea estiver procurando por um barco de passageiros ou uma embarca\u00e7\u00e3o especial.<\/p>\r\n\t\t\t<a href=\"\/pt\/contato-smartown\/\" target=\"_blank\" rel=\"noopener\">\r\n\t\t\t\t\t\t\tFale Conosco\r\n\t\t\t<\/a>\r\n\t\t\t\t<img decoding=\"async\" src=\"https:\/\/www.smartown.ae\/wp-content\/uploads\/2023\/07\/TALK-TO-US.png\" alt=\"FALE CONOSCO\" itemprop=\"image\" height=\"162\" width=\"161\" title=\"FALE CONOSCO\" onerror=\"this.style.display='none'\" loading='lazy' \/>\r\n<h3>\r\n\t\t\tCruzadores esportivos semelhantes \t<\/h3>\r\n\t<a href=\"https:\/\/www.smartown.ae\/pt\/orix-42\/\" target=\"_self\"  aria-label=\"Acesse https:\/\/www.smarttown.ae\/oryx-42\/\"><\/a>\r\n\t\t\t\t<img decoding=\"async\" src=\"http:\/\/www.smartown.ae\/wp-content\/uploads\/2023\/07\/ORYX-42-20-scaled.jpg\" alt=\"\u00d3RIX 42\" title=\"\u00d3RIX 42\" itemprop=\"image\"\/>\r\n\t\t<h4>\u00d3RIX 42<\/h4>\t\t\t\r\n\t<a href=\"https:\/\/www.smartown.ae\/pt\/orix-379\/\" target=\"_self\"  aria-label=\"Acesse https:\/\/www.smarttown.ae\/oryx-379\/\"><\/a>\r\n\t\t\t\t<img decoding=\"async\" src=\"http:\/\/www.smartown.ae\/wp-content\/uploads\/2023\/07\/ORYX-379-16-scaled.jpg\" alt=\"\u00d3RIX 379\" title=\"\u00d3RIX 379\" itemprop=\"image\"\/>\r\n\t\t<h4>\u00d3RIX 379<\/h4>","protected":false},"excerpt":{"rendered":"<p>ORYX 36 Sporty Luxury Meets Practical Comfort: Oryx 36 Sports Cruiser The Oryx 36 blends dynamic performance with refined comfort, making it the ideal sports cruiser for families and boating enthusiasts who value versatility and style. Designed with a spacious L-shaped seating area next to the pilot, this cruiser ensures easy access to the swim [&hellip;]<\/p>\n","protected":false},"author":2,"featured_media":0,"parent":0,"menu_order":0,"comment_status":"closed","ping_status":"closed","template":"","meta":{"site-sidebar-layout":"no-sidebar","site-content-layout":"page-builder","ast-site-content-layout":"full-width-container","site-content-style":"unboxed","site-sidebar-style":"unboxed","ast-global-header-display":"","ast-banner-title-visibility":"","ast-main-header-display":"","ast-hfb-above-header-display":"","ast-hfb-below-header-display":"","ast-hfb-mobile-header-display":"","site-post-title":"disabled","ast-breadcrumbs-content":"disabled","ast-featured-img":"disabled","footer-sml-layout":"","ast-disable-related-posts":"","theme-transparent-header-meta":"default","adv-header-id-meta":"","stick-header-meta":"","header-above-stick-meta":"","header-main-stick-meta":"","header-below-stick-meta":"","astra-migrate-meta-layouts":"set","ast-page-background-enabled":"default","ast-page-background-meta":{"desktop":{"background-color":"var(--ast-global-color-4)","background-image":"","background-repeat":"repeat","background-position":"center center","background-size":"auto","background-attachment":"scroll","background-type":"","background-media":"","overlay-type":"","overlay-color":"","overlay-opacity":"","overlay-gradient":""},"tablet":{"background-color":"","background-image":"","background-repeat":"repeat","background-position":"center center","background-size":"auto","background-attachment":"scroll","background-type":"","background-media":"","overlay-type":"","overlay-color":"","overlay-opacity":"","overlay-gradient":""},"mobile":{"background-color":"","background-image":"","background-repeat":"repeat","background-position":"center center","background-size":"auto","background-attachment":"scroll","background-type":"","background-media":"","overlay-type":"","overlay-color":"","overlay-opacity":"","overlay-gradient":""}},"ast-content-background-meta":{"desktop":{"background-color":"var(--ast-global-color-5)","background-image":"","background-repeat":"repeat","background-position":"center center","background-size":"auto","background-attachment":"scroll","background-type":"","background-media":"","overlay-type":"","overlay-color":"","overlay-opacity":"","overlay-gradient":""},"tablet":{"background-color":"var(--ast-global-color-5)","background-image":"","background-repeat":"repeat","background-position":"center center","background-size":"auto","background-attachment":"scroll","background-type":"","background-media":"","overlay-type":"","overlay-color":"","overlay-opacity":"","overlay-gradient":""},"mobile":{"background-color":"var(--ast-global-color-5)","background-image":"","background-repeat":"repeat","background-position":"center center","background-size":"auto","background-attachment":"scroll","background-type":"","background-media":"","overlay-type":"","overlay-color":"","overlay-opacity":"","overlay-gradient":""}},"footnotes":""},"class_list":["post-14788","page","type-page","status-publish","hentry"],"_links":{"self":[{"href":"https:\/\/www.smartown.ae\/pt\/wp-json\/wp\/v2\/pages\/14788","targetHints":{"allow":["GET"]}}],"collection":[{"href":"https:\/\/www.smartown.ae\/pt\/wp-json\/wp\/v2\/pages"}],"about":[{"href":"https:\/\/www.smartown.ae\/pt\/wp-json\/wp\/v2\/types\/page"}],"author":[{"embeddable":true,"href":"https:\/\/www.smartown.ae\/pt\/wp-json\/wp\/v2\/users\/2"}],"replies":[{"embeddable":true,"href":"https:\/\/www.smartown.ae\/pt\/wp-json\/wp\/v2\/comments?post=14788"}],"version-history":[{"count":0,"href":"https:\/\/www.smartown.ae\/pt\/wp-json\/wp\/v2\/pages\/14788\/revisions"}],"wp:attachment":[{"href":"https:\/\/www.smartown.ae\/pt\/wp-json\/wp\/v2\/media?parent=14788"}],"curies":[{"name":"wp","href":"https:\/\/api.w.org\/{rel}","templated":true}]}}