{"id":14604,"date":"2023-07-14T14:01:37","date_gmt":"2023-07-14T10:01:37","guid":{"rendered":"https:\/\/www.smartown.ae\/?page_id=14604"},"modified":"2025-11-06T18:59:52","modified_gmt":"2025-11-06T14:59:52","slug":"silvercat-40lux","status":"publish","type":"page","link":"https:\/\/www.smartown.ae\/pt\/silvercat-40lux\/","title":{"rendered":"SilverCat 40Lux"},"content":{"rendered":"<h1>\n\t\t\tSilverCat 40LUX\u200b\t<\/h1>\n\t\t\t\t<img decoding=\"async\" src=\"https:\/\/www.smartown.ae\/wp-content\/uploads\/2022\/04\/smartown_wave_icon_white.png\" alt=\"smartown_wave_icon_white\" title=\"smartown_wave_icon_white\" itemprop=\"image\"\/>\n\t\t<h2>Mime sua fam\u00edlia e amigos com luxo e entretenimento<\/h2>\t\t\t\n\t<p>Com uma quantidade sem precedentes de espa\u00e7o no conv\u00e9s para divers\u00e3o dos passageiros, o SilverCat 40 LUX \u00e9 ideal para fam\u00edlias que desejam entreter confortavelmente um grande grupo de convidados. Com muita luz, espa\u00e7o generoso, cozinha totalmente equipada e \u00e1reas de estar na popa, na cabine e na proa fazem dele a escolha perfeita para cruzeiros de f\u00e9rias e de lazer.<\/p>\n\t\t\t<a href=\"\/wp-content\/uploads\/2023\/09\/SilverCat-40LUX_PT.pdf\" target=\"_blank\" rel=\"noopener\">\n\t\t\t\t\t\t\tBaixar Cat\u00e1logo\n\t\t\t<\/a>\n\t\t<nav>\n\t\t\t<ul>\n\t\t\t\t\t\t\t\t<li data-index=\"0\" tabindex=\"0\">\n\t\t\t\t\t<h5>\n\t\t\t\t\t\t<a href=\"javascript:void(0);\" tabindex=\"-1\">Especifica\u00e7\u00f5es\n\t\t\t\t\t\t\t\t\t\t\t\t<\/a>\n\t\t\t\t\t<\/h5>\n\t\t\t\t<\/li>\n\t\t\t\t\t\t\t<\/ul>\n\t\t<\/nav>\n\t\t\t\t\t<div class=\"fl-builder-content fl-builder-content-14729 fl-builder-template fl-builder-layout-template fl-builder-global-templates-locked\" data-post-id=\"14729\"><div class=\"fl-row fl-row-full-width fl-row-bg-none fl-node-bh13kpfn79tz fl-row-default-height fl-row-align-center\" data-node=\"bh13kpfn79tz\">\n\t<div class=\"fl-row-content-wrap\">\n\t\t<div class=\"uabb-row-separator uabb-top-row-separator\" >\n<\/div>\n\t\t\t\t\t\t<div class=\"fl-row-content fl-row-full-width fl-node-content\">\n\t\t\n<div class=\"fl-col-group fl-node-kg3dt7aroubl\" data-node=\"kg3dt7aroubl\">\n\t\t\t<div class=\"fl-col fl-node-3mjo1c7xw5z8 fl-col-bg-color fl-col-small\" data-node=\"3mjo1c7xw5z8\">\n\t<div class=\"fl-col-content fl-node-content\"><div class=\"fl-module fl-module-list fl-node-vftuaceshn6y so-list\" data-node=\"vftuaceshn6y\">\n\t<div class=\"fl-module-content fl-node-content\">\n\t\t<ul class=\"fl-list fl-list-unordered\">\t<li class=\"fl-list-item fl-list-item-0\">\n\t\t<div class=\"fl-list-item-wrapper\">\n\t\t\t<span class=\"fl-list-item-heading\"><span class=\"fl-list-item-heading-icon fl-list-item-heading-left\"><span class=\"fl-list-item-icon\"><\/span><\/span> <span class=\"fl-list-item-heading-text\">Comprimento total: &quot;com motores&quot; 40 p\u00e9s (12,20 m) <\/span><\/span>\t\t<\/div>\n\t<\/li>\n\t\t<li class=\"fl-list-item fl-list-item-1\">\n\t\t<div class=\"fl-list-item-wrapper\">\n\t\t\t<span class=\"fl-list-item-heading\"><span class=\"fl-list-item-heading-icon fl-list-item-heading-left\"><span class=\"fl-list-item-icon\"><\/span><\/span> <span class=\"fl-list-item-heading-text\">Feixe: 13 p\u00e9s 7 pol. (4,13 m) <\/span><\/span>\t\t<\/div>\n\t<\/li>\n\t\t<li class=\"fl-list-item fl-list-item-2\">\n\t\t<div class=\"fl-list-item-wrapper\">\n\t\t\t<span class=\"fl-list-item-heading\"><span class=\"fl-list-item-heading-icon fl-list-item-heading-left\"><span class=\"fl-list-item-icon\"><\/span><\/span> <span class=\"fl-list-item-heading-text\">Calado: 0,40 m (1 p\u00e9 e 4 pol.) <\/span><\/span>\t\t<\/div>\n\t<\/li>\n\t\t<li class=\"fl-list-item fl-list-item-3\">\n\t\t<div class=\"fl-list-item-wrapper\">\n\t\t\t<span class=\"fl-list-item-heading\"><span class=\"fl-list-item-heading-icon fl-list-item-heading-left\"><span class=\"fl-list-item-icon\"><\/span><\/span> <span class=\"fl-list-item-heading-text\">Tipo de casco: Catamar\u00e3 de casco duplo <\/span><\/span>\t\t<\/div>\n\t<\/li>\n\t\t<li class=\"fl-list-item fl-list-item-4\">\n\t\t<div class=\"fl-list-item-wrapper\">\n\t\t\t<span class=\"fl-list-item-heading\"><span class=\"fl-list-item-heading-icon fl-list-item-heading-left\"><span class=\"fl-list-item-icon\"><\/span><\/span> <span class=\"fl-list-item-heading-text\">Material do casco: PRFV <\/span><\/span>\t\t<\/div>\n\t<\/li>\n\t<\/ul>\t<\/div>\n<\/div>\n<\/div>\n<\/div>\n\t\t\t<div class=\"fl-col fl-node-wy867flvzdun fl-col-bg-color fl-col-small\" data-node=\"wy867flvzdun\">\n\t<div class=\"fl-col-content fl-node-content\"><div class=\"fl-module fl-module-list fl-node-ulphz0y9g2da so-list\" data-node=\"ulphz0y9g2da\">\n\t<div class=\"fl-module-content fl-node-content\">\n\t\t<ul class=\"fl-list fl-list-unordered\">\t<li class=\"fl-list-item fl-list-item-0\">\n\t\t<div class=\"fl-list-item-wrapper\">\n\t\t\t<span class=\"fl-list-item-heading\"><span class=\"fl-list-item-heading-icon fl-list-item-heading-left\"><span class=\"fl-list-item-icon\"><\/span><\/span> <span class=\"fl-list-item-heading-text\">Deslocamento: 7,9 toneladas <\/span><\/span>\t\t<\/div>\n\t<\/li>\n\t\t<li class=\"fl-list-item fl-list-item-1\">\n\t\t<div class=\"fl-list-item-wrapper\">\n\t\t\t<span class=\"fl-list-item-heading\"><span class=\"fl-list-item-heading-icon fl-list-item-heading-left\"><span class=\"fl-list-item-icon\"><\/span><\/span> <span class=\"fl-list-item-heading-text\">HP m\u00e1ximo: recomendado 1200 hp (883 kW) <\/span><\/span>\t\t<\/div>\n\t<\/li>\n\t\t<li class=\"fl-list-item fl-list-item-2\">\n\t\t<div class=\"fl-list-item-wrapper\">\n\t\t\t<span class=\"fl-list-item-heading\"><span class=\"fl-list-item-heading-icon fl-list-item-heading-left\"><span class=\"fl-list-item-icon\"><\/span><\/span> <span class=\"fl-list-item-heading-text\">Capacidade do tanque de combust\u00edvel: 600 gal\u00f5es americanos (2.271 l) <\/span><\/span>\t\t<\/div>\n\t<\/li>\n\t\t<li class=\"fl-list-item fl-list-item-3\">\n\t\t<div class=\"fl-list-item-wrapper\">\n\t\t\t<span class=\"fl-list-item-heading\"><span class=\"fl-list-item-heading-icon fl-list-item-heading-left\"><span class=\"fl-list-item-icon\"><\/span><\/span> <span class=\"fl-list-item-heading-text\">Capacidade do tanque de \u00e1gua: 75 gal\u00f5es americanos (283 l) <\/span><\/span>\t\t<\/div>\n\t<\/li>\n\t\t<li class=\"fl-list-item fl-list-item-4\">\n\t\t<div class=\"fl-list-item-wrapper\">\n\t\t\t<span class=\"fl-list-item-heading\"><span class=\"fl-list-item-heading-icon fl-list-item-heading-left\"><span class=\"fl-list-item-icon\"><\/span><\/span> <span class=\"fl-list-item-heading-text\">M\u00e1ximo n\u00e3o. n\u00famero de pessoas a bordo: 15 pessoas <\/span><\/span>\t\t<\/div>\n\t<\/li>\n\t<\/ul>\t<\/div>\n<\/div>\n<\/div>\n<\/div>\n\t<\/div>\n\t\t<\/div>\n\t<\/div>\n<\/div>\n<\/div><div class=\"uabb-js-breakpoint\" style=\"display: none;\"><\/div>\t\t\t\t\n\t\t\t\t\t<!-- \/content -->\n\t<!-- \/tabs -->\n\t\t\t\t<img decoding=\"async\" src=\"http:\/\/www.smartown.ae\/wp-content\/uploads\/2023\/10\/SilverCat-46LUX-inboard-2048x575-new.png\" alt=\"SilverCat-46LUX-inboard-2048x575-novo\" itemprop=\"image\" title=\"SilverCat-46LUX-inboard-2048x575-novo\" onerror=\"this.style.display='none'\" loading=\"lazy\" \/>\n<h2>\n\t\t\tV\u00eddeo\t<\/h2>\n\t\t\t\t\t<img decoding=\"async\" src=\"https:\/\/www.smartown.ae\/wp-content\/uploads\/2023\/07\/SilverCat-40Lux-17-1-scaled.jpg\" alt=\"\">\n\t\t<h2>\n\t\t\tCat\u00e1logo\t<\/h2>\n\t<p>Para mais informa\u00e7\u00f5es, fa\u00e7a o download do cat\u00e1logo.<\/p>\n\t\t\t<a href=\"\/wp-content\/uploads\/2023\/09\/SilverCat-40LUX_PT.pdf\" target=\"_blank\" rel=\"noopener\">\n\t\t\t\t\t\t\tBaixar Cat\u00e1logo\n\t\t\t<\/a>\n<h2>\n\t\t\tCota\u00e7\u00e3o\t<\/h2>\n\t<p>Se voc\u00ea estiver procurando por um barco de passageiros ou uma embarca\u00e7\u00e3o especial.<\/p>\n\t\t\t<a href=\"\/pt\/contato-smartown\/\" target=\"_blank\" rel=\"noopener\">\n\t\t\t\t\t\t\tFale Conosco\n\t\t\t<\/a>\n\t\t\t\t<img decoding=\"async\" src=\"https:\/\/www.smartown.ae\/wp-content\/uploads\/2023\/07\/TALK-TO-US.png\" alt=\"FALE CONOSCO\" itemprop=\"image\" height=\"162\" width=\"161\" title=\"FALE CONOSCO\" onerror=\"this.style.display='none'\" loading=\"lazy\" \/>\n<h3>\n\t\t\tBarcos de pesca semelhantes\t<\/h3>\n\t<a href=\"\/pt\/silvercat-34-lux\/\" target=\"_self\"  aria-label=\"V\u00e1 para \/silvercat-34lux\/\"><\/a>\n\t\t\t\t<img decoding=\"async\" src=\"https:\/\/www.smartown.ae\/wp-content\/uploads\/2023\/07\/SilverCat-34Lux-1-scaled.jpg\" alt=\"SilverCat 34Lux (1)\" title=\"SilverCat 34Lux (1)\" itemprop=\"image\"\/>\n\t\t<h4>SilverCat 34Lux<\/h4>\t\t\t\n\t<a href=\"\/pt\/silvercat-40cc\/\" target=\"_self\"  aria-label=\"V\u00e1 para \/silvercat-40cc\/\"><\/a>\n\t\t\t\t<img decoding=\"async\" src=\"https:\/\/www.smartown.ae\/wp-content\/uploads\/2023\/07\/SilverCat-40CC-1-scaled.jpg\" alt=\"SilverCat 40CC\" title=\"SilverCat 40CC\" itemprop=\"image\"\/>\n\t\t<h4>SilverCat 40CC<\/h4>\t\t\t\n\t<a href=\"\/pt\/silvercat-34ht\/\" target=\"_self\"  aria-label=\"V\u00e1 para \/silvercat-34ht\/\"><\/a>\n\t\t\t\t<img decoding=\"async\" src=\"https:\/\/www.smartown.ae\/wp-content\/uploads\/2023\/07\/SILVERCAT-34HT-1.jpg\" alt=\"SILVERCAT 34HT (1)\" title=\"SILVERCAT 34HT (1)\" itemprop=\"image\"\/>\n\t\t<h4>SilverCat 34HT<\/h4>","protected":false},"excerpt":{"rendered":"<p>SilverCat 40LUX\u200b Indulge Your Family And Friends With Luxury And Entertainment\u200b With an unprecedented amount of deck space for passenger enjoyment, the SilverCat 40 LUX is ideal for families wishing to comfortably entertain a large group of guests. With abundant light, generous space, a fully equipped galley, and seating areas in the aft, in the [&hellip;]<\/p>\n","protected":false},"author":2,"featured_media":0,"parent":0,"menu_order":0,"comment_status":"closed","ping_status":"closed","template":"","meta":{"site-sidebar-layout":"no-sidebar","site-content-layout":"page-builder","ast-site-content-layout":"full-width-container","site-content-style":"unboxed","site-sidebar-style":"unboxed","ast-global-header-display":"","ast-banner-title-visibility":"","ast-main-header-display":"","ast-hfb-above-header-display":"","ast-hfb-below-header-display":"","ast-hfb-mobile-header-display":"","site-post-title":"disabled","ast-breadcrumbs-content":"disabled","ast-featured-img":"disabled","footer-sml-layout":"","ast-disable-related-posts":"","theme-transparent-header-meta":"default","adv-header-id-meta":"","stick-header-meta":"","header-above-stick-meta":"","header-main-stick-meta":"","header-below-stick-meta":"","astra-migrate-meta-layouts":"set","ast-page-background-enabled":"default","ast-page-background-meta":{"desktop":{"background-color":"var(--ast-global-color-4)","background-image":"","background-repeat":"repeat","background-position":"center center","background-size":"auto","background-attachment":"scroll","background-type":"","background-media":"","overlay-type":"","overlay-color":"","overlay-opacity":"","overlay-gradient":""},"tablet":{"background-color":"","background-image":"","background-repeat":"repeat","background-position":"center center","background-size":"auto","background-attachment":"scroll","background-type":"","background-media":"","overlay-type":"","overlay-color":"","overlay-opacity":"","overlay-gradient":""},"mobile":{"background-color":"","background-image":"","background-repeat":"repeat","background-position":"center center","background-size":"auto","background-attachment":"scroll","background-type":"","background-media":"","overlay-type":"","overlay-color":"","overlay-opacity":"","overlay-gradient":""}},"ast-content-background-meta":{"desktop":{"background-color":"var(--ast-global-color-5)","background-image":"","background-repeat":"repeat","background-position":"center center","background-size":"auto","background-attachment":"scroll","background-type":"","background-media":"","overlay-type":"","overlay-color":"","overlay-opacity":"","overlay-gradient":""},"tablet":{"background-color":"var(--ast-global-color-5)","background-image":"","background-repeat":"repeat","background-position":"center center","background-size":"auto","background-attachment":"scroll","background-type":"","background-media":"","overlay-type":"","overlay-color":"","overlay-opacity":"","overlay-gradient":""},"mobile":{"background-color":"var(--ast-global-color-5)","background-image":"","background-repeat":"repeat","background-position":"center center","background-size":"auto","background-attachment":"scroll","background-type":"","background-media":"","overlay-type":"","overlay-color":"","overlay-opacity":"","overlay-gradient":""}},"footnotes":""},"class_list":["post-14604","page","type-page","status-publish","hentry"],"_links":{"self":[{"href":"https:\/\/www.smartown.ae\/pt\/wp-json\/wp\/v2\/pages\/14604","targetHints":{"allow":["GET"]}}],"collection":[{"href":"https:\/\/www.smartown.ae\/pt\/wp-json\/wp\/v2\/pages"}],"about":[{"href":"https:\/\/www.smartown.ae\/pt\/wp-json\/wp\/v2\/types\/page"}],"author":[{"embeddable":true,"href":"https:\/\/www.smartown.ae\/pt\/wp-json\/wp\/v2\/users\/2"}],"replies":[{"embeddable":true,"href":"https:\/\/www.smartown.ae\/pt\/wp-json\/wp\/v2\/comments?post=14604"}],"version-history":[{"count":0,"href":"https:\/\/www.smartown.ae\/pt\/wp-json\/wp\/v2\/pages\/14604\/revisions"}],"wp:attachment":[{"href":"https:\/\/www.smartown.ae\/pt\/wp-json\/wp\/v2\/media?parent=14604"}],"curies":[{"name":"wp","href":"https:\/\/api.w.org\/{rel}","templated":true}]}}