{"id":14560,"date":"2023-07-14T13:48:24","date_gmt":"2023-07-14T09:48:24","guid":{"rendered":"https:\/\/www.smartown.ae\/?page_id=14560"},"modified":"2025-11-06T19:08:45","modified_gmt":"2025-11-06T15:08:45","slug":"silver-craft-32-wa","status":"publish","type":"page","link":"https:\/\/www.smartown.ae\/pt\/silver-craft-32-wa\/","title":{"rendered":"Artesanato de Prata 32 WA"},"content":{"rendered":"<h1>\n\t\t\tArtesanato de Prata 32WA\t<\/h1>\n\t\t\t\t<img decoding=\"async\" src=\"https:\/\/www.smartown.ae\/wp-content\/uploads\/2022\/04\/smartown_wave_icon_white.png\" alt=\"smartown_wave_icon_white\" title=\"smartown_wave_icon_white\" itemprop=\"image\"\/>\n\t\t<h2> Elegante, moderno e repleto de op\u00e7\u00f5es de entretenimento<\/h2>\t\t\t\n\t<p>O <strong data-start=\"228\" data-end=\"249\">Artesanato de Prata 32WA<\/strong> redefine o que voc\u00ea espera de um barco de pesca de luxo. Isto <strong>embarca\u00e7\u00e3o premium walkaround combina eleg\u00e2ncia moderna com design pr\u00e1tico<\/strong>, com um cockpit espa\u00e7oso, assentos ergon\u00f4micos e uma cabine elegante completa com um beliche convers\u00edvel para conforto durante a noite.<\/p>\n<p>&nbsp;<\/p>\n<p>Perfeito tanto para pescadores dedicados quanto para fam\u00edlias, o Silver Craft 32WA oferece <strong>engenharia avan\u00e7ada de casco<\/strong> para um passeio suave e est\u00e1vel, seja navegando pelo litoral ou indo para o mar em busca da pr\u00f3xima grande pescaria.<\/p>\n<p>&nbsp;<\/p>\n<p>Com solu\u00e7\u00f5es de armazenamento pensadas, comodidades de pesca integradas e <strong>acabamentos de alta qualidade em toda a casa<\/strong>, este luxuoso barco de pesca oferece tudo o que voc\u00ea precisa para dias inesquec\u00edveis na \u00e1gua: desempenho de equil\u00edbrio, seguran\u00e7a e conforto em um pacote vers\u00e1til.<\/p>\n\t\t\t<a href=\"\/wp-content\/uploads\/2023\/09\/Silver-Craft-32WA_PT.pdf\" target=\"_blank\" rel=\"noopener\">\n\t\t\t\t\t\t\tBaixar Cat\u00e1logo\n\t\t\t<\/a>\n\t\t<nav>\n\t\t\t<ul>\n\t\t\t\t\t\t\t\t<li data-index=\"0\" tabindex=\"0\">\n\t\t\t\t\t<h5>\n\t\t\t\t\t\t<a href=\"javascript:void(0);\" tabindex=\"-1\">Especifica\u00e7\u00f5es\n\t\t\t\t\t\t\t\t\t\t\t\t<\/a>\n\t\t\t\t\t<\/h5>\n\t\t\t\t<\/li>\n\t\t\t\t\t\t\t<\/ul>\n\t\t<\/nav>\n\t\t\t\t\t<div class=\"fl-builder-content fl-builder-content-14573 fl-builder-template fl-builder-layout-template fl-builder-global-templates-locked\" data-post-id=\"14573\"><div class=\"fl-row fl-row-full-width fl-row-bg-none fl-node-u5kix0nr2v6z fl-row-default-height fl-row-align-center\" data-node=\"u5kix0nr2v6z\">\n\t<div class=\"fl-row-content-wrap\">\n\t\t<div class=\"uabb-row-separator uabb-top-row-separator\" >\n<\/div>\n\t\t\t\t\t\t<div class=\"fl-row-content fl-row-full-width fl-node-content\">\n\t\t\n<div class=\"fl-col-group fl-node-c9061kypwxnb\" data-node=\"c9061kypwxnb\">\n\t\t\t<div class=\"fl-col fl-node-0f54ut2dei6z fl-col-bg-color fl-col-small\" data-node=\"0f54ut2dei6z\">\n\t<div class=\"fl-col-content fl-node-content\"><div class=\"fl-module fl-module-list fl-node-9ue04srt513o so-list\" data-node=\"9ue04srt513o\">\n\t<div class=\"fl-module-content fl-node-content\">\n\t\t<ul class=\"fl-list fl-list-unordered\">\t<li class=\"fl-list-item fl-list-item-0\">\n\t\t<div class=\"fl-list-item-wrapper\">\n\t\t\t<span class=\"fl-list-item-heading\"><span class=\"fl-list-item-heading-icon fl-list-item-heading-left\"><span class=\"fl-list-item-icon\"><\/span><\/span> <span class=\"fl-list-item-heading-text\">Comprimento total: &quot;sem motores&quot; 32 p\u00e9s e 4 pol (9,85 m) <\/span><\/span>\t\t<\/div>\n\t<\/li>\n\t\t<li class=\"fl-list-item fl-list-item-1\">\n\t\t<div class=\"fl-list-item-wrapper\">\n\t\t\t<span class=\"fl-list-item-heading\"><span class=\"fl-list-item-heading-icon fl-list-item-heading-left\"><span class=\"fl-list-item-icon\"><\/span><\/span> <span class=\"fl-list-item-heading-text\">Feixe: 3,20 m (10 p\u00e9s e 6 pol.) <\/span><\/span>\t\t<\/div>\n\t<\/li>\n\t\t<li class=\"fl-list-item fl-list-item-2\">\n\t\t<div class=\"fl-list-item-wrapper\">\n\t\t\t<span class=\"fl-list-item-heading\"><span class=\"fl-list-item-heading-icon fl-list-item-heading-left\"><span class=\"fl-list-item-icon\"><\/span><\/span> <span class=\"fl-list-item-heading-text\">Calado: 1 p\u00e9 9 pol. (0,58 m) <\/span><\/span>\t\t<\/div>\n\t<\/li>\n\t\t<li class=\"fl-list-item fl-list-item-3\">\n\t\t<div class=\"fl-list-item-wrapper\">\n\t\t\t<span class=\"fl-list-item-heading\"><span class=\"fl-list-item-heading-icon fl-list-item-heading-left\"><span class=\"fl-list-item-icon\"><\/span><\/span> <span class=\"fl-list-item-heading-text\">Material do casco: PRFV <\/span><\/span>\t\t<\/div>\n\t<\/li>\n\t\t<li class=\"fl-list-item fl-list-item-4\">\n\t\t<div class=\"fl-list-item-wrapper\">\n\t\t\t<span class=\"fl-list-item-heading\"><span class=\"fl-list-item-heading-icon fl-list-item-heading-left\"><span class=\"fl-list-item-icon\"><\/span><\/span> <span class=\"fl-list-item-heading-text\">Deslocamento: 6 toneladas <\/span><\/span>\t\t<\/div>\n\t<\/li>\n\t<\/ul>\t<\/div>\n<\/div>\n<\/div>\n<\/div>\n\t\t\t<div class=\"fl-col fl-node-j05iwlfxmubc fl-col-bg-color fl-col-small\" data-node=\"j05iwlfxmubc\">\n\t<div class=\"fl-col-content fl-node-content\"><div class=\"fl-module fl-module-list fl-node-tsbweo1543ry so-list\" data-node=\"tsbweo1543ry\">\n\t<div class=\"fl-module-content fl-node-content\">\n\t\t<ul class=\"fl-list fl-list-unordered\">\t<li class=\"fl-list-item fl-list-item-0\">\n\t\t<div class=\"fl-list-item-wrapper\">\n\t\t\t<span class=\"fl-list-item-heading\"><span class=\"fl-list-item-heading-icon fl-list-item-heading-left\"><span class=\"fl-list-item-icon\"><\/span><\/span> <span class=\"fl-list-item-heading-text\">HP m\u00e1ximo: recomendado 800 hp <\/span><\/span>\t\t<\/div>\n\t<\/li>\n\t\t<li class=\"fl-list-item fl-list-item-1\">\n\t\t<div class=\"fl-list-item-wrapper\">\n\t\t\t<span class=\"fl-list-item-heading\"><span class=\"fl-list-item-heading-icon fl-list-item-heading-left\"><span class=\"fl-list-item-icon\"><\/span><\/span> <span class=\"fl-list-item-heading-text\">Capacidade do tanque de combust\u00edvel: 190 gal\u00f5es americanos (750 l) <\/span><\/span>\t\t<\/div>\n\t<\/li>\n\t\t<li class=\"fl-list-item fl-list-item-2\">\n\t\t<div class=\"fl-list-item-wrapper\">\n\t\t\t<span class=\"fl-list-item-heading\"><span class=\"fl-list-item-heading-icon fl-list-item-heading-left\"><span class=\"fl-list-item-icon\"><\/span><\/span> <span class=\"fl-list-item-heading-text\">Capacidade do tanque de \u00e1gua: 52 gal\u00f5es americanos (200 l) <\/span><\/span>\t\t<\/div>\n\t<\/li>\n\t\t<li class=\"fl-list-item fl-list-item-3\">\n\t\t<div class=\"fl-list-item-wrapper\">\n\t\t\t<span class=\"fl-list-item-heading\"><span class=\"fl-list-item-heading-icon fl-list-item-heading-left\"><span class=\"fl-list-item-icon\"><\/span><\/span> <span class=\"fl-list-item-heading-text\">M\u00e1ximo n\u00e3o. N\u00famero de pessoas a bordo: 9 pessoas<\/span><\/span>\t\t<\/div>\n\t<\/li>\n\t<\/ul>\t<\/div>\n<\/div>\n<\/div>\n<\/div>\n\t<\/div>\n\t\t<\/div>\n\t<\/div>\n<\/div>\n<\/div><div class=\"uabb-js-breakpoint\" style=\"display: none;\"><\/div>\t\t\t\t\n\t\t\t\t\t<!-- \/content -->\n\t<!-- \/tabs -->\n\t\t\t\t<img decoding=\"async\" src=\"http:\/\/www.smartown.ae\/wp-content\/uploads\/2023\/07\/SILVER-CRAFT-32WA.png\" alt=\"ARTESANATO DE PRATA 32WA\" itemprop=\"image\" title=\"ARTESANATO DE PRATA 32WA\" onerror=\"this.style.display='none'\" loading=\"lazy\" \/>\n<h2>\n\t\t\tV\u00eddeo\t<\/h2>\n\t\t\t\t\t<img decoding=\"async\" src=\"https:\/\/www.smartown.ae\/wp-content\/uploads\/2023\/07\/SILVER-CRAFT-32WA-1-1-scaled.jpg\" alt=\"\">\n\t\t<h2>\n\t\t\tCat\u00e1logo\t<\/h2>\n\t<p>Para mais informa\u00e7\u00f5es, fa\u00e7a o download do cat\u00e1logo.<\/p>\n\t\t\t<a href=\"\/wp-content\/uploads\/2023\/09\/Silver-Craft-32WA_PT.pdf\" target=\"_blank\" rel=\"noopener\">\n\t\t\t\t\t\t\tBaixar Cat\u00e1logo\n\t\t\t<\/a>\n<h2>\n\t\t\tCota\u00e7\u00e3o\t<\/h2>\n\t<p>Se voc\u00ea estiver procurando por um barco de passageiros ou uma embarca\u00e7\u00e3o especial.<\/p>\n\t\t\t<a href=\"\/pt\/contato-smartown\/\" target=\"_blank\" rel=\"noopener\">\n\t\t\t\t\t\t\tFale Conosco\n\t\t\t<\/a>\n\t\t\t\t<img decoding=\"async\" src=\"https:\/\/www.smartown.ae\/wp-content\/uploads\/2023\/07\/TALK-TO-US.png\" alt=\"FALE CONOSCO\" itemprop=\"image\" height=\"162\" width=\"161\" title=\"FALE CONOSCO\" onerror=\"this.style.display='none'\" loading=\"lazy\" \/>\n<h3>\n\t\t\tBarcos de pesca semelhantes\t<\/h3>\n\t<a href=\"\/pt\/oryx-36\/\" target=\"_self\"  aria-label=\"V\u00e1 para \/oryx-36\/\"><\/a>\n\t\t\t\t<img decoding=\"async\" src=\"http:\/\/www.smartown.ae\/wp-content\/uploads\/2023\/08\/ORYX-36-2-scaled.jpg\" alt=\"\u00d3RIX 36 (2)\" title=\"\u00d3RIX 36 (2)\" itemprop=\"image\"\/>\n\t\t<h4>\u00d3RIX 36\u200b<\/h4>\t\t\t\n\t<a href=\"\/pt\/orix-379\/\" target=\"_self\"  aria-label=\"V\u00e1 para \/oryx-379\/\"><\/a>\n\t\t\t\t<img decoding=\"async\" src=\"http:\/\/www.smartown.ae\/wp-content\/uploads\/2023\/07\/ORYX-379-16-scaled.jpg\" alt=\"\u00d3RIX 379\" title=\"\u00d3RIX 379\" itemprop=\"image\"\/>\n\t\t<h4>\u00d3RIX 379\u200b<\/h4>\t\t\t\n\t<a href=\"\/pt\/silvercat-36-cc\/\" target=\"_self\"  aria-label=\"V\u00e1 para \/silver-craft-36-cc\/\"><\/a>\n\t\t\t\t<img decoding=\"async\" src=\"http:\/\/www.smartown.ae\/wp-content\/uploads\/2023\/08\/SILVER-CRAFT-36CC.jpg\" alt=\"PRATA CRAFT 36CC\" title=\"PRATA CRAFT 36CC\" itemprop=\"image\"\/>\n\t\t<h4>Prata Artesanal 36CC<\/h4>","protected":false},"excerpt":{"rendered":"<p>Silver Craft 32WA Sleek, Modern And Packed With Entertainment Options\u200b The Silver Craft 32WA redefines what you expect from a luxury fishing boat. This premium walkaround vessel blends modern elegance with practical design, featuring a spacious cockpit, ergonomic seating, and a stylish cabin complete with a convertible berth for overnight comfort. &nbsp; Perfect for both [&hellip;]<\/p>\n","protected":false},"author":2,"featured_media":0,"parent":0,"menu_order":0,"comment_status":"closed","ping_status":"closed","template":"","meta":{"site-sidebar-layout":"no-sidebar","site-content-layout":"page-builder","ast-site-content-layout":"full-width-container","site-content-style":"unboxed","site-sidebar-style":"unboxed","ast-global-header-display":"","ast-banner-title-visibility":"","ast-main-header-display":"","ast-hfb-above-header-display":"","ast-hfb-below-header-display":"","ast-hfb-mobile-header-display":"","site-post-title":"disabled","ast-breadcrumbs-content":"disabled","ast-featured-img":"disabled","footer-sml-layout":"","ast-disable-related-posts":"","theme-transparent-header-meta":"default","adv-header-id-meta":"","stick-header-meta":"","header-above-stick-meta":"","header-main-stick-meta":"","header-below-stick-meta":"","astra-migrate-meta-layouts":"set","ast-page-background-enabled":"default","ast-page-background-meta":{"desktop":{"background-color":"var(--ast-global-color-4)","background-image":"","background-repeat":"repeat","background-position":"center center","background-size":"auto","background-attachment":"scroll","background-type":"","background-media":"","overlay-type":"","overlay-color":"","overlay-opacity":"","overlay-gradient":""},"tablet":{"background-color":"","background-image":"","background-repeat":"repeat","background-position":"center center","background-size":"auto","background-attachment":"scroll","background-type":"","background-media":"","overlay-type":"","overlay-color":"","overlay-opacity":"","overlay-gradient":""},"mobile":{"background-color":"","background-image":"","background-repeat":"repeat","background-position":"center center","background-size":"auto","background-attachment":"scroll","background-type":"","background-media":"","overlay-type":"","overlay-color":"","overlay-opacity":"","overlay-gradient":""}},"ast-content-background-meta":{"desktop":{"background-color":"var(--ast-global-color-5)","background-image":"","background-repeat":"repeat","background-position":"center center","background-size":"auto","background-attachment":"scroll","background-type":"","background-media":"","overlay-type":"","overlay-color":"","overlay-opacity":"","overlay-gradient":""},"tablet":{"background-color":"var(--ast-global-color-5)","background-image":"","background-repeat":"repeat","background-position":"center center","background-size":"auto","background-attachment":"scroll","background-type":"","background-media":"","overlay-type":"","overlay-color":"","overlay-opacity":"","overlay-gradient":""},"mobile":{"background-color":"var(--ast-global-color-5)","background-image":"","background-repeat":"repeat","background-position":"center center","background-size":"auto","background-attachment":"scroll","background-type":"","background-media":"","overlay-type":"","overlay-color":"","overlay-opacity":"","overlay-gradient":""}},"footnotes":""},"class_list":["post-14560","page","type-page","status-publish","hentry"],"_links":{"self":[{"href":"https:\/\/www.smartown.ae\/pt\/wp-json\/wp\/v2\/pages\/14560","targetHints":{"allow":["GET"]}}],"collection":[{"href":"https:\/\/www.smartown.ae\/pt\/wp-json\/wp\/v2\/pages"}],"about":[{"href":"https:\/\/www.smartown.ae\/pt\/wp-json\/wp\/v2\/types\/page"}],"author":[{"embeddable":true,"href":"https:\/\/www.smartown.ae\/pt\/wp-json\/wp\/v2\/users\/2"}],"replies":[{"embeddable":true,"href":"https:\/\/www.smartown.ae\/pt\/wp-json\/wp\/v2\/comments?post=14560"}],"version-history":[{"count":0,"href":"https:\/\/www.smartown.ae\/pt\/wp-json\/wp\/v2\/pages\/14560\/revisions"}],"wp:attachment":[{"href":"https:\/\/www.smartown.ae\/pt\/wp-json\/wp\/v2\/media?parent=14560"}],"curies":[{"name":"wp","href":"https:\/\/api.w.org\/{rel}","templated":true}]}}