{"id":12335,"date":"2022-04-20T13:12:28","date_gmt":"2022-04-20T13:12:28","guid":{"rendered":"http:\/\/www.smartown.ae\/?page_id=12335"},"modified":"2026-02-16T13:50:23","modified_gmt":"2026-02-16T09:50:23","slug":"copia-de-barcos-de-passageiros","status":"publish","type":"page","link":"https:\/\/www.smartown.ae\/pt\/","title":{"rendered":"Barcos de Passageiros"},"content":{"rendered":"<h1>\n\t\t\tEspecialista em Barcos de Passageiros\t<\/h1>\n\t\t\t\t<img decoding=\"async\" src=\"http:\/\/www.smartown.ae\/\/wp-content\/uploads\/2022\/04\/smartown_wave_icon_white.png\" alt=\"smartown_wave_icon_white\" title=\"smartown_wave_icon_white\" itemprop=\"image\"\/>\n\t\t<h2>Exportador l\u00edder de barcos de passageiros e<br \/> Artesanato especializado para o mundo<\/h2>\t\t\t\n\t\t\t<h3>Smart Own<\/h3><h3>Especialistas em barcos de passageiros<\/h3>\t\t\n\t\t\t\t<img decoding=\"async\" src=\"https:\/\/www.smartown.ae\/wp-content\/uploads\/2022\/04\/smartown_wave_icon_blue.png\" alt=\"smartown_wave_icon_blue\" title=\"smartown_wave_icon_blue\" itemprop=\"image\"\/>\n\t\t\t\t<p class=\"translation-block\">A Smart Own oferece <strong>barcos de passageiros de pequeno e m\u00e9dio porte<\/strong> para o setor de transporte aqu\u00e1tico, atendendo diversos <strong>locais<\/strong> em <strong>zonas costeiras<\/strong> , <strong>rios<\/strong> e <strong>lagos<\/strong> .<\/p>\n<p class=\"translation-block\">Nossos barcos s\u00e3o igualmente apreciados por <strong>propriet\u00e1rios de t\u00e1xis aqu\u00e1ticos<\/strong> individuais e <strong>grandes corpora\u00e7\u00f5es<\/strong> que buscam expandir suas <strong>opera\u00e7\u00f5es<\/strong> ou diversificar seus <strong>interesses comerciais<\/strong> .<\/p>\n<p>Gra\u00e7as \u00e0 nossa conformidade com <strong>legisla\u00e7\u00e3o internacional<\/strong> e <strong>protocolos de seguran\u00e7a mar\u00edtima<\/strong>, somos um parceiro confi\u00e1vel na ind\u00fastria n\u00e1utica, conhecido por seu profissionalismo, integridade e um n\u00edvel impec\u00e1vel de suporte a todos os nossos <strong>clientes<\/strong>.<\/p>\n<p>Seja para deslocamento di\u00e1rio, turismo, mergulho ou transfer\u00eancias entre ilhas, nossas embarca\u00e7\u00f5es multifuncionais proporcionam uma experi\u00eancia de transporte confi\u00e1vel, confort\u00e1vel e segura em todas as \u00e1guas.<\/p>\n<p class=\"translation-block\">O <strong>status<\/strong> global da Smart Own \u00e9 respaldado por mais de tr\u00eas d\u00e9cadas de experi\u00eancia em constru\u00e7\u00e3o naval, aproveitando tecnologia avan\u00e7ada, engenharia poderosa e habilidade de classe mundial para responder \u00e0s necessidades atuais do mercado e criar novas <strong>oportunidades<\/strong> para mobilidade aqu\u00e1tica.<\/p>\n<p>Da nossa sede em Dubai, entregamos embarca\u00e7\u00f5es de classe mundial - como o Touring 36, o Transporter 32 e o Touring 48 Lounge - para operadores privados e p\u00fablicos em todos os oceanos, <strong>rios<\/strong>, e <strong>lagos<\/strong> em mais de 70 pa\u00edses.<\/p>\n\t\t\t<h3>Touring 36<\/h3>\t\t\n\t\t\t\t<img decoding=\"async\" src=\"http:\/\/www.smartown.ae\/\/wp-content\/uploads\/2022\/04\/smartown_wave_icon_white.png\" alt=\"smartown_wave_icon_white\" title=\"smartown_wave_icon_white\" itemprop=\"image\"\/>\n\t<ul>\n\t\t<li>\t\t\t\t\n\t\t29 passageiros + piloto<\/li><li>\t\t\t\t\n\t\tVelocidade m\u00e1xima de 42 n\u00f3s<\/li>\t<\/ul>\n<p class=\"translation-block\">O <strong>barco de passageiros mais vendido do mundo<\/strong>, o Touring 36 \u00e9 a embarca\u00e7\u00e3o de escolha na ind\u00fastria de transporte mar\u00edtimo. Excelente manobrabilidade mar\u00edtima e desempenho, aliado a sua funcionalidade e seu layout confort\u00e1vel \u00e9 a base da nossa reputa\u00e7\u00e3o indiscut\u00edvel.<\/p>\n\t\t\t<a href=\"\/pt\/touring-36\/\"  target=\"_self\">\n\t\t\t\t\t\t\tVeja detalhes\n\t\t\t<\/a>\n\t\t\t<h3>Touring 48 Ferry<\/h3>\t\t\n\t\t\t\t<img decoding=\"async\" src=\"https:\/\/www.smartown.ae\/wp-content\/uploads\/2022\/04\/smartown_wave_icon_white.png\" alt=\"smartown_wave_icon_white\" title=\"smartown_wave_icon_white\" itemprop=\"image\"\/>\n\t<ul>\n\t\t<li>\t\t\t\t\n\t\t46 Passageiros + Comandante + Dep\u00f3sito de Bagagem<\/li><li>\t\t\t\t\n\t\tVelocidade m\u00e1xima de 42 n\u00f3s<\/li>\t<\/ul>\n\t<p class=\"translation-block\"><strong style=\"color: #0c5cc8!important\">Com assentos na classe executiva para 46 passageiros e velocidade m\u00e1xima de 42 n\u00f3s<\/strong> , o Touring 48 Ferry \u00e9 um barco de passageiros de 46 p\u00e9s, \u00fanico em conforto, velocidade e capacidade mar\u00edtima. E com suas op\u00e7\u00f5es de motores de popa, este \u00e9 um barco comercial que pode operar com tranquilidade em qualquer lugar do mundo.<\/p>\n\t\t\t<a href=\"\/pt\/touring-48-ferry\/\"  target=\"_self\">\n\t\t\t\t\t\t\tVeja detalhes\n\t\t\t<\/a>\n\t\t\t<h3>Touring 48 Lounge<\/h3>\t\t\n\t\t\t\t<img decoding=\"async\" src=\"https:\/\/www.smartown.ae\/wp-content\/uploads\/2022\/04\/smartown_wave_icon_white.png\" alt=\"smartown_wave_icon_white\" title=\"smartown_wave_icon_white\" itemprop=\"image\"\/>\n\t<ul>\n\t\t<li>\t\t\t\t\n\t\t16 passageiros + piloto<\/li><li>\t\t\t\t\n\t\tVelocidade m\u00e1xima de 42 n\u00f3s<\/li>\t<\/ul>\n\t<p class=\"translation-block\">Com capacidade para navegar no mar, o Touring 48 Lounge <strong style=\"color: #0c5cc8!important\">acomoda 16 passageiros VIP em um ambiente luxuoso e social.<\/strong> E com seus motores de popa, este barco pode operar em qualquer lugar do mundo. O barco de transporte VIP perfeito para um resort hoteleiro 5 estrelas ou uma empresa que busca um local exclusivo para reuni\u00f5es de neg\u00f3cios.<\/p>\n\t\t\t<a href=\"\/pt\/touring-48-lounge\/\"  target=\"_self\">\n\t\t\t\t\t\t\tVeja detalhes\n\t\t\t<\/a>\n\t\t\t<h3>Transporter 32<\/h3>\t\t\n\t\t\t\t<img decoding=\"async\" src=\"http:\/\/www.smartown.ae\/\/wp-content\/uploads\/2022\/04\/smartown_wave_icon_white.png\" alt=\"smartown_wave_icon_white\" title=\"smartown_wave_icon_white\" itemprop=\"image\"\/>\n\t<ul>\n\t\t<li>\t\t\t\t\n\t\t23 passageiros + piloto e copiloto<\/li><li>\t\t\t\t\n\t\tVelocidade m\u00e1xima de 32 n\u00f3s<\/li>\t<\/ul>\n\t<p class=\"translation-block\">O Transporter 32 \u00e9 um <strong style=\"color: #0c5cc8!important\">barco comercial com pre\u00e7o competitivo,<\/strong> constru\u00eddo de acordo com os mais altos padr\u00f5es de servi\u00e7o pesado usando m\u00e9todos japoneses de moldagem de PRFV.<\/p>\n\t\t\t<a href=\"\/pt\/transporter-32\/\"  target=\"_self\">\n\t\t\t\t\t\t\tVeja detalhes\n\t\t\t<\/a>\n\t\t\t<h3>Catamar\u00e3 GT46<\/h3>\t\t\n\t\t\t\t<img decoding=\"async\" src=\"https:\/\/www.smartown.ae\/wp-content\/uploads\/2022\/04\/smartown_wave_icon_white.png\" alt=\"smartown_wave_icon_white\" title=\"smartown_wave_icon_white\" itemprop=\"image\"\/>\n\t<ul>\n\t\t<li>\t\t\t\t\n\t\t16 a 36 passageiros + tripula\u00e7\u00e3o<\/li><li>\t\t\t\t\n\t\tMotores a gasolina de popa ou motores a diesel de popa<\/li><li>\t\t\t\t\n\t\tVelocidade m\u00e1xima de 38 n\u00f3s<\/li>\t<\/ul>\n\t<p>O barco catamar\u00e3 de passageiros GT46 oferece transporte de luxo personalizado sem comprometer os custos. <strong>Constru\u00eddo com efici\u00eancia em mente,<\/strong> o GT46 navega em velocidade mais alta do que monocascos de tamanho comparativo. Seu espa\u00e7o interno pode ser personalizado para viagens VIP com 16 assentos ultraluxuosos, viagens em classe executiva com 24 assentos ou viagens em classe econ\u00f4mica para 36 passageiros.<\/p>\n\t\t\t<a href=\"\/pt\/gt46-catamaran\/\"  target=\"_self\">\n\t\t\t\t\t\t\tVeja detalhes\n\t\t\t<\/a>\n<h2>\n\t\t\tCota\u00e7\u00e3o\t<\/h2>\n\t<p>Se voc\u00ea estiver procurando por um barco de passageiros ou uma embarca\u00e7\u00e3o especial.<\/p>\n\t\t\t<a href=\"\/pt\/contato-smartown\/\"  target=\"_self\">\n\t\t\t\t\t\t\tFale Conosco\n\t\t\t\t\t<\/a>\n<figure itemscope itemtype=\"https:\/\/schema.org\/ImageObject\">\n\t\t\t\t<img decoding=\"async\" src=\"https:\/\/www.smartown.ae\/wp-content\/uploads\/2023\/07\/TALK-TO-US.png\" alt=\"FALE CONOSCO\" height=\"162\" width=\"161\" title=\"FALE CONOSCO\" onerror=\"this.style.display='none'\" loading=\"lazy\" \/>\n\t<\/figure>\n<h3>\n\t\t\tNossos servi\u00e7os\t<\/h3>\n\t\t\t\t<img decoding=\"async\" src=\"https:\/\/www.smartown.ae\/wp-content\/uploads\/2022\/04\/icon-customization.png\" alt=\"personaliza\u00e7\u00e3o de \u00edcones\" title=\"personaliza\u00e7\u00e3o de \u00edcones\" itemprop=\"image\"\/>\n\t\t<h3>Costumiza\u00e7\u00e3o<\/h3>\t\t\t\n\t\t\t\t<p>Somos o fornecedor l\u00edder de barcos de passageiros e temos barcos de passageiros personalizados para venda. Trabalhamos com um dos principais fabricantes de barcos de passageiros do mundo para fornecer embarca\u00e7\u00f5es com base em suas necessidades.<\/p>\n\t\t\t\t<img decoding=\"async\" src=\"https:\/\/www.smartown.ae\/wp-content\/uploads\/2022\/04\/icon-fast-delivery.png\" alt=\"\u00edcone-entrega r\u00e1pida\" title=\"\u00edcone-entrega r\u00e1pida\" itemprop=\"image\"\/>\n\t\t<h3>Entrega r\u00e1pida<\/h3>\t\t\t\n\t\t\t\t<p>Todos os barcos em exposi\u00e7\u00e3o s\u00e3o feitos sob encomenda e requerem entre 2 e 6 meses para serem entregues, dependendo do modelo do barco de passageiros e da escolha dos motores. Nossos principais navios de passageiros s\u00e3o: <a title=\"Touring 36\" href=\"https:\/\/www.smartown.ae\/pt\/touring-36\/\">Touring 36<\/a>, <a href=\"https:\/\/www.smartown.ae\/pt\/touring-48-ferry\/\">Touring 48 Ferry<\/a>, <a href=\"https:\/\/www.smartown.ae\/pt\/touring-48-lounge\/\">Touring 48 Lounge<\/a>.<\/p>\n\t\t\t\t<img decoding=\"async\" src=\"http:\/\/www.smartown.ae\/\/wp-content\/uploads\/2022\/04\/icon-international-shipping.png\" alt=\"icon-international-shipping\" title=\"icon-international-shipping\" itemprop=\"image\"\/>\n\t\t<h3>Envio internacional<\/h3>\t\t\t\n\t\t\t\t<p>Organizamos o envio para qualquer destino em todo o mundo. Vendemos nossos barcos para todos os 5 continentes. N\u00e3o h\u00e1 pa\u00eds ou ilha que n\u00e3o possamos alcan\u00e7ar. Enviamos para \u00c1frica, Am\u00e9rica Latina, \u00c1sia, Oceania ou qualquer lugar.<\/p>\n<figure itemscope itemtype=\"https:\/\/schema.org\/ImageObject\">\n\t\t\t\t<img decoding=\"async\" src=\"http:\/\/www.smartown.ae\/\/wp-content\/uploads\/2022\/04\/dubai-2.jpg\" alt=\"dubai-2\" title=\"dubai-2\" onerror=\"this.style.display='none'\" loading=\"lazy\" \/>\n\t<\/figure>\n\t\t\t<h3>Visite Dubai, a Cidade dos Sonhos, gratuitamente<\/h3>\t\t\t\n\t<p>Quando voc\u00ea compra um barco conosco, n\u00f3s o convidamos para Dubai para supervisionar os testes de mar de sua embarca\u00e7\u00e3o. Sua passagem a\u00e9rea, taxas de visto, estadia em hotel 5 estrelas e motorista dedicado s\u00e3o cortesias gratuitas do Smart Own. Vamos acompanh\u00e1-lo na visita VIP ao estaleiro, onde voc\u00ea conhecer\u00e1 a equipe da Gulf Craft que construiu seu barco. Seu l\u00edder de projeto explicar\u00e1 a voc\u00ea o processo de constru\u00e7\u00e3o de sua embarca\u00e7\u00e3o e treinar\u00e1 voc\u00ea ou um membro de sua empresa em seu barco rec\u00e9m-constru\u00eddo.<\/p>\n\t\t\t<a href=\"\/pt\/contato-smartown\/\"  target=\"_self\">\n\t\t\t\t\t\t\tFale Conosco\n\t\t\t<\/a>","protected":false},"excerpt":{"rendered":"<p>Passenger Boats From Dubai Leading Exporter of Passenger Boats &amp; Specialty Crafts to the World Smart Own Passenger Boats Specialists Smart Own offers small and medium-size passenger boats for the water transport industry, serving diverse locations across coastal zones, rivers, and lakes. Our boats are equally appreciated by individual water taxi owners and large-scale corporations [&hellip;]<\/p>\n","protected":false},"author":2,"featured_media":0,"parent":0,"menu_order":0,"comment_status":"closed","ping_status":"closed","template":"","meta":{"site-sidebar-layout":"no-sidebar","site-content-layout":"page-builder","ast-site-content-layout":"full-width-container","site-content-style":"unboxed","site-sidebar-style":"unboxed","ast-global-header-display":"","ast-banner-title-visibility":"","ast-main-header-display":"","ast-hfb-above-header-display":"","ast-hfb-below-header-display":"","ast-hfb-mobile-header-display":"","site-post-title":"disabled","ast-breadcrumbs-content":"disabled","ast-featured-img":"disabled","footer-sml-layout":"","ast-disable-related-posts":"","theme-transparent-header-meta":"default","adv-header-id-meta":"","stick-header-meta":"","header-above-stick-meta":"","header-main-stick-meta":"","header-below-stick-meta":"","astra-migrate-meta-layouts":"set","ast-page-background-enabled":"default","ast-page-background-meta":{"desktop":{"background-color":"var(--ast-global-color-4)","background-image":"","background-repeat":"repeat","background-position":"center center","background-size":"auto","background-attachment":"scroll","background-type":"","background-media":"","overlay-type":"","overlay-color":"","overlay-opacity":"","overlay-gradient":""},"tablet":{"background-color":"","background-image":"","background-repeat":"repeat","background-position":"center center","background-size":"auto","background-attachment":"scroll","background-type":"","background-media":"","overlay-type":"","overlay-color":"","overlay-opacity":"","overlay-gradient":""},"mobile":{"background-color":"","background-image":"","background-repeat":"repeat","background-position":"center center","background-size":"auto","background-attachment":"scroll","background-type":"","background-media":"","overlay-type":"","overlay-color":"","overlay-opacity":"","overlay-gradient":""}},"ast-content-background-meta":{"desktop":{"background-color":"var(--ast-global-color-5)","background-image":"","background-repeat":"repeat","background-position":"center center","background-size":"auto","background-attachment":"scroll","background-type":"","background-media":"","overlay-type":"","overlay-color":"","overlay-opacity":"","overlay-gradient":""},"tablet":{"background-color":"var(--ast-global-color-5)","background-image":"","background-repeat":"repeat","background-position":"center center","background-size":"auto","background-attachment":"scroll","background-type":"","background-media":"","overlay-type":"","overlay-color":"","overlay-opacity":"","overlay-gradient":""},"mobile":{"background-color":"var(--ast-global-color-5)","background-image":"","background-repeat":"repeat","background-position":"center center","background-size":"auto","background-attachment":"scroll","background-type":"","background-media":"","overlay-type":"","overlay-color":"","overlay-opacity":"","overlay-gradient":""}},"footnotes":""},"class_list":["post-12335","page","type-page","status-publish","hentry"],"_links":{"self":[{"href":"https:\/\/www.smartown.ae\/pt\/wp-json\/wp\/v2\/pages\/12335","targetHints":{"allow":["GET"]}}],"collection":[{"href":"https:\/\/www.smartown.ae\/pt\/wp-json\/wp\/v2\/pages"}],"about":[{"href":"https:\/\/www.smartown.ae\/pt\/wp-json\/wp\/v2\/types\/page"}],"author":[{"embeddable":true,"href":"https:\/\/www.smartown.ae\/pt\/wp-json\/wp\/v2\/users\/2"}],"replies":[{"embeddable":true,"href":"https:\/\/www.smartown.ae\/pt\/wp-json\/wp\/v2\/comments?post=12335"}],"version-history":[{"count":0,"href":"https:\/\/www.smartown.ae\/pt\/wp-json\/wp\/v2\/pages\/12335\/revisions"}],"wp:attachment":[{"href":"https:\/\/www.smartown.ae\/pt\/wp-json\/wp\/v2\/media?parent=12335"}],"curies":[{"name":"wp","href":"https:\/\/api.w.org\/{rel}","templated":true}]}}