{"id":9452,"date":"2022-04-11T12:20:46","date_gmt":"2022-04-11T12:20:46","guid":{"rendered":"http:\/\/www.smartown.ae\/?page_id=9452"},"modified":"2025-08-27T01:11:31","modified_gmt":"2025-08-26T21:11:31","slug":"bateaux-de-peche","status":"publish","type":"page","link":"https:\/\/www.smartown.ae\/fr\/fishing-boats\/","title":{"rendered":"Bateaux de p\u00eache"},"content":{"rendered":"<h1>\n\t\t\tBateaux et catamarans de p\u00eache\t<\/h1>\n\t\t\t\t<img decoding=\"async\" src=\"https:\/\/www.smartown.ae\/wp-content\/uploads\/2022\/04\/smartown_wave_icon_white.png\" alt=\"smartown_wave_icon_white\" title=\"smartown_wave_icon_white\" itemprop=\"image\"\/>\n\t\t<h2> Faites plaisir \u00e0 votre famille et \u00e0 vos amis avec du luxe et du divertissement\u200b<\/h2>\t\t\t\n\t\t\t<h3>Smart Own<\/h3><h3>Premier exportateur mondial de bateaux de p\u00eache et de catamarans<\/h3>\t\t\n\t\t\t\t<img decoding=\"async\" src=\"https:\/\/www.smartown.ae\/wp-content\/uploads\/2022\/04\/smartown_wave_icon_blue.png\" alt=\"smartown_wave_icon_blue\" title=\"smartown_wave_icon_blue\" itemprop=\"image\"\/>\n\t\t\t\t<p>Smart Own peut satisfaire les besoins de tous les passionn\u00e9s de p\u00eache et de mer, du p\u00eacheur r\u00e9cr\u00e9atif \u00e0 l&#039;amateur passionn\u00e9, en proposant une large gamme de bateaux de p\u00eache et de catamarans. Nous sommes un partenaire de confiance dans l\u2019industrie nautique et sommes reconnus pour notre professionnalisme, notre int\u00e9grit\u00e9 et notre niveau de service client impeccable.\u200b<\/p>\n<p>Style, confort et praticit\u00e9 sont les param\u00e8tres de conception qui ont d\u00e9fini le succ\u00e8s de nos croiseurs familiaux et bateaux de p\u00eache. Les bateaux sont construits pour la croisi\u00e8re de plaisance, la p\u00eache sportive et les activit\u00e9s nautiques telles que le ski nautique, combinant des conceptions de coque avanc\u00e9es, des performances sup\u00e9rieures et des styles \u00e9volutifs.\u200b<\/p>\n<p>Le succ\u00e8s de Smart Own d\u00e9coule de plus de trois d\u00e9cennies d&#039;exp\u00e9rience florissante de nos chantiers navals dans la construction d&#039;embarcations marines utilisant une technologie de pointe, une ing\u00e9nierie puissante, une conception intemporelle et un savoir-faire de classe mondiale.\u200b<\/p>\n<p>Depuis Duba\u00ef, aux \u00c9mirats arabes unis, nous fournissons la gamme de bateaux de p\u00eache et de catamarans Silver Craft et SilverCat dans le monde entier.<\/p>\n\t\t\t<h3>Silver Craft 36HT<\/h3>\t\t\n\t\t\t\t<img decoding=\"async\" src=\"https:\/\/www.smartown.ae\/wp-content\/uploads\/2022\/04\/smartown_wave_icon_white.png\" alt=\"smartown_wave_icon_white\" title=\"smartown_wave_icon_white\" itemprop=\"image\"\/>\n\t<ul>\n\t\t<li>\t\t\t\t\n\t\t10 personnes<\/li><li>\t\t\t\t\n\t\tVitesse maximale de 40 n\u0153uds<\/li>\t<\/ul>\n<p>Aussi puissant que gracieux, le <a href=\"https:\/\/www.smartown.ae\/fr\/silver-craft-36-ht\/\">Silver Craft 36HT<\/a> est un parfait exemple d&#039;innovation. Sa forme moderne, son style incomparable et son vaste espace au sol en font le bateau id\u00e9al \u00e0 poss\u00e9der. Ce bateau \u00e0 toit rigide est con\u00e7u pour la p\u00eache, la navigation c\u00f4ti\u00e8re ou en haute mer. Son am\u00e9nagement g\u00e9n\u00e9ral est con\u00e7u pour prot\u00e9ger son propri\u00e9taire du soleil et de la pluie tout en offrant une vue panoramique sur la mer.<\/p>\n\t\t\t<a href=\"\/fr\/silver-craft-36-ht\/\" target=\"_self\">\n\t\t\t\t\t\t\tVoir les d\u00e9tails\n\t\t\t<\/a>\n\t\t\t<h3>Silver Craft 36CC<\/h3>\t\t\n\t\t\t\t<img decoding=\"async\" src=\"https:\/\/www.smartown.ae\/wp-content\/uploads\/2022\/04\/smartown_wave_icon_white.png\" alt=\"smartown_wave_icon_white\" title=\"smartown_wave_icon_white\" itemprop=\"image\"\/>\n\t<ul>\n\t\t<li>\t\t\t\t\n\t\t14 personnes<\/li><li>\t\t\t\t\n\t\tVitesse maximale de 40 n\u0153uds<\/li>\t<\/ul>\n\tCe bateau tr\u00e8s polyvalent peut \u00eatre appr\u00e9ci\u00e9 par toute la famille. C&#039;est un bateau robuste <a href=\"https:\/\/www.smartown.ae\/fr\/silver-craft-36-cc\/\">bateau \u00e0 console centrale polyvalent<\/a> pouvant accueillir jusqu&#039;\u00e0 14 personnes dans un grand coin salon.<br \/>\nSon am\u00e9nagement g\u00e9n\u00e9ral est pens\u00e9 pour convenir aussi bien aux activit\u00e9s de loisirs que de sport et offre une belle exp\u00e9rience de navigation en famille. Avec ses quatre cannes sur le pont et ses cinq supports sur le tee top en aluminium, le bateau 36CC est parfait pour les passionn\u00e9s de sport.\n\t\t\t<a href=\"\/fr\/silver-craft-36-cc\/\" target=\"_self\">\n\t\t\t\t\t\t\tVoir les d\u00e9tails\n\t\t\t<\/a>\n\t\t\t<h3>Silver Craft 32WA\u200b<\/h3>\t\t\n\t\t\t\t<img decoding=\"async\" src=\"https:\/\/www.smartown.ae\/wp-content\/uploads\/2022\/04\/smartown_wave_icon_white.png\" alt=\"smartown_wave_icon_white\" title=\"smartown_wave_icon_white\" itemprop=\"image\"\/>\n\t<ul>\n\t\t<li>\t\t\t\t\n\t\t8 personnes\u200b<\/li><li>\t\t\t\t\n\t\tVitesse maximale de 42 n\u0153uds<\/li>\t<\/ul>\n\t<p>Meilleur bateau de p\u00eache r\u00e9pondant aux exigences dynamiques du <a href=\"https:\/\/www.smartown.ae\/fr\/silver-craft-32-wa\/\">march\u00e9 de plaisance de luxe<\/a>Inspir\u00e9 par la passion de la r\u00e9gion pour les sorties en famille en mer et la p\u00eache, le Silver Craft 32WA offre une ergonomie in\u00e9gal\u00e9e et un design \u00e9volu\u00e9 pour une exp\u00e9rience de croisi\u00e8re optimale. Id\u00e9al pour une journ\u00e9e au soleil ou un week-end, il dispose d&#039;une cabine avec un espace ouvert \u00e0 l&#039;avant transformable en couchette queen-size, d&#039;une cuisine bien \u00e9quip\u00e9e et d&#039;une salle de bain attenante spacieuse.<\/p>\n\t\t\t<a href=\"\/fr\/silver-craft-32-wa\/\" target=\"_self\">\n\t\t\t\t\t\t\tVoir les d\u00e9tails\n\t\t\t<\/a>\n\t\t\t<h3>SilverCat 34CC<\/h3>\t\t\n\t\t\t\t<img decoding=\"async\" src=\"https:\/\/www.smartown.ae\/wp-content\/uploads\/2022\/04\/smartown_wave_icon_white.png\" alt=\"smartown_wave_icon_white\" title=\"smartown_wave_icon_white\" itemprop=\"image\"\/>\n\t<ul>\n\t\t<li>\t\t\t\t\n\t\t10 personnes (14 en option)<\/li><li>\t\t\t\t\n\t\tVitesse maximale de 50 n\u0153uds<\/li>\t<\/ul>\n\t<p>10 personnes \u2013 Catamaran bicoque. Vitesse et stabilit\u00e9 sans compromis. Les bateaux de p\u00eache les plus recherch\u00e9s, propuls\u00e9s par deux moteurs hors-bord de 300 ch chacun.<\/p>\n\t\t\t<a href=\"\/fr\/silvercat-34cc\/\" target=\"_self\">\n\t\t\t\t\t\t\tVoir les d\u00e9tails\n\t\t\t<\/a>\n\t\t\t<h3>SilverCat 34HT<\/h3>\t\t\n\t\t\t\t<img decoding=\"async\" src=\"https:\/\/www.smartown.ae\/wp-content\/uploads\/2022\/04\/smartown_wave_icon_white.png\" alt=\"smartown_wave_icon_white\" title=\"smartown_wave_icon_white\" itemprop=\"image\"\/>\n\t<ul>\n\t\t<li>\t\t\t\t\n\t\t10 personnes (14 en option)\u200b<\/li><li>\t\t\t\t\n\t\tVitesse maximale de 50 n\u0153uds<\/li>\t<\/ul>\n\t<p>Le saisissant SilverCat 34HT pr\u00e9sente de superbes finitions et une coque oc\u00e9anique qui a \u00e9t\u00e9 raffin\u00e9e pour la haute mer. Capable de g\u00e9rer efficacement certaines des plus grandes houles sur les eaux, l&#039;imbattable SilverCat 34HT est \u00e9quip\u00e9 d&#039;un toit rigide en fibre de verre, qui offre une grande zone d&#039;ombre parfaite pour les r\u00e9ceptions et diff\u00e9rentes applications utilitaires.<\/p>\n\t\t\t<a href=\"\/fr\/silvercat-34ht\/\" target=\"_self\">\n\t\t\t\t\t\t\tVoir les d\u00e9tails\n\t\t\t<\/a>\n\t\t\t<h3>SilverCat 34LUX<\/h3>\t\t\n\t\t\t\t<img decoding=\"async\" src=\"https:\/\/www.smartown.ae\/wp-content\/uploads\/2022\/04\/smartown_wave_icon_white.png\" alt=\"smartown_wave_icon_white\" title=\"smartown_wave_icon_white\" itemprop=\"image\"\/>\n\t<ul>\n\t\t<li>\t\t\t\t\n\t\t12 personnes<\/li><li>\t\t\t\t\n\t\tVitesse maximale de 40 n\u0153uds<\/li>\t<\/ul>\n\t<p>Ce SilverCat 34LUX polyvalent est construit comme un pont ferm\u00e9 offrant un transport confortable. Les coins salons int\u00e9rieurs et ext\u00e9rieurs sont g\u00e9n\u00e9reux et peuvent accueillir jusqu&#039;\u00e0 12 personnes. La conception avanc\u00e9e de la coque, issue du pedigree du chantier naval en mati\u00e8re de construction de catamarans performants, offre \u00e9galement beaucoup plus d&#039;options de puissance que les catamarans conventionnels.\u200b<\/p>\n\t\t\t<a href=\"\/fr\/silvercat-34lux\/\" target=\"_self\">\n\t\t\t\t\t\t\tVoir les d\u00e9tails\n\t\t\t<\/a>\n\t\t\t<h3>SilverCat 40CC\u200b<\/h3>\t\t\n\t\t\t\t<img decoding=\"async\" src=\"https:\/\/www.smartown.ae\/wp-content\/uploads\/2022\/04\/smartown_wave_icon_white.png\" alt=\"smartown_wave_icon_white\" title=\"smartown_wave_icon_white\" itemprop=\"image\"\/>\n\t<ul>\n\t\t<li>\t\t\t\t\n\t\t12 personnes (16 en option)\u200b<\/li><li>\t\t\t\t\n\t\tVitesse maximale de 50 n\u0153uds<\/li>\t<\/ul>\n\t<p>SilverCat 40CC est l&#039;un des catamarans les plus r\u00e9cents et les plus innovants, une nouvelle g\u00e9n\u00e9ration de bateaux de loisirs et de p\u00eache polyvalents. Suivant les traces du succ\u00e8s SilverCat 34CC, le multicoque mesure 40 pieds de la pointe \u00e0 la queue mais a un d\u00e9placement de seulement 7,9 tonnes. Elle peut accueillir jusqu&#039;\u00e0 12 marins.\u200b<\/p>\n\t\t\t<a href=\"\/fr\/silvercat-40cc\/\" target=\"_self\">\n\t\t\t\t\t\t\tVoir les d\u00e9tails\n\t\t\t<\/a>\n\t\t\t<h3>SilverCat 40LUX\u200b<\/h3>\t\t\n\t\t\t\t<img decoding=\"async\" src=\"https:\/\/www.smartown.ae\/wp-content\/uploads\/2022\/04\/smartown_wave_icon_white.png\" alt=\"smartown_wave_icon_white\" title=\"smartown_wave_icon_white\" itemprop=\"image\"\/>\n\t<ul>\n\t\t<li>\t\t\t\t\n\t\t15 personnes\u200b<\/li><li>\t\t\t\t\n\t\tVitesse maximale de 40 n\u0153uds<\/li>\t<\/ul>\n\t<p>Avec un espace de pont sans pr\u00e9c\u00e9dent pour le plaisir des passagers, le SilverCat 40LUX est id\u00e9al pour les familles souhaitant divertir confortablement un grand groupe d&#039;invit\u00e9s. Avec une lumi\u00e8re abondante, un espace g\u00e9n\u00e9reux, une cuisine enti\u00e8rement \u00e9quip\u00e9e et des coins salons \u00e0 l&#039;arri\u00e8re, dans la cabine et \u00e0 l&#039;avant, en font le choix id\u00e9al pour les croisi\u00e8res de vacances et de loisirs.\u200b<\/p>\n\t\t\t<a href=\"\/fr\/silvercat-40lux\/\" target=\"_self\">\n\t\t\t\t\t\t\tVoir les d\u00e9tails\n\t\t\t<\/a>\n\t\t\t<h3>SilverCat 46LUX\u200b<\/h3>\t\t\n\t\t\t\t<img decoding=\"async\" src=\"https:\/\/www.smartown.ae\/wp-content\/uploads\/2022\/04\/smartown_wave_icon_white.png\" alt=\"smartown_wave_icon_white\" title=\"smartown_wave_icon_white\" itemprop=\"image\"\/>\n\t<ul>\n\t\t<li>\t\t\t\t\n\t\t15 personnes\u200b<\/li><li>\t\t\t\t\n\t\tVitesse maximale de 38 n\u0153uds<\/li>\t<\/ul>\n\t<p>Le vrai sens d\u2019une libert\u00e9 et d\u2019une aventure sans pr\u00e9c\u00e9dent. Notre premier catamaran avec deux cabines.\u200b<\/p>\n<p>Le SilverCat 46LUX revendique sa propre place dans la collection de catamarans, b\u00e9n\u00e9ficiant de son am\u00e9nagement \u00e0 la fois moderne et spacieux, de ses ext\u00e9rieurs impressionnants et de ses int\u00e9rieurs sur mesure pour r\u00e9pondre aux besoins des aventuriers et des marins chevronn\u00e9s.\u200b<\/p>\n\t\t\t<a href=\"\/fr\/silvercat-46lux\/\" target=\"_self\">\n\t\t\t\t\t\t\tVoir les d\u00e9tails\n\t\t\t<\/a>\n<h2>\n\t\t\tDevis\t<\/h2>\n\t<p>Si vous recherchez un bateau \u00e0 passagers ou une embarcation sp\u00e9cialis\u00e9e.<\/p>\n\t\t\t<a href=\"\/fr\/contactez-smartown\/\" target=\"_self\">\n\t\t\t\t\t\t\tContactez-nous\n\t\t\t\t\t<\/a>\n\t\t\t\t<img decoding=\"async\" src=\"https:\/\/www.smartown.ae\/wp-content\/uploads\/2023\/07\/TALK-TO-US.png\" alt=\"TALK TO US\" itemprop=\"image\" height=\"162\" width=\"161\" title=\"TALK TO US\" onerror=\"this.style.display='none'\" loading=\"lazy\" \/>\n<h3>\n\t\t\tNos services\t<\/h3>\n\t\t\t\t<img decoding=\"async\" src=\"http:\/\/www.smartown.ae\/\/wp-content\/uploads\/2022\/04\/icon-customization.png\" alt=\"personnalisation des ic\u00f4nes\" title=\"personnalisation des ic\u00f4nes\" itemprop=\"image\"\/>\n\t\t<h3>Personnalisation<\/h3>\t\t\t\n\t\t\t\t<p>Nous sommes le principal fournisseur de bateaux \u00e0 passagers et nous avons des bateaux \u00e0 passagers sur mesure \u00e0 vendre. Nous travaillons avec l&#039;un des principaux fabricants de bateaux \u00e0 passagers au monde pour fournir des navires en fonction de vos besoins.<\/p>\n\t\t\t\t<img decoding=\"async\" src=\"https:\/\/www.smartown.ae\/wp-content\/uploads\/2022\/04\/icon-fast-delivery.png\" alt=\"ic\u00f4ne-livraison-rapide\" title=\"ic\u00f4ne-livraison-rapide\" itemprop=\"image\"\/>\n\t\t<h3>Livraison rapide<\/h3>\t\t\t\n\t\t\t\t<p>Tous les bateaux expos\u00e9s sont fabriqu\u00e9s sur commande et n\u00e9cessitent entre 2 et 6 mois pour \u00eatre livr\u00e9s selon le mod\u00e8le de bateau \u00e0 passagers et le choix des moteurs. Nos principaux navires \u00e0 passagers sont :<a title=\"Touring 36\" href=\"\/fr\/touring-36\/\">Touring 36<\/a>, <a href=\"\/fr\/touring-48-ferry\/\">Touring 48 Ferry<\/a>, <a href=\"\/fr\/touring-48-lounge\/\">Touring 48 Lounge<\/a>.<\/p>\n\t\t\t\t<img decoding=\"async\" src=\"http:\/\/www.smartown.ae\/\/wp-content\/uploads\/2022\/04\/icon-international-shipping.png\" alt=\"ic\u00f4ne-exp\u00e9dition-internationale\" title=\"ic\u00f4ne-exp\u00e9dition-internationale\" itemprop=\"image\"\/>\n\t\t<h3>Transport maritime international<\/h3>\t\t\t\n\t\t\t\t<p>Nous organisons l&#039;exp\u00e9dition vers n&#039;importe quelle destination dans le monde. Nous avons vendu nos bateaux sur les 5 continents. Il n&#039;y a aucun pays ou \u00eele que nous ne puissions atteindre. Nous exp\u00e9dions en Afrique, en Am\u00e9rique latine, en Asie, en Oc\u00e9anie ou ailleurs.<\/p>\n\t\t\t\t<img decoding=\"async\" src=\"http:\/\/www.smartown.ae\/wp-content\/uploads\/2022\/04\/dubai-2.jpg\" alt=\"Duba\u00ef-2\" itemprop=\"image\" title=\"Duba\u00ef-2\" onerror=\"this.style.display='none'\" loading=\"lazy\" \/>\n\t\t\t<h3>Visitez Duba\u00ef la ville des r\u00eaves gratuitement<\/h3>\t\t\t\n\t<p>Lorsque vous achetez un bateau chez nous, nous vous invitons \u00e0 Duba\u00ef pour superviser les essais en mer de votre bateau. Votre billet d&#039;avion, les frais de visa, le s\u00e9jour \u00e0 l&#039;h\u00f4tel 5 \u00e9toiles et le chauffeur d\u00e9di\u00e9 sont gratuits gr\u00e2ce \u00e0 Smart Own. Nous vous accompagnerons lors d&#039;une visite VIP du chantier naval o\u00f9 vous rencontrerez l&#039;\u00e9quipe de Gulf Craft qui a construit votre bateau. Votre chef de projet vous expliquera le processus de construction de votre navire et vous formera, vous ou un membre de votre entreprise, sur votre bateau nouvellement construit.<\/p>\n\t\t\t<a href=\"\/fr\/contactez-smartown\/\" target=\"_self\">\n\t\t\t\t\t\t\tContactez-nous\n\t\t\t<\/a>","protected":false},"excerpt":{"rendered":"<p>Fishing Boats &#038; Catamarans Indulge Your Family And Friends With Luxury And Entertainment\u200b Smart Own Leading Exporter of Fishing Boats and Catamarans to the World \u200b Smart Own can satisfy the needs of every fishing and sea enthusiast from the recreational fisherman to the avid amateur offering a wide range of fishing cruisers and catamarans. [&hellip;]<\/p>\n","protected":false},"author":2,"featured_media":0,"parent":0,"menu_order":0,"comment_status":"closed","ping_status":"closed","template":"","meta":{"site-sidebar-layout":"no-sidebar","site-content-layout":"page-builder","ast-site-content-layout":"full-width-container","site-content-style":"unboxed","site-sidebar-style":"unboxed","ast-global-header-display":"","ast-banner-title-visibility":"","ast-main-header-display":"","ast-hfb-above-header-display":"","ast-hfb-below-header-display":"","ast-hfb-mobile-header-display":"","site-post-title":"disabled","ast-breadcrumbs-content":"disabled","ast-featured-img":"disabled","footer-sml-layout":"","ast-disable-related-posts":"","theme-transparent-header-meta":"default","adv-header-id-meta":"","stick-header-meta":"","header-above-stick-meta":"","header-main-stick-meta":"","header-below-stick-meta":"","astra-migrate-meta-layouts":"set","ast-page-background-enabled":"default","ast-page-background-meta":{"desktop":{"background-color":"var(--ast-global-color-4)","background-image":"","background-repeat":"repeat","background-position":"center center","background-size":"auto","background-attachment":"scroll","background-type":"","background-media":"","overlay-type":"","overlay-color":"","overlay-opacity":"","overlay-gradient":""},"tablet":{"background-color":"","background-image":"","background-repeat":"repeat","background-position":"center center","background-size":"auto","background-attachment":"scroll","background-type":"","background-media":"","overlay-type":"","overlay-color":"","overlay-opacity":"","overlay-gradient":""},"mobile":{"background-color":"","background-image":"","background-repeat":"repeat","background-position":"center center","background-size":"auto","background-attachment":"scroll","background-type":"","background-media":"","overlay-type":"","overlay-color":"","overlay-opacity":"","overlay-gradient":""}},"ast-content-background-meta":{"desktop":{"background-color":"var(--ast-global-color-5)","background-image":"","background-repeat":"repeat","background-position":"center center","background-size":"auto","background-attachment":"scroll","background-type":"","background-media":"","overlay-type":"","overlay-color":"","overlay-opacity":"","overlay-gradient":""},"tablet":{"background-color":"var(--ast-global-color-5)","background-image":"","background-repeat":"repeat","background-position":"center center","background-size":"auto","background-attachment":"scroll","background-type":"","background-media":"","overlay-type":"","overlay-color":"","overlay-opacity":"","overlay-gradient":""},"mobile":{"background-color":"var(--ast-global-color-5)","background-image":"","background-repeat":"repeat","background-position":"center center","background-size":"auto","background-attachment":"scroll","background-type":"","background-media":"","overlay-type":"","overlay-color":"","overlay-opacity":"","overlay-gradient":""}},"footnotes":""},"class_list":["post-9452","page","type-page","status-publish","hentry"],"_links":{"self":[{"href":"https:\/\/www.smartown.ae\/fr\/wp-json\/wp\/v2\/pages\/9452","targetHints":{"allow":["GET"]}}],"collection":[{"href":"https:\/\/www.smartown.ae\/fr\/wp-json\/wp\/v2\/pages"}],"about":[{"href":"https:\/\/www.smartown.ae\/fr\/wp-json\/wp\/v2\/types\/page"}],"author":[{"embeddable":true,"href":"https:\/\/www.smartown.ae\/fr\/wp-json\/wp\/v2\/users\/2"}],"replies":[{"embeddable":true,"href":"https:\/\/www.smartown.ae\/fr\/wp-json\/wp\/v2\/comments?post=9452"}],"version-history":[{"count":0,"href":"https:\/\/www.smartown.ae\/fr\/wp-json\/wp\/v2\/pages\/9452\/revisions"}],"wp:attachment":[{"href":"https:\/\/www.smartown.ae\/fr\/wp-json\/wp\/v2\/media?parent=9452"}],"curies":[{"name":"wp","href":"https:\/\/api.w.org\/{rel}","templated":true}]}}