{"id":9428,"date":"2022-04-09T13:36:24","date_gmt":"2022-04-09T13:36:24","guid":{"rendered":"http:\/\/www.smartown.ae\/?page_id=9428"},"modified":"2025-03-02T02:23:11","modified_gmt":"2025-03-01T22:23:11","slug":"politique-de-confidentialite","status":"publish","type":"page","link":"https:\/\/www.smartown.ae\/fr\/privacy-policy\/","title":{"rendered":"Politique de confidentialit\u00e9"},"content":{"rendered":"<h1>Politique de confidentialit\u00e9 de SMART OWN<\/h1>\r\n<p><img decoding=\"async\" title=\"smartown_wave_icon_white\" src=\"http:\/\/www.smartown.ae\/wp-content\/uploads\/2022\/04\/smartown_wave_icon_white.png\" alt=\"smartown_wave_icon_white\" \/><\/p>\r\n<h2>Nous respectons vos donn\u00e9es<\/h2>\r\n<p>Ce n&#039;est pas un hasard si nous avons vendu nos bateaux \u00e0 passagers sur les cinq continents. Rares sont les chantiers navals qui construisent des navires aussi maniables et polyvalents. La gamme Gulf Craft Touring peut \u00eatre con\u00e7ue pour le transport de passagers, la recherche et le sauvetage, la patrouille, l&#039;ambulance maritime, le bateau-bus, le restaurant ou la plong\u00e9e sous-marine. Nous comprenons les besoins des acheteurs de bateaux commerciaux en termes de personnalisation. C&#039;est pourquoi nous proposons\u00a0: \u2013 Un large choix de moteurs in-bord et hors-bord\u00a0; \u2013 Plusieurs configurations de si\u00e8ges\u00a0; \u2013 Versions cabines ouvertes ou ferm\u00e9es\u00a0; \u2013 Diff\u00e9rentes soci\u00e9t\u00e9s de classification pour nos bateaux de travail.<\/p>\r\n<p><img loading=\"lazy\" decoding=\"async\" src=\"http:\/\/www.smartown.ae\/wp-content\/uploads\/2014\/10\/bouton-contact-boat2.jpg\" alt=\"Obtenez plus d\u2019informations sur les ferries et les bateaux\" width=\"303\" height=\"152\" \/><\/p>\r\n<h4>\u00a0 \u00a0 \u00a0 \u00a0 \u00a0 \u00a0 \u00a0 \u00a0 \u00a0 \u00a0 \u00a0 \u00a0 \u00a0 \u00a0 \u00a0 \u00a0 \u00a0Si vous recherchez un bateau \u00e0 passagers ou une embarcation sp\u00e9cialis\u00e9e.<\/h4>\r\n<p><strong>Quelles informations collectons-nous?\u00a0<\/strong>Nous collectons vos coordonn\u00e9es et toute information pertinente pour comprendre vos besoins en mati\u00e8re de yacht ou de navigation de plaisance. Lorsque vous remplissez des formulaires ou envoyez une requ\u00eate sur notre site, selon le cas, il peut vous \u00eatre demand\u00e9 de saisir votre : nom, adresse e-mail ou num\u00e9ro de t\u00e9l\u00e9phone.\u00a0<strong>Pourquoi utilisons-nous vos informations ?<\/strong>\u00a0Toutes les informations que nous collectons aupr\u00e8s de vous peuvent \u00eatre utilis\u00e9es pour personnaliser votre exp\u00e9rience (vos informations nous aident \u00e0 mieux r\u00e9pondre \u00e0 vos besoins individuels)\u00a0<strong>Comment prot\u00e9geons-nous vos informations?<\/strong>\u00a0Nous proposons l&#039;utilisation d&#039;un serveur s\u00e9curis\u00e9. Toutes les informations sensibles fournies sont transmises via la technologie Secure Socket Layer (SSL), puis crypt\u00e9es dans notre base de donn\u00e9es pour \u00eatre accessibles uniquement aux personnes autoris\u00e9es disposant de droits d&#039;acc\u00e8s sp\u00e9ciaux \u00e0 nos syst\u00e8mes, et sont tenues de garder les informations confidentielles.\u00a0<strong>Utilisons-nous des cookies ?<\/strong>\u00a0Nous n&#039;utilisons pas de cookies.\u00a0<strong>Devons-nous divulguer des informations \u00e0 des parties ext\u00e9rieures\u00a0?\u00a0<\/strong>Nous ne vendons, n\u2019\u00e9changeons ni ne transf\u00e9rons \u00e0 des tiers vos informations personnelles identifiables. Cela n&#039;inclut pas les tiers de confiance qui nous aident \u00e0 exploiter notre site Web, \u00e0 mener nos activit\u00e9s ou \u00e0 vous servir, \u00e0 condition que ces parties acceptent de garder ces informations confidentielles. Cependant, des informations non personnellement identifiables sur les visiteurs peuvent \u00eatre fournies \u00e0 d&#039;autres parties \u00e0 des fins de marketing, de publicit\u00e9 ou \u00e0 d&#039;autres fins.\u00a0<strong>Liens tiers\u00a0<\/strong>Occasionnellement, \u00e0 notre discr\u00e9tion, nous pouvons inclure ou proposer des produits ou services tiers sur notre site Web. Ces sites tiers ont des politiques de confidentialit\u00e9 distinctes et ind\u00e9pendantes. Nous n&#039;avons donc aucune responsabilit\u00e9 quant au contenu et aux activit\u00e9s de ces sites li\u00e9s. N\u00e9anmoins, nous cherchons \u00e0 prot\u00e9ger l\u2019int\u00e9grit\u00e9 de notre site et appr\u00e9cions tout commentaire sur ces sites.\u00a0<strong>Votre consentement<\/strong>\u00a0En utilisant notre site, vous acceptez la politique de confidentialit\u00e9 de notre site Web.\u00a0<strong>Modifications de notre politique de confidentialit\u00e9\u00a0<\/strong>Veuillez noter que cette politique de confidentialit\u00e9 peut changer de temps \u00e0 autre. Nous ne r\u00e9duirons pas vos droits en vertu de cette politique de confidentialit\u00e9 sans votre consentement explicite, et nous pr\u00e9voyons que la plupart de ces changements seront mineurs. Quoi qu\u2019il en soit, nous publierons toute modification de la politique de confidentialit\u00e9 sur cette page. Nous contacter Si vous avez des questions concernant cette politique de confidentialit\u00e9, vous pouvez nous contacter en utilisant les informations ci-dessous. Smart Own FZE POBox 38035 Duba\u00ef \u00c9mirats arabes unis www.smartown.ae<\/p>\r\n<p><img decoding=\"async\" title=\"burj-al-arab-rolls-royce-phantom-e1424848802425\" src=\"http:\/\/www.smartown.ae\/wp-content\/uploads\/2022\/04\/burj-al-arab-rolls-royce-phantom-e1424848802425.jpg\" sizes=\"(max-width: 400px) 100vw, 400px\" srcset=\"http:\/\/www.smartown.ae\/wp-content\/uploads\/2022\/04\/burj-al-arab-rolls-royce-phantom-e1424848802425.jpg 400w, http:\/\/www.smartown.ae\/wp-content\/uploads\/2022\/04\/burj-al-arab-rolls-royce-phantom-e1424848802425-300x207.jpg 300w\" alt=\"burj-al-arab-rolls-royce-phantom-e1424848802425\" \/><\/p>\r\n<p>Lorsque vous achetez un bateau chez nous, nous vous invitons \u00e0 Duba\u00ef pour superviser les essais en mer de votre bateau. Votre billet d&#039;avion, les frais de visa, le s\u00e9jour \u00e0 l&#039;h\u00f4tel 5 \u00e9toiles et le chauffeur d\u00e9di\u00e9 sont gratuits gr\u00e2ce \u00e0 Smart Own. Nous vous accompagnerons lors d&#039;une visite VIP du chantier naval o\u00f9 vous rencontrerez l&#039;\u00e9quipe de Gulf Craft qui a construit votre bateau. Votre chef de projet vous expliquera le processus de construction de votre navire et vous formera, vous ou un membre de votre entreprise, sur votre bateau nouvellement construit.<\/p>\r\n<p><a role=\"button\" target=\"_self\" rel=\"noopener\"> Nous contacter <\/a><\/p>\r\n<h3>Nos services<\/h3>\r\n<p><img decoding=\"async\" title=\"personnalisation des ic\u00f4nes\" src=\"http:\/\/www.smartown.ae\/wp-content\/uploads\/2022\/04\/icon-customization.png\" alt=\"personnalisation des ic\u00f4nes\" \/><\/p>\r\n<h3>Personnalisation<\/h3>\r\n<p>Nous sommes le principal fournisseur de bateaux \u00e0 passagers et nous pouvons personnaliser notre flotte selon vos besoins.<\/p>\r\n<p><img decoding=\"async\" title=\"ic\u00f4ne-livraison-rapide\" src=\"http:\/\/www.smartown.ae\/wp-content\/uploads\/2022\/04\/icon-fast-delivery.png\" alt=\"ic\u00f4ne-livraison-rapide\" \/><\/p>\r\n<h3>Livraison rapide<\/h3>\r\n<p>Tous nos bateaux sur mesure sont \u00e9videmment fabriqu\u00e9s sur commande et n\u00e9cessitent entre 2 et 6 mois de livraison selon le mod\u00e8le et le choix des motorisations.<\/p>\r\n<p><img decoding=\"async\" title=\"ic\u00f4ne-exp\u00e9dition-internationale\" src=\"http:\/\/www.smartown.ae\/wp-content\/uploads\/2022\/04\/icon-international-shipping.png\" alt=\"ic\u00f4ne-exp\u00e9dition-internationale\" \/><\/p>\r\n<h3>Transport maritime international<\/h3>\r\n<p>Nous organisons l&#039;exp\u00e9dition de nos bateaux Paggenger personnalis\u00e9s \u00e0 vendre vers n&#039;importe quelle destination dans le monde. Nous avons vendu nos bateaux sur les 5 continents. Il n\u2019y a aucun pays ou \u00eele que nous ne puissions atteindre.<\/p>\r\n<h3>Certificats<\/h3>\r\n<p><a href=\"https:\/\/www.dnv.com\/\" target=\"_blank\" rel=\"nofollow noopener\"> <img decoding=\"async\" src=\"http:\/\/www.smartown.ae\/wp-content\/uploads\/2022\/04\/GLC-logo.png\" alt=\"http:\/\/www.smartown.ae\/wp-content\/uploads\/2022\/04\/GLC-logo.png\" data-no-lazy=\"1\" \/> <\/a> <a href=\"https:\/\/www.uscg.mil\/\" target=\"_blank\" rel=\"nofollow noopener\"> <img decoding=\"async\" src=\"http:\/\/www.smartown.ae\/wp-content\/uploads\/2022\/04\/USCG-logo.png\" alt=\"http:\/\/www.smartown.ae\/wp-content\/uploads\/2022\/04\/USCG-logo.png\" data-no-lazy=\"1\" \/> <\/a> <a href=\"https:\/\/www.rina.org\/en\" target=\"_blank\" rel=\"nofollow noopener\"> <img decoding=\"async\" src=\"http:\/\/www.smartown.ae\/wp-content\/uploads\/2022\/04\/rina-certification.png\" alt=\"http:\/\/www.smartown.ae\/wp-content\/uploads\/2022\/04\/rina-certification.png\" data-no-lazy=\"1\" \/> <\/a> <a href=\"https:\/\/group.bureauveritas.com\/\" target=\"_blank\" rel=\"nofollow noopener\"> <img decoding=\"async\" src=\"http:\/\/www.smartown.ae\/wp-content\/uploads\/2022\/04\/BV-logo1.png\" alt=\"http:\/\/www.smartown.ae\/wp-content\/uploads\/2022\/04\/BV-logo1.png\" data-no-lazy=\"1\" \/> <\/a><\/p>","protected":false},"excerpt":{"rendered":"<p>SMART OWN Privacy Policy We Respect Your Data It is not a coincidence that we have sold our passenger boats in all 5 continents. Very few shipyards build vessels of such maneuverability and versatility. The Gulf Craft Touring line can be made as a passenger, search &amp; rescue, patrol, marine ambulance, water bus, restaurant ship [&hellip;]<\/p>\n","protected":false},"author":2,"featured_media":0,"parent":0,"menu_order":0,"comment_status":"closed","ping_status":"closed","template":"","meta":{"site-sidebar-layout":"no-sidebar","site-content-layout":"page-builder","ast-site-content-layout":"full-width-container","site-content-style":"unboxed","site-sidebar-style":"unboxed","ast-global-header-display":"","ast-banner-title-visibility":"","ast-main-header-display":"","ast-hfb-above-header-display":"","ast-hfb-below-header-display":"","ast-hfb-mobile-header-display":"","site-post-title":"disabled","ast-breadcrumbs-content":"disabled","ast-featured-img":"disabled","footer-sml-layout":"","ast-disable-related-posts":"","theme-transparent-header-meta":"default","adv-header-id-meta":"","stick-header-meta":"","header-above-stick-meta":"","header-main-stick-meta":"","header-below-stick-meta":"","astra-migrate-meta-layouts":"set","ast-page-background-enabled":"default","ast-page-background-meta":{"desktop":{"background-color":"var(--ast-global-color-4)","background-image":"","background-repeat":"repeat","background-position":"center center","background-size":"auto","background-attachment":"scroll","background-type":"","background-media":"","overlay-type":"","overlay-color":"","overlay-opacity":"","overlay-gradient":""},"tablet":{"background-color":"","background-image":"","background-repeat":"repeat","background-position":"center center","background-size":"auto","background-attachment":"scroll","background-type":"","background-media":"","overlay-type":"","overlay-color":"","overlay-opacity":"","overlay-gradient":""},"mobile":{"background-color":"","background-image":"","background-repeat":"repeat","background-position":"center center","background-size":"auto","background-attachment":"scroll","background-type":"","background-media":"","overlay-type":"","overlay-color":"","overlay-opacity":"","overlay-gradient":""}},"ast-content-background-meta":{"desktop":{"background-color":"var(--ast-global-color-5)","background-image":"","background-repeat":"repeat","background-position":"center center","background-size":"auto","background-attachment":"scroll","background-type":"","background-media":"","overlay-type":"","overlay-color":"","overlay-opacity":"","overlay-gradient":""},"tablet":{"background-color":"var(--ast-global-color-5)","background-image":"","background-repeat":"repeat","background-position":"center center","background-size":"auto","background-attachment":"scroll","background-type":"","background-media":"","overlay-type":"","overlay-color":"","overlay-opacity":"","overlay-gradient":""},"mobile":{"background-color":"var(--ast-global-color-5)","background-image":"","background-repeat":"repeat","background-position":"center center","background-size":"auto","background-attachment":"scroll","background-type":"","background-media":"","overlay-type":"","overlay-color":"","overlay-opacity":"","overlay-gradient":""}},"footnotes":""},"class_list":["post-9428","page","type-page","status-publish","hentry"],"_links":{"self":[{"href":"https:\/\/www.smartown.ae\/fr\/wp-json\/wp\/v2\/pages\/9428","targetHints":{"allow":["GET"]}}],"collection":[{"href":"https:\/\/www.smartown.ae\/fr\/wp-json\/wp\/v2\/pages"}],"about":[{"href":"https:\/\/www.smartown.ae\/fr\/wp-json\/wp\/v2\/types\/page"}],"author":[{"embeddable":true,"href":"https:\/\/www.smartown.ae\/fr\/wp-json\/wp\/v2\/users\/2"}],"replies":[{"embeddable":true,"href":"https:\/\/www.smartown.ae\/fr\/wp-json\/wp\/v2\/comments?post=9428"}],"version-history":[{"count":0,"href":"https:\/\/www.smartown.ae\/fr\/wp-json\/wp\/v2\/pages\/9428\/revisions"}],"wp:attachment":[{"href":"https:\/\/www.smartown.ae\/fr\/wp-json\/wp\/v2\/media?parent=9428"}],"curies":[{"name":"wp","href":"https:\/\/api.w.org\/{rel}","templated":true}]}}