{"id":8928,"date":"2022-04-08T07:04:01","date_gmt":"2022-04-08T07:04:01","guid":{"rendered":"http:\/\/www.smartown.ae\/?page_id=8928"},"modified":"2025-06-16T20:11:56","modified_gmt":"2025-06-16T16:11:56","slug":"touring-40-vip","status":"publish","type":"page","link":"https:\/\/www.smartown.ae\/fr\/touring-40-vip\/","title":{"rendered":"tourn\u00e9e-40-vip"},"content":{"rendered":"<h1>\r\n\t\t\tTouring 40 VIP\t<\/h1>\r\n\t\t\t\t<img decoding=\"async\" src=\"https:\/\/www.smartown.ae\/wp-content\/uploads\/2022\/04\/smartown_wave_icon_white.png\" alt=\"smartown_wave_icon_white\" title=\"smartown_wave_icon_white\" itemprop=\"image\"\/>\r\n\t\t<h2>Bateau de passagers de luxe pour une exp\u00e9rience VIP<\/h2>\t\t\t\r\n\t<p>Le Touring 40 VIP \u00e9tablit une nouvelle norme en mati\u00e8re de bateaux de passagers de luxe, pouvant accueillir jusqu&#039;\u00e0 28 passagers dans une cabine spacieuse et climatis\u00e9e dot\u00e9e de fauteuils moelleux et de syst\u00e8mes de divertissement avanc\u00e9s.<\/p>\r\n<p>Con\u00e7u pour les complexes h\u00f4teliers cinq \u00e9toiles et les op\u00e9rateurs de bateaux-taxis d&#039;\u00e9lite, ce navire haut de gamme garantit une v\u00e9ritable exp\u00e9rience VIP \u00e0 vos clients les plus distingu\u00e9s.<\/p>\r\n<p>Des transferts fluides aux excursions exclusives, le Touring 40 VIP allie confort, style et \u00e9quipements de pointe, ce qui en fait le choix privil\u00e9gi\u00e9 pour le transport maritime haut de gamme.<\/p>\r\n<p>Pr\u00eat \u00e0 moderniser votre flotte\u00a0? Contactez Smart Own pour d\u00e9couvrir comment le Touring 40 VIP peut offrir luxe et fiabilit\u00e9 \u00e0 vos invit\u00e9s.<\/p>\r\n<h2>\r\n\t\t\tCaract\u00e9ristiques\t<\/h2>\r\n<ul>\t<li>\r\n\t\t\t Longueur : 40\u2032\t\t\r\n\t<\/li>\r\n\t\t<li>\r\n\t\t\t Largeur : 12\u2032 06\u2033\t\t\r\n\t<\/li>\r\n\t\t<li>\r\n\t\t\t Tirant d&#039;eau : 01\u2032 10\u2033\t\t\r\n\t<\/li>\r\n\t\t<li>\r\n\t\t\t Capacit\u00e9 de carburant\u00a0: 300 gal US.\t\t\r\n\t<\/li>\r\n\t\t<li>\r\n\t\t\t Capacit\u00e9 en eau\u00a0: 50 gal US. aluminium\t\t\r\n\t<\/li>\r\n\t\t<li>\r\n\t\t\t Moteurs standard : Yamaha Outboard 2\u00d7300 CV\t\t\r\n\t<\/li>\r\n\t\t<li>\r\n\t\t\t Vitesse maximale : 38 n\u0153uds\t\t\r\n\t<\/li>\r\n\t\t<li>\r\n\t\t\t R\u00e8gles de s\u00e9curit\u00e9\u00a0: Normes des garde-c\u00f4tes am\u00e9ricains \u00ab\u00a0MIC-XVA\u00a0\u00bb\t\t\r\n\t<\/li>\r\n\t\t<li>\r\n\t\t\t Max. Nombre de places assises\u00a0: 30\u00a0personnes (y compris si\u00e8ge pilote et copilote)\t\t\r\n\t<\/li>\r\n\t<\/ul><h2>\r\n\t\t\tConstruction\t<\/h2>\r\n<ul>\t<li>\r\n\t\t\t La coque et le pont sont fabriqu\u00e9s \u00e0 partir d&#039;un moule GRP monobloc, construit \u00e0 partir d&#039;une combinaison de tapis \u00e0 fils coup\u00e9s, de tissu tricot\u00e9 bidirectionnel et d&#039;\u00e2me en balsa lamin\u00e9 \u00e0 la main sous des temp\u00e9ratures contr\u00f4l\u00e9es avec de la r\u00e9sine polyester isophtalique\t\t\r\n\t<\/li>\r\n\t\t<li>\r\n\t\t\t L&#039;ext\u00e9rieur de la coque et du pont a une finition gel-coat \u00e0 gla\u00e7ure miroir.\t\t\r\n\t<\/li>\r\n\t\t<li>\r\n\t\t\t La coque est renforc\u00e9e avec des cadres moul\u00e9s en GRP remplis de polyur\u00e9thane et coll\u00e9s au fond de la coque\t\t\r\n\t<\/li>\r\n\t\t<li>\r\n\t\t\t Sur le pont, le balsa est remplac\u00e9 par du contreplaqu\u00e9 pour supporter les accastillages du pont\t\t\r\n\t<\/li>\r\n\t\t<li>\r\n\t\t\t Tous les mat\u00e9riaux utilis\u00e9s dans la construction sont de qualit\u00e9 marine approuv\u00e9e\t\t\r\n\t<\/li>\r\n\t\t<li>\r\n\t\t\t Couleur de coque de base : blanc\t\t\r\n\t<\/li>\r\n\t<\/ul><h2>\r\n\t\t\tCaract\u00e9ristiques standards\t<\/h2>\r\n<ul>\t<li>\r\n\t\t\t Cabine ferm\u00e9e compl\u00e8te FRP avec fen\u00eatres et portes\t\t\r\n\t<\/li>\r\n\t\t<li>\r\n\t\t\t Fauteuils (28 num\u00e9ros)\t\t\r\n\t<\/li>\r\n\t\t<li>\r\n\t\t\t Groupe \u00e9lectrog\u00e8ne marin 11 Kw (Kohler)\t\t\r\n\t<\/li>\r\n\t\t<li>\r\n\t\t\t Syst\u00e8me de climatisation marin (36 000 BTU)\t\t\r\n\t<\/li>\r\n\t\t<li>\r\n\t\t\t Radio VHF GARMIN monoposte\t\t\r\n\t<\/li>\r\n\t\t<li>\r\n\t\t\t GPS Garmin 526S avec sondeur\t\t\r\n\t<\/li>\r\n\t\t<li>\r\n\t\t\t T\u00e9l\u00e9viseur LED 22\u2033 + Lecteur DVD\/FM\/AM\t\t\r\n\t<\/li>\r\n\t\t<li>\r\n\t\t\t St\u00e9r\u00e9o marin (Fusion) avec station d&#039;accueil I-POD-USB + 4 haut-parleurs marins\t\t\r\n\t<\/li>\r\n\t\t<li>\r\n\t\t\t Boussole 135\t\t\r\n\t<\/li>\r\n\t\t<li>\r\n\t\t\t Essuie-glace\t\t\r\n\t<\/li>\r\n\t\t<li>\r\n\t\t\t Klaxon marin \u2013 Twin\t\t\r\n\t<\/li>\r\n\t\t<li>\r\n\t\t\t Projecteur RC \u2013 Simple\t\t\r\n\t<\/li>\r\n\t\t<li>\r\n\t\t\t Ancre 10 Kg Avec Cha\u00eene 6m &amp; 50m\t\t\r\n\t<\/li>\r\n\t\t<li>\r\n\t\t\t Gilets de sauvetage ( 30 Nos )\t\t\r\n\t<\/li>\r\n\t\t<li>\r\n\t\t\t Treuil de guindeau SS avec t\u00e9l\u00e9commande\t\t\r\n\t<\/li>\r\n\t\t<li>\r\n\t\t\t Feuille d&#039;arc SS\t\t\r\n\t<\/li>\r\n\t\t<li>\r\n\t\t\t Rouleau d&#039;\u00e9trave SS\t\t\r\n\t<\/li>\r\n\t\t<li>\r\n\t\t\t Syst\u00e8me de direction hydraulique.\t\t\r\n\t<\/li>\r\n\t\t<li>\r\n\t\t\t WC marin \u2013 \u00e9lectrique.\t\t\r\n\t<\/li>\r\n\t\t<li>\r\n\t\t\t Pompe de cale \u00e9lectrique.\t\t\r\n\t<\/li>\r\n\t\t<li>\r\n\t\t\t Plancher auto-videur antid\u00e9rapant\t\t\r\n\t<\/li>\r\n\t\t<li>\r\n\t\t\t WC marin \u2013 \u00e9lectrique\t\t\r\n\t<\/li>\r\n\t\t<li>\r\n\t\t\t Feux de position\t\t\r\n\t<\/li>\r\n\t\t<li>\r\n\t\t\t Une pompe de cale avec interrupteur \u00e0 flotteur automatique\t\t\r\n\t<\/li>\r\n\t\t<li>\r\n\t\t\t Une pompe de cale manuelle avec poign\u00e9e\t\t\r\n\t<\/li>\r\n\t\t<li>\r\n\t\t\t FRP \u00c9vier avec robinet d&#039;eau\t\t\r\n\t<\/li>\r\n\t<\/ul><h2>\r\n\t\t\tPont et coque\t<\/h2>\r\n<ul>\t<li>\r\n\t\t\t Passe coque\t\t\r\n\t<\/li>\r\n\t\t<li>\r\n\t\t\t Stockage d&#039;ancre \u00e0 vidange automatique\t\t\r\n\t<\/li>\r\n\t\t<li>\r\n\t\t\t Taquets de pont en acier inoxydable\t\t\r\n\t<\/li>\r\n\t\t<li>\r\n\t\t\t Yeux de proue et de poupe\t\t\r\n\t<\/li>\r\n\t<\/ul><h2>\r\n\t\t\tSyst\u00e8me de carburant\t<\/h2>\r\n<ul>\t<li>\r\n\t\t\t 300 gal US. alun. r\u00e9servoir d&#039;essence\t\t\r\n\t<\/li>\r\n\t\t<li>\r\n\t\t\t Transmetteur \u00e9lectrique avec manom\u00e8tre\t\t\r\n\t<\/li>\r\n\t\t<li>\r\n\t\t\t Remplissage de carburant et \u00e9vents\t\t\r\n\t<\/li>\r\n\t<\/ul><h2>\r\n\t\t\tSyst\u00e8me \u00e9lectrique\t<\/h2>\r\n<ul>\t<li>\r\n\t\t\t Syst\u00e8me de c\u00e2blage marin \u00e0 code couleur\t\t\r\n\t<\/li>\r\n\t\t<li>\r\n\t\t\t Syst\u00e8me de benne principal 12V\t\t\r\n\t<\/li>\r\n\t\t<li>\r\n\t\t\t Panneau de commutation \u00e0 6 voies\t\t\r\n\t<\/li>\r\n\t<\/ul><h2>\r\n\t\t\tSyst\u00e8me d&#039;eau douce\t<\/h2>\r\n<ul>\t<li>\r\n\t\t\t 50 gallons am\u00e9ricains. alun. r\u00e9servoir d&#039;eau\t\t\r\n\t<\/li>\r\n\t\t<li>\r\n\t\t\t Transmetteur \u00e9lectrique avec manom\u00e8tre\t\t\r\n\t<\/li>\r\n\t\t<li>\r\n\t\t\t Remplissage d&#039;eau et \u00e9vents\t\t\r\n\t<\/li>\r\n\t\t<li>\r\n\t\t\t Syst\u00e8me d&#039;eau sous pression\t\t\r\n\t<\/li>\r\n\t<\/ul><h2>\r\n\t\t\tDispositions g\u00e9n\u00e9rales (personnalisation possible)\t<\/h2>\r\n\t\t\t\t<img decoding=\"async\" src=\"http:\/\/www.smartown.ae\/wp-content\/uploads\/2014\/11\/image00210.jpg\" alt=\"image002\" itemprop=\"image\" title=\"image002\" onerror=\"this.style.display='none'\" loading='lazy' \/>\r\n\t\t\t\t<img decoding=\"async\" src=\"http:\/\/www.smartown.ae\/wp-content\/uploads\/2014\/11\/image0032.jpg\" alt=\"image003\" itemprop=\"image\" title=\"image003\" onerror=\"this.style.display='none'\" loading='lazy' \/>\r\n\t\t\t\t<img decoding=\"async\" src=\"http:\/\/www.smartown.ae\/wp-content\/uploads\/2014\/11\/image0043.jpg\" alt=\"image004\" itemprop=\"image\" title=\"image004\" onerror=\"this.style.display='none'\" loading='lazy' \/>\r\n<h2>\r\n\t\t\tPhotos\t<\/h2>\r\n\t\t\t\t<img decoding=\"async\" src=\"http:\/\/www.smartown.ae\/wp-content\/uploads\/2014\/11\/bouton-contact.jpg\" alt=\"bouton-contact\" itemprop=\"image\" title=\"bouton-contact\" onerror=\"this.style.display='none'\" loading='lazy' \/>\r\n<h4>\r\n\t\t\tSi vous recherchez un bateau \u00e0 passagers ou une embarcation sp\u00e9cialis\u00e9e.\t<\/h4>\r\n\t\t\t\t<img decoding=\"async\" src=\"http:\/\/www.smartown.ae\/wp-content\/uploads\/2014\/12\/Catalog-e1418559186652.png\" alt=\"Catalogue\" itemprop=\"image\" title=\"Catalogue\" onerror=\"this.style.display='none'\" loading='lazy' \/>\r\n<h4>\r\n\t\t\tPour plus d&#039;informations, veuillez t\u00e9l\u00e9charger le catalogue.\t<\/h4>\r\n<h3>\r\n\t\t\tBateaux \u00e0 passagers similaires\t<\/h3>\r\n\t<a href=\"\/fr\/touring-40\/\" target=\"_self\"  aria-label=\"Aller \u00e0 \/touring-40\/\"><\/a>\r\n\t\t\t\t<img decoding=\"async\" src=\"https:\/\/www.smartown.ae\/wp-content\/uploads\/2014\/12\/main1-e1418042189525.jpg\" alt=\"Touring 40 Ouvert\" title=\"Touring 40 Ouvert\" itemprop=\"image\"\/>\r\n\t\t<h4>Touring 40<\/h4>\t\t\t\r\n\t<a href=\"\/fr\/touring-36\/\" target=\"_self\"  aria-label=\"Aller \u00e0 \/touring-36\"><\/a>\r\n\t\t\t\t<img decoding=\"async\" src=\"https:\/\/www.smartown.ae\/wp-content\/uploads\/2014\/12\/Utility-Series-Touring-36-1-e1418041992147.jpg\" alt=\"Touring 36 le bateau de r\u00e9f\u00e9rence dans le domaine du transport fluvial\" title=\"Touring 36 le bateau de r\u00e9f\u00e9rence dans le domaine du transport fluvial\" itemprop=\"image\"\/>\r\n\t\t<h4>Touring 36<\/h4>\t\t\t\r\n\t<a href=\"\/fr\/salon-de-mer-40\/\" target=\"_self\"  aria-label=\"Aller \u00e0 \/sea-lounge-40\/\"><\/a>\r\n\t\t\t\t<img decoding=\"async\" src=\"https:\/\/www.smartown.ae\/wp-content\/uploads\/2014\/12\/saloon-1-e1418909466937.jpg\" alt=\"salon-1\" title=\"salon-1\" itemprop=\"image\"\/>\r\n\t\t<h4>Sea Lounge 40<\/h4>","protected":false},"excerpt":{"rendered":"<p>Touring 40 VIP Luxury Passenger Boat for VIP Guest Experience The Touring 40 VIP sets a new standard in luxury passenger boats, accommodating up to 28 guests in a spacious, air-conditioned cabin featuring plush armchairs and advanced entertainment systems. Designed for five-star resorts and elite water taxi operators, this premium vessel ensures a true VIP [&hellip;]<\/p>\n","protected":false},"author":2,"featured_media":0,"parent":0,"menu_order":0,"comment_status":"closed","ping_status":"closed","template":"","meta":{"site-sidebar-layout":"no-sidebar","site-content-layout":"page-builder","ast-site-content-layout":"full-width-container","site-content-style":"unboxed","site-sidebar-style":"unboxed","ast-global-header-display":"","ast-banner-title-visibility":"","ast-main-header-display":"","ast-hfb-above-header-display":"","ast-hfb-below-header-display":"","ast-hfb-mobile-header-display":"","site-post-title":"disabled","ast-breadcrumbs-content":"disabled","ast-featured-img":"disabled","footer-sml-layout":"","ast-disable-related-posts":"","theme-transparent-header-meta":"default","adv-header-id-meta":"","stick-header-meta":"","header-above-stick-meta":"","header-main-stick-meta":"","header-below-stick-meta":"","astra-migrate-meta-layouts":"set","ast-page-background-enabled":"default","ast-page-background-meta":{"desktop":{"background-color":"var(--ast-global-color-4)","background-image":"","background-repeat":"repeat","background-position":"center center","background-size":"auto","background-attachment":"scroll","background-type":"","background-media":"","overlay-type":"","overlay-color":"","overlay-opacity":"","overlay-gradient":""},"tablet":{"background-color":"","background-image":"","background-repeat":"repeat","background-position":"center center","background-size":"auto","background-attachment":"scroll","background-type":"","background-media":"","overlay-type":"","overlay-color":"","overlay-opacity":"","overlay-gradient":""},"mobile":{"background-color":"","background-image":"","background-repeat":"repeat","background-position":"center center","background-size":"auto","background-attachment":"scroll","background-type":"","background-media":"","overlay-type":"","overlay-color":"","overlay-opacity":"","overlay-gradient":""}},"ast-content-background-meta":{"desktop":{"background-color":"var(--ast-global-color-5)","background-image":"","background-repeat":"repeat","background-position":"center center","background-size":"auto","background-attachment":"scroll","background-type":"","background-media":"","overlay-type":"","overlay-color":"","overlay-opacity":"","overlay-gradient":""},"tablet":{"background-color":"var(--ast-global-color-5)","background-image":"","background-repeat":"repeat","background-position":"center center","background-size":"auto","background-attachment":"scroll","background-type":"","background-media":"","overlay-type":"","overlay-color":"","overlay-opacity":"","overlay-gradient":""},"mobile":{"background-color":"var(--ast-global-color-5)","background-image":"","background-repeat":"repeat","background-position":"center center","background-size":"auto","background-attachment":"scroll","background-type":"","background-media":"","overlay-type":"","overlay-color":"","overlay-opacity":"","overlay-gradient":""}},"footnotes":""},"class_list":["post-8928","page","type-page","status-publish","hentry"],"_links":{"self":[{"href":"https:\/\/www.smartown.ae\/fr\/wp-json\/wp\/v2\/pages\/8928","targetHints":{"allow":["GET"]}}],"collection":[{"href":"https:\/\/www.smartown.ae\/fr\/wp-json\/wp\/v2\/pages"}],"about":[{"href":"https:\/\/www.smartown.ae\/fr\/wp-json\/wp\/v2\/types\/page"}],"author":[{"embeddable":true,"href":"https:\/\/www.smartown.ae\/fr\/wp-json\/wp\/v2\/users\/2"}],"replies":[{"embeddable":true,"href":"https:\/\/www.smartown.ae\/fr\/wp-json\/wp\/v2\/comments?post=8928"}],"version-history":[{"count":0,"href":"https:\/\/www.smartown.ae\/fr\/wp-json\/wp\/v2\/pages\/8928\/revisions"}],"wp:attachment":[{"href":"https:\/\/www.smartown.ae\/fr\/wp-json\/wp\/v2\/media?parent=8928"}],"curies":[{"name":"wp","href":"https:\/\/api.w.org\/{rel}","templated":true}]}}