{"id":8284,"date":"2022-04-08T06:32:41","date_gmt":"2022-04-08T06:32:41","guid":{"rendered":"http:\/\/www.smartown.ae\/?page_id=8284"},"modified":"2025-03-07T16:51:00","modified_gmt":"2025-03-07T12:51:00","slug":"plongee-sous-marine-32-2-2","status":"publish","type":"page","link":"https:\/\/www.smartown.ae\/fr\/scuba-32-2-2\/","title":{"rendered":"plong\u00e9e-32"},"content":{"rendered":"<h1>Bateau de plong\u00e9e sous-marine \u2013 Scuba 32<\/h1>\r\n<p><img decoding=\"async\" title=\"smartown_wave_icon_white\" src=\"http:\/\/www.smartown.ae\/wp-content\/uploads\/2022\/04\/smartown_wave_icon_white.png\" alt=\"smartown_wave_icon_white\" \/><\/p>\r\n<h2>Acc\u00e9dez \u00e0 votre site de plong\u00e9e dans un confort absolu avec ce bateau de plong\u00e9e sous-marine<\/h2>\r\n<p>Un bateau sp\u00e9cialement con\u00e7u pour la plong\u00e9e sous-marine avec 16 compartiments de r\u00e9servoirs, une porte de plong\u00e9e et une \u00e9chelle. Le bateau de plong\u00e9e sous-marine parfait pour les stations baln\u00e9aires et les centres de plong\u00e9e.<\/p>\r\n<h2>Caract\u00e9ristiques<\/h2>\r\n<ul>\r\n<li>Longueur : 32\u2032<\/li>\r\n<li>Largeur : 8\u2032 05\u2033<\/li>\r\n<li>Profondeur : 1\u2032 5\u2033<\/li>\r\n<li>Poids : 1 900 kg<\/li>\r\n<li>Capacit\u00e9 de carburant\u00a0: 150 gallons am\u00e9ricains. r\u00e9servoir d&#039;essence<\/li>\r\n<li>Moteurs standard : Yamaha Outboard 2\u00d7150 CV<\/li>\r\n<li>Vitesse max : 32 n\u0153uds<\/li>\r\n<li>Capacit\u00e9 assise : 10 personnes (pilote compris)<\/li>\r\n<li>Capacit\u00e9 des bouteilles de plong\u00e9e\u00a0: 16 compartiments d\u00e9di\u00e9s aux bouteilles<\/li>\r\n<\/ul>\r\n<h2>Construction<\/h2>\r\n<ul>\r\n<li>La coque et le pont sont fabriqu\u00e9s \u00e0 partir d&#039;un moule GRP monobloc, construit \u00e0 partir d&#039;une combinaison de tapis \u00e0 fils coup\u00e9s, de tissu tricot\u00e9 bidirectionnel et d&#039;\u00e2me en balsa lamin\u00e9 \u00e0 la main sous des temp\u00e9ratures contr\u00f4l\u00e9es avec de la r\u00e9sine polyester isophtalique<\/li>\r\n<li>L&#039;ext\u00e9rieur de la coque et du pont a une finition gel-coat \u00e0 gla\u00e7ure miroir<\/li>\r\n<li>La coque est rigidifi\u00e9e avec des cadres moul\u00e9s en GRP remplis de polyur\u00e9thane et coll\u00e9s au fond de la coque<\/li>\r\n<li>Sur le pont, le balsa est remplac\u00e9 par du contreplaqu\u00e9 pour supporter les accastillages du pont<\/li>\r\n<li>Tous les mat\u00e9riaux utilis\u00e9s dans la construction sont de qualit\u00e9 marine approuv\u00e9e<\/li>\r\n<li>Couleur coque standard : blanc<\/li>\r\n<\/ul>\r\n<h2>Caract\u00e9ristiques principales du bateau \u00e0 passagers de plong\u00e9e sous-marine<\/h2>\r\n<ul>\r\n<li>Compartiments r\u00e9servoirs s\u00e9curis\u00e9s x 16<\/li>\r\n<li>3 projecteurs pour une visibilit\u00e9 compl\u00e8te du bateau pendant les plong\u00e9es de nuit<\/li>\r\n<li>Porte de plong\u00e9e<\/li>\r\n<li>\u00c9chelle de plong\u00e9e<\/li>\r\n<li>Auvent avec cage \u00e0 tubes en aluminium<\/li>\r\n<li>Console centrale avec pare-vent<\/li>\r\n<li>Si\u00e8ge conducteur et compagnon<\/li>\r\n<li>Compartiment de plancher de pont x 2<\/li>\r\n<li>Compartiment \u00e0 mouillage<\/li>\r\n<li>Rangement arri\u00e8re sous le si\u00e8ge<\/li>\r\n<li>Crampons en acier inoxydable<\/li>\r\n<li>Feux de mouillage et de pont<\/li>\r\n<li>Pompe de cale double avec interrupteur automatique<\/li>\r\n<li>Boussole marine<\/li>\r\n<li>Base de batterie et interrupteur de batterie<\/li>\r\n<li>Oeil de proue et viseur lat\u00e9ral en PVC de poupe<\/li>\r\n<li>Si\u00e8ges FRP rembourr\u00e9s avec rangement sous les si\u00e8ges pour gilets de sauvetage<\/li>\r\n<li>R\u00e9servoir de carburant GRP avec jauge \u00e9lectrique et filtre<\/li>\r\n<li>Drain de pont<\/li>\r\n<li>Gilets de sauvetage x 10<\/li>\r\n<\/ul>\r\n<p><img decoding=\"async\" title=\"bouton-contact\" src=\"http:\/\/www.smartown.ae\/wp-content\/uploads\/2014\/11\/bouton-contact.jpg\" alt=\"bouton-contact\" \/><\/p>\r\n<h4>Si vous recherchez un bateau de plong\u00e9e sous-marine ou une embarcation sp\u00e9cialis\u00e9e.<\/h4>\r\n<p><img decoding=\"async\" title=\"Catalogue\" src=\"http:\/\/www.smartown.ae\/wp-content\/uploads\/2014\/12\/Catalog-e1418559186652.png\" alt=\"Catalogue\" \/><\/p>\r\n<h4>Pour plus d&#039;informations sur notre bateau de plong\u00e9e sous-marine, veuillez t\u00e9l\u00e9charger le catalogue.<\/h4>\r\n<h3>Bateaux \u00e0 passagers associ\u00e9s<\/h3>\r\n<p><img decoding=\"async\" title=\"Transporteur-32-Petit\" src=\"http:\/\/www.smartown.ae\/wp-content\/uploads\/2022\/04\/Transporter-32-Small.jpg\" alt=\"Transporteur-32-Petit\" \/><\/p>\r\n<h4>Transporter 32<\/h4>\r\n<p><img decoding=\"async\" title=\"1page-img1\" src=\"http:\/\/www.smartown.ae\/wp-content\/uploads\/2014\/10\/1page-img1.jpg\" alt=\"1page-img1\" \/><\/p>\r\n<h4>Touring 36<\/h4>\r\n<p><img decoding=\"async\" title=\"Touring 40 Ouvert\" src=\"http:\/\/www.smartown.ae\/wp-content\/uploads\/2014\/12\/main1-e1418042189525.jpg\" alt=\"Touring 40 Ouvert\" \/><\/p>\r\n<h4>Touring 40<\/h4>","protected":false},"excerpt":{"rendered":"<p>Scuba diving boat &#8211; Scuba 32 Get to your dive site in absolute comfort with this scuba diving vessel A scuba diving purpose built boat with 16 tanks compartments and a diving door and ladder. The perfect scuba diving boat for beach resorts and diving centers. Specifications Length: 32&#8242; Beam: 8&#8242; 05&#8243; Depth: 1\u2032 5&#8221; [&hellip;]<\/p>\n","protected":false},"author":2,"featured_media":0,"parent":0,"menu_order":0,"comment_status":"closed","ping_status":"closed","template":"","meta":{"site-sidebar-layout":"no-sidebar","site-content-layout":"page-builder","ast-site-content-layout":"full-width-container","site-content-style":"unboxed","site-sidebar-style":"unboxed","ast-global-header-display":"","ast-banner-title-visibility":"","ast-main-header-display":"","ast-hfb-above-header-display":"","ast-hfb-below-header-display":"","ast-hfb-mobile-header-display":"","site-post-title":"disabled","ast-breadcrumbs-content":"disabled","ast-featured-img":"disabled","footer-sml-layout":"","ast-disable-related-posts":"","theme-transparent-header-meta":"default","adv-header-id-meta":"","stick-header-meta":"","header-above-stick-meta":"","header-main-stick-meta":"","header-below-stick-meta":"","astra-migrate-meta-layouts":"set","ast-page-background-enabled":"default","ast-page-background-meta":{"desktop":{"background-color":"var(--ast-global-color-4)","background-image":"","background-repeat":"repeat","background-position":"center center","background-size":"auto","background-attachment":"scroll","background-type":"","background-media":"","overlay-type":"","overlay-color":"","overlay-opacity":"","overlay-gradient":""},"tablet":{"background-color":"","background-image":"","background-repeat":"repeat","background-position":"center center","background-size":"auto","background-attachment":"scroll","background-type":"","background-media":"","overlay-type":"","overlay-color":"","overlay-opacity":"","overlay-gradient":""},"mobile":{"background-color":"","background-image":"","background-repeat":"repeat","background-position":"center center","background-size":"auto","background-attachment":"scroll","background-type":"","background-media":"","overlay-type":"","overlay-color":"","overlay-opacity":"","overlay-gradient":""}},"ast-content-background-meta":{"desktop":{"background-color":"var(--ast-global-color-5)","background-image":"","background-repeat":"repeat","background-position":"center center","background-size":"auto","background-attachment":"scroll","background-type":"","background-media":"","overlay-type":"","overlay-color":"","overlay-opacity":"","overlay-gradient":""},"tablet":{"background-color":"var(--ast-global-color-5)","background-image":"","background-repeat":"repeat","background-position":"center center","background-size":"auto","background-attachment":"scroll","background-type":"","background-media":"","overlay-type":"","overlay-color":"","overlay-opacity":"","overlay-gradient":""},"mobile":{"background-color":"var(--ast-global-color-5)","background-image":"","background-repeat":"repeat","background-position":"center center","background-size":"auto","background-attachment":"scroll","background-type":"","background-media":"","overlay-type":"","overlay-color":"","overlay-opacity":"","overlay-gradient":""}},"footnotes":""},"class_list":["post-8284","page","type-page","status-publish","hentry"],"_links":{"self":[{"href":"https:\/\/www.smartown.ae\/fr\/wp-json\/wp\/v2\/pages\/8284","targetHints":{"allow":["GET"]}}],"collection":[{"href":"https:\/\/www.smartown.ae\/fr\/wp-json\/wp\/v2\/pages"}],"about":[{"href":"https:\/\/www.smartown.ae\/fr\/wp-json\/wp\/v2\/types\/page"}],"author":[{"embeddable":true,"href":"https:\/\/www.smartown.ae\/fr\/wp-json\/wp\/v2\/users\/2"}],"replies":[{"embeddable":true,"href":"https:\/\/www.smartown.ae\/fr\/wp-json\/wp\/v2\/comments?post=8284"}],"version-history":[{"count":0,"href":"https:\/\/www.smartown.ae\/fr\/wp-json\/wp\/v2\/pages\/8284\/revisions"}],"wp:attachment":[{"href":"https:\/\/www.smartown.ae\/fr\/wp-json\/wp\/v2\/media?parent=8284"}],"curies":[{"name":"wp","href":"https:\/\/api.w.org\/{rel}","templated":true}]}}