{"id":8221,"date":"2022-04-08T05:30:07","date_gmt":"2022-04-08T05:30:07","guid":{"rendered":"http:\/\/www.smartown.ae\/?page_id=8221"},"modified":"2025-03-31T11:25:01","modified_gmt":"2025-03-31T07:25:01","slug":"services-de-personnalisation","status":"publish","type":"page","link":"https:\/\/www.smartown.ae\/fr\/customization-services\/","title":{"rendered":"Services de personnalisation"},"content":{"rendered":"<h1>Bateaux \u00e0 passagers commerciaux personnalis\u00e9s<\/h1>\r\n<p><img decoding=\"async\" title=\"smartown_wave_icon_white\" src=\"http:\/\/www.smartown.ae\/wp-content\/uploads\/2022\/04\/smartown_wave_icon_white.png\" alt=\"smartown_wave_icon_white\" \/><\/p>\r\n<h2>Nous pouvons personnaliser nos bateaux selon les besoins de votre entreprise<\/h2>\r\n<p>Ce n&#039;est pas un hasard si nous avons vendu nos bateaux \u00e0 passagers sur les 5 continents. Tr\u00e8s peu de chantiers navals construisent des navires d\u2019une telle maniabilit\u00e9 et polyvalence. La ligne Gulf Craft Touring peut \u00eatre con\u00e7ue comme passager, recherche et sauvetage, patrouille, ambulance maritime, bateau-bus, bateau-restaurant ou bateau de plong\u00e9e sous-marine.<\/p>\r\n<p>Nous comprenons que les acheteurs de bateaux commerciaux exigent une personnalisation compl\u00e8te. Nous proposons donc :<\/p>\r\n<p>\u2013 Un large choix de moteurs in-bord et hors-bord.<\/p>\r\n<p>\u2013 Plusieurs configurations de si\u00e8ges.<\/p>\r\n<p>\u2013 Versions cabine ouverte ou ferm\u00e9e<\/p>\r\n<p>\u2013 Diff\u00e9rentes soci\u00e9t\u00e9s de classification pour notre s\u00e9rie de bateaux de travail<\/p>\r\n<p><img decoding=\"async\" src=\"http:\/\/www.smartown.ae\/wp-content\/uploads\/2014\/10\/bouton-contact-boat2.jpg\" alt=\"Obtenez plus d\u2019informations sur les ferries et les bateaux\" \/><\/p>\r\n<h4>Contactez-nous si vous avez besoin de personnalisation des bateaux que nous proposons.<\/h4>\r\n<p>Nous pouvons \u00e9quiper nos bateaux avec presque toutes les configurations de moteurs. En standard, nous conduisons nos plus petits navires avec des moteurs hors-bord Yamaha \u00e0 quatre temps et notre plus grande flotte avec un moteur sterndrive Volvo Penta. Nous avons \u00e9quip\u00e9 nos bateaux des configurations moteurs suivantes :<\/p>\r\n<p>\u2013 Moteurs hors-bord essence doubles (Yamaha, Susuki, Mercruiser)<br \/>\u2013 Double moteur diesel \u00e0 transmission arri\u00e8re (Volvo, Yanmar)<br \/>\u2013 Double moteur diesel in-bord (Volvo, Yanmar)<br \/>\u2013 Twin in-bord essence (Mercruiser)<br \/>\u2013 Twin sterndrive essence (Mercruiser)<br \/>\u2013 Twin Z Drive diesel (Volvo, Yanmar)<\/p>\r\n<p>Nos bateaux sont robustes et agiles pour g\u00e9rer quatre conditions de mer. Le client peut choisir la puissance du moteur en fonction de l&#039;utilisation pr\u00e9vue du navire.<\/p>\r\n<h2>BANCS DOS \u00c0 DOS :<\/h2>\r\n<h3>Permet une capacit\u00e9 d&#039;assise maximale et constitue la disposition standard sur les Touring 36 et Touring 40.<\/h3>\r\n<p><img decoding=\"async\" title=\"image002\" src=\"http:\/\/www.smartown.ae\/wp-content\/uploads\/2014\/11\/image0022.jpg\" alt=\"image002\" \/><\/p>\r\n<h2>TYPE D&#039;AUTOBUS\u00a0:<\/h2>\r\n<h3>Fauteuils individuels dispos\u00e9s comme un bus. Cette configuration est de s\u00e9rie sur les Sea Bus 40, Waveshuttle 56 et Gulf 85, et en option sur les Touring 36 et 40.<\/h3>\r\n<p><img decoding=\"async\" title=\"Disposition des si\u00e8ges de style bus\" src=\"http:\/\/www.smartown.ae\/wp-content\/uploads\/2014\/11\/2page-img2.jpg\" alt=\"Disposition des si\u00e8ges de style bus\" \/><\/p>\r\n<h2>AM\u00c9NAGEMENT UTILITAIRE DE SPORTS NAUTIQUES\u00a0:<\/h2>\r\n<h3>Les bancs ronds sont id\u00e9aux pour maximiser l&#039;espace libre sur le pont pour les activit\u00e9s de sports nautiques comme la plong\u00e9e sous-marine, la plong\u00e9e en apn\u00e9e ou la p\u00eache en haute mer.<\/h3>\r\n<p><img decoding=\"async\" title=\"Disposition des utilitaires de sports nautiques\" src=\"http:\/\/www.smartown.ae\/wp-content\/uploads\/2014\/11\/2page-img3.jpg\" alt=\"Disposition des utilitaires de sports nautiques\" \/><\/p>\r\n<p>Nous pouvons \u00e9quiper nos bateaux avec presque toutes les configurations de moteurs. En standard, nous conduisons nos plus petits navires avec des moteurs hors-bord Yamaha \u00e0 quatre temps et notre plus grande flotte avec un moteur sterndrive Volvo Penta. Nous avons \u00e9quip\u00e9 nos bateaux des configurations moteurs suivantes :<\/p>\r\n<p>\u2013 Moteurs hors-bord essence doubles (Yamaha, Susuki, Mercruiser)<br \/>\u2013 Double moteur diesel \u00e0 transmission arri\u00e8re (Volvo, Yanmar)<br \/>\u2013 Double moteur diesel in-bord (Volvo, Yanmar)<br \/>\u2013 Twin in-bord essence (Mercruiser)<br \/>\u2013 Twin sterndrive essence (Mercruiser)<br \/>\u2013 Twin Z Drive diesel (Volvo, Yanmar)<\/p>\r\n<p>Nos bateaux sont robustes et agiles pour g\u00e9rer quatre conditions de mer. Le client peut choisir la puissance du moteur en fonction de l&#039;utilisation pr\u00e9vue du navire.<\/p>\r\n<h2>VERSION PONT OUVERT\u00a0:<\/h2>\r\n<h3>Le pont est \u00e9quip\u00e9 d&#039;un plafond en fibre de verre et de parois lat\u00e9rales partielles en fibre de verre au niveau du cockpit. La partie principale du pont est ouverte. C&#039;est la version cabine la plus populaire. Aucune climatisation n&#039;est requise et les passagers b\u00e9n\u00e9ficient d&#039;une visibilit\u00e9 maximale.<\/h3>\r\n<p><img decoding=\"async\" title=\"2page-img4\" src=\"http:\/\/www.smartown.ae\/wp-content\/uploads\/2014\/11\/2page-img4.jpg\" alt=\"2page-img4\" \/><\/p>\r\n<h2>VERSION CABINE FERM\u00c9E\u00a0:<\/h2>\r\n<h3>Le pont est enti\u00e8rement ferm\u00e9 et la cabine est en fibre de verre. La climatisation peut \u00eatre install\u00e9e. Cette option est disponible en option sur les Touring 36 et 40, et de s\u00e9rie sur les autres mod\u00e8les.<\/h3>\r\n<p><img decoding=\"async\" title=\"2page-img5\" src=\"http:\/\/www.smartown.ae\/wp-content\/uploads\/2014\/11\/2page-img5.jpg\" alt=\"2page-img5\" \/> <img decoding=\"async\" title=\"burj-al-arab-rolls-royce-phantom-e1424848802425\" src=\"http:\/\/www.smartown.ae\/wp-content\/uploads\/2022\/04\/burj-al-arab-rolls-royce-phantom-e1424848802425.jpg\" sizes=\"(max-width: 400px) 100vw, 400px\" srcset=\"https:\/\/www.smartown.ae\/wp-content\/uploads\/2022\/04\/burj-al-arab-rolls-royce-phantom-e1424848802425.jpg 400w, https:\/\/www.smartown.ae\/wp-content\/uploads\/2022\/04\/burj-al-arab-rolls-royce-phantom-e1424848802425-300x207.jpg 300w\" alt=\"burj-al-arab-rolls-royce-phantom-e1424848802425\" \/><\/p>\r\n<h3>Visitez Duba\u00ef la ville des r\u00eaves gratuitement<\/h3>\r\n<p>Lorsque vous achetez un bateau chez nous, nous vous inviterons \u00e0 Duba\u00ef pour superviser les essais en mer de votre navire. Votre billet d&#039;avion, les frais de visa, votre s\u00e9jour dans un h\u00f4tel 5 \u00e9toiles et votre chauffeur d\u00e9di\u00e9 sont gratuits et offerts gratuitement par Smart Own.<\/p>\r\n<p>&nbsp;<\/p>\r\n<p>Nous vous accompagnerons lors d&#039;une visite VIP du chantier naval o\u00f9 vous rencontrerez l&#039;\u00e9quipe Gulf Craft qui a construit votre bateau. Votre chef de projet vous expliquera le processus de construction de votre navire et vous formera, vous ou un membre de votre entreprise, sur votre bateau nouvellement construit.<\/p>\r\n<p><a href=\"http:\/\/www.smartown.ae\/fr\/contactez-smartown\/\" target=\"_self\" rel=\"noopener\"> Contactez-nous maintenant <\/a><\/p>\r\n<h3>Nos services<\/h3>\r\n<p><img decoding=\"async\" title=\"personnalisation des ic\u00f4nes\" src=\"http:\/\/www.smartown.ae\/\/wp-content\/uploads\/2022\/04\/icon-customization.png\" alt=\"personnalisation des ic\u00f4nes\" \/><\/p>\r\n<h3>Personnalisation<\/h3>\r\n<p>Nous sommes le principal fournisseur de bateaux \u00e0 passagers et nous avons des bateaux \u00e0 passagers sur mesure \u00e0 vendre. Nous travaillons avec l&#039;un des principaux fabricants de bateaux \u00e0 passagers au monde pour fournir des navires en fonction de vos besoins.<\/p>\r\n<p><img decoding=\"async\" title=\"ic\u00f4ne-livraison-rapide\" src=\"https:\/\/www.smartown.ae\/wp-content\/uploads\/2022\/04\/icon-fast-delivery.png\" alt=\"ic\u00f4ne-livraison-rapide\" \/><\/p>\r\n<h3>Livraison rapide<\/h3>\r\n<p class=\"translation-block\">Tous les bateaux expos\u00e9s sont fabriqu\u00e9s sur commande et n\u00e9cessitent un d\u00e9lai de livraison de 2 \u00e0 6 mois, selon le mod\u00e8le et la motorisation choisis. Nos principaux navires \u00e0 passagers sont\u00a0: <a title=\"Tourn\u00e9e 36\" href=\"http:\/\/www.smartown.ae\/fr\/touring-36\/\" target=\"_self\">le Touring 36<\/a> , <a href=\"http:\/\/www.smartown.ae\/fr\/touring-48-ferry\/\" target=\"_self\"><span class=\"TextRun BCX0 SCXP212075416\" lang=\"EN-US\" xml:lang=\"EN-US\" data-usefontface=\"false\" data-contrast=\"none\"><span class=\"NormalTextRun BCX0 SCXP212075416\">le Touring 48 Ferry<\/span><\/span><\/a> et <span class=\"TextRun BCX0 SCXP212075416\" lang=\"EN-US\" xml:lang=\"EN-US\" data-usefontface=\"false\" data-contrast=\"none\"><span class=\"NormalTextRun BCX0 SCXP212075416\"><a href=\"http:\/\/www.smartown.ae\/fr\/touring-48-lounge\/\" target=\"_self\">le Touring 48 Lounge<\/a> .<\/span><\/span><\/p>\r\n<p><img decoding=\"async\" title=\"ic\u00f4ne-exp\u00e9dition-internationale\" src=\"http:\/\/www.smartown.ae\/\/wp-content\/uploads\/2022\/04\/icon-international-shipping.png\" alt=\"ic\u00f4ne-exp\u00e9dition-internationale\" \/><\/p>\r\n<h3>Transport maritime international<\/h3>\r\n<p>Nous organisons l&#039;exp\u00e9dition vers n&#039;importe quelle destination dans le monde. Nous avons vendu nos bateaux sur les 5 continents. Il n&#039;y a aucun pays ou \u00eele que nous ne puissions atteindre. Nous exp\u00e9dions en Afrique, en Am\u00e9rique latine, en Asie, en Oc\u00e9anie ou ailleurs.<\/p>\r\n<h3>Certificats<\/h3>\r\n<p><a href=\"https:\/\/www.dnv.com\/\" target=\"_blank\" rel=\"nofollow noopener\"> <img decoding=\"async\" src=\"http:\/\/www.smartown.ae\/wp-content\/uploads\/2022\/04\/GLC-logo.png\" alt=\"http:\/\/www.smartown.ae\/wp-content\/uploads\/2022\/04\/GLC-logo.png\" data-no-lazy=\"1\" \/> <\/a> <a href=\"https:\/\/www.uscg.mil\/\" target=\"_blank\" rel=\"nofollow noopener\"> <img decoding=\"async\" src=\"http:\/\/www.smartown.ae\/wp-content\/uploads\/2022\/04\/USCG-logo.png\" alt=\"http:\/\/www.smartown.ae\/wp-content\/uploads\/2022\/04\/USCG-logo.png\" data-no-lazy=\"1\" \/> <\/a> <a href=\"https:\/\/www.rina.org\/en\" target=\"_blank\" rel=\"nofollow noopener\"> <img decoding=\"async\" src=\"http:\/\/www.smartown.ae\/wp-content\/uploads\/2022\/04\/rina-certification.png\" alt=\"http:\/\/www.smartown.ae\/wp-content\/uploads\/2022\/04\/rina-certification.png\" data-no-lazy=\"1\" \/> <\/a> <a href=\"https:\/\/group.bureauveritas.com\/\" target=\"_blank\" rel=\"nofollow noopener\"> <img decoding=\"async\" src=\"http:\/\/www.smartown.ae\/wp-content\/uploads\/2022\/04\/BV-logo1.png\" alt=\"http:\/\/www.smartown.ae\/wp-content\/uploads\/2022\/04\/BV-logo1.png\" data-no-lazy=\"1\" \/> <\/a><\/p>","protected":false},"excerpt":{"rendered":"<p>Customized Commercial Passenger Boats We Can Customize Our Boats To Your Business Requirements It is not a coincidence that we have sold our passenger boats in all 5 continents. Very few shipyards build vessels of such maneuverability and versatility. The Gulf Craft Touring line can be made as a passenger, search &amp; rescue, patrol, marine [&hellip;]<\/p>\n","protected":false},"author":2,"featured_media":0,"parent":0,"menu_order":0,"comment_status":"closed","ping_status":"closed","template":"","meta":{"site-sidebar-layout":"no-sidebar","site-content-layout":"page-builder","ast-site-content-layout":"full-width-container","site-content-style":"unboxed","site-sidebar-style":"unboxed","ast-global-header-display":"","ast-banner-title-visibility":"","ast-main-header-display":"","ast-hfb-above-header-display":"","ast-hfb-below-header-display":"","ast-hfb-mobile-header-display":"","site-post-title":"disabled","ast-breadcrumbs-content":"disabled","ast-featured-img":"disabled","footer-sml-layout":"","ast-disable-related-posts":"","theme-transparent-header-meta":"default","adv-header-id-meta":"","stick-header-meta":"","header-above-stick-meta":"","header-main-stick-meta":"","header-below-stick-meta":"","astra-migrate-meta-layouts":"set","ast-page-background-enabled":"default","ast-page-background-meta":{"desktop":{"background-color":"var(--ast-global-color-4)","background-image":"","background-repeat":"repeat","background-position":"center center","background-size":"auto","background-attachment":"scroll","background-type":"","background-media":"","overlay-type":"","overlay-color":"","overlay-opacity":"","overlay-gradient":""},"tablet":{"background-color":"","background-image":"","background-repeat":"repeat","background-position":"center center","background-size":"auto","background-attachment":"scroll","background-type":"","background-media":"","overlay-type":"","overlay-color":"","overlay-opacity":"","overlay-gradient":""},"mobile":{"background-color":"","background-image":"","background-repeat":"repeat","background-position":"center center","background-size":"auto","background-attachment":"scroll","background-type":"","background-media":"","overlay-type":"","overlay-color":"","overlay-opacity":"","overlay-gradient":""}},"ast-content-background-meta":{"desktop":{"background-color":"var(--ast-global-color-5)","background-image":"","background-repeat":"repeat","background-position":"center center","background-size":"auto","background-attachment":"scroll","background-type":"","background-media":"","overlay-type":"","overlay-color":"","overlay-opacity":"","overlay-gradient":""},"tablet":{"background-color":"var(--ast-global-color-5)","background-image":"","background-repeat":"repeat","background-position":"center center","background-size":"auto","background-attachment":"scroll","background-type":"","background-media":"","overlay-type":"","overlay-color":"","overlay-opacity":"","overlay-gradient":""},"mobile":{"background-color":"var(--ast-global-color-5)","background-image":"","background-repeat":"repeat","background-position":"center center","background-size":"auto","background-attachment":"scroll","background-type":"","background-media":"","overlay-type":"","overlay-color":"","overlay-opacity":"","overlay-gradient":""}},"footnotes":""},"class_list":["post-8221","page","type-page","status-publish","hentry"],"_links":{"self":[{"href":"https:\/\/www.smartown.ae\/fr\/wp-json\/wp\/v2\/pages\/8221","targetHints":{"allow":["GET"]}}],"collection":[{"href":"https:\/\/www.smartown.ae\/fr\/wp-json\/wp\/v2\/pages"}],"about":[{"href":"https:\/\/www.smartown.ae\/fr\/wp-json\/wp\/v2\/types\/page"}],"author":[{"embeddable":true,"href":"https:\/\/www.smartown.ae\/fr\/wp-json\/wp\/v2\/users\/2"}],"replies":[{"embeddable":true,"href":"https:\/\/www.smartown.ae\/fr\/wp-json\/wp\/v2\/comments?post=8221"}],"version-history":[{"count":0,"href":"https:\/\/www.smartown.ae\/fr\/wp-json\/wp\/v2\/pages\/8221\/revisions"}],"wp:attachment":[{"href":"https:\/\/www.smartown.ae\/fr\/wp-json\/wp\/v2\/media?parent=8221"}],"curies":[{"name":"wp","href":"https:\/\/api.w.org\/{rel}","templated":true}]}}