{"id":8062,"date":"2022-04-07T08:28:15","date_gmt":"2022-04-07T08:28:15","guid":{"rendered":"http:\/\/www.smartown.ae\/?page_id=8062"},"modified":"2025-10-15T21:30:22","modified_gmt":"2025-10-15T17:30:22","slug":"confirmation","status":"publish","type":"page","link":"https:\/\/www.smartown.ae\/fr\/confirmation\/","title":{"rendered":"confirmation"},"content":{"rendered":"<h2>\r\n\t\tNous avons bien re\u00e7u votre demande!\r\n\t<\/h2>\r\n\t<strong>Veuillez v\u00e9rifier votre dossier courrier ind\u00e9sirable\/spam au cas o\u00f9 vous ne recevriez pas de r\u00e9ponse de notre part dans les 5 jours ouvrables.<\/strong><br \/>\r\nSVP ajouter notre courrier \u00e9lectronique \u00e0 votre liste d\u2019exp\u00e9diteurs s\u00e9curis\u00e9s:\u00a0<em><strong>toufic.hobeika@smartown.ae<\/strong><\/em><br \/>\r\nMerci d\u2019avoir contact\u00e9 Smart Own.\r\n<h4>\r\n\t\tArticles r\u00e9cents\r\n\t<\/h4>\r\n<ul>\t<li>\r\n\t\t\t Des r\u00e9unions d&#039;affaires sur l&#039;eau ? Nous avons le bateau d&#039;entreprise parfait\u00a0!\t\t\r\n\t<\/li>\r\n\t\t<li>\r\n\t\t\t 5 fa\u00e7ons de transformer Dakar, la capitale du S\u00e9n\u00e9gal, en Venise de l&#039;Afrique de l&#039;Ouest \u2013 avec les bateaux \u00e0 passagers de Smart Own\t\t\r\n\t<\/li>\r\n\t\t<li>\r\n\t\t\t Quatre raisons pour lesquelles le moment est id\u00e9al pour entrer dans le secteur des bateaux \u00e0 passagers\t\t\r\n\t<\/li>\r\n\t\t<li>\r\n\t\t\t JAJI 31 : Le premier bateau taxi sp\u00e9cialement con\u00e7u pour l&#039;Afrique\t\t\r\n\t<\/li>\r\n\t\t<li>\r\n\t\t\t La t\u00e2che complexe d&#039;exp\u00e9dier de grands bateaux comme le Waveshuttle 56\t\t\r\n\t<\/li>\r\n\t<\/ul>","protected":false},"excerpt":{"rendered":"<p>We received your inquiry! Please check your junk\/spam folder in case you don&#8217;t receive an answer from us within 5 working days. You may want to add our email to your safe senders list:\u00a0toufic.hobeika@smartown.ae Thank you for contacting Smart Own Recent Articles Business Meetings on Water? We Have the Perfect Corporate Boat! 5 Ways to [&hellip;]<\/p>\n","protected":false},"author":2,"featured_media":0,"parent":0,"menu_order":0,"comment_status":"closed","ping_status":"closed","template":"","meta":{"site-sidebar-layout":"no-sidebar","site-content-layout":"page-builder","ast-site-content-layout":"full-width-container","site-content-style":"unboxed","site-sidebar-style":"unboxed","ast-global-header-display":"","ast-banner-title-visibility":"","ast-main-header-display":"","ast-hfb-above-header-display":"","ast-hfb-below-header-display":"","ast-hfb-mobile-header-display":"","site-post-title":"disabled","ast-breadcrumbs-content":"disabled","ast-featured-img":"disabled","footer-sml-layout":"","ast-disable-related-posts":"","theme-transparent-header-meta":"default","adv-header-id-meta":"","stick-header-meta":"","header-above-stick-meta":"","header-main-stick-meta":"","header-below-stick-meta":"","astra-migrate-meta-layouts":"set","ast-page-background-enabled":"default","ast-page-background-meta":{"desktop":{"background-color":"var(--ast-global-color-4)","background-image":"","background-repeat":"repeat","background-position":"center center","background-size":"auto","background-attachment":"scroll","background-type":"","background-media":"","overlay-type":"","overlay-color":"","overlay-opacity":"","overlay-gradient":""},"tablet":{"background-color":"","background-image":"","background-repeat":"repeat","background-position":"center center","background-size":"auto","background-attachment":"scroll","background-type":"","background-media":"","overlay-type":"","overlay-color":"","overlay-opacity":"","overlay-gradient":""},"mobile":{"background-color":"","background-image":"","background-repeat":"repeat","background-position":"center center","background-size":"auto","background-attachment":"scroll","background-type":"","background-media":"","overlay-type":"","overlay-color":"","overlay-opacity":"","overlay-gradient":""}},"ast-content-background-meta":{"desktop":{"background-color":"var(--ast-global-color-5)","background-image":"","background-repeat":"repeat","background-position":"center center","background-size":"auto","background-attachment":"scroll","background-type":"","background-media":"","overlay-type":"","overlay-color":"","overlay-opacity":"","overlay-gradient":""},"tablet":{"background-color":"var(--ast-global-color-5)","background-image":"","background-repeat":"repeat","background-position":"center center","background-size":"auto","background-attachment":"scroll","background-type":"","background-media":"","overlay-type":"","overlay-color":"","overlay-opacity":"","overlay-gradient":""},"mobile":{"background-color":"var(--ast-global-color-5)","background-image":"","background-repeat":"repeat","background-position":"center center","background-size":"auto","background-attachment":"scroll","background-type":"","background-media":"","overlay-type":"","overlay-color":"","overlay-opacity":"","overlay-gradient":""}},"footnotes":""},"class_list":["post-8062","page","type-page","status-publish","hentry"],"_links":{"self":[{"href":"https:\/\/www.smartown.ae\/fr\/wp-json\/wp\/v2\/pages\/8062","targetHints":{"allow":["GET"]}}],"collection":[{"href":"https:\/\/www.smartown.ae\/fr\/wp-json\/wp\/v2\/pages"}],"about":[{"href":"https:\/\/www.smartown.ae\/fr\/wp-json\/wp\/v2\/types\/page"}],"author":[{"embeddable":true,"href":"https:\/\/www.smartown.ae\/fr\/wp-json\/wp\/v2\/users\/2"}],"replies":[{"embeddable":true,"href":"https:\/\/www.smartown.ae\/fr\/wp-json\/wp\/v2\/comments?post=8062"}],"version-history":[{"count":0,"href":"https:\/\/www.smartown.ae\/fr\/wp-json\/wp\/v2\/pages\/8062\/revisions"}],"wp:attachment":[{"href":"https:\/\/www.smartown.ae\/fr\/wp-json\/wp\/v2\/media?parent=8062"}],"curies":[{"name":"wp","href":"https:\/\/api.w.org\/{rel}","templated":true}]}}