{"id":8026,"date":"2022-04-07T07:13:04","date_gmt":"2022-04-07T07:13:04","guid":{"rendered":"http:\/\/www.smartown.ae\/?page_id=8026"},"modified":"2025-11-06T19:11:08","modified_gmt":"2025-11-06T15:11:08","slug":"gt46-catamaran","status":"publish","type":"page","link":"https:\/\/www.smartown.ae\/fr\/gt46-catamaran\/","title":{"rendered":"GT46 Catamaran"},"content":{"rendered":"<h1>\n\t\t\tGT46 Catamaran\t<\/h1>\n\t\t\t\t<img decoding=\"async\" src=\"https:\/\/www.smartown.ae\/wp-content\/uploads\/2022\/04\/smartown_wave_icon_white.png\" alt=\"smartown_wave_icon_white\" title=\"smartown_wave_icon_white\" itemprop=\"image\"\/>\n\t\t<h2>Catamaran de luxe \u00e0 grande vitesse avec une efficacit\u00e9 \u00e9nerg\u00e9tique sup\u00e9rieure<\/h2>\t\t\t\n\t<p>Le <strong>GT46 Catamaran<\/strong> red\u00e9finit ce qu&#039;est un <strong>catamaran de luxe<\/strong> devrait \u00eatre exceptionnel <strong>confort<\/strong>, <strong>vitesse<\/strong>, et <strong>efficacit\u00e9<\/strong> pour les op\u00e9rateurs modernes et les passagers exigeants.<\/p>\n<p>Con\u00e7u pour <strong>haute performance<\/strong>, ce <strong>catamaran de luxe<\/strong> r\u00e9alise une plus grande <strong>vitesses de croisi\u00e8re<\/strong> et sup\u00e9rieur <strong>efficacit\u00e9 \u00e9nerg\u00e9tique<\/strong> par rapport aux monocoques similaires, r\u00e9duisant vos co\u00fbts op\u00e9rationnels \u00e0 chaque voyage.<\/p>\n<p>Avec son <strong>faisceau extra-large<\/strong>, le <strong>GT46<\/strong> offre le plus <strong>int\u00e9rieur spacieux<\/strong> dans sa cat\u00e9gorie, facilement configurable pour <strong>Exp\u00e9riences VIP<\/strong> avec 16 si\u00e8ges premium, <strong>si\u00e8ges en classe affaires<\/strong> pour 24 ou jusqu&#039;\u00e0 36 passagers dans un cadre raffin\u00e9 <strong>cadre \u00e9conomique<\/strong>.<\/p>\n<p>Que ce soit pour <strong>chartes exclusives<\/strong> ou <strong>utilisation commerciale<\/strong>, le <strong>GT46<\/strong> se distingue comme le choix ultime en <strong>transport en catamaran de luxe<\/strong>.<\/p>\n<p>Vous recherchez un mod\u00e8le plus grand\u00a0? D\u00e9couvrez notre <a href=\"https:\/\/www.smartown.ae\/fr\/touring-48-lounge\/\" target=\"_new\" rel=\"noopener\"><strong>Catamaran de luxe Touring 48 Lounge<\/strong><\/a>.<\/p>\n\t\t\t<a href=\"http:\/\/www.smartown.ae\/wp-content\/uploads\/2025\/02\/GT46_EN.pdf\" target=\"_blank\" rel=\"noopener\">\n\t\t\t\t\t\t\tT\u00e9l\u00e9charger le catalogue\n\t\t\t<\/a>\n\t\t<nav>\n\t\t\t<ul>\n\t\t\t\t\t\t\t\t<li data-index=\"0\" tabindex=\"0\">\n\t\t\t\t\t<h5>\n\t\t\t\t\t\t<a href=\"javascript:void(0);\" tabindex=\"-1\">Caract\u00e9ristiques\n\t\t\t\t\t\t\t\t\t\t\t\t<\/a>\n\t\t\t\t\t<\/h5>\n\t\t\t\t<\/li>\n\t\t\t\t\t\t\t<\/ul>\n\t\t<\/nav>\n\t\t\t\t\t<h5>\n\t\t\t\t\t\t\t\t\t\t\t\tCaract\u00e9ristiques\n\t\t\t\t\t\t\t\t\t\t\t<\/h5>\n\t\t\t\t\t<div class=\"fl-builder-content fl-builder-content-8030 fl-builder-template fl-builder-layout-template fl-builder-global-templates-locked\" data-post-id=\"8030\"><div class=\"fl-row fl-row-full-width fl-row-bg-none fl-node-nqpmo29y4sab fl-row-default-height fl-row-align-center\" data-node=\"nqpmo29y4sab\">\n\t<div class=\"fl-row-content-wrap\">\n\t\t<div class=\"uabb-row-separator uabb-top-row-separator\" >\n<\/div>\n\t\t\t\t\t\t<div class=\"fl-row-content fl-row-full-width fl-node-content\">\n\t\t\n<div class=\"fl-col-group fl-node-deqyvap4f162\" data-node=\"deqyvap4f162\">\n\t\t\t<div class=\"fl-col fl-node-rlex2c9k64vh fl-col-bg-color fl-col-small\" data-node=\"rlex2c9k64vh\">\n\t<div class=\"fl-col-content fl-node-content\"><div class=\"fl-module fl-module-list fl-node-pfj9t0ncwyek so-list\" data-node=\"pfj9t0ncwyek\">\n\t<div class=\"fl-module-content fl-node-content\">\n\t\t<ul class=\"fl-list fl-list-unordered\">\t<li class=\"fl-list-item fl-list-item-0\">\n\t\t<div class=\"fl-list-item-wrapper\">\n\t\t\t<span class=\"fl-list-item-heading\"><span class=\"fl-list-item-heading-icon fl-list-item-heading-left\"><span class=\"fl-list-item-icon\"><\/span><\/span> <span class=\"fl-list-item-heading-text\">Longueur hors tout : \u00ab sans moteurs \u00bb 46 pieds (14,3 m) <\/span><\/span>\t\t<\/div>\n\t<\/li>\n\t\t<li class=\"fl-list-item fl-list-item-1\">\n\t\t<div class=\"fl-list-item-wrapper\">\n\t\t\t<span class=\"fl-list-item-heading\"><span class=\"fl-list-item-heading-icon fl-list-item-heading-left\"><span class=\"fl-list-item-icon\"><\/span><\/span> <span class=\"fl-list-item-heading-text\">Largeur : 13 pi 7 po (4,2 m) <\/span><\/span>\t\t<\/div>\n\t<\/li>\n\t\t<li class=\"fl-list-item fl-list-item-2\">\n\t\t<div class=\"fl-list-item-wrapper\">\n\t\t\t<span class=\"fl-list-item-heading\"><span class=\"fl-list-item-heading-icon fl-list-item-heading-left\"><span class=\"fl-list-item-icon\"><\/span><\/span> <span class=\"fl-list-item-heading-text\">Tirant d&#039;eau : 1 pi 04 po (0,4 m) <\/span><\/span>\t\t<\/div>\n\t<\/li>\n\t\t<li class=\"fl-list-item fl-list-item-3\">\n\t\t<div class=\"fl-list-item-wrapper\">\n\t\t\t<span class=\"fl-list-item-heading\"><span class=\"fl-list-item-heading-icon fl-list-item-heading-left\"><span class=\"fl-list-item-icon\"><\/span><\/span> <span class=\"fl-list-item-heading-text\">Type de coque : Catamaran \u00e0 double coque<\/span><\/span>\t\t<\/div>\n\t<\/li>\n\t\t<li class=\"fl-list-item fl-list-item-4\">\n\t\t<div class=\"fl-list-item-wrapper\">\n\t\t\t<span class=\"fl-list-item-heading\"><span class=\"fl-list-item-heading-icon fl-list-item-heading-left\"><span class=\"fl-list-item-icon\"><\/span><\/span> <span class=\"fl-list-item-heading-text\">Puissance maximale recommand\u00e9e : 1 600 CV (hors-bord ou in-bord)<\/span><\/span>\t\t<\/div>\n\t<\/li>\n\t<\/ul>\t<\/div>\n<\/div>\n<\/div>\n<\/div>\n\t\t\t<div class=\"fl-col fl-node-ub0y6gz7n12k fl-col-bg-color fl-col-small\" data-node=\"ub0y6gz7n12k\">\n\t<div class=\"fl-col-content fl-node-content\"><div class=\"fl-module fl-module-list fl-node-r47oi9as5qv3 so-list\" data-node=\"r47oi9as5qv3\">\n\t<div class=\"fl-module-content fl-node-content\">\n\t\t<ul class=\"fl-list fl-list-unordered\">\t<li class=\"fl-list-item fl-list-item-0\">\n\t\t<div class=\"fl-list-item-wrapper\">\n\t\t\t<span class=\"fl-list-item-heading\"><span class=\"fl-list-item-heading-icon fl-list-item-heading-left\"><span class=\"fl-list-item-icon\"><\/span><\/span> <span class=\"fl-list-item-heading-text\">D\u00e9placement : 7,5 tonnes<\/span><\/span>\t\t<\/div>\n\t<\/li>\n\t\t<li class=\"fl-list-item fl-list-item-1\">\n\t\t<div class=\"fl-list-item-wrapper\">\n\t\t\t<span class=\"fl-list-item-heading\"><span class=\"fl-list-item-heading-icon fl-list-item-heading-left\"><span class=\"fl-list-item-icon\"><\/span><\/span> <span class=\"fl-list-item-heading-text\">Capacit\u00e9 du r\u00e9servoir de carburant\u00a0:\u00a0600 gal US (2\u00a0271 l) <\/span><\/span>\t\t<\/div>\n\t<\/li>\n\t\t<li class=\"fl-list-item fl-list-item-2\">\n\t\t<div class=\"fl-list-item-wrapper\">\n\t\t\t<span class=\"fl-list-item-heading\"><span class=\"fl-list-item-heading-icon fl-list-item-heading-left\"><span class=\"fl-list-item-icon\"><\/span><\/span> <span class=\"fl-list-item-heading-text\">Capacit\u00e9 du r\u00e9servoir d&#039;eau\u00a0:\u00a075 gal US (283 l) <\/span><\/span>\t\t<\/div>\n\t<\/li>\n\t\t<li class=\"fl-list-item fl-list-item-3\">\n\t\t<div class=\"fl-list-item-wrapper\">\n\t\t\t<span class=\"fl-list-item-heading\"><span class=\"fl-list-item-heading-icon fl-list-item-heading-left\"><span class=\"fl-list-item-icon\"><\/span><\/span> <span class=\"fl-list-item-heading-text\">Capacit\u00e9 passagers : 23 \u00e0 36 + \u00e9quipage<\/span><\/span>\t\t<\/div>\n\t<\/li>\n\t<\/ul>\t<\/div>\n<\/div>\n<\/div>\n<\/div>\n\t<\/div>\n\t\t<\/div>\n\t<\/div>\n<\/div>\n<\/div><div class=\"uabb-js-breakpoint\" style=\"display: none;\"><\/div>\t\t\t\t\n\t\t\t\t\t<!-- \/content -->\n\t<!-- \/tabs -->\n\t<h3>Construisez le catamaran GT46 \u00e0 votre fa\u00e7on !<\/h3>\n\t<p>Le catamaran de luxe GT46 peut \u00eatre adapt\u00e9 aux op\u00e9rateurs commerciaux ou am\u00e9lior\u00e9 avec une gamme de fonctionnalit\u00e9s de luxe pour r\u00e9pondre aux attentes des propri\u00e9taires les plus exigeants.<\/p>\n<p>&nbsp;<\/p>\n<p>Choisissez parmi plusieurs configurations de pont ou laissez nos experts vous aider \u00e0 concevoir la configuration parfaite pour vos besoins.<\/p>\n<p>&nbsp;<\/p>\n<p>Que vous pr\u00e9f\u00e9riez les moteurs hors-bord \u00e0 essence ou les moteurs diesel in-bord, chaque aspect du GT46 peut \u00eatre personnalis\u00e9 pour le confort, les performances et des exp\u00e9riences \u00e0 bord uniques.<\/p>\n<p>&nbsp;<\/p>\n<p>Apprenez-en davantage sur notre gamme compl\u00e8te d&#039;options sur notre <a href=\"https:\/\/www.smartown.ae\/fr\/services-de-personnalisation\/\" target=\"_blank\" rel=\"noopener\">Services de personnalisation<\/a> page.<\/p>\n<p>&nbsp;<\/p>\n<p><strong>Appelez-nous d\u00e8s maintenant pour discuter de vos besoins<\/strong><\/p>\n<h2>\n\t\t\tDispositions g\u00e9n\u00e9rales\t<\/h2>\n<h3>\n\t\t\tGT46VIP : 16 passagers + \u00e9quipage\t<\/h3>\n\t\t\t\t<img decoding=\"async\" src=\"http:\/\/www.smartown.ae\/wp-content\/uploads\/2025\/02\/GT46VIP-Layout-1.png\" alt=\"Catamaran \u00e0 passagers GT46VIP pour 16 passagers VIP + \u00e9quipage\" itemprop=\"image\" title=\"Disposition du GT46VIP\" onerror=\"this.style.display='none'\" loading=\"lazy\" \/>\n<h3>\n\t\t\tGT46BUSINESS : 24 PASSAGERS + \u00c9QUIPAGE\t<\/h3>\n\t\t\t\t<img decoding=\"async\" src=\"http:\/\/www.smartown.ae\/wp-content\/uploads\/2025\/02\/GT46BUSINESS-Layout.png\" alt=\"Catamaran \u00e0 passagers GT46BUSINESS pour 24 si\u00e8ges de luxe + \u00e9quipage\" itemprop=\"image\" title=\"Pr\u00e9sentation du GT46BUSINESS\" onerror=\"this.style.display='none'\" loading=\"lazy\" \/>\n<h3>\n\t\t\tGT46ECONOMY : 36 PASSAGERS + \u00c9QUIPAGE\t<\/h3>\n\t\t\t\t<img decoding=\"async\" src=\"http:\/\/www.smartown.ae\/wp-content\/uploads\/2025\/02\/GT46ECONOMY-Layout.png\" alt=\"Catamaran \u00e0 passagers GT46ECONOMY Am\u00e9nagement pour 36 si\u00e8ges confortables + \u00e9quipage\" itemprop=\"image\" title=\"Configuration GT46ECONOMY\" onerror=\"this.style.display='none'\" loading=\"lazy\" \/>\n<h2>\n\t\t\tVid\u00e9o\t<\/h2>\n\t\t\t\t\t<img decoding=\"async\" src=\"https:\/\/i.ytimg.com\/vi\/m7WJq9SEPyE\/maxresdefault.jpg\" alt=\"miniature-vid\u00e9o-youtube\"\/>\n\t\t<h2>\n\t\t\tCatalogue\t<\/h2>\n\t<p>Pour plus d&#039;informations, veuillez t\u00e9l\u00e9charger le catalogue.<\/p>\n\t\t\t<a href=\"http:\/\/www.smartown.ae\/wp-content\/uploads\/2025\/02\/GT46_EN.pdf\" target=\"_blank\" rel=\"noopener\">\n\t\t\t\t\t\t\tT\u00e9l\u00e9charger le catalogue\n\t\t\t<\/a>\n<h2>\n\t\t\tDevis\t<\/h2>\n\t<p>Si vous recherchez un bateau \u00e0 passagers ou une embarcation sp\u00e9cialis\u00e9e.<\/p>\n\t\t\t<a href=\"\/fr\/contactez-smartown\/\" target=\"_blank\" rel=\"noopener\">\n\t\t\t\t\t\t\tContactez-nous\n\t\t\t<\/a>\n\t\t\t\t<img decoding=\"async\" src=\"https:\/\/www.smartown.ae\/wp-content\/uploads\/2023\/07\/TALK-TO-US.png\" alt=\"TALK TO US\" itemprop=\"image\" height=\"162\" width=\"161\" title=\"TALK TO US\" onerror=\"this.style.display='none'\" loading=\"lazy\" \/>\n<h3>\n\t\t\tBateaux \u00e0 passagers similaires\t<\/h3>\n\t<a href=\"\/fr\/touring-48-lounge\/\" target=\"_self\"  aria-label=\"Allez dans \/touring-48-lounge\/\"><\/a>\n\t\t\t\t<img decoding=\"async\" src=\"https:\/\/www.smartown.ae\/wp-content\/uploads\/2023\/07\/Touring-48-Lounge.jpg\" alt=\"Touring 48 Lounge\" title=\"Touring 48 Lounge\" itemprop=\"image\"\/>\n\t\t<h4>Touring 48 Lounge<\/h4>\t\t\t\n\t<a href=\"\/fr\/touring-48-ferry\/\" target=\"_self\"  aria-label=\"Allez sur \/touring-48-ferry\/\"><\/a>\n\t\t\t\t<img decoding=\"async\" src=\"https:\/\/www.smartown.ae\/wp-content\/uploads\/2018\/10\/Touring-48.jpg\" alt=\"Bateau \u00e0 passagers hors-bord enti\u00e8rement ferm\u00e9 avec 46 si\u00e8ges passagers de style bus et compartiment \u00e0 bagages. \" title=\"Touring 48 version ferry\" itemprop=\"image\"\/>\n\t\t<h4>Touring 48 Ferry<\/h4>\t\t\t\n\t<a href=\"\/fr\/touring-36\/\" target=\"_self\"  aria-label=\"Allez dans \/touring-36\/\"><\/a>\n\t\t\t\t<img decoding=\"async\" src=\"http:\/\/www.smartown.ae\/wp-content\/uploads\/2022\/04\/touring-36-main.jpg\" alt=\"touring-36-main\" title=\"touring-36-main\" itemprop=\"image\"\/>\n\t\t<h4>Touring 36<\/h4>","protected":false},"excerpt":{"rendered":"<p>GT46 Catamaran High-Speed Luxury Catamaran With Superior Fuel Efficiency The GT46 Catamaran redefines what a luxury catamaran should be-delivering outstanding comfort, speed, and efficiency for modern operators and discerning passengers. Engineered for high performance, this luxury catamaran achieves greater cruising speeds and superior fuel efficiency compared to similar monohulls, reducing your operational costs on every [&hellip;]<\/p>\n","protected":false},"author":2,"featured_media":0,"parent":0,"menu_order":0,"comment_status":"closed","ping_status":"closed","template":"","meta":{"site-sidebar-layout":"no-sidebar","site-content-layout":"page-builder","ast-site-content-layout":"full-width-container","site-content-style":"unboxed","site-sidebar-style":"unboxed","ast-global-header-display":"","ast-banner-title-visibility":"","ast-main-header-display":"","ast-hfb-above-header-display":"","ast-hfb-below-header-display":"","ast-hfb-mobile-header-display":"","site-post-title":"disabled","ast-breadcrumbs-content":"disabled","ast-featured-img":"disabled","footer-sml-layout":"","ast-disable-related-posts":"","theme-transparent-header-meta":"default","adv-header-id-meta":"","stick-header-meta":"","header-above-stick-meta":"","header-main-stick-meta":"","header-below-stick-meta":"","astra-migrate-meta-layouts":"set","ast-page-background-enabled":"default","ast-page-background-meta":{"desktop":{"background-color":"var(--ast-global-color-4)","background-image":"","background-repeat":"repeat","background-position":"center center","background-size":"auto","background-attachment":"scroll","background-type":"","background-media":"","overlay-type":"","overlay-color":"","overlay-opacity":"","overlay-gradient":""},"tablet":{"background-color":"","background-image":"","background-repeat":"repeat","background-position":"center center","background-size":"auto","background-attachment":"scroll","background-type":"","background-media":"","overlay-type":"","overlay-color":"","overlay-opacity":"","overlay-gradient":""},"mobile":{"background-color":"","background-image":"","background-repeat":"repeat","background-position":"center center","background-size":"auto","background-attachment":"scroll","background-type":"","background-media":"","overlay-type":"","overlay-color":"","overlay-opacity":"","overlay-gradient":""}},"ast-content-background-meta":{"desktop":{"background-color":"var(--ast-global-color-5)","background-image":"","background-repeat":"repeat","background-position":"center center","background-size":"auto","background-attachment":"scroll","background-type":"","background-media":"","overlay-type":"","overlay-color":"","overlay-opacity":"","overlay-gradient":""},"tablet":{"background-color":"var(--ast-global-color-5)","background-image":"","background-repeat":"repeat","background-position":"center center","background-size":"auto","background-attachment":"scroll","background-type":"","background-media":"","overlay-type":"","overlay-color":"","overlay-opacity":"","overlay-gradient":""},"mobile":{"background-color":"var(--ast-global-color-5)","background-image":"","background-repeat":"repeat","background-position":"center center","background-size":"auto","background-attachment":"scroll","background-type":"","background-media":"","overlay-type":"","overlay-color":"","overlay-opacity":"","overlay-gradient":""}},"footnotes":""},"class_list":["post-8026","page","type-page","status-publish","hentry"],"_links":{"self":[{"href":"https:\/\/www.smartown.ae\/fr\/wp-json\/wp\/v2\/pages\/8026","targetHints":{"allow":["GET"]}}],"collection":[{"href":"https:\/\/www.smartown.ae\/fr\/wp-json\/wp\/v2\/pages"}],"about":[{"href":"https:\/\/www.smartown.ae\/fr\/wp-json\/wp\/v2\/types\/page"}],"author":[{"embeddable":true,"href":"https:\/\/www.smartown.ae\/fr\/wp-json\/wp\/v2\/users\/2"}],"replies":[{"embeddable":true,"href":"https:\/\/www.smartown.ae\/fr\/wp-json\/wp\/v2\/comments?post=8026"}],"version-history":[{"count":0,"href":"https:\/\/www.smartown.ae\/fr\/wp-json\/wp\/v2\/pages\/8026\/revisions"}],"wp:attachment":[{"href":"https:\/\/www.smartown.ae\/fr\/wp-json\/wp\/v2\/media?parent=8026"}],"curies":[{"name":"wp","href":"https:\/\/api.w.org\/{rel}","templated":true}]}}