{"id":8004,"date":"2022-04-07T06:21:18","date_gmt":"2022-04-07T06:21:18","guid":{"rendered":"http:\/\/www.smartown.ae\/?page_id=8004"},"modified":"2026-02-03T17:51:00","modified_gmt":"2026-02-03T13:51:00","slug":"transporter-32","status":"publish","type":"page","link":"https:\/\/www.smartown.ae\/fr\/transporter-32\/","title":{"rendered":"Transporter 32"},"content":{"rendered":"<h1>\r\n\t\t\tTransporter 32\t<\/h1>\r\n\t\t\t\t<img decoding=\"async\" src=\"http:\/\/www.smartown.ae\/wp-content\/uploads\/2022\/04\/smartown_wave_icon_white.png\" alt=\"smartown_wave_icon_white\" title=\"smartown_wave_icon_white\" itemprop=\"image\"\/>\r\n\t\t<h2>Bateau \u00e0 passagers de base de haute qualit\u00e9<\/h2>\t\t\t\r\n\t<p>Le Transporter 32 se distingue comme un <strong data-start=\"266\" data-end=\"293\">bateau \u00e0 passagers fiable<\/strong> con\u00e7u pour les applications commerciales exigeantes.<\/p>\r\n<p>&nbsp;<\/p>\r\n<p>Construit pour r\u00e9pondre aux normes de r\u00e9sistance les plus \u00e9lev\u00e9es, ce navire robuste combine des techniques de moulage GRP japonaises avec une construction avanc\u00e9e pour une durabilit\u00e9 \u00e0 long terme et une tranquillit\u00e9 d&#039;esprit sur l&#039;eau.<\/p>\r\n<p>&nbsp;<\/p>\r\n<p>Les op\u00e9rateurs appr\u00e9cient sa r\u00e9putation de solution de transport fiable, garantissant des voyages s\u00fbrs pour jusqu&#039;\u00e0 25 passagers, \u00e9quipage compris.<\/p>\r\n<p>&nbsp;<\/p>\r\n<p>Con\u00e7u pour ceux qui ont besoin d&#039;un <strong data-start=\"703\" data-end=\"734\">embarcations de transport de passagers fiables<\/strong> qui fonctionne de mani\u00e8re constante dans diverses conditions, le Transporter 32 offre une stabilit\u00e9 exceptionnelle, un faible entretien et une rentabilit\u00e9.<\/p>\r\n<p>&nbsp;<\/p>\r\n<p>Pour les entreprises et les services de bateau-taxi \u00e0 la recherche d&#039;un <strong data-start=\"921\" data-end=\"957\">bateau \u00e0 passagers s\u00fbr et robuste<\/strong>, le Transporter 32 offre une valeur exceptionnelle, une r\u00e9silience et une fiabilit\u00e9 op\u00e9rationnelle \u00e0 chaque voyage.<\/p>\r\n\t\t\t<a href=\"\/wp-content\/uploads\/2023\/09\/Transporter-32_FR.pdf\" target=\"_blank\" rel=\"noopener\">\r\n\t\t\t\t\t\t\tT\u00e9l\u00e9charger le catalogue\r\n\t\t\t<\/a>\r\n\t\t<nav>\r\n\t\t\t<ul>\r\n\t\t\t\t\t\t\t\t<li data-index=\"0\" tabindex=\"0\">\r\n\t\t\t\t\t<h5>\r\n\t\t\t\t\t\t<a href=\"javascript:void(0);\" tabindex=\"-1\">Caract\u00e9ristiques\r\n\t\t\t\t\t\t\t\t\t\t\t\t<\/a>\r\n\t\t\t\t\t<\/h5>\r\n\t\t\t\t<\/li>\r\n\t\t\t\t\t\t\t<\/ul>\r\n\t\t<\/nav>\r\n\t\t\t\t\t<div class=\"fl-builder-content fl-builder-content-8009 fl-builder-template fl-builder-layout-template fl-builder-global-templates-locked\" data-post-id=\"8009\"><div class=\"fl-row fl-row-full-width fl-row-bg-none fl-node-47beax8wkut0 fl-row-default-height fl-row-align-center\" data-node=\"47beax8wkut0\">\n\t<div class=\"fl-row-content-wrap\">\n\t\t<div class=\"uabb-row-separator uabb-top-row-separator\" >\n<\/div>\n\t\t\t\t\t\t<div class=\"fl-row-content fl-row-full-width fl-node-content\">\n\t\t\n<div class=\"fl-col-group fl-node-3puwtd4x57im\" data-node=\"3puwtd4x57im\">\n\t\t\t<div class=\"fl-col fl-node-osfzlvgby5em fl-col-bg-color fl-col-small\" data-node=\"osfzlvgby5em\">\n\t<div class=\"fl-col-content fl-node-content\"><div class=\"fl-module fl-module-list fl-node-ye1u4g02k9hf so-list\" data-node=\"ye1u4g02k9hf\">\n\t<div class=\"fl-module-content fl-node-content\">\n\t\t<ul class=\"fl-list fl-list-unordered\">\t<li class=\"fl-list-item fl-list-item-0\">\n\t\t<div class=\"fl-list-item-wrapper\">\n\t\t\t<span class=\"fl-list-item-heading\"><span class=\"fl-list-item-heading-icon fl-list-item-heading-left\"><span class=\"fl-list-item-icon\"><\/span><\/span> <span class=\"fl-list-item-heading-text\">Longueur hors tout : \u00ab sans moteurs \u00bb 32 pieds (9,75 m) <\/span><\/span>\t\t<\/div>\n\t<\/li>\n\t\t<li class=\"fl-list-item fl-list-item-1\">\n\t\t<div class=\"fl-list-item-wrapper\">\n\t\t\t<span class=\"fl-list-item-heading\"><span class=\"fl-list-item-heading-icon fl-list-item-heading-left\"><span class=\"fl-list-item-icon\"><\/span><\/span> <span class=\"fl-list-item-heading-text\">Faisceau : 8 pi 05 po (2,45 m) <\/span><\/span>\t\t<\/div>\n\t<\/li>\n\t\t<li class=\"fl-list-item fl-list-item-2\">\n\t\t<div class=\"fl-list-item-wrapper\">\n\t\t\t<span class=\"fl-list-item-heading\"><span class=\"fl-list-item-heading-icon fl-list-item-heading-left\"><span class=\"fl-list-item-icon\"><\/span><\/span> <span class=\"fl-list-item-heading-text\">Tirant d&#039;eau : 1 pi 9 po (0,58 m) <\/span><\/span>\t\t<\/div>\n\t<\/li>\n\t\t<li class=\"fl-list-item fl-list-item-3\">\n\t\t<div class=\"fl-list-item-wrapper\">\n\t\t\t<span class=\"fl-list-item-heading\"><span class=\"fl-list-item-heading-icon fl-list-item-heading-left\"><span class=\"fl-list-item-icon\"><\/span><\/span> <span class=\"fl-list-item-heading-text\">Mat\u00e9riau de la coque\u00a0: GRP <\/span><\/span>\t\t<\/div>\n\t<\/li>\n\t\t<li class=\"fl-list-item fl-list-item-4\">\n\t\t<div class=\"fl-list-item-wrapper\">\n\t\t\t<span class=\"fl-list-item-heading\"><span class=\"fl-list-item-heading-icon fl-list-item-heading-left\"><span class=\"fl-list-item-icon\"><\/span><\/span> <span class=\"fl-list-item-heading-text\">Poids : 1,9 tonnes <\/span><\/span>\t\t<\/div>\n\t<\/li>\n\t<\/ul>\t<\/div>\n<\/div>\n<\/div>\n<\/div>\n\t\t\t<div class=\"fl-col fl-node-sxywe48vjd23 fl-col-bg-color fl-col-small\" data-node=\"sxywe48vjd23\">\n\t<div class=\"fl-col-content fl-node-content\"><div class=\"fl-module fl-module-list fl-node-kaqwdpznu3t8 so-list\" data-node=\"kaqwdpznu3t8\">\n\t<div class=\"fl-module-content fl-node-content\">\n\t\t<ul class=\"fl-list fl-list-unordered\">\t<li class=\"fl-list-item fl-list-item-0\">\n\t\t<div class=\"fl-list-item-wrapper\">\n\t\t\t<span class=\"fl-list-item-heading\"><span class=\"fl-list-item-heading-icon fl-list-item-heading-left\"><span class=\"fl-list-item-icon\"><\/span><\/span> <span class=\"fl-list-item-heading-text\">Moteurs standards : Hors-bord Yamaha 2x150 CV <\/span><\/span>\t\t<\/div>\n\t<\/li>\n\t\t<li class=\"fl-list-item fl-list-item-1\">\n\t\t<div class=\"fl-list-item-wrapper\">\n\t\t\t<span class=\"fl-list-item-heading\"><span class=\"fl-list-item-heading-icon fl-list-item-heading-left\"><span class=\"fl-list-item-icon\"><\/span><\/span> <span class=\"fl-list-item-heading-text\">Vitesse maximale\u00a0: 32 n\u0153uds <\/span><\/span>\t\t<\/div>\n\t<\/li>\n\t\t<li class=\"fl-list-item fl-list-item-2\">\n\t\t<div class=\"fl-list-item-wrapper\">\n\t\t\t<span class=\"fl-list-item-heading\"><span class=\"fl-list-item-heading-icon fl-list-item-heading-left\"><span class=\"fl-list-item-icon\"><\/span><\/span> <span class=\"fl-list-item-heading-text\">Capacit\u00e9 du r\u00e9servoir de carburant : 150 gal US (568 l)<\/span><\/span>\t\t<\/div>\n\t<\/li>\n\t\t<li class=\"fl-list-item fl-list-item-3\">\n\t\t<div class=\"fl-list-item-wrapper\">\n\t\t\t<span class=\"fl-list-item-heading\"><span class=\"fl-list-item-heading-icon fl-list-item-heading-left\"><span class=\"fl-list-item-icon\"><\/span><\/span> <span class=\"fl-list-item-heading-text\">Capacit\u00e9 passagers\u00a0:\u00a025 personnes (y compris pilote et assistant)<\/span><\/span>\t\t<\/div>\n\t<\/li>\n\t<\/ul>\t<\/div>\n<\/div>\n<\/div>\n<\/div>\n\t<\/div>\n\t\t<\/div>\n\t<\/div>\n<\/div>\n<\/div><div class=\"uabb-js-breakpoint\" style=\"display: none;\"><\/div>\t\t\t\t\r\n\t\t\t\t\t<!-- \/content -->\r\n\t<!-- \/tabs -->\r\n<h2>\r\n\t\t\tCatalogue\t<\/h2>\r\n\t<p>Pour plus d&#039;informations, veuillez t\u00e9l\u00e9charger le catalogue.<\/p>\r\n\t\t\t<a href=\"\/wp-content\/uploads\/2023\/09\/Transporter-32_FR.pdf\" target=\"_blank\" rel=\"noopener\">\r\n\t\t\t\t\t\t\tT\u00e9l\u00e9charger le catalogue\r\n\t\t\t<\/a>\r\n<h2>\r\n\t\t\tDevis\t<\/h2>\r\n\t<p>Si vous recherchez un bateau \u00e0 passagers ou une embarcation sp\u00e9cialis\u00e9e.<\/p>\r\n\t\t\t<a href=\"\/fr\/contactez-smartown\/\" target=\"_blank\" rel=\"noopener\">\r\n\t\t\t\t\t\t\tContactez-nous\r\n\t\t\t<\/a>\r\n\t\t\t\t<img decoding=\"async\" src=\"https:\/\/www.smartown.ae\/wp-content\/uploads\/2023\/07\/TALK-TO-US.png\" alt=\"TALK TO US\" itemprop=\"image\" height=\"162\" width=\"161\" title=\"TALK TO US\" onerror=\"this.style.display='none'\" loading=\"lazy\" \/>\r\n<h3>\r\n\t\t\tBateaux \u00e0 passagers similaires\t<\/h3>\r\n\t<a href=\"\/fr\/touring-36\/\" target=\"_self\"  aria-label=\"Allez dans \/touring-36\/\"><\/a>\r\n\t\t\t\t<img decoding=\"async\" src=\"http:\/\/www.smartown.ae\/wp-content\/uploads\/2022\/04\/touring-36-main.jpg\" alt=\"touring-36-main\" title=\"touring-36-main\" itemprop=\"image\"\/>\r\n\t\t<h4>Touring 36<\/h4>","protected":false},"excerpt":{"rendered":"<p>Transporter 32 High quality basic passenger boat The Transporter 32 stands out as a reliable passenger boat engineered for demanding commercial applications. &nbsp; Built to meet the highest heavy-duty standards, this robust vessel combines Japanese GRP molding techniques with advanced construction for long-lasting durability and peace of mind on the water. &nbsp; Operators value its [&hellip;]<\/p>\n","protected":false},"author":2,"featured_media":0,"parent":0,"menu_order":0,"comment_status":"closed","ping_status":"closed","template":"","meta":{"site-sidebar-layout":"no-sidebar","site-content-layout":"page-builder","ast-site-content-layout":"full-width-container","site-content-style":"unboxed","site-sidebar-style":"unboxed","ast-global-header-display":"","ast-banner-title-visibility":"","ast-main-header-display":"","ast-hfb-above-header-display":"","ast-hfb-below-header-display":"","ast-hfb-mobile-header-display":"","site-post-title":"disabled","ast-breadcrumbs-content":"disabled","ast-featured-img":"disabled","footer-sml-layout":"","ast-disable-related-posts":"","theme-transparent-header-meta":"default","adv-header-id-meta":"","stick-header-meta":"","header-above-stick-meta":"","header-main-stick-meta":"","header-below-stick-meta":"","astra-migrate-meta-layouts":"set","ast-page-background-enabled":"default","ast-page-background-meta":{"desktop":{"background-color":"var(--ast-global-color-4)","background-image":"","background-repeat":"repeat","background-position":"center center","background-size":"auto","background-attachment":"scroll","background-type":"","background-media":"","overlay-type":"","overlay-color":"","overlay-opacity":"","overlay-gradient":""},"tablet":{"background-color":"","background-image":"","background-repeat":"repeat","background-position":"center center","background-size":"auto","background-attachment":"scroll","background-type":"","background-media":"","overlay-type":"","overlay-color":"","overlay-opacity":"","overlay-gradient":""},"mobile":{"background-color":"","background-image":"","background-repeat":"repeat","background-position":"center center","background-size":"auto","background-attachment":"scroll","background-type":"","background-media":"","overlay-type":"","overlay-color":"","overlay-opacity":"","overlay-gradient":""}},"ast-content-background-meta":{"desktop":{"background-color":"var(--ast-global-color-5)","background-image":"","background-repeat":"repeat","background-position":"center center","background-size":"auto","background-attachment":"scroll","background-type":"","background-media":"","overlay-type":"","overlay-color":"","overlay-opacity":"","overlay-gradient":""},"tablet":{"background-color":"var(--ast-global-color-5)","background-image":"","background-repeat":"repeat","background-position":"center center","background-size":"auto","background-attachment":"scroll","background-type":"","background-media":"","overlay-type":"","overlay-color":"","overlay-opacity":"","overlay-gradient":""},"mobile":{"background-color":"var(--ast-global-color-5)","background-image":"","background-repeat":"repeat","background-position":"center center","background-size":"auto","background-attachment":"scroll","background-type":"","background-media":"","overlay-type":"","overlay-color":"","overlay-opacity":"","overlay-gradient":""}},"footnotes":""},"class_list":["post-8004","page","type-page","status-publish","hentry"],"_links":{"self":[{"href":"https:\/\/www.smartown.ae\/fr\/wp-json\/wp\/v2\/pages\/8004","targetHints":{"allow":["GET"]}}],"collection":[{"href":"https:\/\/www.smartown.ae\/fr\/wp-json\/wp\/v2\/pages"}],"about":[{"href":"https:\/\/www.smartown.ae\/fr\/wp-json\/wp\/v2\/types\/page"}],"author":[{"embeddable":true,"href":"https:\/\/www.smartown.ae\/fr\/wp-json\/wp\/v2\/users\/2"}],"replies":[{"embeddable":true,"href":"https:\/\/www.smartown.ae\/fr\/wp-json\/wp\/v2\/comments?post=8004"}],"version-history":[{"count":0,"href":"https:\/\/www.smartown.ae\/fr\/wp-json\/wp\/v2\/pages\/8004\/revisions"}],"wp:attachment":[{"href":"https:\/\/www.smartown.ae\/fr\/wp-json\/wp\/v2\/media?parent=8004"}],"curies":[{"name":"wp","href":"https:\/\/api.w.org\/{rel}","templated":true}]}}