{"id":7671,"date":"2022-04-06T06:18:53","date_gmt":"2022-04-06T06:18:53","guid":{"rendered":"http:\/\/www.smartown.ae\/?page_id=7671"},"modified":"2025-11-06T18:56:43","modified_gmt":"2025-11-06T14:56:43","slug":"touring-36","status":"publish","type":"page","link":"https:\/\/www.smartown.ae\/fr\/touring-36\/","title":{"rendered":"Touring 36"},"content":{"rendered":"<h1>\n\t\t\tTouring 36\t<\/h1>\n\t\t\t\t<img decoding=\"async\" src=\"http:\/\/www.smartown.ae\/wp-content\/uploads\/2022\/04\/smartown_wave_icon_white.png\" alt=\"smartown_wave_icon_white\" title=\"smartown_wave_icon_white\" itemprop=\"image\"\/>\n\t\t<h2>Le bateau \u00e0 passagers le plus populaire au monde<\/h2>\t\t\t\n\tLe Touring 36 est le bateau \u00e0 passagers le plus vendu au monde, auquel font confiance les op\u00e9rateurs de transport maritime dans plus de 70 pays pour sa fiabilit\u00e9 in\u00e9gal\u00e9e et ses performances exceptionnelles.<br \/>\nReconnu comme le navire de choix dans l&#039;industrie, ce bateau de tourisme offre une maniabilit\u00e9 sup\u00e9rieure en mer, une excellente stabilit\u00e9 et une disposition fonctionnelle mais confortable, ce qui le rend parfait pour les bateaux-taxis, les itin\u00e9raires r\u00e9guliers et les croisi\u00e8res touristiques.\n<p>Avec une r\u00e9putation fond\u00e9e sur la s\u00e9curit\u00e9, l&#039;efficacit\u00e9 et le confort du client, le Touring 36 est le compl\u00e9ment id\u00e9al \u00e0 toute flotte de passagers, vous aidant \u00e0 offrir un transport fiable et de haute qualit\u00e9 sur les rivi\u00e8res, les c\u00f4tes et les voies navigables urbaines.<\/p>\n<p>Pr\u00eat \u00e0 d\u00e9velopper votre activit\u00e9\u00a0? D\u00e9couvrez pourquoi le Touring 36 de Smart Own est un pionnier des solutions de transport maritime modernes.<\/p>\n\t\t\t<a href=\"\/wp-content\/uploads\/2023\/09\/Touring-36_FR.pdf\" target=\"_blank\" rel=\"noopener\">\n\t\t\t\t\t\t\tT\u00e9l\u00e9charger le catalogue\n\t\t\t<\/a>\n\t\t<nav>\n\t\t\t<ul>\n\t\t\t\t\t\t\t\t<li data-index=\"0\" tabindex=\"0\">\n\t\t\t\t\t<h5>\n\t\t\t\t\t\t<a href=\"javascript:void(0);\" tabindex=\"-1\">Caract\u00e9ristiques\n\t\t\t\t\t\t\t\t\t\t\t\t<\/a>\n\t\t\t\t\t<\/h5>\n\t\t\t\t<\/li>\n\t\t\t\t\t\t\t<\/ul>\n\t\t<\/nav>\n\t\t\t\t\t<div class=\"fl-builder-content fl-builder-content-7677 fl-builder-template fl-builder-layout-template fl-builder-global-templates-locked\" data-post-id=\"7677\"><div class=\"fl-row fl-row-full-width fl-row-bg-none fl-node-gvboe1hrw8xt fl-row-default-height fl-row-align-center\" data-node=\"gvboe1hrw8xt\">\n\t<div class=\"fl-row-content-wrap\">\n\t\t<div class=\"uabb-row-separator uabb-top-row-separator\" >\n<\/div>\n\t\t\t\t\t\t<div class=\"fl-row-content fl-row-full-width fl-node-content\">\n\t\t\n<div class=\"fl-col-group fl-node-5g2xes70hbnp\" data-node=\"5g2xes70hbnp\">\n\t\t\t<div class=\"fl-col fl-node-nvb5exgikhla fl-col-bg-color fl-col-small\" data-node=\"nvb5exgikhla\">\n\t<div class=\"fl-col-content fl-node-content\"><div class=\"fl-module fl-module-list fl-node-h5iz37kyq4tp so-list\" data-node=\"h5iz37kyq4tp\">\n\t<div class=\"fl-module-content fl-node-content\">\n\t\t<ul class=\"fl-list fl-list-unordered\">\t<li class=\"fl-list-item fl-list-item-0\">\n\t\t<div class=\"fl-list-item-wrapper\">\n\t\t\t<span class=\"fl-list-item-heading\"><span class=\"fl-list-item-heading-icon fl-list-item-heading-left\"><span class=\"fl-list-item-icon\"><\/span><\/span> <span class=\"fl-list-item-heading-text\">Longueur hors tout : \u00ab sans moteurs \u00bb 36 pieds (10,9 m) <\/span><\/span>\t\t<\/div>\n\t<\/li>\n\t\t<li class=\"fl-list-item fl-list-item-1\">\n\t\t<div class=\"fl-list-item-wrapper\">\n\t\t\t<span class=\"fl-list-item-heading\"><span class=\"fl-list-item-heading-icon fl-list-item-heading-left\"><span class=\"fl-list-item-icon\"><\/span><\/span> <span class=\"fl-list-item-heading-text\">Faisceau : 9 pi 10 po (2,77 m) <\/span><\/span>\t\t<\/div>\n\t<\/li>\n\t\t<li class=\"fl-list-item fl-list-item-2\">\n\t\t<div class=\"fl-list-item-wrapper\">\n\t\t\t<span class=\"fl-list-item-heading\"><span class=\"fl-list-item-heading-icon fl-list-item-heading-left\"><span class=\"fl-list-item-icon\"><\/span><\/span> <span class=\"fl-list-item-heading-text\">Tirant d&#039;eau : 1 pi 7 po (0,52 m) <\/span><\/span>\t\t<\/div>\n\t<\/li>\n\t\t<li class=\"fl-list-item fl-list-item-3\">\n\t\t<div class=\"fl-list-item-wrapper\">\n\t\t\t<span class=\"fl-list-item-heading\"><span class=\"fl-list-item-heading-icon fl-list-item-heading-left\"><span class=\"fl-list-item-icon\"><\/span><\/span> <span class=\"fl-list-item-heading-text\">Mat\u00e9riau de la coque\u00a0: GRP <\/span><\/span>\t\t<\/div>\n\t<\/li>\n\t\t<li class=\"fl-list-item fl-list-item-4\">\n\t\t<div class=\"fl-list-item-wrapper\">\n\t\t\t<span class=\"fl-list-item-heading\"><span class=\"fl-list-item-heading-icon fl-list-item-heading-left\"><span class=\"fl-list-item-icon\"><\/span><\/span> <span class=\"fl-list-item-heading-text\">Poids : \u00ab sans moteurs \u00bb 10\u00a0900 lb (4\u00a0955 kg) <\/span><\/span>\t\t<\/div>\n\t<\/li>\n\t<\/ul>\t<\/div>\n<\/div>\n<\/div>\n<\/div>\n\t\t\t<div class=\"fl-col fl-node-qvt8gif06sob fl-col-bg-color fl-col-small\" data-node=\"qvt8gif06sob\">\n\t<div class=\"fl-col-content fl-node-content\"><div class=\"fl-module fl-module-list fl-node-dv82c6rjsyxn so-list\" data-node=\"dv82c6rjsyxn\">\n\t<div class=\"fl-module-content fl-node-content\">\n\t\t<ul class=\"fl-list fl-list-unordered\">\t<li class=\"fl-list-item fl-list-item-0\">\n\t\t<div class=\"fl-list-item-wrapper\">\n\t\t\t<span class=\"fl-list-item-heading\"><span class=\"fl-list-item-heading-icon fl-list-item-heading-left\"><span class=\"fl-list-item-icon\"><\/span><\/span> <span class=\"fl-list-item-heading-text\">Moteurs : Twin 2x250HP (Standard) Twin 2x300HP (En option) <\/span><\/span>\t\t<\/div>\n\t<\/li>\n\t\t<li class=\"fl-list-item fl-list-item-1\">\n\t\t<div class=\"fl-list-item-wrapper\">\n\t\t\t<span class=\"fl-list-item-heading\"><span class=\"fl-list-item-heading-icon fl-list-item-heading-left\"><span class=\"fl-list-item-icon\"><\/span><\/span> <span class=\"fl-list-item-heading-text\">Vitesse maximale\u00a0: 37 n\u0153uds (2x250HP) 40 n\u0153uds (2x300HP) <\/span><\/span>\t\t<\/div>\n\t<\/li>\n\t\t<li class=\"fl-list-item fl-list-item-2\">\n\t\t<div class=\"fl-list-item-wrapper\">\n\t\t\t<span class=\"fl-list-item-heading\"><span class=\"fl-list-item-heading-icon fl-list-item-heading-left\"><span class=\"fl-list-item-icon\"><\/span><\/span> <span class=\"fl-list-item-heading-text\">Capacit\u00e9 du r\u00e9servoir de carburant : 200 gal US (757 l)<\/span><\/span>\t\t<\/div>\n\t<\/li>\n\t\t<li class=\"fl-list-item fl-list-item-3\">\n\t\t<div class=\"fl-list-item-wrapper\">\n\t\t\t<span class=\"fl-list-item-heading\"><span class=\"fl-list-item-heading-icon fl-list-item-heading-left\"><span class=\"fl-list-item-icon\"><\/span><\/span> <span class=\"fl-list-item-heading-text\">Capacit\u00e9 du r\u00e9servoir d&#039;eau\u00a0: 60 gal US (230\u00a0l)<\/span><\/span>\t\t<\/div>\n\t<\/li>\n\t\t<li class=\"fl-list-item fl-list-item-4\">\n\t\t<div class=\"fl-list-item-wrapper\">\n\t\t\t<span class=\"fl-list-item-heading\"><span class=\"fl-list-item-heading-icon fl-list-item-heading-left\"><span class=\"fl-list-item-icon\"><\/span><\/span> <span class=\"fl-list-item-heading-text\">Capacit\u00e9 passagers\u00a0: 29 personnes (23 en cabine + 6 \u00e0 l&#039;avant)<\/span><\/span>\t\t<\/div>\n\t<\/li>\n\t<\/ul>\t<\/div>\n<\/div>\n<\/div>\n<\/div>\n\t<\/div>\n\t\t<\/div>\n\t<\/div>\n<\/div>\n<\/div><div class=\"uabb-js-breakpoint\" style=\"display: none;\"><\/div>\t\t\t\t\n\t\t\t\t\t<!-- \/content -->\n\t<!-- \/tabs -->\n<h2>\n\t\t\tDisposition standard\t<\/h2>\n<h3>\n\t\t\tDe nombreuses options de mise en page disponibles\t<\/h3>\n<h3>\n\t\t\t<strong>PLAN DE PONT<\/strong>\t<\/h3>\n\t\t\t\t<img decoding=\"async\" src=\"http:\/\/www.smartown.ae\/wp-content\/uploads\/2014\/11\/image0022.jpg\" alt=\"image002\" itemprop=\"image\" title=\"image002\" onerror=\"this.style.display='none'\" loading=\"lazy\" \/>\n<h3>\n\t\t\t<strong>VERSION OUVERTE<\/strong>\t<\/h3>\n\t\t\t\t<img decoding=\"async\" src=\"http:\/\/www.smartown.ae\/wp-content\/uploads\/2014\/11\/image0031.jpg\" alt=\"Version ouverte\" itemprop=\"image\" title=\"Version ouverte\" onerror=\"this.style.display='none'\" loading=\"lazy\" \/>\n<h3>\n\t\t\t<strong>VERSION JOINTE<\/strong>\t<\/h3>\n\t\t\t\t<img decoding=\"async\" src=\"http:\/\/www.smartown.ae\/wp-content\/uploads\/2023\/10\/Touring-36-Profile-Picture-2.png\" alt=\"Photo de profil du Touring 36\" itemprop=\"image\" title=\"Photo de profil du Touring 36\" onerror=\"this.style.display='none'\" loading=\"lazy\" \/>\n<h2>\n\t\t\tVid\u00e9o\t<\/h2>\n\t\t\t\t\t<img decoding=\"async\" src=\"https:\/\/i.ytimg.com\/vi\/H24NgHnAhQg\/maxresdefault.jpg\" alt=\"miniature-vid\u00e9o-youtube\"\/>\n\t\t<h3>\n\t\t\tQuestions fr\u00e9quemment pos\u00e9es\t<\/h3>\n\t\t\t\t\t<a href=\"#\"  id=\"fl-accordion--label-0\" tabindex=\"0\" aria-controls=\"fl-accordion--panel-0\">1. Qu&#039;est-ce qui rend le Touring 36 unique par rapport aux autres bateaux \u00e0 passagers ?<\/a>\n\t\t\t\t\t\t\t\t\t\t\t<a href=\"#\" id=\"fl-accordion--icon-0\"  tabindex=\"0\"><i title=\"D\u00e9velopper\">D\u00e9velopper<\/i><\/a>\n\t\t\t\t\t<p>Le Touring 36 est reconnu comme le bateau \u00e0 passagers le plus vendu au monde, reconnu pour sa fiabilit\u00e9, son efficacit\u00e9 et son excellent comportement en mer. Alliant vitesse \u00e9lev\u00e9e et stabilit\u00e9, il peut accueillir confortablement jusqu&#039;\u00e0 29 passagers (23 en cabine et 6 \u00e0 l&#039;avant), ce qui le rend id\u00e9al pour les activit\u00e9s commerciales et touristiques.<\/p>\n\t\t\t\t\t<a href=\"#\"  id=\"fl-accordion--label-1\" tabindex=\"0\" aria-controls=\"fl-accordion--panel-1\">2. Quelles sont les options de moteur disponibles et quelle est la vitesse maximale du Touring 36\u00a0?<\/a>\n\t\t\t\t\t\t\t\t\t\t\t<a href=\"#\" id=\"fl-accordion--icon-1\"  tabindex=\"0\"><i title=\"D\u00e9velopper\">D\u00e9velopper<\/i><\/a>\n\t\t\t\t\tLe Touring 36 est livr\u00e9 avec deux options de motorisation : deux moteurs hors-bord de 250 CV en standard, atteignant une vitesse maximale de 37 n\u0153uds, et deux moteurs de 300 CV en option offrant des vitesses allant jusqu&#039;\u00e0 42 n\u0153uds, assurant un transport rapide et efficace.\n\t\t\t\t\t<a href=\"#\"  id=\"fl-accordion--label-2\" tabindex=\"0\" aria-controls=\"fl-accordion--panel-2\">3. Quelles sont les caract\u00e9ristiques standard incluses dans le Touring 36\u00a0?<\/a>\n\t\t\t\t\t\t\t\t\t\t\t<a href=\"#\" id=\"fl-accordion--icon-2\"  tabindex=\"0\"><i title=\"D\u00e9velopper\">D\u00e9velopper<\/i><\/a>\n\t\t\t\t\tLe Touring 36 comprend des fen\u00eatres \u00e0 cadre en aluminium anodis\u00e9, des si\u00e8ges int\u00e9gr\u00e9s en PRV, un toit rigide en PRV avec des cadres en acier inoxydable, des toilettes marines \u00e9lectriques, une direction hydraulique, des feux de circulation, des pompes de cale automatiques et manuelles, des taquets de pont en acier inoxydable, une \u00e9chelle et un \u00e9vier en PRV avec un robinet d&#039;eau.\n\t\t\t\t\t<a href=\"#\"  id=\"fl-accordion--label-3\" tabindex=\"0\" aria-controls=\"fl-accordion--panel-3\">4. Le Touring 36 peut-il \u00eatre personnalis\u00e9 en fonction de besoins op\u00e9rationnels sp\u00e9cifiques ?<\/a>\n\t\t\t\t\t\t\t\t\t\t\t<a href=\"#\" id=\"fl-accordion--icon-3\"  tabindex=\"0\"><i title=\"D\u00e9velopper\">D\u00e9velopper<\/i><\/a>\n\t\t\t\t\tOui, Smartown propose de nombreuses options de personnalisation pour le Touring 36, notamment des bo\u00eetiers souples ou FRP, la climatisation marine, des syst\u00e8mes st\u00e9r\u00e9o marins, un r\u00e9frig\u00e9rateur, des portes de plong\u00e9e, des syst\u00e8mes de navigation Garmin avanc\u00e9s, des g\u00e9n\u00e9rateurs marins et des \u00e9quipements de s\u00e9curit\u00e9 pour r\u00e9pondre \u00e0 divers besoins op\u00e9rationnels.\n\t\t\t\t\t<a href=\"#\"  id=\"fl-accordion--label-4\" tabindex=\"0\" aria-controls=\"fl-accordion--panel-4\">5. Le Touring 36 est-il adapt\u00e9 \u00e0 l&#039;exp\u00e9dition internationale ?<\/a>\n\t\t\t\t\t\t\t\t\t\t\t<a href=\"#\" id=\"fl-accordion--icon-4\"  tabindex=\"0\"><i title=\"D\u00e9velopper\">D\u00e9velopper<\/i><\/a>\n\t\t\t\t\tAbsolument, Smartown est sp\u00e9cialis\u00e9 dans le transport maritime international et a livr\u00e9 avec succ\u00e8s des bateaux Touring 36 dans plus de 80 pays \u00e0 travers le monde. Nous proposons un transport international rapide, s\u00e9curis\u00e9 et sans tracas, garantissant l&#039;arriv\u00e9e de votre bateau \u00e0 bon port.\n<h2>\n\t\t\tCatalogue\t<\/h2>\n\t<p>Pour plus d&#039;informations, veuillez t\u00e9l\u00e9charger le catalogue.<\/p>\n\t\t\t<a href=\"\/wp-content\/uploads\/2023\/09\/Touring-36_FR.pdf\" target=\"_blank\" rel=\"noopener\">\n\t\t\t\t\t\t\tT\u00e9l\u00e9charger le catalogue\n\t\t\t<\/a>\n<h2>\n\t\t\tDevis\t<\/h2>\n\t<p>Si vous recherchez un bateau \u00e0 passagers ou une embarcation sp\u00e9cialis\u00e9e.<\/p>\n\t\t\t<a href=\"\/fr\/contactez-smartown\/\" target=\"_blank\" rel=\"noopener\">\n\t\t\t\t\t\t\tContactez-nous\n\t\t\t<\/a>\n\t\t\t\t<img decoding=\"async\" src=\"https:\/\/www.smartown.ae\/wp-content\/uploads\/2023\/07\/TALK-TO-US.png\" alt=\"TALK TO US\" itemprop=\"image\" height=\"162\" width=\"161\" title=\"TALK TO US\" onerror=\"this.style.display='none'\" loading=\"lazy\" \/>\n<h3>\n\t\t\tBateaux \u00e0 passagers similaires\t<\/h3>\n\t<a href=\"\/fr\/transporter-32\/\" target=\"_self\"  aria-label=\"Allez dans \/transporteur-32\/\"><\/a>\n\t\t\t\t<img decoding=\"async\" src=\"https:\/\/www.smartown.ae\/wp-content\/uploads\/2022\/04\/Transporter-32-Small.jpg\" alt=\"Transporteur-32-Petit\" title=\"Transporteur-32-Petit\" itemprop=\"image\"\/>\n\t\t<h4>Transporter 32<\/h4>\t\t\t\n\t<a href=\"\/fr\/touring-48-ferry\/\" target=\"_self\"  aria-label=\"Allez sur \/touring-48-ferry\/\"><\/a>\n\t\t\t\t<img decoding=\"async\" src=\"https:\/\/www.smartown.ae\/wp-content\/uploads\/2023\/07\/Touring-48-Ferry-1-scaled.jpg\" alt=\"Touring 48 Ferry (1)\" title=\"Touring 48 Ferry (1)\" itemprop=\"image\"\/>\n\t\t<h4>Touring 48 Ferry<\/h4>\t\t\t\n\t<a href=\"\/fr\/navette-56\/\" target=\"_self\"  aria-label=\"Acc\u00e9dez \u00e0 \/waveshuttle-56\/\"><\/a>\n\t\t\t\t<img decoding=\"async\" src=\"https:\/\/www.smartown.ae\/wp-content\/uploads\/2022\/04\/main4-e1418042337225-2.jpg\" alt=\"main4-e1418042337225-2\" title=\"main4-e1418042337225-2\" itemprop=\"image\"\/>\n\t\t<h4>Waveshuttle 56<\/h4>","protected":false},"excerpt":{"rendered":"<p>Touring 36 The World&#8217;s Most Popular Passenger Boat The Touring 36 is the world&#8217;s best-selling passenger boat, trusted by water transport operators in over 70 countries for its unmatched reliability and outstanding performance. Recognized as the vessel of choice in the industry, this touring boat offers superior sea-handling, excellent stability, and a functional yet comfortable [&hellip;]<\/p>\n","protected":false},"author":2,"featured_media":0,"parent":0,"menu_order":0,"comment_status":"closed","ping_status":"closed","template":"","meta":{"site-sidebar-layout":"no-sidebar","site-content-layout":"page-builder","ast-site-content-layout":"full-width-container","site-content-style":"unboxed","site-sidebar-style":"unboxed","ast-global-header-display":"","ast-banner-title-visibility":"","ast-main-header-display":"","ast-hfb-above-header-display":"","ast-hfb-below-header-display":"","ast-hfb-mobile-header-display":"","site-post-title":"disabled","ast-breadcrumbs-content":"disabled","ast-featured-img":"disabled","footer-sml-layout":"","ast-disable-related-posts":"","theme-transparent-header-meta":"default","adv-header-id-meta":"","stick-header-meta":"","header-above-stick-meta":"","header-main-stick-meta":"","header-below-stick-meta":"","astra-migrate-meta-layouts":"set","ast-page-background-enabled":"default","ast-page-background-meta":{"desktop":{"background-color":"var(--ast-global-color-4)","background-image":"","background-repeat":"repeat","background-position":"center center","background-size":"auto","background-attachment":"scroll","background-type":"","background-media":"","overlay-type":"","overlay-color":"","overlay-opacity":"","overlay-gradient":""},"tablet":{"background-color":"","background-image":"","background-repeat":"repeat","background-position":"center center","background-size":"auto","background-attachment":"scroll","background-type":"","background-media":"","overlay-type":"","overlay-color":"","overlay-opacity":"","overlay-gradient":""},"mobile":{"background-color":"","background-image":"","background-repeat":"repeat","background-position":"center center","background-size":"auto","background-attachment":"scroll","background-type":"","background-media":"","overlay-type":"","overlay-color":"","overlay-opacity":"","overlay-gradient":""}},"ast-content-background-meta":{"desktop":{"background-color":"var(--ast-global-color-5)","background-image":"","background-repeat":"repeat","background-position":"center center","background-size":"auto","background-attachment":"scroll","background-type":"","background-media":"","overlay-type":"","overlay-color":"","overlay-opacity":"","overlay-gradient":""},"tablet":{"background-color":"var(--ast-global-color-5)","background-image":"","background-repeat":"repeat","background-position":"center center","background-size":"auto","background-attachment":"scroll","background-type":"","background-media":"","overlay-type":"","overlay-color":"","overlay-opacity":"","overlay-gradient":""},"mobile":{"background-color":"var(--ast-global-color-5)","background-image":"","background-repeat":"repeat","background-position":"center center","background-size":"auto","background-attachment":"scroll","background-type":"","background-media":"","overlay-type":"","overlay-color":"","overlay-opacity":"","overlay-gradient":""}},"footnotes":""},"class_list":["post-7671","page","type-page","status-publish","hentry"],"_links":{"self":[{"href":"https:\/\/www.smartown.ae\/fr\/wp-json\/wp\/v2\/pages\/7671","targetHints":{"allow":["GET"]}}],"collection":[{"href":"https:\/\/www.smartown.ae\/fr\/wp-json\/wp\/v2\/pages"}],"about":[{"href":"https:\/\/www.smartown.ae\/fr\/wp-json\/wp\/v2\/types\/page"}],"author":[{"embeddable":true,"href":"https:\/\/www.smartown.ae\/fr\/wp-json\/wp\/v2\/users\/2"}],"replies":[{"embeddable":true,"href":"https:\/\/www.smartown.ae\/fr\/wp-json\/wp\/v2\/comments?post=7671"}],"version-history":[{"count":0,"href":"https:\/\/www.smartown.ae\/fr\/wp-json\/wp\/v2\/pages\/7671\/revisions"}],"wp:attachment":[{"href":"https:\/\/www.smartown.ae\/fr\/wp-json\/wp\/v2\/media?parent=7671"}],"curies":[{"name":"wp","href":"https:\/\/api.w.org\/{rel}","templated":true}]}}