{"id":7277,"date":"2022-04-04T05:50:44","date_gmt":"2022-04-04T01:50:44","guid":{"rendered":"http:\/\/www.smartown.ae\/?page_id=7277"},"modified":"2025-03-31T11:23:44","modified_gmt":"2025-03-31T07:23:44","slug":"croiseurs-sportifs","status":"publish","type":"page","link":"https:\/\/www.smartown.ae\/fr\/sports-cruisers\/","title":{"rendered":"Croiseurs sportifs"},"content":{"rendered":"<h1>Croiseurs sportifs<\/h1>\r\n<p><img decoding=\"async\" title=\"smartown_wave_icon_white\" src=\"https:\/\/www.smartown.ae\/wp-content\/uploads\/2022\/04\/smartown_wave_icon_white.png\" alt=\"smartown_wave_icon_white\" \/><\/p>\r\n<h2>Des croiseurs inspirants pour tous les budgets<\/h2>\r\n<h3>Smart Own<\/h3>\r\n<h3>Premier exportateur de croiseurs sportifs dans le monde<\/h3>\r\n<p><img decoding=\"async\" title=\"smartown_wave_icon_blue\" src=\"https:\/\/www.smartown.ae\/wp-content\/uploads\/2022\/04\/smartown_wave_icon_blue.png\" alt=\"smartown_wave_icon_blue\" \/><\/p>\r\n<p>Smart Own r\u00e9pond aux besoins de tous les passionn\u00e9s de bateaux avec une large gamme de croiseurs sportifs \u00e0 vendre. Nous sommes un partenaire de confiance dans l\u2019industrie nautique et sommes reconnus pour notre professionnalisme, notre int\u00e9grit\u00e9 et notre niveau de service client impeccable.\u200b<\/p>\r\n<p class=\"translation-block\"><span class=\"TextRun  BCX0 SCXP245601646\" lang=\"EN-GB\" xml:lang=\"EN-GB\" data-scheme-color=\"@404040,1,18:75000,19:25000\" data-usefontface=\"true\" data-contrast=\"none\"><span class=\"NormalTextRun  BCX0 SCXP245601646\">Nos cruisers sportifs Oryx allient puissance et performance \u00e0 un style exceptionnel. Rigides et robustes, ces cr\u00e9ations \u00e9l\u00e9gantes sont con\u00e7ues pour le luxe et le confort, avec un souci du<\/span><\/span> <span class=\"TextRun  BCX0 SCXP245601646\" lang=\"EN-GB\" xml:lang=\"EN-GB\" data-scheme-color=\"@404040,1,18:75000,19:25000\" data-usefontface=\"true\" data-contrast=\"none\"><span class=\"NormalTextRun  BCX0 SCXP245601646\">d\u00e9tail et un souci du d\u00e9tail d&#039;excellence. Robustes, multifonctionnels et dot\u00e9s d&#039;un style sportif distinctif, ils ont s\u00e9duit une large client\u00e8le <span class=\"EOP  BCX0 SCXP245601646\">.<\/span><\/span><\/span><\/p>\r\n<p>Le succ\u00e8s de Smart Own d\u00e9coule de plus de trois d\u00e9cennies d&#039;exp\u00e9rience florissante de nos chantiers navals dans la construction d&#039;embarcations marines utilisant une technologie de pointe, une ing\u00e9nierie puissante, une conception intemporelle et un savoir-faire de classe mondiale.\u200b<\/p>\r\n<p>Depuis Duba\u00ef, aux \u00c9mirats arabes unis, nous fournissons la famille Oryx Sports Cruisers dans le monde entier.\u200b<\/p>\r\n<p><img loading=\"lazy\" decoding=\"async\" title=\"ORYX-379-16 \u00e0 l&#039;\u00e9chelle\" src=\"https:\/\/www.smartown.ae\/wp-content\/uploads\/2023\/10\/ORYX-379-16-scaled-1.jpg\" alt=\"ORYX-379-16 \u00e0 l&#039;\u00e9chelle\" width=\"2560\" height=\"1636\" \/><\/p>\r\n<h3>Oryx 379<\/h3>\r\n<p><img decoding=\"async\" title=\"smartown_wave_icon_white\" src=\"http:\/\/www.smartown.ae\/wp-content\/uploads\/2022\/04\/smartown_wave_icon_white.png\" alt=\"smartown_wave_icon_white\" \/><\/p>\r\n<ul>\r\n<li>2 cabines (pour 4 personnes)<\/li>\r\n<li>Vitesse maximale de 45 n\u0153uds<\/li>\r\n<\/ul>\r\n<p>Dot\u00e9 d&#039;un design d&#039;\u00e9trave presque \u00e0 l&#039;aplomb distinctif, l&#039;Oryx 379 offre une conduite plus douce et plus d&#039;espace int\u00e9rieur dans la cabine. Gr\u00e2ce \u00e0 une recherche innovante, ce chef-d&#039;\u0153uvre allie puissance et performance avec un style exceptionnel qui va avec.<\/p>\r\n<p><a href=\"\/fr\/oryx-379\/\" target=\"_blank\" rel=\"noopener\"> Voir les d\u00e9tails <\/a><\/p>\r\n<h3>Oryx 36<\/h3>\r\n<p><img decoding=\"async\" title=\"smartown_wave_icon_white\" src=\"https:\/\/www.smartown.ae\/wp-content\/uploads\/2022\/04\/smartown_wave_icon_white.png\" alt=\"smartown_wave_icon_white\" \/><\/p>\r\n<ul>\r\n<li>2 cabines (pour 4 personnes)<\/li>\r\n<li>Vitesse maximale de 35 n\u0153uds<\/li>\r\n<\/ul>\r\n<p>La s\u00e9rie Oryx est d\u00e9di\u00e9e aux propri\u00e9taires jeunes et branch\u00e9s. Vous choisissez les couleurs de coque et de pont pour exprimer votre personnalit\u00e9. Apr\u00e8s tout l&#039;Oryx est un bateau de caract\u00e8re. Croiseur sportif \u00e9l\u00e9gant, l&#039;Oryx 36 est \u00e0 la fois puissant et extr\u00eamement confortable. Sa conception de pont principal permet un coin salon en forme de L \u00e0 c\u00f4t\u00e9 du pilote et dans le cockpit ainsi qu&#039;un acc\u00e8s facile au pont de bain.<\/p>\r\n<p><a href=\"\/fr\/oryx-36\/\" target=\"_blank\" rel=\"noopener\"> Voir les d\u00e9tails <\/a><\/p>\r\n<h3>Oryx 42<\/h3>\r\n<p><img decoding=\"async\" title=\"smartown_wave_icon_white\" src=\"https:\/\/www.smartown.ae\/wp-content\/uploads\/2022\/04\/smartown_wave_icon_white.png\" alt=\"smartown_wave_icon_white\" \/><\/p>\r\n<ul>\r\n<li>2 cabines (pour 4 personnes)\u200b<\/li>\r\n<li>Vitesse maximale de 34 n\u0153uds<\/li>\r\n<\/ul>\r\n<p>Oryx 42 est construit avec une combinaison de performances optimales, de si\u00e8ges remarquables, de zones de repos spacieuses et d&#039;un design saisissant pour offrir une exp\u00e9rience de navigation inoubliable.\u200b<\/p>\r\n<p><a href=\"\/fr\/oryx-42\/\" target=\"_blank\" rel=\"noopener\"> Voir les d\u00e9tails <\/a><\/p>\r\n<h2>Devis<\/h2>\r\n<p>Si vous recherchez un bateau \u00e0 passagers ou une embarcation sp\u00e9cialis\u00e9e.<\/p>\r\n<p><a href=\"\/fr\/contactez-smartown\/\" target=\"_self\" rel=\"noopener\"> Contactez-nous <\/a> <img loading=\"lazy\" decoding=\"async\" title=\"TALK TO US\" src=\"https:\/\/www.smartown.ae\/wp-content\/uploads\/2023\/07\/TALK-TO-US.png\" alt=\"TALK TO US\" width=\"161\" height=\"162\" \/><\/p>\r\n<h3>Nos services<\/h3>\r\n<p><img decoding=\"async\" title=\"personnalisation des ic\u00f4nes\" src=\"http:\/\/www.smartown.ae\/\/wp-content\/uploads\/2022\/04\/icon-customization.png\" alt=\"personnalisation des ic\u00f4nes\" \/><\/p>\r\n<h3>Personnalisation<\/h3>\r\n<p>Nous sommes le principal fournisseur de bateaux \u00e0 passagers et nous avons des bateaux \u00e0 passagers sur mesure \u00e0 vendre. Nous travaillons avec l&#039;un des principaux fabricants de bateaux \u00e0 passagers au monde pour fournir des navires en fonction de vos besoins.<\/p>\r\n<p><img decoding=\"async\" title=\"ic\u00f4ne-livraison-rapide\" src=\"https:\/\/www.smartown.ae\/wp-content\/uploads\/2022\/04\/icon-fast-delivery.png\" alt=\"ic\u00f4ne-livraison-rapide\" \/><\/p>\r\n<h3>Livraison rapide<\/h3>\r\n<p class=\"translation-block\">Tous les bateaux expos\u00e9s sont fabriqu\u00e9s sur commande et n\u00e9cessitent un d\u00e9lai de livraison de 2 \u00e0 6 mois, selon le mod\u00e8le et la motorisation choisis. Nos principaux navires \u00e0 passagers sont\u00a0: <a title=\"Tourn\u00e9e 36\" href=\"http:\/\/www.smartown.ae\/fr\/touring-36\/\" target=\"_self\">le Touring 36<\/a> , <a href=\"http:\/\/www.smartown.ae\/fr\/touring-48-ferry\/\" target=\"_self\"><span class=\"TextRun BCX0 SCXP212075416\" lang=\"EN-US\" xml:lang=\"EN-US\" data-usefontface=\"false\" data-contrast=\"none\"><span class=\"NormalTextRun BCX0 SCXP212075416\">le Touring 48 Ferry<\/span><\/span><\/a> et <span class=\"TextRun BCX0 SCXP212075416\" lang=\"EN-US\" xml:lang=\"EN-US\" data-usefontface=\"false\" data-contrast=\"none\"><span class=\"NormalTextRun BCX0 SCXP212075416\"><a href=\"http:\/\/www.smartown.ae\/fr\/touring-48-lounge\/\" target=\"_self\">le Touring 48 Lounge<\/a> .<\/span><\/span><\/p>\r\n<p><img decoding=\"async\" title=\"ic\u00f4ne-exp\u00e9dition-internationale\" src=\"http:\/\/www.smartown.ae\/\/wp-content\/uploads\/2022\/04\/icon-international-shipping.png\" alt=\"ic\u00f4ne-exp\u00e9dition-internationale\" \/><\/p>\r\n<h3>Transport maritime international<\/h3>\r\n<p>Nous organisons l&#039;exp\u00e9dition vers n&#039;importe quelle destination dans le monde. Nous avons vendu nos bateaux sur les 5 continents. Il n&#039;y a aucun pays ou \u00eele que nous ne puissions atteindre. Nous exp\u00e9dions en Afrique, en Am\u00e9rique latine, en Asie, en Oc\u00e9anie ou ailleurs.<\/p>\r\n<p><img decoding=\"async\" title=\"Duba\u00ef-2\" src=\"http:\/\/www.smartown.ae\/wp-content\/uploads\/2022\/04\/dubai-2.jpg\" alt=\"Duba\u00ef-2\" \/><\/p>\r\n<h3>Visitez Duba\u00ef la ville des r\u00eaves gratuitement<\/h3>\r\n<p>Lorsque vous achetez un bateau chez nous, nous vous invitons \u00e0 Duba\u00ef pour superviser les essais en mer de votre bateau. Votre billet d&#039;avion, les frais de visa, le s\u00e9jour \u00e0 l&#039;h\u00f4tel 5 \u00e9toiles et le chauffeur d\u00e9di\u00e9 sont gratuits gr\u00e2ce \u00e0 Smart Own. Nous vous accompagnerons lors d&#039;une visite VIP du chantier naval o\u00f9 vous rencontrerez l&#039;\u00e9quipe de Gulf Craft qui a construit votre bateau. Votre chef de projet vous expliquera le processus de construction de votre navire et vous formera, vous ou un membre de votre entreprise, sur votre bateau nouvellement construit.<\/p>\r\n<p><a href=\"\/fr\/contactez-smartown\/\" target=\"_self\" rel=\"noopener\"> Contactez-nous <\/a><\/p>","protected":false},"excerpt":{"rendered":"<p>Sports Cruisers Inspiring Cruisers For All Budgets Smart Own Leading Exporter of Sports Cruisers to the World \u200b Smart Own caters to the needs of every boat enthusiast with a wide range of sports cruisers. We are a trusted partner in the boating industry and are renowned for our professionalism, integrity and an impeccable level [&hellip;]<\/p>\n","protected":false},"author":2,"featured_media":0,"parent":0,"menu_order":0,"comment_status":"closed","ping_status":"closed","template":"","meta":{"site-sidebar-layout":"no-sidebar","site-content-layout":"page-builder","ast-site-content-layout":"full-width-container","site-content-style":"unboxed","site-sidebar-style":"unboxed","ast-global-header-display":"","ast-banner-title-visibility":"","ast-main-header-display":"","ast-hfb-above-header-display":"","ast-hfb-below-header-display":"","ast-hfb-mobile-header-display":"","site-post-title":"disabled","ast-breadcrumbs-content":"disabled","ast-featured-img":"disabled","footer-sml-layout":"","ast-disable-related-posts":"","theme-transparent-header-meta":"default","adv-header-id-meta":"","stick-header-meta":"","header-above-stick-meta":"","header-main-stick-meta":"","header-below-stick-meta":"","astra-migrate-meta-layouts":"set","ast-page-background-enabled":"default","ast-page-background-meta":{"desktop":{"background-color":"var(--ast-global-color-4)","background-image":"","background-repeat":"repeat","background-position":"center center","background-size":"auto","background-attachment":"scroll","background-type":"","background-media":"","overlay-type":"","overlay-color":"","overlay-opacity":"","overlay-gradient":""},"tablet":{"background-color":"","background-image":"","background-repeat":"repeat","background-position":"center center","background-size":"auto","background-attachment":"scroll","background-type":"","background-media":"","overlay-type":"","overlay-color":"","overlay-opacity":"","overlay-gradient":""},"mobile":{"background-color":"","background-image":"","background-repeat":"repeat","background-position":"center center","background-size":"auto","background-attachment":"scroll","background-type":"","background-media":"","overlay-type":"","overlay-color":"","overlay-opacity":"","overlay-gradient":""}},"ast-content-background-meta":{"desktop":{"background-color":"var(--ast-global-color-5)","background-image":"","background-repeat":"repeat","background-position":"center center","background-size":"auto","background-attachment":"scroll","background-type":"","background-media":"","overlay-type":"","overlay-color":"","overlay-opacity":"","overlay-gradient":""},"tablet":{"background-color":"var(--ast-global-color-5)","background-image":"","background-repeat":"repeat","background-position":"center center","background-size":"auto","background-attachment":"scroll","background-type":"","background-media":"","overlay-type":"","overlay-color":"","overlay-opacity":"","overlay-gradient":""},"mobile":{"background-color":"var(--ast-global-color-5)","background-image":"","background-repeat":"repeat","background-position":"center center","background-size":"auto","background-attachment":"scroll","background-type":"","background-media":"","overlay-type":"","overlay-color":"","overlay-opacity":"","overlay-gradient":""}},"footnotes":""},"class_list":["post-7277","page","type-page","status-publish","hentry"],"_links":{"self":[{"href":"https:\/\/www.smartown.ae\/fr\/wp-json\/wp\/v2\/pages\/7277","targetHints":{"allow":["GET"]}}],"collection":[{"href":"https:\/\/www.smartown.ae\/fr\/wp-json\/wp\/v2\/pages"}],"about":[{"href":"https:\/\/www.smartown.ae\/fr\/wp-json\/wp\/v2\/types\/page"}],"author":[{"embeddable":true,"href":"https:\/\/www.smartown.ae\/fr\/wp-json\/wp\/v2\/users\/2"}],"replies":[{"embeddable":true,"href":"https:\/\/www.smartown.ae\/fr\/wp-json\/wp\/v2\/comments?post=7277"}],"version-history":[{"count":0,"href":"https:\/\/www.smartown.ae\/fr\/wp-json\/wp\/v2\/pages\/7277\/revisions"}],"wp:attachment":[{"href":"https:\/\/www.smartown.ae\/fr\/wp-json\/wp\/v2\/media?parent=7277"}],"curies":[{"name":"wp","href":"https:\/\/api.w.org\/{rel}","templated":true}]}}