{"id":7275,"date":"2022-04-04T05:49:59","date_gmt":"2022-04-04T05:49:59","guid":{"rendered":"http:\/\/www.smartown.ae\/?page_id=7275"},"modified":"2025-07-21T18:24:24","modified_gmt":"2025-07-21T14:24:24","slug":"bateaux-de-travail","status":"publish","type":"page","link":"https:\/\/www.smartown.ae\/fr\/workboats\/","title":{"rendered":"Bateaux de service"},"content":{"rendered":"<h1>Notre s\u00e9lection de bateaux de travail et semi-rigides<\/h1>\r\n<p><img decoding=\"async\" title=\"smartown_wave_icon_white\" src=\"http:\/\/www.smartown.ae\/wp-content\/uploads\/2022\/04\/smartown_wave_icon_white.png\" alt=\"smartown_wave_icon_white\" \/><\/p>\r\n<h2>Bateaux de travail et semi-rigides de qualit\u00e9 construits aux \u00c9mirats arabes unis selon des normes de classe mondiale<\/h2>\r\n<h3>Smart Own<\/h3>\r\n<h3>Premier exportateur de bateaux sp\u00e9cialis\u00e9s et de semi-rigides dans le monde<\/h3>\r\n<p><img decoding=\"async\" title=\"smartown_wave_icon_blue\" src=\"https:\/\/www.smartown.ae\/wp-content\/uploads\/2022\/04\/smartown_wave_icon_blue.png\" alt=\"smartown_wave_icon_blue\" \/><\/p>\r\n<p>Smart Own propose une large gamme de bateaux de travail et de bateaux semi-rigides (RIB) pour r\u00e9pondre aux besoins des garde-c\u00f4tes, de la marine, des minist\u00e8res, du p\u00e9trole et du gaz, des entrepreneurs et des autorit\u00e9s portuaires. Nous sommes un partenaire de confiance dans l\u2019industrie nautique et sommes reconnus pour notre professionnalisme, notre int\u00e9grit\u00e9 et notre niveau de service client impeccable.\u200b<\/p>\r\n<p>Tous nos mod\u00e8les sont construits aux \u00c9mirats arabes unis selon les normes internationales avec l&#039;aide et l&#039;expertise d&#039;architectes navals allemands et su\u00e9dois. Nos bateaux sont construits conform\u00e9ment aux r\u00e9glementations de s\u00e9curit\u00e9 de l&#039;USCG ou peuvent \u00eatre class\u00e9s BV, DNV.GL ou RINA. La personnalisation est essentielle pour ce type de bateaux et nous proposons des services complets d&#039;adaptation \u00e0 nos clients.\u200b<\/p>\r\n<p>Le succ\u00e8s de Smart Own d\u00e9coule de plus de trois d\u00e9cennies d&#039;exp\u00e9rience florissante de nos chantiers navals dans la construction d&#039;embarcations marines utilisant une technologie de pointe, une ing\u00e9nierie puissante, une conception intemporelle et un savoir-faire de classe mondiale.<\/p>\r\n<p>Depuis Duba\u00ef, nous fournissons au monde entier des ambulances, des patrouilleurs et des RIB fabriqu\u00e9s aux \u00c9mirats arabes unis.\u200b<\/p>\r\n<h3>Coast Guard 36<\/h3>\r\n<p><img decoding=\"async\" title=\"smartown_wave_icon_white\" src=\"http:\/\/www.smartown.ae\/wp-content\/uploads\/2022\/04\/smartown_wave_icon_white.png\" alt=\"smartown_wave_icon_white\" \/><\/p>\r\n<ul>\r\n<li>11 personnes (y compris le si\u00e8ge du pilote)<\/li>\r\n<li>Vitesse maximale de 40 n\u0153uds<\/li>\r\n<\/ul>\r\n<p>Un bateau de patrouille construit selon les normes de la Garde c\u00f4ti\u00e8re am\u00e9ricaine \u00ab MIC-XVA \u00bb. Support de canon en option et coque renforc\u00e9e. Un bateau pour une utilisation de jour comme de nuit et capable d&#039;op\u00e9rer dans un \u00e9tat de mer 6.<\/p>\r\n<p><a href=\"\/fr\/coast-guard-36\/\" target=\"_blank\" rel=\"noopener\"> Voir les d\u00e9tails <\/a><\/p>\r\n<h3>Ambulance 36<\/h3>\r\n<p><img decoding=\"async\" title=\"smartown_wave_icon_white\" src=\"https:\/\/www.smartown.ae\/wp-content\/uploads\/2022\/04\/smartown_wave_icon_white.png\" alt=\"smartown_wave_icon_white\" \/><\/p>\r\n<ul>\r\n<li>1 \u00e0 2 bancs de soins<\/li>\r\n<li>Vitesse maximale de 40 n\u0153uds<\/li>\r\n<\/ul>\r\n<p>Une ambulance marine avec un banc de soins et des compartiments pour les r\u00e9servoirs d&#039;oxyg\u00e8ne. Livr\u00e9 complet avec \u00e9quipement m\u00e9dical int\u00e9gr\u00e9. Bateau agile et rapide pour le sauvetage et le traitement. Un bateau-ambulance en mission pour sauver des vies.<\/p>\r\n<p><a href=\"\/fr\/ambulance-36\/\" target=\"_blank\" rel=\"noopener\"> Voir les d\u00e9tails <\/a><\/p>\r\n<h3>S\u00e9rie de bateaux pneumatiques rigides (RIB)<\/h3>\r\n<p><img decoding=\"async\" title=\"smartown_wave_icon_white\" src=\"https:\/\/www.smartown.ae\/wp-content\/uploads\/2022\/04\/smartown_wave_icon_white.png\" alt=\"smartown_wave_icon_white\" \/><\/p>\r\n<ul>\r\n<li>2 \u00e0 22 personnes\u200b<\/li>\r\n<li>Vitesse maximale de 50 n\u0153uds<\/li>\r\n<\/ul>\r\n<p>Bateaux gonflables rigides (RIB) sp\u00e9cialement con\u00e7us pour les organisations militaires, les marinas, les voyagistes et les forces de l&#039;ordre pour leur construction fiable et de haute qualit\u00e9.\u200b<\/p>\r\n<p><a href=\"\/fr\/bateaux-semi-rigides\/\" target=\"_blank\" rel=\"noopener\"> Voir les d\u00e9tails <\/a><\/p>\r\n<h2>Devis<\/h2>\r\n<p>Si vous recherchez un bateau \u00e0 passagers ou une embarcation sp\u00e9cialis\u00e9e.<\/p>\r\n<p><a href=\"\/fr\/contactez-smartown\/\" target=\"_self\" rel=\"noopener\"> Contactez-nous <\/a> <img loading=\"lazy\" decoding=\"async\" title=\"TALK TO US\" src=\"https:\/\/www.smartown.ae\/wp-content\/uploads\/2023\/07\/TALK-TO-US.png\" alt=\"TALK TO US\" width=\"161\" height=\"162\" \/><\/p>\r\n<h3>Nos services<\/h3>\r\n<p><img decoding=\"async\" title=\"personnalisation des ic\u00f4nes\" src=\"http:\/\/www.smartown.ae\/\/wp-content\/uploads\/2022\/04\/icon-customization.png\" alt=\"personnalisation des ic\u00f4nes\" \/><\/p>\r\n<h3>Personnalisation<\/h3>\r\n<p>Nous sommes le principal fournisseur de bateaux \u00e0 passagers et nous avons des bateaux \u00e0 passagers sur mesure \u00e0 vendre. Nous travaillons avec l&#039;un des principaux fabricants de bateaux \u00e0 passagers au monde pour fournir des navires en fonction de vos besoins.<\/p>\r\n<p><img decoding=\"async\" title=\"ic\u00f4ne-livraison-rapide\" src=\"https:\/\/www.smartown.ae\/wp-content\/uploads\/2022\/04\/icon-fast-delivery.png\" alt=\"ic\u00f4ne-livraison-rapide\" \/><\/p>\r\n<h3>Livraison rapide<\/h3>\r\n<p class=\"translation-block\">Tous les bateaux expos\u00e9s sont fabriqu\u00e9s sur commande et n\u00e9cessitent un d\u00e9lai de livraison de 2 \u00e0 6 mois, selon le mod\u00e8le et la motorisation choisis. Nos principaux navires \u00e0 passagers sont\u00a0: <a title=\"Tourn\u00e9e 36\" href=\"http:\/\/www.smartown.ae\/fr\/touring-36\/\" target=\"_self\">le Touring 36<\/a> , <a href=\"http:\/\/www.smartown.ae\/fr\/touring-48-ferry\/\" target=\"_self\"><span class=\"TextRun BCX0 SCXP212075416\" lang=\"EN-US\" xml:lang=\"EN-US\" data-usefontface=\"false\" data-contrast=\"none\"><span class=\"NormalTextRun BCX0 SCXP212075416\">le Touring 48 Ferry<\/span><\/span><\/a> et <span class=\"TextRun BCX0 SCXP212075416\" lang=\"EN-US\" xml:lang=\"EN-US\" data-usefontface=\"false\" data-contrast=\"none\"><span class=\"NormalTextRun BCX0 SCXP212075416\"><a href=\"http:\/\/www.smartown.ae\/fr\/touring-48-lounge\/\" target=\"_self\">le Touring 48 Lounge<\/a> .<\/span><\/span><\/p>\r\n<p><img decoding=\"async\" title=\"ic\u00f4ne-exp\u00e9dition-internationale\" src=\"http:\/\/www.smartown.ae\/\/wp-content\/uploads\/2022\/04\/icon-international-shipping.png\" alt=\"ic\u00f4ne-exp\u00e9dition-internationale\" \/><\/p>\r\n<h3>Transport maritime international<\/h3>\r\n<p>Nous organisons l&#039;exp\u00e9dition vers n&#039;importe quelle destination dans le monde. Nous avons vendu nos bateaux sur les 5 continents. Il n&#039;y a aucun pays ou \u00eele que nous ne puissions atteindre. Nous exp\u00e9dions en Afrique, en Am\u00e9rique latine, en Asie, en Oc\u00e9anie ou ailleurs.<\/p>\r\n<p><img decoding=\"async\" title=\"Duba\u00ef-2\" src=\"http:\/\/www.smartown.ae\/wp-content\/uploads\/2022\/04\/dubai-2.jpg\" alt=\"Duba\u00ef-2\" \/><\/p>\r\n<h3>Visitez Duba\u00ef la ville des r\u00eaves gratuitement<\/h3>\r\n<p>Lorsque vous achetez un bateau chez nous, nous vous invitons \u00e0 Duba\u00ef pour superviser les essais en mer de votre bateau. Votre billet d&#039;avion, les frais de visa, le s\u00e9jour \u00e0 l&#039;h\u00f4tel 5 \u00e9toiles et le chauffeur d\u00e9di\u00e9 sont gratuits gr\u00e2ce \u00e0 Smart Own. Nous vous accompagnerons lors d&#039;une visite VIP du chantier naval o\u00f9 vous rencontrerez l&#039;\u00e9quipe de Gulf Craft qui a construit votre bateau. Votre chef de projet vous expliquera le processus de construction de votre navire et vous formera, vous ou un membre de votre entreprise, sur votre bateau nouvellement construit.<\/p>\r\n<p><a href=\"\/fr\/contactez-smartown\/\" target=\"_self\" rel=\"noopener\"> Contactez-nous <\/a><\/p>","protected":false},"excerpt":{"rendered":"<p>Our Workboats &amp; RIBs Selection Quality Workboats &amp; RIBs Built in the UAE to World Class Standards Smart Own Leading Exporter of Specialty Craft and RIBs to the World \u200b Smart Own offers a large range of workboats and rigid inflatable boats (RIB) to cater for the needs of the coast guards, navy, ministries, oil [&hellip;]<\/p>\n","protected":false},"author":2,"featured_media":0,"parent":0,"menu_order":0,"comment_status":"closed","ping_status":"closed","template":"","meta":{"site-sidebar-layout":"no-sidebar","site-content-layout":"page-builder","ast-site-content-layout":"full-width-container","site-content-style":"unboxed","site-sidebar-style":"unboxed","ast-global-header-display":"","ast-banner-title-visibility":"","ast-main-header-display":"","ast-hfb-above-header-display":"","ast-hfb-below-header-display":"","ast-hfb-mobile-header-display":"","site-post-title":"disabled","ast-breadcrumbs-content":"disabled","ast-featured-img":"disabled","footer-sml-layout":"","ast-disable-related-posts":"","theme-transparent-header-meta":"default","adv-header-id-meta":"","stick-header-meta":"","header-above-stick-meta":"","header-main-stick-meta":"","header-below-stick-meta":"","astra-migrate-meta-layouts":"set","ast-page-background-enabled":"default","ast-page-background-meta":{"desktop":{"background-color":"var(--ast-global-color-4)","background-image":"","background-repeat":"repeat","background-position":"center center","background-size":"auto","background-attachment":"scroll","background-type":"","background-media":"","overlay-type":"","overlay-color":"","overlay-opacity":"","overlay-gradient":""},"tablet":{"background-color":"","background-image":"","background-repeat":"repeat","background-position":"center center","background-size":"auto","background-attachment":"scroll","background-type":"","background-media":"","overlay-type":"","overlay-color":"","overlay-opacity":"","overlay-gradient":""},"mobile":{"background-color":"","background-image":"","background-repeat":"repeat","background-position":"center center","background-size":"auto","background-attachment":"scroll","background-type":"","background-media":"","overlay-type":"","overlay-color":"","overlay-opacity":"","overlay-gradient":""}},"ast-content-background-meta":{"desktop":{"background-color":"var(--ast-global-color-5)","background-image":"","background-repeat":"repeat","background-position":"center center","background-size":"auto","background-attachment":"scroll","background-type":"","background-media":"","overlay-type":"","overlay-color":"","overlay-opacity":"","overlay-gradient":""},"tablet":{"background-color":"var(--ast-global-color-5)","background-image":"","background-repeat":"repeat","background-position":"center center","background-size":"auto","background-attachment":"scroll","background-type":"","background-media":"","overlay-type":"","overlay-color":"","overlay-opacity":"","overlay-gradient":""},"mobile":{"background-color":"var(--ast-global-color-5)","background-image":"","background-repeat":"repeat","background-position":"center center","background-size":"auto","background-attachment":"scroll","background-type":"","background-media":"","overlay-type":"","overlay-color":"","overlay-opacity":"","overlay-gradient":""}},"footnotes":""},"class_list":["post-7275","page","type-page","status-publish","hentry"],"_links":{"self":[{"href":"https:\/\/www.smartown.ae\/fr\/wp-json\/wp\/v2\/pages\/7275","targetHints":{"allow":["GET"]}}],"collection":[{"href":"https:\/\/www.smartown.ae\/fr\/wp-json\/wp\/v2\/pages"}],"about":[{"href":"https:\/\/www.smartown.ae\/fr\/wp-json\/wp\/v2\/types\/page"}],"author":[{"embeddable":true,"href":"https:\/\/www.smartown.ae\/fr\/wp-json\/wp\/v2\/users\/2"}],"replies":[{"embeddable":true,"href":"https:\/\/www.smartown.ae\/fr\/wp-json\/wp\/v2\/comments?post=7275"}],"version-history":[{"count":0,"href":"https:\/\/www.smartown.ae\/fr\/wp-json\/wp\/v2\/pages\/7275\/revisions"}],"wp:attachment":[{"href":"https:\/\/www.smartown.ae\/fr\/wp-json\/wp\/v2\/media?parent=7275"}],"curies":[{"name":"wp","href":"https:\/\/api.w.org\/{rel}","templated":true}]}}