{"id":14882,"date":"2023-07-14T16:23:45","date_gmt":"2023-07-14T12:23:45","guid":{"rendered":"https:\/\/www.smartown.ae\/?page_id=14882"},"modified":"2025-07-21T17:54:07","modified_gmt":"2025-07-21T13:54:07","slug":"coast-guard-36","status":"publish","type":"page","link":"https:\/\/www.smartown.ae\/fr\/coast-guard-36-2\/","title":{"rendered":"Coast Guard 36"},"content":{"rendered":"<h1>GARDE C\u00d4TI\u00c8RE 36<\/h1>\r\n<p><img decoding=\"async\" title=\"smartown_wave_icon_white\" src=\"https:\/\/www.smartown.ae\/wp-content\/uploads\/2022\/04\/smartown_wave_icon_white.png\" alt=\"smartown_wave_icon_white\" \/><\/p>\r\n<h2>Robuste, Maniable, Rapide Et Arm\u00e9 Pour Maintenir L&#039;Ordre En Mer\u200b<\/h2>\r\n<p>Con\u00e7u pour r\u00e9pondre aux normes rigoureuses MIC-XVA de la Garde c\u00f4ti\u00e8re am\u00e9ricaine, le bateau de patrouille Coast Guard 36 allie confort de luxe et performances sans compromis.<\/p>\r\n<p>Id\u00e9alement positionn\u00e9 dans le segment des bateaux de passagers de classe affaires, il propose des supports d&#039;armes en option et une coque renforc\u00e9e pour une s\u00e9curit\u00e9 accrue, id\u00e9al pour les op\u00e9rations de s\u00e9curit\u00e9 haut de gamme ou les excursions maritimes priv\u00e9es.<\/p>\r\n<p><strong data-start=\"1536\" data-end=\"1563\">Pourquoi choisir le Coast Guard 36 ?<br \/><\/strong><br data-start=\"1563\" data-end=\"1566\" \/>En tant que <strong data-start=\"1573\" data-end=\"1606\">bateau \u00e0 passagers de classe affaires<\/strong>Le Coast Guard 36 se distingue par l&#039;alliance d&#039;une technologie maritime de pointe et d&#039;\u00e9quipements haut de gamme. Les clients fortun\u00e9s et les soci\u00e9t\u00e9s de s\u00e9curit\u00e9 priv\u00e9es appr\u00e9cient son design \u00e9l\u00e9gant, sa s\u00e9curit\u00e9 renforc\u00e9e et ses capacit\u00e9s de d\u00e9fense optionnelles, sans compromettre le confort ni les performances de croisi\u00e8re. Que vous gardiez le littoral d&#039;un domaine priv\u00e9 ou organisiez une croisi\u00e8re exclusive, ce navire offre le meilleur en termes de fiabilit\u00e9, de style et de flexibilit\u00e9 op\u00e9rationnelle. <a href=\"\/wp-content\/uploads\/2023\/09\/Coast-Guard-36_FR.pdf\" target=\"_blank\" rel=\"noopener\"> T\u00e9l\u00e9charger le catalogue <\/a><\/p>\r\n<nav>\r\n<ul>\r\n<li tabindex=\"0\" data-index=\"0\">\r\n<h5><a tabindex=\"-1\">Caract\u00e9ristiques <\/a><\/h5>\r\n<\/li>\r\n<\/ul>\r\n<\/nav>\r\n<div class=\"fl-builder-content fl-builder-content-14892 fl-builder-template fl-builder-layout-template fl-builder-global-templates-locked\" data-post-id=\"14892\"><div class=\"fl-row fl-row-full-width fl-row-bg-none fl-node-vo79i1wm4acz fl-row-default-height fl-row-align-center\" data-node=\"vo79i1wm4acz\">\n\t<div class=\"fl-row-content-wrap\">\n\t\t<div class=\"uabb-row-separator uabb-top-row-separator\" >\n<\/div>\n\t\t\t\t\t\t<div class=\"fl-row-content fl-row-full-width fl-node-content\">\n\t\t\n<div class=\"fl-col-group fl-node-74be2uj5fryx\" data-node=\"74be2uj5fryx\">\n\t\t\t<div class=\"fl-col fl-node-gtoe9ijs5rnc fl-col-bg-color fl-col-small\" data-node=\"gtoe9ijs5rnc\">\n\t<div class=\"fl-col-content fl-node-content\"><div class=\"fl-module fl-module-list fl-node-s8xy3g4726lk so-list\" data-node=\"s8xy3g4726lk\">\n\t<div class=\"fl-module-content fl-node-content\">\n\t\t<ul class=\"fl-list fl-list-unordered\">\t<li class=\"fl-list-item fl-list-item-0\">\n\t\t<div class=\"fl-list-item-wrapper\">\n\t\t\t<span class=\"fl-list-item-heading\"><span class=\"fl-list-item-heading-icon fl-list-item-heading-left\"><span class=\"fl-list-item-icon\"><\/span><\/span> <span class=\"fl-list-item-heading-text\">Longueur hors tout : \u00ab sans moteurs \u00bb 35 pi 10 po (10,90 m) <\/span><\/span>\t\t<\/div>\n\t<\/li>\n\t\t<li class=\"fl-list-item fl-list-item-1\">\n\t\t<div class=\"fl-list-item-wrapper\">\n\t\t\t<span class=\"fl-list-item-heading\"><span class=\"fl-list-item-heading-icon fl-list-item-heading-left\"><span class=\"fl-list-item-icon\"><\/span><\/span> <span class=\"fl-list-item-heading-text\">Faisceau : 10 pi 9 po (3,30 m) <\/span><\/span>\t\t<\/div>\n\t<\/li>\n\t\t<li class=\"fl-list-item fl-list-item-2\">\n\t\t<div class=\"fl-list-item-wrapper\">\n\t\t\t<span class=\"fl-list-item-heading\"><span class=\"fl-list-item-heading-icon fl-list-item-heading-left\"><span class=\"fl-list-item-icon\"><\/span><\/span> <span class=\"fl-list-item-heading-text\">Tirant d&#039;eau : 1 pi 9 po (0,50 m) <\/span><\/span>\t\t<\/div>\n\t<\/li>\n\t\t<li class=\"fl-list-item fl-list-item-3\">\n\t\t<div class=\"fl-list-item-wrapper\">\n\t\t\t<span class=\"fl-list-item-heading\"><span class=\"fl-list-item-heading-icon fl-list-item-heading-left\"><span class=\"fl-list-item-icon\"><\/span><\/span> <span class=\"fl-list-item-heading-text\">Mat\u00e9riau de la coque\u00a0: GRP <\/span><\/span>\t\t<\/div>\n\t<\/li>\n\t\t<li class=\"fl-list-item fl-list-item-4\">\n\t\t<div class=\"fl-list-item-wrapper\">\n\t\t\t<span class=\"fl-list-item-heading\"><span class=\"fl-list-item-heading-icon fl-list-item-heading-left\"><span class=\"fl-list-item-icon\"><\/span><\/span> <span class=\"fl-list-item-heading-text\">Moteurs standards : hors-bord Yamaha 2x250 CV <\/span><\/span>\t\t<\/div>\n\t<\/li>\n\t<\/ul>\t<\/div>\n<\/div>\n<\/div>\n<\/div>\n\t\t\t<div class=\"fl-col fl-node-uh52og3twjbe fl-col-bg-color fl-col-small\" data-node=\"uh52og3twjbe\">\n\t<div class=\"fl-col-content fl-node-content\"><div class=\"fl-module fl-module-list fl-node-7yur81nfa2w6 so-list\" data-node=\"7yur81nfa2w6\">\n\t<div class=\"fl-module-content fl-node-content\">\n\t\t<ul class=\"fl-list fl-list-unordered\">\t<li class=\"fl-list-item fl-list-item-0\">\n\t\t<div class=\"fl-list-item-wrapper\">\n\t\t\t<span class=\"fl-list-item-heading\"><span class=\"fl-list-item-heading-icon fl-list-item-heading-left\"><span class=\"fl-list-item-icon\"><\/span><\/span> <span class=\"fl-list-item-heading-text\">Vitesse maximale\u00a0: 38 n\u0153uds (avec 2x250HP) 41 n\u0153uds (avec 2x300HP) <\/span><\/span>\t\t<\/div>\n\t<\/li>\n\t\t<li class=\"fl-list-item fl-list-item-1\">\n\t\t<div class=\"fl-list-item-wrapper\">\n\t\t\t<span class=\"fl-list-item-heading\"><span class=\"fl-list-item-heading-icon fl-list-item-heading-left\"><span class=\"fl-list-item-icon\"><\/span><\/span> <span class=\"fl-list-item-heading-text\">Capacit\u00e9 du r\u00e9servoir de carburant : 250 gal US (946 l) <\/span><\/span>\t\t<\/div>\n\t<\/li>\n\t\t<li class=\"fl-list-item fl-list-item-2\">\n\t\t<div class=\"fl-list-item-wrapper\">\n\t\t\t<span class=\"fl-list-item-heading\"><span class=\"fl-list-item-heading-icon fl-list-item-heading-left\"><span class=\"fl-list-item-icon\"><\/span><\/span> <span class=\"fl-list-item-heading-text\">Capacit\u00e9 du r\u00e9servoir d&#039;eau\u00a0:\u00a050 gal US (184 l) <\/span><\/span>\t\t<\/div>\n\t<\/li>\n\t\t<li class=\"fl-list-item fl-list-item-3\">\n\t\t<div class=\"fl-list-item-wrapper\">\n\t\t\t<span class=\"fl-list-item-heading\"><span class=\"fl-list-item-heading-icon fl-list-item-heading-left\"><span class=\"fl-list-item-icon\"><\/span><\/span> <span class=\"fl-list-item-heading-text\">Nombre maximum. de Personnes \u00e0 bord : 11 personnes (y compris si\u00e8ge pilote)<\/span><\/span>\t\t<\/div>\n\t<\/li>\n\t<\/ul>\t<\/div>\n<\/div>\n<\/div>\n<\/div>\n\t<\/div>\n\t\t<\/div>\n\t<\/div>\n<\/div>\n<\/div><div class=\"uabb-js-breakpoint\" style=\"display: none;\"><\/div>\r\n<!-- \/content --><!-- \/tabs -->\r\n<p><img decoding=\"async\" title=\"Coast Guard 36\" src=\"http:\/\/www.smartown.ae\/wp-content\/uploads\/2023\/07\/Coast-Guard-36.png\" alt=\"Coast Guard 36\" \/><\/p>\r\n<h2>Catalogue<\/h2>\r\n<p>Pour plus d&#039;informations, veuillez t\u00e9l\u00e9charger le catalogue.<\/p>\r\n<p><a href=\"\/wp-content\/uploads\/2023\/09\/Coast-Guard-36_FR.pdf\" target=\"_blank\" rel=\"noopener\"> T\u00e9l\u00e9charger le catalogue <\/a><\/p>\r\n<h2>Devis<\/h2>\r\n<p>Si vous recherchez un bateau \u00e0 passagers ou une embarcation sp\u00e9cialis\u00e9e.<\/p>\r\n<p><a href=\"\/fr\/contactez-smartown\/\" target=\"_blank\" rel=\"noopener\"> Contactez-nous <\/a> <img loading=\"lazy\" decoding=\"async\" title=\"TALK TO US\" src=\"https:\/\/www.smartown.ae\/wp-content\/uploads\/2023\/07\/TALK-TO-US.png\" alt=\"TALK TO US\" width=\"161\" height=\"162\" \/><\/p>","protected":false},"excerpt":{"rendered":"<p>COAST GUARD 36 Robust, Manoeuvrable, Fast And Armed To Maintain Order At Sea\u200b Engineered to meet rigorous U.S. Coast Guard MIC-XVA standards, the\u00a0 Coast Guard 36 patrol boat combines luxury comfort with uncompromising performance. Perfectly positioned in the business class passenger boat segment, it offers optional weapon mounts and a reinforced hull for enhanced safety-ideal [&hellip;]<\/p>\n","protected":false},"author":2,"featured_media":0,"parent":0,"menu_order":0,"comment_status":"closed","ping_status":"closed","template":"","meta":{"site-sidebar-layout":"no-sidebar","site-content-layout":"page-builder","ast-site-content-layout":"full-width-container","site-content-style":"unboxed","site-sidebar-style":"unboxed","ast-global-header-display":"","ast-banner-title-visibility":"","ast-main-header-display":"","ast-hfb-above-header-display":"","ast-hfb-below-header-display":"","ast-hfb-mobile-header-display":"","site-post-title":"disabled","ast-breadcrumbs-content":"disabled","ast-featured-img":"disabled","footer-sml-layout":"","ast-disable-related-posts":"","theme-transparent-header-meta":"default","adv-header-id-meta":"","stick-header-meta":"","header-above-stick-meta":"","header-main-stick-meta":"","header-below-stick-meta":"","astra-migrate-meta-layouts":"set","ast-page-background-enabled":"default","ast-page-background-meta":{"desktop":{"background-color":"var(--ast-global-color-4)","background-image":"","background-repeat":"repeat","background-position":"center center","background-size":"auto","background-attachment":"scroll","background-type":"","background-media":"","overlay-type":"","overlay-color":"","overlay-opacity":"","overlay-gradient":""},"tablet":{"background-color":"","background-image":"","background-repeat":"repeat","background-position":"center center","background-size":"auto","background-attachment":"scroll","background-type":"","background-media":"","overlay-type":"","overlay-color":"","overlay-opacity":"","overlay-gradient":""},"mobile":{"background-color":"","background-image":"","background-repeat":"repeat","background-position":"center center","background-size":"auto","background-attachment":"scroll","background-type":"","background-media":"","overlay-type":"","overlay-color":"","overlay-opacity":"","overlay-gradient":""}},"ast-content-background-meta":{"desktop":{"background-color":"var(--ast-global-color-5)","background-image":"","background-repeat":"repeat","background-position":"center center","background-size":"auto","background-attachment":"scroll","background-type":"","background-media":"","overlay-type":"","overlay-color":"","overlay-opacity":"","overlay-gradient":""},"tablet":{"background-color":"var(--ast-global-color-5)","background-image":"","background-repeat":"repeat","background-position":"center center","background-size":"auto","background-attachment":"scroll","background-type":"","background-media":"","overlay-type":"","overlay-color":"","overlay-opacity":"","overlay-gradient":""},"mobile":{"background-color":"var(--ast-global-color-5)","background-image":"","background-repeat":"repeat","background-position":"center center","background-size":"auto","background-attachment":"scroll","background-type":"","background-media":"","overlay-type":"","overlay-color":"","overlay-opacity":"","overlay-gradient":""}},"footnotes":""},"class_list":["post-14882","page","type-page","status-publish","hentry"],"_links":{"self":[{"href":"https:\/\/www.smartown.ae\/fr\/wp-json\/wp\/v2\/pages\/14882","targetHints":{"allow":["GET"]}}],"collection":[{"href":"https:\/\/www.smartown.ae\/fr\/wp-json\/wp\/v2\/pages"}],"about":[{"href":"https:\/\/www.smartown.ae\/fr\/wp-json\/wp\/v2\/types\/page"}],"author":[{"embeddable":true,"href":"https:\/\/www.smartown.ae\/fr\/wp-json\/wp\/v2\/users\/2"}],"replies":[{"embeddable":true,"href":"https:\/\/www.smartown.ae\/fr\/wp-json\/wp\/v2\/comments?post=14882"}],"version-history":[{"count":0,"href":"https:\/\/www.smartown.ae\/fr\/wp-json\/wp\/v2\/pages\/14882\/revisions"}],"wp:attachment":[{"href":"https:\/\/www.smartown.ae\/fr\/wp-json\/wp\/v2\/media?parent=14882"}],"curies":[{"name":"wp","href":"https:\/\/api.w.org\/{rel}","templated":true}]}}