{"id":14788,"date":"2023-07-14T15:49:23","date_gmt":"2023-07-14T11:49:23","guid":{"rendered":"https:\/\/www.smartown.ae\/?page_id=14788"},"modified":"2025-10-16T13:34:52","modified_gmt":"2025-10-16T09:34:52","slug":"oryx-36","status":"publish","type":"page","link":"https:\/\/www.smartown.ae\/fr\/oryx-36\/","title":{"rendered":"ORIX 36"},"content":{"rendered":"<h1>\r\n\t\t\tORIX 36\t<\/h1>\r\n\t\t\t\t<img decoding=\"async\" src=\"https:\/\/www.smartown.ae\/wp-content\/uploads\/2022\/04\/smartown_wave_icon_white.png\" alt=\"smartown_wave_icon_white\" title=\"smartown_wave_icon_white\" itemprop=\"image\"\/>\r\n\t\t<h2>Le luxe sportif rencontre le confort pratique\u00a0: Oryx 36 Sports Cruiser<\/h2>\t\t\t\r\n\t<p>Le <strong>Oryx 36<\/strong> m\u00e9langes dynamiques <strong>performance<\/strong> avec raffin\u00e9 <strong>confort<\/strong>, ce qui en fait l&#039;id\u00e9al <strong>croiseur sportif<\/strong> pour les familles et les passionn\u00e9s de navigation qui appr\u00e9cient <strong>versatilit\u00e9<\/strong> et <strong>style<\/strong>.<\/p>\r\n<p>Con\u00e7u avec un espace spacieux <strong>Coin salon en L<\/strong> \u00e0 c\u00f4t\u00e9 du pilote, ce croiseur assure un acc\u00e8s facile au <strong>pont de baignade<\/strong> et beaucoup d&#039;espace pour se d\u00e9tendre ou recevoir des invit\u00e9s.<\/p>\r\n<p><strong>Mat\u00e9riaux haut de gamme<\/strong>, avanc\u00e9 <strong>ing\u00e9nierie de la coque<\/strong>, et un pont principal personnalisable vous permettent de refl\u00e9ter vos go\u00fbts personnels et de rendre chaque voyage unique.<\/p>\r\n<p>Avec deux chambres bien \u00e9quip\u00e9es <strong>cabines<\/strong> pouvant accueillir quatre personnes, avec des \u00e9quipements modernes et un <strong>Coque en PRV<\/strong>, le <strong>Oryx 36<\/strong> offre une conduite s\u00fbre et fluide, que vous partiez pour une journ\u00e9e d&#039;aventure ou un week-end de d\u00e9tente sur l&#039;eau.<\/p>\r\n<p>Si vous recherchez encore plus d&#039;espace et de performances, pensez au <a href=\"https:\/\/www.smartown.ae\/fr\/oryx-42\/\" target=\"_blank\" rel=\"noopener\"><strong>Oryx 42<\/strong><\/a>, qui allie une vitesse optimale, des si\u00e8ges remarquables et des espaces de d\u00e9tente suppl\u00e9mentaires pour une exp\u00e9rience de croisi\u00e8re vraiment inoubliable.<\/p>\r\n\t\t\t<a href=\"\/wp-content\/uploads\/2023\/09\/Oryx-36_FR.pdf\" target=\"_blank\" rel=\"noopener\">\r\n\t\t\t\t\t\t\tT\u00e9l\u00e9charger le catalogue\r\n\t\t\t<\/a>\r\n\t\t<nav>\r\n\t\t\t<ul>\r\n\t\t\t\t\t\t\t\t<li data-index=\"0\" tabindex=\"0\">\r\n\t\t\t\t\t<h5>\r\n\t\t\t\t\t\t<a href=\"javascript:void(0);\" tabindex=\"-1\">Caract\u00e9ristiques\r\n\t\t\t\t\t\t\t\t\t\t\t\t<\/a>\r\n\t\t\t\t\t<\/h5>\r\n\t\t\t\t<\/li>\r\n\t\t\t\t\t\t\t<\/ul>\r\n\t\t<\/nav>\r\n\t\t\t\t\t<div class=\"fl-builder-content fl-builder-content-14794 fl-builder-template fl-builder-layout-template fl-builder-global-templates-locked\" data-post-id=\"14794\"><div class=\"fl-row fl-row-full-width fl-row-bg-none fl-node-iohr5sql2pc0 fl-row-default-height fl-row-align-center\" data-node=\"iohr5sql2pc0\">\n\t<div class=\"fl-row-content-wrap\">\n\t\t<div class=\"uabb-row-separator uabb-top-row-separator\" >\n<\/div>\n\t\t\t\t\t\t<div class=\"fl-row-content fl-row-full-width fl-node-content\">\n\t\t\n<div class=\"fl-col-group fl-node-p41ubldf96vs\" data-node=\"p41ubldf96vs\">\n\t\t\t<div class=\"fl-col fl-node-uqftw2c8xzyb fl-col-bg-color fl-col-small\" data-node=\"uqftw2c8xzyb\">\n\t<div class=\"fl-col-content fl-node-content\"><div class=\"fl-module fl-module-list fl-node-280o3w7yafvx so-list\" data-node=\"280o3w7yafvx\">\n\t<div class=\"fl-module-content fl-node-content\">\n\t\t<ul class=\"fl-list fl-list-unordered\">\t<li class=\"fl-list-item fl-list-item-0\">\n\t\t<div class=\"fl-list-item-wrapper\">\n\t\t\t<span class=\"fl-list-item-heading\"><span class=\"fl-list-item-heading-icon fl-list-item-heading-left\"><span class=\"fl-list-item-icon\"><\/span><\/span> <span class=\"fl-list-item-heading-text\">Longueur hors tout : \u00ab sans moteurs \u00bb 36 pi 8 po (11,22 m) <\/span><\/span>\t\t<\/div>\n\t<\/li>\n\t\t<li class=\"fl-list-item fl-list-item-1\">\n\t\t<div class=\"fl-list-item-wrapper\">\n\t\t\t<span class=\"fl-list-item-heading\"><span class=\"fl-list-item-heading-icon fl-list-item-heading-left\"><span class=\"fl-list-item-icon\"><\/span><\/span> <span class=\"fl-list-item-heading-text\">Faisceau : 11 pi 6 po (3,50 m) <\/span><\/span>\t\t<\/div>\n\t<\/li>\n\t\t<li class=\"fl-list-item fl-list-item-2\">\n\t\t<div class=\"fl-list-item-wrapper\">\n\t\t\t<span class=\"fl-list-item-heading\"><span class=\"fl-list-item-heading-icon fl-list-item-heading-left\"><span class=\"fl-list-item-icon\"><\/span><\/span> <span class=\"fl-list-item-heading-text\">Tirant d&#039;eau\u00a0: 2 pi (0,60 m) <\/span><\/span>\t\t<\/div>\n\t<\/li>\n\t\t<li class=\"fl-list-item fl-list-item-3\">\n\t\t<div class=\"fl-list-item-wrapper\">\n\t\t\t<span class=\"fl-list-item-heading\"><span class=\"fl-list-item-heading-icon fl-list-item-heading-left\"><span class=\"fl-list-item-icon\"><\/span><\/span> <span class=\"fl-list-item-heading-text\">Mat\u00e9riau de la coque\u00a0: GRP <\/span><\/span>\t\t<\/div>\n\t<\/li>\n\t\t<li class=\"fl-list-item fl-list-item-4\">\n\t\t<div class=\"fl-list-item-wrapper\">\n\t\t\t<span class=\"fl-list-item-heading\"><span class=\"fl-list-item-heading-icon fl-list-item-heading-left\"><span class=\"fl-list-item-icon\"><\/span><\/span> <span class=\"fl-list-item-heading-text\">T\u00eate : 1 <\/span><\/span>\t\t<\/div>\n\t<\/li>\n\t<\/ul>\t<\/div>\n<\/div>\n<\/div>\n<\/div>\n\t\t\t<div class=\"fl-col fl-node-7lu8rn5aw4m0 fl-col-bg-color fl-col-small\" data-node=\"7lu8rn5aw4m0\">\n\t<div class=\"fl-col-content fl-node-content\"><div class=\"fl-module fl-module-list fl-node-obwir1dfn5yc so-list\" data-node=\"obwir1dfn5yc\">\n\t<div class=\"fl-module-content fl-node-content\">\n\t\t<ul class=\"fl-list fl-list-unordered\">\t<li class=\"fl-list-item fl-list-item-0\">\n\t\t<div class=\"fl-list-item-wrapper\">\n\t\t\t<span class=\"fl-list-item-heading\"><span class=\"fl-list-item-heading-icon fl-list-item-heading-left\"><span class=\"fl-list-item-icon\"><\/span><\/span> <span class=\"fl-list-item-heading-text\">HP max\u00a0: 700\u00a0ch recommand\u00e9 (522\u00a0kW) <\/span><\/span>\t\t<\/div>\n\t<\/li>\n\t\t<li class=\"fl-list-item fl-list-item-1\">\n\t\t<div class=\"fl-list-item-wrapper\">\n\t\t\t<span class=\"fl-list-item-heading\"><span class=\"fl-list-item-heading-icon fl-list-item-heading-left\"><span class=\"fl-list-item-icon\"><\/span><\/span> <span class=\"fl-list-item-heading-text\">Capacit\u00e9 du r\u00e9servoir de carburant : 200 gal US (760 l) <\/span><\/span>\t\t<\/div>\n\t<\/li>\n\t\t<li class=\"fl-list-item fl-list-item-2\">\n\t\t<div class=\"fl-list-item-wrapper\">\n\t\t\t<span class=\"fl-list-item-heading\"><span class=\"fl-list-item-heading-icon fl-list-item-heading-left\"><span class=\"fl-list-item-icon\"><\/span><\/span> <span class=\"fl-list-item-heading-text\">Capacit\u00e9 du r\u00e9servoir d&#039;eau\u00a0:\u00a040 gal US (150 l) <\/span><\/span>\t\t<\/div>\n\t<\/li>\n\t\t<li class=\"fl-list-item fl-list-item-3\">\n\t\t<div class=\"fl-list-item-wrapper\">\n\t\t\t<span class=\"fl-list-item-heading\"><span class=\"fl-list-item-heading-icon fl-list-item-heading-left\"><span class=\"fl-list-item-icon\"><\/span><\/span> <span class=\"fl-list-item-heading-text\">H\u00e9bergement : Cabine propri\u00e9taire (2 couchettes) Cabine invit\u00e9s (2 couchettes)<\/span><\/span>\t\t<\/div>\n\t<\/li>\n\t<\/ul>\t<\/div>\n<\/div>\n<\/div>\n<\/div>\n\t<\/div>\n\t\t<\/div>\n\t<\/div>\n<\/div>\n<\/div><div class=\"uabb-js-breakpoint\" style=\"display: none;\"><\/div>\t\t\t\t\r\n\t\t\t\t\t<!-- \/content -->\r\n\t<!-- \/tabs -->\r\n\t\t\t\t<img decoding=\"async\" src=\"http:\/\/www.smartown.ae\/wp-content\/uploads\/2023\/10\/new-image-1.png\" alt=\"nouvelle-image-1\" itemprop=\"image\" title=\"nouvelle-image-1\" onerror=\"this.style.display='none'\" loading='lazy' \/>\r\n\t\t\t\t<img decoding=\"async\" src=\"http:\/\/www.smartown.ae\/wp-content\/uploads\/2023\/10\/new-image-2.png\" alt=\"nouvelle-image-2\" itemprop=\"image\" title=\"nouvelle-image-2\" onerror=\"this.style.display='none'\" loading='lazy' \/>\r\n<h2>\r\n\t\t\tCatalogue\t<\/h2>\r\n\t<p>Pour plus d&#039;informations, veuillez t\u00e9l\u00e9charger le catalogue.<\/p>\r\n\t\t\t<a href=\"\/wp-content\/uploads\/2023\/09\/Oryx-36_FR.pdf\" target=\"_blank\" rel=\"noopener\">\r\n\t\t\t\t\t\t\tT\u00e9l\u00e9charger le catalogue\r\n\t\t\t<\/a>\r\n<h2>\r\n\t\t\tDevis\t<\/h2>\r\n\t<p>Si vous recherchez un bateau \u00e0 passagers ou une embarcation sp\u00e9cialis\u00e9e.<\/p>\r\n\t\t\t<a href=\"\/fr\/contactez-smartown\/\" target=\"_blank\" rel=\"noopener\">\r\n\t\t\t\t\t\t\tContactez-nous\r\n\t\t\t<\/a>\r\n\t\t\t\t<img decoding=\"async\" src=\"https:\/\/www.smartown.ae\/wp-content\/uploads\/2023\/07\/TALK-TO-US.png\" alt=\"TALK TO US\" itemprop=\"image\" height=\"162\" width=\"161\" title=\"TALK TO US\" onerror=\"this.style.display='none'\" loading='lazy' \/>\r\n<h3>\r\n\t\t\tCroiseurs sportifs similaires \t<\/h3>\r\n\t<a href=\"https:\/\/www.smartown.ae\/fr\/oryx-42\/\" target=\"_self\"  aria-label=\"Allez sur https:\/\/www.smartown.ae\/oryx-42\/\"><\/a>\r\n\t\t\t\t<img decoding=\"async\" src=\"http:\/\/www.smartown.ae\/wp-content\/uploads\/2023\/07\/ORYX-42-20-scaled.jpg\" alt=\"ORIX 42\" title=\"ORIX 42\" itemprop=\"image\"\/>\r\n\t\t<h4>ORIX 42<\/h4>\t\t\t\r\n\t<a href=\"https:\/\/www.smartown.ae\/fr\/oryx-379\/\" target=\"_self\"  aria-label=\"Allez sur https:\/\/www.smartown.ae\/oryx-379\/\"><\/a>\r\n\t\t\t\t<img decoding=\"async\" src=\"http:\/\/www.smartown.ae\/wp-content\/uploads\/2023\/07\/ORYX-379-16-scaled.jpg\" alt=\"ORIX 379\" title=\"ORIX 379\" itemprop=\"image\"\/>\r\n\t\t<h4>ORIX 379<\/h4>","protected":false},"excerpt":{"rendered":"<p>ORYX 36 Sporty Luxury Meets Practical Comfort: Oryx 36 Sports Cruiser The Oryx 36 blends dynamic performance with refined comfort, making it the ideal sports cruiser for families and boating enthusiasts who value versatility and style. Designed with a spacious L-shaped seating area next to the pilot, this cruiser ensures easy access to the swim [&hellip;]<\/p>\n","protected":false},"author":2,"featured_media":0,"parent":0,"menu_order":0,"comment_status":"closed","ping_status":"closed","template":"","meta":{"site-sidebar-layout":"no-sidebar","site-content-layout":"page-builder","ast-site-content-layout":"full-width-container","site-content-style":"unboxed","site-sidebar-style":"unboxed","ast-global-header-display":"","ast-banner-title-visibility":"","ast-main-header-display":"","ast-hfb-above-header-display":"","ast-hfb-below-header-display":"","ast-hfb-mobile-header-display":"","site-post-title":"disabled","ast-breadcrumbs-content":"disabled","ast-featured-img":"disabled","footer-sml-layout":"","ast-disable-related-posts":"","theme-transparent-header-meta":"default","adv-header-id-meta":"","stick-header-meta":"","header-above-stick-meta":"","header-main-stick-meta":"","header-below-stick-meta":"","astra-migrate-meta-layouts":"set","ast-page-background-enabled":"default","ast-page-background-meta":{"desktop":{"background-color":"var(--ast-global-color-4)","background-image":"","background-repeat":"repeat","background-position":"center center","background-size":"auto","background-attachment":"scroll","background-type":"","background-media":"","overlay-type":"","overlay-color":"","overlay-opacity":"","overlay-gradient":""},"tablet":{"background-color":"","background-image":"","background-repeat":"repeat","background-position":"center center","background-size":"auto","background-attachment":"scroll","background-type":"","background-media":"","overlay-type":"","overlay-color":"","overlay-opacity":"","overlay-gradient":""},"mobile":{"background-color":"","background-image":"","background-repeat":"repeat","background-position":"center center","background-size":"auto","background-attachment":"scroll","background-type":"","background-media":"","overlay-type":"","overlay-color":"","overlay-opacity":"","overlay-gradient":""}},"ast-content-background-meta":{"desktop":{"background-color":"var(--ast-global-color-5)","background-image":"","background-repeat":"repeat","background-position":"center center","background-size":"auto","background-attachment":"scroll","background-type":"","background-media":"","overlay-type":"","overlay-color":"","overlay-opacity":"","overlay-gradient":""},"tablet":{"background-color":"var(--ast-global-color-5)","background-image":"","background-repeat":"repeat","background-position":"center center","background-size":"auto","background-attachment":"scroll","background-type":"","background-media":"","overlay-type":"","overlay-color":"","overlay-opacity":"","overlay-gradient":""},"mobile":{"background-color":"var(--ast-global-color-5)","background-image":"","background-repeat":"repeat","background-position":"center center","background-size":"auto","background-attachment":"scroll","background-type":"","background-media":"","overlay-type":"","overlay-color":"","overlay-opacity":"","overlay-gradient":""}},"footnotes":""},"class_list":["post-14788","page","type-page","status-publish","hentry"],"_links":{"self":[{"href":"https:\/\/www.smartown.ae\/fr\/wp-json\/wp\/v2\/pages\/14788","targetHints":{"allow":["GET"]}}],"collection":[{"href":"https:\/\/www.smartown.ae\/fr\/wp-json\/wp\/v2\/pages"}],"about":[{"href":"https:\/\/www.smartown.ae\/fr\/wp-json\/wp\/v2\/types\/page"}],"author":[{"embeddable":true,"href":"https:\/\/www.smartown.ae\/fr\/wp-json\/wp\/v2\/users\/2"}],"replies":[{"embeddable":true,"href":"https:\/\/www.smartown.ae\/fr\/wp-json\/wp\/v2\/comments?post=14788"}],"version-history":[{"count":0,"href":"https:\/\/www.smartown.ae\/fr\/wp-json\/wp\/v2\/pages\/14788\/revisions"}],"wp:attachment":[{"href":"https:\/\/www.smartown.ae\/fr\/wp-json\/wp\/v2\/media?parent=14788"}],"curies":[{"name":"wp","href":"https:\/\/api.w.org\/{rel}","templated":true}]}}