{"id":14607,"date":"2023-07-14T14:00:54","date_gmt":"2023-07-14T10:00:54","guid":{"rendered":"https:\/\/www.smartown.ae\/?page_id=14607"},"modified":"2025-11-06T19:07:03","modified_gmt":"2025-11-06T15:07:03","slug":"silvercat-34ht","status":"publish","type":"page","link":"https:\/\/www.smartown.ae\/fr\/silvercat-34ht\/","title":{"rendered":"SilverCat 34HT"},"content":{"rendered":"<h1>\n\t\t\tSilverCat 34HT\t<\/h1>\n\t\t\t\t<img decoding=\"async\" src=\"https:\/\/www.smartown.ae\/wp-content\/uploads\/2022\/04\/smartown_wave_icon_white.png\" alt=\"smartown_wave_icon_white\" title=\"smartown_wave_icon_white\" itemprop=\"image\"\/>\n\t\t<h2>Catamaran Multifonctionnel Adapt\u00e9 Aux Intemp\u00e9ries\u200b<\/h2>\t\t\t\n\t<p>Le saisissant SilverCat 34HT pr\u00e9sente de superbes finitions et une coque oc\u00e9anique qui a \u00e9t\u00e9 raffin\u00e9e pour la haute mer. Capable de g\u00e9rer efficacement certaines des plus grandes houles sur les eaux, l&#039;imbattable SilverCat 34HT est \u00e9quip\u00e9 d&#039;un toit rigide en fibre de verre, qui offre une grande zone d&#039;ombre parfaite pour les r\u00e9ceptions et diff\u00e9rentes applications utilitaires.<\/p>\n\t\t\t<a href=\"\/wp-content\/uploads\/2023\/09\/SilverCat-34HT_FR.pdf\" target=\"_blank\" rel=\"noopener\">\n\t\t\t\t\t\t\tT\u00e9l\u00e9charger le catalogue\n\t\t\t<\/a>\n\t\t<nav>\n\t\t\t<ul>\n\t\t\t\t\t\t\t\t<li data-index=\"0\" tabindex=\"0\">\n\t\t\t\t\t<h5>\n\t\t\t\t\t\t<a href=\"javascript:void(0);\" tabindex=\"-1\">Caract\u00e9ristiques\n\t\t\t\t\t\t\t\t\t\t\t\t<\/a>\n\t\t\t\t\t<\/h5>\n\t\t\t\t<\/li>\n\t\t\t\t\t\t\t<\/ul>\n\t\t<\/nav>\n\t\t\t\t\t<div class=\"fl-builder-content fl-builder-content-14642 fl-builder-template fl-builder-layout-template fl-builder-global-templates-locked\" data-post-id=\"14642\"><div class=\"fl-row fl-row-full-width fl-row-bg-none fl-node-jz41insa3c6p fl-row-default-height fl-row-align-center\" data-node=\"jz41insa3c6p\">\n\t<div class=\"fl-row-content-wrap\">\n\t\t<div class=\"uabb-row-separator uabb-top-row-separator\" >\n<\/div>\n\t\t\t\t\t\t<div class=\"fl-row-content fl-row-full-width fl-node-content\">\n\t\t\n<div class=\"fl-col-group fl-node-ixol3e6h1uad\" data-node=\"ixol3e6h1uad\">\n\t\t\t<div class=\"fl-col fl-node-rwum0htclxaj fl-col-bg-color fl-col-small\" data-node=\"rwum0htclxaj\">\n\t<div class=\"fl-col-content fl-node-content\"><div class=\"fl-module fl-module-list fl-node-mhe84l50vutf so-list\" data-node=\"mhe84l50vutf\">\n\t<div class=\"fl-module-content fl-node-content\">\n\t\t<ul class=\"fl-list fl-list-unordered\">\t<li class=\"fl-list-item fl-list-item-0\">\n\t\t<div class=\"fl-list-item-wrapper\">\n\t\t\t<span class=\"fl-list-item-heading\"><span class=\"fl-list-item-heading-icon fl-list-item-heading-left\"><span class=\"fl-list-item-icon\"><\/span><\/span> <span class=\"fl-list-item-heading-text\">Longueur hors tout : \u00ab avec moteurs \u00bb 34 pi 5 po (10,47 m) <\/span><\/span>\t\t<\/div>\n\t<\/li>\n\t\t<li class=\"fl-list-item fl-list-item-1\">\n\t\t<div class=\"fl-list-item-wrapper\">\n\t\t\t<span class=\"fl-list-item-heading\"><span class=\"fl-list-item-heading-icon fl-list-item-heading-left\"><span class=\"fl-list-item-icon\"><\/span><\/span> <span class=\"fl-list-item-heading-text\">Faisceau : 10 pi 8 po (3,24 m) <\/span><\/span>\t\t<\/div>\n\t<\/li>\n\t\t<li class=\"fl-list-item fl-list-item-2\">\n\t\t<div class=\"fl-list-item-wrapper\">\n\t\t\t<span class=\"fl-list-item-heading\"><span class=\"fl-list-item-heading-icon fl-list-item-heading-left\"><span class=\"fl-list-item-icon\"><\/span><\/span> <span class=\"fl-list-item-heading-text\">Tirant d&#039;eau : 1 pi 4 po (0,40 m) <\/span><\/span>\t\t<\/div>\n\t<\/li>\n\t\t<li class=\"fl-list-item fl-list-item-3\">\n\t\t<div class=\"fl-list-item-wrapper\">\n\t\t\t<span class=\"fl-list-item-heading\"><span class=\"fl-list-item-heading-icon fl-list-item-heading-left\"><span class=\"fl-list-item-icon\"><\/span><\/span> <span class=\"fl-list-item-heading-text\">Type de coque : Catamaran \u00e0 double coque <\/span><\/span>\t\t<\/div>\n\t<\/li>\n\t\t<li class=\"fl-list-item fl-list-item-4\">\n\t\t<div class=\"fl-list-item-wrapper\">\n\t\t\t<span class=\"fl-list-item-heading\"><span class=\"fl-list-item-heading-icon fl-list-item-heading-left\"><span class=\"fl-list-item-icon\"><\/span><\/span> <span class=\"fl-list-item-heading-text\">Mat\u00e9riau de la coque\u00a0: GRP <\/span><\/span>\t\t<\/div>\n\t<\/li>\n\t<\/ul>\t<\/div>\n<\/div>\n<\/div>\n<\/div>\n\t\t\t<div class=\"fl-col fl-node-gxdzk97ho8bp fl-col-bg-color fl-col-small\" data-node=\"gxdzk97ho8bp\">\n\t<div class=\"fl-col-content fl-node-content\"><div class=\"fl-module fl-module-list fl-node-qzhm2vl7368n so-list\" data-node=\"qzhm2vl7368n\">\n\t<div class=\"fl-module-content fl-node-content\">\n\t\t<ul class=\"fl-list fl-list-unordered\">\t<li class=\"fl-list-item fl-list-item-0\">\n\t\t<div class=\"fl-list-item-wrapper\">\n\t\t\t<span class=\"fl-list-item-heading\"><span class=\"fl-list-item-heading-icon fl-list-item-heading-left\"><span class=\"fl-list-item-icon\"><\/span><\/span> <span class=\"fl-list-item-heading-text\">D\u00e9placement : 3,8 tonnes <\/span><\/span>\t\t<\/div>\n\t<\/li>\n\t\t<li class=\"fl-list-item fl-list-item-1\">\n\t\t<div class=\"fl-list-item-wrapper\">\n\t\t\t<span class=\"fl-list-item-heading\"><span class=\"fl-list-item-heading-icon fl-list-item-heading-left\"><span class=\"fl-list-item-icon\"><\/span><\/span> <span class=\"fl-list-item-heading-text\">HP max\u00a0: 600\u00a0ch recommand\u00e9 (448\u00a0kW) <\/span><\/span>\t\t<\/div>\n\t<\/li>\n\t\t<li class=\"fl-list-item fl-list-item-2\">\n\t\t<div class=\"fl-list-item-wrapper\">\n\t\t\t<span class=\"fl-list-item-heading\"><span class=\"fl-list-item-heading-icon fl-list-item-heading-left\"><span class=\"fl-list-item-icon\"><\/span><\/span> <span class=\"fl-list-item-heading-text\">Capacit\u00e9 du r\u00e9servoir de carburant\u00a0:\u00a0300 gal US (1\u00a0136 l) <\/span><\/span>\t\t<\/div>\n\t<\/li>\n\t\t<li class=\"fl-list-item fl-list-item-3\">\n\t\t<div class=\"fl-list-item-wrapper\">\n\t\t\t<span class=\"fl-list-item-heading\"><span class=\"fl-list-item-heading-icon fl-list-item-heading-left\"><span class=\"fl-list-item-icon\"><\/span><\/span> <span class=\"fl-list-item-heading-text\">Capacit\u00e9 du r\u00e9servoir d&#039;eau\u00a0:\u00a020 gal US (75,7 l) <\/span><\/span>\t\t<\/div>\n\t<\/li>\n\t\t<li class=\"fl-list-item fl-list-item-4\">\n\t\t<div class=\"fl-list-item-wrapper\">\n\t\t\t<span class=\"fl-list-item-heading\"><span class=\"fl-list-item-heading-icon fl-list-item-heading-left\"><span class=\"fl-list-item-icon\"><\/span><\/span> <span class=\"fl-list-item-heading-text\">Nombre maximum. de personnes \u00e0 bord : 10 personnes (standard) 14 personnes (en option)<\/span><\/span>\t\t<\/div>\n\t<\/li>\n\t<\/ul>\t<\/div>\n<\/div>\n<\/div>\n<\/div>\n\t<\/div>\n\t\t<\/div>\n\t<\/div>\n<\/div>\n<\/div><div class=\"uabb-js-breakpoint\" style=\"display: none;\"><\/div>\t\t\t\t\n\t\t\t\t\t<!-- \/content -->\n\t<!-- \/tabs -->\n\t\t\t\t<img decoding=\"async\" src=\"http:\/\/www.smartown.ae\/wp-content\/uploads\/2023\/07\/SILVERCAT-34HT-2.jpg\" alt=\"SILVERCAT 34HT\" itemprop=\"image\" title=\"SILVERCAT 34HT\" onerror=\"this.style.display='none'\" loading=\"lazy\" \/>\n<h2>\n\t\t\tVid\u00e9o\t<\/h2>\n\t\t\t\t\t<img decoding=\"async\" src=\"https:\/\/www.smartown.ae\/wp-content\/uploads\/2023\/07\/SILVERCAT-34HT-2-2.jpg\" alt=\"\">\n\t\t<h2>\n\t\t\tCatalogue\t<\/h2>\n\t<p>Pour plus d&#039;informations, veuillez t\u00e9l\u00e9charger le catalogue.<\/p>\n\t\t\t<a href=\"\/wp-content\/uploads\/2023\/09\/SilverCat-34HT_FR.pdf\" target=\"_blank\" rel=\"noopener\">\n\t\t\t\t\t\t\tT\u00e9l\u00e9charger le catalogue\n\t\t\t<\/a>\n<h2>\n\t\t\tDevis\t<\/h2>\n\t<p>Si vous recherchez un bateau \u00e0 passagers ou une embarcation sp\u00e9cialis\u00e9e.<\/p>\n\t\t\t<a href=\"\/fr\/contactez-smartown\/\" target=\"_blank\" rel=\"noopener\">\n\t\t\t\t\t\t\tContactez-nous\n\t\t\t<\/a>\n\t\t\t\t<img decoding=\"async\" src=\"https:\/\/www.smartown.ae\/wp-content\/uploads\/2023\/07\/TALK-TO-US.png\" alt=\"TALK TO US\" itemprop=\"image\" height=\"162\" width=\"161\" title=\"TALK TO US\" onerror=\"this.style.display='none'\" loading=\"lazy\" \/>\n<h3>\n\t\t\tBateaux de p\u00eache similaires\t<\/h3>\n\t<a href=\"\/fr\/silver-craft-36-ht\/\" target=\"_self\"  aria-label=\"Acc\u00e9dez \u00e0 \/silver-craft-36-ht\/\"><\/a>\n\t\t\t\t<img decoding=\"async\" src=\"https:\/\/www.smartown.ae\/wp-content\/uploads\/2023\/07\/SILVER-CRAFT-36HT-1.jpg\" alt=\"ARTISANAT ARGENT 36HT (1)\" title=\"ARTISANAT ARGENT 36HT (1)\" itemprop=\"image\"\/>\n\t\t<h4>Silver Craft 36HT<\/h4>\t\t\t\n\t<a href=\"\/fr\/silvercat-34cc\/\" target=\"_self\"  aria-label=\"Allez dans \/silvercat-34cc\/\"><\/a>\n\t\t\t\t<img decoding=\"async\" src=\"https:\/\/www.smartown.ae\/wp-content\/uploads\/2023\/07\/SILVERCAT-34CC-1-scaled.jpg\" alt=\"SILVERCAT 34CC (1)\" title=\"SILVERCAT 34CC (1)\" itemprop=\"image\"\/>\n\t\t<h4>SilverCat 34CC<\/h4>\t\t\t\n\t<a href=\"\/fr\/silvercat-34lux\/\" target=\"_self\"  aria-label=\"Allez dans \/silvercat-34lux\/\"><\/a>\n\t\t\t\t<img decoding=\"async\" src=\"https:\/\/www.smartown.ae\/wp-content\/uploads\/2023\/07\/SilverCat-34Lux-1-scaled.jpg\" alt=\"SilverCat 34Lux (1)\" title=\"SilverCat 34Lux (1)\" itemprop=\"image\"\/>\n\t\t<h4>ArgentCat 34Lux<\/h4>","protected":false},"excerpt":{"rendered":"<p>SilverCat 34HT Multifunctional Catamaran Adapted To The Rough Weather\u200b The striking SilverCat 34HT is featuring superb finishes and an ocean-going hull that has been refined for the high seas. Able to handle some of the largest swells on the waters with efficiency, the unbeatable SilverCat 34HT is fitted with a fiberglass hard top, which provides [&hellip;]<\/p>\n","protected":false},"author":2,"featured_media":0,"parent":0,"menu_order":0,"comment_status":"closed","ping_status":"closed","template":"","meta":{"site-sidebar-layout":"no-sidebar","site-content-layout":"page-builder","ast-site-content-layout":"full-width-container","site-content-style":"unboxed","site-sidebar-style":"unboxed","ast-global-header-display":"","ast-banner-title-visibility":"","ast-main-header-display":"","ast-hfb-above-header-display":"","ast-hfb-below-header-display":"","ast-hfb-mobile-header-display":"","site-post-title":"disabled","ast-breadcrumbs-content":"disabled","ast-featured-img":"disabled","footer-sml-layout":"","ast-disable-related-posts":"","theme-transparent-header-meta":"default","adv-header-id-meta":"","stick-header-meta":"","header-above-stick-meta":"","header-main-stick-meta":"","header-below-stick-meta":"","astra-migrate-meta-layouts":"set","ast-page-background-enabled":"default","ast-page-background-meta":{"desktop":{"background-color":"var(--ast-global-color-4)","background-image":"","background-repeat":"repeat","background-position":"center center","background-size":"auto","background-attachment":"scroll","background-type":"","background-media":"","overlay-type":"","overlay-color":"","overlay-opacity":"","overlay-gradient":""},"tablet":{"background-color":"","background-image":"","background-repeat":"repeat","background-position":"center center","background-size":"auto","background-attachment":"scroll","background-type":"","background-media":"","overlay-type":"","overlay-color":"","overlay-opacity":"","overlay-gradient":""},"mobile":{"background-color":"","background-image":"","background-repeat":"repeat","background-position":"center center","background-size":"auto","background-attachment":"scroll","background-type":"","background-media":"","overlay-type":"","overlay-color":"","overlay-opacity":"","overlay-gradient":""}},"ast-content-background-meta":{"desktop":{"background-color":"var(--ast-global-color-5)","background-image":"","background-repeat":"repeat","background-position":"center center","background-size":"auto","background-attachment":"scroll","background-type":"","background-media":"","overlay-type":"","overlay-color":"","overlay-opacity":"","overlay-gradient":""},"tablet":{"background-color":"var(--ast-global-color-5)","background-image":"","background-repeat":"repeat","background-position":"center center","background-size":"auto","background-attachment":"scroll","background-type":"","background-media":"","overlay-type":"","overlay-color":"","overlay-opacity":"","overlay-gradient":""},"mobile":{"background-color":"var(--ast-global-color-5)","background-image":"","background-repeat":"repeat","background-position":"center center","background-size":"auto","background-attachment":"scroll","background-type":"","background-media":"","overlay-type":"","overlay-color":"","overlay-opacity":"","overlay-gradient":""}},"footnotes":""},"class_list":["post-14607","page","type-page","status-publish","hentry"],"_links":{"self":[{"href":"https:\/\/www.smartown.ae\/fr\/wp-json\/wp\/v2\/pages\/14607","targetHints":{"allow":["GET"]}}],"collection":[{"href":"https:\/\/www.smartown.ae\/fr\/wp-json\/wp\/v2\/pages"}],"about":[{"href":"https:\/\/www.smartown.ae\/fr\/wp-json\/wp\/v2\/types\/page"}],"author":[{"embeddable":true,"href":"https:\/\/www.smartown.ae\/fr\/wp-json\/wp\/v2\/users\/2"}],"replies":[{"embeddable":true,"href":"https:\/\/www.smartown.ae\/fr\/wp-json\/wp\/v2\/comments?post=14607"}],"version-history":[{"count":0,"href":"https:\/\/www.smartown.ae\/fr\/wp-json\/wp\/v2\/pages\/14607\/revisions"}],"wp:attachment":[{"href":"https:\/\/www.smartown.ae\/fr\/wp-json\/wp\/v2\/media?parent=14607"}],"curies":[{"name":"wp","href":"https:\/\/api.w.org\/{rel}","templated":true}]}}