{"id":14606,"date":"2023-07-14T14:00:52","date_gmt":"2023-07-14T10:00:52","guid":{"rendered":"https:\/\/www.smartown.ae\/?page_id=14606"},"modified":"2025-11-06T19:06:30","modified_gmt":"2025-11-06T15:06:30","slug":"silvercat-34lux","status":"publish","type":"page","link":"https:\/\/www.smartown.ae\/fr\/silvercat-34lux\/","title":{"rendered":"SilverCat 34LUX"},"content":{"rendered":"<h1>\n\t\t\tSilverCat 34LUX\t<\/h1>\n\t\t\t\t<img decoding=\"async\" src=\"https:\/\/www.smartown.ae\/wp-content\/uploads\/2022\/04\/smartown_wave_icon_white.png\" alt=\"smartown_wave_icon_white\" title=\"smartown_wave_icon_white\" itemprop=\"image\"\/>\n\t\t<h2>Catamaran familial abordable avec confort et espace de pont g\u00e9n\u00e9reux<\/h2>\t\t\t\n\t<p>Ce SilverCat 34LUX polyvalent est construit comme un pont ferm\u00e9 offrant un transport confortable. Les coins salons int\u00e9rieurs et ext\u00e9rieurs sont g\u00e9n\u00e9reux et peuvent accueillir jusqu&#039;\u00e0 14 personnes. La conception avanc\u00e9e de la coque, issue du pedigree du chantier naval en mati\u00e8re de construction de catamarans performants, offre \u00e9galement beaucoup plus d&#039;options de puissance que les catamarans conventionnels.<\/p>\n\t\t\t<a href=\"\/wp-content\/uploads\/2023\/09\/SilverCat-34LUX_FR.pdf\" target=\"_blank\" rel=\"noopener\">\n\t\t\t\t\t\t\tT\u00e9l\u00e9charger le catalogue\n\t\t\t<\/a>\n\t\t<nav>\n\t\t\t<ul>\n\t\t\t\t\t\t\t\t<li data-index=\"0\" tabindex=\"0\">\n\t\t\t\t\t<h5>\n\t\t\t\t\t\t<a href=\"javascript:void(0);\" tabindex=\"-1\">Caract\u00e9ristiques\n\t\t\t\t\t\t\t\t\t\t\t\t<\/a>\n\t\t\t\t\t<\/h5>\n\t\t\t\t<\/li>\n\t\t\t\t\t\t\t<\/ul>\n\t\t<\/nav>\n\t\t\t\t\t<div class=\"fl-builder-content fl-builder-content-14683 fl-builder-template fl-builder-layout-template fl-builder-global-templates-locked\" data-post-id=\"14683\"><div class=\"fl-row fl-row-full-width fl-row-bg-none fl-node-i2tabyr39lfx fl-row-default-height fl-row-align-center\" data-node=\"i2tabyr39lfx\">\n\t<div class=\"fl-row-content-wrap\">\n\t\t<div class=\"uabb-row-separator uabb-top-row-separator\" >\n<\/div>\n\t\t\t\t\t\t<div class=\"fl-row-content fl-row-full-width fl-node-content\">\n\t\t\n<div class=\"fl-col-group fl-node-s6czil8nr3fx\" data-node=\"s6czil8nr3fx\">\n\t\t\t<div class=\"fl-col fl-node-z452hqylobgv fl-col-bg-color fl-col-small\" data-node=\"z452hqylobgv\">\n\t<div class=\"fl-col-content fl-node-content\"><div class=\"fl-module fl-module-list fl-node-0ciof8dt2sky so-list\" data-node=\"0ciof8dt2sky\">\n\t<div class=\"fl-module-content fl-node-content\">\n\t\t<ul class=\"fl-list fl-list-unordered\">\t<li class=\"fl-list-item fl-list-item-0\">\n\t\t<div class=\"fl-list-item-wrapper\">\n\t\t\t<span class=\"fl-list-item-heading\"><span class=\"fl-list-item-heading-icon fl-list-item-heading-left\"><span class=\"fl-list-item-icon\"><\/span><\/span> <span class=\"fl-list-item-heading-text\">Longueur hors tout : \u00ab avec moteurs \u00bb 34 pi 5 po (10,47 m) <\/span><\/span>\t\t<\/div>\n\t<\/li>\n\t\t<li class=\"fl-list-item fl-list-item-1\">\n\t\t<div class=\"fl-list-item-wrapper\">\n\t\t\t<span class=\"fl-list-item-heading\"><span class=\"fl-list-item-heading-icon fl-list-item-heading-left\"><span class=\"fl-list-item-icon\"><\/span><\/span> <span class=\"fl-list-item-heading-text\">Faisceau : 10 pi 8 po (3,24 m) <\/span><\/span>\t\t<\/div>\n\t<\/li>\n\t\t<li class=\"fl-list-item fl-list-item-2\">\n\t\t<div class=\"fl-list-item-wrapper\">\n\t\t\t<span class=\"fl-list-item-heading\"><span class=\"fl-list-item-heading-icon fl-list-item-heading-left\"><span class=\"fl-list-item-icon\"><\/span><\/span> <span class=\"fl-list-item-heading-text\">Tirant d&#039;eau : 1 pi 4 po (0,40 m) <\/span><\/span>\t\t<\/div>\n\t<\/li>\n\t\t<li class=\"fl-list-item fl-list-item-3\">\n\t\t<div class=\"fl-list-item-wrapper\">\n\t\t\t<span class=\"fl-list-item-heading\"><span class=\"fl-list-item-heading-icon fl-list-item-heading-left\"><span class=\"fl-list-item-icon\"><\/span><\/span> <span class=\"fl-list-item-heading-text\">Type de coque : Catamaran \u00e0 double coque <\/span><\/span>\t\t<\/div>\n\t<\/li>\n\t\t<li class=\"fl-list-item fl-list-item-4\">\n\t\t<div class=\"fl-list-item-wrapper\">\n\t\t\t<span class=\"fl-list-item-heading\"><span class=\"fl-list-item-heading-icon fl-list-item-heading-left\"><span class=\"fl-list-item-icon\"><\/span><\/span> <span class=\"fl-list-item-heading-text\">Mat\u00e9riau de la coque\u00a0: GRP <\/span><\/span>\t\t<\/div>\n\t<\/li>\n\t<\/ul>\t<\/div>\n<\/div>\n<\/div>\n<\/div>\n\t\t\t<div class=\"fl-col fl-node-m7hg024criwu fl-col-bg-color fl-col-small\" data-node=\"m7hg024criwu\">\n\t<div class=\"fl-col-content fl-node-content\"><div class=\"fl-module fl-module-list fl-node-256jeczpwsmg so-list\" data-node=\"256jeczpwsmg\">\n\t<div class=\"fl-module-content fl-node-content\">\n\t\t<ul class=\"fl-list fl-list-unordered\">\t<li class=\"fl-list-item fl-list-item-0\">\n\t\t<div class=\"fl-list-item-wrapper\">\n\t\t\t<span class=\"fl-list-item-heading\"><span class=\"fl-list-item-heading-icon fl-list-item-heading-left\"><span class=\"fl-list-item-icon\"><\/span><\/span> <span class=\"fl-list-item-heading-text\">D\u00e9placement : 3,8 tonnes <\/span><\/span>\t\t<\/div>\n\t<\/li>\n\t\t<li class=\"fl-list-item fl-list-item-1\">\n\t\t<div class=\"fl-list-item-wrapper\">\n\t\t\t<span class=\"fl-list-item-heading\"><span class=\"fl-list-item-heading-icon fl-list-item-heading-left\"><span class=\"fl-list-item-icon\"><\/span><\/span> <span class=\"fl-list-item-heading-text\">HP max\u00a0: 600\u00a0ch recommand\u00e9 (448\u00a0kW) <\/span><\/span>\t\t<\/div>\n\t<\/li>\n\t\t<li class=\"fl-list-item fl-list-item-2\">\n\t\t<div class=\"fl-list-item-wrapper\">\n\t\t\t<span class=\"fl-list-item-heading\"><span class=\"fl-list-item-heading-icon fl-list-item-heading-left\"><span class=\"fl-list-item-icon\"><\/span><\/span> <span class=\"fl-list-item-heading-text\">Capacit\u00e9 du r\u00e9servoir de carburant\u00a0:\u00a0300 gal US (1\u00a0136 l) <\/span><\/span>\t\t<\/div>\n\t<\/li>\n\t\t<li class=\"fl-list-item fl-list-item-3\">\n\t\t<div class=\"fl-list-item-wrapper\">\n\t\t\t<span class=\"fl-list-item-heading\"><span class=\"fl-list-item-heading-icon fl-list-item-heading-left\"><span class=\"fl-list-item-icon\"><\/span><\/span> <span class=\"fl-list-item-heading-text\">Capacit\u00e9 du r\u00e9servoir d&#039;eau\u00a0:\u00a020 gal US (75,7 l) <\/span><\/span>\t\t<\/div>\n\t<\/li>\n\t\t<li class=\"fl-list-item fl-list-item-4\">\n\t\t<div class=\"fl-list-item-wrapper\">\n\t\t\t<span class=\"fl-list-item-heading\"><span class=\"fl-list-item-heading-icon fl-list-item-heading-left\"><span class=\"fl-list-item-icon\"><\/span><\/span> <span class=\"fl-list-item-heading-text\">Nombre maximum. de personnes \u00e0 bord : 12 personnes <\/span><\/span>\t\t<\/div>\n\t<\/li>\n\t<\/ul>\t<\/div>\n<\/div>\n<\/div>\n<\/div>\n\t<\/div>\n\t\t<\/div>\n\t<\/div>\n<\/div>\n<\/div><div class=\"uabb-js-breakpoint\" style=\"display: none;\"><\/div>\t\t\t\t\n\t\t\t\t\t<!-- \/content -->\n\t<!-- \/tabs -->\n\t\t\t\t<img decoding=\"async\" src=\"http:\/\/www.smartown.ae\/wp-content\/uploads\/2023\/07\/SilverCat-34LUX-2048xcxcxcxcxcx1203.png\" alt=\"ArgentCat-34LUX-2048xcxcxcxcxcx1203\" itemprop=\"image\" title=\"ArgentCat-34LUX-2048xcxcxcxcxcx1203\" onerror=\"this.style.display='none'\" loading=\"lazy\" \/>\n<h2>\n\t\t\tVid\u00e9o\t<\/h2>\n\t\t\t\t\t<img decoding=\"async\" src=\"https:\/\/www.smartown.ae\/wp-content\/uploads\/2023\/07\/SilverCat-34Lux-2-1-scaled.jpg\" alt=\"\">\n\t\t<h2>\n\t\t\tCatalogue\t<\/h2>\n\t<p>Pour plus d&#039;informations, veuillez t\u00e9l\u00e9charger le catalogue.<\/p>\n\t\t\t<a href=\"\/wp-content\/uploads\/2023\/09\/SilverCat-34LUX_FR.pdf\" target=\"_blank\" rel=\"noopener\">\n\t\t\t\t\t\t\tT\u00e9l\u00e9charger le catalogue\n\t\t\t<\/a>\n<h2>\n\t\t\tDevis\t<\/h2>\n\t<p>Si vous recherchez un bateau \u00e0 passagers ou une embarcation sp\u00e9cialis\u00e9e.<\/p>\n\t\t\t<a href=\"\/fr\/contactez-smartown\/\" target=\"_blank\" rel=\"noopener\">\n\t\t\t\t\t\t\tContactez-nous\n\t\t\t<\/a>\n\t\t\t\t<img decoding=\"async\" src=\"https:\/\/www.smartown.ae\/wp-content\/uploads\/2023\/07\/TALK-TO-US.png\" alt=\"TALK TO US\" itemprop=\"image\" height=\"162\" width=\"161\" title=\"TALK TO US\" onerror=\"this.style.display='none'\" loading=\"lazy\" \/>\n<h3>\n\t\t\tBateaux de p\u00eache similaires\t<\/h3>\n\t<a href=\"\/fr\/silvercat-40lux\/\" target=\"_self\"  aria-label=\"Allez dans \/silvercat-40lux\/\"><\/a>\n\t\t\t\t<img decoding=\"async\" src=\"https:\/\/www.smartown.ae\/wp-content\/uploads\/2023\/07\/SilverCat-40LUX-1-scaled.jpg\" alt=\"SilverCat 40LUX\" title=\"SilverCat 40LUX\" itemprop=\"image\"\/>\n\t\t<h4>ArgentCat 40Lux<\/h4>\t\t\t\n\t<a href=\"\/fr\/silvercat-34ht\/\" target=\"_self\"  aria-label=\"Acc\u00e9dez \u00e0 \/silvercat-34ht\/\"><\/a>\n\t\t\t\t<img decoding=\"async\" src=\"https:\/\/www.smartown.ae\/wp-content\/uploads\/2023\/07\/SILVERCAT-34HT-1.jpg\" alt=\"SILVERCAT 34HT (1)\" title=\"SILVERCAT 34HT (1)\" itemprop=\"image\"\/>\n\t\t<h4>SilverCat 34HT<\/h4>\t\t\t\n\t<a href=\"\/fr\/silvercat-34cc\/\" target=\"_self\"  aria-label=\"Allez dans \/silvercat-34cc\/\"><\/a>\n\t\t\t\t<img decoding=\"async\" src=\"https:\/\/www.smartown.ae\/wp-content\/uploads\/2023\/07\/SILVERCAT-34CC.jpg\" alt=\"SILVERCAT-34CC\" title=\"SILVERCAT-34CC\" itemprop=\"image\"\/>\n\t\t<h4>SilverCat 34CC<\/h4>","protected":false},"excerpt":{"rendered":"<p>SilverCat 34LUX Affordable Family Catamaran With Comfort And Generous Deck Space\u200b This multipurpose SilverCat 34LUX is built as a closed deck layout providing comfortable transportation. The inside and outside seating areas are generous and can seat up to 14 guests. The advanced hull design, stretching from the shipyard&#8217;s pedigree in building performance catamarans, also offers [&hellip;]<\/p>\n","protected":false},"author":2,"featured_media":0,"parent":0,"menu_order":0,"comment_status":"closed","ping_status":"closed","template":"","meta":{"site-sidebar-layout":"no-sidebar","site-content-layout":"page-builder","ast-site-content-layout":"full-width-container","site-content-style":"unboxed","site-sidebar-style":"unboxed","ast-global-header-display":"","ast-banner-title-visibility":"","ast-main-header-display":"","ast-hfb-above-header-display":"","ast-hfb-below-header-display":"","ast-hfb-mobile-header-display":"","site-post-title":"disabled","ast-breadcrumbs-content":"disabled","ast-featured-img":"disabled","footer-sml-layout":"","ast-disable-related-posts":"","theme-transparent-header-meta":"default","adv-header-id-meta":"","stick-header-meta":"","header-above-stick-meta":"","header-main-stick-meta":"","header-below-stick-meta":"","astra-migrate-meta-layouts":"set","ast-page-background-enabled":"default","ast-page-background-meta":{"desktop":{"background-color":"var(--ast-global-color-4)","background-image":"","background-repeat":"repeat","background-position":"center center","background-size":"auto","background-attachment":"scroll","background-type":"","background-media":"","overlay-type":"","overlay-color":"","overlay-opacity":"","overlay-gradient":""},"tablet":{"background-color":"","background-image":"","background-repeat":"repeat","background-position":"center center","background-size":"auto","background-attachment":"scroll","background-type":"","background-media":"","overlay-type":"","overlay-color":"","overlay-opacity":"","overlay-gradient":""},"mobile":{"background-color":"","background-image":"","background-repeat":"repeat","background-position":"center center","background-size":"auto","background-attachment":"scroll","background-type":"","background-media":"","overlay-type":"","overlay-color":"","overlay-opacity":"","overlay-gradient":""}},"ast-content-background-meta":{"desktop":{"background-color":"var(--ast-global-color-5)","background-image":"","background-repeat":"repeat","background-position":"center center","background-size":"auto","background-attachment":"scroll","background-type":"","background-media":"","overlay-type":"","overlay-color":"","overlay-opacity":"","overlay-gradient":""},"tablet":{"background-color":"var(--ast-global-color-5)","background-image":"","background-repeat":"repeat","background-position":"center center","background-size":"auto","background-attachment":"scroll","background-type":"","background-media":"","overlay-type":"","overlay-color":"","overlay-opacity":"","overlay-gradient":""},"mobile":{"background-color":"var(--ast-global-color-5)","background-image":"","background-repeat":"repeat","background-position":"center center","background-size":"auto","background-attachment":"scroll","background-type":"","background-media":"","overlay-type":"","overlay-color":"","overlay-opacity":"","overlay-gradient":""}},"footnotes":""},"class_list":["post-14606","page","type-page","status-publish","hentry"],"_links":{"self":[{"href":"https:\/\/www.smartown.ae\/fr\/wp-json\/wp\/v2\/pages\/14606","targetHints":{"allow":["GET"]}}],"collection":[{"href":"https:\/\/www.smartown.ae\/fr\/wp-json\/wp\/v2\/pages"}],"about":[{"href":"https:\/\/www.smartown.ae\/fr\/wp-json\/wp\/v2\/types\/page"}],"author":[{"embeddable":true,"href":"https:\/\/www.smartown.ae\/fr\/wp-json\/wp\/v2\/users\/2"}],"replies":[{"embeddable":true,"href":"https:\/\/www.smartown.ae\/fr\/wp-json\/wp\/v2\/comments?post=14606"}],"version-history":[{"count":0,"href":"https:\/\/www.smartown.ae\/fr\/wp-json\/wp\/v2\/pages\/14606\/revisions"}],"wp:attachment":[{"href":"https:\/\/www.smartown.ae\/fr\/wp-json\/wp\/v2\/media?parent=14606"}],"curies":[{"name":"wp","href":"https:\/\/api.w.org\/{rel}","templated":true}]}}