{"id":14605,"date":"2023-07-14T14:01:19","date_gmt":"2023-07-14T10:01:19","guid":{"rendered":"https:\/\/www.smartown.ae\/?page_id=14605"},"modified":"2025-03-31T11:23:03","modified_gmt":"2025-03-31T07:23:03","slug":"silvercat-40cc","status":"publish","type":"page","link":"https:\/\/www.smartown.ae\/fr\/silvercat-40cc\/","title":{"rendered":"SilverCat 40CC"},"content":{"rendered":"<h1>SilverCat 40CC\u200b<\/h1>\r\n<p><img decoding=\"async\" title=\"smartown_wave_icon_white\" src=\"https:\/\/www.smartown.ae\/wp-content\/uploads\/2022\/04\/smartown_wave_icon_white.png\" alt=\"smartown_wave_icon_white\" \/><\/p>\r\n<h2>Allez loin et allez au fond de la mer. C&#039;est la confiance de la coque du catamaran de 40 pieds<\/h2>\r\n<p>Suivant les traces du succ\u00e8s SilverCat 34CC, le multicoque mesure 40 pieds de la pointe \u00e0 la queue mais a un d\u00e9placement de seulement 7,9 tonnes. Elle peut accueillir jusqu&#039;\u00e0 12 marins.<\/p>\r\n<p><a href=\"\/wp-content\/uploads\/2023\/09\/SilverCat-40CC_FR.pdf\" target=\"_blank\" rel=\"noopener\"> T\u00e9l\u00e9charger le catalogue <\/a><\/p>\r\n<nav>\r\n<ul>\r\n<li data-index=\"0\">\r\n<h5><a>Caract\u00e9ristiques <\/a><\/h5>\r\n<\/li>\r\n<\/ul>\r\n<\/nav>\r\n<div class=\"fl-builder-content fl-builder-content-14707 fl-builder-template fl-builder-layout-template fl-builder-global-templates-locked\" data-post-id=\"14707\"><div class=\"fl-row fl-row-full-width fl-row-bg-none fl-node-rj6keyd4zq12 fl-row-default-height fl-row-align-center\" data-node=\"rj6keyd4zq12\">\n\t<div class=\"fl-row-content-wrap\">\n\t\t<div class=\"uabb-row-separator uabb-top-row-separator\" >\n<\/div>\n\t\t\t\t\t\t<div class=\"fl-row-content fl-row-full-width fl-node-content\">\n\t\t\n<div class=\"fl-col-group fl-node-9rfznudowb6t\" data-node=\"9rfznudowb6t\">\n\t\t\t<div class=\"fl-col fl-node-ueyfsdrqocw3 fl-col-bg-color fl-col-small\" data-node=\"ueyfsdrqocw3\">\n\t<div class=\"fl-col-content fl-node-content\"><div class=\"fl-module fl-module-list fl-node-cosr4w7tl5va so-list\" data-node=\"cosr4w7tl5va\">\n\t<div class=\"fl-module-content fl-node-content\">\n\t\t<ul class=\"fl-list fl-list-unordered\">\t<li class=\"fl-list-item fl-list-item-0\">\n\t\t<div class=\"fl-list-item-wrapper\">\n\t\t\t<span class=\"fl-list-item-heading\"><span class=\"fl-list-item-heading-icon fl-list-item-heading-left\"><span class=\"fl-list-item-icon\"><\/span><\/span> <span class=\"fl-list-item-heading-text\">Longueur hors tout : \u00ab avec moteurs \u00bb 40 pieds (12,20 m) <\/span><\/span>\t\t<\/div>\n\t<\/li>\n\t\t<li class=\"fl-list-item fl-list-item-1\">\n\t\t<div class=\"fl-list-item-wrapper\">\n\t\t\t<span class=\"fl-list-item-heading\"><span class=\"fl-list-item-heading-icon fl-list-item-heading-left\"><span class=\"fl-list-item-icon\"><\/span><\/span> <span class=\"fl-list-item-heading-text\">Faisceau : 13 pi 7 po (4,13 m) <\/span><\/span>\t\t<\/div>\n\t<\/li>\n\t\t<li class=\"fl-list-item fl-list-item-2\">\n\t\t<div class=\"fl-list-item-wrapper\">\n\t\t\t<span class=\"fl-list-item-heading\"><span class=\"fl-list-item-heading-icon fl-list-item-heading-left\"><span class=\"fl-list-item-icon\"><\/span><\/span> <span class=\"fl-list-item-heading-text\">Tirant d&#039;eau : 1 pi 4 po (0,40 m) <\/span><\/span>\t\t<\/div>\n\t<\/li>\n\t\t<li class=\"fl-list-item fl-list-item-3\">\n\t\t<div class=\"fl-list-item-wrapper\">\n\t\t\t<span class=\"fl-list-item-heading\"><span class=\"fl-list-item-heading-icon fl-list-item-heading-left\"><span class=\"fl-list-item-icon\"><\/span><\/span> <span class=\"fl-list-item-heading-text\">Type de coque : Catamaran \u00e0 double coque <\/span><\/span>\t\t<\/div>\n\t<\/li>\n\t\t<li class=\"fl-list-item fl-list-item-4\">\n\t\t<div class=\"fl-list-item-wrapper\">\n\t\t\t<span class=\"fl-list-item-heading\"><span class=\"fl-list-item-heading-icon fl-list-item-heading-left\"><span class=\"fl-list-item-icon\"><\/span><\/span> <span class=\"fl-list-item-heading-text\">Mat\u00e9riau de la coque\u00a0: GRP <\/span><\/span>\t\t<\/div>\n\t<\/li>\n\t<\/ul>\t<\/div>\n<\/div>\n<\/div>\n<\/div>\n\t\t\t<div class=\"fl-col fl-node-e1umvh63dfpw fl-col-bg-color fl-col-small\" data-node=\"e1umvh63dfpw\">\n\t<div class=\"fl-col-content fl-node-content\"><div class=\"fl-module fl-module-list fl-node-peyij2ncsmkr so-list\" data-node=\"peyij2ncsmkr\">\n\t<div class=\"fl-module-content fl-node-content\">\n\t\t<ul class=\"fl-list fl-list-unordered\">\t<li class=\"fl-list-item fl-list-item-0\">\n\t\t<div class=\"fl-list-item-wrapper\">\n\t\t\t<span class=\"fl-list-item-heading\"><span class=\"fl-list-item-heading-icon fl-list-item-heading-left\"><span class=\"fl-list-item-icon\"><\/span><\/span> <span class=\"fl-list-item-heading-text\">D\u00e9placement : 7,9 tonnes <\/span><\/span>\t\t<\/div>\n\t<\/li>\n\t\t<li class=\"fl-list-item fl-list-item-1\">\n\t\t<div class=\"fl-list-item-wrapper\">\n\t\t\t<span class=\"fl-list-item-heading\"><span class=\"fl-list-item-heading-icon fl-list-item-heading-left\"><span class=\"fl-list-item-icon\"><\/span><\/span> <span class=\"fl-list-item-heading-text\">HP max\u00a0: 1\u00a0200\u00a0ch recommand\u00e9 (883 kW) <\/span><\/span>\t\t<\/div>\n\t<\/li>\n\t\t<li class=\"fl-list-item fl-list-item-2\">\n\t\t<div class=\"fl-list-item-wrapper\">\n\t\t\t<span class=\"fl-list-item-heading\"><span class=\"fl-list-item-heading-icon fl-list-item-heading-left\"><span class=\"fl-list-item-icon\"><\/span><\/span> <span class=\"fl-list-item-heading-text\">Capacit\u00e9 du r\u00e9servoir de carburant\u00a0:\u00a0600 gal US (2\u00a0271 l) <\/span><\/span>\t\t<\/div>\n\t<\/li>\n\t\t<li class=\"fl-list-item fl-list-item-3\">\n\t\t<div class=\"fl-list-item-wrapper\">\n\t\t\t<span class=\"fl-list-item-heading\"><span class=\"fl-list-item-heading-icon fl-list-item-heading-left\"><span class=\"fl-list-item-icon\"><\/span><\/span> <span class=\"fl-list-item-heading-text\">Capacit\u00e9 du r\u00e9servoir d&#039;eau\u00a0:\u00a075 gal US (283 l) <\/span><\/span>\t\t<\/div>\n\t<\/li>\n\t\t<li class=\"fl-list-item fl-list-item-4\">\n\t\t<div class=\"fl-list-item-wrapper\">\n\t\t\t<span class=\"fl-list-item-heading\"><span class=\"fl-list-item-heading-icon fl-list-item-heading-left\"><span class=\"fl-list-item-icon\"><\/span><\/span> <span class=\"fl-list-item-heading-text\">Nombre maximum. de personnes \u00e0 bord : 12 personnes (standard) 16 personnes (en option)<\/span><\/span>\t\t<\/div>\n\t<\/li>\n\t<\/ul>\t<\/div>\n<\/div>\n<\/div>\n<\/div>\n\t<\/div>\n\t\t<\/div>\n\t<\/div>\n<\/div>\n<\/div><div class=\"uabb-js-breakpoint\" style=\"display: none;\"><\/div>\r\n<!-- \/content --><!-- \/tabs -->\r\n<p><img decoding=\"async\" title=\"SilverCat-40CC-nouveau\" src=\"http:\/\/www.smartown.ae\/wp-content\/uploads\/2023\/10\/SilverCat-40CC-new.png\" alt=\"SilverCat-40CC-nouveau\" \/><\/p>\r\n<h2>Catalogue<\/h2>\r\n<p>Pour plus d&#039;informations, veuillez t\u00e9l\u00e9charger le catalogue.<\/p>\r\n<p><a href=\"\/wp-content\/uploads\/2023\/09\/SilverCat-40CC_FR.pdf\" target=\"_blank\" rel=\"noopener\"> T\u00e9l\u00e9charger le catalogue <\/a><\/p>\r\n<h2>Devis<\/h2>\r\n<p>Si vous recherchez un bateau \u00e0 passagers ou une embarcation sp\u00e9cialis\u00e9e.<\/p>\r\n<p><a href=\"\/fr\/contactez-smartown\/\" target=\"_blank\" rel=\"noopener\"> Contactez-nous <\/a> <img loading=\"lazy\" decoding=\"async\" title=\"TALK TO US\" src=\"https:\/\/www.smartown.ae\/wp-content\/uploads\/2023\/07\/TALK-TO-US.png\" alt=\"TALK TO US\" width=\"161\" height=\"162\" \/><\/p>\r\n<h3>Bateaux de p\u00eache similaires<\/h3>\r\n<p><img decoding=\"async\" title=\"SILVERCAT 34CC (1)\" src=\"https:\/\/www.smartown.ae\/wp-content\/uploads\/2023\/07\/SILVERCAT-34CC-1-2-scaled.jpg\" alt=\"SILVERCAT 34CC (1)\" \/><\/p>\r\n<h4>SilverCat 34CC<\/h4>\r\n<p><img decoding=\"async\" title=\"SilverCat 40Lux (1)\" src=\"https:\/\/www.smartown.ae\/wp-content\/uploads\/2023\/07\/SilverCat-40Lux-1-2-scaled.jpg\" alt=\"SilverCat 40Lux (1)\" \/><\/p>\r\n<h4>ArgentCat 40Lux<\/h4>\r\n<p><img decoding=\"async\" title=\"SILVERCAT 34HT (1)\" src=\"https:\/\/www.smartown.ae\/wp-content\/uploads\/2023\/07\/SILVERCAT-34HT-1.jpg\" alt=\"SILVERCAT 34HT (1)\" \/><\/p>\r\n<h4>SilverCat 34HT<\/h4>","protected":false},"excerpt":{"rendered":"<p>SilverCat 40CC\u200b Go Far And Go Deep Into The Sea. That&#8217;s The Confidence Of The 40ft Catamaran Hull\u200b Following in the footsteps of the successful SilverCat 34CC, the multihull measures 40 feet from tip to tail yet has a displacement of only 7.9 tons. She can accommodate up to 12 seafarers. Download Catalog Specifications Catalog [&hellip;]<\/p>\n","protected":false},"author":2,"featured_media":0,"parent":0,"menu_order":0,"comment_status":"closed","ping_status":"closed","template":"","meta":{"site-sidebar-layout":"no-sidebar","site-content-layout":"page-builder","ast-site-content-layout":"full-width-container","site-content-style":"unboxed","site-sidebar-style":"unboxed","ast-global-header-display":"","ast-banner-title-visibility":"","ast-main-header-display":"","ast-hfb-above-header-display":"","ast-hfb-below-header-display":"","ast-hfb-mobile-header-display":"","site-post-title":"disabled","ast-breadcrumbs-content":"disabled","ast-featured-img":"disabled","footer-sml-layout":"","ast-disable-related-posts":"","theme-transparent-header-meta":"default","adv-header-id-meta":"","stick-header-meta":"","header-above-stick-meta":"","header-main-stick-meta":"","header-below-stick-meta":"","astra-migrate-meta-layouts":"set","ast-page-background-enabled":"default","ast-page-background-meta":{"desktop":{"background-color":"var(--ast-global-color-4)","background-image":"","background-repeat":"repeat","background-position":"center center","background-size":"auto","background-attachment":"scroll","background-type":"","background-media":"","overlay-type":"","overlay-color":"","overlay-opacity":"","overlay-gradient":""},"tablet":{"background-color":"","background-image":"","background-repeat":"repeat","background-position":"center center","background-size":"auto","background-attachment":"scroll","background-type":"","background-media":"","overlay-type":"","overlay-color":"","overlay-opacity":"","overlay-gradient":""},"mobile":{"background-color":"","background-image":"","background-repeat":"repeat","background-position":"center center","background-size":"auto","background-attachment":"scroll","background-type":"","background-media":"","overlay-type":"","overlay-color":"","overlay-opacity":"","overlay-gradient":""}},"ast-content-background-meta":{"desktop":{"background-color":"var(--ast-global-color-5)","background-image":"","background-repeat":"repeat","background-position":"center center","background-size":"auto","background-attachment":"scroll","background-type":"","background-media":"","overlay-type":"","overlay-color":"","overlay-opacity":"","overlay-gradient":""},"tablet":{"background-color":"var(--ast-global-color-5)","background-image":"","background-repeat":"repeat","background-position":"center center","background-size":"auto","background-attachment":"scroll","background-type":"","background-media":"","overlay-type":"","overlay-color":"","overlay-opacity":"","overlay-gradient":""},"mobile":{"background-color":"var(--ast-global-color-5)","background-image":"","background-repeat":"repeat","background-position":"center center","background-size":"auto","background-attachment":"scroll","background-type":"","background-media":"","overlay-type":"","overlay-color":"","overlay-opacity":"","overlay-gradient":""}},"footnotes":""},"class_list":["post-14605","page","type-page","status-publish","hentry"],"_links":{"self":[{"href":"https:\/\/www.smartown.ae\/fr\/wp-json\/wp\/v2\/pages\/14605","targetHints":{"allow":["GET"]}}],"collection":[{"href":"https:\/\/www.smartown.ae\/fr\/wp-json\/wp\/v2\/pages"}],"about":[{"href":"https:\/\/www.smartown.ae\/fr\/wp-json\/wp\/v2\/types\/page"}],"author":[{"embeddable":true,"href":"https:\/\/www.smartown.ae\/fr\/wp-json\/wp\/v2\/users\/2"}],"replies":[{"embeddable":true,"href":"https:\/\/www.smartown.ae\/fr\/wp-json\/wp\/v2\/comments?post=14605"}],"version-history":[{"count":0,"href":"https:\/\/www.smartown.ae\/fr\/wp-json\/wp\/v2\/pages\/14605\/revisions"}],"wp:attachment":[{"href":"https:\/\/www.smartown.ae\/fr\/wp-json\/wp\/v2\/media?parent=14605"}],"curies":[{"name":"wp","href":"https:\/\/api.w.org\/{rel}","templated":true}]}}