{"id":12335,"date":"2022-04-20T13:12:28","date_gmt":"2022-04-20T13:12:28","guid":{"rendered":"http:\/\/www.smartown.ae\/?page_id=12335"},"modified":"2026-02-16T13:50:23","modified_gmt":"2026-02-16T09:50:23","slug":"copie-de-bateaux-a-passagers","status":"publish","type":"page","link":"https:\/\/www.smartown.ae\/fr\/","title":{"rendered":"Bateaux \u00e0 passagers"},"content":{"rendered":"<h1>\n\t\t\tLe sp\u00e9cialiste des bateaux \u00e0 passagers de Duba\u00ef\t<\/h1>\n\t\t\t\t<img decoding=\"async\" src=\"http:\/\/www.smartown.ae\/\/wp-content\/uploads\/2022\/04\/smartown_wave_icon_white.png\" alt=\"smartown_wave_icon_white\" title=\"smartown_wave_icon_white\" itemprop=\"image\"\/>\n\t\t<h2>Le plus grand exportateur de bateaux \u00e0 passagers et<br \/> Bateaux sp\u00e9cialis\u00e9s livr\u00e9s dans le monde entier<\/h2>\t\t\t\n\t\t\t<h3>Smart Own<\/h3><h3>Sp\u00e9cialistes des bateaux \u00e0 passagers<\/h3>\t\t\n\t\t\t\t<img decoding=\"async\" src=\"https:\/\/www.smartown.ae\/wp-content\/uploads\/2022\/04\/smartown_wave_icon_blue.png\" alt=\"smartown_wave_icon_blue\" title=\"smartown_wave_icon_blue\" itemprop=\"image\"\/>\n\t\t\t\t<p class=\"translation-block\">Smart Own propose <strong>des bateaux \u00e0 passagers de petite et moyenne taille<\/strong> pour l&#039;industrie du transport maritime, desservant divers <strong>endroits<\/strong> dans <strong>les zones c\u00f4ti\u00e8res<\/strong> , <strong>les rivi\u00e8res<\/strong> et <strong>les lacs<\/strong> .<\/p>\n<p class=\"translation-block\">Nos bateaux sont \u00e9galement appr\u00e9ci\u00e9s par <strong>les propri\u00e9taires de bateaux-taxis<\/strong> individuels et <strong>les grandes entreprises<\/strong> qui cherchent \u00e0 \u00e9tendre leurs <strong>op\u00e9rations<\/strong> ou \u00e0 diversifier leurs <strong>int\u00e9r\u00eats commerciaux<\/strong> .<\/p>\n<p>Gr\u00e2ce \u00e0 notre conformit\u00e9 aux <strong>l\u00e9gislation internationale<\/strong> et <strong>protocoles de s\u00e9curit\u00e9 maritime<\/strong>, nous sommes un partenaire de confiance dans l&#039;industrie nautique, r\u00e9put\u00e9 pour son professionnalisme, son int\u00e9grit\u00e9 et un niveau de soutien impeccable \u00e0 tous nos <strong>clients<\/strong>.<\/p>\n<p>Qu&#039;il s&#039;agisse de d\u00e9placements quotidiens, de tourisme, de plong\u00e9e ou de transferts inter-\u00eeles, nos embarcations multifonctionnelles offrent une exp\u00e9rience de transport fiable, confortable et s\u00fbre dans toutes les eaux.<\/p>\n<p class=\"translation-block\">Le <strong>statut<\/strong> mondial de Smart Own s&#039;appuie sur plus de trois d\u00e9cennies d&#039;expertise en construction navale, s&#039;appuyant sur une technologie de pointe, une ing\u00e9nierie puissante et un savoir-faire de classe mondiale pour r\u00e9pondre aux besoins du march\u00e9 actuel et cr\u00e9er de nouvelles <strong>opportunit\u00e9s<\/strong> pour la mobilit\u00e9 nautique.<\/p>\n<p>Depuis notre si\u00e8ge social \u00e0 Duba\u00ef, nous livrons des navires de classe mondiale, tels que le Touring 36, le Transporter 32 et le Touring 48 Lounge, \u00e0 des op\u00e9rateurs priv\u00e9s et publics \u00e0 travers les oc\u00e9ans, <strong>rivi\u00e8res<\/strong>, et <strong>lacs<\/strong> dans plus de 70 pays.<\/p>\n\t\t\t<h3>Touring 36<\/h3>\t\t\n\t\t\t\t<img decoding=\"async\" src=\"http:\/\/www.smartown.ae\/\/wp-content\/uploads\/2022\/04\/smartown_wave_icon_white.png\" alt=\"smartown_wave_icon_white\" title=\"smartown_wave_icon_white\" itemprop=\"image\"\/>\n\t<ul>\n\t\t<li>\t\t\t\t\n\t\t29 Passagers + Pilote<\/li><li>\t\t\t\t\n\t\tVitesse maximale de 42 n\u0153uds<\/li>\t<\/ul>\n<p class=\"translation-block\">Navire \u00e0 passagers le plus vendu au monde, le Touring 36 constitue une solution privil\u00e9gi\u00e9e pour le transport maritime. Synonyme de maniabilit\u00e9 et de performances optimales, ce mod\u00e8le de <strong>bateau de transport de passagers \u00e9conomique<\/strong> allie design fonctionnel et confort : autant d\u2019atouts qui ont forg\u00e9 la popularit\u00e9 du Touring 36.<\/p>\n\t\t\t<a href=\"\/fr\/touring-36\/\"  target=\"_self\">\n\t\t\t\t\t\t\tVoir les d\u00e9tails\n\t\t\t<\/a>\n\t\t\t<h3>Touring 48 Ferry<\/h3>\t\t\n\t\t\t\t<img decoding=\"async\" src=\"https:\/\/www.smartown.ae\/wp-content\/uploads\/2022\/04\/smartown_wave_icon_white.png\" alt=\"smartown_wave_icon_white\" title=\"smartown_wave_icon_white\" itemprop=\"image\"\/>\n\t<ul>\n\t\t<li>\t\t\t\t\n\t\t46 passagers + capitaine + salle de stockage des bagages<\/li><li>\t\t\t\t\n\t\tVitesse maximale de 42 n\u0153uds<\/li>\t<\/ul>\n\t<p class=\"translation-block\"><strong style=\"color: #0c5cc8!important\">Avec une capacit\u00e9 de 46 passagers en classe affaires et une vitesse de pointe de 42 n\u0153uds<\/strong>, le ferry Touring 48 est un navire \u00e0 passagers de 14 m\u00e8tres unique en son genre en termes de confort, de vitesse et de performances en mer. Gr\u00e2ce \u00e0 ses options de motorisation hors-bord, ce bateau commercial peut naviguer en toute s\u00e9r\u00e9nit\u00e9 partout dans le monde.<\/p>\n\t\t\t<a href=\"\/fr\/touring-48-ferry\/\"  target=\"_self\">\n\t\t\t\t\t\t\tVoir les d\u00e9tails\n\t\t\t<\/a>\n\t\t\t<h3>Touring 48 Lounge<\/h3>\t\t\n\t\t\t\t<img decoding=\"async\" src=\"https:\/\/www.smartown.ae\/wp-content\/uploads\/2022\/04\/smartown_wave_icon_white.png\" alt=\"smartown_wave_icon_white\" title=\"smartown_wave_icon_white\" itemprop=\"image\"\/>\n\t<ul>\n\t\t<li>\t\t\t\t\n\t\t16 Passagers + Pilote<\/li><li>\t\t\t\t\n\t\tVitesse maximale de 42 n\u0153uds<\/li>\t<\/ul>\n\t<p class=\"translation-block\">Dot\u00e9 de capacit\u00e9s de navigation hauturi\u00e8re, le Touring 48 Lounge <strong style=\"color: #0c5cc8!important\">peut accueillir 16 passagers VIP dans un cadre luxueux et convivial.<\/strong> Gr\u00e2ce \u00e0 ses moteurs hors-bord, ce bateau peut naviguer partout dans le monde. C&#039;est le bateau de transport VIP id\u00e9al pour un complexe h\u00f4telier 5 \u00e9toiles ou une entreprise \u00e0 la recherche d&#039;un lieu de r\u00e9union d&#039;affaires unique.<\/p>\n\t\t\t<a href=\"\/fr\/touring-48-lounge\/\"  target=\"_self\">\n\t\t\t\t\t\t\tVoir les d\u00e9tails\n\t\t\t<\/a>\n\t\t\t<h3>Transporter 32<\/h3>\t\t\n\t\t\t\t<img decoding=\"async\" src=\"http:\/\/www.smartown.ae\/\/wp-content\/uploads\/2022\/04\/smartown_wave_icon_white.png\" alt=\"smartown_wave_icon_white\" title=\"smartown_wave_icon_white\" itemprop=\"image\"\/>\n\t<ul>\n\t\t<li>\t\t\t\t\n\t\t23 passagers + pilote et copilote<\/li><li>\t\t\t\t\n\t\tVitesse maximale de 32 n\u0153uds<\/li>\t<\/ul>\n\t<p class=\"translation-block\">Le Transporter 32 est un <strong style=\"color: #0c5cc8!important\">bateau commercial \u00e0 prix comp\u00e9titif<\/strong> construit selon les normes de r\u00e9sistance les plus \u00e9lev\u00e9es en utilisant les m\u00e9thodes de moulage GRP japonaises.<\/p>\n\t\t\t<a href=\"\/fr\/transporter-32\/\"  target=\"_self\">\n\t\t\t\t\t\t\tVoir les d\u00e9tails\n\t\t\t<\/a>\n\t\t\t<h3>GT46 Catamaran<\/h3>\t\t\n\t\t\t\t<img decoding=\"async\" src=\"https:\/\/www.smartown.ae\/wp-content\/uploads\/2022\/04\/smartown_wave_icon_white.png\" alt=\"smartown_wave_icon_white\" title=\"smartown_wave_icon_white\" itemprop=\"image\"\/>\n\t<ul>\n\t\t<li>\t\t\t\t\n\t\t16 \u00e0 36 passagers + \u00e9quipage<\/li><li>\t\t\t\t\n\t\tMoteurs hors-bord \u00e0 essence ou moteurs in-bord diesel<\/li><li>\t\t\t\t\n\t\tVitesse maximale de 38 n\u0153uds<\/li>\t<\/ul>\n\t<p>Le catamaran \u00e0 passagers GT46 offre un transport de luxe sur mesure sans compromettre les co\u00fbts. <strong>Con\u00e7u dans un souci d&#039;efficacit\u00e9,<\/strong> Le GT46 navigue \u00e0 une vitesse sup\u00e9rieure \u00e0 celle des monocoques de taille comparable. Son espace int\u00e9rieur est personnalisable pour des voyages VIP avec 16 si\u00e8ges ultra-luxueux, des voyages en classe affaires avec 24 si\u00e8ges ou des voyages en classe \u00e9conomique pour 36 passagers.<\/p>\n\t\t\t<a href=\"\/fr\/gt46-catamaran\/\"  target=\"_self\">\n\t\t\t\t\t\t\tVoir les d\u00e9tails\n\t\t\t<\/a>\n<h2>\n\t\t\tDevis\t<\/h2>\n\t<p>Si vous recherchez un bateau \u00e0 passagers ou une embarcation sp\u00e9cialis\u00e9e.<\/p>\n\t\t\t<a href=\"\/fr\/contactez-smartown\/\"  target=\"_self\">\n\t\t\t\t\t\t\tContactez-nous\n\t\t\t\t\t<\/a>\n<figure itemscope itemtype=\"https:\/\/schema.org\/ImageObject\">\n\t\t\t\t<img decoding=\"async\" src=\"https:\/\/www.smartown.ae\/wp-content\/uploads\/2023\/07\/TALK-TO-US.png\" alt=\"TALK TO US\" height=\"162\" width=\"161\" title=\"TALK TO US\" onerror=\"this.style.display='none'\" loading=\"lazy\" \/>\n\t<\/figure>\n<h3>\n\t\t\tNos services\t<\/h3>\n\t\t\t\t<img decoding=\"async\" src=\"https:\/\/www.smartown.ae\/wp-content\/uploads\/2022\/04\/icon-customization.png\" alt=\"personnalisation des ic\u00f4nes\" title=\"personnalisation des ic\u00f4nes\" itemprop=\"image\"\/>\n\t\t<h3>Personnalisation<\/h3>\t\t\t\n\t\t\t\t<p>Nous sommes le principal fournisseur de bateaux \u00e0 passagers et nous avons des bateaux \u00e0 passagers sur mesure \u00e0 vendre. Nous travaillons avec l&#039;un des principaux fabricants de bateaux \u00e0 passagers au monde pour fournir des navires en fonction de vos besoins.<\/p>\n\t\t\t\t<img decoding=\"async\" src=\"https:\/\/www.smartown.ae\/wp-content\/uploads\/2022\/04\/icon-fast-delivery.png\" alt=\"ic\u00f4ne-livraison-rapide\" title=\"ic\u00f4ne-livraison-rapide\" itemprop=\"image\"\/>\n\t\t<h3>Livraison rapide<\/h3>\t\t\t\n\t\t\t\t<p>Tous les bateaux expos\u00e9s sont fabriqu\u00e9s sur commande et n\u00e9cessitent entre 2 et 6 mois pour \u00eatre livr\u00e9s selon le mod\u00e8le de bateau \u00e0 passagers et le choix des moteurs. Nos principaux navires \u00e0 passagers sont : <a title=\"Touring 36\" href=\"https:\/\/www.smartown.ae\/fr\/touring-36\/\">Touring 36<\/a>, <a href=\"https:\/\/www.smartown.ae\/fr\/touring-48-ferry\/\">Touring 48 Ferry<\/a>, <a href=\"https:\/\/www.smartown.ae\/fr\/touring-48-lounge\/\">Touring 48 Lounge<\/a>.<\/p>\n\t\t\t\t<img decoding=\"async\" src=\"http:\/\/www.smartown.ae\/\/wp-content\/uploads\/2022\/04\/icon-international-shipping.png\" alt=\"ic\u00f4ne-exp\u00e9dition-internationale\" title=\"ic\u00f4ne-exp\u00e9dition-internationale\" itemprop=\"image\"\/>\n\t\t<h3>Transport maritime international<\/h3>\t\t\t\n\t\t\t\t<p>Nous organisons l&#039;exp\u00e9dition vers n&#039;importe quelle destination dans le monde. Nous avons vendu nos bateaux sur les 5 continents. Il n&#039;y a aucun pays ou \u00eele que nous ne puissions atteindre. Nous exp\u00e9dions en Afrique, en Am\u00e9rique latine, en Asie, en Oc\u00e9anie ou ailleurs.<\/p>\n<figure itemscope itemtype=\"https:\/\/schema.org\/ImageObject\">\n\t\t\t\t<img decoding=\"async\" src=\"http:\/\/www.smartown.ae\/\/wp-content\/uploads\/2022\/04\/dubai-2.jpg\" alt=\"Duba\u00ef-2\" title=\"Duba\u00ef-2\" onerror=\"this.style.display='none'\" loading=\"lazy\" \/>\n\t<\/figure>\n\t\t\t<h3>Visitez Duba\u00ef la ville des r\u00eaves gratuitement<\/h3>\t\t\t\n\t<p>Lorsque vous achetez un bateau chez nous, nous vous invitons \u00e0 Duba\u00ef pour superviser les essais en mer de votre bateau. Votre billet d&#039;avion, les frais de visa, le s\u00e9jour \u00e0 l&#039;h\u00f4tel 5 \u00e9toiles et le chauffeur d\u00e9di\u00e9 sont gratuits gr\u00e2ce \u00e0 Smart Own. Nous vous accompagnerons lors d&#039;une visite VIP du chantier naval o\u00f9 vous rencontrerez l&#039;\u00e9quipe de Gulf Craft qui a construit votre bateau. Votre chef de projet vous expliquera le processus de construction de votre navire et vous formera, vous ou un membre de votre entreprise, sur votre bateau nouvellement construit.<\/p>\n\t\t\t<a href=\"\/fr\/contactez-smartown\/\"  target=\"_self\">\n\t\t\t\t\t\t\tContactez-nous\n\t\t\t<\/a>","protected":false},"excerpt":{"rendered":"<p>Passenger Boats From Dubai Leading Exporter of Passenger Boats &amp; Specialty Crafts to the World Smart Own Passenger Boats Specialists Smart Own offers small and medium-size passenger boats for the water transport industry, serving diverse locations across coastal zones, rivers, and lakes. Our boats are equally appreciated by individual water taxi owners and large-scale corporations [&hellip;]<\/p>\n","protected":false},"author":2,"featured_media":0,"parent":0,"menu_order":0,"comment_status":"closed","ping_status":"closed","template":"","meta":{"site-sidebar-layout":"no-sidebar","site-content-layout":"page-builder","ast-site-content-layout":"full-width-container","site-content-style":"unboxed","site-sidebar-style":"unboxed","ast-global-header-display":"","ast-banner-title-visibility":"","ast-main-header-display":"","ast-hfb-above-header-display":"","ast-hfb-below-header-display":"","ast-hfb-mobile-header-display":"","site-post-title":"disabled","ast-breadcrumbs-content":"disabled","ast-featured-img":"disabled","footer-sml-layout":"","ast-disable-related-posts":"","theme-transparent-header-meta":"default","adv-header-id-meta":"","stick-header-meta":"","header-above-stick-meta":"","header-main-stick-meta":"","header-below-stick-meta":"","astra-migrate-meta-layouts":"set","ast-page-background-enabled":"default","ast-page-background-meta":{"desktop":{"background-color":"var(--ast-global-color-4)","background-image":"","background-repeat":"repeat","background-position":"center center","background-size":"auto","background-attachment":"scroll","background-type":"","background-media":"","overlay-type":"","overlay-color":"","overlay-opacity":"","overlay-gradient":""},"tablet":{"background-color":"","background-image":"","background-repeat":"repeat","background-position":"center center","background-size":"auto","background-attachment":"scroll","background-type":"","background-media":"","overlay-type":"","overlay-color":"","overlay-opacity":"","overlay-gradient":""},"mobile":{"background-color":"","background-image":"","background-repeat":"repeat","background-position":"center center","background-size":"auto","background-attachment":"scroll","background-type":"","background-media":"","overlay-type":"","overlay-color":"","overlay-opacity":"","overlay-gradient":""}},"ast-content-background-meta":{"desktop":{"background-color":"var(--ast-global-color-5)","background-image":"","background-repeat":"repeat","background-position":"center center","background-size":"auto","background-attachment":"scroll","background-type":"","background-media":"","overlay-type":"","overlay-color":"","overlay-opacity":"","overlay-gradient":""},"tablet":{"background-color":"var(--ast-global-color-5)","background-image":"","background-repeat":"repeat","background-position":"center center","background-size":"auto","background-attachment":"scroll","background-type":"","background-media":"","overlay-type":"","overlay-color":"","overlay-opacity":"","overlay-gradient":""},"mobile":{"background-color":"var(--ast-global-color-5)","background-image":"","background-repeat":"repeat","background-position":"center center","background-size":"auto","background-attachment":"scroll","background-type":"","background-media":"","overlay-type":"","overlay-color":"","overlay-opacity":"","overlay-gradient":""}},"footnotes":""},"class_list":["post-12335","page","type-page","status-publish","hentry"],"_links":{"self":[{"href":"https:\/\/www.smartown.ae\/fr\/wp-json\/wp\/v2\/pages\/12335","targetHints":{"allow":["GET"]}}],"collection":[{"href":"https:\/\/www.smartown.ae\/fr\/wp-json\/wp\/v2\/pages"}],"about":[{"href":"https:\/\/www.smartown.ae\/fr\/wp-json\/wp\/v2\/types\/page"}],"author":[{"embeddable":true,"href":"https:\/\/www.smartown.ae\/fr\/wp-json\/wp\/v2\/users\/2"}],"replies":[{"embeddable":true,"href":"https:\/\/www.smartown.ae\/fr\/wp-json\/wp\/v2\/comments?post=12335"}],"version-history":[{"count":0,"href":"https:\/\/www.smartown.ae\/fr\/wp-json\/wp\/v2\/pages\/12335\/revisions"}],"wp:attachment":[{"href":"https:\/\/www.smartown.ae\/fr\/wp-json\/wp\/v2\/media?parent=12335"}],"curies":[{"name":"wp","href":"https:\/\/api.w.org\/{rel}","templated":true}]}}