{"id":9452,"date":"2022-04-11T12:20:46","date_gmt":"2022-04-11T12:20:46","guid":{"rendered":"http:\/\/www.smartown.ae\/?page_id=9452"},"modified":"2025-08-27T01:11:31","modified_gmt":"2025-08-26T21:11:31","slug":"barcos-de-pesca","status":"publish","type":"page","link":"https:\/\/www.smartown.ae\/es\/fishing-boats\/","title":{"rendered":"Barcos de pesca"},"content":{"rendered":"<h1>\n\t\t\tBarcos de pesca y catamaranes\t<\/h1>\n\t\t\t\t<img decoding=\"async\" src=\"https:\/\/www.smartown.ae\/wp-content\/uploads\/2022\/04\/smartown_wave_icon_white.png\" alt=\"smartown_wave_icon_blanco\" title=\"smartown_wave_icon_blanco\" itemprop=\"image\"\/>\n\t\t<h2> Consienta a su familia y amigos con lujo y entretenimiento<\/h2>\t\t\t\n\t\t\t<h3>Smart Own<\/h3><h3>L\u00edder mundial en exportaci\u00f3n de barcos de pesca y catamaranes<\/h3>\t\t\n\t\t\t\t<img decoding=\"async\" src=\"https:\/\/www.smartown.ae\/wp-content\/uploads\/2022\/04\/smartown_wave_icon_blue.png\" alt=\"smartown_wave_icon_azul\" title=\"smartown_wave_icon_azul\" itemprop=\"image\"\/>\n\t\t\t\t<p><p><a href=\"https:\/\/www.smartown.ae\/es\/\">Smart Own<\/a> puede satisfacer las necesidades de todos los aficionados a la pesca y al mar, desde el pescador ocasional hasta el gran entusiasta, ofreciendo una amplia gama de <strong>barcos de pesca<\/strong> y <strong>catamaranes vers\u00e1tiles<\/strong>.<\/p><p>Somos un <strong>socio confiable en la industria n\u00e1utica<\/strong>, reconocidos por nuestra <strong>profesionalidad<\/strong>, <strong>integridad<\/strong> y un <strong>impecable nivel de servicio al cliente<\/strong>.<\/p><\/p>\n<p><p><strong>Estilo<\/strong>, <strong>comodidad<\/strong> y <strong>funcionalidad<\/strong> son los pilares de dise\u00f1o que definen el \u00e9xito de nuestros <strong>cruceros familiares<\/strong> y <strong>barcos de pesca<\/strong>.<\/p>\n\n<p>Estas embarcaciones est\u00e1n pensadas para la <strong>navegaci\u00f3n recreativa<\/strong>, la <strong>pesca deportiva<\/strong> y actividades acu\u00e1ticas como el esqu\u00ed n\u00e1utico, combinando <strong>cascos de alto rendimiento<\/strong>, excelente maniobrabilidad y una est\u00e9tica moderna en constante evoluci\u00f3n.<\/p><\/p>\n<p>El \u00e9xito de Smart Own se deriva de las m\u00e1s de tres d\u00e9cadas de experiencia pr\u00f3spera de nuestros astilleros en la construcci\u00f3n de embarcaciones marinas utilizando tecnolog\u00eda avanzada, ingenier\u00eda poderosa, dise\u00f1o atemporal y artesan\u00eda de clase mundial.\u200b<\/p>\n<p><p>Desde <strong>Dub\u00e1i, Emiratos \u00c1rabes Unidos<\/strong>, suministramos al mundo la reconocida gama de <strong>barcos de pesca<\/strong> y <strong>catamaranes SilverCraft<\/strong> y <strong>SilverCat<\/strong>.<\/p><\/p>\n\t\t\t<h3>SilverCraft 36HT<\/h3>\t\t\n\t\t\t\t<img decoding=\"async\" src=\"https:\/\/www.smartown.ae\/wp-content\/uploads\/2022\/04\/smartown_wave_icon_white.png\" alt=\"smartown_wave_icon_blanco\" title=\"smartown_wave_icon_blanco\" itemprop=\"image\"\/>\n\t<ul>\n\t\t<li>\t\t\t\t\n\t\t10 personas<\/li><li>\t\t\t\t\n\t\tVelocidad m\u00e1xima de 40 nudos<\/li>\t<\/ul>\n<p>Tan potente como elegante, el <a href=\"https:\/\/www.smartown.ae\/es\/silver-craft-36-ht\/\">SilverCraft 36HT<\/a> es un ejemplo perfecto de innovaci\u00f3n en el dise\u00f1o n\u00e1utico. Su <strong>forma moderna<\/strong>, <strong>estilo inconfundible<\/strong> y <strong>amplio espacio<\/strong> lo convierten en el barco definitivo.<\/p>\n\n<p>Este <strong>barco de techo r\u00edgido<\/strong> est\u00e1 construido para la pesca, tanto costera como en mar abierto. Su disposici\u00f3n est\u00e1 dise\u00f1ada para mantener al propietario protegido del sol y la lluvia, sin renunciar a <strong>vistas panor\u00e1micas del mar<\/strong>.<\/p><\/p>\n\t\t\t<a href=\"\/es\/silver-craft-36-ht\/\" target=\"_self\">\n\t\t\t\t\t\t\tVer detalles\n\t\t\t<\/a>\n\t\t\t<h3>SilverCraft 36CC<\/h3>\t\t\n\t\t\t\t<img decoding=\"async\" src=\"https:\/\/www.smartown.ae\/wp-content\/uploads\/2022\/04\/smartown_wave_icon_white.png\" alt=\"smartown_wave_icon_blanco\" title=\"smartown_wave_icon_blanco\" itemprop=\"image\"\/>\n\t<ul>\n\t\t<li>\t\t\t\t\n\t\t14 personas<\/li><li>\t\t\t\t\n\t\tVelocidad m\u00e1xima de 40 nudos<\/li>\t<\/ul>\n\tEsta embarcaci\u00f3n tan vers\u00e1til puede ser disfrutada por toda la familia. Es un <a href=\"https:\/\/www.smartown.ae\/es\/silvercat-36-cc\/\">barco resistente con consola central polivalente<\/a> que puede acoger hasta 14 personas en una amplia zona de asientos.<br \/>\n<p>Su <strong>disposici\u00f3n general<\/strong> est\u00e1 dise\u00f1ada para adaptarse tanto a actividades recreativas como deportivas, y ofrece una <strong>excelente experiencia de navegaci\u00f3n en familia<\/strong>.<\/p>\n\n<p>Con <strong>cuatro portaca\u00f1as<\/strong> en la cubierta y <strong>cinco soportes adicionales<\/strong> en el techo de aluminio tipo T, el <strong>SilverCraft 36CC<\/strong> es perfecto para los aficionados a los deportes n\u00e1uticos.\n\t\t\t<a href=\"\/es\/silvercat-36-cc\/\" target=\"_self\">\n\t\t\t\t\t\t\tVer detalles\n\t\t\t<\/a>\n\t\t\t<h3>SilverCraft 32WA\u200b<\/h3>\t\t\n\t\t\t\t<img decoding=\"async\" src=\"https:\/\/www.smartown.ae\/wp-content\/uploads\/2022\/04\/smartown_wave_icon_white.png\" alt=\"smartown_wave_icon_blanco\" title=\"smartown_wave_icon_blanco\" itemprop=\"image\"\/>\n\t<ul>\n\t\t<li>\t\t\t\t\n\t\t8 personas<\/li><li>\t\t\t\t\n\t\tVelocidad m\u00e1xima de 42 nudos<\/li>\t<\/ul>\n\t<p>El mejor barco de pesca que satisface las demandas din\u00e1micas del <a href=\"https:\/\/www.smartown.ae\/es\/silver-craft-32-wa\/\">mercado n\u00e1utico de lujo para ocio<\/a>Inspirado en la pasi\u00f3n de la regi\u00f3n por los d\u00edas en familia en el mar y la pesca, el Silver Craft 32WA cuenta con una ergonom\u00eda inigualable y un dise\u00f1o avanzado para mejorar la experiencia de navegaci\u00f3n. El barco perfecto para un d\u00eda al sol o para un fin de semana, con una cabina que incluye un \u00e1rea abierta en proa que se convierte en una litera tama\u00f1o queen, una cocina bien equipada y un ba\u00f1o en suite de gran tama\u00f1o.<\/p>\n\t\t\t<a href=\"\/es\/silver-craft-32-wa\/\" target=\"_self\">\n\t\t\t\t\t\t\tVer detalles\n\t\t\t<\/a>\n\t\t\t<h3>SilverCat 34CC<\/h3>\t\t\n\t\t\t\t<img decoding=\"async\" src=\"https:\/\/www.smartown.ae\/wp-content\/uploads\/2022\/04\/smartown_wave_icon_white.png\" alt=\"smartown_wave_icon_blanco\" title=\"smartown_wave_icon_blanco\" itemprop=\"image\"\/>\n\t<ul>\n\t\t<li>\t\t\t\t\n\t\t10 personas (hasta 14 opcional)<\/li><li>\t\t\t\t\n\t\tVelocidad m\u00e1xima de 50 nudos<\/li>\t<\/ul>\n\t<p>10 personas \u2013 Catamar\u00e1n bicasco. Velocidad y estabilidad sin concesiones. Los barcos de pesca m\u00e1s deseados propulsados por dos motores fueraborda de 300 CV cada uno.<\/p>\n\t\t\t<a href=\"\/es\/silvercat-34cc\/\" target=\"_self\">\n\t\t\t\t\t\t\tVer detalles\n\t\t\t<\/a>\n\t\t\t<h3>SilverCat 34HT<\/h3>\t\t\n\t\t\t\t<img decoding=\"async\" src=\"https:\/\/www.smartown.ae\/wp-content\/uploads\/2022\/04\/smartown_wave_icon_white.png\" alt=\"smartown_wave_icon_blanco\" title=\"smartown_wave_icon_blanco\" itemprop=\"image\"\/>\n\t<ul>\n\t\t<li>\t\t\t\t\n\t\t10 personas (hasta 14 opcional)\u200b<\/li><li>\t\t\t\t\n\t\tVelocidad m\u00e1xima de 50 nudos<\/li>\t<\/ul>\n\t<p><p>El sorprendente <strong>SilverCat 34HT<\/strong> se distingue por sus <strong>magn\u00edficos acabados<\/strong> y un <strong>casco oce\u00e1nico optimizado<\/strong> para navegaci\u00f3n en alta mar. Capaz de afrontar con eficacia algunas de las marejadas m\u00e1s exigentes, este <strong>catamar\u00e1n imbatible<\/strong> est\u00e1 equipado con un <strong>hard top de fibra de vidrio<\/strong> que proporciona una <strong>amplia zona de sombra<\/strong>, ideal para el entretenimiento y diversos usos a bordo.<\/p><\/p>\n\t\t\t<a href=\"\/es\/silvercat-34ht\/\" target=\"_self\">\n\t\t\t\t\t\t\tVer detalles\n\t\t\t<\/a>\n\t\t\t<h3>SilverCat 34LUX<\/h3>\t\t\n\t\t\t\t<img decoding=\"async\" src=\"https:\/\/www.smartown.ae\/wp-content\/uploads\/2022\/04\/smartown_wave_icon_white.png\" alt=\"smartown_wave_icon_blanco\" title=\"smartown_wave_icon_blanco\" itemprop=\"image\"\/>\n\t<ul>\n\t\t<li>\t\t\t\t\n\t\t12 personas<\/li><li>\t\t\t\t\n\t\tVelocidad m\u00e1xima de 40 nudos<\/li>\t<\/ul>\n\t<p>Este SilverCat 34LUX multiusos est\u00e1 construido con un dise\u00f1o de plataforma cerrada que proporciona un transporte c\u00f3modo. Las zonas de estar interiores y exteriores son amplias y tienen capacidad para 12 personas. El dise\u00f1o avanzado del casco, que se extiende desde el pedigr\u00ed del astillero en la construcci\u00f3n de catamaranes de alto rendimiento, tambi\u00e9n ofrece muchas m\u00e1s opciones de potencia que los catamaranes convencionales.<\/p>\n\t\t\t<a href=\"\/es\/silvercat-34-lux\/\" target=\"_self\">\n\t\t\t\t\t\t\tVer detalles\n\t\t\t<\/a>\n\t\t\t<h3>SilverCat 40CC\u200b<\/h3>\t\t\n\t\t\t\t<img decoding=\"async\" src=\"https:\/\/www.smartown.ae\/wp-content\/uploads\/2022\/04\/smartown_wave_icon_white.png\" alt=\"smartown_wave_icon_blanco\" title=\"smartown_wave_icon_blanco\" itemprop=\"image\"\/>\n\t<ul>\n\t\t<li>\t\t\t\t\n\t\t12 personas (hasta 16 opcional)\u200b<\/li><li>\t\t\t\t\n\t\tVelocidad m\u00e1xima de 50 nudos<\/li>\t<\/ul>\n\t<p><p>El <strong>SilverCat 40CC<\/strong> es uno de los <strong>catamaranes m\u00e1s recientes e innovadores<\/strong> del mercado: una nueva generaci\u00f3n de <strong>embarcaciones vers\u00e1tiles para recreo y pesca<\/strong>.<\/p>\n\n<p>Siguiendo los pasos del exitoso <strong>SilverCat 34CC<\/strong>, este <strong>multicasco<\/strong> mide aproximadamente <strong>12,19 metros<\/strong> de eslora y tiene un desplazamiento de apenas <strong>7,9 toneladas<\/strong>. Est\u00e1 dise\u00f1ado para alojar c\u00f3modamente hasta <strong>12 personas<\/strong> a bordo.<\/p><\/p>\n\t\t\t<a href=\"\/es\/silvercat-40cc\/\" target=\"_self\">\n\t\t\t\t\t\t\tVer detalles\n\t\t\t<\/a>\n\t\t\t<h3>SilverCat 40LUX\u200b<\/h3>\t\t\n\t\t\t\t<img decoding=\"async\" src=\"https:\/\/www.smartown.ae\/wp-content\/uploads\/2022\/04\/smartown_wave_icon_white.png\" alt=\"smartown_wave_icon_blanco\" title=\"smartown_wave_icon_blanco\" itemprop=\"image\"\/>\n\t<ul>\n\t\t<li>\t\t\t\t\n\t\t15 personas<\/li><li>\t\t\t\t\n\t\tVelocidad m\u00e1xima de 40 nudos<\/li>\t<\/ul>\n\t<p><p>Con una <strong>amplia cubierta inigualable<\/strong> para el disfrute de los pasajeros, el <strong>SilverCat 40LUX<\/strong> es ideal para familias que desean <strong>entretener c\u00f3modamente a un gran grupo de invitados<\/strong>.<\/p>\n\n<p>Gracias a su <strong>abundante luz natural<\/strong>, <strong>espacios generosos<\/strong>, <strong>cocina totalmente equipada<\/strong> y <strong>zonas de asiento<\/strong> distribuidas en popa, cabina y proa, se convierte en la <strong>opci\u00f3n perfecta para cruceros vacacionales y salidas de ocio<\/strong>.<\/p><\/p>\n\t\t\t<a href=\"\/es\/silvercat-40-lux\/\" target=\"_self\">\n\t\t\t\t\t\t\tVer detalles\n\t\t\t<\/a>\n\t\t\t<h3>SilverCat 46LUX\u200b<\/h3>\t\t\n\t\t\t\t<img decoding=\"async\" src=\"https:\/\/www.smartown.ae\/wp-content\/uploads\/2022\/04\/smartown_wave_icon_white.png\" alt=\"smartown_wave_icon_blanco\" title=\"smartown_wave_icon_blanco\" itemprop=\"image\"\/>\n\t<ul>\n\t\t<li>\t\t\t\t\n\t\t15 personas<\/li><li>\t\t\t\t\n\t\tVelocidad m\u00e1xima de 38 nudos<\/li>\t<\/ul>\n\t<p><p>El <strong>verdadero significado de la libertad<\/strong> y la <strong>aventura sin igual<\/strong>. Nuestro primer catamar\u00e1n equipado con <strong>dos cabinas independientes<\/strong>.<\/p><\/p>\n<p><p>El <strong>SilverCat 46LUX<\/strong> ocupa un lugar destacado en nuestra colecci\u00f3n de catamaranes, gracias a su <strong>configuraci\u00f3n moderna y espaciosa<\/strong>, su <strong>impresionante dise\u00f1o exterior<\/strong> y <strong>acabados interiores hechos a medida<\/strong>, pensados para satisfacer tanto a los amantes de la aventura como a los navegantes m\u00e1s exigentes.<\/p><\/p>\n\t\t\t<a href=\"\/es\/silvercat-46-lux\/\" target=\"_self\">\n\t\t\t\t\t\t\tVer detalles\n\t\t\t<\/a>\n<h2>\n\t\t\tPrecios\t<\/h2>\n\t<p>Le ayudamos a encontrar el barco de pasajeros o embarcaci\u00f3n especial ideal.<\/p>\n\t\t\t<a href=\"\/es\/contacta-con-smartown\/\" target=\"_self\">\n\t\t\t\t\t\t\t\u00a1Cont\u00e1ctenos!\n\t\t\t\t\t<\/a>\n\t\t\t\t<img decoding=\"async\" src=\"Cont\u00e1ctenos\" alt=\"H\u00c1BLANOS\" itemprop=\"image\" height=\"162\" width=\"161\" title=\"H\u00c1BLANOS\" onerror=\"this.style.display='none'\" loading=\"lazy\" \/>\n<h3>\n\t\t\tNuestros servicios\t<\/h3>\n\t\t\t\t<img decoding=\"async\" src=\"http:\/\/www.smartown.ae\/\/wp-content\/uploads\/2022\/04\/icon-customization.png\" alt=\"icono-personalizaci\u00f3n\" title=\"icono-personalizaci\u00f3n\" itemprop=\"image\"\/>\n\t\t<h3><p><a href=\"https:\/\/www.smartown.ae\/es\/servicios-de-personalizacion\/\">Personalizaci\u00f3n<\/a><br><\/h3>\t\t\t\n\t\t\t\t<p>Somos el proveedor l\u00edder de embarcaciones de pasajeros y disponemos de embarcaciones de pasajeros personalizadas a la venta. Trabajamos con uno de los principales fabricantes de embarcaciones de pasajeros del mundo para ofrecerle embarcaciones que se adapten a sus necesidades.<\/p>\n\t\t\t\t<img decoding=\"async\" src=\"https:\/\/www.smartown.ae\/wp-content\/uploads\/2022\/04\/icon-fast-delivery.png\" alt=\"icon-fast-delivery\" title=\"icon-fast-delivery\" itemprop=\"image\"\/>\n\t\t<h3>Entrega r\u00e1pida<\/h3>\t\t\t\n\t\t\t\t<p>Todos los barcos expuestos se fabrican por encargo y tardan entre 2 y 6 meses de entrega, dependiendo del modelo de barco de pasajeros y de los motores elegidos. Nuestros principales barcos de pasajeros son:<a title=\"Touring 36\" href=\"\/es\/touring-36\/\">Touring 36<\/a>, <a href=\"\/es\/touring-48-ferry\/\">Touring 48 Ferry<\/a>, <a href=\"\/es\/touring-48-lounge\/\">Touring 48 Lounge<\/a>.<\/p>\n\t\t\t\t<img decoding=\"async\" src=\"http:\/\/www.smartown.ae\/\/wp-content\/uploads\/2022\/04\/icon-international-shipping.png\" alt=\"icono-envios-internacionales\" title=\"icono-envios-internacionales\" itemprop=\"image\"\/>\n\t\t<h3>Env\u00edo internacional<\/h3>\t\t\t\n\t\t\t\t<p>Organizamos el env\u00edo a cualquier destino del mundo. Hemos vendido nuestras embarcaciones a los 5 continentes. No hay ning\u00fan pa\u00eds o isla al que no podamos llegar. Enviamos a \u00c1frica, Am\u00e9rica Latina, Asia, Ocean\u00eda o cualquier otro lugar.<\/p>\n\t\t\t\t<img decoding=\"async\" src=\"http:\/\/www.smartown.ae\/wp-content\/uploads\/2022\/04\/dubai-2.jpg\" alt=\"Dub\u00e1i-2\" itemprop=\"image\" title=\"Dub\u00e1i-2\" onerror=\"this.style.display='none'\" loading=\"lazy\" \/>\n\t\t\t<h3>Visite Dubai, la ciudad de los sue\u00f1os, \u00a1gratis!<\/h3>\t\t\t\n\t<p>Con la presencia de nuestras embarcaciones de pasajeros en todos los continentes y en m\u00e1s de 70 pa\u00edses, podemos presumir de ser l\u00edderes del mercado en el suministro de embarcaciones de pasajeros y embarcaciones utilitarias. Smart Own lleva m\u00e1s de una d\u00e9cada suministrando embarcaciones de pasajeros de primera clase a operadores de transporte acu\u00e1tico y empresas.<\/p>\n\t\t\t<a href=\"\/es\/contacta-con-smartown\/\" target=\"_self\">\n\t\t\t\t\t\t\tCont\u00e1ctenos\n\t\t\t<\/a>","protected":false},"excerpt":{"rendered":"<p>Fishing Boats &#038; Catamarans Indulge Your Family And Friends With Luxury And Entertainment\u200b Smart Own Leading Exporter of Fishing Boats and Catamarans to the World \u200b Smart Own can satisfy the needs of every fishing and sea enthusiast from the recreational fisherman to the avid amateur offering a wide range of fishing cruisers and catamarans. [&hellip;]<\/p>\n","protected":false},"author":2,"featured_media":0,"parent":0,"menu_order":0,"comment_status":"closed","ping_status":"closed","template":"","meta":{"site-sidebar-layout":"no-sidebar","site-content-layout":"page-builder","ast-site-content-layout":"full-width-container","site-content-style":"unboxed","site-sidebar-style":"unboxed","ast-global-header-display":"","ast-banner-title-visibility":"","ast-main-header-display":"","ast-hfb-above-header-display":"","ast-hfb-below-header-display":"","ast-hfb-mobile-header-display":"","site-post-title":"disabled","ast-breadcrumbs-content":"disabled","ast-featured-img":"disabled","footer-sml-layout":"","ast-disable-related-posts":"","theme-transparent-header-meta":"default","adv-header-id-meta":"","stick-header-meta":"","header-above-stick-meta":"","header-main-stick-meta":"","header-below-stick-meta":"","astra-migrate-meta-layouts":"set","ast-page-background-enabled":"default","ast-page-background-meta":{"desktop":{"background-color":"var(--ast-global-color-4)","background-image":"","background-repeat":"repeat","background-position":"center center","background-size":"auto","background-attachment":"scroll","background-type":"","background-media":"","overlay-type":"","overlay-color":"","overlay-opacity":"","overlay-gradient":""},"tablet":{"background-color":"","background-image":"","background-repeat":"repeat","background-position":"center center","background-size":"auto","background-attachment":"scroll","background-type":"","background-media":"","overlay-type":"","overlay-color":"","overlay-opacity":"","overlay-gradient":""},"mobile":{"background-color":"","background-image":"","background-repeat":"repeat","background-position":"center center","background-size":"auto","background-attachment":"scroll","background-type":"","background-media":"","overlay-type":"","overlay-color":"","overlay-opacity":"","overlay-gradient":""}},"ast-content-background-meta":{"desktop":{"background-color":"var(--ast-global-color-5)","background-image":"","background-repeat":"repeat","background-position":"center center","background-size":"auto","background-attachment":"scroll","background-type":"","background-media":"","overlay-type":"","overlay-color":"","overlay-opacity":"","overlay-gradient":""},"tablet":{"background-color":"var(--ast-global-color-5)","background-image":"","background-repeat":"repeat","background-position":"center center","background-size":"auto","background-attachment":"scroll","background-type":"","background-media":"","overlay-type":"","overlay-color":"","overlay-opacity":"","overlay-gradient":""},"mobile":{"background-color":"var(--ast-global-color-5)","background-image":"","background-repeat":"repeat","background-position":"center center","background-size":"auto","background-attachment":"scroll","background-type":"","background-media":"","overlay-type":"","overlay-color":"","overlay-opacity":"","overlay-gradient":""}},"footnotes":""},"class_list":["post-9452","page","type-page","status-publish","hentry"],"_links":{"self":[{"href":"https:\/\/www.smartown.ae\/es\/wp-json\/wp\/v2\/pages\/9452","targetHints":{"allow":["GET"]}}],"collection":[{"href":"https:\/\/www.smartown.ae\/es\/wp-json\/wp\/v2\/pages"}],"about":[{"href":"https:\/\/www.smartown.ae\/es\/wp-json\/wp\/v2\/types\/page"}],"author":[{"embeddable":true,"href":"https:\/\/www.smartown.ae\/es\/wp-json\/wp\/v2\/users\/2"}],"replies":[{"embeddable":true,"href":"https:\/\/www.smartown.ae\/es\/wp-json\/wp\/v2\/comments?post=9452"}],"version-history":[{"count":0,"href":"https:\/\/www.smartown.ae\/es\/wp-json\/wp\/v2\/pages\/9452\/revisions"}],"wp:attachment":[{"href":"https:\/\/www.smartown.ae\/es\/wp-json\/wp\/v2\/media?parent=9452"}],"curies":[{"name":"Gracias","href":"https:\/\/api.w.org\/{rel}","templated":true}]}}