{"id":9428,"date":"2022-04-09T13:36:24","date_gmt":"2022-04-09T13:36:24","guid":{"rendered":"http:\/\/www.smartown.ae\/?page_id=9428"},"modified":"2025-03-02T02:23:11","modified_gmt":"2025-03-01T22:23:11","slug":"politica-de-privacidad","status":"publish","type":"page","link":"https:\/\/www.smartown.ae\/es\/privacy-policy\/","title":{"rendered":"Pol\u00edtica de privacidad"},"content":{"rendered":"<h1>Pol\u00edtica de privacidad PROPIA INTELIGENTE<\/h1>\r\n<p><img decoding=\"async\" title=\"smartown_wave_icon_blanco\" src=\"http:\/\/www.smartown.ae\/wp-content\/uploads\/2022\/04\/smartown_wave_icon_white.png\" alt=\"smartown_wave_icon_blanco\" \/><\/p>\r\n<h2>Respetamos tus datos<\/h2>\r\n<p>No es casualidad que hayamos vendido nuestros barcos de pasajeros en los cinco continentes. Muy pocos astilleros construyen embarcaciones con tanta maniobrabilidad y versatilidad. La l\u00ednea Gulf Craft Touring puede fabricarse como barco de pasajeros, de b\u00fasqueda y rescate, de patrulla, ambulancia mar\u00edtima, autob\u00fas acu\u00e1tico, barco restaurante o barco de buceo. Entendemos que los compradores de barcos comerciales requieren una personalizaci\u00f3n completa. Por ello, ofrecemos: \u2013 Una amplia selecci\u00f3n de motores intraborda y fueraborda. \u2013 M\u00faltiples distribuciones de asientos. \u2013 Versiones con cabina abierta o cerrada. \u2013 Diferentes sociedades de clasificaci\u00f3n para nuestra serie de barcos de trabajo.<\/p>\r\n<p><img loading=\"lazy\" decoding=\"async\" src=\"http:\/\/www.smartown.ae\/wp-content\/uploads\/2014\/10\/bouton-contact-boat2.jpg\" alt=\"Obtenga m\u00e1s informaci\u00f3n sobre ferries y barcos.\" width=\"303\" height=\"152\" \/><\/p>\r\n<h4>\u00a0 \u00a0 \u00a0 \u00a0 \u00a0 \u00a0 \u00a0 \u00a0 \u00a0 \u00a0 \u00a0 \u00a0 \u00a0 \u00a0 \u00a0 \u00a0 \u00a0Si busca un barco de pasajeros o una embarcaci\u00f3n especializada.<\/h4>\r\n<p><strong>\u00bfQu\u00e9 informaci\u00f3n recopilamos?\u00a0<\/strong>Recopilamos sus datos de contacto y cualquier informaci\u00f3n relevante para comprender los requisitos de su yate o navegaci\u00f3n. Al completar formularios o enviar una consulta en nuestro sitio, seg\u00fan corresponda, es posible que se le solicite que ingrese su: nombre, direcci\u00f3n de correo electr\u00f3nico o n\u00famero de tel\u00e9fono.\u00a0<strong>\u00bfPara qu\u00e9 utilizamos su informaci\u00f3n?<\/strong>\u00a0Cualquier informaci\u00f3n que recopilemos de usted puede usarse para personalizar su experiencia (su informaci\u00f3n nos ayuda a responder mejor a sus necesidades individuales)\u00a0<strong>\u00bfC\u00f3mo protegemos tu informaci\u00f3n?<\/strong>\u00a0Ofrecemos el uso de un servidor seguro. Toda la informaci\u00f3n confidencial proporcionada se transmite a trav\u00e9s de la tecnolog\u00eda Secure Socket Layer (SSL) y luego se cifra en nuestra base de datos para que solo puedan acceder a ella aquellos autorizados con derechos especiales de acceso a nuestros sistemas, y deben mantener la informaci\u00f3n confidencial.\u00a0<strong>\u00bfUtilizamos cookies?<\/strong>\u00a0No usamos galletas.\u00a0<strong>\u00bfRevelamos alguna informaci\u00f3n a terceros?\u00a0<\/strong>No vendemos, comercializamos ni transferimos de otro modo a terceros su informaci\u00f3n de identificaci\u00f3n personal. Esto no incluye a los terceros de confianza que nos ayudan a operar nuestro sitio web, realizar nuestro negocio o brindarle servicios, siempre que dichas partes acepten mantener esta informaci\u00f3n confidencial. Sin embargo, se puede proporcionar informaci\u00f3n de visitantes que no identifica personalmente a otras partes para fines de marketing, publicidad u otros usos.\u00a0<strong>Enlaces de terceros\u00a0<\/strong>Ocasionalmente, a nuestra discreci\u00f3n, podemos incluir u ofrecer productos o servicios de terceros en nuestro sitio web. Estos sitios de terceros tienen pol\u00edticas de privacidad separadas e independientes. Por lo tanto, no tenemos ninguna responsabilidad por el contenido y las actividades de estos sitios vinculados. No obstante, buscamos proteger la integridad de nuestro sitio y agradecemos cualquier comentario sobre estos sitios.\u00a0<strong>Tu consentimiento<\/strong>\u00a0Al utilizar nuestro sitio, usted acepta nuestra pol\u00edtica de privacidad del sitio web.\u00a0<strong>Cambios en nuestra Pol\u00edtica de Privacidad\u00a0<\/strong>Tenga en cuenta que esta Pol\u00edtica de Privacidad puede cambiar de vez en cuando. No reduciremos sus derechos seg\u00fan esta Pol\u00edtica de privacidad sin su consentimiento expl\u00edcito y esperamos que la mayor\u00eda de dichos cambios sean menores. De todos modos, publicaremos cualquier cambio en la Pol\u00edtica de Privacidad en esta p\u00e1gina. Cont\u00e1ctenos Si tiene alguna pregunta sobre esta pol\u00edtica de privacidad, puede comunicarse con nosotros utilizando la informaci\u00f3n a continuaci\u00f3n. Smart Own FZE POBox 38035 Dub\u00e1i Emiratos \u00c1rabes Unidos www.smarttown.ae<\/p>\r\n<p><img decoding=\"async\" title=\"burj-al-arab-rolls-royce-phantom-e1424848802425\" src=\"http:\/\/www.smartown.ae\/wp-content\/uploads\/2022\/04\/burj-al-arab-rolls-royce-phantom-e1424848802425.jpg\" sizes=\"(max-width: 400px) 100vw, 400px\" srcset=\"http:\/\/www.smartown.ae\/wp-content\/uploads\/2022\/04\/burj-al-arab-rolls-royce-phantom-e1424848802425.jpg 400w, http:\/\/www.smartown.ae\/wp-content\/uploads\/2022\/04\/burj-al-arab-rolls-royce-phantom-e1424848802425-300x207.jpg 300w\" alt=\"burj-al-arab-rolls-royce-phantom-e1424848802425\" \/><\/p>\r\n<p>Con la presencia de nuestras embarcaciones de pasajeros en todos los continentes y en m\u00e1s de 70 pa\u00edses, podemos presumir de ser l\u00edderes del mercado en el suministro de embarcaciones de pasajeros y embarcaciones utilitarias. Smart Own lleva m\u00e1s de una d\u00e9cada suministrando embarcaciones de pasajeros de primera clase a operadores de transporte acu\u00e1tico y empresas.<\/p>\r\n<p><a role=\"button\" target=\"_self\" rel=\"noopener\"> Cont\u00e1ctanos <\/a><\/p>\r\n<h3>Nuestros servicios<\/h3>\r\n<p><img decoding=\"async\" title=\"icono-personalizaci\u00f3n\" src=\"http:\/\/www.smartown.ae\/wp-content\/uploads\/2022\/04\/icon-customization.png\" alt=\"icono-personalizaci\u00f3n\" \/><\/p>\r\n<h3><p><a href=\"https:\/\/www.smartown.ae\/es\/servicios-de-personalizacion\/\">Personalizaci\u00f3n<\/a><br><\/h3>\r\n<p>Somos el proveedor l\u00edder de barcos de pasajeros y podemos personalizar nuestra flota seg\u00fan sus necesidades.<\/p>\r\n<p><img decoding=\"async\" title=\"icon-fast-delivery\" src=\"http:\/\/www.smartown.ae\/wp-content\/uploads\/2022\/04\/icon-fast-delivery.png\" alt=\"icon-fast-delivery\" \/><\/p>\r\n<h3>Entrega r\u00e1pida<\/h3>\r\n<p>Obviamente, todos nuestros barcos construidos a medida se fabrican bajo pedido y su entrega requiere entre 2 y 6 meses, seg\u00fan el modelo y el motor elegido.<\/p>\r\n<p><img decoding=\"async\" title=\"icono-envios-internacionales\" src=\"http:\/\/www.smartown.ae\/wp-content\/uploads\/2022\/04\/icon-international-shipping.png\" alt=\"icono-envios-internacionales\" \/><\/p>\r\n<h3>Env\u00edo internacional<\/h3>\r\n<p>Organizamos el env\u00edo de nuestros barcos pagenger personalizados para la venta a cualquier destino del mundo. Hemos vendido nuestros barcos a los 5 continentes. No hay pa\u00eds o isla a la que no podamos llegar.<\/p>\r\n<h3>Certificaciones<\/h3>\r\n<p><a href=\"https:\/\/www.dnv.com\/\" target=\"_blank\" rel=\"nofollow noopener\"> <img decoding=\"async\" src=\"http:\/\/www.smartown.ae\/wp-content\/uploads\/2022\/04\/GLC-logo.png\" alt=\"http:\/\/www.smartown.ae\/wp-content\/uploads\/2022\/04\/GLC-logo.png\" data-no-lazy=\"1\" \/> <\/a> <a href=\"https:\/\/www.uscg.mil\/\" target=\"_blank\" rel=\"nofollow noopener\"> <img decoding=\"async\" src=\"http:\/\/www.smartown.ae\/wp-content\/uploads\/2022\/04\/USCG-logo.png\" alt=\"http:\/\/www.smartown.ae\/wp-content\/uploads\/2022\/04\/USCG-logo.png\" data-no-lazy=\"1\" \/> <\/a> <a href=\"https:\/\/www.rina.org\/en\" target=\"_blank\" rel=\"nofollow noopener\"> <img decoding=\"async\" src=\"http:\/\/www.smartown.ae\/wp-content\/uploads\/2022\/04\/rina-certification.png\" alt=\"http:\/\/www.smartown.ae\/wp-content\/uploads\/2022\/04\/rina-certification.png\" data-no-lazy=\"1\" \/> <\/a> <a href=\"https:\/\/group.bureauveritas.com\/\" target=\"_blank\" rel=\"nofollow noopener\"> <img decoding=\"async\" src=\"http:\/\/www.smartown.ae\/wp-content\/uploads\/2022\/04\/BV-logo1.png\" alt=\"http:\/\/www.smartown.ae\/wp-content\/uploads\/2022\/04\/BV-logo1.png\" data-no-lazy=\"1\" \/> <\/a><\/p>","protected":false},"excerpt":{"rendered":"<p>SMART OWN Privacy Policy We Respect Your Data It is not a coincidence that we have sold our passenger boats in all 5 continents. Very few shipyards build vessels of such maneuverability and versatility. The Gulf Craft Touring line can be made as a passenger, search &amp; rescue, patrol, marine ambulance, water bus, restaurant ship [&hellip;]<\/p>\n","protected":false},"author":2,"featured_media":0,"parent":0,"menu_order":0,"comment_status":"closed","ping_status":"closed","template":"","meta":{"site-sidebar-layout":"no-sidebar","site-content-layout":"page-builder","ast-site-content-layout":"full-width-container","site-content-style":"unboxed","site-sidebar-style":"unboxed","ast-global-header-display":"","ast-banner-title-visibility":"","ast-main-header-display":"","ast-hfb-above-header-display":"","ast-hfb-below-header-display":"","ast-hfb-mobile-header-display":"","site-post-title":"disabled","ast-breadcrumbs-content":"disabled","ast-featured-img":"disabled","footer-sml-layout":"","ast-disable-related-posts":"","theme-transparent-header-meta":"default","adv-header-id-meta":"","stick-header-meta":"","header-above-stick-meta":"","header-main-stick-meta":"","header-below-stick-meta":"","astra-migrate-meta-layouts":"set","ast-page-background-enabled":"default","ast-page-background-meta":{"desktop":{"background-color":"var(--ast-global-color-4)","background-image":"","background-repeat":"repeat","background-position":"center center","background-size":"auto","background-attachment":"scroll","background-type":"","background-media":"","overlay-type":"","overlay-color":"","overlay-opacity":"","overlay-gradient":""},"tablet":{"background-color":"","background-image":"","background-repeat":"repeat","background-position":"center center","background-size":"auto","background-attachment":"scroll","background-type":"","background-media":"","overlay-type":"","overlay-color":"","overlay-opacity":"","overlay-gradient":""},"mobile":{"background-color":"","background-image":"","background-repeat":"repeat","background-position":"center center","background-size":"auto","background-attachment":"scroll","background-type":"","background-media":"","overlay-type":"","overlay-color":"","overlay-opacity":"","overlay-gradient":""}},"ast-content-background-meta":{"desktop":{"background-color":"var(--ast-global-color-5)","background-image":"","background-repeat":"repeat","background-position":"center center","background-size":"auto","background-attachment":"scroll","background-type":"","background-media":"","overlay-type":"","overlay-color":"","overlay-opacity":"","overlay-gradient":""},"tablet":{"background-color":"var(--ast-global-color-5)","background-image":"","background-repeat":"repeat","background-position":"center center","background-size":"auto","background-attachment":"scroll","background-type":"","background-media":"","overlay-type":"","overlay-color":"","overlay-opacity":"","overlay-gradient":""},"mobile":{"background-color":"var(--ast-global-color-5)","background-image":"","background-repeat":"repeat","background-position":"center center","background-size":"auto","background-attachment":"scroll","background-type":"","background-media":"","overlay-type":"","overlay-color":"","overlay-opacity":"","overlay-gradient":""}},"footnotes":""},"class_list":["post-9428","page","type-page","status-publish","hentry"],"_links":{"self":[{"href":"https:\/\/www.smartown.ae\/es\/wp-json\/wp\/v2\/pages\/9428","targetHints":{"allow":["GET"]}}],"collection":[{"href":"https:\/\/www.smartown.ae\/es\/wp-json\/wp\/v2\/pages"}],"about":[{"href":"https:\/\/www.smartown.ae\/es\/wp-json\/wp\/v2\/types\/page"}],"author":[{"embeddable":true,"href":"https:\/\/www.smartown.ae\/es\/wp-json\/wp\/v2\/users\/2"}],"replies":[{"embeddable":true,"href":"https:\/\/www.smartown.ae\/es\/wp-json\/wp\/v2\/comments?post=9428"}],"version-history":[{"count":0,"href":"https:\/\/www.smartown.ae\/es\/wp-json\/wp\/v2\/pages\/9428\/revisions"}],"wp:attachment":[{"href":"https:\/\/www.smartown.ae\/es\/wp-json\/wp\/v2\/media?parent=9428"}],"curies":[{"name":"Gracias","href":"https:\/\/api.w.org\/{rel}","templated":true}]}}