{"id":8928,"date":"2022-04-08T07:04:01","date_gmt":"2022-04-08T07:04:01","guid":{"rendered":"http:\/\/www.smartown.ae\/?page_id=8928"},"modified":"2025-06-16T20:11:56","modified_gmt":"2025-06-16T16:11:56","slug":"touring-40-vip","status":"publish","type":"page","link":"https:\/\/www.smartown.ae\/es\/touring-40-vip\/","title":{"rendered":"gira-40-vip"},"content":{"rendered":"<h1>\r\n\t\t\tGira 40 VIP\t<\/h1>\r\n\t\t\t\t<img decoding=\"async\" src=\"https:\/\/www.smartown.ae\/wp-content\/uploads\/2022\/04\/smartown_wave_icon_white.png\" alt=\"smartown_wave_icon_blanco\" title=\"smartown_wave_icon_blanco\" itemprop=\"image\"\/>\r\n\t\t<h2>Barco de pasajeros de lujo para la experiencia de los hu\u00e9spedes VIP<\/h2>\t\t\t\r\n\t<p>El Touring 40 VIP establece un nuevo est\u00e1ndar en barcos de pasajeros de lujo, con capacidad para 28 invitados en una espaciosa cabina con aire acondicionado, lujosos sillones y sistemas de entretenimiento avanzados.<\/p>\r\n<p>Dise\u00f1ado para resorts de cinco estrellas y operadores de taxis acu\u00e1ticos de \u00e9lite, esta embarcaci\u00f3n premium garantiza una verdadera experiencia VIP para sus clientes m\u00e1s distinguidos.<\/p>\r\n<p>Desde traslados suaves hasta excursiones exclusivas, el Touring 40 VIP combina comodidad, estilo y comodidades de \u00faltima generaci\u00f3n, lo que lo convierte en la opci\u00f3n preferida para el transporte mar\u00edtimo de alta gama.<\/p>\r\n<p>\u00bfListo para mejorar tu flota? Contacta con Smart Own para descubrir c\u00f3mo el Touring 40 VIP puede brindar lujo y confiabilidad a tus invitados.<\/p>\r\n<h2>\r\n\t\t\tEspecificaciones\t<\/h2>\r\n<ul>\t<li>\r\n\t\t\t Longitud: 40\u2032\t\t\r\n\t<\/li>\r\n\t\t<li>\r\n\t\t\t Manga: 12\u2032 06\u2033\t\t\r\n\t<\/li>\r\n\t\t<li>\r\n\t\t\t Calado: 01\u2032 10\u2033\t\t\r\n\t<\/li>\r\n\t\t<li>\r\n\t\t\t Capacidad de combustible: 300 galones estadounidenses.\t\t\r\n\t<\/li>\r\n\t\t<li>\r\n\t\t\t Capacidad de agua: 50 galones estadounidenses. aluminio\t\t\r\n\t<\/li>\r\n\t\t<li>\r\n\t\t\t Motores est\u00e1ndar: Yamaha fueraborda 2\u00d7300 HP\t\t\r\n\t<\/li>\r\n\t\t<li>\r\n\t\t\t Velocidad M\u00e1xima: 38 nudos\t\t\r\n\t<\/li>\r\n\t\t<li>\r\n\t\t\t Normas de seguridad: Normas de la Guardia Costera de EE. UU. \u201cMIC-XVA\u201d\t\t\r\n\t<\/li>\r\n\t\t<li>\r\n\t\t\t M\u00e1x. Capacidad de asientos: 30 personas (incluidos asientos de piloto y copiloto)\t\t\r\n\t<\/li>\r\n\t<\/ul><h2>\r\n\t\t\tConstrucci\u00f3n\t<\/h2>\r\n<ul>\t<li>\r\n\t\t\t El casco y la cubierta est\u00e1n hechos de un molde de PRFV de una sola pieza, construidos a partir de una combinaci\u00f3n de estera de hebras cortadas, tejido de punto bidireccional y n\u00facleo de balsa laminado a mano a temperaturas controladas con resina de poli\u00e9ster isoft\u00e1lico.\t\t\r\n\t<\/li>\r\n\t\t<li>\r\n\t\t\t El casco y el exterior de la cubierta tienen un acabado de gel-coat de esmalte de espejo.\t\t\r\n\t<\/li>\r\n\t\t<li>\r\n\t\t\t El casco est\u00e1 reforzado con marcos moldeados de PRFV rellenos de poliuretano y adheridos al fondo del casco.\t\t\r\n\t<\/li>\r\n\t\t<li>\r\n\t\t\t En la plataforma, la balsa se reemplaza con madera contrachapada para soportar los accesorios de la plataforma.\t\t\r\n\t<\/li>\r\n\t\t<li>\r\n\t\t\t Todos los materiales utilizados en la construcci\u00f3n son calidad marina homologada\t\t\r\n\t<\/li>\r\n\t\t<li>\r\n\t\t\t Color b\u00e1sico del casco: blanco.\t\t\r\n\t<\/li>\r\n\t<\/ul><h2>\r\n\t\t\tCaracter\u00edsticas est\u00e1ndar\t<\/h2>\r\n<ul>\t<li>\r\n\t\t\t Cabina cerrada completa de FRP con ventanas y puertas.\t\t\r\n\t<\/li>\r\n\t\t<li>\r\n\t\t\t Sillones (28 Nos)\t\t\r\n\t<\/li>\r\n\t\t<li>\r\n\t\t\t Generador Marino 11 Kw (Kohler)\t\t\r\n\t<\/li>\r\n\t\t<li>\r\n\t\t\t Sistema de aire acondicionado marino (36.000 BTU)\t\t\r\n\t<\/li>\r\n\t\t<li>\r\n\t\t\t Radio VHF GARMIN monoemisora\t\t\r\n\t<\/li>\r\n\t\t<li>\r\n\t\t\t Garmin GPS 526S con sonda\t\t\r\n\t<\/li>\r\n\t\t<li>\r\n\t\t\t Televisor LED 22\u2033 + Reproductor DVD\/FM\/AM\t\t\r\n\t<\/li>\r\n\t\t<li>\r\n\t\t\t Est\u00e9reo marino (Fusion) con base para I-POD-USB + 4 parlantes marinos Nos\t\t\r\n\t<\/li>\r\n\t\t<li>\r\n\t\t\t Br\u00fajula 135\t\t\r\n\t<\/li>\r\n\t\t<li>\r\n\t\t\t Limpiaparabrisas\t\t\r\n\t<\/li>\r\n\t\t<li>\r\n\t\t\t Cuerno marino \u2013 Twin\t\t\r\n\t<\/li>\r\n\t\t<li>\r\n\t\t\t Luz de b\u00fasqueda RC \u2013 Individual\t\t\r\n\t<\/li>\r\n\t\t<li>\r\n\t\t\t Ancla 10 Kg Con Cadena 6m Y 50m\t\t\r\n\t<\/li>\r\n\t\t<li>\r\n\t\t\t Chalecos salvavidas ( 30 Nos )\t\t\r\n\t<\/li>\r\n\t\t<li>\r\n\t\t\t Cabrestante SS Windlass con panel de control remoto\t\t\r\n\t<\/li>\r\n\t\t<li>\r\n\t\t\t Escota de proa SS\t\t\r\n\t<\/li>\r\n\t\t<li>\r\n\t\t\t Rodillo de proa SS\t\t\r\n\t<\/li>\r\n\t\t<li>\r\n\t\t\t Sistema de direcci\u00f3n hidr\u00e1ulica.\t\t\r\n\t<\/li>\r\n\t\t<li>\r\n\t\t\t Inodoro marino \u2013 el\u00e9ctrico.\t\t\r\n\t<\/li>\r\n\t\t<li>\r\n\t\t\t Bomba de achique el\u00e9ctrica.\t\t\r\n\t<\/li>\r\n\t\t<li>\r\n\t\t\t Suelo autovaciante antideslizante\t\t\r\n\t<\/li>\r\n\t\t<li>\r\n\t\t\t Inodoro marino el\u00e9ctrico\t\t\r\n\t<\/li>\r\n\t\t<li>\r\n\t\t\t luces de marcha\t\t\r\n\t<\/li>\r\n\t\t<li>\r\n\t\t\t Una bomba de achique con interruptor de flotador autom\u00e1tico\t\t\r\n\t<\/li>\r\n\t\t<li>\r\n\t\t\t Una bomba de achique manual con asa\t\t\r\n\t<\/li>\r\n\t\t<li>\r\n\t\t\t Fregadero de FRP con grifo de agua\t\t\r\n\t<\/li>\r\n\t<\/ul><h2>\r\n\t\t\tCubierta y casco\t<\/h2>\r\n<ul>\t<li>\r\n\t\t\t Pasacascos\t\t\r\n\t<\/li>\r\n\t\t<li>\r\n\t\t\t Almacenamiento de anclaje con drenaje autom\u00e1tico\t\t\r\n\t<\/li>\r\n\t\t<li>\r\n\t\t\t Cornamusas de cubierta de acero inoxidable\t\t\r\n\t<\/li>\r\n\t\t<li>\r\n\t\t\t Ojos de proa y popa\t\t\r\n\t<\/li>\r\n\t<\/ul><h2>\r\n\t\t\tSistema de combustible\t<\/h2>\r\n<ul>\t<li>\r\n\t\t\t 300 galones estadounidenses. alumbre. dep\u00f3sito de combustible\t\t\r\n\t<\/li>\r\n\t\t<li>\r\n\t\t\t Transmisor el\u00e9ctrico con man\u00f3metro\t\t\r\n\t<\/li>\r\n\t\t<li>\r\n\t\t\t Llenado de combustible y respiraderos\t\t\r\n\t<\/li>\r\n\t<\/ul><h2>\r\n\t\t\tSistema el\u00e9ctrico\t<\/h2>\r\n<ul>\t<li>\r\n\t\t\t Sistema de cableado marino codificado por colores\t\t\r\n\t<\/li>\r\n\t\t<li>\r\n\t\t\t Sistema de salto principal de 12V\t\t\r\n\t<\/li>\r\n\t\t<li>\r\n\t\t\t Panel de interruptores de 6 v\u00edas\t\t\r\n\t<\/li>\r\n\t<\/ul><h2>\r\n\t\t\tSistema de agua dulce\t<\/h2>\r\n<ul>\t<li>\r\n\t\t\t 50 galones estadounidenses. alumbre. dep\u00f3sito de agua\t\t\r\n\t<\/li>\r\n\t\t<li>\r\n\t\t\t Transmisor el\u00e9ctrico con man\u00f3metro\t\t\r\n\t<\/li>\r\n\t\t<li>\r\n\t\t\t Llenado de agua y ventilaciones\t\t\r\n\t<\/li>\r\n\t\t<li>\r\n\t\t\t Sistema de agua a presi\u00f3n\t\t\r\n\t<\/li>\r\n\t<\/ul><h2>\r\n\t\t\tDisposiciones generales (posibilidad de personalizaci\u00f3n)\t<\/h2>\r\n\t\t\t\t<img decoding=\"async\" src=\"http:\/\/www.smartown.ae\/wp-content\/uploads\/2014\/11\/image00210.jpg\" alt=\"imagen002\" itemprop=\"image\" title=\"imagen002\" onerror=\"this.style.display='none'\" loading='lazy' \/>\r\n\t\t\t\t<img decoding=\"async\" src=\"http:\/\/www.smartown.ae\/wp-content\/uploads\/2014\/11\/image0032.jpg\" alt=\"imagen003\" itemprop=\"image\" title=\"imagen003\" onerror=\"this.style.display='none'\" loading='lazy' \/>\r\n\t\t\t\t<img decoding=\"async\" src=\"http:\/\/www.smartown.ae\/wp-content\/uploads\/2014\/11\/image0043.jpg\" alt=\"imagen004\" itemprop=\"image\" title=\"imagen004\" onerror=\"this.style.display='none'\" loading='lazy' \/>\r\n<h2>\r\n\t\t\tFotos\t<\/h2>\r\n\t\t\t\t<img decoding=\"async\" src=\"http:\/\/www.smartown.ae\/wp-content\/uploads\/2014\/11\/bouton-contact.jpg\" alt=\"contacto-boton\" itemprop=\"image\" title=\"contacto-boton\" onerror=\"this.style.display='none'\" loading='lazy' \/>\r\n<h4>\r\n\t\t\tLe ayudamos a encontrar el barco de pasajeros o embarcaci\u00f3n especial ideal.\t<\/h4>\r\n\t\t\t\t<img decoding=\"async\" src=\"http:\/\/www.smartown.ae\/wp-content\/uploads\/2014\/12\/Catalog-e1418559186652.png\" alt=\"Cat\u00e1logo\" itemprop=\"image\" title=\"Cat\u00e1logo\" onerror=\"this.style.display='none'\" loading='lazy' \/>\r\n<h4>\r\n\t\t\tPara obtener m\u00e1s informaci\u00f3n, descargue el cat\u00e1logo.\t<\/h4>\r\n<h3>\r\n\t\t\tBarcos de pasajeros similares\t<\/h3>\r\n\t<a href=\"\/es\/touring-40\/\" target=\"_self\"  aria-label=\"Ir a \/touring-40\/\"><\/a>\r\n\t\t\t\t<img decoding=\"async\" src=\"https:\/\/www.smartown.ae\/wp-content\/uploads\/2014\/12\/main1-e1418042189525.jpg\" alt=\"Gira 40 abierta\" title=\"Gira 40 abierta\" itemprop=\"image\"\/>\r\n\t\t<h4>Touring 40<\/h4>\t\t\t\r\n\t<a href=\"\/es\/touring-36\/\" target=\"_self\"  aria-label=\"Ir a \/touring-36\"><\/a>\r\n\t\t\t\t<img decoding=\"async\" src=\"https:\/\/www.smartown.ae\/wp-content\/uploads\/2014\/12\/Utility-Series-Touring-36-1-e1418041992147.jpg\" alt=\"Touring 36 el barco de referencia en el negocio del transporte acu\u00e1tico\" title=\"Touring 36 el barco de referencia en el negocio del transporte acu\u00e1tico\" itemprop=\"image\"\/>\r\n\t\t<h4>Touring 36<\/h4>\t\t\t\r\n\t<a href=\"\/es\/salon-de-mar-40\/\" target=\"_self\"  aria-label=\"Ir a \/sea-lounge-40\/\"><\/a>\r\n\t\t\t\t<img decoding=\"async\" src=\"https:\/\/www.smartown.ae\/wp-content\/uploads\/2014\/12\/saloon-1-e1418909466937.jpg\" alt=\"sal\u00f3n-1\" title=\"sal\u00f3n-1\" itemprop=\"image\"\/>\r\n\t\t<h4>Sea Lounge 40<\/h4>","protected":false},"excerpt":{"rendered":"<p>Touring 40 VIP Luxury Passenger Boat for VIP Guest Experience The Touring 40 VIP sets a new standard in luxury passenger boats, accommodating up to 28 guests in a spacious, air-conditioned cabin featuring plush armchairs and advanced entertainment systems. Designed for five-star resorts and elite water taxi operators, this premium vessel ensures a true VIP [&hellip;]<\/p>\n","protected":false},"author":2,"featured_media":0,"parent":0,"menu_order":0,"comment_status":"closed","ping_status":"closed","template":"","meta":{"site-sidebar-layout":"no-sidebar","site-content-layout":"page-builder","ast-site-content-layout":"full-width-container","site-content-style":"unboxed","site-sidebar-style":"unboxed","ast-global-header-display":"","ast-banner-title-visibility":"","ast-main-header-display":"","ast-hfb-above-header-display":"","ast-hfb-below-header-display":"","ast-hfb-mobile-header-display":"","site-post-title":"disabled","ast-breadcrumbs-content":"disabled","ast-featured-img":"disabled","footer-sml-layout":"","ast-disable-related-posts":"","theme-transparent-header-meta":"default","adv-header-id-meta":"","stick-header-meta":"","header-above-stick-meta":"","header-main-stick-meta":"","header-below-stick-meta":"","astra-migrate-meta-layouts":"set","ast-page-background-enabled":"default","ast-page-background-meta":{"desktop":{"background-color":"var(--ast-global-color-4)","background-image":"","background-repeat":"repeat","background-position":"center center","background-size":"auto","background-attachment":"scroll","background-type":"","background-media":"","overlay-type":"","overlay-color":"","overlay-opacity":"","overlay-gradient":""},"tablet":{"background-color":"","background-image":"","background-repeat":"repeat","background-position":"center center","background-size":"auto","background-attachment":"scroll","background-type":"","background-media":"","overlay-type":"","overlay-color":"","overlay-opacity":"","overlay-gradient":""},"mobile":{"background-color":"","background-image":"","background-repeat":"repeat","background-position":"center center","background-size":"auto","background-attachment":"scroll","background-type":"","background-media":"","overlay-type":"","overlay-color":"","overlay-opacity":"","overlay-gradient":""}},"ast-content-background-meta":{"desktop":{"background-color":"var(--ast-global-color-5)","background-image":"","background-repeat":"repeat","background-position":"center center","background-size":"auto","background-attachment":"scroll","background-type":"","background-media":"","overlay-type":"","overlay-color":"","overlay-opacity":"","overlay-gradient":""},"tablet":{"background-color":"var(--ast-global-color-5)","background-image":"","background-repeat":"repeat","background-position":"center center","background-size":"auto","background-attachment":"scroll","background-type":"","background-media":"","overlay-type":"","overlay-color":"","overlay-opacity":"","overlay-gradient":""},"mobile":{"background-color":"var(--ast-global-color-5)","background-image":"","background-repeat":"repeat","background-position":"center center","background-size":"auto","background-attachment":"scroll","background-type":"","background-media":"","overlay-type":"","overlay-color":"","overlay-opacity":"","overlay-gradient":""}},"footnotes":""},"class_list":["post-8928","page","type-page","status-publish","hentry"],"_links":{"self":[{"href":"https:\/\/www.smartown.ae\/es\/wp-json\/wp\/v2\/pages\/8928","targetHints":{"allow":["GET"]}}],"collection":[{"href":"https:\/\/www.smartown.ae\/es\/wp-json\/wp\/v2\/pages"}],"about":[{"href":"https:\/\/www.smartown.ae\/es\/wp-json\/wp\/v2\/types\/page"}],"author":[{"embeddable":true,"href":"https:\/\/www.smartown.ae\/es\/wp-json\/wp\/v2\/users\/2"}],"replies":[{"embeddable":true,"href":"https:\/\/www.smartown.ae\/es\/wp-json\/wp\/v2\/comments?post=8928"}],"version-history":[{"count":0,"href":"https:\/\/www.smartown.ae\/es\/wp-json\/wp\/v2\/pages\/8928\/revisions"}],"wp:attachment":[{"href":"https:\/\/www.smartown.ae\/es\/wp-json\/wp\/v2\/media?parent=8928"}],"curies":[{"name":"Gracias","href":"https:\/\/api.w.org\/{rel}","templated":true}]}}