{"id":8284,"date":"2022-04-08T06:32:41","date_gmt":"2022-04-08T06:32:41","guid":{"rendered":"http:\/\/www.smartown.ae\/?page_id=8284"},"modified":"2025-03-07T16:51:00","modified_gmt":"2025-03-07T12:51:00","slug":"buceo-32-2-2","status":"publish","type":"page","link":"https:\/\/www.smartown.ae\/es\/scuba-32-2-2\/","title":{"rendered":"buceo-32"},"content":{"rendered":"<h1>Barco de buceo \u2013 Scuba 32<\/h1>\r\n<p><img decoding=\"async\" title=\"smartown_wave_icon_blanco\" src=\"http:\/\/www.smartown.ae\/wp-content\/uploads\/2022\/04\/smartown_wave_icon_white.png\" alt=\"smartown_wave_icon_blanco\" \/><\/p>\r\n<h2>Llega a tu sitio de buceo con absoluta comodidad con este barco de buceo.<\/h2>\r\n<p>Un barco construido espec\u00edficamente para el buceo con 16 compartimentos para tanques y una puerta y escalera para buceo. El barco de buceo perfecto para balnearios y centros de buceo.<\/p>\r\n<h2>Especificaciones<\/h2>\r\n<ul>\r\n<li>Longitud: 32\u2032<\/li>\r\n<li>Manga: 8\u2032 05\u2033<\/li>\r\n<li>Profundidad: 1\u2032 5\u201d<\/li>\r\n<li>Peso: 1.900 kilos<\/li>\r\n<li>Capacidad de combustible: 150 galones estadounidenses. dep\u00f3sito de combustible<\/li>\r\n<li>Motores est\u00e1ndar: Yamaha fueraborda 2\u00d7150 HP<\/li>\r\n<li>Velocidad m\u00e1xima: 32 nudos<\/li>\r\n<li>Capacidad de asientos: 10 personas (incluido el piloto)<\/li>\r\n<li>Capacidad de los tanques de buceo: 16 compartimentos dedicados para tanques<\/li>\r\n<\/ul>\r\n<h2>Construcci\u00f3n<\/h2>\r\n<ul>\r\n<li>El casco y la cubierta est\u00e1n hechos de un molde de PRFV de una sola pieza, construidos a partir de una combinaci\u00f3n de estera de hebras cortadas, tejido de punto bidireccional y n\u00facleo de balsa laminado a mano a temperaturas controladas con resina de poli\u00e9ster isoft\u00e1lico.<\/li>\r\n<li>El casco y el exterior de la cubierta tienen un acabado de gel-coat con esmalte de espejo.<\/li>\r\n<li>El casco est\u00e1 reforzado con marcos moldeados de GRP rellenos de poliuretano y adheridos al fondo del casco.<\/li>\r\n<li>En la plataforma, la balsa se reemplaza con madera contrachapada para soportar los accesorios de la plataforma.<\/li>\r\n<li>Todos los materiales utilizados en la construcci\u00f3n son calidad marina homologada<\/li>\r\n<li>Color de casco est\u00e1ndar: blanco<\/li>\r\n<\/ul>\r\n<h2>Caracter\u00edsticas principales del barco de pasajeros para buceo<\/h2>\r\n<ul>\r\n<li>Compartimentos seguros para tanques x 16<\/li>\r\n<li>3 luces de b\u00fasqueda para visibilidad completa del barco durante inmersiones nocturnas<\/li>\r\n<li>Puerta de buceo<\/li>\r\n<li>escalera de buceo<\/li>\r\n<li>Marquesina con jaula de tubos de aluminio.<\/li>\r\n<li>Consola central con parabrisas<\/li>\r\n<li>Asiento del conductor y acompa\u00f1ante<\/li>\r\n<li>Compartimento del piso de la cubierta x 2<\/li>\r\n<li>Compartimento de fondeo<\/li>\r\n<li>Compartimento de popa bajo el asiento<\/li>\r\n<li>Tacos de acero inoxidable<\/li>\r\n<li>Luces de fondeo y cubierta<\/li>\r\n<li>Bomba de achique doble con interruptor autom\u00e1tico<\/li>\r\n<li>br\u00fajula marina<\/li>\r\n<li>Base de bater\u00eda e interruptor de bater\u00eda<\/li>\r\n<li>Buscador lateral de PVC de proa y popa<\/li>\r\n<li>Asientos tapizados en FRP con almacenamiento debajo de los asientos para chalecos salvavidas.<\/li>\r\n<li>Dep\u00f3sito de combustible PRFV con indicador el\u00e9ctrico y filtro<\/li>\r\n<li>Drenaje de cubierta<\/li>\r\n<li>Chalecos salvavidas x 10<\/li>\r\n<\/ul>\r\n<p><img decoding=\"async\" title=\"contacto-boton\" src=\"http:\/\/www.smartown.ae\/wp-content\/uploads\/2014\/11\/bouton-contact.jpg\" alt=\"contacto-boton\" \/><\/p>\r\n<h4>Si buscas un barco de buceo o una embarcaci\u00f3n especializada.<\/h4>\r\n<p><img decoding=\"async\" title=\"Cat\u00e1logo\" src=\"http:\/\/www.smartown.ae\/wp-content\/uploads\/2014\/12\/Catalog-e1418559186652.png\" alt=\"Cat\u00e1logo\" \/><\/p>\r\n<h4>Para obtener m\u00e1s informaci\u00f3n sobre nuestro barco de buceo, descargue el cat\u00e1logo.<\/h4>\r\n<h3>Barcos de pasajeros relacionados<\/h3>\r\n<p><img decoding=\"async\" title=\"Transporter-32-Peque\u00f1o\" src=\"http:\/\/www.smartown.ae\/wp-content\/uploads\/2022\/04\/Transporter-32-Small.jpg\" alt=\"Transporter-32-Peque\u00f1o\" \/><\/p>\r\n<h4>Transporter 32<\/h4>\r\n<p><img decoding=\"async\" title=\"1p\u00e1gina-img1\" src=\"http:\/\/www.smartown.ae\/wp-content\/uploads\/2014\/10\/1page-img1.jpg\" alt=\"1p\u00e1gina-img1\" \/><\/p>\r\n<h4>Touring 36<\/h4>\r\n<p><img decoding=\"async\" title=\"Gira 40 abierta\" src=\"http:\/\/www.smartown.ae\/wp-content\/uploads\/2014\/12\/main1-e1418042189525.jpg\" alt=\"Gira 40 abierta\" \/><\/p>\r\n<h4>Touring 40<\/h4>","protected":false},"excerpt":{"rendered":"<p>Scuba diving boat &#8211; Scuba 32 Get to your dive site in absolute comfort with this scuba diving vessel A scuba diving purpose built boat with 16 tanks compartments and a diving door and ladder. The perfect scuba diving boat for beach resorts and diving centers. Specifications Length: 32&#8242; Beam: 8&#8242; 05&#8243; Depth: 1\u2032 5&#8221; [&hellip;]<\/p>\n","protected":false},"author":2,"featured_media":0,"parent":0,"menu_order":0,"comment_status":"closed","ping_status":"closed","template":"","meta":{"site-sidebar-layout":"no-sidebar","site-content-layout":"page-builder","ast-site-content-layout":"full-width-container","site-content-style":"unboxed","site-sidebar-style":"unboxed","ast-global-header-display":"","ast-banner-title-visibility":"","ast-main-header-display":"","ast-hfb-above-header-display":"","ast-hfb-below-header-display":"","ast-hfb-mobile-header-display":"","site-post-title":"disabled","ast-breadcrumbs-content":"disabled","ast-featured-img":"disabled","footer-sml-layout":"","ast-disable-related-posts":"","theme-transparent-header-meta":"default","adv-header-id-meta":"","stick-header-meta":"","header-above-stick-meta":"","header-main-stick-meta":"","header-below-stick-meta":"","astra-migrate-meta-layouts":"set","ast-page-background-enabled":"default","ast-page-background-meta":{"desktop":{"background-color":"var(--ast-global-color-4)","background-image":"","background-repeat":"repeat","background-position":"center center","background-size":"auto","background-attachment":"scroll","background-type":"","background-media":"","overlay-type":"","overlay-color":"","overlay-opacity":"","overlay-gradient":""},"tablet":{"background-color":"","background-image":"","background-repeat":"repeat","background-position":"center center","background-size":"auto","background-attachment":"scroll","background-type":"","background-media":"","overlay-type":"","overlay-color":"","overlay-opacity":"","overlay-gradient":""},"mobile":{"background-color":"","background-image":"","background-repeat":"repeat","background-position":"center center","background-size":"auto","background-attachment":"scroll","background-type":"","background-media":"","overlay-type":"","overlay-color":"","overlay-opacity":"","overlay-gradient":""}},"ast-content-background-meta":{"desktop":{"background-color":"var(--ast-global-color-5)","background-image":"","background-repeat":"repeat","background-position":"center center","background-size":"auto","background-attachment":"scroll","background-type":"","background-media":"","overlay-type":"","overlay-color":"","overlay-opacity":"","overlay-gradient":""},"tablet":{"background-color":"var(--ast-global-color-5)","background-image":"","background-repeat":"repeat","background-position":"center center","background-size":"auto","background-attachment":"scroll","background-type":"","background-media":"","overlay-type":"","overlay-color":"","overlay-opacity":"","overlay-gradient":""},"mobile":{"background-color":"var(--ast-global-color-5)","background-image":"","background-repeat":"repeat","background-position":"center center","background-size":"auto","background-attachment":"scroll","background-type":"","background-media":"","overlay-type":"","overlay-color":"","overlay-opacity":"","overlay-gradient":""}},"footnotes":""},"class_list":["post-8284","page","type-page","status-publish","hentry"],"_links":{"self":[{"href":"https:\/\/www.smartown.ae\/es\/wp-json\/wp\/v2\/pages\/8284","targetHints":{"allow":["GET"]}}],"collection":[{"href":"https:\/\/www.smartown.ae\/es\/wp-json\/wp\/v2\/pages"}],"about":[{"href":"https:\/\/www.smartown.ae\/es\/wp-json\/wp\/v2\/types\/page"}],"author":[{"embeddable":true,"href":"https:\/\/www.smartown.ae\/es\/wp-json\/wp\/v2\/users\/2"}],"replies":[{"embeddable":true,"href":"https:\/\/www.smartown.ae\/es\/wp-json\/wp\/v2\/comments?post=8284"}],"version-history":[{"count":0,"href":"https:\/\/www.smartown.ae\/es\/wp-json\/wp\/v2\/pages\/8284\/revisions"}],"wp:attachment":[{"href":"https:\/\/www.smartown.ae\/es\/wp-json\/wp\/v2\/media?parent=8284"}],"curies":[{"name":"Gracias","href":"https:\/\/api.w.org\/{rel}","templated":true}]}}