{"id":8221,"date":"2022-04-08T05:30:07","date_gmt":"2022-04-08T05:30:07","guid":{"rendered":"http:\/\/www.smartown.ae\/?page_id=8221"},"modified":"2025-03-31T11:25:01","modified_gmt":"2025-03-31T07:25:01","slug":"servicios-de-personalizacion","status":"publish","type":"page","link":"https:\/\/www.smartown.ae\/es\/customization-services\/","title":{"rendered":"Servicios de personalizaci\u00f3n"},"content":{"rendered":"<h1>Barcos de pasajeros comerciales personalizados<\/h1>\r\n<p><img decoding=\"async\" title=\"smartown_wave_icon_blanco\" src=\"http:\/\/www.smartown.ae\/wp-content\/uploads\/2022\/04\/smartown_wave_icon_white.png\" alt=\"smartown_wave_icon_blanco\" \/><\/p>\r\n<h2>Podemos personalizar nuestros barcos seg\u00fan los requisitos de su negocio.<\/h2>\r\n<p>No es casualidad que hayamos vendido nuestros barcos de pasajeros en los 5 continentes. Muy pocos astilleros construyen embarcaciones de tal maniobrabilidad y versatilidad. La l\u00ednea Gulf Craft Touring se puede fabricar como barco de pasajeros, de b\u00fasqueda y rescate, de patrulla, de ambulancia marina, de autob\u00fas acu\u00e1tico, de barco restaurante o de buceo.<\/p>\r\n<p>Entendemos que los compradores de embarcaciones comerciales requieren una personalizaci\u00f3n completa. Por eso ofrecemos:<\/p>\r\n<p>\u2013 Una amplia selecci\u00f3n de motores intraborda y fueraborda.<\/p>\r\n<p>\u2013 M\u00faltiples distribuciones de asientos.<\/p>\r\n<p>\u2013 Versiones con cabina abierta o cerrada<\/p>\r\n<p>\u2013 Diferentes sociedades de clasificaci\u00f3n para nuestra serie de barcos de trabajo<\/p>\r\n<p><img decoding=\"async\" src=\"http:\/\/www.smartown.ae\/wp-content\/uploads\/2014\/10\/bouton-contact-boat2.jpg\" alt=\"Obtenga m\u00e1s informaci\u00f3n sobre ferries y barcos.\" \/><\/p>\r\n<h4>Ponte en contacto si necesitas alguna personalizaci\u00f3n para los barcos que ofrecemos.<\/h4>\r\n<p>Podemos equipar nuestros barcos con casi cualquier configuraci\u00f3n de motor. Como est\u00e1ndar, conducimos nuestras embarcaciones m\u00e1s peque\u00f1as con motores fueraborda Yamaha de cuatro tiempos y nuestra flota m\u00e1s grande con dentrofueraborda Volvo Penta. Hemos equipado nuestras embarcaciones con las siguientes configuraciones de motor:<\/p>\r\n<p>\u2013 Dos motores fueraborda de gasolina (Yamaha, Susuki, Mercruiser)<br \/>\u2013 Motor di\u00e9sel con doble propulsi\u00f3n en popa (Volvo, Yanmar)<br \/>\u2013 Motor di\u00e9sel intraborda doble (Volvo, Yanmar)<br \/>\u2013 Doble intraborda de gasolina (Mercruiser)<br \/>\u2013 Doble dentrofueraborda de gasolina (Mercruiser)<br \/>\u2013 Motor di\u00e9sel Twin Z Drive (Volvo, Yanmar)<\/p>\r\n<p>Nuestros barcos son robustos y \u00e1giles para afrontar las cuatro condiciones del estado del mar. El cliente puede elegir la potencia de los motores para que coincida con el uso previsto de la embarcaci\u00f3n.<\/p>\r\n<h2>BANCOS ESPALDAS ESPALDAS:<\/h2>\r\n<h3>Permite la m\u00e1xima capacidad de asientos y es el dise\u00f1o est\u00e1ndar en los modelos Touring 36 y Touring 40.<\/h3>\r\n<p><img decoding=\"async\" title=\"imagen002\" src=\"http:\/\/www.smartown.ae\/wp-content\/uploads\/2014\/11\/image0022.jpg\" alt=\"imagen002\" \/><\/p>\r\n<h2>ESTILO DE AUTOB\u00daS:<\/h2>\r\n<h3>Asientos individuales con distribuci\u00f3n tipo autob\u00fas. Esta distribuci\u00f3n es est\u00e1ndar en el Sea Bus 40, Waveshuttle 56 y Gulf 85, y opcional en los Touring 36 y 40.<\/h3>\r\n<p><img decoding=\"async\" title=\"Disposici\u00f3n de asientos estilo autob\u00fas\" src=\"http:\/\/www.smartown.ae\/wp-content\/uploads\/2014\/11\/2page-img2.jpg\" alt=\"Disposici\u00f3n de asientos estilo autob\u00fas\" \/><\/p>\r\n<h2>DISPOSICI\u00d3N DE LOS SERVICIOS P\u00daBLICOS PARA DEPORTES ACU\u00c1TICOS:<\/h2>\r\n<h3>Los bancos redondos son ideales para maximizar el espacio libre en cubierta para actividades deportivas acu\u00e1ticas como buceo, snorkel o pesca en alta mar.<\/h3>\r\n<p><img decoding=\"async\" title=\"Dise\u00f1o de servicios p\u00fablicos para deportes acu\u00e1ticos\" src=\"http:\/\/www.smartown.ae\/wp-content\/uploads\/2014\/11\/2page-img3.jpg\" alt=\"Dise\u00f1o de servicios p\u00fablicos para deportes acu\u00e1ticos\" \/><\/p>\r\n<p>Podemos equipar nuestros barcos con casi cualquier configuraci\u00f3n de motor. Como est\u00e1ndar, conducimos nuestras embarcaciones m\u00e1s peque\u00f1as con motores fueraborda Yamaha de cuatro tiempos y nuestra flota m\u00e1s grande con dentrofueraborda Volvo Penta. Hemos equipado nuestras embarcaciones con las siguientes configuraciones de motor:<\/p>\r\n<p>\u2013 Dos motores fueraborda de gasolina (Yamaha, Susuki, Mercruiser)<br \/>\u2013 Motor di\u00e9sel con doble propulsi\u00f3n en popa (Volvo, Yanmar)<br \/>\u2013 Motor di\u00e9sel intraborda doble (Volvo, Yanmar)<br \/>\u2013 Doble intraborda de gasolina (Mercruiser)<br \/>\u2013 Doble dentrofueraborda de gasolina (Mercruiser)<br \/>\u2013 Motor di\u00e9sel Twin Z Drive (Volvo, Yanmar)<\/p>\r\n<p>Nuestros barcos son robustos y \u00e1giles para afrontar las cuatro condiciones del estado del mar. El cliente puede elegir la potencia de los motores para que coincida con el uso previsto de la embarcaci\u00f3n.<\/p>\r\n<h2>VERSI\u00d3N DE CUBIERTA ABIERTA:<\/h2>\r\n<h3>La cubierta est\u00e1 equipada con un techo de fibra de vidrio y paredes laterales parciales de fibra de vidrio al nivel de la cabina. La parte principal de la cubierta est\u00e1 abierta. Esta es la versi\u00f3n de cabina m\u00e1s popular. No se requiere aire acondicionado y los pasajeros disfrutan de la m\u00e1xima visibilidad.<\/h3>\r\n<p><img decoding=\"async\" title=\"2p\u00e1gina-img4\" src=\"http:\/\/www.smartown.ae\/wp-content\/uploads\/2014\/11\/2page-img4.jpg\" alt=\"2p\u00e1gina-img4\" \/><\/p>\r\n<h2>VERSI\u00d3N CABINA CERRADA:<\/h2>\r\n<h3>La cubierta est\u00e1 completamente cerrada con una cabina de fibra de vidrio. La cabina puede equiparse con aire acondicionado. Esta versi\u00f3n es opcional en los modelos Touring 36 y 40 y de serie en el resto.<\/h3>\r\n<p><img decoding=\"async\" title=\"2p\u00e1gina-img5\" src=\"http:\/\/www.smartown.ae\/wp-content\/uploads\/2014\/11\/2page-img5.jpg\" alt=\"2p\u00e1gina-img5\" \/> <img decoding=\"async\" title=\"burj-al-arab-rolls-royce-phantom-e1424848802425\" src=\"http:\/\/www.smartown.ae\/wp-content\/uploads\/2022\/04\/burj-al-arab-rolls-royce-phantom-e1424848802425.jpg\" sizes=\"(max-width: 400px) 100vw, 400px\" srcset=\"https:\/\/www.smartown.ae\/wp-content\/uploads\/2022\/04\/burj-al-arab-rolls-royce-phantom-e1424848802425.jpg 400w, https:\/\/www.smartown.ae\/wp-content\/uploads\/2022\/04\/burj-al-arab-rolls-royce-phantom-e1424848802425-300x207.jpg 300w\" alt=\"burj-al-arab-rolls-royce-phantom-e1424848802425\" \/><\/p>\r\n<h3>Visite Dubai, la ciudad de los sue\u00f1os, \u00a1gratis!<\/h3>\r\n<p>Cuando nos compre un barco, lo invitaremos a Dubai para supervisar las pruebas en el mar de su barco. Su boleto de avi\u00f3n, tarifas de visa, estad\u00eda en un hotel de 5 estrellas y un chofer exclusivo son cortes\u00eda de Smart Own.<\/p>\r\n<p>&nbsp;<\/p>\r\n<p>Lo acompa\u00f1aremos en una visita VIP al astillero donde conocer\u00e1 al equipo de Gulf Craft que construy\u00f3 su barco. Su l\u00edder de proyecto le explicar\u00e1 el proceso de construcci\u00f3n de su embarcaci\u00f3n y le capacitar\u00e1 a usted o a un miembro de su empresa en su embarcaci\u00f3n reci\u00e9n construida.<\/p>\r\n<p><a href=\"http:\/\/www.smartown.ae\/es\/contacta-con-smartown\/\" target=\"_self\" rel=\"noopener\"> Cont\u00e1ctanos ahora <\/a><\/p>\r\n<h3>Nuestros servicios<\/h3>\r\n<p><img decoding=\"async\" title=\"icono-personalizaci\u00f3n\" src=\"http:\/\/www.smartown.ae\/\/wp-content\/uploads\/2022\/04\/icon-customization.png\" alt=\"icono-personalizaci\u00f3n\" \/><\/p>\r\n<h3><p><a href=\"https:\/\/www.smartown.ae\/es\/servicios-de-personalizacion\/\">Personalizaci\u00f3n<\/a><br><\/h3>\r\n<p>Somos el proveedor l\u00edder de embarcaciones de pasajeros y disponemos de embarcaciones de pasajeros personalizadas a la venta. Trabajamos con uno de los principales fabricantes de embarcaciones de pasajeros del mundo para ofrecerle embarcaciones que se adapten a sus necesidades.<\/p>\r\n<p><img decoding=\"async\" title=\"icon-fast-delivery\" src=\"https:\/\/www.smartown.ae\/wp-content\/uploads\/2022\/04\/icon-fast-delivery.png\" alt=\"icon-fast-delivery\" \/><\/p>\r\n<h3>Entrega r\u00e1pida<\/h3>\r\n<p class=\"translation-block\">Todas las embarcaciones expuestas se fabrican bajo pedido y su entrega requiere entre 2 y 6 meses, dependiendo del modelo de embarcaci\u00f3n de pasajeros y de la elecci\u00f3n de los motores. Nuestras principales embarcaciones de pasajeros son: Touring 36, Touring 48 Ferry, Touring 48 Lounge.<\/p>\r\n<p><img decoding=\"async\" title=\"icono-envios-internacionales\" src=\"http:\/\/www.smartown.ae\/\/wp-content\/uploads\/2022\/04\/icon-international-shipping.png\" alt=\"icono-envios-internacionales\" \/><\/p>\r\n<h3>Env\u00edo internacional<\/h3>\r\n<p>Organizamos el env\u00edo a cualquier destino del mundo. Hemos vendido nuestras embarcaciones a los 5 continentes. No hay ning\u00fan pa\u00eds o isla al que no podamos llegar. Enviamos a \u00c1frica, Am\u00e9rica Latina, Asia, Ocean\u00eda o cualquier otro lugar.<\/p>\r\n<h3>Certificaciones<\/h3>\r\n<p><a href=\"https:\/\/www.dnv.com\/\" target=\"_blank\" rel=\"nofollow noopener\"> <img decoding=\"async\" src=\"http:\/\/www.smartown.ae\/wp-content\/uploads\/2022\/04\/GLC-logo.png\" alt=\"http:\/\/www.smartown.ae\/wp-content\/uploads\/2022\/04\/GLC-logo.png\" data-no-lazy=\"1\" \/> <\/a> <a href=\"https:\/\/www.uscg.mil\/\" target=\"_blank\" rel=\"nofollow noopener\"> <img decoding=\"async\" src=\"http:\/\/www.smartown.ae\/wp-content\/uploads\/2022\/04\/USCG-logo.png\" alt=\"http:\/\/www.smartown.ae\/wp-content\/uploads\/2022\/04\/USCG-logo.png\" data-no-lazy=\"1\" \/> <\/a> <a href=\"https:\/\/www.rina.org\/en\" target=\"_blank\" rel=\"nofollow noopener\"> <img decoding=\"async\" src=\"http:\/\/www.smartown.ae\/wp-content\/uploads\/2022\/04\/rina-certification.png\" alt=\"http:\/\/www.smartown.ae\/wp-content\/uploads\/2022\/04\/rina-certification.png\" data-no-lazy=\"1\" \/> <\/a> <a href=\"https:\/\/group.bureauveritas.com\/\" target=\"_blank\" rel=\"nofollow noopener\"> <img decoding=\"async\" src=\"http:\/\/www.smartown.ae\/wp-content\/uploads\/2022\/04\/BV-logo1.png\" alt=\"http:\/\/www.smartown.ae\/wp-content\/uploads\/2022\/04\/BV-logo1.png\" data-no-lazy=\"1\" \/> <\/a><\/p>","protected":false},"excerpt":{"rendered":"<p>Customized Commercial Passenger Boats We Can Customize Our Boats To Your Business Requirements It is not a coincidence that we have sold our passenger boats in all 5 continents. Very few shipyards build vessels of such maneuverability and versatility. The Gulf Craft Touring line can be made as a passenger, search &amp; rescue, patrol, marine [&hellip;]<\/p>\n","protected":false},"author":2,"featured_media":0,"parent":0,"menu_order":0,"comment_status":"closed","ping_status":"closed","template":"","meta":{"site-sidebar-layout":"no-sidebar","site-content-layout":"page-builder","ast-site-content-layout":"full-width-container","site-content-style":"unboxed","site-sidebar-style":"unboxed","ast-global-header-display":"","ast-banner-title-visibility":"","ast-main-header-display":"","ast-hfb-above-header-display":"","ast-hfb-below-header-display":"","ast-hfb-mobile-header-display":"","site-post-title":"disabled","ast-breadcrumbs-content":"disabled","ast-featured-img":"disabled","footer-sml-layout":"","ast-disable-related-posts":"","theme-transparent-header-meta":"default","adv-header-id-meta":"","stick-header-meta":"","header-above-stick-meta":"","header-main-stick-meta":"","header-below-stick-meta":"","astra-migrate-meta-layouts":"set","ast-page-background-enabled":"default","ast-page-background-meta":{"desktop":{"background-color":"var(--ast-global-color-4)","background-image":"","background-repeat":"repeat","background-position":"center center","background-size":"auto","background-attachment":"scroll","background-type":"","background-media":"","overlay-type":"","overlay-color":"","overlay-opacity":"","overlay-gradient":""},"tablet":{"background-color":"","background-image":"","background-repeat":"repeat","background-position":"center center","background-size":"auto","background-attachment":"scroll","background-type":"","background-media":"","overlay-type":"","overlay-color":"","overlay-opacity":"","overlay-gradient":""},"mobile":{"background-color":"","background-image":"","background-repeat":"repeat","background-position":"center center","background-size":"auto","background-attachment":"scroll","background-type":"","background-media":"","overlay-type":"","overlay-color":"","overlay-opacity":"","overlay-gradient":""}},"ast-content-background-meta":{"desktop":{"background-color":"var(--ast-global-color-5)","background-image":"","background-repeat":"repeat","background-position":"center center","background-size":"auto","background-attachment":"scroll","background-type":"","background-media":"","overlay-type":"","overlay-color":"","overlay-opacity":"","overlay-gradient":""},"tablet":{"background-color":"var(--ast-global-color-5)","background-image":"","background-repeat":"repeat","background-position":"center center","background-size":"auto","background-attachment":"scroll","background-type":"","background-media":"","overlay-type":"","overlay-color":"","overlay-opacity":"","overlay-gradient":""},"mobile":{"background-color":"var(--ast-global-color-5)","background-image":"","background-repeat":"repeat","background-position":"center center","background-size":"auto","background-attachment":"scroll","background-type":"","background-media":"","overlay-type":"","overlay-color":"","overlay-opacity":"","overlay-gradient":""}},"footnotes":""},"class_list":["post-8221","page","type-page","status-publish","hentry"],"_links":{"self":[{"href":"https:\/\/www.smartown.ae\/es\/wp-json\/wp\/v2\/pages\/8221","targetHints":{"allow":["GET"]}}],"collection":[{"href":"https:\/\/www.smartown.ae\/es\/wp-json\/wp\/v2\/pages"}],"about":[{"href":"https:\/\/www.smartown.ae\/es\/wp-json\/wp\/v2\/types\/page"}],"author":[{"embeddable":true,"href":"https:\/\/www.smartown.ae\/es\/wp-json\/wp\/v2\/users\/2"}],"replies":[{"embeddable":true,"href":"https:\/\/www.smartown.ae\/es\/wp-json\/wp\/v2\/comments?post=8221"}],"version-history":[{"count":0,"href":"https:\/\/www.smartown.ae\/es\/wp-json\/wp\/v2\/pages\/8221\/revisions"}],"wp:attachment":[{"href":"https:\/\/www.smartown.ae\/es\/wp-json\/wp\/v2\/media?parent=8221"}],"curies":[{"name":"Gracias","href":"https:\/\/api.w.org\/{rel}","templated":true}]}}