{"id":8062,"date":"2022-04-07T08:28:15","date_gmt":"2022-04-07T08:28:15","guid":{"rendered":"http:\/\/www.smartown.ae\/?page_id=8062"},"modified":"2025-10-15T21:30:22","modified_gmt":"2025-10-15T17:30:22","slug":"confirmacion","status":"publish","type":"page","link":"https:\/\/www.smartown.ae\/es\/confirmation\/","title":{"rendered":"confirmaci\u00f3n"},"content":{"rendered":"<h2>\r\n\t\t\u00a1Hemos recibido su solicitud!\r\n\t<\/h2>\r\n\t<strong>Por favor revise su carpeta de correo no deseado\/spam en caso de que no reciba una respuesta nuestra dentro de 5 d\u00edas h\u00e1biles.<\/strong><br \/>\r\nPor favor, agregue nuestro correo electr\u00f3nico a su lista de remitentes seguros:\u00a0<em><strong>toufic.hobeika@smartown.ae<\/strong><\/em><br \/>\r\nGracias por ponerse en contacto con Smart Own\r\n<h4>\r\n\t\tArt\u00edculos Recientes\r\n\t<\/h4>\r\n<ul>\t<li>\r\n\t\t\t \u00bfReuniones de negocios en el agua? \u00a1Tenemos el barco corporativo perfecto!\t\t\r\n\t<\/li>\r\n\t\t<li>\r\n\t\t\t Cinco maneras de convertir Dakar, la capital de Senegal, en la Venecia de \u00c1frica Occidental con los barcos de pasajeros de Smart Own\t\t\r\n\t<\/li>\r\n\t\t<li>\r\n\t\t\t Cuatro razones por las que ahora es un buen momento para ingresar al negocio de los barcos de pasajeros\t\t\r\n\t<\/li>\r\n\t\t<li>\r\n\t\t\t JAJI 31: El primer taxi acu\u00e1tico dise\u00f1ado espec\u00edficamente para \u00c1frica\t\t\r\n\t<\/li>\r\n\t\t<li>\r\n\t\t\t La compleja tarea de transportar grandes barcos como el Waveshuttle 56\t\t\r\n\t<\/li>\r\n\t<\/ul>","protected":false},"excerpt":{"rendered":"<p>We received your inquiry! Please check your junk\/spam folder in case you don&#8217;t receive an answer from us within 5 working days. You may want to add our email to your safe senders list:\u00a0toufic.hobeika@smartown.ae Thank you for contacting Smart Own Recent Articles Business Meetings on Water? We Have the Perfect Corporate Boat! 5 Ways to [&hellip;]<\/p>\n","protected":false},"author":2,"featured_media":0,"parent":0,"menu_order":0,"comment_status":"closed","ping_status":"closed","template":"","meta":{"site-sidebar-layout":"no-sidebar","site-content-layout":"page-builder","ast-site-content-layout":"full-width-container","site-content-style":"unboxed","site-sidebar-style":"unboxed","ast-global-header-display":"","ast-banner-title-visibility":"","ast-main-header-display":"","ast-hfb-above-header-display":"","ast-hfb-below-header-display":"","ast-hfb-mobile-header-display":"","site-post-title":"disabled","ast-breadcrumbs-content":"disabled","ast-featured-img":"disabled","footer-sml-layout":"","ast-disable-related-posts":"","theme-transparent-header-meta":"default","adv-header-id-meta":"","stick-header-meta":"","header-above-stick-meta":"","header-main-stick-meta":"","header-below-stick-meta":"","astra-migrate-meta-layouts":"set","ast-page-background-enabled":"default","ast-page-background-meta":{"desktop":{"background-color":"var(--ast-global-color-4)","background-image":"","background-repeat":"repeat","background-position":"center center","background-size":"auto","background-attachment":"scroll","background-type":"","background-media":"","overlay-type":"","overlay-color":"","overlay-opacity":"","overlay-gradient":""},"tablet":{"background-color":"","background-image":"","background-repeat":"repeat","background-position":"center center","background-size":"auto","background-attachment":"scroll","background-type":"","background-media":"","overlay-type":"","overlay-color":"","overlay-opacity":"","overlay-gradient":""},"mobile":{"background-color":"","background-image":"","background-repeat":"repeat","background-position":"center center","background-size":"auto","background-attachment":"scroll","background-type":"","background-media":"","overlay-type":"","overlay-color":"","overlay-opacity":"","overlay-gradient":""}},"ast-content-background-meta":{"desktop":{"background-color":"var(--ast-global-color-5)","background-image":"","background-repeat":"repeat","background-position":"center center","background-size":"auto","background-attachment":"scroll","background-type":"","background-media":"","overlay-type":"","overlay-color":"","overlay-opacity":"","overlay-gradient":""},"tablet":{"background-color":"var(--ast-global-color-5)","background-image":"","background-repeat":"repeat","background-position":"center center","background-size":"auto","background-attachment":"scroll","background-type":"","background-media":"","overlay-type":"","overlay-color":"","overlay-opacity":"","overlay-gradient":""},"mobile":{"background-color":"var(--ast-global-color-5)","background-image":"","background-repeat":"repeat","background-position":"center center","background-size":"auto","background-attachment":"scroll","background-type":"","background-media":"","overlay-type":"","overlay-color":"","overlay-opacity":"","overlay-gradient":""}},"footnotes":""},"class_list":["post-8062","page","type-page","status-publish","hentry"],"_links":{"self":[{"href":"https:\/\/www.smartown.ae\/es\/wp-json\/wp\/v2\/pages\/8062","targetHints":{"allow":["GET"]}}],"collection":[{"href":"https:\/\/www.smartown.ae\/es\/wp-json\/wp\/v2\/pages"}],"about":[{"href":"https:\/\/www.smartown.ae\/es\/wp-json\/wp\/v2\/types\/page"}],"author":[{"embeddable":true,"href":"https:\/\/www.smartown.ae\/es\/wp-json\/wp\/v2\/users\/2"}],"replies":[{"embeddable":true,"href":"https:\/\/www.smartown.ae\/es\/wp-json\/wp\/v2\/comments?post=8062"}],"version-history":[{"count":0,"href":"https:\/\/www.smartown.ae\/es\/wp-json\/wp\/v2\/pages\/8062\/revisions"}],"wp:attachment":[{"href":"https:\/\/www.smartown.ae\/es\/wp-json\/wp\/v2\/media?parent=8062"}],"curies":[{"name":"Gracias","href":"https:\/\/api.w.org\/{rel}","templated":true}]}}