{"id":8026,"date":"2022-04-07T07:13:04","date_gmt":"2022-04-07T07:13:04","guid":{"rendered":"http:\/\/www.smartown.ae\/?page_id=8026"},"modified":"2025-11-06T19:11:08","modified_gmt":"2025-11-06T15:11:08","slug":"gt46-catamaran","status":"publish","type":"page","link":"https:\/\/www.smartown.ae\/es\/gt46-catamaran\/","title":{"rendered":"<p><a href=\"https:\/\/www.smartown.ae\/es\/gt46-catamaran\/\">Catamar\u00e1n GT46<\/a><br>"},"content":{"rendered":"<h1>\n\t\t\t<p><a href=\"https:\/\/www.smartown.ae\/es\/gt46-catamaran\/\">Catamar\u00e1n GT46<\/a><br>\t<\/h1>\n\t\t\t\t<img decoding=\"async\" src=\"https:\/\/www.smartown.ae\/wp-content\/uploads\/2022\/04\/smartown_wave_icon_white.png\" alt=\"smartown_wave_icon_blanco\" title=\"smartown_wave_icon_blanco\" itemprop=\"image\"\/>\n\t\t<h2>Catamar\u00e1n de lujo de alta velocidad con un consumo de combustible superior<\/h2>\t\t\t\n\t<p>\u00c9l <strong><p><a href=\"https:\/\/www.smartown.ae\/es\/gt46-catamaran\/\">Catamar\u00e1n GT46<\/a><br><\/strong> redefine lo que es una <strong>catamar\u00e1n de lujo<\/strong> Deber\u00eda estar entregando un rendimiento excepcional <strong>comodidad<\/strong>, <strong>velocidad<\/strong>, y <strong>eficiencia<\/strong> Para operadores modernos y pasajeros exigentes.<\/p>\n<p>Dise\u00f1ado para <strong>rendimiento alto<\/strong>, este <strong>catamar\u00e1n de lujo<\/strong> logra mayor <strong>velocidades de crucero<\/strong> y superior <strong>eficiencia de combustible<\/strong> en comparaci\u00f3n con monocascos similares, reduciendo sus costos operativos en cada viaje.<\/p>\n<p>Con su <strong>haz extra ancho<\/strong>, el <strong>GT46<\/strong> ofrece lo m\u00e1ximo <strong>interior espacioso<\/strong> en su clase, f\u00e1cilmente configurable para <strong>Experiencias VIP<\/strong> con 16 asientos premium, <strong>asientos de clase ejecutiva<\/strong> Para 24 o hasta 36 pasajeros en un refinado <strong>configuraci\u00f3n econ\u00f3mica<\/strong>.<\/p>\n<p>Ya sea para <strong>charters exclusivos<\/strong> o <strong>uso comercial<\/strong>, el <strong>GT46<\/strong> se destaca como la mejor opci\u00f3n en <strong>transporte en catamar\u00e1n de lujo<\/strong>.<\/p>\n<p>\u00bfBuscas un modelo m\u00e1s grande? Descubre nuestro <a href=\"https:\/\/www.smartown.ae\/es\/touring-48-lounge\/\" target=\"_new\" rel=\"noopener\"><strong>Catamar\u00e1n de lujo Touring 48 Lounge<\/strong><\/a>.<\/p>\n\t\t\t<a href=\"http:\/\/www.smartown.ae\/wp-content\/uploads\/2025\/02\/GT46_EN.pdf\" target=\"_blank\" rel=\"noopener\">\n\t\t\t\t\t\t\tDescargar cat\u00e1logo\n\t\t\t<\/a>\n\t\t<nav>\n\t\t\t<ul>\n\t\t\t\t\t\t\t\t<li data-index=\"0\" tabindex=\"0\">\n\t\t\t\t\t<h5>\n\t\t\t\t\t\t<a href=\"javascript:void(0);\" tabindex=\"-1\">Especificaciones\n\t\t\t\t\t\t\t\t\t\t\t\t<\/a>\n\t\t\t\t\t<\/h5>\n\t\t\t\t<\/li>\n\t\t\t\t\t\t\t<\/ul>\n\t\t<\/nav>\n\t\t\t\t\t<h5>\n\t\t\t\t\t\t\t\t\t\t\t\tEspecificaciones\n\t\t\t\t\t\t\t\t\t\t\t<\/h5>\n\t\t\t\t\t<div class=\"fl-builder-content fl-builder-content-8030 fl-builder-template fl-builder-layout-template fl-builder-global-templates-locked\" data-post-id=\"8030\"><div class=\"fl-row fl-row-full-width fl-row-bg-none fl-node-nqpmo29y4sab fl-row-default-height fl-row-align-center\" data-node=\"nqpmo29y4sab\">\n\t<div class=\"fl-row-content-wrap\">\n\t\t<div class=\"uabb-row-separator uabb-top-row-separator\" >\n<\/div>\n\t\t\t\t\t\t<div class=\"fl-row-content fl-row-full-width fl-node-content\">\n\t\t\n<div class=\"fl-col-group fl-node-deqyvap4f162\" data-node=\"deqyvap4f162\">\n\t\t\t<div class=\"fl-col fl-node-rlex2c9k64vh fl-col-bg-color fl-col-small\" data-node=\"rlex2c9k64vh\">\n\t<div class=\"fl-col-content fl-node-content\"><div class=\"fl-module fl-module-list fl-node-pfj9t0ncwyek so-list\" data-node=\"pfj9t0ncwyek\">\n\t<div class=\"fl-module-content fl-node-content\">\n\t\t<ul class=\"fl-list fl-list-unordered\">\t<li class=\"fl-list-item fl-list-item-0\">\n\t\t<div class=\"fl-list-item-wrapper\">\n\t\t\t<span class=\"fl-list-item-heading\"><span class=\"fl-list-item-heading-icon fl-list-item-heading-left\"><span class=\"fl-list-item-icon\"><\/span><\/span> <span class=\"fl-list-item-heading-text\">Longitud total: &quot;sin motores&quot; 46 pies (14,3 m) <\/span><\/span>\t\t<\/div>\n\t<\/li>\n\t\t<li class=\"fl-list-item fl-list-item-1\">\n\t\t<div class=\"fl-list-item-wrapper\">\n\t\t\t<span class=\"fl-list-item-heading\"><span class=\"fl-list-item-heading-icon fl-list-item-heading-left\"><span class=\"fl-list-item-icon\"><\/span><\/span> <span class=\"fl-list-item-heading-text\">Manga: 13 pies 7 pulgadas (4,2 m) <\/span><\/span>\t\t<\/div>\n\t<\/li>\n\t\t<li class=\"fl-list-item fl-list-item-2\">\n\t\t<div class=\"fl-list-item-wrapper\">\n\t\t\t<span class=\"fl-list-item-heading\"><span class=\"fl-list-item-heading-icon fl-list-item-heading-left\"><span class=\"fl-list-item-icon\"><\/span><\/span> <span class=\"fl-list-item-heading-text\">Calado: 1 pie 04 pulgadas (0,4 m) <\/span><\/span>\t\t<\/div>\n\t<\/li>\n\t\t<li class=\"fl-list-item fl-list-item-3\">\n\t\t<div class=\"fl-list-item-wrapper\">\n\t\t\t<span class=\"fl-list-item-heading\"><span class=\"fl-list-item-heading-icon fl-list-item-heading-left\"><span class=\"fl-list-item-icon\"><\/span><\/span> <span class=\"fl-list-item-heading-text\">Tipo de casco: Catamar\u00e1n de doble casco<\/span><\/span>\t\t<\/div>\n\t<\/li>\n\t\t<li class=\"fl-list-item fl-list-item-4\">\n\t\t<div class=\"fl-list-item-wrapper\">\n\t\t\t<span class=\"fl-list-item-heading\"><span class=\"fl-list-item-heading-icon fl-list-item-heading-left\"><span class=\"fl-list-item-icon\"><\/span><\/span> <span class=\"fl-list-item-heading-text\">Potencia m\u00e1xima recomendada: 1.600 HP (fueraborda o interior)<\/span><\/span>\t\t<\/div>\n\t<\/li>\n\t<\/ul>\t<\/div>\n<\/div>\n<\/div>\n<\/div>\n\t\t\t<div class=\"fl-col fl-node-ub0y6gz7n12k fl-col-bg-color fl-col-small\" data-node=\"ub0y6gz7n12k\">\n\t<div class=\"fl-col-content fl-node-content\"><div class=\"fl-module fl-module-list fl-node-r47oi9as5qv3 so-list\" data-node=\"r47oi9as5qv3\">\n\t<div class=\"fl-module-content fl-node-content\">\n\t\t<ul class=\"fl-list fl-list-unordered\">\t<li class=\"fl-list-item fl-list-item-0\">\n\t\t<div class=\"fl-list-item-wrapper\">\n\t\t\t<span class=\"fl-list-item-heading\"><span class=\"fl-list-item-heading-icon fl-list-item-heading-left\"><span class=\"fl-list-item-icon\"><\/span><\/span> <span class=\"fl-list-item-heading-text\">Desplazamiento: 7,5 toneladas<\/span><\/span>\t\t<\/div>\n\t<\/li>\n\t\t<li class=\"fl-list-item fl-list-item-1\">\n\t\t<div class=\"fl-list-item-wrapper\">\n\t\t\t<span class=\"fl-list-item-heading\"><span class=\"fl-list-item-heading-icon fl-list-item-heading-left\"><span class=\"fl-list-item-icon\"><\/span><\/span> <span class=\"fl-list-item-heading-text\">Capacidad del tanque de combustible: 600 gal EE.UU. (2271 l) <\/span><\/span>\t\t<\/div>\n\t<\/li>\n\t\t<li class=\"fl-list-item fl-list-item-2\">\n\t\t<div class=\"fl-list-item-wrapper\">\n\t\t\t<span class=\"fl-list-item-heading\"><span class=\"fl-list-item-heading-icon fl-list-item-heading-left\"><span class=\"fl-list-item-icon\"><\/span><\/span> <span class=\"fl-list-item-heading-text\">Capacidad del tanque de agua: 75 gal EE.UU. (283 l) <\/span><\/span>\t\t<\/div>\n\t<\/li>\n\t\t<li class=\"fl-list-item fl-list-item-3\">\n\t\t<div class=\"fl-list-item-wrapper\">\n\t\t\t<span class=\"fl-list-item-heading\"><span class=\"fl-list-item-heading-icon fl-list-item-heading-left\"><span class=\"fl-list-item-icon\"><\/span><\/span> <span class=\"fl-list-item-heading-text\">Capacidad de pasajeros: 23 a 36 + tripulaci\u00f3n<\/span><\/span>\t\t<\/div>\n\t<\/li>\n\t<\/ul>\t<\/div>\n<\/div>\n<\/div>\n<\/div>\n\t<\/div>\n\t\t<\/div>\n\t<\/div>\n<\/div>\n<\/div><div class=\"uabb-js-breakpoint\" style=\"display: none;\"><\/div>\t\t\t\t\n\t\t\t\t\t<!-- \/content -->\n\t<!-- \/tabs -->\n\t<h3>\u00a1Construye el Catamar\u00e1n GT46 a tu manera!<\/h3>\n\t<p>El catamar\u00e1n de lujo GT46 se puede adaptar para adaptarse a los operadores comerciales o mejorarse con una variedad de caracter\u00edsticas de lujo para satisfacer las expectativas incluso de los propietarios m\u00e1s exigentes.<\/p>\n<p>&nbsp;<\/p>\n<p>Elija entre m\u00faltiples dise\u00f1os de terraza o deje que nuestros expertos le ayuden a dise\u00f1ar la configuraci\u00f3n perfecta para sus necesidades.<\/p>\n<p>&nbsp;<\/p>\n<p>Ya sea que prefiera motores de gasolina fuera de borda o motores di\u00e9sel internos, cada aspecto del GT46 se puede personalizar para lograr comodidad, rendimiento y experiencias \u00fanicas a bordo.<\/p>\n<p>&nbsp;<\/p>\n<p>Obtenga m\u00e1s informaci\u00f3n sobre nuestra gama completa de opciones en nuestro <a href=\"https:\/\/www.smartown.ae\/es\/servicios-de-personalizacion\/\" target=\"_blank\" rel=\"noopener\">Servicios de personalizaci\u00f3n<\/a> p\u00e1gina.<\/p>\n<p>&nbsp;<\/p>\n<p><strong>Ll\u00e1menos ahora para discutir sus requisitos<\/strong><\/p>\n<h2>\n\t\t\tArreglos Generales\t<\/h2>\n<h3>\n\t\t\tGT46VIP: 16 pasajeros + tripulaci\u00f3n\t<\/h3>\n\t\t\t\t<img decoding=\"async\" src=\"http:\/\/www.smartown.ae\/wp-content\/uploads\/2025\/02\/GT46VIP-Layout-1.png\" alt=\"Disposici\u00f3n del catamar\u00e1n de pasajeros GT46VIP para 16 pasajeros VIP + tripulaci\u00f3n\" itemprop=\"image\" title=\"Disposici\u00f3n del GT46VIP\" onerror=\"this.style.display='none'\" loading=\"lazy\" \/>\n<h3>\n\t\t\tGT46BUSINESS: 24 PASAJEROS + TRIPULACI\u00d3N\t<\/h3>\n\t\t\t\t<img decoding=\"async\" src=\"http:\/\/www.smartown.ae\/wp-content\/uploads\/2025\/02\/GT46BUSINESS-Layout.png\" alt=\"Disposici\u00f3n del catamar\u00e1n de pasajeros GT46BUSINESS para 24 asientos de lujo + tripulaci\u00f3n\" itemprop=\"image\" title=\"Dise\u00f1o de GT46BUSINESS\" onerror=\"this.style.display='none'\" loading=\"lazy\" \/>\n<h3>\n\t\t\tGT46ECONOMY: 36 PASAJEROS + TRIPULACI\u00d3N\t<\/h3>\n\t\t\t\t<img decoding=\"async\" src=\"http:\/\/www.smartown.ae\/wp-content\/uploads\/2025\/02\/GT46ECONOMY-Layout.png\" alt=\"GT46ECONOMY Disposici\u00f3n del catamar\u00e1n de pasajeros para 36 c\u00f3modos asientos + tripulaci\u00f3n\" itemprop=\"image\" title=\"Disposici\u00f3n del GT46ECONOMY\" onerror=\"this.style.display='none'\" loading=\"lazy\" \/>\n<h2>\n\t\t\tV\u00eddeo\t<\/h2>\n\t\t\t\t\t<img decoding=\"async\" src=\"https:\/\/i.ytimg.com\/vi\/m7WJq9SEPyE\/maxresdefault.jpg\" alt=\"miniatura-de-v\u00eddeo-de-youtube\"\/>\n\t\t<h2>\n\t\t\tCat\u00e1logo\t<\/h2>\n\t<p>Para obtener m\u00e1s informaci\u00f3n, descargue el cat\u00e1logo.<\/p>\n\t\t\t<a href=\"http:\/\/www.smartown.ae\/wp-content\/uploads\/2025\/02\/GT46_EN.pdf\" target=\"_blank\" rel=\"noopener\">\n\t\t\t\t\t\t\tDescargar cat\u00e1logo\n\t\t\t<\/a>\n<h2>\n\t\t\tPrecios\t<\/h2>\n\t<p>Le ayudamos a encontrar el barco de pasajeros o embarcaci\u00f3n especial ideal.<\/p>\n\t\t\t<a href=\"\/es\/contacta-con-smartown\/\" target=\"_blank\" rel=\"noopener\">\n\t\t\t\t\t\t\tCont\u00e1ctenos\n\t\t\t<\/a>\n\t\t\t\t<img decoding=\"async\" src=\"Cont\u00e1ctenos\" alt=\"H\u00c1BLANOS\" itemprop=\"image\" height=\"162\" width=\"161\" title=\"H\u00c1BLANOS\" onerror=\"this.style.display='none'\" loading=\"lazy\" \/>\n<h3>\n\t\t\tBarcos de pasajeros similares\t<\/h3>\n\t<a href=\"\/es\/touring-48-lounge\/\" target=\"_self\"  aria-label=\"Ir a \/touring-48-lounge\/\"><\/a>\n\t\t\t\t<img decoding=\"async\" src=\"https:\/\/www.smartown.ae\/wp-content\/uploads\/2023\/07\/Touring-48-Lounge.jpg\" alt=\"Touring 48 Lounge\" title=\"Touring 48 Lounge\" itemprop=\"image\"\/>\n\t\t<h4>Touring 48 Lounge<\/h4>\t\t\t\n\t<a href=\"\/es\/touring-48-ferry\/\" target=\"_self\"  aria-label=\"Ir a \/touring-48-ferry\/\"><\/a>\n\t\t\t\t<img decoding=\"async\" src=\"https:\/\/www.smartown.ae\/wp-content\/uploads\/2018\/10\/Touring-48.jpg\" alt=\"Barco de pasajeros fuera de borda completamente cerrado con 46 asientos de pasajeros estilo autob\u00fas y compartimiento para equipaje. \" title=\"Versi\u00f3n Ferry Touring 48\" itemprop=\"image\"\/>\n\t\t<h4>Touring 48 Ferry<\/h4>\t\t\t\n\t<a href=\"\/es\/touring-36\/\" target=\"_self\"  aria-label=\"Ir a \/touring-36\/\"><\/a>\n\t\t\t\t<img decoding=\"async\" src=\"http:\/\/www.smartown.ae\/wp-content\/uploads\/2022\/04\/touring-36-main.jpg\" alt=\"gira-36-principal\" title=\"gira-36-principal\" itemprop=\"image\"\/>\n\t\t<h4>Touring 36<\/h4>","protected":false},"excerpt":{"rendered":"<p>GT46 Catamaran High-Speed Luxury Catamaran With Superior Fuel Efficiency The GT46 Catamaran redefines what a luxury catamaran should be-delivering outstanding comfort, speed, and efficiency for modern operators and discerning passengers. Engineered for high performance, this luxury catamaran achieves greater cruising speeds and superior fuel efficiency compared to similar monohulls, reducing your operational costs on every [&hellip;]<\/p>\n","protected":false},"author":2,"featured_media":0,"parent":0,"menu_order":0,"comment_status":"closed","ping_status":"closed","template":"","meta":{"site-sidebar-layout":"no-sidebar","site-content-layout":"page-builder","ast-site-content-layout":"full-width-container","site-content-style":"unboxed","site-sidebar-style":"unboxed","ast-global-header-display":"","ast-banner-title-visibility":"","ast-main-header-display":"","ast-hfb-above-header-display":"","ast-hfb-below-header-display":"","ast-hfb-mobile-header-display":"","site-post-title":"disabled","ast-breadcrumbs-content":"disabled","ast-featured-img":"disabled","footer-sml-layout":"","ast-disable-related-posts":"","theme-transparent-header-meta":"default","adv-header-id-meta":"","stick-header-meta":"","header-above-stick-meta":"","header-main-stick-meta":"","header-below-stick-meta":"","astra-migrate-meta-layouts":"set","ast-page-background-enabled":"default","ast-page-background-meta":{"desktop":{"background-color":"var(--ast-global-color-4)","background-image":"","background-repeat":"repeat","background-position":"center center","background-size":"auto","background-attachment":"scroll","background-type":"","background-media":"","overlay-type":"","overlay-color":"","overlay-opacity":"","overlay-gradient":""},"tablet":{"background-color":"","background-image":"","background-repeat":"repeat","background-position":"center center","background-size":"auto","background-attachment":"scroll","background-type":"","background-media":"","overlay-type":"","overlay-color":"","overlay-opacity":"","overlay-gradient":""},"mobile":{"background-color":"","background-image":"","background-repeat":"repeat","background-position":"center center","background-size":"auto","background-attachment":"scroll","background-type":"","background-media":"","overlay-type":"","overlay-color":"","overlay-opacity":"","overlay-gradient":""}},"ast-content-background-meta":{"desktop":{"background-color":"var(--ast-global-color-5)","background-image":"","background-repeat":"repeat","background-position":"center center","background-size":"auto","background-attachment":"scroll","background-type":"","background-media":"","overlay-type":"","overlay-color":"","overlay-opacity":"","overlay-gradient":""},"tablet":{"background-color":"var(--ast-global-color-5)","background-image":"","background-repeat":"repeat","background-position":"center center","background-size":"auto","background-attachment":"scroll","background-type":"","background-media":"","overlay-type":"","overlay-color":"","overlay-opacity":"","overlay-gradient":""},"mobile":{"background-color":"var(--ast-global-color-5)","background-image":"","background-repeat":"repeat","background-position":"center center","background-size":"auto","background-attachment":"scroll","background-type":"","background-media":"","overlay-type":"","overlay-color":"","overlay-opacity":"","overlay-gradient":""}},"footnotes":""},"class_list":["post-8026","page","type-page","status-publish","hentry"],"_links":{"self":[{"href":"https:\/\/www.smartown.ae\/es\/wp-json\/wp\/v2\/pages\/8026","targetHints":{"allow":["GET"]}}],"collection":[{"href":"https:\/\/www.smartown.ae\/es\/wp-json\/wp\/v2\/pages"}],"about":[{"href":"https:\/\/www.smartown.ae\/es\/wp-json\/wp\/v2\/types\/page"}],"author":[{"embeddable":true,"href":"https:\/\/www.smartown.ae\/es\/wp-json\/wp\/v2\/users\/2"}],"replies":[{"embeddable":true,"href":"https:\/\/www.smartown.ae\/es\/wp-json\/wp\/v2\/comments?post=8026"}],"version-history":[{"count":0,"href":"https:\/\/www.smartown.ae\/es\/wp-json\/wp\/v2\/pages\/8026\/revisions"}],"wp:attachment":[{"href":"https:\/\/www.smartown.ae\/es\/wp-json\/wp\/v2\/media?parent=8026"}],"curies":[{"name":"Gracias","href":"https:\/\/api.w.org\/{rel}","templated":true}]}}