{"id":8004,"date":"2022-04-07T06:21:18","date_gmt":"2022-04-07T06:21:18","guid":{"rendered":"http:\/\/www.smartown.ae\/?page_id=8004"},"modified":"2026-02-03T17:51:00","modified_gmt":"2026-02-03T13:51:00","slug":"transporter-32","status":"publish","type":"page","link":"https:\/\/www.smartown.ae\/es\/transporter-32\/","title":{"rendered":"Transporter 32"},"content":{"rendered":"<h1>\r\n\t\t\tTransporter 32\t<\/h1>\r\n\t\t\t\t<img decoding=\"async\" src=\"http:\/\/www.smartown.ae\/wp-content\/uploads\/2022\/04\/smartown_wave_icon_white.png\" alt=\"smartown_wave_icon_blanco\" title=\"smartown_wave_icon_blanco\" itemprop=\"image\"\/>\r\n\t\t<h2>Barco de pasajeros b\u00e1sico de alta calidad<\/h2>\t\t\t\r\n\t<p><p><strong>El Transporter 32<\/strong> destaca como un <strong data-start=\"266\" data-end=\"293\"><a href=\"https:\/\/www.smartown.ae\/es\/barcos-de-pasajeros\/\">barco de pasajeros confiable<\/a>,<\/strong> dise\u00f1ado para aplicaciones comerciales exigentes.<\/p><\/p>\r\n<p>&nbsp;<\/p>\r\n<p><p>Construida para cumplir con los m\u00e1s altos est\u00e1ndares de servicio intensivo, esta robusta embarcaci\u00f3n combina t\u00e9cnicas de moldeo de GRP japonesas con una <strong>construcci\u00f3n avanzada<\/strong> que garantiza mayor durabilidad y tranquilidad en el agua.<\/p><\/p>\r\n<p>&nbsp;<\/p>\r\n<p><p>Los operadores valoran su reputaci\u00f3n como una <strong>soluci\u00f3n de transporte segura y confiable<\/strong>, capaz de ofrecer viajes estables para hasta 25 pasajeros, incluida la tripulaci\u00f3n.<\/p><\/p>\r\n<p>&nbsp;<\/p>\r\n<p><p>Dise\u00f1ado para quienes requieren <strong data-start=\"703\" data-end=\"734\"><strong>embarcaciones comerciales resistentes<\/strong><\/strong> , el Transporter 32 ofrece <strong>estabilidad excepcional<\/strong>, bajo mantenimiento y una excelente rentabilidad operativa.<\/p><\/p>\r\n<p>&nbsp;<\/p>\r\n<p>Para empresas y servicios de taxi acu\u00e1tico que buscan una <strong data-start=\"921\" data-end=\"957\">barco de pasajeros seguro y robusto<\/strong>, el Transporter 32 ofrece un valor excepcional, resiliencia y confiabilidad operativa en cada viaje.<\/p>\r\n\t\t\t<a href=\"\/wp-content\/uploads\/2023\/09\/Transporter-32_ES.pdf\" target=\"_blank\" rel=\"noopener\">\r\n\t\t\t\t\t\t\tDescargar cat\u00e1logo\r\n\t\t\t<\/a>\r\n\t\t<nav>\r\n\t\t\t<ul>\r\n\t\t\t\t\t\t\t\t<li data-index=\"0\" tabindex=\"0\">\r\n\t\t\t\t\t<h5>\r\n\t\t\t\t\t\t<a href=\"javascript:void(0);\" tabindex=\"-1\">Especificaciones\r\n\t\t\t\t\t\t\t\t\t\t\t\t<\/a>\r\n\t\t\t\t\t<\/h5>\r\n\t\t\t\t<\/li>\r\n\t\t\t\t\t\t\t<\/ul>\r\n\t\t<\/nav>\r\n\t\t\t\t\t<div class=\"fl-builder-content fl-builder-content-8009 fl-builder-template fl-builder-layout-template fl-builder-global-templates-locked\" data-post-id=\"8009\"><div class=\"fl-row fl-row-full-width fl-row-bg-none fl-node-47beax8wkut0 fl-row-default-height fl-row-align-center\" data-node=\"47beax8wkut0\">\n\t<div class=\"fl-row-content-wrap\">\n\t\t<div class=\"uabb-row-separator uabb-top-row-separator\" >\n<\/div>\n\t\t\t\t\t\t<div class=\"fl-row-content fl-row-full-width fl-node-content\">\n\t\t\n<div class=\"fl-col-group fl-node-3puwtd4x57im\" data-node=\"3puwtd4x57im\">\n\t\t\t<div class=\"fl-col fl-node-osfzlvgby5em fl-col-bg-color fl-col-small\" data-node=\"osfzlvgby5em\">\n\t<div class=\"fl-col-content fl-node-content\"><div class=\"fl-module fl-module-list fl-node-ye1u4g02k9hf so-list\" data-node=\"ye1u4g02k9hf\">\n\t<div class=\"fl-module-content fl-node-content\">\n\t\t<ul class=\"fl-list fl-list-unordered\">\t<li class=\"fl-list-item fl-list-item-0\">\n\t\t<div class=\"fl-list-item-wrapper\">\n\t\t\t<span class=\"fl-list-item-heading\"><span class=\"fl-list-item-heading-icon fl-list-item-heading-left\"><span class=\"fl-list-item-icon\"><\/span><\/span> <span class=\"fl-list-item-heading-text\">Eslora total: 9,75 m (32 pies) \u00absin motores\u00bb <\/span><\/span>\t\t<\/div>\n\t<\/li>\n\t\t<li class=\"fl-list-item fl-list-item-1\">\n\t\t<div class=\"fl-list-item-wrapper\">\n\t\t\t<span class=\"fl-list-item-heading\"><span class=\"fl-list-item-heading-icon fl-list-item-heading-left\"><span class=\"fl-list-item-icon\"><\/span><\/span> <span class=\"fl-list-item-heading-text\">Manga: 2,45 m (8 pies 05 pulgadas) <\/span><\/span>\t\t<\/div>\n\t<\/li>\n\t\t<li class=\"fl-list-item fl-list-item-2\">\n\t\t<div class=\"fl-list-item-wrapper\">\n\t\t\t<span class=\"fl-list-item-heading\"><span class=\"fl-list-item-heading-icon fl-list-item-heading-left\"><span class=\"fl-list-item-icon\"><\/span><\/span> <span class=\"fl-list-item-heading-text\">Calado: 0,58 m (1 pie 9 pulgadas) <\/span><\/span>\t\t<\/div>\n\t<\/li>\n\t\t<li class=\"fl-list-item fl-list-item-3\">\n\t\t<div class=\"fl-list-item-wrapper\">\n\t\t\t<span class=\"fl-list-item-heading\"><span class=\"fl-list-item-heading-icon fl-list-item-heading-left\"><span class=\"fl-list-item-icon\"><\/span><\/span> <span class=\"fl-list-item-heading-text\">Material del casco: PRFV <\/span><\/span>\t\t<\/div>\n\t<\/li>\n\t\t<li class=\"fl-list-item fl-list-item-4\">\n\t\t<div class=\"fl-list-item-wrapper\">\n\t\t\t<span class=\"fl-list-item-heading\"><span class=\"fl-list-item-heading-icon fl-list-item-heading-left\"><span class=\"fl-list-item-icon\"><\/span><\/span> <span class=\"fl-list-item-heading-text\">Peso: 1,9 toneladas <\/span><\/span>\t\t<\/div>\n\t<\/li>\n\t<\/ul>\t<\/div>\n<\/div>\n<\/div>\n<\/div>\n\t\t\t<div class=\"fl-col fl-node-sxywe48vjd23 fl-col-bg-color fl-col-small\" data-node=\"sxywe48vjd23\">\n\t<div class=\"fl-col-content fl-node-content\"><div class=\"fl-module fl-module-list fl-node-kaqwdpznu3t8 so-list\" data-node=\"kaqwdpznu3t8\">\n\t<div class=\"fl-module-content fl-node-content\">\n\t\t<ul class=\"fl-list fl-list-unordered\">\t<li class=\"fl-list-item fl-list-item-0\">\n\t\t<div class=\"fl-list-item-wrapper\">\n\t\t\t<span class=\"fl-list-item-heading\"><span class=\"fl-list-item-heading-icon fl-list-item-heading-left\"><span class=\"fl-list-item-icon\"><\/span><\/span> <span class=\"fl-list-item-heading-text\">Motores est\u00e1ndar: Yamaha fueraborda 2x150 HP <\/span><\/span>\t\t<\/div>\n\t<\/li>\n\t\t<li class=\"fl-list-item fl-list-item-1\">\n\t\t<div class=\"fl-list-item-wrapper\">\n\t\t\t<span class=\"fl-list-item-heading\"><span class=\"fl-list-item-heading-icon fl-list-item-heading-left\"><span class=\"fl-list-item-icon\"><\/span><\/span> <span class=\"fl-list-item-heading-text\">Velocidad m\u00e1xima: 32 nudos <\/span><\/span>\t\t<\/div>\n\t<\/li>\n\t\t<li class=\"fl-list-item fl-list-item-2\">\n\t\t<div class=\"fl-list-item-wrapper\">\n\t\t\t<span class=\"fl-list-item-heading\"><span class=\"fl-list-item-heading-icon fl-list-item-heading-left\"><span class=\"fl-list-item-icon\"><\/span><\/span> <span class=\"fl-list-item-heading-text\">Capacidad del tanque de combustible: 568 l (150 gal EE. UU.)<\/span><\/span>\t\t<\/div>\n\t<\/li>\n\t\t<li class=\"fl-list-item fl-list-item-3\">\n\t\t<div class=\"fl-list-item-wrapper\">\n\t\t\t<span class=\"fl-list-item-heading\"><span class=\"fl-list-item-heading-icon fl-list-item-heading-left\"><span class=\"fl-list-item-icon\"><\/span><\/span> <span class=\"fl-list-item-heading-text\">Capacidad de pasajeros: 25 personas (incluidos piloto y asistente)<\/span><\/span>\t\t<\/div>\n\t<\/li>\n\t<\/ul>\t<\/div>\n<\/div>\n<\/div>\n<\/div>\n\t<\/div>\n\t\t<\/div>\n\t<\/div>\n<\/div>\n<\/div><div class=\"uabb-js-breakpoint\" style=\"display: none;\"><\/div>\t\t\t\t\r\n\t\t\t\t\t<!-- \/content -->\r\n\t<!-- \/tabs -->\r\n<h2>\r\n\t\t\tCat\u00e1logo\t<\/h2>\r\n\t<p>Para obtener m\u00e1s informaci\u00f3n, descargue el cat\u00e1logo.<\/p>\r\n\t\t\t<a href=\"\/wp-content\/uploads\/2023\/09\/Transporter-32_ES.pdf\" target=\"_blank\" rel=\"noopener\">\r\n\t\t\t\t\t\t\tDescargar cat\u00e1logo\r\n\t\t\t<\/a>\r\n<h2>\r\n\t\t\tPrecios\t<\/h2>\r\n\t<p>Le ayudamos a encontrar el barco de pasajeros o embarcaci\u00f3n especial ideal.<\/p>\r\n\t\t\t<a href=\"\/es\/contacta-con-smartown\/\" target=\"_blank\" rel=\"noopener\">\r\n\t\t\t\t\t\t\tCont\u00e1ctenos\r\n\t\t\t<\/a>\r\n\t\t\t\t<img decoding=\"async\" src=\"Cont\u00e1ctenos\" alt=\"H\u00c1BLANOS\" itemprop=\"image\" height=\"162\" width=\"161\" title=\"H\u00c1BLANOS\" onerror=\"this.style.display='none'\" loading=\"lazy\" \/>\r\n<h3>\r\n\t\t\tBarcos de pasajeros similares\t<\/h3>\r\n\t<a href=\"\/es\/touring-36\/\" target=\"_self\"  aria-label=\"Ir a \/touring-36\/\"><\/a>\r\n\t\t\t\t<img decoding=\"async\" src=\"http:\/\/www.smartown.ae\/wp-content\/uploads\/2022\/04\/touring-36-main.jpg\" alt=\"gira-36-principal\" title=\"gira-36-principal\" itemprop=\"image\"\/>\r\n\t\t<h4>Touring 36<\/h4>","protected":false},"excerpt":{"rendered":"<p>Transporter 32 High quality basic passenger boat The Transporter 32 stands out as a reliable passenger boat engineered for demanding commercial applications. &nbsp; Built to meet the highest heavy-duty standards, this robust vessel combines Japanese GRP molding techniques with advanced construction for long-lasting durability and peace of mind on the water. &nbsp; Operators value its [&hellip;]<\/p>\n","protected":false},"author":2,"featured_media":0,"parent":0,"menu_order":0,"comment_status":"closed","ping_status":"closed","template":"","meta":{"site-sidebar-layout":"no-sidebar","site-content-layout":"page-builder","ast-site-content-layout":"full-width-container","site-content-style":"unboxed","site-sidebar-style":"unboxed","ast-global-header-display":"","ast-banner-title-visibility":"","ast-main-header-display":"","ast-hfb-above-header-display":"","ast-hfb-below-header-display":"","ast-hfb-mobile-header-display":"","site-post-title":"disabled","ast-breadcrumbs-content":"disabled","ast-featured-img":"disabled","footer-sml-layout":"","ast-disable-related-posts":"","theme-transparent-header-meta":"default","adv-header-id-meta":"","stick-header-meta":"","header-above-stick-meta":"","header-main-stick-meta":"","header-below-stick-meta":"","astra-migrate-meta-layouts":"set","ast-page-background-enabled":"default","ast-page-background-meta":{"desktop":{"background-color":"var(--ast-global-color-4)","background-image":"","background-repeat":"repeat","background-position":"center center","background-size":"auto","background-attachment":"scroll","background-type":"","background-media":"","overlay-type":"","overlay-color":"","overlay-opacity":"","overlay-gradient":""},"tablet":{"background-color":"","background-image":"","background-repeat":"repeat","background-position":"center center","background-size":"auto","background-attachment":"scroll","background-type":"","background-media":"","overlay-type":"","overlay-color":"","overlay-opacity":"","overlay-gradient":""},"mobile":{"background-color":"","background-image":"","background-repeat":"repeat","background-position":"center center","background-size":"auto","background-attachment":"scroll","background-type":"","background-media":"","overlay-type":"","overlay-color":"","overlay-opacity":"","overlay-gradient":""}},"ast-content-background-meta":{"desktop":{"background-color":"var(--ast-global-color-5)","background-image":"","background-repeat":"repeat","background-position":"center center","background-size":"auto","background-attachment":"scroll","background-type":"","background-media":"","overlay-type":"","overlay-color":"","overlay-opacity":"","overlay-gradient":""},"tablet":{"background-color":"var(--ast-global-color-5)","background-image":"","background-repeat":"repeat","background-position":"center center","background-size":"auto","background-attachment":"scroll","background-type":"","background-media":"","overlay-type":"","overlay-color":"","overlay-opacity":"","overlay-gradient":""},"mobile":{"background-color":"var(--ast-global-color-5)","background-image":"","background-repeat":"repeat","background-position":"center center","background-size":"auto","background-attachment":"scroll","background-type":"","background-media":"","overlay-type":"","overlay-color":"","overlay-opacity":"","overlay-gradient":""}},"footnotes":""},"class_list":["post-8004","page","type-page","status-publish","hentry"],"_links":{"self":[{"href":"https:\/\/www.smartown.ae\/es\/wp-json\/wp\/v2\/pages\/8004","targetHints":{"allow":["GET"]}}],"collection":[{"href":"https:\/\/www.smartown.ae\/es\/wp-json\/wp\/v2\/pages"}],"about":[{"href":"https:\/\/www.smartown.ae\/es\/wp-json\/wp\/v2\/types\/page"}],"author":[{"embeddable":true,"href":"https:\/\/www.smartown.ae\/es\/wp-json\/wp\/v2\/users\/2"}],"replies":[{"embeddable":true,"href":"https:\/\/www.smartown.ae\/es\/wp-json\/wp\/v2\/comments?post=8004"}],"version-history":[{"count":0,"href":"https:\/\/www.smartown.ae\/es\/wp-json\/wp\/v2\/pages\/8004\/revisions"}],"wp:attachment":[{"href":"https:\/\/www.smartown.ae\/es\/wp-json\/wp\/v2\/media?parent=8004"}],"curies":[{"name":"Gracias","href":"https:\/\/api.w.org\/{rel}","templated":true}]}}