{"id":7843,"date":"2022-04-06T12:04:48","date_gmt":"2022-04-06T12:04:48","guid":{"rendered":"http:\/\/www.smartown.ae\/?page_id=7843"},"modified":"2025-11-06T18:56:46","modified_gmt":"2025-11-06T14:56:46","slug":"touring-48-ferry","status":"publish","type":"page","link":"https:\/\/www.smartown.ae\/es\/touring-48-ferry\/","title":{"rendered":"Touring 48 Ferry"},"content":{"rendered":"<h1>\n\t\t\tTouring 48 Ferry\t<\/h1>\n\t\t\t\t<img decoding=\"async\" src=\"https:\/\/www.smartown.ae\/wp-content\/uploads\/2022\/04\/smartown_wave_icon_white.png\" alt=\"smartown_wave_icon_blanco\" title=\"smartown_wave_icon_blanco\" itemprop=\"image\"\/>\n\t\t<h2>Barco de pasajeros de gran capacidad y alta velocidad<\/h2>\t\t\t\n\t<p><p>El <strong>Touring 48 Ferry<\/strong>, con asientos de clase business para 46 pasajeros y una velocidad m\u00e1xima de 34 nudos, pertenece a una clase propia en lo que se refiere a <a href=\"https:\/\/www.smartown.ae\/es\/barcos-de-pasajeros\/\">comodidad, velocidad y capacidades mar\u00edtimas<\/a> para un barco de pasajeros de 14,49 metros.<\/p>\n\n<p>Gracias a sus motores fueraborda, se trata de un <strong>barco comercial<\/strong> que puede navegar con total tranquilidad por todo el mundo. Desc\u00fabralo en <a href=\"https:\/\/www.smartown.ae\/es\/\">Smart Own<\/a>.<\/p><\/p>\n\t\t\t<a href=\"\/wp-content\/uploads\/2023\/09\/Touring-48-Ferry_ES.pdf\" target=\"_blank\" rel=\"noopener\">\n\t\t\t\t\t\t\tDescargar cat\u00e1logo\n\t\t\t<\/a>\n\t\t<nav>\n\t\t\t<ul>\n\t\t\t\t\t\t\t\t<li data-index=\"0\" tabindex=\"0\">\n\t\t\t\t\t<h5>\n\t\t\t\t\t\t<a href=\"javascript:void(0);\" tabindex=\"-1\">Especificaciones\n\t\t\t\t\t\t\t\t\t\t\t\t<\/a>\n\t\t\t\t\t<\/h5>\n\t\t\t\t<\/li>\n\t\t\t\t\t\t\t<\/ul>\n\t\t<\/nav>\n\t\t\t\t\t<div class=\"fl-builder-content fl-builder-content-7857 fl-builder-template fl-builder-layout-template fl-builder-global-templates-locked\" data-post-id=\"7857\"><div class=\"fl-row fl-row-full-width fl-row-bg-none fl-node-pnefdy6103ra fl-row-default-height fl-row-align-center\" data-node=\"pnefdy6103ra\">\n\t<div class=\"fl-row-content-wrap\">\n\t\t<div class=\"uabb-row-separator uabb-top-row-separator\" >\n<\/div>\n\t\t\t\t\t\t<div class=\"fl-row-content fl-row-full-width fl-node-content\">\n\t\t\n<div class=\"fl-col-group fl-node-yo615tla42f7\" data-node=\"yo615tla42f7\">\n\t\t\t<div class=\"fl-col fl-node-xbntwi5m9s48 fl-col-bg-color fl-col-small\" data-node=\"xbntwi5m9s48\">\n\t<div class=\"fl-col-content fl-node-content\"><div class=\"fl-module fl-module-list fl-node-09wiunzgym2c so-list\" data-node=\"09wiunzgym2c\">\n\t<div class=\"fl-module-content fl-node-content\">\n\t\t<ul class=\"fl-list fl-list-unordered\">\t<li class=\"fl-list-item fl-list-item-0\">\n\t\t<div class=\"fl-list-item-wrapper\">\n\t\t\t<span class=\"fl-list-item-heading\"><span class=\"fl-list-item-heading-icon fl-list-item-heading-left\"><span class=\"fl-list-item-icon\"><\/span><\/span> <span class=\"fl-list-item-heading-text\">Eslora total: 14,49 m (47 pies) \u00absin motores\u00bb <\/span><\/span>\t\t<\/div>\n\t<\/li>\n\t\t<li class=\"fl-list-item fl-list-item-1\">\n\t\t<div class=\"fl-list-item-wrapper\">\n\t\t\t<span class=\"fl-list-item-heading\"><span class=\"fl-list-item-heading-icon fl-list-item-heading-left\"><span class=\"fl-list-item-icon\"><\/span><\/span> <span class=\"fl-list-item-heading-text\">Manga: 3,91 m (12 pies 11 pulgadas) <\/span><\/span>\t\t<\/div>\n\t<\/li>\n\t\t<li class=\"fl-list-item fl-list-item-2\">\n\t\t<div class=\"fl-list-item-wrapper\">\n\t\t\t<span class=\"fl-list-item-heading\"><span class=\"fl-list-item-heading-icon fl-list-item-heading-left\"><span class=\"fl-list-item-icon\"><\/span><\/span> <span class=\"fl-list-item-heading-text\">Calado: 0,80 m (2 pies 6 pulgadas) <\/span><\/span>\t\t<\/div>\n\t<\/li>\n\t\t<li class=\"fl-list-item fl-list-item-3\">\n\t\t<div class=\"fl-list-item-wrapper\">\n\t\t\t<span class=\"fl-list-item-heading\"><span class=\"fl-list-item-heading-icon fl-list-item-heading-left\"><span class=\"fl-list-item-icon\"><\/span><\/span> <span class=\"fl-list-item-heading-text\">Material del casco: PRFV <\/span><\/span>\t\t<\/div>\n\t<\/li>\n\t\t<li class=\"fl-list-item fl-list-item-4\">\n\t\t<div class=\"fl-list-item-wrapper\">\n\t\t\t<span class=\"fl-list-item-heading\"><span class=\"fl-list-item-heading-icon fl-list-item-heading-left\"><span class=\"fl-list-item-icon\"><\/span><\/span> <span class=\"fl-list-item-heading-text\">Peso: 12 toneladas \u00absin motores\u00bb<\/span><\/span>\t\t<\/div>\n\t<\/li>\n\t<\/ul>\t<\/div>\n<\/div>\n<\/div>\n<\/div>\n\t\t\t<div class=\"fl-col fl-node-5tey9lv4jf7h fl-col-bg-color fl-col-small\" data-node=\"5tey9lv4jf7h\">\n\t<div class=\"fl-col-content fl-node-content\"><div class=\"fl-module fl-module-list fl-node-37lq0ohpek8w so-list\" data-node=\"37lq0ohpek8w\">\n\t<div class=\"fl-module-content fl-node-content\">\n\t\t<ul class=\"fl-list fl-list-unordered\">\t<li class=\"fl-list-item fl-list-item-0\">\n\t\t<div class=\"fl-list-item-wrapper\">\n\t\t\t<span class=\"fl-list-item-heading\"><span class=\"fl-list-item-heading-icon fl-list-item-heading-left\"><span class=\"fl-list-item-icon\"><\/span><\/span> <span class=\"fl-list-item-heading-text\">Motores: 4 fueraborda gasolina 300 CV \/ 3 fueraborda di\u00e9sel 300 CV (opcional) <\/span><\/span>\t\t<\/div>\n\t<\/li>\n\t\t<li class=\"fl-list-item fl-list-item-1\">\n\t\t<div class=\"fl-list-item-wrapper\">\n\t\t\t<span class=\"fl-list-item-heading\"><span class=\"fl-list-item-heading-icon fl-list-item-heading-left\"><span class=\"fl-list-item-icon\"><\/span><\/span> <span class=\"fl-list-item-heading-text\">Velocidad m\u00e1xima: 41 nudos<\/span><\/span>\t\t<\/div>\n\t<\/li>\n\t\t<li class=\"fl-list-item fl-list-item-2\">\n\t\t<div class=\"fl-list-item-wrapper\">\n\t\t\t<span class=\"fl-list-item-heading\"><span class=\"fl-list-item-heading-icon fl-list-item-heading-left\"><span class=\"fl-list-item-icon\"><\/span><\/span> <span class=\"fl-list-item-heading-text\">Capacidad del tanque de combustible: 2650 l (700 gal EE. UU.)<\/span><\/span>\t\t<\/div>\n\t<\/li>\n\t\t<li class=\"fl-list-item fl-list-item-3\">\n\t\t<div class=\"fl-list-item-wrapper\">\n\t\t\t<span class=\"fl-list-item-heading\"><span class=\"fl-list-item-heading-icon fl-list-item-heading-left\"><span class=\"fl-list-item-icon\"><\/span><\/span> <span class=\"fl-list-item-heading-text\">Capacidad del tanque de agua: 208 l (55 gal EE. UU.) <\/span><\/span>\t\t<\/div>\n\t<\/li>\n\t\t<li class=\"fl-list-item fl-list-item-4\">\n\t\t<div class=\"fl-list-item-wrapper\">\n\t\t\t<span class=\"fl-list-item-heading\"><span class=\"fl-list-item-heading-icon fl-list-item-heading-left\"><span class=\"fl-list-item-icon\"><\/span><\/span> <span class=\"fl-list-item-heading-text\">Capacidad de pasajeros: 46 personas (opcional 50 personas) <\/span><\/span>\t\t<\/div>\n\t<\/li>\n\t<\/ul>\t<\/div>\n<\/div>\n<\/div>\n<\/div>\n\t<\/div>\n\t\t<\/div>\n\t<\/div>\n<\/div>\n<\/div><div class=\"uabb-js-breakpoint\" style=\"display: none;\"><\/div>\t\t\t\t\n\t\t\t\t\t<!-- \/content -->\n\t<!-- \/tabs -->\n\t\t\t\t<img decoding=\"async\" src=\"Disposiciones generales del ferry Touring 48\" alt=\"Disposiciones generales del ferry Touring 48\" itemprop=\"image\" title=\"Disposiciones generales del ferry Touring 48\" onerror=\"this.style.display='none'\" loading=\"lazy\" \/>\n<h2>\n\t\t\tV\u00eddeo\t<\/h2>\n\t\t\t\t\t<img decoding=\"async\" src=\"https:\/\/i.ytimg.com\/vi\/Dp_XcnRMGHc\/maxresdefault.jpg\" alt=\"miniatura-de-v\u00eddeo-de-youtube\"\/>\n\t\t<h2>\n\t\t\tCat\u00e1logo\t<\/h2>\n\t<p>Para obtener m\u00e1s informaci\u00f3n, descargue el cat\u00e1logo.<\/p>\n\t\t\t<a href=\"\/wp-content\/uploads\/2023\/09\/Touring-48-Ferry_ES.pdf\" target=\"_blank\" rel=\"noopener\">\n\t\t\t\t\t\t\tDescargar cat\u00e1logo\n\t\t\t<\/a>\n<h2>\n\t\t\tPrecios\t<\/h2>\n\t<p>Le ayudamos a encontrar el barco de pasajeros o embarcaci\u00f3n especial ideal.<\/p>\n\t\t\t<a href=\"\/es\/contacta-con-smartown\/\" target=\"_blank\" rel=\"noopener\">\n\t\t\t\t\t\t\tCont\u00e1ctenos\n\t\t\t<\/a>\n\t\t\t\t<img decoding=\"async\" src=\"Cont\u00e1ctenos\" alt=\"H\u00c1BLANOS\" itemprop=\"image\" height=\"162\" width=\"161\" title=\"H\u00c1BLANOS\" onerror=\"this.style.display='none'\" loading=\"lazy\" \/>\n<h3>\n\t\t\tBarcos de pasajeros similares\t<\/h3>\n\t<a href=\"\/es\/touring-36\/\" target=\"_self\"  aria-label=\"Ir a \/touring-36\/\"><\/a>\n\t\t\t\t<img decoding=\"async\" src=\"http:\/\/www.smartown.ae\/wp-content\/uploads\/2022\/04\/touring-36-main.jpg\" alt=\"gira-36-principal\" title=\"gira-36-principal\" itemprop=\"image\"\/>\n\t\t<h4>Touring 36<\/h4>\t\t\t\n\t<a href=\"\/es\/touring-48-lounge\/\" target=\"_self\"  aria-label=\"Ir a \/touring-48-lounge\/\"><\/a>\n\t\t\t\t<img decoding=\"async\" src=\"https:\/\/www.smartown.ae\/wp-content\/uploads\/2023\/07\/Touring-48-Lounge.jpg\" alt=\"Touring 48 Lounge\" title=\"Touring 48 Lounge\" itemprop=\"image\"\/>\n\t\t<h4>Sal\u00f3n Touring 48<\/h4>\t\t\t\n\t<a href=\"\/es\/lanzadera-de-olas-56\/\" target=\"_self\"  aria-label=\"Ir a \/waveshuttle-56\/\"><\/a>\n\t\t\t\t<img decoding=\"async\" src=\"https:\/\/www.smartown.ae\/wp-content\/uploads\/2022\/04\/main4-e1418042337225-2.jpg\" alt=\"principal4-e1418042337225-2\" title=\"principal4-e1418042337225-2\" itemprop=\"image\"\/>\n\t\t<h4>Waveshuttle 56<\/h4>","protected":false},"excerpt":{"rendered":"<p>Touring 48 Ferry The Large Capacity High Speed Passenger Boat\u200b Business class seats for 46 passengers with a top speed of 34 knots, the Touring 48 Ferry is in a class of its own when it comes to comfort, speed and sea capabilities for a 46 feet passenger boat. And with its outboard engines options [&hellip;]<\/p>\n","protected":false},"author":2,"featured_media":0,"parent":0,"menu_order":0,"comment_status":"closed","ping_status":"closed","template":"","meta":{"site-sidebar-layout":"no-sidebar","site-content-layout":"page-builder","ast-site-content-layout":"full-width-container","site-content-style":"unboxed","site-sidebar-style":"unboxed","ast-global-header-display":"","ast-banner-title-visibility":"","ast-main-header-display":"","ast-hfb-above-header-display":"","ast-hfb-below-header-display":"","ast-hfb-mobile-header-display":"","site-post-title":"disabled","ast-breadcrumbs-content":"disabled","ast-featured-img":"disabled","footer-sml-layout":"","ast-disable-related-posts":"","theme-transparent-header-meta":"default","adv-header-id-meta":"","stick-header-meta":"","header-above-stick-meta":"","header-main-stick-meta":"","header-below-stick-meta":"","astra-migrate-meta-layouts":"set","ast-page-background-enabled":"default","ast-page-background-meta":{"desktop":{"background-color":"var(--ast-global-color-4)","background-image":"","background-repeat":"repeat","background-position":"center center","background-size":"auto","background-attachment":"scroll","background-type":"","background-media":"","overlay-type":"","overlay-color":"","overlay-opacity":"","overlay-gradient":""},"tablet":{"background-color":"","background-image":"","background-repeat":"repeat","background-position":"center center","background-size":"auto","background-attachment":"scroll","background-type":"","background-media":"","overlay-type":"","overlay-color":"","overlay-opacity":"","overlay-gradient":""},"mobile":{"background-color":"","background-image":"","background-repeat":"repeat","background-position":"center center","background-size":"auto","background-attachment":"scroll","background-type":"","background-media":"","overlay-type":"","overlay-color":"","overlay-opacity":"","overlay-gradient":""}},"ast-content-background-meta":{"desktop":{"background-color":"var(--ast-global-color-5)","background-image":"","background-repeat":"repeat","background-position":"center center","background-size":"auto","background-attachment":"scroll","background-type":"","background-media":"","overlay-type":"","overlay-color":"","overlay-opacity":"","overlay-gradient":""},"tablet":{"background-color":"var(--ast-global-color-5)","background-image":"","background-repeat":"repeat","background-position":"center center","background-size":"auto","background-attachment":"scroll","background-type":"","background-media":"","overlay-type":"","overlay-color":"","overlay-opacity":"","overlay-gradient":""},"mobile":{"background-color":"var(--ast-global-color-5)","background-image":"","background-repeat":"repeat","background-position":"center center","background-size":"auto","background-attachment":"scroll","background-type":"","background-media":"","overlay-type":"","overlay-color":"","overlay-opacity":"","overlay-gradient":""}},"footnotes":""},"class_list":["post-7843","page","type-page","status-publish","hentry"],"_links":{"self":[{"href":"https:\/\/www.smartown.ae\/es\/wp-json\/wp\/v2\/pages\/7843","targetHints":{"allow":["GET"]}}],"collection":[{"href":"https:\/\/www.smartown.ae\/es\/wp-json\/wp\/v2\/pages"}],"about":[{"href":"https:\/\/www.smartown.ae\/es\/wp-json\/wp\/v2\/types\/page"}],"author":[{"embeddable":true,"href":"https:\/\/www.smartown.ae\/es\/wp-json\/wp\/v2\/users\/2"}],"replies":[{"embeddable":true,"href":"https:\/\/www.smartown.ae\/es\/wp-json\/wp\/v2\/comments?post=7843"}],"version-history":[{"count":0,"href":"https:\/\/www.smartown.ae\/es\/wp-json\/wp\/v2\/pages\/7843\/revisions"}],"wp:attachment":[{"href":"https:\/\/www.smartown.ae\/es\/wp-json\/wp\/v2\/media?parent=7843"}],"curies":[{"name":"Gracias","href":"https:\/\/api.w.org\/{rel}","templated":true}]}}