{"id":7671,"date":"2022-04-06T06:18:53","date_gmt":"2022-04-06T06:18:53","guid":{"rendered":"http:\/\/www.smartown.ae\/?page_id=7671"},"modified":"2025-11-06T18:56:43","modified_gmt":"2025-11-06T14:56:43","slug":"touring-36","status":"publish","type":"page","link":"https:\/\/www.smartown.ae\/es\/touring-36\/","title":{"rendered":"Touring 36"},"content":{"rendered":"<h1>\n\t\t\tTouring 36\t<\/h1>\n\t\t\t\t<img decoding=\"async\" src=\"http:\/\/www.smartown.ae\/wp-content\/uploads\/2022\/04\/smartown_wave_icon_white.png\" alt=\"smartown_wave_icon_blanco\" title=\"smartown_wave_icon_blanco\" itemprop=\"image\"\/>\n\t\t<h2>El barco de pasajeros m\u00e1s popular del mundo<\/h2>\t\t\t\n\tEl Touring 36 es el barco de pasajeros m\u00e1s vendido del mundo, en el que conf\u00edan los operadores de transporte acu\u00e1tico en m\u00e1s de 70 pa\u00edses por su confiabilidad inigualable y su excelente rendimiento.<br \/>\nReconocido como el barco de elecci\u00f3n en la industria, este barco de turismo ofrece un manejo superior en el mar, una excelente estabilidad y un dise\u00f1o funcional pero c\u00f3modo, lo que lo hace perfecto para taxis acu\u00e1ticos, rutas programadas y cruceros tur\u00edsticos.\n<p><p>Con una reputaci\u00f3n consolidada en torno a la <strong>seguridad<\/strong>, la <strong>eficiencia operativa<\/strong> y la <strong>comodidad del cliente<\/strong>, el  <strong>Touring 36<\/strong> es el complemento ideal para cualquier <strong>flota de pasajeros<\/strong>. Esta embarcaci\u00f3n le permitir\u00e1 ofrecer un <strong>transporte fiable y de alta calidad<\/strong> a trav\u00e9s de <strong>r\u00edos<\/strong>, <strong>zonas costeras<\/strong> y <strong>v\u00edas fluviales urbanas<\/strong>.<\/p>\n\n<p><strong>\u00bfListo para hacer crecer su negocio?<\/strong> Descubra por qu\u00e9 el <a href=\"https:\/\/www.smartown.ae\/es\/touring-36\/\"><strong>Touring 36 de Smart Own<\/strong><\/a> es <strong>la soluci\u00f3n l\u00edder en movilidad acu\u00e1tica moderna<\/strong>.<\/p><\/p>\n<p>\u00bfListo para expandir su negocio? Descubra por qu\u00e9 el Touring 36 de Smart Own es l\u00edder en soluciones modernas de transporte acu\u00e1tico.<\/p>\n\t\t\t<a href=\"\/wp-content\/uploads\/2023\/07\/Touring-36_EN.pdf\" target=\"_blank\" rel=\"noopener\">\n\t\t\t\t\t\t\tDescargar cat\u00e1logo\n\t\t\t<\/a>\n\t\t<nav>\n\t\t\t<ul>\n\t\t\t\t\t\t\t\t<li data-index=\"0\" tabindex=\"0\">\n\t\t\t\t\t<h5>\n\t\t\t\t\t\t<a href=\"javascript:void(0);\" tabindex=\"-1\">Especificaciones\n\t\t\t\t\t\t\t\t\t\t\t\t<\/a>\n\t\t\t\t\t<\/h5>\n\t\t\t\t<\/li>\n\t\t\t\t\t\t\t<\/ul>\n\t\t<\/nav>\n\t\t\t\t\t<div class=\"fl-builder-content fl-builder-content-7677 fl-builder-template fl-builder-layout-template fl-builder-global-templates-locked\" data-post-id=\"7677\"><div class=\"fl-row fl-row-full-width fl-row-bg-none fl-node-gvboe1hrw8xt fl-row-default-height fl-row-align-center\" data-node=\"gvboe1hrw8xt\">\n\t<div class=\"fl-row-content-wrap\">\n\t\t<div class=\"uabb-row-separator uabb-top-row-separator\" >\n<\/div>\n\t\t\t\t\t\t<div class=\"fl-row-content fl-row-full-width fl-node-content\">\n\t\t\n<div class=\"fl-col-group fl-node-5g2xes70hbnp\" data-node=\"5g2xes70hbnp\">\n\t\t\t<div class=\"fl-col fl-node-nvb5exgikhla fl-col-bg-color fl-col-small\" data-node=\"nvb5exgikhla\">\n\t<div class=\"fl-col-content fl-node-content\"><div class=\"fl-module fl-module-list fl-node-h5iz37kyq4tp so-list\" data-node=\"h5iz37kyq4tp\">\n\t<div class=\"fl-module-content fl-node-content\">\n\t\t<ul class=\"fl-list fl-list-unordered\">\t<li class=\"fl-list-item fl-list-item-0\">\n\t\t<div class=\"fl-list-item-wrapper\">\n\t\t\t<span class=\"fl-list-item-heading\"><span class=\"fl-list-item-heading-icon fl-list-item-heading-left\"><span class=\"fl-list-item-icon\"><\/span><\/span> <span class=\"fl-list-item-heading-text\">Eslora total: 10,9 m (36 pies) \u00absin motores\u00bb <\/span><\/span>\t\t<\/div>\n\t<\/li>\n\t\t<li class=\"fl-list-item fl-list-item-1\">\n\t\t<div class=\"fl-list-item-wrapper\">\n\t\t\t<span class=\"fl-list-item-heading\"><span class=\"fl-list-item-heading-icon fl-list-item-heading-left\"><span class=\"fl-list-item-icon\"><\/span><\/span> <span class=\"fl-list-item-heading-text\">Manga: 2,77 m (9 pies 10 pulgadas) <\/span><\/span>\t\t<\/div>\n\t<\/li>\n\t\t<li class=\"fl-list-item fl-list-item-2\">\n\t\t<div class=\"fl-list-item-wrapper\">\n\t\t\t<span class=\"fl-list-item-heading\"><span class=\"fl-list-item-heading-icon fl-list-item-heading-left\"><span class=\"fl-list-item-icon\"><\/span><\/span> <span class=\"fl-list-item-heading-text\">Calado: 0,52 m (1 pie 10 pulgadas) <\/span><\/span>\t\t<\/div>\n\t<\/li>\n\t\t<li class=\"fl-list-item fl-list-item-3\">\n\t\t<div class=\"fl-list-item-wrapper\">\n\t\t\t<span class=\"fl-list-item-heading\"><span class=\"fl-list-item-heading-icon fl-list-item-heading-left\"><span class=\"fl-list-item-icon\"><\/span><\/span> <span class=\"fl-list-item-heading-text\">Material del casco: PRFV <\/span><\/span>\t\t<\/div>\n\t<\/li>\n\t\t<li class=\"fl-list-item fl-list-item-4\">\n\t\t<div class=\"fl-list-item-wrapper\">\n\t\t\t<span class=\"fl-list-item-heading\"><span class=\"fl-list-item-heading-icon fl-list-item-heading-left\"><span class=\"fl-list-item-icon\"><\/span><\/span> <span class=\"fl-list-item-heading-text\">Peso: 4955 kg (10900 libras) \u00absin motores\u00bb <\/span><\/span>\t\t<\/div>\n\t<\/li>\n\t<\/ul>\t<\/div>\n<\/div>\n<\/div>\n<\/div>\n\t\t\t<div class=\"fl-col fl-node-qvt8gif06sob fl-col-bg-color fl-col-small\" data-node=\"qvt8gif06sob\">\n\t<div class=\"fl-col-content fl-node-content\"><div class=\"fl-module fl-module-list fl-node-dv82c6rjsyxn so-list\" data-node=\"dv82c6rjsyxn\">\n\t<div class=\"fl-module-content fl-node-content\">\n\t\t<ul class=\"fl-list fl-list-unordered\">\t<li class=\"fl-list-item fl-list-item-0\">\n\t\t<div class=\"fl-list-item-wrapper\">\n\t\t\t<span class=\"fl-list-item-heading\"><span class=\"fl-list-item-heading-icon fl-list-item-heading-left\"><span class=\"fl-list-item-icon\"><\/span><\/span> <span class=\"fl-list-item-heading-text\">Motores: Doble 2x250 CV (Est\u00e1ndar) \/ Doble 2x300 CV (Opcional) <\/span><\/span>\t\t<\/div>\n\t<\/li>\n\t\t<li class=\"fl-list-item fl-list-item-1\">\n\t\t<div class=\"fl-list-item-wrapper\">\n\t\t\t<span class=\"fl-list-item-heading\"><span class=\"fl-list-item-heading-icon fl-list-item-heading-left\"><span class=\"fl-list-item-icon\"><\/span><\/span> <span class=\"fl-list-item-heading-text\">Velocidad m\u00e1xima: 37 nudos con 2x250 CV \/ 40 nudos con 2x300 CV <\/span><\/span>\t\t<\/div>\n\t<\/li>\n\t\t<li class=\"fl-list-item fl-list-item-2\">\n\t\t<div class=\"fl-list-item-wrapper\">\n\t\t\t<span class=\"fl-list-item-heading\"><span class=\"fl-list-item-heading-icon fl-list-item-heading-left\"><span class=\"fl-list-item-icon\"><\/span><\/span> <span class=\"fl-list-item-heading-text\">Capacidad del tanque de combustible: 757 l (200 gal EE. UU.)<\/span><\/span>\t\t<\/div>\n\t<\/li>\n\t\t<li class=\"fl-list-item fl-list-item-3\">\n\t\t<div class=\"fl-list-item-wrapper\">\n\t\t\t<span class=\"fl-list-item-heading\"><span class=\"fl-list-item-heading-icon fl-list-item-heading-left\"><span class=\"fl-list-item-icon\"><\/span><\/span> <span class=\"fl-list-item-heading-text\">Capacidad del tanque de agua: 230 l (60 gal EE. UU.)<\/span><\/span>\t\t<\/div>\n\t<\/li>\n\t\t<li class=\"fl-list-item fl-list-item-4\">\n\t\t<div class=\"fl-list-item-wrapper\">\n\t\t\t<span class=\"fl-list-item-heading\"><span class=\"fl-list-item-heading-icon fl-list-item-heading-left\"><span class=\"fl-list-item-icon\"><\/span><\/span> <span class=\"fl-list-item-heading-text\">Capacidad de pasajeros: 29 personas (23 en cabina + 6 en proa)<\/span><\/span>\t\t<\/div>\n\t<\/li>\n\t<\/ul>\t<\/div>\n<\/div>\n<\/div>\n<\/div>\n\t<\/div>\n\t\t<\/div>\n\t<\/div>\n<\/div>\n<\/div><div class=\"uabb-js-breakpoint\" style=\"display: none;\"><\/div>\t\t\t\t\n\t\t\t\t\t<!-- \/content -->\n\t<!-- \/tabs -->\n<h2>\n\t\t\tDise\u00f1o est\u00e1ndar\t<\/h2>\n<h3>\n\t\t\tNumerosas opciones de dise\u00f1o\t<\/h3>\n<h3>\n\t\t\t<strong>PLANO DE CUBIERTA<\/strong>\t<\/h3>\n\t\t\t\t<img decoding=\"async\" src=\"http:\/\/www.smartown.ae\/wp-content\/uploads\/2014\/11\/image0022.jpg\" alt=\"imagen002\" itemprop=\"image\" title=\"imagen002\" onerror=\"this.style.display='none'\" loading=\"lazy\" \/>\n<h3>\n\t\t\t<strong>VERSI\u00d3N ABIERTA<\/strong>\t<\/h3>\n\t\t\t\t<img decoding=\"async\" src=\"http:\/\/www.smartown.ae\/wp-content\/uploads\/2014\/11\/image0031.jpg\" alt=\"Versi\u00f3n abierta\" itemprop=\"image\" title=\"Versi\u00f3n abierta\" onerror=\"this.style.display='none'\" loading=\"lazy\" \/>\n<h3>\n\t\t\t<strong>VERSI\u00d3N CERRADA<\/strong>\t<\/h3>\n\t\t\t\t<img decoding=\"async\" src=\"http:\/\/www.smartown.ae\/wp-content\/uploads\/2023\/10\/Touring-36-Profile-Picture-2.png\" alt=\"Foto de perfil de Touring 36\" itemprop=\"image\" title=\"Foto de perfil de Touring 36\" onerror=\"this.style.display='none'\" loading=\"lazy\" \/>\n<h2>\n\t\t\tV\u00eddeo\t<\/h2>\n\t\t\t\t\t<img decoding=\"async\" src=\"https:\/\/i.ytimg.com\/vi\/H24NgHnAhQg\/maxresdefault.jpg\" alt=\"miniatura-de-v\u00eddeo-de-youtube\"\/>\n\t\t<h3>\n\t\t\tPreguntas frecuentes\t<\/h3>\n\t\t\t\t\t<a href=\"#\"  id=\"fl-accordion--label-0\" tabindex=\"0\" aria-controls=\"fl-accordion--panel-0\">1. \u00bfQu\u00e9 hace que el Touring 36 sea \u00fanico en comparaci\u00f3n con otros barcos de pasajeros?<\/a>\n\t\t\t\t\t\t\t\t\t\t\t<a href=\"#\" id=\"fl-accordion--icon-0\"  tabindex=\"0\"><i title=\"Expandir\">Expandir<\/i><\/a>\n\t\t\t\t\t<p>El Touring 36 es reconocido como el barco de pasajeros m\u00e1s vendido del mundo, reconocido por su inigualable fiabilidad, eficiencia y excelente manejo en el mar. Combina alta velocidad con estabilidad, con capacidad para 29 pasajeros (23 en la cabina y 6 en la proa), lo que lo convierte en ideal para operaciones comerciales y tur\u00edsticas.<\/p>\n\t\t\t\t\t<a href=\"#\"  id=\"fl-accordion--label-1\" tabindex=\"0\" aria-controls=\"fl-accordion--panel-1\">2. \u00bfCu\u00e1les son las opciones de motor disponibles y cu\u00e1l es la velocidad m\u00e1xima del Touring 36?<\/a>\n\t\t\t\t\t\t\t\t\t\t\t<a href=\"#\" id=\"fl-accordion--icon-1\"  tabindex=\"0\"><i title=\"Expandir\">Expandir<\/i><\/a>\n\t\t\t\t\tEl Touring 36 viene con dos opciones de motorizaci\u00f3n: dos motores fueraborda de 250 CV de serie, que alcanzan una velocidad m\u00e1xima de 37 nudos, y dos motores de 300 CV opcionales que ofrecen velocidades de hasta 42 nudos, garantizando un transporte r\u00e1pido y eficiente.\n\t\t\t\t\t<a href=\"#\"  id=\"fl-accordion--label-2\" tabindex=\"0\" aria-controls=\"fl-accordion--panel-2\">3. \u00bfQu\u00e9 caracter\u00edsticas est\u00e1ndar est\u00e1n incluidas en el Touring 36?<\/a>\n\t\t\t\t\t\t\t\t\t\t\t<a href=\"#\" id=\"fl-accordion--icon-2\"  tabindex=\"0\"><i title=\"Expandir\">Expandir<\/i><\/a>\n\t\t\t\t\tEl Touring 36 incluye ventanas con marco de aluminio anodizado, asientos integrados de PRFV, un techo r\u00edgido de PRFV con marcos de acero inoxidable, un inodoro marino el\u00e9ctrico, direcci\u00f3n hidr\u00e1ulica, luces de marcha, bombas de achique autom\u00e1ticas y manuales, cornamusas de cubierta de acero inoxidable, una escalera y un fregadero de PRFV con grifo.\n\t\t\t\t\t<a href=\"#\"  id=\"fl-accordion--label-3\" tabindex=\"0\" aria-controls=\"fl-accordion--panel-3\">4. \u00bfEs posible personalizar el Touring 36 seg\u00fan necesidades operativas espec\u00edficas?<\/a>\n\t\t\t\t\t\t\t\t\t\t\t<a href=\"#\" id=\"fl-accordion--icon-3\"  tabindex=\"0\"><i title=\"Expandir\">Expandir<\/i><\/a>\n\t\t\t\t\tS\u00ed, Smartown ofrece amplias opciones de personalizaci\u00f3n para el Touring 36, incluidos cerramientos blandos o de PRFV, aire acondicionado marino, sistemas est\u00e9reos marinos, frigor\u00edfico, puertas de inmersi\u00f3n, sistemas avanzados de navegaci\u00f3n Garmin, generadores marinos y equipos de seguridad para adaptarse a las diversas necesidades operativas.\n\t\t\t\t\t<a href=\"#\"  id=\"fl-accordion--label-4\" tabindex=\"0\" aria-controls=\"fl-accordion--panel-4\">5. \u00bfEl Touring 36 es adecuado para env\u00edos internacionales?<\/a>\n\t\t\t\t\t\t\t\t\t\t\t<a href=\"#\" id=\"fl-accordion--icon-4\"  tabindex=\"0\"><i title=\"Expandir\">Expandir<\/i><\/a>\n\t\t\t\t\tAbsolutamente, Smartown se especializa en env\u00edos internacionales, habiendo entregado con \u00e9xito embarcaciones Touring 36 a m\u00e1s de 80 pa\u00edses de todo el mundo. Ofrecemos un transporte mar\u00edtimo internacional r\u00e1pido, seguro y sin complicaciones, garantizando que su embarcaci\u00f3n llegue sana y salva al puerto de destino.\n<h2>\n\t\t\tCat\u00e1logo\t<\/h2>\n\t<p>Para obtener m\u00e1s informaci\u00f3n, descargue el cat\u00e1logo.<\/p>\n\t\t\t<a href=\"\/wp-content\/uploads\/2023\/07\/Touring-36_EN.pdf\" target=\"_blank\" rel=\"noopener\">\n\t\t\t\t\t\t\tDescargar cat\u00e1logo\n\t\t\t<\/a>\n<h2>\n\t\t\tPrecios\t<\/h2>\n\t<p>Le ayudamos a encontrar el barco de pasajeros o embarcaci\u00f3n especial ideal.<\/p>\n\t\t\t<a href=\"\/es\/contacta-con-smartown\/\" target=\"_blank\" rel=\"noopener\">\n\t\t\t\t\t\t\tCont\u00e1ctenos\n\t\t\t<\/a>\n\t\t\t\t<img decoding=\"async\" src=\"Cont\u00e1ctenos\" alt=\"H\u00c1BLANOS\" itemprop=\"image\" height=\"162\" width=\"161\" title=\"H\u00c1BLANOS\" onerror=\"this.style.display='none'\" loading=\"lazy\" \/>\n<h3>\n\t\t\tBarcos de pasajeros similares\t<\/h3>\n\t<a href=\"\/es\/transporter-32\/\" target=\"_self\"  aria-label=\"Ir a \/transportador-32\/\"><\/a>\n\t\t\t\t<img decoding=\"async\" src=\"https:\/\/www.smartown.ae\/wp-content\/uploads\/2022\/04\/Transporter-32-Small.jpg\" alt=\"Transporter-32-Peque\u00f1o\" title=\"Transporter-32-Peque\u00f1o\" itemprop=\"image\"\/>\n\t\t<h4>Transporter 32<\/h4>\t\t\t\n\t<a href=\"\/es\/touring-48-ferry\/\" target=\"_self\"  aria-label=\"Ir a \/touring-48-ferry\/\"><\/a>\n\t\t\t\t<img decoding=\"async\" src=\"https:\/\/www.smartown.ae\/wp-content\/uploads\/2023\/07\/Touring-48-Ferry-1-scaled.jpg\" alt=\"Touring 48 Ferry (1)\" title=\"Touring 48 Ferry (1)\" itemprop=\"image\"\/>\n\t\t<h4>Touring 48 Ferry<\/h4>\t\t\t\n\t<a href=\"\/es\/lanzadera-de-olas-56\/\" target=\"_self\"  aria-label=\"Ir a \/waveshuttle-56\/\"><\/a>\n\t\t\t\t<img decoding=\"async\" src=\"https:\/\/www.smartown.ae\/wp-content\/uploads\/2022\/04\/main4-e1418042337225-2.jpg\" alt=\"principal4-e1418042337225-2\" title=\"principal4-e1418042337225-2\" itemprop=\"image\"\/>\n\t\t<h4>Waveshuttle 56<\/h4>","protected":false},"excerpt":{"rendered":"<p>Touring 36 The World&#8217;s Most Popular Passenger Boat The Touring 36 is the world&#8217;s best-selling passenger boat, trusted by water transport operators in over 70 countries for its unmatched reliability and outstanding performance. Recognized as the vessel of choice in the industry, this touring boat offers superior sea-handling, excellent stability, and a functional yet comfortable [&hellip;]<\/p>\n","protected":false},"author":2,"featured_media":0,"parent":0,"menu_order":0,"comment_status":"closed","ping_status":"closed","template":"","meta":{"site-sidebar-layout":"no-sidebar","site-content-layout":"page-builder","ast-site-content-layout":"full-width-container","site-content-style":"unboxed","site-sidebar-style":"unboxed","ast-global-header-display":"","ast-banner-title-visibility":"","ast-main-header-display":"","ast-hfb-above-header-display":"","ast-hfb-below-header-display":"","ast-hfb-mobile-header-display":"","site-post-title":"disabled","ast-breadcrumbs-content":"disabled","ast-featured-img":"disabled","footer-sml-layout":"","ast-disable-related-posts":"","theme-transparent-header-meta":"default","adv-header-id-meta":"","stick-header-meta":"","header-above-stick-meta":"","header-main-stick-meta":"","header-below-stick-meta":"","astra-migrate-meta-layouts":"set","ast-page-background-enabled":"default","ast-page-background-meta":{"desktop":{"background-color":"var(--ast-global-color-4)","background-image":"","background-repeat":"repeat","background-position":"center center","background-size":"auto","background-attachment":"scroll","background-type":"","background-media":"","overlay-type":"","overlay-color":"","overlay-opacity":"","overlay-gradient":""},"tablet":{"background-color":"","background-image":"","background-repeat":"repeat","background-position":"center center","background-size":"auto","background-attachment":"scroll","background-type":"","background-media":"","overlay-type":"","overlay-color":"","overlay-opacity":"","overlay-gradient":""},"mobile":{"background-color":"","background-image":"","background-repeat":"repeat","background-position":"center center","background-size":"auto","background-attachment":"scroll","background-type":"","background-media":"","overlay-type":"","overlay-color":"","overlay-opacity":"","overlay-gradient":""}},"ast-content-background-meta":{"desktop":{"background-color":"var(--ast-global-color-5)","background-image":"","background-repeat":"repeat","background-position":"center center","background-size":"auto","background-attachment":"scroll","background-type":"","background-media":"","overlay-type":"","overlay-color":"","overlay-opacity":"","overlay-gradient":""},"tablet":{"background-color":"var(--ast-global-color-5)","background-image":"","background-repeat":"repeat","background-position":"center center","background-size":"auto","background-attachment":"scroll","background-type":"","background-media":"","overlay-type":"","overlay-color":"","overlay-opacity":"","overlay-gradient":""},"mobile":{"background-color":"var(--ast-global-color-5)","background-image":"","background-repeat":"repeat","background-position":"center center","background-size":"auto","background-attachment":"scroll","background-type":"","background-media":"","overlay-type":"","overlay-color":"","overlay-opacity":"","overlay-gradient":""}},"footnotes":""},"class_list":["post-7671","page","type-page","status-publish","hentry"],"_links":{"self":[{"href":"https:\/\/www.smartown.ae\/es\/wp-json\/wp\/v2\/pages\/7671","targetHints":{"allow":["GET"]}}],"collection":[{"href":"https:\/\/www.smartown.ae\/es\/wp-json\/wp\/v2\/pages"}],"about":[{"href":"https:\/\/www.smartown.ae\/es\/wp-json\/wp\/v2\/types\/page"}],"author":[{"embeddable":true,"href":"https:\/\/www.smartown.ae\/es\/wp-json\/wp\/v2\/users\/2"}],"replies":[{"embeddable":true,"href":"https:\/\/www.smartown.ae\/es\/wp-json\/wp\/v2\/comments?post=7671"}],"version-history":[{"count":0,"href":"https:\/\/www.smartown.ae\/es\/wp-json\/wp\/v2\/pages\/7671\/revisions"}],"wp:attachment":[{"href":"https:\/\/www.smartown.ae\/es\/wp-json\/wp\/v2\/media?parent=7671"}],"curies":[{"name":"Gracias","href":"https:\/\/api.w.org\/{rel}","templated":true}]}}