{"id":7277,"date":"2022-04-04T05:50:44","date_gmt":"2022-04-04T01:50:44","guid":{"rendered":"http:\/\/www.smartown.ae\/?page_id=7277"},"modified":"2025-03-31T11:23:44","modified_gmt":"2025-03-31T07:23:44","slug":"cruceros-deportivos","status":"publish","type":"page","link":"https:\/\/www.smartown.ae\/es\/sports-cruisers\/","title":{"rendered":"Cruceros deportivos"},"content":{"rendered":"<h1>Cruceros deportivos<\/h1>\r\n<p><img decoding=\"async\" title=\"smartown_wave_icon_blanco\" src=\"https:\/\/www.smartown.ae\/wp-content\/uploads\/2022\/04\/smartown_wave_icon_white.png\" alt=\"smartown_wave_icon_blanco\" \/><\/p>\r\n<h2>Cruceros deportivos para todos los presupuestos<\/h2>\r\n<h3>Smart Own<\/h3>\r\n<h3>L\u00edder mundial en exportaci\u00f3n de cruceros deportivos<\/h3>\r\n<p><img decoding=\"async\" title=\"smartown_wave_icon_azul\" src=\"https:\/\/www.smartown.ae\/wp-content\/uploads\/2022\/04\/smartown_wave_icon_blue.png\" alt=\"smartown_wave_icon_azul\" \/><\/p>\r\n<p><p><a href=\"https:\/\/www.smartown.ae\/es\/\">Smart Own<\/a> responde a las expectativas de todos los <strong>amantes de la n\u00e1utica<\/strong> con una amplia selecci\u00f3n de <strong>cruceros deportivos<\/strong>. Somos un <strong>socio de confianza<\/strong> en el sector, reconocidos por nuestra <strong>profesionalidad<\/strong>, <strong>integridad<\/strong> y un <strong>servicio al cliente excepcional<\/strong>.<\/p><\/p>\r\n<p class=\"translation-block\"><p>El \u00e9xito de <strong>Smart Own<\/strong> proviene de la <strong>experiencia de m\u00e1s de tres d\u00e9cadas<\/strong> de nuestros astilleros en la construcci\u00f3n de embarcaciones, utilizando <strong>tecnolog\u00eda avanzada<\/strong>, <strong>ingenier\u00eda de alto nivel<\/strong>, <strong>dise\u00f1o atemporal<\/strong> y una <strong>artesan\u00eda de clase mundial<\/strong>.<\/p><\/p>\r\n<p>El \u00e9xito de Smart Own se deriva de las m\u00e1s de tres d\u00e9cadas de experiencia pr\u00f3spera de nuestros astilleros en la construcci\u00f3n de embarcaciones marinas utilizando tecnolog\u00eda avanzada, ingenier\u00eda poderosa, dise\u00f1o atemporal y artesan\u00eda de clase mundial.\u200b<\/p>\r\n<p>Desde Dubai, en los Emiratos \u00c1rabes Unidos, suministramos la familia Oryx Sports Cruisers al mundo.\u200b<\/p>\r\n<p><img loading=\"lazy\" decoding=\"async\" title=\"ORYX-379-16 a escala\" src=\"https:\/\/www.smartown.ae\/wp-content\/uploads\/2023\/10\/ORYX-379-16-scaled-1.jpg\" alt=\"ORYX-379-16 a escala\" width=\"2560\" height=\"1636\" \/><\/p>\r\n<h3>Oryx 379<\/h3>\r\n<p><img decoding=\"async\" title=\"smartown_wave_icon_blanco\" src=\"http:\/\/www.smartown.ae\/wp-content\/uploads\/2022\/04\/smartown_wave_icon_white.png\" alt=\"smartown_wave_icon_blanco\" \/><\/p>\r\n<ul>\r\n<li>2 camarotes (4 personas)<\/li>\r\n<li>Velocidad m\u00e1xima de 45 nudos<\/li>\r\n<\/ul>\r\n<p>Con un distintivo dise\u00f1o de proa casi vertical, el Oryx 379 ofrece una navegaci\u00f3n m\u00e1s suave y mayor espacio en la cabina interior. Gracias a una investigaci\u00f3n innovadora, esta obra maestra combina potencia y rendimiento con un estilo excepcional a la altura.<\/p>\r\n<p><a href=\"\/es\/orix-379\/\" target=\"_blank\" rel=\"noopener\"> Ver detalles <\/a><\/p>\r\n<h3>Oryx 36<\/h3>\r\n<p><img decoding=\"async\" title=\"smartown_wave_icon_blanco\" src=\"https:\/\/www.smartown.ae\/wp-content\/uploads\/2022\/04\/smartown_wave_icon_white.png\" alt=\"smartown_wave_icon_blanco\" \/><\/p>\r\n<ul>\r\n<li>2 camarotes (4 personas)<\/li>\r\n<li>Velocidad m\u00e1xima de 35 nudos<\/li>\r\n<\/ul>\r\n<p>La serie Oryx est\u00e1 pensada para propietarios j\u00f3venes y con estilo. Puedes elegir los colores del casco y la cubierta para reflejar tu personalidad. Porque, al fin y al cabo, el Oryx es un barco con car\u00e1cter. Elegante crucero deportivo, el Oryx 36 combina potencia con un confort excepcional. Su dise\u00f1o de cubierta principal incluye una zona de asientos en forma de L junto al piloto y en la ba\u00f1era, adem\u00e1s de un acceso f\u00e1cil a la plataforma de ba\u00f1o.<\/p>\r\n<p><a href=\"\/es\/oryx-36\/\" target=\"_blank\" rel=\"noopener\"> Ver detalles <\/a><\/p>\r\n<h3>Oryx 42<\/h3>\r\n<p><img decoding=\"async\" title=\"smartown_wave_icon_blanco\" src=\"https:\/\/www.smartown.ae\/wp-content\/uploads\/2022\/04\/smartown_wave_icon_white.png\" alt=\"smartown_wave_icon_blanco\" \/><\/p>\r\n<ul>\r\n<li>2 camarotes (4 personas)<\/li>\r\n<li>Velocidad m\u00e1xima de 34 nudos<\/li>\r\n<\/ul>\r\n<p>El Oryx 42 ha sido dise\u00f1ado para ofrecer un rendimiento \u00f3ptimo, asientos excepcionales, amplias zonas de descanso y un dise\u00f1o impactante, todo pensado para brindar una experiencia de navegaci\u00f3n inolvidable.<\/p>\r\n<p><a href=\"\/es\/orix-42\/\" target=\"_blank\" rel=\"noopener\"> Ver detalles <\/a><\/p>\r\n<h2>Precios<\/h2>\r\n<p>Le ayudamos a encontrar el barco de pasajeros o embarcaci\u00f3n especial ideal.<\/p>\r\n<p><a href=\"\/es\/contacta-con-smartown\/\" target=\"_self\" rel=\"noopener\"> \u00a1Cont\u00e1ctenos! <\/a> <img loading=\"lazy\" decoding=\"async\" title=\"H\u00c1BLANOS\" src=\"Cont\u00e1ctenos\" alt=\"H\u00c1BLANOS\" width=\"161\" height=\"162\" \/><\/p>\r\n<h3>Nuestros servicios<\/h3>\r\n<p><img decoding=\"async\" title=\"icono-personalizaci\u00f3n\" src=\"http:\/\/www.smartown.ae\/\/wp-content\/uploads\/2022\/04\/icon-customization.png\" alt=\"icono-personalizaci\u00f3n\" \/><\/p>\r\n<h3><p><a href=\"https:\/\/www.smartown.ae\/es\/servicios-de-personalizacion\/\">Personalizaci\u00f3n<\/a><br><\/h3>\r\n<p>Somos el proveedor l\u00edder de embarcaciones de pasajeros y disponemos de embarcaciones de pasajeros personalizadas a la venta. Trabajamos con uno de los principales fabricantes de embarcaciones de pasajeros del mundo para ofrecerle embarcaciones que se adapten a sus necesidades.<\/p>\r\n<p><img decoding=\"async\" title=\"icon-fast-delivery\" src=\"https:\/\/www.smartown.ae\/wp-content\/uploads\/2022\/04\/icon-fast-delivery.png\" alt=\"icon-fast-delivery\" \/><\/p>\r\n<h3>Entrega r\u00e1pida<\/h3>\r\n<p class=\"translation-block\">Todas las embarcaciones expuestas se fabrican bajo pedido y su entrega requiere entre 2 y 6 meses, dependiendo del modelo de embarcaci\u00f3n de pasajeros y de la elecci\u00f3n de los motores. Nuestras principales embarcaciones de pasajeros son: Touring 36, Touring 48 Ferry, Touring 48 Lounge.<\/p>\r\n<p><img decoding=\"async\" title=\"icono-envios-internacionales\" src=\"http:\/\/www.smartown.ae\/\/wp-content\/uploads\/2022\/04\/icon-international-shipping.png\" alt=\"icono-envios-internacionales\" \/><\/p>\r\n<h3>Env\u00edo internacional<\/h3>\r\n<p>Organizamos el env\u00edo a cualquier destino del mundo. Hemos vendido nuestras embarcaciones a los 5 continentes. No hay ning\u00fan pa\u00eds o isla al que no podamos llegar. Enviamos a \u00c1frica, Am\u00e9rica Latina, Asia, Ocean\u00eda o cualquier otro lugar.<\/p>\r\n<p><img decoding=\"async\" title=\"Dub\u00e1i-2\" src=\"http:\/\/www.smartown.ae\/wp-content\/uploads\/2022\/04\/dubai-2.jpg\" alt=\"Dub\u00e1i-2\" \/><\/p>\r\n<h3>Visite Dubai, la ciudad de los sue\u00f1os, \u00a1gratis!<\/h3>\r\n<p>Con la presencia de nuestras embarcaciones de pasajeros en todos los continentes y en m\u00e1s de 70 pa\u00edses, podemos presumir de ser l\u00edderes del mercado en el suministro de embarcaciones de pasajeros y embarcaciones utilitarias. Smart Own lleva m\u00e1s de una d\u00e9cada suministrando embarcaciones de pasajeros de primera clase a operadores de transporte acu\u00e1tico y empresas.<\/p>\r\n<p><a href=\"\/es\/contacta-con-smartown\/\" target=\"_self\" rel=\"noopener\"> Cont\u00e1ctenos <\/a><\/p>","protected":false},"excerpt":{"rendered":"<p>Sports Cruisers Inspiring Cruisers For All Budgets Smart Own Leading Exporter of Sports Cruisers to the World \u200b Smart Own caters to the needs of every boat enthusiast with a wide range of sports cruisers. We are a trusted partner in the boating industry and are renowned for our professionalism, integrity and an impeccable level [&hellip;]<\/p>\n","protected":false},"author":2,"featured_media":0,"parent":0,"menu_order":0,"comment_status":"closed","ping_status":"closed","template":"","meta":{"site-sidebar-layout":"no-sidebar","site-content-layout":"page-builder","ast-site-content-layout":"full-width-container","site-content-style":"unboxed","site-sidebar-style":"unboxed","ast-global-header-display":"","ast-banner-title-visibility":"","ast-main-header-display":"","ast-hfb-above-header-display":"","ast-hfb-below-header-display":"","ast-hfb-mobile-header-display":"","site-post-title":"disabled","ast-breadcrumbs-content":"disabled","ast-featured-img":"disabled","footer-sml-layout":"","ast-disable-related-posts":"","theme-transparent-header-meta":"default","adv-header-id-meta":"","stick-header-meta":"","header-above-stick-meta":"","header-main-stick-meta":"","header-below-stick-meta":"","astra-migrate-meta-layouts":"set","ast-page-background-enabled":"default","ast-page-background-meta":{"desktop":{"background-color":"var(--ast-global-color-4)","background-image":"","background-repeat":"repeat","background-position":"center center","background-size":"auto","background-attachment":"scroll","background-type":"","background-media":"","overlay-type":"","overlay-color":"","overlay-opacity":"","overlay-gradient":""},"tablet":{"background-color":"","background-image":"","background-repeat":"repeat","background-position":"center center","background-size":"auto","background-attachment":"scroll","background-type":"","background-media":"","overlay-type":"","overlay-color":"","overlay-opacity":"","overlay-gradient":""},"mobile":{"background-color":"","background-image":"","background-repeat":"repeat","background-position":"center center","background-size":"auto","background-attachment":"scroll","background-type":"","background-media":"","overlay-type":"","overlay-color":"","overlay-opacity":"","overlay-gradient":""}},"ast-content-background-meta":{"desktop":{"background-color":"var(--ast-global-color-5)","background-image":"","background-repeat":"repeat","background-position":"center center","background-size":"auto","background-attachment":"scroll","background-type":"","background-media":"","overlay-type":"","overlay-color":"","overlay-opacity":"","overlay-gradient":""},"tablet":{"background-color":"var(--ast-global-color-5)","background-image":"","background-repeat":"repeat","background-position":"center center","background-size":"auto","background-attachment":"scroll","background-type":"","background-media":"","overlay-type":"","overlay-color":"","overlay-opacity":"","overlay-gradient":""},"mobile":{"background-color":"var(--ast-global-color-5)","background-image":"","background-repeat":"repeat","background-position":"center center","background-size":"auto","background-attachment":"scroll","background-type":"","background-media":"","overlay-type":"","overlay-color":"","overlay-opacity":"","overlay-gradient":""}},"footnotes":""},"class_list":["post-7277","page","type-page","status-publish","hentry"],"_links":{"self":[{"href":"https:\/\/www.smartown.ae\/es\/wp-json\/wp\/v2\/pages\/7277","targetHints":{"allow":["GET"]}}],"collection":[{"href":"https:\/\/www.smartown.ae\/es\/wp-json\/wp\/v2\/pages"}],"about":[{"href":"https:\/\/www.smartown.ae\/es\/wp-json\/wp\/v2\/types\/page"}],"author":[{"embeddable":true,"href":"https:\/\/www.smartown.ae\/es\/wp-json\/wp\/v2\/users\/2"}],"replies":[{"embeddable":true,"href":"https:\/\/www.smartown.ae\/es\/wp-json\/wp\/v2\/comments?post=7277"}],"version-history":[{"count":0,"href":"https:\/\/www.smartown.ae\/es\/wp-json\/wp\/v2\/pages\/7277\/revisions"}],"wp:attachment":[{"href":"https:\/\/www.smartown.ae\/es\/wp-json\/wp\/v2\/media?parent=7277"}],"curies":[{"name":"Gracias","href":"https:\/\/api.w.org\/{rel}","templated":true}]}}