{"id":7275,"date":"2022-04-04T05:49:59","date_gmt":"2022-04-04T05:49:59","guid":{"rendered":"http:\/\/www.smartown.ae\/?page_id=7275"},"modified":"2025-07-21T18:24:24","modified_gmt":"2025-07-21T14:24:24","slug":"barcos-de-trabajo","status":"publish","type":"page","link":"https:\/\/www.smartown.ae\/es\/workboats\/","title":{"rendered":"Barcos de trabajo"},"content":{"rendered":"<h1>Nuestra selecci\u00f3n de barcos de trabajo y semirr\u00edgidos<\/h1>\r\n<p><img decoding=\"async\" title=\"smartown_wave_icon_blanco\" src=\"http:\/\/www.smartown.ae\/wp-content\/uploads\/2022\/04\/smartown_wave_icon_white.png\" alt=\"smartown_wave_icon_blanco\" \/><\/p>\r\n<h2>Embarcaciones de trabajo y semirr\u00edgidas de calidad construidas en los Emiratos \u00c1rabes Unidos seg\u00fan est\u00e1ndares de clase mundial<\/h2>\r\n<h3>Smart Own<\/h3>\r\n<h3>Principal exportador mundial de embarcaciones especiales y semirr\u00edgidas<\/h3>\r\n<p><img decoding=\"async\" title=\"smartown_wave_icon_azul\" src=\"https:\/\/www.smartown.ae\/wp-content\/uploads\/2022\/04\/smartown_wave_icon_blue.png\" alt=\"smartown_wave_icon_azul\" \/><\/p>\r\n<p>Smart Own ofrece una amplia gama de barcos de trabajo y embarcaciones semirr\u00edgidas (RIB) para satisfacer las necesidades de guardacostas, armada, ministerios, petr\u00f3leo y gas, contratistas y autoridades de puertos. Somos un socio de confianza en el sector de los barcos y se nos reconoce por nuestra profesionalidad, integridad y un impecable nivel de servicio al cliente.<\/p>\r\n<p>Todos nuestros modelos se construyen en los Emiratos \u00c1rabes Unidos seg\u00fan los est\u00e1ndares internacionales con la ayuda y experiencia de arquitectos navales alemanes y suecos. Nuestros barcos est\u00e1n construidos seg\u00fan las normas de seguridad de la USCG o pueden clasificarse como BV, DNV.GL o RINA. La personalizaci\u00f3n es fundamental para este tipo de embarcaciones y ofrecemos servicios completos de adaptaci\u00f3n a nuestros clientes.<\/p>\r\n<p>El \u00e9xito de Smart Own se deriva de las m\u00e1s de tres d\u00e9cadas de experiencia pr\u00f3spera de nuestros astilleros en la construcci\u00f3n de embarcaciones marinas utilizando tecnolog\u00eda avanzada, ingenier\u00eda poderosa, dise\u00f1o atemporal y artesan\u00eda de clase mundial.<\/p>\r\n<p>Desde Dubai, suministramos al mundo lanchas ambulancia, lanchas patrulleras y RIB fabricados en los EAU.\u200b<\/p>\r\n<h3>Coast Guard 36<\/h3>\r\n<p><img decoding=\"async\" title=\"smartown_wave_icon_blanco\" src=\"http:\/\/www.smartown.ae\/wp-content\/uploads\/2022\/04\/smartown_wave_icon_white.png\" alt=\"smartown_wave_icon_blanco\" \/><\/p>\r\n<ul>\r\n<li>11 personas (incluido el asiento del piloto)<\/li>\r\n<li>Velocidad m\u00e1xima de 40 nudos<\/li>\r\n<\/ul>\r\n<p>Un barco patrullero construido seg\u00fan los est\u00e1ndares de la Guardia Costera de EE. UU. \u201cMIC-XVA\u201d. Soporte de arma opcional y casco reforzado. Una embarcaci\u00f3n para uso diurno y nocturno y capaz de operar en estado de mar 6.<\/p>\r\n<p><a href=\"\/es\/coast-guard-36\/\" target=\"_blank\" rel=\"noopener\"> Ver detalles <\/a><\/p>\r\n<h3>Ambulance 36<\/h3>\r\n<p><img decoding=\"async\" title=\"smartown_wave_icon_blanco\" src=\"https:\/\/www.smartown.ae\/wp-content\/uploads\/2022\/04\/smartown_wave_icon_white.png\" alt=\"smartown_wave_icon_blanco\" \/><\/p>\r\n<ul>\r\n<li>1 A 2 camas de tratamiento<\/li>\r\n<li>Velocidad m\u00e1xima de 40 nudos<\/li>\r\n<\/ul>\r\n<p>Una ambulancia mar\u00edtima con un banco para tratamientos y compartimentos para botellas de ox\u00edgeno. Viene incluida con equipamiento m\u00e9dico integrado. Un barco \u00e1gil y r\u00e1pido para rescate y asistencia. Un barco de ambulancia con el prop\u00f3sito de salvar vidas.<\/p>\r\n<p><a href=\"\/es\/ambulance-36\/\" target=\"_blank\" rel=\"noopener\"> Ver detalles <\/a><\/p>\r\n<h3>Serie de embarcaciones semirr\u00edgidas (RIB)<\/h3>\r\n<p><img decoding=\"async\" title=\"smartown_wave_icon_blanco\" src=\"https:\/\/www.smartown.ae\/wp-content\/uploads\/2022\/04\/smartown_wave_icon_white.png\" alt=\"smartown_wave_icon_blanco\" \/><\/p>\r\n<ul>\r\n<li>2 a 22 personas<\/li>\r\n<li>Velocidad m\u00e1xima de 50 nudos<\/li>\r\n<\/ul>\r\n<p>Barcos inflables r\u00edgidos construidos espec\u00edficamente para organizaciones militares, puertos deportivos, operadores tur\u00edsticos y cuerpos de seguridad por su fiabilidad y alta calidad de construcci\u00f3n.<\/p>\r\n<p><a href=\"\/es\/semirrigidas\/\" target=\"_blank\" rel=\"noopener\"> Ver detalles <\/a><\/p>\r\n<h2>Precios<\/h2>\r\n<p>Le ayudamos a encontrar el barco de pasajeros o embarcaci\u00f3n especial ideal.<\/p>\r\n<p><a href=\"\/es\/contacta-con-smartown\/\" target=\"_self\" rel=\"noopener\"> \u00a1Cont\u00e1ctenos! <\/a> <img loading=\"lazy\" decoding=\"async\" title=\"H\u00c1BLANOS\" src=\"Cont\u00e1ctenos\" alt=\"H\u00c1BLANOS\" width=\"161\" height=\"162\" \/><\/p>\r\n<h3>Nuestros servicios<\/h3>\r\n<p><img decoding=\"async\" title=\"icono-personalizaci\u00f3n\" src=\"http:\/\/www.smartown.ae\/\/wp-content\/uploads\/2022\/04\/icon-customization.png\" alt=\"icono-personalizaci\u00f3n\" \/><\/p>\r\n<h3><p><a href=\"https:\/\/www.smartown.ae\/es\/servicios-de-personalizacion\/\">Personalizaci\u00f3n<\/a><br><\/h3>\r\n<p>Somos el proveedor l\u00edder de embarcaciones de pasajeros y disponemos de embarcaciones de pasajeros personalizadas a la venta. Trabajamos con uno de los principales fabricantes de embarcaciones de pasajeros del mundo para ofrecerle embarcaciones que se adapten a sus necesidades.<\/p>\r\n<p><img decoding=\"async\" title=\"icon-fast-delivery\" src=\"https:\/\/www.smartown.ae\/wp-content\/uploads\/2022\/04\/icon-fast-delivery.png\" alt=\"icon-fast-delivery\" \/><\/p>\r\n<h3>Entrega r\u00e1pida<\/h3>\r\n<p class=\"translation-block\">Todas las embarcaciones expuestas se fabrican bajo pedido y su entrega requiere entre 2 y 6 meses, dependiendo del modelo de embarcaci\u00f3n de pasajeros y de la elecci\u00f3n de los motores. Nuestras principales embarcaciones de pasajeros son: Touring 36, Touring 48 Ferry, Touring 48 Lounge.<\/p>\r\n<p><img decoding=\"async\" title=\"icono-envios-internacionales\" src=\"http:\/\/www.smartown.ae\/\/wp-content\/uploads\/2022\/04\/icon-international-shipping.png\" alt=\"icono-envios-internacionales\" \/><\/p>\r\n<h3>Env\u00edo internacional<\/h3>\r\n<p>Organizamos el env\u00edo a cualquier destino del mundo. Hemos vendido nuestras embarcaciones a los 5 continentes. No hay ning\u00fan pa\u00eds o isla al que no podamos llegar. Enviamos a \u00c1frica, Am\u00e9rica Latina, Asia, Ocean\u00eda o cualquier otro lugar.<\/p>\r\n<p><img decoding=\"async\" title=\"Dub\u00e1i-2\" src=\"http:\/\/www.smartown.ae\/wp-content\/uploads\/2022\/04\/dubai-2.jpg\" alt=\"Dub\u00e1i-2\" \/><\/p>\r\n<h3>Visite Dubai, la ciudad de los sue\u00f1os, \u00a1gratis!<\/h3>\r\n<p>Con la presencia de nuestras embarcaciones de pasajeros en todos los continentes y en m\u00e1s de 70 pa\u00edses, podemos presumir de ser l\u00edderes del mercado en el suministro de embarcaciones de pasajeros y embarcaciones utilitarias. Smart Own lleva m\u00e1s de una d\u00e9cada suministrando embarcaciones de pasajeros de primera clase a operadores de transporte acu\u00e1tico y empresas.<\/p>\r\n<p><a href=\"\/es\/contacta-con-smartown\/\" target=\"_self\" rel=\"noopener\"> Cont\u00e1ctenos <\/a><\/p>","protected":false},"excerpt":{"rendered":"<p>Our Workboats &amp; RIBs Selection Quality Workboats &amp; RIBs Built in the UAE to World Class Standards Smart Own Leading Exporter of Specialty Craft and RIBs to the World \u200b Smart Own offers a large range of workboats and rigid inflatable boats (RIB) to cater for the needs of the coast guards, navy, ministries, oil [&hellip;]<\/p>\n","protected":false},"author":2,"featured_media":0,"parent":0,"menu_order":0,"comment_status":"closed","ping_status":"closed","template":"","meta":{"site-sidebar-layout":"no-sidebar","site-content-layout":"page-builder","ast-site-content-layout":"full-width-container","site-content-style":"unboxed","site-sidebar-style":"unboxed","ast-global-header-display":"","ast-banner-title-visibility":"","ast-main-header-display":"","ast-hfb-above-header-display":"","ast-hfb-below-header-display":"","ast-hfb-mobile-header-display":"","site-post-title":"disabled","ast-breadcrumbs-content":"disabled","ast-featured-img":"disabled","footer-sml-layout":"","ast-disable-related-posts":"","theme-transparent-header-meta":"default","adv-header-id-meta":"","stick-header-meta":"","header-above-stick-meta":"","header-main-stick-meta":"","header-below-stick-meta":"","astra-migrate-meta-layouts":"set","ast-page-background-enabled":"default","ast-page-background-meta":{"desktop":{"background-color":"var(--ast-global-color-4)","background-image":"","background-repeat":"repeat","background-position":"center center","background-size":"auto","background-attachment":"scroll","background-type":"","background-media":"","overlay-type":"","overlay-color":"","overlay-opacity":"","overlay-gradient":""},"tablet":{"background-color":"","background-image":"","background-repeat":"repeat","background-position":"center center","background-size":"auto","background-attachment":"scroll","background-type":"","background-media":"","overlay-type":"","overlay-color":"","overlay-opacity":"","overlay-gradient":""},"mobile":{"background-color":"","background-image":"","background-repeat":"repeat","background-position":"center center","background-size":"auto","background-attachment":"scroll","background-type":"","background-media":"","overlay-type":"","overlay-color":"","overlay-opacity":"","overlay-gradient":""}},"ast-content-background-meta":{"desktop":{"background-color":"var(--ast-global-color-5)","background-image":"","background-repeat":"repeat","background-position":"center center","background-size":"auto","background-attachment":"scroll","background-type":"","background-media":"","overlay-type":"","overlay-color":"","overlay-opacity":"","overlay-gradient":""},"tablet":{"background-color":"var(--ast-global-color-5)","background-image":"","background-repeat":"repeat","background-position":"center center","background-size":"auto","background-attachment":"scroll","background-type":"","background-media":"","overlay-type":"","overlay-color":"","overlay-opacity":"","overlay-gradient":""},"mobile":{"background-color":"var(--ast-global-color-5)","background-image":"","background-repeat":"repeat","background-position":"center center","background-size":"auto","background-attachment":"scroll","background-type":"","background-media":"","overlay-type":"","overlay-color":"","overlay-opacity":"","overlay-gradient":""}},"footnotes":""},"class_list":["post-7275","page","type-page","status-publish","hentry"],"_links":{"self":[{"href":"https:\/\/www.smartown.ae\/es\/wp-json\/wp\/v2\/pages\/7275","targetHints":{"allow":["GET"]}}],"collection":[{"href":"https:\/\/www.smartown.ae\/es\/wp-json\/wp\/v2\/pages"}],"about":[{"href":"https:\/\/www.smartown.ae\/es\/wp-json\/wp\/v2\/types\/page"}],"author":[{"embeddable":true,"href":"https:\/\/www.smartown.ae\/es\/wp-json\/wp\/v2\/users\/2"}],"replies":[{"embeddable":true,"href":"https:\/\/www.smartown.ae\/es\/wp-json\/wp\/v2\/comments?post=7275"}],"version-history":[{"count":0,"href":"https:\/\/www.smartown.ae\/es\/wp-json\/wp\/v2\/pages\/7275\/revisions"}],"wp:attachment":[{"href":"https:\/\/www.smartown.ae\/es\/wp-json\/wp\/v2\/media?parent=7275"}],"curies":[{"name":"Gracias","href":"https:\/\/api.w.org\/{rel}","templated":true}]}}