{"id":14882,"date":"2023-07-14T16:23:45","date_gmt":"2023-07-14T12:23:45","guid":{"rendered":"https:\/\/www.smartown.ae\/?page_id=14882"},"modified":"2025-07-21T17:54:07","modified_gmt":"2025-07-21T13:54:07","slug":"coast-guard-36","status":"publish","type":"page","link":"https:\/\/www.smartown.ae\/es\/coast-guard-36-2\/","title":{"rendered":"Coast Guard 36"},"content":{"rendered":"<h1>GUARDIA COSTERA 36<\/h1>\r\n<p><img decoding=\"async\" title=\"smartown_wave_icon_blanco\" src=\"https:\/\/www.smartown.ae\/wp-content\/uploads\/2022\/04\/smartown_wave_icon_white.png\" alt=\"smartown_wave_icon_blanco\" \/><\/p>\r\n<h2>Robusto, maniobrable, r\u00e1pido y armado para mantener el orden en el mar<\/h2>\r\n<p>Dise\u00f1ado para cumplir con los rigurosos est\u00e1ndares MIC-XVA de la Guardia Costera de EE. UU., el barco patrullero Coast Guard 36 combina comodidad de lujo con un rendimiento inigualable.<\/p>\r\n<p>Perfectamente posicionado en el segmento de barcos de pasajeros de clase ejecutiva, ofrece montajes de armas opcionales y un casco reforzado para una mayor seguridad, ideal para operaciones de seguridad de alto nivel o excursiones mar\u00edtimas privadas.<\/p>\r\n<p><strong data-start=\"1536\" data-end=\"1563\">\u00bfPor qu\u00e9 elegir el Coast Guard 36?<br \/><\/strong><br data-start=\"1563\" data-end=\"1566\" \/>Como un <strong data-start=\"1573\" data-end=\"1606\">barco de pasajeros de clase ejecutiva<\/strong>El Coast Guard 36 destaca por combinar tecnolog\u00eda mar\u00edtima de vanguardia con comodidades de lujo. Clientes adinerados y empresas de seguridad privada aprecian su elegante dise\u00f1o, seguridad reforzada y capacidades de defensa opcionales, sin comprometer la comodidad ni el rendimiento de navegaci\u00f3n. Ya sea para proteger la costa de una propiedad privada o para organizar un ch\u00e1rter exclusivo, esta embarcaci\u00f3n ofrece la m\u00e1xima fiabilidad, estilo y flexibilidad operativa. <a href=\"\/wp-content\/uploads\/2023\/09\/Coast-Guard-36_ES.pdf\" target=\"_blank\" rel=\"noopener\"> Descargar cat\u00e1logo <\/a><\/p>\r\n<nav>\r\n<ul>\r\n<li tabindex=\"0\" data-index=\"0\">\r\n<h5><a tabindex=\"-1\">Especificaciones <\/a><\/h5>\r\n<\/li>\r\n<\/ul>\r\n<\/nav>\r\n<div class=\"fl-builder-content fl-builder-content-14892 fl-builder-template fl-builder-layout-template fl-builder-global-templates-locked\" data-post-id=\"14892\"><div class=\"fl-row fl-row-full-width fl-row-bg-none fl-node-vo79i1wm4acz fl-row-default-height fl-row-align-center\" data-node=\"vo79i1wm4acz\">\n\t<div class=\"fl-row-content-wrap\">\n\t\t<div class=\"uabb-row-separator uabb-top-row-separator\" >\n<\/div>\n\t\t\t\t\t\t<div class=\"fl-row-content fl-row-full-width fl-node-content\">\n\t\t\n<div class=\"fl-col-group fl-node-74be2uj5fryx\" data-node=\"74be2uj5fryx\">\n\t\t\t<div class=\"fl-col fl-node-gtoe9ijs5rnc fl-col-bg-color fl-col-small\" data-node=\"gtoe9ijs5rnc\">\n\t<div class=\"fl-col-content fl-node-content\"><div class=\"fl-module fl-module-list fl-node-s8xy3g4726lk so-list\" data-node=\"s8xy3g4726lk\">\n\t<div class=\"fl-module-content fl-node-content\">\n\t\t<ul class=\"fl-list fl-list-unordered\">\t<li class=\"fl-list-item fl-list-item-0\">\n\t\t<div class=\"fl-list-item-wrapper\">\n\t\t\t<span class=\"fl-list-item-heading\"><span class=\"fl-list-item-heading-icon fl-list-item-heading-left\"><span class=\"fl-list-item-icon\"><\/span><\/span> <span class=\"fl-list-item-heading-text\">Longitud total: &quot;sin motores&quot; 35 pies 10 pulgadas (10,90 m) <\/span><\/span>\t\t<\/div>\n\t<\/li>\n\t\t<li class=\"fl-list-item fl-list-item-1\">\n\t\t<div class=\"fl-list-item-wrapper\">\n\t\t\t<span class=\"fl-list-item-heading\"><span class=\"fl-list-item-heading-icon fl-list-item-heading-left\"><span class=\"fl-list-item-icon\"><\/span><\/span> <span class=\"fl-list-item-heading-text\">Manga: 10 pies 9 pulgadas (3,30 m) <\/span><\/span>\t\t<\/div>\n\t<\/li>\n\t\t<li class=\"fl-list-item fl-list-item-2\">\n\t\t<div class=\"fl-list-item-wrapper\">\n\t\t\t<span class=\"fl-list-item-heading\"><span class=\"fl-list-item-heading-icon fl-list-item-heading-left\"><span class=\"fl-list-item-icon\"><\/span><\/span> <span class=\"fl-list-item-heading-text\">Calado: 1 pie 9 pulgadas (0,50 m) <\/span><\/span>\t\t<\/div>\n\t<\/li>\n\t\t<li class=\"fl-list-item fl-list-item-3\">\n\t\t<div class=\"fl-list-item-wrapper\">\n\t\t\t<span class=\"fl-list-item-heading\"><span class=\"fl-list-item-heading-icon fl-list-item-heading-left\"><span class=\"fl-list-item-icon\"><\/span><\/span> <span class=\"fl-list-item-heading-text\">Material del casco: PRFV <\/span><\/span>\t\t<\/div>\n\t<\/li>\n\t\t<li class=\"fl-list-item fl-list-item-4\">\n\t\t<div class=\"fl-list-item-wrapper\">\n\t\t\t<span class=\"fl-list-item-heading\"><span class=\"fl-list-item-heading-icon fl-list-item-heading-left\"><span class=\"fl-list-item-icon\"><\/span><\/span> <span class=\"fl-list-item-heading-text\">Motores est\u00e1ndar: Yamaha fueraborda 2x250 HP <\/span><\/span>\t\t<\/div>\n\t<\/li>\n\t<\/ul>\t<\/div>\n<\/div>\n<\/div>\n<\/div>\n\t\t\t<div class=\"fl-col fl-node-uh52og3twjbe fl-col-bg-color fl-col-small\" data-node=\"uh52og3twjbe\">\n\t<div class=\"fl-col-content fl-node-content\"><div class=\"fl-module fl-module-list fl-node-7yur81nfa2w6 so-list\" data-node=\"7yur81nfa2w6\">\n\t<div class=\"fl-module-content fl-node-content\">\n\t\t<ul class=\"fl-list fl-list-unordered\">\t<li class=\"fl-list-item fl-list-item-0\">\n\t\t<div class=\"fl-list-item-wrapper\">\n\t\t\t<span class=\"fl-list-item-heading\"><span class=\"fl-list-item-heading-icon fl-list-item-heading-left\"><span class=\"fl-list-item-icon\"><\/span><\/span> <span class=\"fl-list-item-heading-text\">Velocidad m\u00e1xima: 38 nudos (con 2x250HP) 41 nudos (con 2x300HP) <\/span><\/span>\t\t<\/div>\n\t<\/li>\n\t\t<li class=\"fl-list-item fl-list-item-1\">\n\t\t<div class=\"fl-list-item-wrapper\">\n\t\t\t<span class=\"fl-list-item-heading\"><span class=\"fl-list-item-heading-icon fl-list-item-heading-left\"><span class=\"fl-list-item-icon\"><\/span><\/span> <span class=\"fl-list-item-heading-text\">Capacidad del tanque de combustible: 250 gal EE.UU. (946 l) <\/span><\/span>\t\t<\/div>\n\t<\/li>\n\t\t<li class=\"fl-list-item fl-list-item-2\">\n\t\t<div class=\"fl-list-item-wrapper\">\n\t\t\t<span class=\"fl-list-item-heading\"><span class=\"fl-list-item-heading-icon fl-list-item-heading-left\"><span class=\"fl-list-item-icon\"><\/span><\/span> <span class=\"fl-list-item-heading-text\">Capacidad del tanque de agua: 50 gal EE.UU. (184 l) <\/span><\/span>\t\t<\/div>\n\t<\/li>\n\t\t<li class=\"fl-list-item fl-list-item-3\">\n\t\t<div class=\"fl-list-item-wrapper\">\n\t\t\t<span class=\"fl-list-item-heading\"><span class=\"fl-list-item-heading-icon fl-list-item-heading-left\"><span class=\"fl-list-item-icon\"><\/span><\/span> <span class=\"fl-list-item-heading-text\">M\u00e1ximo no. N\u00famero de personas a bordo: 11 personas (incluido el asiento del piloto)<\/span><\/span>\t\t<\/div>\n\t<\/li>\n\t<\/ul>\t<\/div>\n<\/div>\n<\/div>\n<\/div>\n\t<\/div>\n\t\t<\/div>\n\t<\/div>\n<\/div>\n<\/div><div class=\"uabb-js-breakpoint\" style=\"display: none;\"><\/div>\r\n<!-- \/content --><!-- \/tabs -->\r\n<p><img decoding=\"async\" title=\"Coast Guard 36\" src=\"http:\/\/www.smartown.ae\/wp-content\/uploads\/2023\/07\/Coast-Guard-36.png\" alt=\"Coast Guard 36\" \/><\/p>\r\n<h2>Cat\u00e1logo<\/h2>\r\n<p>Para obtener m\u00e1s informaci\u00f3n, descargue el cat\u00e1logo.<\/p>\r\n<p><a href=\"\/wp-content\/uploads\/2023\/09\/Coast-Guard-36_ES.pdf\" target=\"_blank\" rel=\"noopener\"> Descargar cat\u00e1logo <\/a><\/p>\r\n<h2>Precios<\/h2>\r\n<p>Le ayudamos a encontrar el barco de pasajeros o embarcaci\u00f3n especial ideal.<\/p>\r\n<p><a href=\"\/es\/contacta-con-smartown\/\" target=\"_blank\" rel=\"noopener\"> Cont\u00e1ctenos <\/a> <img loading=\"lazy\" decoding=\"async\" title=\"H\u00c1BLANOS\" src=\"Cont\u00e1ctenos\" alt=\"H\u00c1BLANOS\" width=\"161\" height=\"162\" \/><\/p>","protected":false},"excerpt":{"rendered":"<p>COAST GUARD 36 Robust, Manoeuvrable, Fast And Armed To Maintain Order At Sea\u200b Engineered to meet rigorous U.S. Coast Guard MIC-XVA standards, the\u00a0 Coast Guard 36 patrol boat combines luxury comfort with uncompromising performance. Perfectly positioned in the business class passenger boat segment, it offers optional weapon mounts and a reinforced hull for enhanced safety-ideal [&hellip;]<\/p>\n","protected":false},"author":2,"featured_media":0,"parent":0,"menu_order":0,"comment_status":"closed","ping_status":"closed","template":"","meta":{"site-sidebar-layout":"no-sidebar","site-content-layout":"page-builder","ast-site-content-layout":"full-width-container","site-content-style":"unboxed","site-sidebar-style":"unboxed","ast-global-header-display":"","ast-banner-title-visibility":"","ast-main-header-display":"","ast-hfb-above-header-display":"","ast-hfb-below-header-display":"","ast-hfb-mobile-header-display":"","site-post-title":"disabled","ast-breadcrumbs-content":"disabled","ast-featured-img":"disabled","footer-sml-layout":"","ast-disable-related-posts":"","theme-transparent-header-meta":"default","adv-header-id-meta":"","stick-header-meta":"","header-above-stick-meta":"","header-main-stick-meta":"","header-below-stick-meta":"","astra-migrate-meta-layouts":"set","ast-page-background-enabled":"default","ast-page-background-meta":{"desktop":{"background-color":"var(--ast-global-color-4)","background-image":"","background-repeat":"repeat","background-position":"center center","background-size":"auto","background-attachment":"scroll","background-type":"","background-media":"","overlay-type":"","overlay-color":"","overlay-opacity":"","overlay-gradient":""},"tablet":{"background-color":"","background-image":"","background-repeat":"repeat","background-position":"center center","background-size":"auto","background-attachment":"scroll","background-type":"","background-media":"","overlay-type":"","overlay-color":"","overlay-opacity":"","overlay-gradient":""},"mobile":{"background-color":"","background-image":"","background-repeat":"repeat","background-position":"center center","background-size":"auto","background-attachment":"scroll","background-type":"","background-media":"","overlay-type":"","overlay-color":"","overlay-opacity":"","overlay-gradient":""}},"ast-content-background-meta":{"desktop":{"background-color":"var(--ast-global-color-5)","background-image":"","background-repeat":"repeat","background-position":"center center","background-size":"auto","background-attachment":"scroll","background-type":"","background-media":"","overlay-type":"","overlay-color":"","overlay-opacity":"","overlay-gradient":""},"tablet":{"background-color":"var(--ast-global-color-5)","background-image":"","background-repeat":"repeat","background-position":"center center","background-size":"auto","background-attachment":"scroll","background-type":"","background-media":"","overlay-type":"","overlay-color":"","overlay-opacity":"","overlay-gradient":""},"mobile":{"background-color":"var(--ast-global-color-5)","background-image":"","background-repeat":"repeat","background-position":"center center","background-size":"auto","background-attachment":"scroll","background-type":"","background-media":"","overlay-type":"","overlay-color":"","overlay-opacity":"","overlay-gradient":""}},"footnotes":""},"class_list":["post-14882","page","type-page","status-publish","hentry"],"_links":{"self":[{"href":"https:\/\/www.smartown.ae\/es\/wp-json\/wp\/v2\/pages\/14882","targetHints":{"allow":["GET"]}}],"collection":[{"href":"https:\/\/www.smartown.ae\/es\/wp-json\/wp\/v2\/pages"}],"about":[{"href":"https:\/\/www.smartown.ae\/es\/wp-json\/wp\/v2\/types\/page"}],"author":[{"embeddable":true,"href":"https:\/\/www.smartown.ae\/es\/wp-json\/wp\/v2\/users\/2"}],"replies":[{"embeddable":true,"href":"https:\/\/www.smartown.ae\/es\/wp-json\/wp\/v2\/comments?post=14882"}],"version-history":[{"count":0,"href":"https:\/\/www.smartown.ae\/es\/wp-json\/wp\/v2\/pages\/14882\/revisions"}],"wp:attachment":[{"href":"https:\/\/www.smartown.ae\/es\/wp-json\/wp\/v2\/media?parent=14882"}],"curies":[{"name":"Gracias","href":"https:\/\/api.w.org\/{rel}","templated":true}]}}