{"id":14788,"date":"2023-07-14T15:49:23","date_gmt":"2023-07-14T11:49:23","guid":{"rendered":"https:\/\/www.smartown.ae\/?page_id=14788"},"modified":"2025-10-16T13:34:52","modified_gmt":"2025-10-16T09:34:52","slug":"oryx-36","status":"publish","type":"page","link":"https:\/\/www.smartown.ae\/es\/oryx-36\/","title":{"rendered":"ORIX 36"},"content":{"rendered":"<h1>\r\n\t\t\tORIX 36\t<\/h1>\r\n\t\t\t\t<img decoding=\"async\" src=\"https:\/\/www.smartown.ae\/wp-content\/uploads\/2022\/04\/smartown_wave_icon_white.png\" alt=\"smartown_wave_icon_blanco\" title=\"smartown_wave_icon_blanco\" itemprop=\"image\"\/>\r\n\t\t<h2>El lujo deportivo se une a la comodidad pr\u00e1ctica: Oryx 36 Sports Cruiser<\/h2>\t\t\t\r\n\t<p>\u00c9l <strong>Oryx 36<\/strong> mezclas din\u00e1micas <strong>actuaci\u00f3n<\/strong> con refinado <strong>comodidad<\/strong>, lo que lo convierte en el ideal <strong>crucero deportivo<\/strong> Para familias y entusiastas de la navegaci\u00f3n que valoran <strong>versatilidad<\/strong> y <strong>estilo<\/strong>.<\/p>\r\n<p>Dise\u00f1ado con un amplio espacio <strong>Zona de asientos en forma de L<\/strong> Junto al piloto, este crucero garantiza un f\u00e1cil acceso a la <strong>cubierta de nataci\u00f3n<\/strong> y mucho espacio para relajarse o entretener a los invitados.<\/p>\r\n<p><strong>Materiales de primera calidad<\/strong>, avanzado <strong>ingenier\u00eda de casco<\/strong>y una cubierta principal personalizable te permiten reflejar tu gusto personal y hacer que cada viaje sea \u00fanico.<\/p>\r\n<p>Con dos habitaciones bien equipadas <strong>caba\u00f1as<\/strong> que puede alojar a cuatro personas, comodidades modernas y un robusto <strong>Casco de PRFV<\/strong>, el <strong>Oryx 36<\/strong> Ofrece un viaje seguro y suave, ya sea que se dirija a un d\u00eda de aventuras o a un fin de semana relajante en el agua.<\/p>\r\n<p>Si buscas a\u00fan m\u00e1s espacio y rendimiento, considera el <a href=\"https:\/\/www.smartown.ae\/es\/orix-42\/\" target=\"_blank\" rel=\"noopener\"><strong>Oryx 42<\/strong><\/a>, que combina una velocidad \u00f3ptima, asientos extraordinarios y \u00e1reas de descanso adicionales para una experiencia de crucero verdaderamente inolvidable.<\/p>\r\n\t\t\t<a href=\"\/wp-content\/uploads\/2023\/09\/Oryx-36_ES.pdf\" target=\"_blank\" rel=\"noopener\">\r\n\t\t\t\t\t\t\tDescargar cat\u00e1logo\r\n\t\t\t<\/a>\r\n\t\t<nav>\r\n\t\t\t<ul>\r\n\t\t\t\t\t\t\t\t<li data-index=\"0\" tabindex=\"0\">\r\n\t\t\t\t\t<h5>\r\n\t\t\t\t\t\t<a href=\"javascript:void(0);\" tabindex=\"-1\">Especificaciones\r\n\t\t\t\t\t\t\t\t\t\t\t\t<\/a>\r\n\t\t\t\t\t<\/h5>\r\n\t\t\t\t<\/li>\r\n\t\t\t\t\t\t\t<\/ul>\r\n\t\t<\/nav>\r\n\t\t\t\t\t<div class=\"fl-builder-content fl-builder-content-14794 fl-builder-template fl-builder-layout-template fl-builder-global-templates-locked\" data-post-id=\"14794\"><div class=\"fl-row fl-row-full-width fl-row-bg-none fl-node-iohr5sql2pc0 fl-row-default-height fl-row-align-center\" data-node=\"iohr5sql2pc0\">\n\t<div class=\"fl-row-content-wrap\">\n\t\t<div class=\"uabb-row-separator uabb-top-row-separator\" >\n<\/div>\n\t\t\t\t\t\t<div class=\"fl-row-content fl-row-full-width fl-node-content\">\n\t\t\n<div class=\"fl-col-group fl-node-p41ubldf96vs\" data-node=\"p41ubldf96vs\">\n\t\t\t<div class=\"fl-col fl-node-uqftw2c8xzyb fl-col-bg-color fl-col-small\" data-node=\"uqftw2c8xzyb\">\n\t<div class=\"fl-col-content fl-node-content\"><div class=\"fl-module fl-module-list fl-node-280o3w7yafvx so-list\" data-node=\"280o3w7yafvx\">\n\t<div class=\"fl-module-content fl-node-content\">\n\t\t<ul class=\"fl-list fl-list-unordered\">\t<li class=\"fl-list-item fl-list-item-0\">\n\t\t<div class=\"fl-list-item-wrapper\">\n\t\t\t<span class=\"fl-list-item-heading\"><span class=\"fl-list-item-heading-icon fl-list-item-heading-left\"><span class=\"fl-list-item-icon\"><\/span><\/span> <span class=\"fl-list-item-heading-text\">Longitud total: &quot;sin motores&quot; 36 pies 8 pulgadas (11,22 m) <\/span><\/span>\t\t<\/div>\n\t<\/li>\n\t\t<li class=\"fl-list-item fl-list-item-1\">\n\t\t<div class=\"fl-list-item-wrapper\">\n\t\t\t<span class=\"fl-list-item-heading\"><span class=\"fl-list-item-heading-icon fl-list-item-heading-left\"><span class=\"fl-list-item-icon\"><\/span><\/span> <span class=\"fl-list-item-heading-text\">Manga: 11 pies 6 pulgadas (3,50 m) <\/span><\/span>\t\t<\/div>\n\t<\/li>\n\t\t<li class=\"fl-list-item fl-list-item-2\">\n\t\t<div class=\"fl-list-item-wrapper\">\n\t\t\t<span class=\"fl-list-item-heading\"><span class=\"fl-list-item-heading-icon fl-list-item-heading-left\"><span class=\"fl-list-item-icon\"><\/span><\/span> <span class=\"fl-list-item-heading-text\">Calado: 2 pies (0,60 m) <\/span><\/span>\t\t<\/div>\n\t<\/li>\n\t\t<li class=\"fl-list-item fl-list-item-3\">\n\t\t<div class=\"fl-list-item-wrapper\">\n\t\t\t<span class=\"fl-list-item-heading\"><span class=\"fl-list-item-heading-icon fl-list-item-heading-left\"><span class=\"fl-list-item-icon\"><\/span><\/span> <span class=\"fl-list-item-heading-text\">Material del casco: PRFV <\/span><\/span>\t\t<\/div>\n\t<\/li>\n\t\t<li class=\"fl-list-item fl-list-item-4\">\n\t\t<div class=\"fl-list-item-wrapper\">\n\t\t\t<span class=\"fl-list-item-heading\"><span class=\"fl-list-item-heading-icon fl-list-item-heading-left\"><span class=\"fl-list-item-icon\"><\/span><\/span> <span class=\"fl-list-item-heading-text\">Cabeza: 1 <\/span><\/span>\t\t<\/div>\n\t<\/li>\n\t<\/ul>\t<\/div>\n<\/div>\n<\/div>\n<\/div>\n\t\t\t<div class=\"fl-col fl-node-7lu8rn5aw4m0 fl-col-bg-color fl-col-small\" data-node=\"7lu8rn5aw4m0\">\n\t<div class=\"fl-col-content fl-node-content\"><div class=\"fl-module fl-module-list fl-node-obwir1dfn5yc so-list\" data-node=\"obwir1dfn5yc\">\n\t<div class=\"fl-module-content fl-node-content\">\n\t\t<ul class=\"fl-list fl-list-unordered\">\t<li class=\"fl-list-item fl-list-item-0\">\n\t\t<div class=\"fl-list-item-wrapper\">\n\t\t\t<span class=\"fl-list-item-heading\"><span class=\"fl-list-item-heading-icon fl-list-item-heading-left\"><span class=\"fl-list-item-icon\"><\/span><\/span> <span class=\"fl-list-item-heading-text\">HP m\u00e1ximo: recomendado 700 hp (522 kW) <\/span><\/span>\t\t<\/div>\n\t<\/li>\n\t\t<li class=\"fl-list-item fl-list-item-1\">\n\t\t<div class=\"fl-list-item-wrapper\">\n\t\t\t<span class=\"fl-list-item-heading\"><span class=\"fl-list-item-heading-icon fl-list-item-heading-left\"><span class=\"fl-list-item-icon\"><\/span><\/span> <span class=\"fl-list-item-heading-text\">Capacidad del tanque de combustible: 200 gal EE.UU. (760 l) <\/span><\/span>\t\t<\/div>\n\t<\/li>\n\t\t<li class=\"fl-list-item fl-list-item-2\">\n\t\t<div class=\"fl-list-item-wrapper\">\n\t\t\t<span class=\"fl-list-item-heading\"><span class=\"fl-list-item-heading-icon fl-list-item-heading-left\"><span class=\"fl-list-item-icon\"><\/span><\/span> <span class=\"fl-list-item-heading-text\">Capacidad del tanque de agua: 40 gal EE.UU. (150 l) <\/span><\/span>\t\t<\/div>\n\t<\/li>\n\t\t<li class=\"fl-list-item fl-list-item-3\">\n\t\t<div class=\"fl-list-item-wrapper\">\n\t\t\t<span class=\"fl-list-item-heading\"><span class=\"fl-list-item-heading-icon fl-list-item-heading-left\"><span class=\"fl-list-item-icon\"><\/span><\/span> <span class=\"fl-list-item-heading-text\">Alojamiento: Camarote del propietario (2 literas) Camarote de invitados (2 literas)<\/span><\/span>\t\t<\/div>\n\t<\/li>\n\t<\/ul>\t<\/div>\n<\/div>\n<\/div>\n<\/div>\n\t<\/div>\n\t\t<\/div>\n\t<\/div>\n<\/div>\n<\/div><div class=\"uabb-js-breakpoint\" style=\"display: none;\"><\/div>\t\t\t\t\r\n\t\t\t\t\t<!-- \/content -->\r\n\t<!-- \/tabs -->\r\n\t\t\t\t<img decoding=\"async\" src=\"http:\/\/www.smartown.ae\/wp-content\/uploads\/2023\/10\/new-image-1.png\" alt=\"nueva-imagen-1\" itemprop=\"image\" title=\"nueva-imagen-1\" onerror=\"this.style.display='none'\" loading='lazy' \/>\r\n\t\t\t\t<img decoding=\"async\" src=\"http:\/\/www.smartown.ae\/wp-content\/uploads\/2023\/10\/new-image-2.png\" alt=\"nueva-imagen-2\" itemprop=\"image\" title=\"nueva-imagen-2\" onerror=\"this.style.display='none'\" loading='lazy' \/>\r\n<h2>\r\n\t\t\tCat\u00e1logo\t<\/h2>\r\n\t<p>Para obtener m\u00e1s informaci\u00f3n, descargue el cat\u00e1logo.<\/p>\r\n\t\t\t<a href=\"\/wp-content\/uploads\/2023\/09\/Oryx-36_ES.pdf\" target=\"_blank\" rel=\"noopener\">\r\n\t\t\t\t\t\t\tDescargar cat\u00e1logo\r\n\t\t\t<\/a>\r\n<h2>\r\n\t\t\tPrecios\t<\/h2>\r\n\t<p>Le ayudamos a encontrar el barco de pasajeros o embarcaci\u00f3n especial ideal.<\/p>\r\n\t\t\t<a href=\"\/es\/contacta-con-smartown\/\" target=\"_blank\" rel=\"noopener\">\r\n\t\t\t\t\t\t\tCont\u00e1ctenos\r\n\t\t\t<\/a>\r\n\t\t\t\t<img decoding=\"async\" src=\"Cont\u00e1ctenos\" alt=\"H\u00c1BLANOS\" itemprop=\"image\" height=\"162\" width=\"161\" title=\"H\u00c1BLANOS\" onerror=\"this.style.display='none'\" loading='lazy' \/>\r\n<h3>\r\n\t\t\tCruceros deportivos similares \t<\/h3>\r\n\t<a href=\"https:\/\/www.smartown.ae\/es\/orix-42\/\" target=\"_self\"  aria-label=\"Vaya a https:\/\/www.smarttown.ae\/oryx-42\/\"><\/a>\r\n\t\t\t\t<img decoding=\"async\" src=\"http:\/\/www.smartown.ae\/wp-content\/uploads\/2023\/07\/ORYX-42-20-scaled.jpg\" alt=\"ORIX 42\" title=\"ORIX 42\" itemprop=\"image\"\/>\r\n\t\t<h4>ORIX 42<\/h4>\t\t\t\r\n\t<a href=\"https:\/\/www.smartown.ae\/es\/orix-379\/\" target=\"_self\"  aria-label=\"Vaya a https:\/\/www.smarttown.ae\/oryx-379\/\"><\/a>\r\n\t\t\t\t<img decoding=\"async\" src=\"http:\/\/www.smartown.ae\/wp-content\/uploads\/2023\/07\/ORYX-379-16-scaled.jpg\" alt=\"ORIX 379\" title=\"ORIX 379\" itemprop=\"image\"\/>\r\n\t\t<h4>ORIX 379<\/h4>","protected":false},"excerpt":{"rendered":"<p>ORYX 36 Sporty Luxury Meets Practical Comfort: Oryx 36 Sports Cruiser The Oryx 36 blends dynamic performance with refined comfort, making it the ideal sports cruiser for families and boating enthusiasts who value versatility and style. Designed with a spacious L-shaped seating area next to the pilot, this cruiser ensures easy access to the swim [&hellip;]<\/p>\n","protected":false},"author":2,"featured_media":0,"parent":0,"menu_order":0,"comment_status":"closed","ping_status":"closed","template":"","meta":{"site-sidebar-layout":"no-sidebar","site-content-layout":"page-builder","ast-site-content-layout":"full-width-container","site-content-style":"unboxed","site-sidebar-style":"unboxed","ast-global-header-display":"","ast-banner-title-visibility":"","ast-main-header-display":"","ast-hfb-above-header-display":"","ast-hfb-below-header-display":"","ast-hfb-mobile-header-display":"","site-post-title":"disabled","ast-breadcrumbs-content":"disabled","ast-featured-img":"disabled","footer-sml-layout":"","ast-disable-related-posts":"","theme-transparent-header-meta":"default","adv-header-id-meta":"","stick-header-meta":"","header-above-stick-meta":"","header-main-stick-meta":"","header-below-stick-meta":"","astra-migrate-meta-layouts":"set","ast-page-background-enabled":"default","ast-page-background-meta":{"desktop":{"background-color":"var(--ast-global-color-4)","background-image":"","background-repeat":"repeat","background-position":"center center","background-size":"auto","background-attachment":"scroll","background-type":"","background-media":"","overlay-type":"","overlay-color":"","overlay-opacity":"","overlay-gradient":""},"tablet":{"background-color":"","background-image":"","background-repeat":"repeat","background-position":"center center","background-size":"auto","background-attachment":"scroll","background-type":"","background-media":"","overlay-type":"","overlay-color":"","overlay-opacity":"","overlay-gradient":""},"mobile":{"background-color":"","background-image":"","background-repeat":"repeat","background-position":"center center","background-size":"auto","background-attachment":"scroll","background-type":"","background-media":"","overlay-type":"","overlay-color":"","overlay-opacity":"","overlay-gradient":""}},"ast-content-background-meta":{"desktop":{"background-color":"var(--ast-global-color-5)","background-image":"","background-repeat":"repeat","background-position":"center center","background-size":"auto","background-attachment":"scroll","background-type":"","background-media":"","overlay-type":"","overlay-color":"","overlay-opacity":"","overlay-gradient":""},"tablet":{"background-color":"var(--ast-global-color-5)","background-image":"","background-repeat":"repeat","background-position":"center center","background-size":"auto","background-attachment":"scroll","background-type":"","background-media":"","overlay-type":"","overlay-color":"","overlay-opacity":"","overlay-gradient":""},"mobile":{"background-color":"var(--ast-global-color-5)","background-image":"","background-repeat":"repeat","background-position":"center center","background-size":"auto","background-attachment":"scroll","background-type":"","background-media":"","overlay-type":"","overlay-color":"","overlay-opacity":"","overlay-gradient":""}},"footnotes":""},"class_list":["post-14788","page","type-page","status-publish","hentry"],"_links":{"self":[{"href":"https:\/\/www.smartown.ae\/es\/wp-json\/wp\/v2\/pages\/14788","targetHints":{"allow":["GET"]}}],"collection":[{"href":"https:\/\/www.smartown.ae\/es\/wp-json\/wp\/v2\/pages"}],"about":[{"href":"https:\/\/www.smartown.ae\/es\/wp-json\/wp\/v2\/types\/page"}],"author":[{"embeddable":true,"href":"https:\/\/www.smartown.ae\/es\/wp-json\/wp\/v2\/users\/2"}],"replies":[{"embeddable":true,"href":"https:\/\/www.smartown.ae\/es\/wp-json\/wp\/v2\/comments?post=14788"}],"version-history":[{"count":0,"href":"https:\/\/www.smartown.ae\/es\/wp-json\/wp\/v2\/pages\/14788\/revisions"}],"wp:attachment":[{"href":"https:\/\/www.smartown.ae\/es\/wp-json\/wp\/v2\/media?parent=14788"}],"curies":[{"name":"Gracias","href":"https:\/\/api.w.org\/{rel}","templated":true}]}}