{"id":14605,"date":"2023-07-14T14:01:19","date_gmt":"2023-07-14T10:01:19","guid":{"rendered":"https:\/\/www.smartown.ae\/?page_id=14605"},"modified":"2025-03-31T11:23:03","modified_gmt":"2025-03-31T07:23:03","slug":"silvercat-40cc","status":"publish","type":"page","link":"https:\/\/www.smartown.ae\/es\/silvercat-40cc\/","title":{"rendered":"PlataCat 40CC"},"content":{"rendered":"<h1>SilverCat 40CC\u200b<\/h1>\r\n<p><img decoding=\"async\" title=\"smartown_wave_icon_blanco\" src=\"https:\/\/www.smartown.ae\/wp-content\/uploads\/2022\/04\/smartown_wave_icon_white.png\" alt=\"smartown_wave_icon_blanco\" \/><\/p>\r\n<h2>Ve lejos y ad\u00e9ntrate en el mar. Esa es la confianza del casco del catamar\u00e1n de 40 pies<\/h2>\r\n<p>Siguiendo los pasos del exitoso SilverCat 34CC, el multicasco mide 40 pies desde la punta hasta la cola pero tiene un desplazamiento de s\u00f3lo 7,9 toneladas. Puede alojar hasta 12 marinos.<\/p>\r\n<p><a href=\"\/wp-content\/uploads\/2023\/09\/SilverCat-40CC_ES.pdf\" target=\"_blank\" rel=\"noopener\"> Descargar cat\u00e1logo <\/a><\/p>\r\n<nav>\r\n<ul>\r\n<li data-index=\"0\">\r\n<h5><a>Especificaciones <\/a><\/h5>\r\n<\/li>\r\n<\/ul>\r\n<\/nav>\r\n<div class=\"fl-builder-content fl-builder-content-14707 fl-builder-template fl-builder-layout-template fl-builder-global-templates-locked\" data-post-id=\"14707\"><div class=\"fl-row fl-row-full-width fl-row-bg-none fl-node-rj6keyd4zq12 fl-row-default-height fl-row-align-center\" data-node=\"rj6keyd4zq12\">\n\t<div class=\"fl-row-content-wrap\">\n\t\t<div class=\"uabb-row-separator uabb-top-row-separator\" >\n<\/div>\n\t\t\t\t\t\t<div class=\"fl-row-content fl-row-full-width fl-node-content\">\n\t\t\n<div class=\"fl-col-group fl-node-9rfznudowb6t\" data-node=\"9rfznudowb6t\">\n\t\t\t<div class=\"fl-col fl-node-ueyfsdrqocw3 fl-col-bg-color fl-col-small\" data-node=\"ueyfsdrqocw3\">\n\t<div class=\"fl-col-content fl-node-content\"><div class=\"fl-module fl-module-list fl-node-cosr4w7tl5va so-list\" data-node=\"cosr4w7tl5va\">\n\t<div class=\"fl-module-content fl-node-content\">\n\t\t<ul class=\"fl-list fl-list-unordered\">\t<li class=\"fl-list-item fl-list-item-0\">\n\t\t<div class=\"fl-list-item-wrapper\">\n\t\t\t<span class=\"fl-list-item-heading\"><span class=\"fl-list-item-heading-icon fl-list-item-heading-left\"><span class=\"fl-list-item-icon\"><\/span><\/span> <span class=\"fl-list-item-heading-text\">Longitud total: &quot;con motores&quot; 40 pies (12,20 m) <\/span><\/span>\t\t<\/div>\n\t<\/li>\n\t\t<li class=\"fl-list-item fl-list-item-1\">\n\t\t<div class=\"fl-list-item-wrapper\">\n\t\t\t<span class=\"fl-list-item-heading\"><span class=\"fl-list-item-heading-icon fl-list-item-heading-left\"><span class=\"fl-list-item-icon\"><\/span><\/span> <span class=\"fl-list-item-heading-text\">Manga: 13 pies 7 pulgadas (4,13 m) <\/span><\/span>\t\t<\/div>\n\t<\/li>\n\t\t<li class=\"fl-list-item fl-list-item-2\">\n\t\t<div class=\"fl-list-item-wrapper\">\n\t\t\t<span class=\"fl-list-item-heading\"><span class=\"fl-list-item-heading-icon fl-list-item-heading-left\"><span class=\"fl-list-item-icon\"><\/span><\/span> <span class=\"fl-list-item-heading-text\">Calado: 1 pie 4 pulgadas (0,40 m) <\/span><\/span>\t\t<\/div>\n\t<\/li>\n\t\t<li class=\"fl-list-item fl-list-item-3\">\n\t\t<div class=\"fl-list-item-wrapper\">\n\t\t\t<span class=\"fl-list-item-heading\"><span class=\"fl-list-item-heading-icon fl-list-item-heading-left\"><span class=\"fl-list-item-icon\"><\/span><\/span> <span class=\"fl-list-item-heading-text\">Tipo de casco: Catamar\u00e1n de doble casco <\/span><\/span>\t\t<\/div>\n\t<\/li>\n\t\t<li class=\"fl-list-item fl-list-item-4\">\n\t\t<div class=\"fl-list-item-wrapper\">\n\t\t\t<span class=\"fl-list-item-heading\"><span class=\"fl-list-item-heading-icon fl-list-item-heading-left\"><span class=\"fl-list-item-icon\"><\/span><\/span> <span class=\"fl-list-item-heading-text\">Material del casco: PRFV <\/span><\/span>\t\t<\/div>\n\t<\/li>\n\t<\/ul>\t<\/div>\n<\/div>\n<\/div>\n<\/div>\n\t\t\t<div class=\"fl-col fl-node-e1umvh63dfpw fl-col-bg-color fl-col-small\" data-node=\"e1umvh63dfpw\">\n\t<div class=\"fl-col-content fl-node-content\"><div class=\"fl-module fl-module-list fl-node-peyij2ncsmkr so-list\" data-node=\"peyij2ncsmkr\">\n\t<div class=\"fl-module-content fl-node-content\">\n\t\t<ul class=\"fl-list fl-list-unordered\">\t<li class=\"fl-list-item fl-list-item-0\">\n\t\t<div class=\"fl-list-item-wrapper\">\n\t\t\t<span class=\"fl-list-item-heading\"><span class=\"fl-list-item-heading-icon fl-list-item-heading-left\"><span class=\"fl-list-item-icon\"><\/span><\/span> <span class=\"fl-list-item-heading-text\">Desplazamiento: 7,9 toneladas <\/span><\/span>\t\t<\/div>\n\t<\/li>\n\t\t<li class=\"fl-list-item fl-list-item-1\">\n\t\t<div class=\"fl-list-item-wrapper\">\n\t\t\t<span class=\"fl-list-item-heading\"><span class=\"fl-list-item-heading-icon fl-list-item-heading-left\"><span class=\"fl-list-item-icon\"><\/span><\/span> <span class=\"fl-list-item-heading-text\">HP m\u00e1ximo: recomendado 1200 hp (883 kW) <\/span><\/span>\t\t<\/div>\n\t<\/li>\n\t\t<li class=\"fl-list-item fl-list-item-2\">\n\t\t<div class=\"fl-list-item-wrapper\">\n\t\t\t<span class=\"fl-list-item-heading\"><span class=\"fl-list-item-heading-icon fl-list-item-heading-left\"><span class=\"fl-list-item-icon\"><\/span><\/span> <span class=\"fl-list-item-heading-text\">Capacidad del tanque de combustible: 600 gal EE.UU. (2271 l) <\/span><\/span>\t\t<\/div>\n\t<\/li>\n\t\t<li class=\"fl-list-item fl-list-item-3\">\n\t\t<div class=\"fl-list-item-wrapper\">\n\t\t\t<span class=\"fl-list-item-heading\"><span class=\"fl-list-item-heading-icon fl-list-item-heading-left\"><span class=\"fl-list-item-icon\"><\/span><\/span> <span class=\"fl-list-item-heading-text\">Capacidad del tanque de agua: 75 gal EE.UU. (283 l) <\/span><\/span>\t\t<\/div>\n\t<\/li>\n\t\t<li class=\"fl-list-item fl-list-item-4\">\n\t\t<div class=\"fl-list-item-wrapper\">\n\t\t\t<span class=\"fl-list-item-heading\"><span class=\"fl-list-item-heading-icon fl-list-item-heading-left\"><span class=\"fl-list-item-icon\"><\/span><\/span> <span class=\"fl-list-item-heading-text\">M\u00e1ximo no. de personas a bordo: 12 personas (est\u00e1ndar) 16 personas (opcional)<\/span><\/span>\t\t<\/div>\n\t<\/li>\n\t<\/ul>\t<\/div>\n<\/div>\n<\/div>\n<\/div>\n\t<\/div>\n\t\t<\/div>\n\t<\/div>\n<\/div>\n<\/div><div class=\"uabb-js-breakpoint\" style=\"display: none;\"><\/div>\r\n<!-- \/content --><!-- \/tabs -->\r\n<p><img decoding=\"async\" title=\"SilverCat-40CC-nuevo\" src=\"http:\/\/www.smartown.ae\/wp-content\/uploads\/2023\/10\/SilverCat-40CC-new.png\" alt=\"SilverCat-40CC-nuevo\" \/><\/p>\r\n<h2>Cat\u00e1logo<\/h2>\r\n<p>Para obtener m\u00e1s informaci\u00f3n, descargue el cat\u00e1logo.<\/p>\r\n<p><a href=\"\/wp-content\/uploads\/2023\/09\/SilverCat-40CC_ES.pdf\" target=\"_blank\" rel=\"noopener\"> Descargar cat\u00e1logo <\/a><\/p>\r\n<h2>Precios<\/h2>\r\n<p>Le ayudamos a encontrar el barco de pasajeros o embarcaci\u00f3n especial ideal.<\/p>\r\n<p><a href=\"\/es\/contacta-con-smartown\/\" target=\"_blank\" rel=\"noopener\"> Cont\u00e1ctenos <\/a> <img loading=\"lazy\" decoding=\"async\" title=\"H\u00c1BLANOS\" src=\"Cont\u00e1ctenos\" alt=\"H\u00c1BLANOS\" width=\"161\" height=\"162\" \/><\/p>\r\n<h3>Barcos de pesca similares<\/h3>\r\n<p><img decoding=\"async\" title=\"SILVERCAT 34CC (1)\" src=\"https:\/\/www.smartown.ae\/wp-content\/uploads\/2023\/07\/SILVERCAT-34CC-1-2-scaled.jpg\" alt=\"SILVERCAT 34CC (1)\" \/><\/p>\r\n<h4>SilverCat 34CC<\/h4>\r\n<p><img decoding=\"async\" title=\"PlataCat 40Lux (1)\" src=\"https:\/\/www.smartown.ae\/wp-content\/uploads\/2023\/07\/SilverCat-40Lux-1-2-scaled.jpg\" alt=\"PlataCat 40Lux (1)\" \/><\/p>\r\n<h4>PlataCat 40Lux<\/h4>\r\n<p><img decoding=\"async\" title=\"SILVERCAT 34HT (1)\" src=\"https:\/\/www.smartown.ae\/wp-content\/uploads\/2023\/07\/SILVERCAT-34HT-1.jpg\" alt=\"SILVERCAT 34HT (1)\" \/><\/p>\r\n<h4>SilverCat 34HT<\/h4>","protected":false},"excerpt":{"rendered":"<p>SilverCat 40CC\u200b Go Far And Go Deep Into The Sea. That&#8217;s The Confidence Of The 40ft Catamaran Hull\u200b Following in the footsteps of the successful SilverCat 34CC, the multihull measures 40 feet from tip to tail yet has a displacement of only 7.9 tons. She can accommodate up to 12 seafarers. Download Catalog Specifications Catalog [&hellip;]<\/p>\n","protected":false},"author":2,"featured_media":0,"parent":0,"menu_order":0,"comment_status":"closed","ping_status":"closed","template":"","meta":{"site-sidebar-layout":"no-sidebar","site-content-layout":"page-builder","ast-site-content-layout":"full-width-container","site-content-style":"unboxed","site-sidebar-style":"unboxed","ast-global-header-display":"","ast-banner-title-visibility":"","ast-main-header-display":"","ast-hfb-above-header-display":"","ast-hfb-below-header-display":"","ast-hfb-mobile-header-display":"","site-post-title":"disabled","ast-breadcrumbs-content":"disabled","ast-featured-img":"disabled","footer-sml-layout":"","ast-disable-related-posts":"","theme-transparent-header-meta":"default","adv-header-id-meta":"","stick-header-meta":"","header-above-stick-meta":"","header-main-stick-meta":"","header-below-stick-meta":"","astra-migrate-meta-layouts":"set","ast-page-background-enabled":"default","ast-page-background-meta":{"desktop":{"background-color":"var(--ast-global-color-4)","background-image":"","background-repeat":"repeat","background-position":"center center","background-size":"auto","background-attachment":"scroll","background-type":"","background-media":"","overlay-type":"","overlay-color":"","overlay-opacity":"","overlay-gradient":""},"tablet":{"background-color":"","background-image":"","background-repeat":"repeat","background-position":"center center","background-size":"auto","background-attachment":"scroll","background-type":"","background-media":"","overlay-type":"","overlay-color":"","overlay-opacity":"","overlay-gradient":""},"mobile":{"background-color":"","background-image":"","background-repeat":"repeat","background-position":"center center","background-size":"auto","background-attachment":"scroll","background-type":"","background-media":"","overlay-type":"","overlay-color":"","overlay-opacity":"","overlay-gradient":""}},"ast-content-background-meta":{"desktop":{"background-color":"var(--ast-global-color-5)","background-image":"","background-repeat":"repeat","background-position":"center center","background-size":"auto","background-attachment":"scroll","background-type":"","background-media":"","overlay-type":"","overlay-color":"","overlay-opacity":"","overlay-gradient":""},"tablet":{"background-color":"var(--ast-global-color-5)","background-image":"","background-repeat":"repeat","background-position":"center center","background-size":"auto","background-attachment":"scroll","background-type":"","background-media":"","overlay-type":"","overlay-color":"","overlay-opacity":"","overlay-gradient":""},"mobile":{"background-color":"var(--ast-global-color-5)","background-image":"","background-repeat":"repeat","background-position":"center center","background-size":"auto","background-attachment":"scroll","background-type":"","background-media":"","overlay-type":"","overlay-color":"","overlay-opacity":"","overlay-gradient":""}},"footnotes":""},"class_list":["post-14605","page","type-page","status-publish","hentry"],"_links":{"self":[{"href":"https:\/\/www.smartown.ae\/es\/wp-json\/wp\/v2\/pages\/14605","targetHints":{"allow":["GET"]}}],"collection":[{"href":"https:\/\/www.smartown.ae\/es\/wp-json\/wp\/v2\/pages"}],"about":[{"href":"https:\/\/www.smartown.ae\/es\/wp-json\/wp\/v2\/types\/page"}],"author":[{"embeddable":true,"href":"https:\/\/www.smartown.ae\/es\/wp-json\/wp\/v2\/users\/2"}],"replies":[{"embeddable":true,"href":"https:\/\/www.smartown.ae\/es\/wp-json\/wp\/v2\/comments?post=14605"}],"version-history":[{"count":0,"href":"https:\/\/www.smartown.ae\/es\/wp-json\/wp\/v2\/pages\/14605\/revisions"}],"wp:attachment":[{"href":"https:\/\/www.smartown.ae\/es\/wp-json\/wp\/v2\/media?parent=14605"}],"curies":[{"name":"Gracias","href":"https:\/\/api.w.org\/{rel}","templated":true}]}}