{"id":14531,"date":"2023-07-14T13:35:55","date_gmt":"2023-07-14T09:35:55","guid":{"rendered":"https:\/\/www.smartown.ae\/?page_id=14531"},"modified":"2025-11-06T19:05:18","modified_gmt":"2025-11-06T15:05:18","slug":"silvercat-36-cc","status":"publish","type":"page","link":"https:\/\/www.smartown.ae\/es\/silver-craft-36-cc\/","title":{"rendered":"Artesan\u00eda de Plata 36 CC"},"content":{"rendered":"<h1>\n\t\t\tSilverCraft 36CC\t<\/h1>\n\t\t\t\t<img decoding=\"async\" src=\"https:\/\/www.smartown.ae\/wp-content\/uploads\/2022\/04\/smartown_wave_icon_white.png\" alt=\"smartown_wave_icon_blanco\" title=\"smartown_wave_icon_blanco\" itemprop=\"image\"\/>\n\t\t<h2>Una consola central robusta para una embarcaci\u00f3n multifuncional<\/h2>\t\t\t\n\tEsta embarcaci\u00f3n de gran versatilidad puede ser disfrutada por toda la familia. Se trata de un resistente y polivalente barco camarote con capacidad para 14 personas en una amplia zona de asientos.<br \/>\nSu distribuci\u00f3n general est\u00e1 pensada para adaptarse tanto a actividades l\u00fadicas como deportivas y ofrece una gran experiencia n\u00e1utica en familia. Con sus cuatro ca\u00f1as en cubierta y cinco soportes en el tee de aluminio, la embarcaci\u00f3n de 36 CC es perfecta para los fan\u00e1ticos del deporte.\n\t\t\t<a href=\"\/wp-content\/uploads\/2023\/09\/Silver-Craft-36CC_ES.pdf\" target=\"_blank\" rel=\"noopener\">\n\t\t\t\t\t\t\tDescargar cat\u00e1logo\n\t\t\t<\/a>\n\t\t<nav>\n\t\t\t<ul>\n\t\t\t\t\t\t\t\t<li data-index=\"0\" tabindex=\"0\">\n\t\t\t\t\t<h5>\n\t\t\t\t\t\t<a href=\"javascript:void(0);\" tabindex=\"-1\">Especificaciones\n\t\t\t\t\t\t\t\t\t\t\t\t<\/a>\n\t\t\t\t\t<\/h5>\n\t\t\t\t<\/li>\n\t\t\t\t\t\t\t<\/ul>\n\t\t<\/nav>\n\t\t\t\t\t<div class=\"fl-builder-content fl-builder-content-14533 fl-builder-template fl-builder-layout-template fl-builder-global-templates-locked\" data-post-id=\"14533\"><div class=\"fl-row fl-row-full-width fl-row-bg-none fl-node-opafe6b35xzm fl-row-default-height fl-row-align-center\" data-node=\"opafe6b35xzm\">\n\t<div class=\"fl-row-content-wrap\">\n\t\t<div class=\"uabb-row-separator uabb-top-row-separator\" >\n<\/div>\n\t\t\t\t\t\t<div class=\"fl-row-content fl-row-full-width fl-node-content\">\n\t\t\n<div class=\"fl-col-group fl-node-uo3jw8l7zknd\" data-node=\"uo3jw8l7zknd\">\n\t\t\t<div class=\"fl-col fl-node-471mf8cyaujr fl-col-bg-color fl-col-small\" data-node=\"471mf8cyaujr\">\n\t<div class=\"fl-col-content fl-node-content\"><div class=\"fl-module fl-module-list fl-node-wuv8qn5tmhz1 so-list\" data-node=\"wuv8qn5tmhz1\">\n\t<div class=\"fl-module-content fl-node-content\">\n\t\t<ul class=\"fl-list fl-list-unordered\">\t<li class=\"fl-list-item fl-list-item-0\">\n\t\t<div class=\"fl-list-item-wrapper\">\n\t\t\t<span class=\"fl-list-item-heading\"><span class=\"fl-list-item-heading-icon fl-list-item-heading-left\"><span class=\"fl-list-item-icon\"><\/span><\/span> <span class=\"fl-list-item-heading-text\">Longitud total: &quot;sin motores&quot; 35 pies 9 pulgadas (10,90 m) <\/span><\/span>\t\t<\/div>\n\t<\/li>\n\t\t<li class=\"fl-list-item fl-list-item-1\">\n\t\t<div class=\"fl-list-item-wrapper\">\n\t\t\t<span class=\"fl-list-item-heading\"><span class=\"fl-list-item-heading-icon fl-list-item-heading-left\"><span class=\"fl-list-item-icon\"><\/span><\/span> <span class=\"fl-list-item-heading-text\">Manga: 10 pies 10 pulgadas (3,30 m) <\/span><\/span>\t\t<\/div>\n\t<\/li>\n\t\t<li class=\"fl-list-item fl-list-item-2\">\n\t\t<div class=\"fl-list-item-wrapper\">\n\t\t\t<span class=\"fl-list-item-heading\"><span class=\"fl-list-item-heading-icon fl-list-item-heading-left\"><span class=\"fl-list-item-icon\"><\/span><\/span> <span class=\"fl-list-item-heading-text\">Calado: 1 pie 8 pulgadas (0,55 m) <\/span><\/span>\t\t<\/div>\n\t<\/li>\n\t\t<li class=\"fl-list-item fl-list-item-3\">\n\t\t<div class=\"fl-list-item-wrapper\">\n\t\t\t<span class=\"fl-list-item-heading\"><span class=\"fl-list-item-heading-icon fl-list-item-heading-left\"><span class=\"fl-list-item-icon\"><\/span><\/span> <span class=\"fl-list-item-heading-text\">Material del casco: PRFV <\/span><\/span>\t\t<\/div>\n\t<\/li>\n\t\t<li class=\"fl-list-item fl-list-item-4\">\n\t\t<div class=\"fl-list-item-wrapper\">\n\t\t\t<span class=\"fl-list-item-heading\"><span class=\"fl-list-item-heading-icon fl-list-item-heading-left\"><span class=\"fl-list-item-icon\"><\/span><\/span> <span class=\"fl-list-item-heading-text\">Desplazamiento: 3,56 toneladas <\/span><\/span>\t\t<\/div>\n\t<\/li>\n\t<\/ul>\t<\/div>\n<\/div>\n<\/div>\n<\/div>\n\t\t\t<div class=\"fl-col fl-node-dmij3zybqlrc fl-col-bg-color fl-col-small\" data-node=\"dmij3zybqlrc\">\n\t<div class=\"fl-col-content fl-node-content\"><div class=\"fl-module fl-module-list fl-node-2cvoq3m18gbe so-list\" data-node=\"2cvoq3m18gbe\">\n\t<div class=\"fl-module-content fl-node-content\">\n\t\t<ul class=\"fl-list fl-list-unordered\">\t<li class=\"fl-list-item fl-list-item-0\">\n\t\t<div class=\"fl-list-item-wrapper\">\n\t\t\t<span class=\"fl-list-item-heading\"><span class=\"fl-list-item-heading-icon fl-list-item-heading-left\"><span class=\"fl-list-item-icon\"><\/span><\/span> <span class=\"fl-list-item-heading-text\">HP m\u00e1ximo: recomendado 600 hp <\/span><\/span>\t\t<\/div>\n\t<\/li>\n\t\t<li class=\"fl-list-item fl-list-item-1\">\n\t\t<div class=\"fl-list-item-wrapper\">\n\t\t\t<span class=\"fl-list-item-heading\"><span class=\"fl-list-item-heading-icon fl-list-item-heading-left\"><span class=\"fl-list-item-icon\"><\/span><\/span> <span class=\"fl-list-item-heading-text\">Capacidad del tanque de combustible: 300 gal EE.UU. (1136 l) <\/span><\/span>\t\t<\/div>\n\t<\/li>\n\t\t<li class=\"fl-list-item fl-list-item-2\">\n\t\t<div class=\"fl-list-item-wrapper\">\n\t\t\t<span class=\"fl-list-item-heading\"><span class=\"fl-list-item-heading-icon fl-list-item-heading-left\"><span class=\"fl-list-item-icon\"><\/span><\/span> <span class=\"fl-list-item-heading-text\">Capacidad del tanque de agua: 40 gal EE.UU. (151 l) <\/span><\/span>\t\t<\/div>\n\t<\/li>\n\t\t<li class=\"fl-list-item fl-list-item-3\">\n\t\t<div class=\"fl-list-item-wrapper\">\n\t\t\t<span class=\"fl-list-item-heading\"><span class=\"fl-list-item-heading-icon fl-list-item-heading-left\"><span class=\"fl-list-item-icon\"><\/span><\/span> <span class=\"fl-list-item-heading-text\">M\u00e1ximo no. de Personas a bordo: 12 personas<\/span><\/span>\t\t<\/div>\n\t<\/li>\n\t<\/ul>\t<\/div>\n<\/div>\n<\/div>\n<\/div>\n\t<\/div>\n\t\t<\/div>\n\t<\/div>\n<\/div>\n<\/div><div class=\"uabb-js-breakpoint\" style=\"display: none;\"><\/div>\t\t\t\t\n\t\t\t\t\t<!-- \/content -->\n\t<!-- \/tabs -->\n\t\t\t\t<img decoding=\"async\" src=\"http:\/\/www.smartown.ae\/wp-content\/uploads\/2023\/07\/Silvercraft-36CC.jpg\" alt=\"Silvercraft 36CC\" itemprop=\"image\" title=\"Silvercraft 36CC\" onerror=\"this.style.display='none'\" loading=\"lazy\" \/>\n<h2>\n\t\t\tV\u00eddeo\t<\/h2>\n\t\t\t\t\t<img decoding=\"async\" src=\"https:\/\/www.smartown.ae\/wp-content\/uploads\/2023\/07\/SILVER-CRAFT-36CC-2-1.jpg\" alt=\"\">\n\t\t<h2>\n\t\t\tCat\u00e1logo\t<\/h2>\n\t<p>Para obtener m\u00e1s informaci\u00f3n, descargue el cat\u00e1logo.<\/p>\n\t\t\t<a href=\"\/wp-content\/uploads\/2023\/09\/Silver-Craft-36CC_ES.pdf\" target=\"_blank\" rel=\"noopener\">\n\t\t\t\t\t\t\tDescargar cat\u00e1logo\n\t\t\t<\/a>\n<h2>\n\t\t\tPrecios\t<\/h2>\n\t<p>Le ayudamos a encontrar el barco de pasajeros o embarcaci\u00f3n especial ideal.<\/p>\n\t\t\t<a href=\"\/es\/contacta-con-smartown\/\" target=\"_blank\" rel=\"noopener\">\n\t\t\t\t\t\t\tCont\u00e1ctenos\n\t\t\t<\/a>\n\t\t\t\t<img decoding=\"async\" src=\"Cont\u00e1ctenos\" alt=\"H\u00c1BLANOS\" itemprop=\"image\" height=\"162\" width=\"161\" title=\"H\u00c1BLANOS\" onerror=\"this.style.display='none'\" loading=\"lazy\" \/>\n<h3>\n\t\t\tBarcos de pesca similares\t<\/h3>\n\t<a href=\"\/es\/silver-craft-36-ht\/\" target=\"_self\"  aria-label=\"Ir a \/silver-craft-36-ht\/\"><\/a>\n\t\t\t\t<img decoding=\"async\" src=\"https:\/\/www.smartown.ae\/wp-content\/uploads\/2023\/07\/SILVER-CRAFT-36HT-1.jpg\" alt=\"ARTESAN\u00cdA DE PLATA 36HT (1)\" title=\"ARTESAN\u00cdA DE PLATA 36HT (1)\" itemprop=\"image\"\/>\n\t\t<h4>SilverCraft 36HT<\/h4>\t\t\t\n\t<a href=\"\/es\/silvercat-34cc\/\" target=\"_self\"  aria-label=\"Ir a \/silvercat-34cc\/\"><\/a>\n\t\t\t\t<img decoding=\"async\" src=\"https:\/\/www.smartown.ae\/wp-content\/uploads\/2023\/07\/SILVERCAT-34CC-1-scaled.jpg\" alt=\"SILVERCAT 34CC (1)\" title=\"SILVERCAT 34CC (1)\" itemprop=\"image\"\/>\n\t\t<h4>SilverCat 34CC<\/h4>\t\t\t\n\t<a href=\"\/es\/silvercat-34ht\/\" target=\"_self\"  aria-label=\"Ir a \/silvercat-34ht\/\"><\/a>\n\t\t\t\t<img decoding=\"async\" src=\"https:\/\/www.smartown.ae\/wp-content\/uploads\/2023\/07\/SILVERCAT-34HT-1.jpg\" alt=\"SILVERCAT 34HT (1)\" title=\"SILVERCAT 34HT (1)\" itemprop=\"image\"\/>\n\t\t<h4>SilverCat 34HT<\/h4>","protected":false},"excerpt":{"rendered":"<p>Silver Craft 36CC A Sturdy Central Console For A Multifunctional Boat\u200b This highly versatile boat can be enjoyed by the whole family. It is a tough all-round cuddy cabin boat that can accommodate up to 14 people in a large seating area. Its general layout is designed to suit both leisure and sporting activities and [&hellip;]<\/p>\n","protected":false},"author":2,"featured_media":0,"parent":0,"menu_order":0,"comment_status":"closed","ping_status":"closed","template":"","meta":{"site-sidebar-layout":"no-sidebar","site-content-layout":"page-builder","ast-site-content-layout":"full-width-container","site-content-style":"unboxed","site-sidebar-style":"unboxed","ast-global-header-display":"","ast-banner-title-visibility":"","ast-main-header-display":"","ast-hfb-above-header-display":"","ast-hfb-below-header-display":"","ast-hfb-mobile-header-display":"","site-post-title":"disabled","ast-breadcrumbs-content":"disabled","ast-featured-img":"disabled","footer-sml-layout":"","ast-disable-related-posts":"","theme-transparent-header-meta":"default","adv-header-id-meta":"","stick-header-meta":"","header-above-stick-meta":"","header-main-stick-meta":"","header-below-stick-meta":"","astra-migrate-meta-layouts":"set","ast-page-background-enabled":"default","ast-page-background-meta":{"desktop":{"background-color":"var(--ast-global-color-4)","background-image":"","background-repeat":"repeat","background-position":"center center","background-size":"auto","background-attachment":"scroll","background-type":"","background-media":"","overlay-type":"","overlay-color":"","overlay-opacity":"","overlay-gradient":""},"tablet":{"background-color":"","background-image":"","background-repeat":"repeat","background-position":"center center","background-size":"auto","background-attachment":"scroll","background-type":"","background-media":"","overlay-type":"","overlay-color":"","overlay-opacity":"","overlay-gradient":""},"mobile":{"background-color":"","background-image":"","background-repeat":"repeat","background-position":"center center","background-size":"auto","background-attachment":"scroll","background-type":"","background-media":"","overlay-type":"","overlay-color":"","overlay-opacity":"","overlay-gradient":""}},"ast-content-background-meta":{"desktop":{"background-color":"var(--ast-global-color-5)","background-image":"","background-repeat":"repeat","background-position":"center center","background-size":"auto","background-attachment":"scroll","background-type":"","background-media":"","overlay-type":"","overlay-color":"","overlay-opacity":"","overlay-gradient":""},"tablet":{"background-color":"var(--ast-global-color-5)","background-image":"","background-repeat":"repeat","background-position":"center center","background-size":"auto","background-attachment":"scroll","background-type":"","background-media":"","overlay-type":"","overlay-color":"","overlay-opacity":"","overlay-gradient":""},"mobile":{"background-color":"var(--ast-global-color-5)","background-image":"","background-repeat":"repeat","background-position":"center center","background-size":"auto","background-attachment":"scroll","background-type":"","background-media":"","overlay-type":"","overlay-color":"","overlay-opacity":"","overlay-gradient":""}},"footnotes":""},"class_list":["post-14531","page","type-page","status-publish","hentry"],"_links":{"self":[{"href":"https:\/\/www.smartown.ae\/es\/wp-json\/wp\/v2\/pages\/14531","targetHints":{"allow":["GET"]}}],"collection":[{"href":"https:\/\/www.smartown.ae\/es\/wp-json\/wp\/v2\/pages"}],"about":[{"href":"https:\/\/www.smartown.ae\/es\/wp-json\/wp\/v2\/types\/page"}],"author":[{"embeddable":true,"href":"https:\/\/www.smartown.ae\/es\/wp-json\/wp\/v2\/users\/2"}],"replies":[{"embeddable":true,"href":"https:\/\/www.smartown.ae\/es\/wp-json\/wp\/v2\/comments?post=14531"}],"version-history":[{"count":0,"href":"https:\/\/www.smartown.ae\/es\/wp-json\/wp\/v2\/pages\/14531\/revisions"}],"wp:attachment":[{"href":"https:\/\/www.smartown.ae\/es\/wp-json\/wp\/v2\/media?parent=14531"}],"curies":[{"name":"Gracias","href":"https:\/\/api.w.org\/{rel}","templated":true}]}}