{"id":14493,"date":"2023-07-14T12:32:08","date_gmt":"2023-07-14T08:32:08","guid":{"rendered":"https:\/\/www.smartown.ae\/?page_id=14493"},"modified":"2025-11-06T19:08:12","modified_gmt":"2025-11-06T15:08:12","slug":"silver-craft-36-ht","status":"publish","type":"page","link":"https:\/\/www.smartown.ae\/es\/silver-craft-36-ht\/","title":{"rendered":"Silver Craft 36 HT"},"content":{"rendered":"<h1>\n\t\t\tSilverCraft 36HT\t<\/h1>\n\t\t\t\t<img decoding=\"async\" src=\"https:\/\/www.smartown.ae\/wp-content\/uploads\/2022\/04\/smartown_wave_icon_white.png\" alt=\"smartown_wave_icon_blanco\" title=\"smartown_wave_icon_blanco\" itemprop=\"image\"\/>\n\t\t<h2>Una obra de arte sobre el agua<\/h2>\t\t\t\n\t<p>\u00c9l <strong data-start=\"312\" data-end=\"333\">SilverCraft 36HT<\/strong> Es un potente barco de pesca con techo r\u00edgido que combina un estilo moderno con un rendimiento y una confiabilidad excepcionales.<\/p>\n<p>&nbsp;<\/p>\n<p>Dise\u00f1ada para aventuras en alta mar y en la costa, esta vers\u00e1til embarcaci\u00f3n ofrece protecci\u00f3n contra los elementos, vistas panor\u00e1micas al mar y un dise\u00f1o espacioso y ergon\u00f3mico.<\/p>\n<p>&nbsp;<\/p>\n<p>Ya sea que sea un pescador apasionado o una familia que busca d\u00edas memorables en el agua, el Silver Craft 36HT ofrece una experiencia segura, c\u00f3moda y agradable.<\/p>\n<p>&nbsp;<\/p>\n<p>Construido con una construcci\u00f3n avanzada de GRP y con caracter\u00edsticas <strong>Amplio espacio en la terraza, almacenamiento seguro y acabados de primera calidad.<\/strong>Esta robusta embarcaci\u00f3n se destaca como una excelente opci\u00f3n para quienes exigen calidad, seguridad y estilo en su embarcaci\u00f3n de pesca y ocio.<\/p>\n\t\t\t<a href=\"\/wp-content\/uploads\/2023\/09\/Silver-Craft-36HT_ES.pdf\" target=\"_blank\" rel=\"noopener\">\n\t\t\t\t\t\t\tDescargar cat\u00e1logo\n\t\t\t<\/a>\n\t\t<nav>\n\t\t\t<ul>\n\t\t\t\t\t\t\t\t<li data-index=\"0\" tabindex=\"0\">\n\t\t\t\t\t<h5>\n\t\t\t\t\t\t<a href=\"javascript:void(0);\" tabindex=\"-1\">Especificaciones\n\t\t\t\t\t\t\t\t\t\t\t\t<\/a>\n\t\t\t\t\t<\/h5>\n\t\t\t\t<\/li>\n\t\t\t\t\t\t\t<\/ul>\n\t\t<\/nav>\n\t\t\t\t\t<div class=\"fl-builder-content fl-builder-content-14505 fl-builder-template fl-builder-layout-template fl-builder-global-templates-locked\" data-post-id=\"14505\"><div class=\"fl-row fl-row-full-width fl-row-bg-none fl-node-asciwrno3bug fl-row-default-height fl-row-align-center\" data-node=\"asciwrno3bug\">\n\t<div class=\"fl-row-content-wrap\">\n\t\t<div class=\"uabb-row-separator uabb-top-row-separator\" >\n<\/div>\n\t\t\t\t\t\t<div class=\"fl-row-content fl-row-full-width fl-node-content\">\n\t\t\n<div class=\"fl-col-group fl-node-5onsgk8ctezj\" data-node=\"5onsgk8ctezj\">\n\t\t\t<div class=\"fl-col fl-node-er7jcf68m5z3 fl-col-bg-color fl-col-small\" data-node=\"er7jcf68m5z3\">\n\t<div class=\"fl-col-content fl-node-content\"><div class=\"fl-module fl-module-list fl-node-ovba6mzj1f3n so-list\" data-node=\"ovba6mzj1f3n\">\n\t<div class=\"fl-module-content fl-node-content\">\n\t\t<ul class=\"fl-list fl-list-unordered\">\t<li class=\"fl-list-item fl-list-item-0\">\n\t\t<div class=\"fl-list-item-wrapper\">\n\t\t\t<span class=\"fl-list-item-heading\"><span class=\"fl-list-item-heading-icon fl-list-item-heading-left\"><span class=\"fl-list-item-icon\"><\/span><\/span> <span class=\"fl-list-item-heading-text\">Longitud total: &quot;sin motores&quot; 35 pies 9 pulgadas (10,90 m) <\/span><\/span>\t\t<\/div>\n\t<\/li>\n\t\t<li class=\"fl-list-item fl-list-item-1\">\n\t\t<div class=\"fl-list-item-wrapper\">\n\t\t\t<span class=\"fl-list-item-heading\"><span class=\"fl-list-item-heading-icon fl-list-item-heading-left\"><span class=\"fl-list-item-icon\"><\/span><\/span> <span class=\"fl-list-item-heading-text\">Manga: 10 pies 10 pulgadas (3,30 m) <\/span><\/span>\t\t<\/div>\n\t<\/li>\n\t\t<li class=\"fl-list-item fl-list-item-2\">\n\t\t<div class=\"fl-list-item-wrapper\">\n\t\t\t<span class=\"fl-list-item-heading\"><span class=\"fl-list-item-heading-icon fl-list-item-heading-left\"><span class=\"fl-list-item-icon\"><\/span><\/span> <span class=\"fl-list-item-heading-text\">Calado: 2 pies (0,60 m) <\/span><\/span>\t\t<\/div>\n\t<\/li>\n\t\t<li class=\"fl-list-item fl-list-item-3\">\n\t\t<div class=\"fl-list-item-wrapper\">\n\t\t\t<span class=\"fl-list-item-heading\"><span class=\"fl-list-item-heading-icon fl-list-item-heading-left\"><span class=\"fl-list-item-icon\"><\/span><\/span> <span class=\"fl-list-item-heading-text\">Material del casco: PRFV <\/span><\/span>\t\t<\/div>\n\t<\/li>\n\t\t<li class=\"fl-list-item fl-list-item-4\">\n\t\t<div class=\"fl-list-item-wrapper\">\n\t\t\t<span class=\"fl-list-item-heading\"><span class=\"fl-list-item-heading-icon fl-list-item-heading-left\"><span class=\"fl-list-item-icon\"><\/span><\/span> <span class=\"fl-list-item-heading-text\">Desplazamiento: 4,5 toneladas <\/span><\/span>\t\t<\/div>\n\t<\/li>\n\t<\/ul>\t<\/div>\n<\/div>\n<\/div>\n<\/div>\n\t\t\t<div class=\"fl-col fl-node-msct2l4wjkd1 fl-col-bg-color fl-col-small\" data-node=\"msct2l4wjkd1\">\n\t<div class=\"fl-col-content fl-node-content\"><div class=\"fl-module fl-module-list fl-node-kp37io98mqf6 so-list\" data-node=\"kp37io98mqf6\">\n\t<div class=\"fl-module-content fl-node-content\">\n\t\t<ul class=\"fl-list fl-list-unordered\">\t<li class=\"fl-list-item fl-list-item-0\">\n\t\t<div class=\"fl-list-item-wrapper\">\n\t\t\t<span class=\"fl-list-item-heading\"><span class=\"fl-list-item-heading-icon fl-list-item-heading-left\"><span class=\"fl-list-item-icon\"><\/span><\/span> <span class=\"fl-list-item-heading-text\">HP m\u00e1ximo: recomendado 700 hp <\/span><\/span>\t\t<\/div>\n\t<\/li>\n\t\t<li class=\"fl-list-item fl-list-item-1\">\n\t\t<div class=\"fl-list-item-wrapper\">\n\t\t\t<span class=\"fl-list-item-heading\"><span class=\"fl-list-item-heading-icon fl-list-item-heading-left\"><span class=\"fl-list-item-icon\"><\/span><\/span> <span class=\"fl-list-item-heading-text\">Capacidad del tanque de combustible: 250 gal EE.UU. (946 l) <\/span><\/span>\t\t<\/div>\n\t<\/li>\n\t\t<li class=\"fl-list-item fl-list-item-2\">\n\t\t<div class=\"fl-list-item-wrapper\">\n\t\t\t<span class=\"fl-list-item-heading\"><span class=\"fl-list-item-heading-icon fl-list-item-heading-left\"><span class=\"fl-list-item-icon\"><\/span><\/span> <span class=\"fl-list-item-heading-text\">Capacidad del tanque de agua: 50 gal EE.UU. (184 l) <\/span><\/span>\t\t<\/div>\n\t<\/li>\n\t\t<li class=\"fl-list-item fl-list-item-3\">\n\t\t<div class=\"fl-list-item-wrapper\">\n\t\t\t<span class=\"fl-list-item-heading\"><span class=\"fl-list-item-heading-icon fl-list-item-heading-left\"><span class=\"fl-list-item-icon\"><\/span><\/span> <span class=\"fl-list-item-heading-text\">M\u00e1ximo no. de Personas a bordo: 10 personas 14 personas (opcional)<\/span><\/span>\t\t<\/div>\n\t<\/li>\n\t<\/ul>\t<\/div>\n<\/div>\n<\/div>\n<\/div>\n\t<\/div>\n\t\t<\/div>\n\t<\/div>\n<\/div>\n<\/div><div class=\"uabb-js-breakpoint\" style=\"display: none;\"><\/div>\t\t\t\t\n\t\t\t\t\t<!-- \/content -->\n\t<!-- \/tabs -->\n\t\t\t\t<img decoding=\"async\" src=\"http:\/\/www.smartown.ae\/wp-content\/uploads\/2023\/07\/Silvercraft-36HT.png\" alt=\"Silvercraft 36HT\" itemprop=\"image\" title=\"Silvercraft 36HT\" onerror=\"this.style.display='none'\" loading=\"lazy\" \/>\n<h2>\n\t\t\tV\u00eddeo\t<\/h2>\n\t\t\t\t\t<img decoding=\"async\" src=\"https:\/\/i.ytimg.com\/vi\/qDzo9oKg4Vw\/maxresdefault.jpg\" alt=\"miniatura-de-v\u00eddeo-de-youtube\"\/>\n\t\t<h2>\n\t\t\tCat\u00e1logo\t<\/h2>\n\t<p>Para obtener m\u00e1s informaci\u00f3n, descargue el cat\u00e1logo.<\/p>\n\t\t\t<a href=\"\/wp-content\/uploads\/2023\/09\/Silver-Craft-36HT_ES.pdf\" target=\"_blank\" rel=\"noopener\">\n\t\t\t\t\t\t\tDescargar cat\u00e1logo\n\t\t\t<\/a>\n<h2>\n\t\t\tPrecios\t<\/h2>\n\t<p>Le ayudamos a encontrar el barco de pasajeros o embarcaci\u00f3n especial ideal.<\/p>\n\t\t\t<a href=\"\/es\/contacta-con-smartown\/\" target=\"_blank\" rel=\"noopener\">\n\t\t\t\t\t\t\tCont\u00e1ctenos\n\t\t\t<\/a>\n\t\t\t\t<img decoding=\"async\" src=\"Cont\u00e1ctenos\" alt=\"H\u00c1BLANOS\" itemprop=\"image\" height=\"162\" width=\"161\" title=\"H\u00c1BLANOS\" onerror=\"this.style.display='none'\" loading=\"lazy\" \/>\n<h3>\n\t\t\tBarcos de pesca similares\t<\/h3>\n\t<a href=\"\/es\/silvercat-36-cc\/\" target=\"_self\"  aria-label=\"Ir a \/silver-craft-36-cc\/\"><\/a>\n\t\t\t\t<img decoding=\"async\" src=\"https:\/\/www.smartown.ae\/wp-content\/uploads\/2023\/07\/SILVER-CRAFT-36CC-1.jpg\" alt=\"ARTESAN\u00cdA DE PLATA 36CC (1)\" title=\"ARTESAN\u00cdA DE PLATA 36CC (1)\" itemprop=\"image\"\/>\n\t\t<h4>SilverCraft 36CC<\/h4>\t\t\t\n\t<a href=\"\/es\/silvercat-34ht\/\" target=\"_self\"  aria-label=\"Ir a \/silvercat-34ht\/\"><\/a>\n\t\t\t\t<img decoding=\"async\" src=\"https:\/\/www.smartown.ae\/wp-content\/uploads\/2023\/07\/SILVERCAT-34HT-1.jpg\" alt=\"SILVERCAT 34HT (1)\" title=\"SILVERCAT 34HT (1)\" itemprop=\"image\"\/>\n\t\t<h4>SilverCat 34HT<\/h4>\t\t\t\n\t<a href=\"\/es\/silvercat-34cc\/\" target=\"_self\"  aria-label=\"Ir a \/silvercat-34cc\/\"><\/a>\n\t\t\t\t<img decoding=\"async\" src=\"https:\/\/www.smartown.ae\/wp-content\/uploads\/2023\/07\/SILVERCAT-34CC-1-scaled.jpg\" alt=\"SILVERCAT 34CC (1)\" title=\"SILVERCAT 34CC (1)\" itemprop=\"image\"\/>\n\t\t<h4>SilverCat 34CC<\/h4>","protected":false},"excerpt":{"rendered":"<p>Silver Craft 36HT A Piece Of Art On Water The Silver Craft 36HT is a powerful hard-top fishing boat that combines modern styling with exceptional performance and reliability. &nbsp; Designed for offshore and coastal adventures, this versatile vessel offers protection from the elements, panoramic sea views, and a spacious, ergonomic layout. &nbsp; Whether you&#8217;re a [&hellip;]<\/p>\n","protected":false},"author":2,"featured_media":0,"parent":0,"menu_order":0,"comment_status":"closed","ping_status":"closed","template":"","meta":{"site-sidebar-layout":"no-sidebar","site-content-layout":"page-builder","ast-site-content-layout":"full-width-container","site-content-style":"unboxed","site-sidebar-style":"unboxed","ast-global-header-display":"","ast-banner-title-visibility":"","ast-main-header-display":"","ast-hfb-above-header-display":"","ast-hfb-below-header-display":"","ast-hfb-mobile-header-display":"","site-post-title":"disabled","ast-breadcrumbs-content":"disabled","ast-featured-img":"disabled","footer-sml-layout":"","ast-disable-related-posts":"","theme-transparent-header-meta":"default","adv-header-id-meta":"","stick-header-meta":"","header-above-stick-meta":"","header-main-stick-meta":"","header-below-stick-meta":"","astra-migrate-meta-layouts":"set","ast-page-background-enabled":"default","ast-page-background-meta":{"desktop":{"background-color":"var(--ast-global-color-4)","background-image":"","background-repeat":"repeat","background-position":"center center","background-size":"auto","background-attachment":"scroll","background-type":"","background-media":"","overlay-type":"","overlay-color":"","overlay-opacity":"","overlay-gradient":""},"tablet":{"background-color":"","background-image":"","background-repeat":"repeat","background-position":"center center","background-size":"auto","background-attachment":"scroll","background-type":"","background-media":"","overlay-type":"","overlay-color":"","overlay-opacity":"","overlay-gradient":""},"mobile":{"background-color":"","background-image":"","background-repeat":"repeat","background-position":"center center","background-size":"auto","background-attachment":"scroll","background-type":"","background-media":"","overlay-type":"","overlay-color":"","overlay-opacity":"","overlay-gradient":""}},"ast-content-background-meta":{"desktop":{"background-color":"var(--ast-global-color-5)","background-image":"","background-repeat":"repeat","background-position":"center center","background-size":"auto","background-attachment":"scroll","background-type":"","background-media":"","overlay-type":"","overlay-color":"","overlay-opacity":"","overlay-gradient":""},"tablet":{"background-color":"var(--ast-global-color-5)","background-image":"","background-repeat":"repeat","background-position":"center center","background-size":"auto","background-attachment":"scroll","background-type":"","background-media":"","overlay-type":"","overlay-color":"","overlay-opacity":"","overlay-gradient":""},"mobile":{"background-color":"var(--ast-global-color-5)","background-image":"","background-repeat":"repeat","background-position":"center center","background-size":"auto","background-attachment":"scroll","background-type":"","background-media":"","overlay-type":"","overlay-color":"","overlay-opacity":"","overlay-gradient":""}},"footnotes":""},"class_list":["post-14493","page","type-page","status-publish","hentry"],"_links":{"self":[{"href":"https:\/\/www.smartown.ae\/es\/wp-json\/wp\/v2\/pages\/14493","targetHints":{"allow":["GET"]}}],"collection":[{"href":"https:\/\/www.smartown.ae\/es\/wp-json\/wp\/v2\/pages"}],"about":[{"href":"https:\/\/www.smartown.ae\/es\/wp-json\/wp\/v2\/types\/page"}],"author":[{"embeddable":true,"href":"https:\/\/www.smartown.ae\/es\/wp-json\/wp\/v2\/users\/2"}],"replies":[{"embeddable":true,"href":"https:\/\/www.smartown.ae\/es\/wp-json\/wp\/v2\/comments?post=14493"}],"version-history":[{"count":0,"href":"https:\/\/www.smartown.ae\/es\/wp-json\/wp\/v2\/pages\/14493\/revisions"}],"wp:attachment":[{"href":"https:\/\/www.smartown.ae\/es\/wp-json\/wp\/v2\/media?parent=14493"}],"curies":[{"name":"Gracias","href":"https:\/\/api.w.org\/{rel}","templated":true}]}}